{"id":3435,"date":"2021-02-05T11:35:33","date_gmt":"2021-02-05T10:35:33","guid":{"rendered":"https:\/\/stagpartynight.com\/fr\/?post_type=product&#038;p=1984"},"modified":"2024-01-18T12:33:17","modified_gmt":"2024-01-18T11:33:17","slug":"alojamiento-mallorca","status":"publish","type":"product","link":"https:\/\/stagpartynight.com\/es\/product\/alojamiento-mallorca\/","title":{"rendered":"Alojamiento Mallorca"},"content":{"rendered":"<div>Alojamiento Mallorca. Descubre la oferta de pisos y hoteles tur\u00edsticos en Mallorca. Nos adaptamos a sus necesidades. Los precios var\u00edan seg\u00fan la \u00e9poca del a\u00f1o.<\/div>\n<div><\/div>\n<div>\u00a1Las mejores despedidas de soltero con <a href=\"https:\/\/stagpartynight.com\/\">StagParty<\/a>!<\/div>\n<div><\/div>\n<h2 style=\"text-align: center;\">Alojamiento Mallorca\ud83c\udf34<\/h2>\n<div><\/div>\n<h4>\ud83c\udf1f \u00a1Descubre el para\u00edso en Mallorca con nuestros alojamientos excepcionales!<\/h4>\n<div><\/div>\n<div>Buscas la estancia perfecta en Palma de Mallorca o Magaluf? \u00a1No busques m\u00e1s! Nuestra agencia te ofrece una excepcional selecci\u00f3n de pisos tur\u00edsticos y hoteles, todos con una categor\u00eda m\u00ednima de tres estrellas.<\/div>\n<div><\/div>\n<div>\u2728 Para unas vacaciones inolvidables: Nuestros expertos trabajan sin descanso para ofrecerle opciones de alojamiento que cumplan todos sus requisitos. Tanto si busca tranquilidad en Palma como el bullicio de Magaluf, tenemos el lugar perfecto para ti. Nos adaptamos a todas tus necesidades y peticiones para hacer de tu estancia en MALLORCA algo inolvidable.<\/div>\n<div><\/div>\n<div>\ud83c\udfe8 Calidad Garantizada: Nos centramos en alojamientos de calidad, asegurando una estancia c\u00f3moda y agradable. Disfruta de un ambiente c\u00e1lido en establecimientos de renombre, todos ellos estrat\u00e9gicamente situados.<\/div>\n<div><\/div>\n<div>\ud83c\udf34 Conoces la Zona: Con un profundo conocimiento de la zona, personalizamos tu experiencia. Tanto si quieres tranquilidad, una animada vida nocturna o necesitas nuestros servicios exclusivos en tu alojamiento, \u00a1te tenemos cubierto!<\/div>\n<div><\/div>\n<div>Reserve ahora para vivir una experiencia inolvidable en Mallorca.<\/div>\n<div><\/div>\n<div>D\u00e9janos hacer de tus vacaciones algo m\u00e1gico.<\/div>\n<div><\/div>\n<div style=\"text-align: center;\">\ud83c\udf34Reserva Ahora Alojamiento <a href=\"https:\/\/es.wikipedia.org\/wiki\/Mallorca\">Mallorca<\/a>\ud83c\udf34<\/div>\n","protected":false},"excerpt":{"rendered":"<p>D\u00e9couvrez l&#8217;offre d&#8217;appartements et d&#8217;h\u00f4tels touristiques \u00e0 Majorque. Nous nous adaptons \u00e0 vos besoins. Le prix varie en fonction de la p\u00e9riode de l&#8217;ann\u00e9e.<\/p>\n","protected":false},"featured_media":3716,"comment_status":"open","ping_status":"closed","template":"","meta":{"_et_pb_use_builder":"","_et_pb_old_content":"","_et_gb_content_width":""},"product_brand":[],"product_cat":[342],"product_tag":[367,1321,1320],"class_list":{"0":"post-3435","1":"product","2":"type-product","3":"status-publish","4":"has-post-thumbnail","6":"product_cat-mallorca","7":"product_tag-alojamiento-mallorca","8":"product_tag-apartamento-mallorca","9":"product_tag-hotel-mallorca","11":"first","12":"instock","13":"virtual","14":"product-type-simple"},"yoast_head":"<!-- This site is optimized with the Yoast SEO plugin v26.4 - https:\/\/yoast.com\/wordpress\/plugins\/seo\/ -->\n<title>Alojamiento Mallorca<\/title>\n<meta name=\"description\" content=\"Alojamiento Mallorca. Descubre la oferta de pisos y hoteles tur\u00edsticos en Mallorca. Nos adaptamos a sus necesidades. Reserva con nuestra agencia.\" \/>\n<meta name=\"robots\" content=\"index, follow, max-snippet:-1, max-image-preview:large, max-video-preview:-1\" \/>\n<link rel=\"canonical\" href=\"https:\/\/stagpartynight.com\/es\/product\/alojamiento-mallorca\/\" \/>\n<meta property=\"og:locale\" content=\"es_ES\" \/>\n<meta property=\"og:type\" content=\"article\" \/>\n<meta property=\"og:title\" content=\"Alojamiento Mallorca\" \/>\n<meta property=\"og:description\" content=\"Alojamiento Mallorca. Descubre la oferta de pisos y hoteles tur\u00edsticos en Mallorca. Nos adaptamos a sus necesidades. Reserva con nuestra agencia.\" \/>\n<meta property=\"og:url\" content=\"https:\/\/stagpartynight.com\/es\/product\/alojamiento-mallorca\/\" \/>\n<meta property=\"og:site_name\" content=\"Despedida de Soltero\" \/>\n<meta property=\"article:modified_time\" content=\"2024-01-18T11:33:17+00:00\" \/>\n<meta property=\"og:image\" content=\"https:\/\/stagpartynight.com\/es\/wp-content\/uploads\/sites\/2\/2021\/02\/Alojamiento-Mallorca.jpg\" \/>\n\t<meta property=\"og:image:width\" content=\"1280\" \/>\n\t<meta property=\"og:image:height\" content=\"853\" \/>\n\t<meta property=\"og:image:type\" content=\"image\/jpeg\" \/>\n<meta name=\"twitter:card\" content=\"summary_large_image\" \/>\n<meta name=\"twitter:label1\" content=\"Tiempo de lectura\" \/>\n\t<meta name=\"twitter:data1\" content=\"2 minutos\" \/>\n<script type=\"application\/ld+json\" class=\"yoast-schema-graph\">{\"@context\":\"https:\/\/schema.org\",\"@graph\":[{\"@type\":\"WebPage\",\"@id\":\"https:\/\/stagpartynight.com\/es\/product\/alojamiento-mallorca\/\",\"url\":\"https:\/\/stagpartynight.com\/es\/product\/alojamiento-mallorca\/\",\"name\":\"Alojamiento Mallorca\",\"isPartOf\":{\"@id\":\"https:\/\/stagpartynight.com\/es\/#website\"},\"primaryImageOfPage\":{\"@id\":\"https:\/\/stagpartynight.com\/es\/product\/alojamiento-mallorca\/#primaryimage\"},\"image\":{\"@id\":\"https:\/\/stagpartynight.com\/es\/product\/alojamiento-mallorca\/#primaryimage\"},\"thumbnailUrl\":\"https:\/\/stagpartynight.com\/es\/wp-content\/uploads\/sites\/2\/2021\/02\/Alojamiento-Mallorca.jpg\",\"datePublished\":\"2021-02-05T10:35:33+00:00\",\"dateModified\":\"2024-01-18T11:33:17+00:00\",\"description\":\"Alojamiento Mallorca. Descubre la oferta de pisos y hoteles tur\u00edsticos en Mallorca. Nos adaptamos a sus necesidades. Reserva con nuestra agencia.\",\"breadcrumb\":{\"@id\":\"https:\/\/stagpartynight.com\/es\/product\/alojamiento-mallorca\/#breadcrumb\"},\"inLanguage\":\"es\",\"potentialAction\":[{\"@type\":\"ReadAction\",\"target\":[\"https:\/\/stagpartynight.com\/es\/product\/alojamiento-mallorca\/\"]}]},{\"@type\":\"ImageObject\",\"inLanguage\":\"es\",\"@id\":\"https:\/\/stagpartynight.com\/es\/product\/alojamiento-mallorca\/#primaryimage\",\"url\":\"https:\/\/stagpartynight.com\/es\/wp-content\/uploads\/sites\/2\/2021\/02\/Alojamiento-Mallorca.jpg\",\"contentUrl\":\"https:\/\/stagpartynight.com\/es\/wp-content\/uploads\/sites\/2\/2021\/02\/Alojamiento-Mallorca.jpg\",\"width\":1280,\"height\":853,\"caption\":\"Alojamiento Mallorca\"},{\"@type\":\"BreadcrumbList\",\"@id\":\"https:\/\/stagpartynight.com\/es\/product\/alojamiento-mallorca\/#breadcrumb\",\"itemListElement\":[{\"@type\":\"ListItem\",\"position\":1,\"name\":\"Home\",\"item\":\"https:\/\/stagpartynight.com\/es\/\"},{\"@type\":\"ListItem\",\"position\":2,\"name\":\"Tienda\",\"item\":\"https:\/\/stagpartynight.com\/es\/tienda\/\"},{\"@type\":\"ListItem\",\"position\":3,\"name\":\"Alojamiento Mallorca\"}]},{\"@type\":\"WebSite\",\"@id\":\"https:\/\/stagpartynight.com\/es\/#website\",\"url\":\"https:\/\/stagpartynight.com\/es\/\",\"name\":\"Stag Party Night\",\"description\":\"Your Stag Party Customized\",\"publisher\":{\"@id\":\"https:\/\/stagpartynight.com\/es\/#organization\"},\"potentialAction\":[{\"@type\":\"SearchAction\",\"target\":{\"@type\":\"EntryPoint\",\"urlTemplate\":\"https:\/\/stagpartynight.com\/es\/?s={search_term_string}\"},\"query-input\":{\"@type\":\"PropertyValueSpecification\",\"valueRequired\":true,\"valueName\":\"search_term_string\"}}],\"inLanguage\":\"es\"},{\"@type\":\"Organization\",\"@id\":\"https:\/\/stagpartynight.com\/es\/#organization\",\"name\":\"Stag Party Night\",\"url\":\"https:\/\/stagpartynight.com\/es\/\",\"logo\":{\"@type\":\"ImageObject\",\"inLanguage\":\"es\",\"@id\":\"https:\/\/stagpartynight.com\/es\/#\/schema\/logo\/image\/\",\"url\":\"https:\/\/stagpartynight.com\/es\/wp-content\/uploads\/sites\/2\/2019\/12\/stagpartynight-e1578565505687.png\",\"contentUrl\":\"https:\/\/stagpartynight.com\/es\/wp-content\/uploads\/sites\/2\/2019\/12\/stagpartynight-e1578565505687.png\",\"width\":400,\"height\":400,\"caption\":\"Stag Party Night\"},\"image\":{\"@id\":\"https:\/\/stagpartynight.com\/es\/#\/schema\/logo\/image\/\"}}]}<\/script>\n<!-- \/ Yoast SEO plugin. -->","yoast_head_json":{"title":"Alojamiento Mallorca","description":"Alojamiento Mallorca. Descubre la oferta de pisos y hoteles tur\u00edsticos en Mallorca. Nos adaptamos a sus necesidades. Reserva con nuestra agencia.","robots":{"index":"index","follow":"follow","max-snippet":"max-snippet:-1","max-image-preview":"max-image-preview:large","max-video-preview":"max-video-preview:-1"},"canonical":"https:\/\/stagpartynight.com\/es\/product\/alojamiento-mallorca\/","og_locale":"es_ES","og_type":"article","og_title":"Alojamiento Mallorca","og_description":"Alojamiento Mallorca. Descubre la oferta de pisos y hoteles tur\u00edsticos en Mallorca. Nos adaptamos a sus necesidades. Reserva con nuestra agencia.","og_url":"https:\/\/stagpartynight.com\/es\/product\/alojamiento-mallorca\/","og_site_name":"Despedida de Soltero","article_modified_time":"2024-01-18T11:33:17+00:00","og_image":[{"width":1280,"height":853,"url":"https:\/\/stagpartynight.com\/es\/wp-content\/uploads\/sites\/2\/2021\/02\/Alojamiento-Mallorca.jpg","type":"image\/jpeg"}],"twitter_card":"summary_large_image","twitter_misc":{"Tiempo de lectura":"2 minutos"},"schema":{"@context":"https:\/\/schema.org","@graph":[{"@type":"WebPage","@id":"https:\/\/stagpartynight.com\/es\/product\/alojamiento-mallorca\/","url":"https:\/\/stagpartynight.com\/es\/product\/alojamiento-mallorca\/","name":"Alojamiento Mallorca","isPartOf":{"@id":"https:\/\/stagpartynight.com\/es\/#website"},"primaryImageOfPage":{"@id":"https:\/\/stagpartynight.com\/es\/product\/alojamiento-mallorca\/#primaryimage"},"image":{"@id":"https:\/\/stagpartynight.com\/es\/product\/alojamiento-mallorca\/#primaryimage"},"thumbnailUrl":"https:\/\/stagpartynight.com\/es\/wp-content\/uploads\/sites\/2\/2021\/02\/Alojamiento-Mallorca.jpg","datePublished":"2021-02-05T10:35:33+00:00","dateModified":"2024-01-18T11:33:17+00:00","description":"Alojamiento Mallorca. Descubre la oferta de pisos y hoteles tur\u00edsticos en Mallorca. Nos adaptamos a sus necesidades. Reserva con nuestra agencia.","breadcrumb":{"@id":"https:\/\/stagpartynight.com\/es\/product\/alojamiento-mallorca\/#breadcrumb"},"inLanguage":"es","potentialAction":[{"@type":"ReadAction","target":["https:\/\/stagpartynight.com\/es\/product\/alojamiento-mallorca\/"]}]},{"@type":"ImageObject","inLanguage":"es","@id":"https:\/\/stagpartynight.com\/es\/product\/alojamiento-mallorca\/#primaryimage","url":"https:\/\/stagpartynight.com\/es\/wp-content\/uploads\/sites\/2\/2021\/02\/Alojamiento-Mallorca.jpg","contentUrl":"https:\/\/stagpartynight.com\/es\/wp-content\/uploads\/sites\/2\/2021\/02\/Alojamiento-Mallorca.jpg","width":1280,"height":853,"caption":"Alojamiento Mallorca"},{"@type":"BreadcrumbList","@id":"https:\/\/stagpartynight.com\/es\/product\/alojamiento-mallorca\/#breadcrumb","itemListElement":[{"@type":"ListItem","position":1,"name":"Home","item":"https:\/\/stagpartynight.com\/es\/"},{"@type":"ListItem","position":2,"name":"Tienda","item":"https:\/\/stagpartynight.com\/es\/tienda\/"},{"@type":"ListItem","position":3,"name":"Alojamiento Mallorca"}]},{"@type":"WebSite","@id":"https:\/\/stagpartynight.com\/es\/#website","url":"https:\/\/stagpartynight.com\/es\/","name":"Stag Party Night","description":"Your Stag Party Customized","publisher":{"@id":"https:\/\/stagpartynight.com\/es\/#organization"},"potentialAction":[{"@type":"SearchAction","target":{"@type":"EntryPoint","urlTemplate":"https:\/\/stagpartynight.com\/es\/?s={search_term_string}"},"query-input":{"@type":"PropertyValueSpecification","valueRequired":true,"valueName":"search_term_string"}}],"inLanguage":"es"},{"@type":"Organization","@id":"https:\/\/stagpartynight.com\/es\/#organization","name":"Stag Party Night","url":"https:\/\/stagpartynight.com\/es\/","logo":{"@type":"ImageObject","inLanguage":"es","@id":"https:\/\/stagpartynight.com\/es\/#\/schema\/logo\/image\/","url":"https:\/\/stagpartynight.com\/es\/wp-content\/uploads\/sites\/2\/2019\/12\/stagpartynight-e1578565505687.png","contentUrl":"https:\/\/stagpartynight.com\/es\/wp-content\/uploads\/sites\/2\/2019\/12\/stagpartynight-e1578565505687.png","width":400,"height":400,"caption":"Stag Party Night"},"image":{"@id":"https:\/\/stagpartynight.com\/es\/#\/schema\/logo\/image\/"}}]}},"_links":{"self":[{"href":"https:\/\/stagpartynight.com\/es\/wp-json\/wp\/v2\/product\/3435","targetHints":{"allow":["GET"]}}],"collection":[{"href":"https:\/\/stagpartynight.com\/es\/wp-json\/wp\/v2\/product"}],"about":[{"href":"https:\/\/stagpartynight.com\/es\/wp-json\/wp\/v2\/types\/product"}],"replies":[{"embeddable":true,"href":"https:\/\/stagpartynight.com\/es\/wp-json\/wp\/v2\/comments?post=3435"}],"wp:featuredmedia":[{"embeddable":true,"href":"https:\/\/stagpartynight.com\/es\/wp-json\/wp\/v2\/media\/3716"}],"wp:attachment":[{"href":"https:\/\/stagpartynight.com\/es\/wp-json\/wp\/v2\/media?parent=3435"}],"wp:term":[{"taxonomy":"product_brand","embeddable":true,"href":"https:\/\/stagpartynight.com\/es\/wp-json\/wp\/v2\/product_brand?post=3435"},{"taxonomy":"product_cat","embeddable":true,"href":"https:\/\/stagpartynight.com\/es\/wp-json\/wp\/v2\/product_cat?post=3435"},{"taxonomy":"product_tag","embeddable":true,"href":"https:\/\/stagpartynight.com\/es\/wp-json\/wp\/v2\/product_tag?post=3435"}],"curies":[{"name":"wp","href":"https:\/\/api.w.org\/{rel}","templated":true}]}}