{"id":3436,"date":"2021-02-05T11:39:06","date_gmt":"2021-02-05T10:39:06","guid":{"rendered":"https:\/\/stagpartynight.com\/fr\/?post_type=product&#038;p=1985"},"modified":"2024-01-18T12:33:17","modified_gmt":"2024-01-18T11:33:17","slug":"limusina-en-mallorca","status":"publish","type":"product","link":"https:\/\/stagpartynight.com\/es\/product\/limusina-en-mallorca\/","title":{"rendered":"Limusina en Mallorca"},"content":{"rendered":"<div>Limusinas en Mallorca. Tour en limusina por la isla de Mallorca. Duraci\u00f3n 1 hora con 2 botellas de cava incluidas \u00ab12 personas m\u00e1ximo\u00bb.<\/div>\n<div><\/div>\n<div>\u00a1Las mejores despedidas de soltero con <a href=\"https:\/\/stagpartynight.com\/\">StagParty<\/a>!<\/div>\n<div><\/div>\n<h2 style=\"text-align: center;\">Limusinas en Mallorca \ud83c\udf1f<\/h2>\n<h4>\ud83c\udf34 \u00a1Experiencia VIP en Mallorca en Limusina!c\ud83d\udca8<\/h4>\n<div>\u2728 \u00a1Vive el m\u00e1ximo lujo con nuestra exclusiva oferta de limusina en Palma de Mallorca o Magaluf! Una hora de puro glamour, dos botellas de cava incluidas para una experiencia inolvidable.<\/div>\n<div><\/div>\n<div>\ud83d\udc68\u200d\u2708\ufe0f Su ch\u00f3fer profesional estar\u00e1 a su disposici\u00f3n, listo para llevarle donde desee. Elija su punto de partida y su destino final, y d\u00e9jese transportar con comodidad y estilo.<\/div>\n<div><\/div>\n<div>\ud83c\udff0 Conduce por las pintorescas calles de Palma o sum\u00e9rgete en el bullicio de Magaluf, mientras disfrutas del lujo y la elegancia de tu limusina privada.<\/div>\n<div><\/div>\n<div>\ud83c\udf7e Las dos botellas de cava a\u00f1aden un toque de sofisticaci\u00f3n a tu viaje, convirtiendo cada momento en una celebraci\u00f3n.<\/div>\n<div><\/div>\n<div>\ud83c\udf1f \u00a1Reserva ahora para vivir una experiencia VIP exclusiva!<\/div>\n<div><\/div>\n<div>\ud83c\udf89 Disfruta de una hora de puro placer y glamour a bordo de nuestra limusina de lujo por las joyas de <a href=\"https:\/\/es.wikipedia.org\/wiki\/Mallorca\">Mallorca<\/a>.<\/div>\n<div><\/div>\n<div>No esperes m\u00e1s y reg\u00e1late una aventura inolvidable al m\u00e1s puro estilo mallorqu\u00edn.<\/div>\n<div>\u00a1Reserve nuestras limusinas para disfrutar al m\u00e1ximo de la experiencia isle\u00f1a!<\/div>\n<div style=\"text-align: center;\">\u00a1Reserve ahora Limusinas en Mallorca!<\/div>\n","protected":false},"excerpt":{"rendered":"<p>Tour en limousine sur l&#8217;\u00eele de Majorque. Dur\u00e9e 1 heure avec 2 bouteilles de cava incluses \u00ab12 personnes maximum\u00bb.<\/p>\n","protected":false},"featured_media":3707,"comment_status":"open","ping_status":"closed","template":"","meta":{"_et_pb_use_builder":"","_et_pb_old_content":"","_et_gb_content_width":""},"product_brand":[],"product_cat":[342],"product_tag":[1316],"class_list":{"0":"post-3436","1":"product","2":"type-product","3":"status-publish","4":"has-post-thumbnail","6":"product_cat-mallorca","7":"product_tag-limusina-en-mallorca","9":"first","10":"instock","11":"virtual","12":"product-type-simple"},"yoast_head":"<!-- This site is optimized with the Yoast SEO plugin v26.4 - https:\/\/yoast.com\/wordpress\/plugins\/seo\/ -->\n<title>Limusina en Mallorca<\/title>\n<meta name=\"description\" content=\"Limusinas en Mallorca. Tour en limusina por la isla de Mallorca. Duraci\u00f3n 1 hora con 2 botellas de cava incluidas &quot;12 personas m\u00e1ximo&quot;.\" \/>\n<meta name=\"robots\" content=\"index, follow, max-snippet:-1, max-image-preview:large, max-video-preview:-1\" \/>\n<link rel=\"canonical\" href=\"https:\/\/stagpartynight.com\/es\/product\/limusina-en-mallorca\/\" \/>\n<meta property=\"og:locale\" content=\"es_ES\" \/>\n<meta property=\"og:type\" content=\"article\" \/>\n<meta property=\"og:title\" content=\"Limusina en Mallorca\" \/>\n<meta property=\"og:description\" content=\"Limusinas en Mallorca. Tour en limusina por la isla de Mallorca. Duraci\u00f3n 1 hora con 2 botellas de cava incluidas &quot;12 personas m\u00e1ximo&quot;.\" \/>\n<meta property=\"og:url\" content=\"https:\/\/stagpartynight.com\/es\/product\/limusina-en-mallorca\/\" \/>\n<meta property=\"og:site_name\" content=\"Despedida de Soltero\" \/>\n<meta property=\"article:modified_time\" content=\"2024-01-18T11:33:17+00:00\" \/>\n<meta property=\"og:image\" content=\"https:\/\/stagpartynight.com\/es\/wp-content\/uploads\/sites\/2\/2021\/02\/Limusina-en-Mallorca.jpg\" \/>\n\t<meta property=\"og:image:width\" content=\"1200\" \/>\n\t<meta property=\"og:image:height\" content=\"800\" \/>\n\t<meta property=\"og:image:type\" content=\"image\/jpeg\" \/>\n<meta name=\"twitter:card\" content=\"summary_large_image\" \/>\n<meta name=\"twitter:label1\" content=\"Tiempo de lectura\" \/>\n\t<meta name=\"twitter:data1\" content=\"2 minutos\" \/>\n<script type=\"application\/ld+json\" class=\"yoast-schema-graph\">{\"@context\":\"https:\/\/schema.org\",\"@graph\":[{\"@type\":\"WebPage\",\"@id\":\"https:\/\/stagpartynight.com\/es\/product\/limusina-en-mallorca\/\",\"url\":\"https:\/\/stagpartynight.com\/es\/product\/limusina-en-mallorca\/\",\"name\":\"Limusina en Mallorca\",\"isPartOf\":{\"@id\":\"https:\/\/stagpartynight.com\/es\/#website\"},\"primaryImageOfPage\":{\"@id\":\"https:\/\/stagpartynight.com\/es\/product\/limusina-en-mallorca\/#primaryimage\"},\"image\":{\"@id\":\"https:\/\/stagpartynight.com\/es\/product\/limusina-en-mallorca\/#primaryimage\"},\"thumbnailUrl\":\"https:\/\/stagpartynight.com\/es\/wp-content\/uploads\/sites\/2\/2021\/02\/Limusina-en-Mallorca.jpg\",\"datePublished\":\"2021-02-05T10:39:06+00:00\",\"dateModified\":\"2024-01-18T11:33:17+00:00\",\"description\":\"Limusinas en Mallorca. Tour en limusina por la isla de Mallorca. Duraci\u00f3n 1 hora con 2 botellas de cava incluidas \\\"12 personas m\u00e1ximo\\\".\",\"breadcrumb\":{\"@id\":\"https:\/\/stagpartynight.com\/es\/product\/limusina-en-mallorca\/#breadcrumb\"},\"inLanguage\":\"es\",\"potentialAction\":[{\"@type\":\"ReadAction\",\"target\":[\"https:\/\/stagpartynight.com\/es\/product\/limusina-en-mallorca\/\"]}]},{\"@type\":\"ImageObject\",\"inLanguage\":\"es\",\"@id\":\"https:\/\/stagpartynight.com\/es\/product\/limusina-en-mallorca\/#primaryimage\",\"url\":\"https:\/\/stagpartynight.com\/es\/wp-content\/uploads\/sites\/2\/2021\/02\/Limusina-en-Mallorca.jpg\",\"contentUrl\":\"https:\/\/stagpartynight.com\/es\/wp-content\/uploads\/sites\/2\/2021\/02\/Limusina-en-Mallorca.jpg\",\"width\":1200,\"height\":800,\"caption\":\"Limusina en Mallorca\"},{\"@type\":\"BreadcrumbList\",\"@id\":\"https:\/\/stagpartynight.com\/es\/product\/limusina-en-mallorca\/#breadcrumb\",\"itemListElement\":[{\"@type\":\"ListItem\",\"position\":1,\"name\":\"Home\",\"item\":\"https:\/\/stagpartynight.com\/es\/\"},{\"@type\":\"ListItem\",\"position\":2,\"name\":\"Tienda\",\"item\":\"https:\/\/stagpartynight.com\/es\/tienda\/\"},{\"@type\":\"ListItem\",\"position\":3,\"name\":\"Limusina en Mallorca\"}]},{\"@type\":\"WebSite\",\"@id\":\"https:\/\/stagpartynight.com\/es\/#website\",\"url\":\"https:\/\/stagpartynight.com\/es\/\",\"name\":\"Stag Party Night\",\"description\":\"Your Stag Party Customized\",\"publisher\":{\"@id\":\"https:\/\/stagpartynight.com\/es\/#organization\"},\"potentialAction\":[{\"@type\":\"SearchAction\",\"target\":{\"@type\":\"EntryPoint\",\"urlTemplate\":\"https:\/\/stagpartynight.com\/es\/?s={search_term_string}\"},\"query-input\":{\"@type\":\"PropertyValueSpecification\",\"valueRequired\":true,\"valueName\":\"search_term_string\"}}],\"inLanguage\":\"es\"},{\"@type\":\"Organization\",\"@id\":\"https:\/\/stagpartynight.com\/es\/#organization\",\"name\":\"Stag Party Night\",\"url\":\"https:\/\/stagpartynight.com\/es\/\",\"logo\":{\"@type\":\"ImageObject\",\"inLanguage\":\"es\",\"@id\":\"https:\/\/stagpartynight.com\/es\/#\/schema\/logo\/image\/\",\"url\":\"https:\/\/stagpartynight.com\/es\/wp-content\/uploads\/sites\/2\/2019\/12\/stagpartynight-e1578565505687.png\",\"contentUrl\":\"https:\/\/stagpartynight.com\/es\/wp-content\/uploads\/sites\/2\/2019\/12\/stagpartynight-e1578565505687.png\",\"width\":400,\"height\":400,\"caption\":\"Stag Party Night\"},\"image\":{\"@id\":\"https:\/\/stagpartynight.com\/es\/#\/schema\/logo\/image\/\"}}]}<\/script>\n<!-- \/ Yoast SEO plugin. -->","yoast_head_json":{"title":"Limusina en Mallorca","description":"Limusinas en Mallorca. Tour en limusina por la isla de Mallorca. Duraci\u00f3n 1 hora con 2 botellas de cava incluidas \"12 personas m\u00e1ximo\".","robots":{"index":"index","follow":"follow","max-snippet":"max-snippet:-1","max-image-preview":"max-image-preview:large","max-video-preview":"max-video-preview:-1"},"canonical":"https:\/\/stagpartynight.com\/es\/product\/limusina-en-mallorca\/","og_locale":"es_ES","og_type":"article","og_title":"Limusina en Mallorca","og_description":"Limusinas en Mallorca. Tour en limusina por la isla de Mallorca. Duraci\u00f3n 1 hora con 2 botellas de cava incluidas \"12 personas m\u00e1ximo\".","og_url":"https:\/\/stagpartynight.com\/es\/product\/limusina-en-mallorca\/","og_site_name":"Despedida de Soltero","article_modified_time":"2024-01-18T11:33:17+00:00","og_image":[{"width":1200,"height":800,"url":"https:\/\/stagpartynight.com\/es\/wp-content\/uploads\/sites\/2\/2021\/02\/Limusina-en-Mallorca.jpg","type":"image\/jpeg"}],"twitter_card":"summary_large_image","twitter_misc":{"Tiempo de lectura":"2 minutos"},"schema":{"@context":"https:\/\/schema.org","@graph":[{"@type":"WebPage","@id":"https:\/\/stagpartynight.com\/es\/product\/limusina-en-mallorca\/","url":"https:\/\/stagpartynight.com\/es\/product\/limusina-en-mallorca\/","name":"Limusina en Mallorca","isPartOf":{"@id":"https:\/\/stagpartynight.com\/es\/#website"},"primaryImageOfPage":{"@id":"https:\/\/stagpartynight.com\/es\/product\/limusina-en-mallorca\/#primaryimage"},"image":{"@id":"https:\/\/stagpartynight.com\/es\/product\/limusina-en-mallorca\/#primaryimage"},"thumbnailUrl":"https:\/\/stagpartynight.com\/es\/wp-content\/uploads\/sites\/2\/2021\/02\/Limusina-en-Mallorca.jpg","datePublished":"2021-02-05T10:39:06+00:00","dateModified":"2024-01-18T11:33:17+00:00","description":"Limusinas en Mallorca. Tour en limusina por la isla de Mallorca. Duraci\u00f3n 1 hora con 2 botellas de cava incluidas \"12 personas m\u00e1ximo\".","breadcrumb":{"@id":"https:\/\/stagpartynight.com\/es\/product\/limusina-en-mallorca\/#breadcrumb"},"inLanguage":"es","potentialAction":[{"@type":"ReadAction","target":["https:\/\/stagpartynight.com\/es\/product\/limusina-en-mallorca\/"]}]},{"@type":"ImageObject","inLanguage":"es","@id":"https:\/\/stagpartynight.com\/es\/product\/limusina-en-mallorca\/#primaryimage","url":"https:\/\/stagpartynight.com\/es\/wp-content\/uploads\/sites\/2\/2021\/02\/Limusina-en-Mallorca.jpg","contentUrl":"https:\/\/stagpartynight.com\/es\/wp-content\/uploads\/sites\/2\/2021\/02\/Limusina-en-Mallorca.jpg","width":1200,"height":800,"caption":"Limusina en Mallorca"},{"@type":"BreadcrumbList","@id":"https:\/\/stagpartynight.com\/es\/product\/limusina-en-mallorca\/#breadcrumb","itemListElement":[{"@type":"ListItem","position":1,"name":"Home","item":"https:\/\/stagpartynight.com\/es\/"},{"@type":"ListItem","position":2,"name":"Tienda","item":"https:\/\/stagpartynight.com\/es\/tienda\/"},{"@type":"ListItem","position":3,"name":"Limusina en Mallorca"}]},{"@type":"WebSite","@id":"https:\/\/stagpartynight.com\/es\/#website","url":"https:\/\/stagpartynight.com\/es\/","name":"Stag Party Night","description":"Your Stag Party Customized","publisher":{"@id":"https:\/\/stagpartynight.com\/es\/#organization"},"potentialAction":[{"@type":"SearchAction","target":{"@type":"EntryPoint","urlTemplate":"https:\/\/stagpartynight.com\/es\/?s={search_term_string}"},"query-input":{"@type":"PropertyValueSpecification","valueRequired":true,"valueName":"search_term_string"}}],"inLanguage":"es"},{"@type":"Organization","@id":"https:\/\/stagpartynight.com\/es\/#organization","name":"Stag Party Night","url":"https:\/\/stagpartynight.com\/es\/","logo":{"@type":"ImageObject","inLanguage":"es","@id":"https:\/\/stagpartynight.com\/es\/#\/schema\/logo\/image\/","url":"https:\/\/stagpartynight.com\/es\/wp-content\/uploads\/sites\/2\/2019\/12\/stagpartynight-e1578565505687.png","contentUrl":"https:\/\/stagpartynight.com\/es\/wp-content\/uploads\/sites\/2\/2019\/12\/stagpartynight-e1578565505687.png","width":400,"height":400,"caption":"Stag Party Night"},"image":{"@id":"https:\/\/stagpartynight.com\/es\/#\/schema\/logo\/image\/"}}]}},"_links":{"self":[{"href":"https:\/\/stagpartynight.com\/es\/wp-json\/wp\/v2\/product\/3436","targetHints":{"allow":["GET"]}}],"collection":[{"href":"https:\/\/stagpartynight.com\/es\/wp-json\/wp\/v2\/product"}],"about":[{"href":"https:\/\/stagpartynight.com\/es\/wp-json\/wp\/v2\/types\/product"}],"replies":[{"embeddable":true,"href":"https:\/\/stagpartynight.com\/es\/wp-json\/wp\/v2\/comments?post=3436"}],"wp:featuredmedia":[{"embeddable":true,"href":"https:\/\/stagpartynight.com\/es\/wp-json\/wp\/v2\/media\/3707"}],"wp:attachment":[{"href":"https:\/\/stagpartynight.com\/es\/wp-json\/wp\/v2\/media?parent=3436"}],"wp:term":[{"taxonomy":"product_brand","embeddable":true,"href":"https:\/\/stagpartynight.com\/es\/wp-json\/wp\/v2\/product_brand?post=3436"},{"taxonomy":"product_cat","embeddable":true,"href":"https:\/\/stagpartynight.com\/es\/wp-json\/wp\/v2\/product_cat?post=3436"},{"taxonomy":"product_tag","embeddable":true,"href":"https:\/\/stagpartynight.com\/es\/wp-json\/wp\/v2\/product_tag?post=3436"}],"curies":[{"name":"wp","href":"https:\/\/api.w.org\/{rel}","templated":true}]}}