{"id":3439,"date":"2021-02-05T11:56:12","date_gmt":"2021-02-05T10:56:12","guid":{"rendered":"https:\/\/stagpartynight.com\/fr\/?post_type=product&#038;p=1990"},"modified":"2024-01-18T12:33:15","modified_gmt":"2024-01-18T11:33:15","slug":"catamaran-privado-mallorca","status":"publish","type":"product","link":"https:\/\/stagpartynight.com\/es\/product\/catamaran-privado-mallorca\/","title":{"rendered":"Catamar\u00e1n Privado Mallorca"},"content":{"rendered":"<div>Catamar\u00e1n privado Mallorca. Catamar\u00e1n privado Mallorca. Disfrute de cinco horas de navegaci\u00f3n privada para usted y sus amigos. Disfruta de las aguas cristalinas de Palma.<\/div>\n<div><\/div>\n<div>\u00a1Las mejores despedidas de soltero y soltera con <a href=\"https:\/\/stagpartynight.com\/\">StagParty<\/a>!<\/div>\n<div><\/div>\n<h2 style=\"text-align: center;\">Catamar\u00e1n privado Mallorca \ud83d\udea2<\/h2>\n<div><\/div>\n<h4>\ud83c\udfdd\ufe0f \u00a1Explora Mallorca con estilo a bordo de nuestro catamar\u00e1n!\ud83d\udea4<\/h4>\n<div><\/div>\n<div>\ud83c\udf0a \u00a1Prep\u00e1rate para una aventura inolvidable cuando alquiles nuestro exclusivo catamar\u00e1n en Mallorca!<\/div>\n<div><\/div>\n<div>\ud83c\udf34 Con una impresionante capacidad de hasta 90 personas, esta es la experiencia definitiva para tu grupo.<\/div>\n<div><\/div>\n<div>\ud83d\udd52 El paquete de 5 horas de ch\u00e1rter t lleva a trav\u00e9s de las aguas cristalinas de Mallorca, ofreciendo lujo absoluto con un capit\u00e1n profesional al tim\u00f3n. Disfruta del sol, la brisa marina y la compa\u00f1\u00eda de tus seres queridos durante esta experiencia \u00fanica.<\/div>\n<div><\/div>\n<div>\u2693 El paquete \u00abtodo incluido\u00bb incluye el combustible y el seguro, dej\u00e1ndole libre para relajarse y disfrutar del viaje.<\/div>\n<div><\/div>\n<div>\ud83c\udf79 Se pueden a\u00f1adir refrescos y comidas opcionales para disfrutar a\u00fan m\u00e1s de la experiencia.<\/div>\n<div><\/div>\n<div>\ud83c\udfb5 Equ\u00edpate con tus canciones favoritas gracias a nuestro sistema de audio Bluetooth a bordo, creando el ambiente perfecto para tu d\u00eda en el mar.<\/div>\n<div><\/div>\n<div>\ud83c\udfb6 Adem\u00e1s, personaliza tu itinerario a\u00f1adiendo paradas en alta mar para refrescarte nadando.<\/div>\n<div><\/div>\n<div>\ud83d\udee5\ufe0f \u00a1Reserva ya tu catamar\u00e1n en Mallorca para vivir una aventura exclusiva!<\/div>\n<div><\/div>\n<div>\ud83c\udf1f No pierdas esta oportunidad de crear recuerdos extraordinarios con los tuyos. Emb\u00e1rcate para esta experiencia en <a href=\"https:\/\/es.wikipedia.org\/wiki\/Palma_de_Mallorca\">Mallorca<\/a>!<\/div>\n","protected":false},"excerpt":{"rendered":"<p>Naviguer dans les eaux cristallines de la mer M\u00e9diterran\u00e9e\u00a0pour un tour de 3 heures ou plus. Capitaine, l&#8217;assurance et le carburant sont inclus.<\/p>\n","protected":false},"featured_media":3712,"comment_status":"open","ping_status":"closed","template":"","meta":{"_et_pb_use_builder":"","_et_pb_old_content":"","_et_gb_content_width":""},"product_brand":[],"product_cat":[342],"product_tag":[343,1317],"class_list":{"0":"post-3439","1":"product","2":"type-product","3":"status-publish","4":"has-post-thumbnail","6":"product_cat-mallorca","7":"product_tag-catamaran-mallorca","8":"product_tag-catamaran-privado-mallorca","10":"first","11":"instock","12":"virtual","13":"product-type-simple"},"yoast_head":"<!-- This site is optimized with the Yoast SEO plugin v26.4 - https:\/\/yoast.com\/wordpress\/plugins\/seo\/ -->\n<title>Catamar\u00e1n Privado Mallorca<\/title>\n<meta name=\"description\" content=\"Catamar\u00e1n privado Mallorca.. Disfrute de cinco horas de navegaci\u00f3n privada para usted y sus amigos. Disfrute de las aguas cristalinas de Palma\" \/>\n<meta name=\"robots\" content=\"index, follow, max-snippet:-1, max-image-preview:large, max-video-preview:-1\" \/>\n<link rel=\"canonical\" href=\"https:\/\/stagpartynight.com\/es\/product\/catamaran-privado-mallorca\/\" \/>\n<meta property=\"og:locale\" content=\"es_ES\" \/>\n<meta property=\"og:type\" content=\"article\" \/>\n<meta property=\"og:title\" content=\"Catamar\u00e1n Privado Mallorca\" \/>\n<meta property=\"og:description\" content=\"Catamar\u00e1n privado Mallorca.. Disfrute de cinco horas de navegaci\u00f3n privada para usted y sus amigos. Disfrute de las aguas cristalinas de Palma\" \/>\n<meta property=\"og:url\" content=\"https:\/\/stagpartynight.com\/es\/product\/catamaran-privado-mallorca\/\" \/>\n<meta property=\"og:site_name\" content=\"Despedida de Soltero\" \/>\n<meta property=\"article:modified_time\" content=\"2024-01-18T11:33:15+00:00\" \/>\n<meta property=\"og:image\" content=\"https:\/\/stagpartynight.com\/es\/wp-content\/uploads\/sites\/2\/2021\/02\/Catamaran-Privado-Mallorca.jpg\" \/>\n\t<meta property=\"og:image:width\" content=\"1280\" \/>\n\t<meta property=\"og:image:height\" content=\"1024\" \/>\n\t<meta property=\"og:image:type\" content=\"image\/jpeg\" \/>\n<meta name=\"twitter:card\" content=\"summary_large_image\" \/>\n<meta name=\"twitter:label1\" content=\"Tiempo de lectura\" \/>\n\t<meta name=\"twitter:data1\" content=\"2 minutos\" \/>\n<script type=\"application\/ld+json\" class=\"yoast-schema-graph\">{\"@context\":\"https:\/\/schema.org\",\"@graph\":[{\"@type\":\"WebPage\",\"@id\":\"https:\/\/stagpartynight.com\/es\/product\/catamaran-privado-mallorca\/\",\"url\":\"https:\/\/stagpartynight.com\/es\/product\/catamaran-privado-mallorca\/\",\"name\":\"Catamar\u00e1n Privado Mallorca\",\"isPartOf\":{\"@id\":\"https:\/\/stagpartynight.com\/es\/#website\"},\"primaryImageOfPage\":{\"@id\":\"https:\/\/stagpartynight.com\/es\/product\/catamaran-privado-mallorca\/#primaryimage\"},\"image\":{\"@id\":\"https:\/\/stagpartynight.com\/es\/product\/catamaran-privado-mallorca\/#primaryimage\"},\"thumbnailUrl\":\"https:\/\/stagpartynight.com\/es\/wp-content\/uploads\/sites\/2\/2021\/02\/Catamaran-Privado-Mallorca.jpg\",\"datePublished\":\"2021-02-05T10:56:12+00:00\",\"dateModified\":\"2024-01-18T11:33:15+00:00\",\"description\":\"Catamar\u00e1n privado Mallorca.. Disfrute de cinco horas de navegaci\u00f3n privada para usted y sus amigos. Disfrute de las aguas cristalinas de Palma\",\"breadcrumb\":{\"@id\":\"https:\/\/stagpartynight.com\/es\/product\/catamaran-privado-mallorca\/#breadcrumb\"},\"inLanguage\":\"es\",\"potentialAction\":[{\"@type\":\"ReadAction\",\"target\":[\"https:\/\/stagpartynight.com\/es\/product\/catamaran-privado-mallorca\/\"]}]},{\"@type\":\"ImageObject\",\"inLanguage\":\"es\",\"@id\":\"https:\/\/stagpartynight.com\/es\/product\/catamaran-privado-mallorca\/#primaryimage\",\"url\":\"https:\/\/stagpartynight.com\/es\/wp-content\/uploads\/sites\/2\/2021\/02\/Catamaran-Privado-Mallorca.jpg\",\"contentUrl\":\"https:\/\/stagpartynight.com\/es\/wp-content\/uploads\/sites\/2\/2021\/02\/Catamaran-Privado-Mallorca.jpg\",\"width\":1280,\"height\":1024,\"caption\":\"Catamar\u00e1n Privado Mallorca\"},{\"@type\":\"BreadcrumbList\",\"@id\":\"https:\/\/stagpartynight.com\/es\/product\/catamaran-privado-mallorca\/#breadcrumb\",\"itemListElement\":[{\"@type\":\"ListItem\",\"position\":1,\"name\":\"Home\",\"item\":\"https:\/\/stagpartynight.com\/es\/\"},{\"@type\":\"ListItem\",\"position\":2,\"name\":\"Tienda\",\"item\":\"https:\/\/stagpartynight.com\/es\/tienda\/\"},{\"@type\":\"ListItem\",\"position\":3,\"name\":\"Catamar\u00e1n Privado Mallorca\"}]},{\"@type\":\"WebSite\",\"@id\":\"https:\/\/stagpartynight.com\/es\/#website\",\"url\":\"https:\/\/stagpartynight.com\/es\/\",\"name\":\"Stag Party Night\",\"description\":\"Your Stag Party Customized\",\"publisher\":{\"@id\":\"https:\/\/stagpartynight.com\/es\/#organization\"},\"potentialAction\":[{\"@type\":\"SearchAction\",\"target\":{\"@type\":\"EntryPoint\",\"urlTemplate\":\"https:\/\/stagpartynight.com\/es\/?s={search_term_string}\"},\"query-input\":{\"@type\":\"PropertyValueSpecification\",\"valueRequired\":true,\"valueName\":\"search_term_string\"}}],\"inLanguage\":\"es\"},{\"@type\":\"Organization\",\"@id\":\"https:\/\/stagpartynight.com\/es\/#organization\",\"name\":\"Stag Party Night\",\"url\":\"https:\/\/stagpartynight.com\/es\/\",\"logo\":{\"@type\":\"ImageObject\",\"inLanguage\":\"es\",\"@id\":\"https:\/\/stagpartynight.com\/es\/#\/schema\/logo\/image\/\",\"url\":\"https:\/\/stagpartynight.com\/es\/wp-content\/uploads\/sites\/2\/2019\/12\/stagpartynight-e1578565505687.png\",\"contentUrl\":\"https:\/\/stagpartynight.com\/es\/wp-content\/uploads\/sites\/2\/2019\/12\/stagpartynight-e1578565505687.png\",\"width\":400,\"height\":400,\"caption\":\"Stag Party Night\"},\"image\":{\"@id\":\"https:\/\/stagpartynight.com\/es\/#\/schema\/logo\/image\/\"}}]}<\/script>\n<!-- \/ Yoast SEO plugin. -->","yoast_head_json":{"title":"Catamar\u00e1n Privado Mallorca","description":"Catamar\u00e1n privado Mallorca.. Disfrute de cinco horas de navegaci\u00f3n privada para usted y sus amigos. Disfrute de las aguas cristalinas de Palma","robots":{"index":"index","follow":"follow","max-snippet":"max-snippet:-1","max-image-preview":"max-image-preview:large","max-video-preview":"max-video-preview:-1"},"canonical":"https:\/\/stagpartynight.com\/es\/product\/catamaran-privado-mallorca\/","og_locale":"es_ES","og_type":"article","og_title":"Catamar\u00e1n Privado Mallorca","og_description":"Catamar\u00e1n privado Mallorca.. Disfrute de cinco horas de navegaci\u00f3n privada para usted y sus amigos. Disfrute de las aguas cristalinas de Palma","og_url":"https:\/\/stagpartynight.com\/es\/product\/catamaran-privado-mallorca\/","og_site_name":"Despedida de Soltero","article_modified_time":"2024-01-18T11:33:15+00:00","og_image":[{"width":1280,"height":1024,"url":"https:\/\/stagpartynight.com\/es\/wp-content\/uploads\/sites\/2\/2021\/02\/Catamaran-Privado-Mallorca.jpg","type":"image\/jpeg"}],"twitter_card":"summary_large_image","twitter_misc":{"Tiempo de lectura":"2 minutos"},"schema":{"@context":"https:\/\/schema.org","@graph":[{"@type":"WebPage","@id":"https:\/\/stagpartynight.com\/es\/product\/catamaran-privado-mallorca\/","url":"https:\/\/stagpartynight.com\/es\/product\/catamaran-privado-mallorca\/","name":"Catamar\u00e1n Privado Mallorca","isPartOf":{"@id":"https:\/\/stagpartynight.com\/es\/#website"},"primaryImageOfPage":{"@id":"https:\/\/stagpartynight.com\/es\/product\/catamaran-privado-mallorca\/#primaryimage"},"image":{"@id":"https:\/\/stagpartynight.com\/es\/product\/catamaran-privado-mallorca\/#primaryimage"},"thumbnailUrl":"https:\/\/stagpartynight.com\/es\/wp-content\/uploads\/sites\/2\/2021\/02\/Catamaran-Privado-Mallorca.jpg","datePublished":"2021-02-05T10:56:12+00:00","dateModified":"2024-01-18T11:33:15+00:00","description":"Catamar\u00e1n privado Mallorca.. Disfrute de cinco horas de navegaci\u00f3n privada para usted y sus amigos. Disfrute de las aguas cristalinas de Palma","breadcrumb":{"@id":"https:\/\/stagpartynight.com\/es\/product\/catamaran-privado-mallorca\/#breadcrumb"},"inLanguage":"es","potentialAction":[{"@type":"ReadAction","target":["https:\/\/stagpartynight.com\/es\/product\/catamaran-privado-mallorca\/"]}]},{"@type":"ImageObject","inLanguage":"es","@id":"https:\/\/stagpartynight.com\/es\/product\/catamaran-privado-mallorca\/#primaryimage","url":"https:\/\/stagpartynight.com\/es\/wp-content\/uploads\/sites\/2\/2021\/02\/Catamaran-Privado-Mallorca.jpg","contentUrl":"https:\/\/stagpartynight.com\/es\/wp-content\/uploads\/sites\/2\/2021\/02\/Catamaran-Privado-Mallorca.jpg","width":1280,"height":1024,"caption":"Catamar\u00e1n Privado Mallorca"},{"@type":"BreadcrumbList","@id":"https:\/\/stagpartynight.com\/es\/product\/catamaran-privado-mallorca\/#breadcrumb","itemListElement":[{"@type":"ListItem","position":1,"name":"Home","item":"https:\/\/stagpartynight.com\/es\/"},{"@type":"ListItem","position":2,"name":"Tienda","item":"https:\/\/stagpartynight.com\/es\/tienda\/"},{"@type":"ListItem","position":3,"name":"Catamar\u00e1n Privado Mallorca"}]},{"@type":"WebSite","@id":"https:\/\/stagpartynight.com\/es\/#website","url":"https:\/\/stagpartynight.com\/es\/","name":"Stag Party Night","description":"Your Stag Party Customized","publisher":{"@id":"https:\/\/stagpartynight.com\/es\/#organization"},"potentialAction":[{"@type":"SearchAction","target":{"@type":"EntryPoint","urlTemplate":"https:\/\/stagpartynight.com\/es\/?s={search_term_string}"},"query-input":{"@type":"PropertyValueSpecification","valueRequired":true,"valueName":"search_term_string"}}],"inLanguage":"es"},{"@type":"Organization","@id":"https:\/\/stagpartynight.com\/es\/#organization","name":"Stag Party Night","url":"https:\/\/stagpartynight.com\/es\/","logo":{"@type":"ImageObject","inLanguage":"es","@id":"https:\/\/stagpartynight.com\/es\/#\/schema\/logo\/image\/","url":"https:\/\/stagpartynight.com\/es\/wp-content\/uploads\/sites\/2\/2019\/12\/stagpartynight-e1578565505687.png","contentUrl":"https:\/\/stagpartynight.com\/es\/wp-content\/uploads\/sites\/2\/2019\/12\/stagpartynight-e1578565505687.png","width":400,"height":400,"caption":"Stag Party Night"},"image":{"@id":"https:\/\/stagpartynight.com\/es\/#\/schema\/logo\/image\/"}}]}},"_links":{"self":[{"href":"https:\/\/stagpartynight.com\/es\/wp-json\/wp\/v2\/product\/3439","targetHints":{"allow":["GET"]}}],"collection":[{"href":"https:\/\/stagpartynight.com\/es\/wp-json\/wp\/v2\/product"}],"about":[{"href":"https:\/\/stagpartynight.com\/es\/wp-json\/wp\/v2\/types\/product"}],"replies":[{"embeddable":true,"href":"https:\/\/stagpartynight.com\/es\/wp-json\/wp\/v2\/comments?post=3439"}],"wp:featuredmedia":[{"embeddable":true,"href":"https:\/\/stagpartynight.com\/es\/wp-json\/wp\/v2\/media\/3712"}],"wp:attachment":[{"href":"https:\/\/stagpartynight.com\/es\/wp-json\/wp\/v2\/media?parent=3439"}],"wp:term":[{"taxonomy":"product_brand","embeddable":true,"href":"https:\/\/stagpartynight.com\/es\/wp-json\/wp\/v2\/product_brand?post=3439"},{"taxonomy":"product_cat","embeddable":true,"href":"https:\/\/stagpartynight.com\/es\/wp-json\/wp\/v2\/product_cat?post=3439"},{"taxonomy":"product_tag","embeddable":true,"href":"https:\/\/stagpartynight.com\/es\/wp-json\/wp\/v2\/product_tag?post=3439"}],"curies":[{"name":"wp","href":"https:\/\/api.w.org\/{rel}","templated":true}]}}