{"id":3470,"date":"2023-12-12T13:57:22","date_gmt":"2023-12-12T12:57:22","guid":{"rendered":"https:\/\/stagpartynight.com\/fr\/?post_type=product&#038;p=2635"},"modified":"2024-01-18T12:33:14","modified_gmt":"2024-01-18T11:33:14","slug":"paintball-mallorca","status":"publish","type":"product","link":"https:\/\/stagpartynight.com\/es\/product\/paintball-mallorca\/","title":{"rendered":"Paintball Mallorca"},"content":{"rendered":"<div>Paintball Mallorca. Incluye 200 bolas de pintura, traje de camuflaje, m\u00e1scara facial, guantes y protecci\u00f3n de pecho y torso. Si est\u00e1s buscando una experiencia emocionante y llena de adrenalina en Mallorca, \u00a1has venido al lugar adecuado! Bienvenido al mundo del paintball, donde la acci\u00f3n y la estrategia se combinan para crear una aventura inolvidable en Palma y Magaluf.<\/div>\n<div><\/div>\n<div><\/div>\n<div>Somos <a href=\"https:\/\/stagpartynight.com\/\">StagParty\u00a0<\/a> y organizamos tu despedida de soltero!<\/div>\n<div><\/div>\n<h2 style=\"text-align: center;\">PAINTBALL MALLORCA<\/h2>\n<div><\/div>\n<div>\ud83c\udfa8 Descubre impresionantes paisajes en Palma y Magaluf. Sum\u00e9rgete en la hermosa isla de Mallorca, donde el paintball ofrece una experiencia \u00fanica y emocionante. Nuestro terreno ofrece una gran variedad de paisajes, desde los misteriosos bosques de Palma hasta los desaf\u00edos urbanos de Magaluf, proporcionando una aventura inolvidable en cada partida.<\/div>\n<div><\/div>\n<div>\ud83c\udff9 Nuestro compromiso con tu seguridad se refleja en nuestro equipamiento de \u00faltima generaci\u00f3n. Marcadores precisos, m\u00e1scaras protectoras y ropa c\u00f3moda. Permiti\u00e9ndote concentrarte plenamente en la estrategia del juego y en la emocionante acci\u00f3n sin comprometer tu bienestar.<\/div>\n<div><\/div>\n<div>\ud83c\udf93 El curso es apto para todos los niveles, ya seas principiante o experto. Nuestros experimentados instructores te guiar\u00e1n a trav\u00e9s de las reglas del juego, proporcion\u00e1ndote consejos para mejorar tus t\u00e1cticas y hacer que cada partida sea lo m\u00e1s divertida posible.<\/div>\n<div>\n<div><\/div>\n<div>\ud83d\udc68\u200d\ud83d\udc69\u200d\ud83d\udc67\u200d\ud83d\udc66 Comparta momentos de puro entretenimiento con sus amigos y familiares. Ya sea una salida amistosa, un evento corporativo o un d\u00eda en familia, el paintball en Palma y Magaluf promete una experiencia cautivadora y memorable para todos.<\/div>\n<div><\/div>\n<div>\ud83d\udd12 Reserva ahora para vivir una aventura inolvidable en Mallorca. No pierdas la oportunidad de liberar tu adrenalina en uno de los lugares m\u00e1s cautivadores de la isla. Nuestro equipo est\u00e1 preparado para ofrecerte una experiencia de paintball grabada en tu memoria.<\/div>\n<div><\/div>\n<div>\ud83c\udf89 \u00a1Descubre el paintball en <a href=\"https:\/\/es.wikipedia.org\/wiki\/Palma_de_Mallorca\">Palma<\/a> y Magaluf! Donde la acci\u00f3n se encuentra con la belleza de Mallorca, \u00a1para una experiencia \u00fanica que combina aventura, estrategia y emoci\u00f3n! \ud83c\udf1f<\/div>\n<\/div>\n","protected":false},"excerpt":{"rendered":"<p>Paintball Mallorca. Incluye 200 bolas de pintura, traje de camuflaje, m\u00e1scara facial, guantes y protecci\u00f3n de pecho y torso. Si est\u00e1s buscando una experiencia emocionante y llena de adrenalina en Mallorca, \u00a1has venido al lugar adecuado! Bienvenido al mundo del paintball, donde la acci\u00f3n y la estrategia se combinan para crear una aventura inolvidable en [&hellip;]<\/p>\n","protected":false},"featured_media":3710,"comment_status":"open","ping_status":"closed","template":"","meta":{"_et_pb_use_builder":"","_et_pb_old_content":"","_et_gb_content_width":""},"product_brand":[],"product_cat":[342,1313],"product_tag":[],"class_list":{"0":"post-3470","1":"product","2":"type-product","3":"status-publish","4":"has-post-thumbnail","6":"product_cat-mallorca","7":"product_cat-uncategorised","9":"first","10":"instock","11":"shipping-taxable","12":"product-type-simple"},"yoast_head":"<!-- This site is optimized with the Yoast SEO plugin v26.4 - https:\/\/yoast.com\/wordpress\/plugins\/seo\/ -->\n<title>Paintball Mallorca<\/title>\n<meta name=\"description\" content=\"Paintball Mallorca. Incluye 200 bolas de pintura, traje de camuflaje, m\u00e1scara, guantes y equipo de protecci\u00f3n. Experiencia Mallorca.\" \/>\n<meta name=\"robots\" content=\"index, follow, max-snippet:-1, max-image-preview:large, max-video-preview:-1\" \/>\n<link rel=\"canonical\" href=\"https:\/\/stagpartynight.com\/es\/product\/paintball-mallorca\/\" \/>\n<meta property=\"og:locale\" content=\"es_ES\" \/>\n<meta property=\"og:type\" content=\"article\" \/>\n<meta property=\"og:title\" content=\"Paintball Mallorca\" \/>\n<meta property=\"og:description\" content=\"Paintball Mallorca. Incluye 200 bolas de pintura, traje de camuflaje, m\u00e1scara, guantes y equipo de protecci\u00f3n. Experiencia Mallorca.\" \/>\n<meta property=\"og:url\" content=\"https:\/\/stagpartynight.com\/es\/product\/paintball-mallorca\/\" \/>\n<meta property=\"og:site_name\" content=\"Despedida de Soltero\" \/>\n<meta property=\"article:modified_time\" content=\"2024-01-18T11:33:14+00:00\" \/>\n<meta property=\"og:image\" content=\"https:\/\/stagpartynight.com\/es\/wp-content\/uploads\/sites\/2\/2023\/12\/Paintball-Mallorca.jpg\" \/>\n\t<meta property=\"og:image:width\" content=\"1280\" \/>\n\t<meta property=\"og:image:height\" content=\"1920\" \/>\n\t<meta property=\"og:image:type\" content=\"image\/jpeg\" \/>\n<meta name=\"twitter:card\" content=\"summary_large_image\" \/>\n<meta name=\"twitter:label1\" content=\"Tiempo de lectura\" \/>\n\t<meta name=\"twitter:data1\" content=\"2 minutos\" \/>\n<script type=\"application\/ld+json\" class=\"yoast-schema-graph\">{\"@context\":\"https:\/\/schema.org\",\"@graph\":[{\"@type\":\"WebPage\",\"@id\":\"https:\/\/stagpartynight.com\/es\/product\/paintball-mallorca\/\",\"url\":\"https:\/\/stagpartynight.com\/es\/product\/paintball-mallorca\/\",\"name\":\"Paintball Mallorca\",\"isPartOf\":{\"@id\":\"https:\/\/stagpartynight.com\/es\/#website\"},\"primaryImageOfPage\":{\"@id\":\"https:\/\/stagpartynight.com\/es\/product\/paintball-mallorca\/#primaryimage\"},\"image\":{\"@id\":\"https:\/\/stagpartynight.com\/es\/product\/paintball-mallorca\/#primaryimage\"},\"thumbnailUrl\":\"https:\/\/stagpartynight.com\/es\/wp-content\/uploads\/sites\/2\/2023\/12\/Paintball-Mallorca.jpg\",\"datePublished\":\"2023-12-12T12:57:22+00:00\",\"dateModified\":\"2024-01-18T11:33:14+00:00\",\"description\":\"Paintball Mallorca. Incluye 200 bolas de pintura, traje de camuflaje, m\u00e1scara, guantes y equipo de protecci\u00f3n. Experiencia Mallorca.\",\"breadcrumb\":{\"@id\":\"https:\/\/stagpartynight.com\/es\/product\/paintball-mallorca\/#breadcrumb\"},\"inLanguage\":\"es\",\"potentialAction\":[{\"@type\":\"ReadAction\",\"target\":[\"https:\/\/stagpartynight.com\/es\/product\/paintball-mallorca\/\"]}]},{\"@type\":\"ImageObject\",\"inLanguage\":\"es\",\"@id\":\"https:\/\/stagpartynight.com\/es\/product\/paintball-mallorca\/#primaryimage\",\"url\":\"https:\/\/stagpartynight.com\/es\/wp-content\/uploads\/sites\/2\/2023\/12\/Paintball-Mallorca.jpg\",\"contentUrl\":\"https:\/\/stagpartynight.com\/es\/wp-content\/uploads\/sites\/2\/2023\/12\/Paintball-Mallorca.jpg\",\"width\":1280,\"height\":1920,\"caption\":\"Paintball Mallorca\"},{\"@type\":\"BreadcrumbList\",\"@id\":\"https:\/\/stagpartynight.com\/es\/product\/paintball-mallorca\/#breadcrumb\",\"itemListElement\":[{\"@type\":\"ListItem\",\"position\":1,\"name\":\"Home\",\"item\":\"https:\/\/stagpartynight.com\/es\/\"},{\"@type\":\"ListItem\",\"position\":2,\"name\":\"Tienda\",\"item\":\"https:\/\/stagpartynight.com\/es\/tienda\/\"},{\"@type\":\"ListItem\",\"position\":3,\"name\":\"Paintball Mallorca\"}]},{\"@type\":\"WebSite\",\"@id\":\"https:\/\/stagpartynight.com\/es\/#website\",\"url\":\"https:\/\/stagpartynight.com\/es\/\",\"name\":\"Stag Party Night\",\"description\":\"Your Stag Party Customized\",\"publisher\":{\"@id\":\"https:\/\/stagpartynight.com\/es\/#organization\"},\"potentialAction\":[{\"@type\":\"SearchAction\",\"target\":{\"@type\":\"EntryPoint\",\"urlTemplate\":\"https:\/\/stagpartynight.com\/es\/?s={search_term_string}\"},\"query-input\":{\"@type\":\"PropertyValueSpecification\",\"valueRequired\":true,\"valueName\":\"search_term_string\"}}],\"inLanguage\":\"es\"},{\"@type\":\"Organization\",\"@id\":\"https:\/\/stagpartynight.com\/es\/#organization\",\"name\":\"Stag Party Night\",\"url\":\"https:\/\/stagpartynight.com\/es\/\",\"logo\":{\"@type\":\"ImageObject\",\"inLanguage\":\"es\",\"@id\":\"https:\/\/stagpartynight.com\/es\/#\/schema\/logo\/image\/\",\"url\":\"https:\/\/stagpartynight.com\/es\/wp-content\/uploads\/sites\/2\/2019\/12\/stagpartynight-e1578565505687.png\",\"contentUrl\":\"https:\/\/stagpartynight.com\/es\/wp-content\/uploads\/sites\/2\/2019\/12\/stagpartynight-e1578565505687.png\",\"width\":400,\"height\":400,\"caption\":\"Stag Party Night\"},\"image\":{\"@id\":\"https:\/\/stagpartynight.com\/es\/#\/schema\/logo\/image\/\"}}]}<\/script>\n<!-- \/ Yoast SEO plugin. -->","yoast_head_json":{"title":"Paintball Mallorca","description":"Paintball Mallorca. Incluye 200 bolas de pintura, traje de camuflaje, m\u00e1scara, guantes y equipo de protecci\u00f3n. Experiencia Mallorca.","robots":{"index":"index","follow":"follow","max-snippet":"max-snippet:-1","max-image-preview":"max-image-preview:large","max-video-preview":"max-video-preview:-1"},"canonical":"https:\/\/stagpartynight.com\/es\/product\/paintball-mallorca\/","og_locale":"es_ES","og_type":"article","og_title":"Paintball Mallorca","og_description":"Paintball Mallorca. Incluye 200 bolas de pintura, traje de camuflaje, m\u00e1scara, guantes y equipo de protecci\u00f3n. Experiencia Mallorca.","og_url":"https:\/\/stagpartynight.com\/es\/product\/paintball-mallorca\/","og_site_name":"Despedida de Soltero","article_modified_time":"2024-01-18T11:33:14+00:00","og_image":[{"width":1280,"height":1920,"url":"https:\/\/stagpartynight.com\/es\/wp-content\/uploads\/sites\/2\/2023\/12\/Paintball-Mallorca.jpg","type":"image\/jpeg"}],"twitter_card":"summary_large_image","twitter_misc":{"Tiempo de lectura":"2 minutos"},"schema":{"@context":"https:\/\/schema.org","@graph":[{"@type":"WebPage","@id":"https:\/\/stagpartynight.com\/es\/product\/paintball-mallorca\/","url":"https:\/\/stagpartynight.com\/es\/product\/paintball-mallorca\/","name":"Paintball Mallorca","isPartOf":{"@id":"https:\/\/stagpartynight.com\/es\/#website"},"primaryImageOfPage":{"@id":"https:\/\/stagpartynight.com\/es\/product\/paintball-mallorca\/#primaryimage"},"image":{"@id":"https:\/\/stagpartynight.com\/es\/product\/paintball-mallorca\/#primaryimage"},"thumbnailUrl":"https:\/\/stagpartynight.com\/es\/wp-content\/uploads\/sites\/2\/2023\/12\/Paintball-Mallorca.jpg","datePublished":"2023-12-12T12:57:22+00:00","dateModified":"2024-01-18T11:33:14+00:00","description":"Paintball Mallorca. Incluye 200 bolas de pintura, traje de camuflaje, m\u00e1scara, guantes y equipo de protecci\u00f3n. Experiencia Mallorca.","breadcrumb":{"@id":"https:\/\/stagpartynight.com\/es\/product\/paintball-mallorca\/#breadcrumb"},"inLanguage":"es","potentialAction":[{"@type":"ReadAction","target":["https:\/\/stagpartynight.com\/es\/product\/paintball-mallorca\/"]}]},{"@type":"ImageObject","inLanguage":"es","@id":"https:\/\/stagpartynight.com\/es\/product\/paintball-mallorca\/#primaryimage","url":"https:\/\/stagpartynight.com\/es\/wp-content\/uploads\/sites\/2\/2023\/12\/Paintball-Mallorca.jpg","contentUrl":"https:\/\/stagpartynight.com\/es\/wp-content\/uploads\/sites\/2\/2023\/12\/Paintball-Mallorca.jpg","width":1280,"height":1920,"caption":"Paintball Mallorca"},{"@type":"BreadcrumbList","@id":"https:\/\/stagpartynight.com\/es\/product\/paintball-mallorca\/#breadcrumb","itemListElement":[{"@type":"ListItem","position":1,"name":"Home","item":"https:\/\/stagpartynight.com\/es\/"},{"@type":"ListItem","position":2,"name":"Tienda","item":"https:\/\/stagpartynight.com\/es\/tienda\/"},{"@type":"ListItem","position":3,"name":"Paintball Mallorca"}]},{"@type":"WebSite","@id":"https:\/\/stagpartynight.com\/es\/#website","url":"https:\/\/stagpartynight.com\/es\/","name":"Stag Party Night","description":"Your Stag Party Customized","publisher":{"@id":"https:\/\/stagpartynight.com\/es\/#organization"},"potentialAction":[{"@type":"SearchAction","target":{"@type":"EntryPoint","urlTemplate":"https:\/\/stagpartynight.com\/es\/?s={search_term_string}"},"query-input":{"@type":"PropertyValueSpecification","valueRequired":true,"valueName":"search_term_string"}}],"inLanguage":"es"},{"@type":"Organization","@id":"https:\/\/stagpartynight.com\/es\/#organization","name":"Stag Party Night","url":"https:\/\/stagpartynight.com\/es\/","logo":{"@type":"ImageObject","inLanguage":"es","@id":"https:\/\/stagpartynight.com\/es\/#\/schema\/logo\/image\/","url":"https:\/\/stagpartynight.com\/es\/wp-content\/uploads\/sites\/2\/2019\/12\/stagpartynight-e1578565505687.png","contentUrl":"https:\/\/stagpartynight.com\/es\/wp-content\/uploads\/sites\/2\/2019\/12\/stagpartynight-e1578565505687.png","width":400,"height":400,"caption":"Stag Party Night"},"image":{"@id":"https:\/\/stagpartynight.com\/es\/#\/schema\/logo\/image\/"}}]}},"_links":{"self":[{"href":"https:\/\/stagpartynight.com\/es\/wp-json\/wp\/v2\/product\/3470","targetHints":{"allow":["GET"]}}],"collection":[{"href":"https:\/\/stagpartynight.com\/es\/wp-json\/wp\/v2\/product"}],"about":[{"href":"https:\/\/stagpartynight.com\/es\/wp-json\/wp\/v2\/types\/product"}],"replies":[{"embeddable":true,"href":"https:\/\/stagpartynight.com\/es\/wp-json\/wp\/v2\/comments?post=3470"}],"wp:featuredmedia":[{"embeddable":true,"href":"https:\/\/stagpartynight.com\/es\/wp-json\/wp\/v2\/media\/3710"}],"wp:attachment":[{"href":"https:\/\/stagpartynight.com\/es\/wp-json\/wp\/v2\/media?parent=3470"}],"wp:term":[{"taxonomy":"product_brand","embeddable":true,"href":"https:\/\/stagpartynight.com\/es\/wp-json\/wp\/v2\/product_brand?post=3470"},{"taxonomy":"product_cat","embeddable":true,"href":"https:\/\/stagpartynight.com\/es\/wp-json\/wp\/v2\/product_cat?post=3470"},{"taxonomy":"product_tag","embeddable":true,"href":"https:\/\/stagpartynight.com\/es\/wp-json\/wp\/v2\/product_tag?post=3470"}],"curies":[{"name":"wp","href":"https:\/\/api.w.org\/{rel}","templated":true}]}}