{"id":3471,"date":"2023-12-20T13:26:44","date_gmt":"2023-12-20T12:26:44","guid":{"rendered":"https:\/\/stagpartynight.com\/fr\/?post_type=product&#038;p=2645"},"modified":"2024-01-22T11:20:35","modified_gmt":"2024-01-22T10:20:35","slug":"karting-en-ibiza","status":"publish","type":"product","link":"https:\/\/stagpartynight.com\/es\/product\/karting-en-ibiza\/","title":{"rendered":"Karting en Ibiza"},"content":{"rendered":"<div>Karting en Ibiza. Kart Ibiza. Siente la adrenalina en un circuito donde s\u00f3lo los tres mejores subir\u00e1n al podio con champ\u00e1n.<\/div>\n<div><\/div>\n<div>Las mejores despedidas de soltero con <a href=\"https:\/\/stagpartynight.com\/\">StagParty<\/a>!<\/div>\n<div><\/div>\n<h2 style=\"text-align: center;\">Karting en Ibiza<\/h2>\n<h4>\ud83c\udfce\ufe0f Sensaciones Fuertes en <a href=\"https:\/\/es.wikipedia.org\/wiki\/Ibiza\">Ibiza<\/a>: \u00a1Vive la emoci\u00f3n del karting!<\/h4>\n<div>Prep\u00e1rate para una incomparable dosis de adrenalina en la soleada isla de Ibiza con nuestra incre\u00edble experiencia de karting. Sum\u00e9rjase en la acci\u00f3n y sienta la emoci\u00f3n de la velocidad en nuestra pista de karting. Una aventura imprescindible para los amantes de las emociones fuertes.<\/div>\n<div><\/div>\n<div>Su d\u00eda comenzar\u00e1 con una sesi\u00f3n de entrenamiento, que le permitir\u00e1 familiarizarse con las curvas cerradas y rectas de nuestra pista profesional. Una vez que domine los controles, la emoci\u00f3n aumentar\u00e1 con la fase de eliminaci\u00f3n, en la que s\u00f3lo la cr\u00e8me de la cr\u00e8me pasar\u00e1 a la final.<\/div>\n<div><\/div>\n<div>La carrera final promete una intensa competici\u00f3n en la que luchar\u00e1s por el primer puesto del podio. Respira el aire competitivo, siente la adrenalina palpitante y conduce tu kart con maestr\u00eda para cruzar la l\u00ednea de meta como un h\u00e9roe.<\/div>\n<div><\/div>\n<div>\n<div>El momento tan esperado llega con el podio, donde se celebra y honra a los mejores pilotos. Te espera un momento verdaderamente glorioso, con la entrega de trofeos y una explosi\u00f3n de alegr\u00eda. Pero la experiencia no acaba ah\u00ed; la victoria se saborea por todo lo alto en la ceremonia de entrega de premios. Acompa\u00f1ada de espumoso champ\u00e1n.<\/div>\n<div><\/div>\n<div>Es el momento perfecto para inmortalizar tu victoria, compartir risas y an\u00e9cdotas con tus amigos y brindar por el \u00e9xito de esta memorable aventura. Nuestro karting en Ibiza es mucho m\u00e1s que una carrera&#8230; Es una celebraci\u00f3n de esp\u00edritu competitivo, amistad y pura emoci\u00f3n.<\/div>\n<div><\/div>\n<div>Reserva ahora y sum\u00e9rgete en un d\u00eda de competici\u00f3n, velocidad y celebraci\u00f3n en Ibiza. Acepta el reto del karting con estilo y crea recuerdos inolvidables en la pista y m\u00e1s all\u00e1. \ud83c\udfc1\ud83c\udf7e<\/div>\n<\/div>\n","protected":false},"excerpt":{"rendered":"<p>Karting en Ibiza. Kart Ibiza. Siente la adrenalina en un circuito donde s\u00f3lo los tres mejores subir\u00e1n al podio con champ\u00e1n.<\/p>\n","protected":false},"featured_media":3784,"comment_status":"open","ping_status":"closed","template":"","meta":{"_et_pb_use_builder":"","_et_pb_old_content":"","_et_gb_content_width":""},"product_brand":[],"product_cat":[113,1313],"product_tag":[],"class_list":{"0":"post-3471","1":"product","2":"type-product","3":"status-publish","4":"has-post-thumbnail","6":"product_cat-ibiza","7":"product_cat-uncategorised","9":"first","10":"instock","11":"shipping-taxable","12":"product-type-simple"},"yoast_head":"<!-- This site is optimized with the Yoast SEO plugin v26.4 - https:\/\/yoast.com\/wordpress\/plugins\/seo\/ -->\n<title>Karting en Ibiza<\/title>\n<meta name=\"description\" content=\"Karting en Ibiza. Kart Ibiza. Siente la adrenalina en un circuito donde s\u00f3lo los tres mejores subir\u00e1n al podio con champ\u00e1n.\" \/>\n<meta name=\"robots\" content=\"index, follow, max-snippet:-1, max-image-preview:large, max-video-preview:-1\" \/>\n<link rel=\"canonical\" href=\"https:\/\/stagpartynight.com\/es\/product\/karting-en-ibiza\/\" \/>\n<meta property=\"og:locale\" content=\"es_ES\" \/>\n<meta property=\"og:type\" content=\"article\" \/>\n<meta property=\"og:title\" content=\"Karting en Ibiza\" \/>\n<meta property=\"og:description\" content=\"Karting en Ibiza. Kart Ibiza. Siente la adrenalina en un circuito donde s\u00f3lo los tres mejores subir\u00e1n al podio con champ\u00e1n.\" \/>\n<meta property=\"og:url\" content=\"https:\/\/stagpartynight.com\/es\/product\/karting-en-ibiza\/\" \/>\n<meta property=\"og:site_name\" content=\"Despedida de Soltero\" \/>\n<meta property=\"article:modified_time\" content=\"2024-01-22T10:20:35+00:00\" \/>\n<meta property=\"og:image\" content=\"https:\/\/stagpartynight.com\/es\/wp-content\/uploads\/sites\/2\/2023\/12\/Karting-en-Ibiza.jpg\" \/>\n\t<meta property=\"og:image:width\" content=\"1280\" \/>\n\t<meta property=\"og:image:height\" content=\"854\" \/>\n\t<meta property=\"og:image:type\" content=\"image\/jpeg\" \/>\n<meta name=\"twitter:card\" content=\"summary_large_image\" \/>\n<meta name=\"twitter:label1\" content=\"Tiempo de lectura\" \/>\n\t<meta name=\"twitter:data1\" content=\"2 minutos\" \/>\n<script type=\"application\/ld+json\" class=\"yoast-schema-graph\">{\"@context\":\"https:\/\/schema.org\",\"@graph\":[{\"@type\":\"WebPage\",\"@id\":\"https:\/\/stagpartynight.com\/es\/product\/karting-en-ibiza\/\",\"url\":\"https:\/\/stagpartynight.com\/es\/product\/karting-en-ibiza\/\",\"name\":\"Karting en Ibiza\",\"isPartOf\":{\"@id\":\"https:\/\/stagpartynight.com\/es\/#website\"},\"primaryImageOfPage\":{\"@id\":\"https:\/\/stagpartynight.com\/es\/product\/karting-en-ibiza\/#primaryimage\"},\"image\":{\"@id\":\"https:\/\/stagpartynight.com\/es\/product\/karting-en-ibiza\/#primaryimage\"},\"thumbnailUrl\":\"https:\/\/stagpartynight.com\/es\/wp-content\/uploads\/sites\/2\/2023\/12\/Karting-en-Ibiza.jpg\",\"datePublished\":\"2023-12-20T12:26:44+00:00\",\"dateModified\":\"2024-01-22T10:20:35+00:00\",\"description\":\"Karting en Ibiza. Kart Ibiza. Siente la adrenalina en un circuito donde s\u00f3lo los tres mejores subir\u00e1n al podio con champ\u00e1n.\",\"breadcrumb\":{\"@id\":\"https:\/\/stagpartynight.com\/es\/product\/karting-en-ibiza\/#breadcrumb\"},\"inLanguage\":\"es\",\"potentialAction\":[{\"@type\":\"ReadAction\",\"target\":[\"https:\/\/stagpartynight.com\/es\/product\/karting-en-ibiza\/\"]}]},{\"@type\":\"ImageObject\",\"inLanguage\":\"es\",\"@id\":\"https:\/\/stagpartynight.com\/es\/product\/karting-en-ibiza\/#primaryimage\",\"url\":\"https:\/\/stagpartynight.com\/es\/wp-content\/uploads\/sites\/2\/2023\/12\/Karting-en-Ibiza.jpg\",\"contentUrl\":\"https:\/\/stagpartynight.com\/es\/wp-content\/uploads\/sites\/2\/2023\/12\/Karting-en-Ibiza.jpg\",\"width\":1280,\"height\":854,\"caption\":\"Karting en Ibiza\"},{\"@type\":\"BreadcrumbList\",\"@id\":\"https:\/\/stagpartynight.com\/es\/product\/karting-en-ibiza\/#breadcrumb\",\"itemListElement\":[{\"@type\":\"ListItem\",\"position\":1,\"name\":\"Home\",\"item\":\"https:\/\/stagpartynight.com\/es\/\"},{\"@type\":\"ListItem\",\"position\":2,\"name\":\"Tienda\",\"item\":\"https:\/\/stagpartynight.com\/es\/tienda\/\"},{\"@type\":\"ListItem\",\"position\":3,\"name\":\"Karting en Ibiza\"}]},{\"@type\":\"WebSite\",\"@id\":\"https:\/\/stagpartynight.com\/es\/#website\",\"url\":\"https:\/\/stagpartynight.com\/es\/\",\"name\":\"Stag Party Night\",\"description\":\"Your Stag Party Customized\",\"publisher\":{\"@id\":\"https:\/\/stagpartynight.com\/es\/#organization\"},\"potentialAction\":[{\"@type\":\"SearchAction\",\"target\":{\"@type\":\"EntryPoint\",\"urlTemplate\":\"https:\/\/stagpartynight.com\/es\/?s={search_term_string}\"},\"query-input\":{\"@type\":\"PropertyValueSpecification\",\"valueRequired\":true,\"valueName\":\"search_term_string\"}}],\"inLanguage\":\"es\"},{\"@type\":\"Organization\",\"@id\":\"https:\/\/stagpartynight.com\/es\/#organization\",\"name\":\"Stag Party Night\",\"url\":\"https:\/\/stagpartynight.com\/es\/\",\"logo\":{\"@type\":\"ImageObject\",\"inLanguage\":\"es\",\"@id\":\"https:\/\/stagpartynight.com\/es\/#\/schema\/logo\/image\/\",\"url\":\"https:\/\/stagpartynight.com\/es\/wp-content\/uploads\/sites\/2\/2019\/12\/stagpartynight-e1578565505687.png\",\"contentUrl\":\"https:\/\/stagpartynight.com\/es\/wp-content\/uploads\/sites\/2\/2019\/12\/stagpartynight-e1578565505687.png\",\"width\":400,\"height\":400,\"caption\":\"Stag Party Night\"},\"image\":{\"@id\":\"https:\/\/stagpartynight.com\/es\/#\/schema\/logo\/image\/\"}}]}<\/script>\n<!-- \/ Yoast SEO plugin. -->","yoast_head_json":{"title":"Karting en Ibiza","description":"Karting en Ibiza. Kart Ibiza. Siente la adrenalina en un circuito donde s\u00f3lo los tres mejores subir\u00e1n al podio con champ\u00e1n.","robots":{"index":"index","follow":"follow","max-snippet":"max-snippet:-1","max-image-preview":"max-image-preview:large","max-video-preview":"max-video-preview:-1"},"canonical":"https:\/\/stagpartynight.com\/es\/product\/karting-en-ibiza\/","og_locale":"es_ES","og_type":"article","og_title":"Karting en Ibiza","og_description":"Karting en Ibiza. Kart Ibiza. Siente la adrenalina en un circuito donde s\u00f3lo los tres mejores subir\u00e1n al podio con champ\u00e1n.","og_url":"https:\/\/stagpartynight.com\/es\/product\/karting-en-ibiza\/","og_site_name":"Despedida de Soltero","article_modified_time":"2024-01-22T10:20:35+00:00","og_image":[{"width":1280,"height":854,"url":"https:\/\/stagpartynight.com\/es\/wp-content\/uploads\/sites\/2\/2023\/12\/Karting-en-Ibiza.jpg","type":"image\/jpeg"}],"twitter_card":"summary_large_image","twitter_misc":{"Tiempo de lectura":"2 minutos"},"schema":{"@context":"https:\/\/schema.org","@graph":[{"@type":"WebPage","@id":"https:\/\/stagpartynight.com\/es\/product\/karting-en-ibiza\/","url":"https:\/\/stagpartynight.com\/es\/product\/karting-en-ibiza\/","name":"Karting en Ibiza","isPartOf":{"@id":"https:\/\/stagpartynight.com\/es\/#website"},"primaryImageOfPage":{"@id":"https:\/\/stagpartynight.com\/es\/product\/karting-en-ibiza\/#primaryimage"},"image":{"@id":"https:\/\/stagpartynight.com\/es\/product\/karting-en-ibiza\/#primaryimage"},"thumbnailUrl":"https:\/\/stagpartynight.com\/es\/wp-content\/uploads\/sites\/2\/2023\/12\/Karting-en-Ibiza.jpg","datePublished":"2023-12-20T12:26:44+00:00","dateModified":"2024-01-22T10:20:35+00:00","description":"Karting en Ibiza. Kart Ibiza. Siente la adrenalina en un circuito donde s\u00f3lo los tres mejores subir\u00e1n al podio con champ\u00e1n.","breadcrumb":{"@id":"https:\/\/stagpartynight.com\/es\/product\/karting-en-ibiza\/#breadcrumb"},"inLanguage":"es","potentialAction":[{"@type":"ReadAction","target":["https:\/\/stagpartynight.com\/es\/product\/karting-en-ibiza\/"]}]},{"@type":"ImageObject","inLanguage":"es","@id":"https:\/\/stagpartynight.com\/es\/product\/karting-en-ibiza\/#primaryimage","url":"https:\/\/stagpartynight.com\/es\/wp-content\/uploads\/sites\/2\/2023\/12\/Karting-en-Ibiza.jpg","contentUrl":"https:\/\/stagpartynight.com\/es\/wp-content\/uploads\/sites\/2\/2023\/12\/Karting-en-Ibiza.jpg","width":1280,"height":854,"caption":"Karting en Ibiza"},{"@type":"BreadcrumbList","@id":"https:\/\/stagpartynight.com\/es\/product\/karting-en-ibiza\/#breadcrumb","itemListElement":[{"@type":"ListItem","position":1,"name":"Home","item":"https:\/\/stagpartynight.com\/es\/"},{"@type":"ListItem","position":2,"name":"Tienda","item":"https:\/\/stagpartynight.com\/es\/tienda\/"},{"@type":"ListItem","position":3,"name":"Karting en Ibiza"}]},{"@type":"WebSite","@id":"https:\/\/stagpartynight.com\/es\/#website","url":"https:\/\/stagpartynight.com\/es\/","name":"Stag Party Night","description":"Your Stag Party Customized","publisher":{"@id":"https:\/\/stagpartynight.com\/es\/#organization"},"potentialAction":[{"@type":"SearchAction","target":{"@type":"EntryPoint","urlTemplate":"https:\/\/stagpartynight.com\/es\/?s={search_term_string}"},"query-input":{"@type":"PropertyValueSpecification","valueRequired":true,"valueName":"search_term_string"}}],"inLanguage":"es"},{"@type":"Organization","@id":"https:\/\/stagpartynight.com\/es\/#organization","name":"Stag Party Night","url":"https:\/\/stagpartynight.com\/es\/","logo":{"@type":"ImageObject","inLanguage":"es","@id":"https:\/\/stagpartynight.com\/es\/#\/schema\/logo\/image\/","url":"https:\/\/stagpartynight.com\/es\/wp-content\/uploads\/sites\/2\/2019\/12\/stagpartynight-e1578565505687.png","contentUrl":"https:\/\/stagpartynight.com\/es\/wp-content\/uploads\/sites\/2\/2019\/12\/stagpartynight-e1578565505687.png","width":400,"height":400,"caption":"Stag Party Night"},"image":{"@id":"https:\/\/stagpartynight.com\/es\/#\/schema\/logo\/image\/"}}]}},"_links":{"self":[{"href":"https:\/\/stagpartynight.com\/es\/wp-json\/wp\/v2\/product\/3471","targetHints":{"allow":["GET"]}}],"collection":[{"href":"https:\/\/stagpartynight.com\/es\/wp-json\/wp\/v2\/product"}],"about":[{"href":"https:\/\/stagpartynight.com\/es\/wp-json\/wp\/v2\/types\/product"}],"replies":[{"embeddable":true,"href":"https:\/\/stagpartynight.com\/es\/wp-json\/wp\/v2\/comments?post=3471"}],"wp:featuredmedia":[{"embeddable":true,"href":"https:\/\/stagpartynight.com\/es\/wp-json\/wp\/v2\/media\/3784"}],"wp:attachment":[{"href":"https:\/\/stagpartynight.com\/es\/wp-json\/wp\/v2\/media?parent=3471"}],"wp:term":[{"taxonomy":"product_brand","embeddable":true,"href":"https:\/\/stagpartynight.com\/es\/wp-json\/wp\/v2\/product_brand?post=3471"},{"taxonomy":"product_cat","embeddable":true,"href":"https:\/\/stagpartynight.com\/es\/wp-json\/wp\/v2\/product_cat?post=3471"},{"taxonomy":"product_tag","embeddable":true,"href":"https:\/\/stagpartynight.com\/es\/wp-json\/wp\/v2\/product_tag?post=3471"}],"curies":[{"name":"wp","href":"https:\/\/api.w.org\/{rel}","templated":true}]}}