{"id":3472,"date":"2023-12-20T13:34:12","date_gmt":"2023-12-20T12:34:12","guid":{"rendered":"https:\/\/stagpartynight.com\/fr\/?post_type=product&#038;p=2647"},"modified":"2024-01-22T11:16:53","modified_gmt":"2024-01-22T10:16:53","slug":"excursion-en-land-rover-ibiza","status":"publish","type":"product","link":"https:\/\/stagpartynight.com\/es\/product\/excursion-en-land-rover-ibiza\/","title":{"rendered":"Excursi\u00f3n en Land Rover Ibiza"},"content":{"rendered":"<div>Excursi\u00f3n en Land Rover Ibiza. Land Rover Ibiza. Snorkel, cuevas secretas y mucha adrenalina por los secretos de Ibiza. Salto de altura en el mar para los valientes.<\/div>\n<div><\/div>\n<div>Las mejores despedidas de soltero con <a href=\"https:\/\/stagpartynight.com\/\">StagParty<\/a>!<\/div>\n<div><\/div>\n<h2 style=\"text-align: center;\">Excursi\u00f3n en Land Rover Ibiza<\/h2>\n<h4>\ud83d\ude99 Aventura extrema en Ibiza: \u00a1Safari en Land Rover para los amantes de la adrenalina!<\/h4>\n<div>Prep\u00e1rate para una emocionante aventura en Ibiza con nuestro tour en Land Rover dise\u00f1ado para los amantes de las emociones fuertes. Durante cinco horas inolvidables, descubre la isla blanca de una forma \u00fanica que te dejar\u00e1 vibrando de emoci\u00f3n.<\/div>\n<div><\/div>\n<div>\ud83c\udfde\ufe0f Explore los rincones ocultos de Ibiza en nuestro Land Rover todoterreno. Una experiencia de safari sin igual. Atraviesa sinuosos caminos, sube empinadas colinas y descubre panoramas que te dejar\u00e1n sin aliento.<\/div>\n<div><\/div>\n<div>\ud83e\udd3f Sum\u00e9rgete en las cristalinas aguas de Ibiza con una inolvidable sesi\u00f3n de snorkel. Explore la colorida vida marina y d\u00e9jese hipnotizar por la belleza del fondo marino.<\/div>\n<div><\/div>\n<div>\ud83d\udca6 Para los m\u00e1s valientes, desaf\u00eda a la adrenalina con un refrescante salto al agua desde puntos seleccionados del recorrido. Una experiencia que marcar\u00e1 tu d\u00eda con un toque atrevido.<\/div>\n<div><\/div>\n<div>\ud83c\udfde\ufe0f Descubre cuevas secretas y misteriosas escondidas a lo largo de la costa de Ibiza, a\u00f1adiendo una dimensi\u00f3n intrigante a tu aventura. Nuestro experimentado gu\u00eda te revelar\u00e1 las fascinantes historias que se esconden tras estas formaciones rocosas.<\/div>\n<div>\n<div><\/div>\n<div>\ud83d\ude99 Cada momento de este safari est\u00e1 dise\u00f1ado para liberar adrenalina y ofrecerte una experiencia inigualable en <a href=\"https:\/\/es.wikipedia.org\/wiki\/Ibiza\">Ibiza<\/a>. Reserva ahora y prep\u00e1rate para un d\u00eda de emociones, descubrimientos submarinos y exploraci\u00f3n de los rincones m\u00e1s secretos de la isla.<\/div>\n<div><\/div>\n<div>Viva la aventura definitiva en Ibiza con nuestra excursi\u00f3n en Land Rover, donde la emoci\u00f3n se une a la naturaleza salvaje de esta isla mediterr\u00e1nea. \u00a1Emb\u00e1rquese en un d\u00eda que nunca olvidar\u00e1 en Ibiza! Est\u00e1s preparado para esta aventura? \ud83d\ude99\ud83c\udfdd\ufe0f<\/div>\n<\/div>\n","protected":false},"excerpt":{"rendered":"<p>Excursi\u00f3n en Land Rover Ibiza. Land Rover Ibiza. Snorkel, cuevas secretas y mucha adrenalina por los secretos de Ibiza. Salto de altura en el mar para los valientes.<\/p>\n","protected":false},"featured_media":3782,"comment_status":"open","ping_status":"closed","template":"","meta":{"_et_pb_use_builder":"","_et_pb_old_content":"","_et_gb_content_width":""},"product_brand":[],"product_cat":[113,1313],"product_tag":[],"class_list":{"0":"post-3472","1":"product","2":"type-product","3":"status-publish","4":"has-post-thumbnail","6":"product_cat-ibiza","7":"product_cat-uncategorised","9":"first","10":"instock","11":"shipping-taxable","12":"product-type-simple"},"yoast_head":"<!-- This site is optimized with the Yoast SEO plugin v26.4 - https:\/\/yoast.com\/wordpress\/plugins\/seo\/ -->\n<title>Excursi\u00f3n en Land Rover Ibiza<\/title>\n<meta name=\"description\" content=\"Excursi\u00f3n en Land Rover Ibiza. Land Rover Ibiza. Snorkel, cuevas secretas y mucha adrenalina por los secretos de Ibiza. Salto de altura en el mar.\" \/>\n<meta name=\"robots\" content=\"index, follow, max-snippet:-1, max-image-preview:large, max-video-preview:-1\" \/>\n<link rel=\"canonical\" href=\"https:\/\/stagpartynight.com\/es\/product\/excursion-en-land-rover-ibiza\/\" \/>\n<meta property=\"og:locale\" content=\"es_ES\" \/>\n<meta property=\"og:type\" content=\"article\" \/>\n<meta property=\"og:title\" content=\"Excursi\u00f3n en Land Rover Ibiza\" \/>\n<meta property=\"og:description\" content=\"Excursi\u00f3n en Land Rover Ibiza. Land Rover Ibiza. Snorkel, cuevas secretas y mucha adrenalina por los secretos de Ibiza. Salto de altura en el mar.\" \/>\n<meta property=\"og:url\" content=\"https:\/\/stagpartynight.com\/es\/product\/excursion-en-land-rover-ibiza\/\" \/>\n<meta property=\"og:site_name\" content=\"Despedida de Soltero\" \/>\n<meta property=\"article:modified_time\" content=\"2024-01-22T10:16:53+00:00\" \/>\n<meta property=\"og:image\" content=\"https:\/\/stagpartynight.com\/es\/wp-content\/uploads\/sites\/2\/2023\/12\/Excursion-en-Land-Rover-Ibiza.jpg\" \/>\n\t<meta property=\"og:image:width\" content=\"1280\" \/>\n\t<meta property=\"og:image:height\" content=\"853\" \/>\n\t<meta property=\"og:image:type\" content=\"image\/jpeg\" \/>\n<meta name=\"twitter:card\" content=\"summary_large_image\" \/>\n<meta name=\"twitter:label1\" content=\"Tiempo de lectura\" \/>\n\t<meta name=\"twitter:data1\" content=\"2 minutos\" \/>\n<script type=\"application\/ld+json\" class=\"yoast-schema-graph\">{\"@context\":\"https:\/\/schema.org\",\"@graph\":[{\"@type\":\"WebPage\",\"@id\":\"https:\/\/stagpartynight.com\/es\/product\/excursion-en-land-rover-ibiza\/\",\"url\":\"https:\/\/stagpartynight.com\/es\/product\/excursion-en-land-rover-ibiza\/\",\"name\":\"Excursi\u00f3n en Land Rover Ibiza\",\"isPartOf\":{\"@id\":\"https:\/\/stagpartynight.com\/es\/#website\"},\"primaryImageOfPage\":{\"@id\":\"https:\/\/stagpartynight.com\/es\/product\/excursion-en-land-rover-ibiza\/#primaryimage\"},\"image\":{\"@id\":\"https:\/\/stagpartynight.com\/es\/product\/excursion-en-land-rover-ibiza\/#primaryimage\"},\"thumbnailUrl\":\"https:\/\/stagpartynight.com\/es\/wp-content\/uploads\/sites\/2\/2023\/12\/Excursion-en-Land-Rover-Ibiza.jpg\",\"datePublished\":\"2023-12-20T12:34:12+00:00\",\"dateModified\":\"2024-01-22T10:16:53+00:00\",\"description\":\"Excursi\u00f3n en Land Rover Ibiza. Land Rover Ibiza. Snorkel, cuevas secretas y mucha adrenalina por los secretos de Ibiza. Salto de altura en el mar.\",\"breadcrumb\":{\"@id\":\"https:\/\/stagpartynight.com\/es\/product\/excursion-en-land-rover-ibiza\/#breadcrumb\"},\"inLanguage\":\"es\",\"potentialAction\":[{\"@type\":\"ReadAction\",\"target\":[\"https:\/\/stagpartynight.com\/es\/product\/excursion-en-land-rover-ibiza\/\"]}]},{\"@type\":\"ImageObject\",\"inLanguage\":\"es\",\"@id\":\"https:\/\/stagpartynight.com\/es\/product\/excursion-en-land-rover-ibiza\/#primaryimage\",\"url\":\"https:\/\/stagpartynight.com\/es\/wp-content\/uploads\/sites\/2\/2023\/12\/Excursion-en-Land-Rover-Ibiza.jpg\",\"contentUrl\":\"https:\/\/stagpartynight.com\/es\/wp-content\/uploads\/sites\/2\/2023\/12\/Excursion-en-Land-Rover-Ibiza.jpg\",\"width\":1280,\"height\":853,\"caption\":\"Excursi\u00f3n en Land Rover Ibiza\"},{\"@type\":\"BreadcrumbList\",\"@id\":\"https:\/\/stagpartynight.com\/es\/product\/excursion-en-land-rover-ibiza\/#breadcrumb\",\"itemListElement\":[{\"@type\":\"ListItem\",\"position\":1,\"name\":\"Home\",\"item\":\"https:\/\/stagpartynight.com\/es\/\"},{\"@type\":\"ListItem\",\"position\":2,\"name\":\"Tienda\",\"item\":\"https:\/\/stagpartynight.com\/es\/tienda\/\"},{\"@type\":\"ListItem\",\"position\":3,\"name\":\"Excursi\u00f3n en Land Rover Ibiza\"}]},{\"@type\":\"WebSite\",\"@id\":\"https:\/\/stagpartynight.com\/es\/#website\",\"url\":\"https:\/\/stagpartynight.com\/es\/\",\"name\":\"Stag Party Night\",\"description\":\"Your Stag Party Customized\",\"publisher\":{\"@id\":\"https:\/\/stagpartynight.com\/es\/#organization\"},\"potentialAction\":[{\"@type\":\"SearchAction\",\"target\":{\"@type\":\"EntryPoint\",\"urlTemplate\":\"https:\/\/stagpartynight.com\/es\/?s={search_term_string}\"},\"query-input\":{\"@type\":\"PropertyValueSpecification\",\"valueRequired\":true,\"valueName\":\"search_term_string\"}}],\"inLanguage\":\"es\"},{\"@type\":\"Organization\",\"@id\":\"https:\/\/stagpartynight.com\/es\/#organization\",\"name\":\"Stag Party Night\",\"url\":\"https:\/\/stagpartynight.com\/es\/\",\"logo\":{\"@type\":\"ImageObject\",\"inLanguage\":\"es\",\"@id\":\"https:\/\/stagpartynight.com\/es\/#\/schema\/logo\/image\/\",\"url\":\"https:\/\/stagpartynight.com\/es\/wp-content\/uploads\/sites\/2\/2019\/12\/stagpartynight-e1578565505687.png\",\"contentUrl\":\"https:\/\/stagpartynight.com\/es\/wp-content\/uploads\/sites\/2\/2019\/12\/stagpartynight-e1578565505687.png\",\"width\":400,\"height\":400,\"caption\":\"Stag Party Night\"},\"image\":{\"@id\":\"https:\/\/stagpartynight.com\/es\/#\/schema\/logo\/image\/\"}}]}<\/script>\n<!-- \/ Yoast SEO plugin. -->","yoast_head_json":{"title":"Excursi\u00f3n en Land Rover Ibiza","description":"Excursi\u00f3n en Land Rover Ibiza. Land Rover Ibiza. Snorkel, cuevas secretas y mucha adrenalina por los secretos de Ibiza. Salto de altura en el mar.","robots":{"index":"index","follow":"follow","max-snippet":"max-snippet:-1","max-image-preview":"max-image-preview:large","max-video-preview":"max-video-preview:-1"},"canonical":"https:\/\/stagpartynight.com\/es\/product\/excursion-en-land-rover-ibiza\/","og_locale":"es_ES","og_type":"article","og_title":"Excursi\u00f3n en Land Rover Ibiza","og_description":"Excursi\u00f3n en Land Rover Ibiza. Land Rover Ibiza. Snorkel, cuevas secretas y mucha adrenalina por los secretos de Ibiza. Salto de altura en el mar.","og_url":"https:\/\/stagpartynight.com\/es\/product\/excursion-en-land-rover-ibiza\/","og_site_name":"Despedida de Soltero","article_modified_time":"2024-01-22T10:16:53+00:00","og_image":[{"width":1280,"height":853,"url":"https:\/\/stagpartynight.com\/es\/wp-content\/uploads\/sites\/2\/2023\/12\/Excursion-en-Land-Rover-Ibiza.jpg","type":"image\/jpeg"}],"twitter_card":"summary_large_image","twitter_misc":{"Tiempo de lectura":"2 minutos"},"schema":{"@context":"https:\/\/schema.org","@graph":[{"@type":"WebPage","@id":"https:\/\/stagpartynight.com\/es\/product\/excursion-en-land-rover-ibiza\/","url":"https:\/\/stagpartynight.com\/es\/product\/excursion-en-land-rover-ibiza\/","name":"Excursi\u00f3n en Land Rover Ibiza","isPartOf":{"@id":"https:\/\/stagpartynight.com\/es\/#website"},"primaryImageOfPage":{"@id":"https:\/\/stagpartynight.com\/es\/product\/excursion-en-land-rover-ibiza\/#primaryimage"},"image":{"@id":"https:\/\/stagpartynight.com\/es\/product\/excursion-en-land-rover-ibiza\/#primaryimage"},"thumbnailUrl":"https:\/\/stagpartynight.com\/es\/wp-content\/uploads\/sites\/2\/2023\/12\/Excursion-en-Land-Rover-Ibiza.jpg","datePublished":"2023-12-20T12:34:12+00:00","dateModified":"2024-01-22T10:16:53+00:00","description":"Excursi\u00f3n en Land Rover Ibiza. Land Rover Ibiza. Snorkel, cuevas secretas y mucha adrenalina por los secretos de Ibiza. Salto de altura en el mar.","breadcrumb":{"@id":"https:\/\/stagpartynight.com\/es\/product\/excursion-en-land-rover-ibiza\/#breadcrumb"},"inLanguage":"es","potentialAction":[{"@type":"ReadAction","target":["https:\/\/stagpartynight.com\/es\/product\/excursion-en-land-rover-ibiza\/"]}]},{"@type":"ImageObject","inLanguage":"es","@id":"https:\/\/stagpartynight.com\/es\/product\/excursion-en-land-rover-ibiza\/#primaryimage","url":"https:\/\/stagpartynight.com\/es\/wp-content\/uploads\/sites\/2\/2023\/12\/Excursion-en-Land-Rover-Ibiza.jpg","contentUrl":"https:\/\/stagpartynight.com\/es\/wp-content\/uploads\/sites\/2\/2023\/12\/Excursion-en-Land-Rover-Ibiza.jpg","width":1280,"height":853,"caption":"Excursi\u00f3n en Land Rover Ibiza"},{"@type":"BreadcrumbList","@id":"https:\/\/stagpartynight.com\/es\/product\/excursion-en-land-rover-ibiza\/#breadcrumb","itemListElement":[{"@type":"ListItem","position":1,"name":"Home","item":"https:\/\/stagpartynight.com\/es\/"},{"@type":"ListItem","position":2,"name":"Tienda","item":"https:\/\/stagpartynight.com\/es\/tienda\/"},{"@type":"ListItem","position":3,"name":"Excursi\u00f3n en Land Rover Ibiza"}]},{"@type":"WebSite","@id":"https:\/\/stagpartynight.com\/es\/#website","url":"https:\/\/stagpartynight.com\/es\/","name":"Stag Party Night","description":"Your Stag Party Customized","publisher":{"@id":"https:\/\/stagpartynight.com\/es\/#organization"},"potentialAction":[{"@type":"SearchAction","target":{"@type":"EntryPoint","urlTemplate":"https:\/\/stagpartynight.com\/es\/?s={search_term_string}"},"query-input":{"@type":"PropertyValueSpecification","valueRequired":true,"valueName":"search_term_string"}}],"inLanguage":"es"},{"@type":"Organization","@id":"https:\/\/stagpartynight.com\/es\/#organization","name":"Stag Party Night","url":"https:\/\/stagpartynight.com\/es\/","logo":{"@type":"ImageObject","inLanguage":"es","@id":"https:\/\/stagpartynight.com\/es\/#\/schema\/logo\/image\/","url":"https:\/\/stagpartynight.com\/es\/wp-content\/uploads\/sites\/2\/2019\/12\/stagpartynight-e1578565505687.png","contentUrl":"https:\/\/stagpartynight.com\/es\/wp-content\/uploads\/sites\/2\/2019\/12\/stagpartynight-e1578565505687.png","width":400,"height":400,"caption":"Stag Party Night"},"image":{"@id":"https:\/\/stagpartynight.com\/es\/#\/schema\/logo\/image\/"}}]}},"_links":{"self":[{"href":"https:\/\/stagpartynight.com\/es\/wp-json\/wp\/v2\/product\/3472","targetHints":{"allow":["GET"]}}],"collection":[{"href":"https:\/\/stagpartynight.com\/es\/wp-json\/wp\/v2\/product"}],"about":[{"href":"https:\/\/stagpartynight.com\/es\/wp-json\/wp\/v2\/types\/product"}],"replies":[{"embeddable":true,"href":"https:\/\/stagpartynight.com\/es\/wp-json\/wp\/v2\/comments?post=3472"}],"wp:featuredmedia":[{"embeddable":true,"href":"https:\/\/stagpartynight.com\/es\/wp-json\/wp\/v2\/media\/3782"}],"wp:attachment":[{"href":"https:\/\/stagpartynight.com\/es\/wp-json\/wp\/v2\/media?parent=3472"}],"wp:term":[{"taxonomy":"product_brand","embeddable":true,"href":"https:\/\/stagpartynight.com\/es\/wp-json\/wp\/v2\/product_brand?post=3472"},{"taxonomy":"product_cat","embeddable":true,"href":"https:\/\/stagpartynight.com\/es\/wp-json\/wp\/v2\/product_cat?post=3472"},{"taxonomy":"product_tag","embeddable":true,"href":"https:\/\/stagpartynight.com\/es\/wp-json\/wp\/v2\/product_tag?post=3472"}],"curies":[{"name":"wp","href":"https:\/\/api.w.org\/{rel}","templated":true}]}}