{"id":3473,"date":"2023-12-21T10:11:16","date_gmt":"2023-12-21T09:11:16","guid":{"rendered":"https:\/\/stagpartynight.com\/fr\/?post_type=product&#038;p=2651"},"modified":"2024-01-22T11:10:40","modified_gmt":"2024-01-22T10:10:40","slug":"laser-tag-ibiza","status":"publish","type":"product","link":"https:\/\/stagpartynight.com\/es\/product\/laser-tag-ibiza\/","title":{"rendered":"Laser Tag Ibiza"},"content":{"rendered":"<div>Laser Tag Ibiza. \u00bfListo para una pelea con tus amigos? A tu medida: una o dos horas. \u00bfD\u00f3nde? T\u00fa eliges el lugar, nosotros traemos el equipo.<\/div>\n<div><\/div>\n<div>Las mejores despedidas de soltero con <a href=\"https:\/\/stagpartynight.com\/\">StagParty<\/a>!<\/div>\n<div><\/div>\n<h2 style=\"text-align: center;\">Laser Tag Ibiza<\/h2>\n<h4>\ud83c\udfaf Laser Tag en Ibiza: \u00a1sum\u00e9rgete en la acci\u00f3n virtual!<\/h4>\n<div>\ud83c\udf10 Equ\u00edpate con nuestro equipo digital ultrarrealista para una inmersi\u00f3n total en combate con l\u00e1ser. Elige tu terreno entre la naturaleza, la playa, la ciudad o nuestra arboleda privada, lo que te permitir\u00e1 personalizar tu experiencia para vivir una aventura \u00fanica en Ibiza.<\/div>\n<div><\/div>\n<div>\ud83d\udca1 Misiones cautivadoras, obst\u00e1culos estrat\u00e9gicamente colocados y equipos de \u00faltima generaci\u00f3n crean una atm\u00f3sfera el\u00e9ctrica durante una o dos horas, ofreciendo retos y momentos \u00e9picos.<\/div>\n<div><\/div>\n<div>\ud83d\udc7e Monitores experimentados gu\u00edan a cada jugador, garantizando una experiencia segura y emocionante. Se proporciona todo el equipo necesario, asegurando que cada participante obtenga el m\u00e1ximo provecho de esta experiencia tan divertida.<\/div>\n<div><\/div>\n<div>Reserva ahora para una aventura inolvidable. Sum\u00e9rgete en un mundo de estrategia, adrenalina y acci\u00f3n con nuestras batallas l\u00e1ser \u00fanicas, ya sea en nuestro bosque privado o en el lugar que elijas. La emoci\u00f3n est\u00e1 servida, cada disparo cuenta y cada momento crea recuerdos inolvidables.<\/div>\n<div><\/div>\n<div>\ud83d\ude80 Prep\u00e1rate para una batalla envolvente en la que la tecnolog\u00eda se une a la emoci\u00f3n de la acci\u00f3n. Emb\u00e1rcate en una experiencia en <a href=\"https:\/\/es.wikipedia.org\/wiki\/Ibiza\">Ibiza<\/a>, una aventura virtual e inolvidable.<\/div>\n","protected":false},"excerpt":{"rendered":"<p>Laser Tag Ibiza. \u00bfListo para una pelea con tus amigos? A tu medida: una o dos horas. \u00bfD\u00f3nde? T\u00fa eliges el lugar, nosotros traemos el equipo.<\/p>\n","protected":false},"featured_media":3778,"comment_status":"open","ping_status":"closed","template":"","meta":{"_et_pb_use_builder":"","_et_pb_old_content":"","_et_gb_content_width":""},"product_brand":[],"product_cat":[113,1313],"product_tag":[],"class_list":{"0":"post-3473","1":"product","2":"type-product","3":"status-publish","4":"has-post-thumbnail","6":"product_cat-ibiza","7":"product_cat-uncategorised","9":"first","10":"instock","11":"shipping-taxable","12":"product-type-simple"},"yoast_head":"<!-- This site is optimized with the Yoast SEO Premium plugin v27.5 (Yoast SEO v27.5) - https:\/\/yoast.com\/product\/yoast-seo-premium-wordpress\/ -->\n<title>Laser Tag Ibiza<\/title>\n<meta name=\"description\" content=\"Laser Tag Ibiza. \u00bfListo para una pelea con tus amigos? A tu medida: una o dos horas. \u00bfD\u00f3nde? T\u00fa eliges el lugar, nosotros traemos el equipo.\" \/>\n<meta name=\"robots\" content=\"index, follow, max-snippet:-1, max-image-preview:large, max-video-preview:-1\" \/>\n<link rel=\"canonical\" href=\"https:\/\/stagpartynight.com\/es\/product\/laser-tag-ibiza\/\" \/>\n<meta property=\"og:locale\" content=\"es_ES\" \/>\n<meta property=\"og:type\" content=\"article\" \/>\n<meta property=\"og:title\" content=\"Laser Tag Ibiza\" \/>\n<meta property=\"og:description\" content=\"Laser Tag Ibiza. \u00bfListo para una pelea con tus amigos? A tu medida: una o dos horas. \u00bfD\u00f3nde? T\u00fa eliges el lugar, nosotros traemos el equipo.\" \/>\n<meta property=\"og:url\" content=\"https:\/\/stagpartynight.com\/es\/product\/laser-tag-ibiza\/\" \/>\n<meta property=\"og:site_name\" content=\"Despedida de Soltero\" \/>\n<meta property=\"article:modified_time\" content=\"2024-01-22T10:10:40+00:00\" \/>\n<meta property=\"og:image\" content=\"https:\/\/stagpartynight.com\/es\/wp-content\/uploads\/sites\/2\/2023\/12\/Laser-Tag-Ibiza.jpg\" \/>\n\t<meta property=\"og:image:width\" content=\"538\" \/>\n\t<meta property=\"og:image:height\" content=\"360\" \/>\n\t<meta property=\"og:image:type\" content=\"image\/jpeg\" \/>\n<meta name=\"twitter:card\" content=\"summary_large_image\" \/>\n<meta name=\"twitter:label1\" content=\"Tiempo de lectura\" \/>\n\t<meta name=\"twitter:data1\" content=\"2 minutos\" \/>\n<script type=\"application\/ld+json\" class=\"yoast-schema-graph\">{\"@context\":\"https:\\\/\\\/schema.org\",\"@graph\":[{\"@type\":\"WebPage\",\"@id\":\"https:\\\/\\\/stagpartynight.com\\\/es\\\/product\\\/laser-tag-ibiza\\\/\",\"url\":\"https:\\\/\\\/stagpartynight.com\\\/es\\\/product\\\/laser-tag-ibiza\\\/\",\"name\":\"Laser Tag Ibiza\",\"isPartOf\":{\"@id\":\"https:\\\/\\\/stagpartynight.com\\\/es\\\/#website\"},\"primaryImageOfPage\":{\"@id\":\"https:\\\/\\\/stagpartynight.com\\\/es\\\/product\\\/laser-tag-ibiza\\\/#primaryimage\"},\"image\":{\"@id\":\"https:\\\/\\\/stagpartynight.com\\\/es\\\/product\\\/laser-tag-ibiza\\\/#primaryimage\"},\"thumbnailUrl\":\"https:\\\/\\\/stagpartynight.com\\\/es\\\/wp-content\\\/uploads\\\/sites\\\/2\\\/2023\\\/12\\\/Laser-Tag-Ibiza.jpg\",\"datePublished\":\"2023-12-21T09:11:16+00:00\",\"dateModified\":\"2024-01-22T10:10:40+00:00\",\"description\":\"Laser Tag Ibiza. \u00bfListo para una pelea con tus amigos? A tu medida: una o dos horas. \u00bfD\u00f3nde? T\u00fa eliges el lugar, nosotros traemos el equipo.\",\"breadcrumb\":{\"@id\":\"https:\\\/\\\/stagpartynight.com\\\/es\\\/product\\\/laser-tag-ibiza\\\/#breadcrumb\"},\"inLanguage\":\"es\",\"potentialAction\":[{\"@type\":\"ReadAction\",\"target\":[\"https:\\\/\\\/stagpartynight.com\\\/es\\\/product\\\/laser-tag-ibiza\\\/\"]}]},{\"@type\":\"ImageObject\",\"inLanguage\":\"es\",\"@id\":\"https:\\\/\\\/stagpartynight.com\\\/es\\\/product\\\/laser-tag-ibiza\\\/#primaryimage\",\"url\":\"https:\\\/\\\/stagpartynight.com\\\/es\\\/wp-content\\\/uploads\\\/sites\\\/2\\\/2023\\\/12\\\/Laser-Tag-Ibiza.jpg\",\"contentUrl\":\"https:\\\/\\\/stagpartynight.com\\\/es\\\/wp-content\\\/uploads\\\/sites\\\/2\\\/2023\\\/12\\\/Laser-Tag-Ibiza.jpg\",\"width\":538,\"height\":360,\"caption\":\"Laser Tag Ibiza\"},{\"@type\":\"BreadcrumbList\",\"@id\":\"https:\\\/\\\/stagpartynight.com\\\/es\\\/product\\\/laser-tag-ibiza\\\/#breadcrumb\",\"itemListElement\":[{\"@type\":\"ListItem\",\"position\":1,\"name\":\"Home\",\"item\":\"https:\\\/\\\/stagpartynight.com\\\/es\\\/\"},{\"@type\":\"ListItem\",\"position\":2,\"name\":\"Tienda\",\"item\":\"https:\\\/\\\/stagpartynight.com\\\/es\\\/tienda\\\/\"},{\"@type\":\"ListItem\",\"position\":3,\"name\":\"Laser Tag Ibiza\"}]},{\"@type\":\"WebSite\",\"@id\":\"https:\\\/\\\/stagpartynight.com\\\/es\\\/#website\",\"url\":\"https:\\\/\\\/stagpartynight.com\\\/es\\\/\",\"name\":\"Stag Party Night\",\"description\":\"Your Stag Party Customized\",\"publisher\":{\"@id\":\"https:\\\/\\\/stagpartynight.com\\\/es\\\/#organization\"},\"potentialAction\":[{\"@type\":\"SearchAction\",\"target\":{\"@type\":\"EntryPoint\",\"urlTemplate\":\"https:\\\/\\\/stagpartynight.com\\\/es\\\/?s={search_term_string}\"},\"query-input\":{\"@type\":\"PropertyValueSpecification\",\"valueRequired\":true,\"valueName\":\"search_term_string\"}}],\"inLanguage\":\"es\"},{\"@type\":\"Organization\",\"@id\":\"https:\\\/\\\/stagpartynight.com\\\/es\\\/#organization\",\"name\":\"Stag Party Night\",\"url\":\"https:\\\/\\\/stagpartynight.com\\\/es\\\/\",\"logo\":{\"@type\":\"ImageObject\",\"inLanguage\":\"es\",\"@id\":\"https:\\\/\\\/stagpartynight.com\\\/es\\\/#\\\/schema\\\/logo\\\/image\\\/\",\"url\":\"https:\\\/\\\/stagpartynight.com\\\/es\\\/wp-content\\\/uploads\\\/sites\\\/2\\\/2019\\\/12\\\/stagpartynight-e1578565505687.png\",\"contentUrl\":\"https:\\\/\\\/stagpartynight.com\\\/es\\\/wp-content\\\/uploads\\\/sites\\\/2\\\/2019\\\/12\\\/stagpartynight-e1578565505687.png\",\"width\":400,\"height\":400,\"caption\":\"Stag Party Night\"},\"image\":{\"@id\":\"https:\\\/\\\/stagpartynight.com\\\/es\\\/#\\\/schema\\\/logo\\\/image\\\/\"}}]}<\/script>\n<!-- \/ Yoast SEO Premium plugin. -->","yoast_head_json":{"title":"Laser Tag Ibiza","description":"Laser Tag Ibiza. \u00bfListo para una pelea con tus amigos? A tu medida: una o dos horas. \u00bfD\u00f3nde? T\u00fa eliges el lugar, nosotros traemos el equipo.","robots":{"index":"index","follow":"follow","max-snippet":"max-snippet:-1","max-image-preview":"max-image-preview:large","max-video-preview":"max-video-preview:-1"},"canonical":"https:\/\/stagpartynight.com\/es\/product\/laser-tag-ibiza\/","og_locale":"es_ES","og_type":"article","og_title":"Laser Tag Ibiza","og_description":"Laser Tag Ibiza. \u00bfListo para una pelea con tus amigos? A tu medida: una o dos horas. \u00bfD\u00f3nde? T\u00fa eliges el lugar, nosotros traemos el equipo.","og_url":"https:\/\/stagpartynight.com\/es\/product\/laser-tag-ibiza\/","og_site_name":"Despedida de Soltero","article_modified_time":"2024-01-22T10:10:40+00:00","og_image":[{"width":538,"height":360,"url":"https:\/\/stagpartynight.com\/es\/wp-content\/uploads\/sites\/2\/2023\/12\/Laser-Tag-Ibiza.jpg","type":"image\/jpeg"}],"twitter_card":"summary_large_image","twitter_misc":{"Tiempo de lectura":"2 minutos"},"schema":{"@context":"https:\/\/schema.org","@graph":[{"@type":"WebPage","@id":"https:\/\/stagpartynight.com\/es\/product\/laser-tag-ibiza\/","url":"https:\/\/stagpartynight.com\/es\/product\/laser-tag-ibiza\/","name":"Laser Tag Ibiza","isPartOf":{"@id":"https:\/\/stagpartynight.com\/es\/#website"},"primaryImageOfPage":{"@id":"https:\/\/stagpartynight.com\/es\/product\/laser-tag-ibiza\/#primaryimage"},"image":{"@id":"https:\/\/stagpartynight.com\/es\/product\/laser-tag-ibiza\/#primaryimage"},"thumbnailUrl":"https:\/\/stagpartynight.com\/es\/wp-content\/uploads\/sites\/2\/2023\/12\/Laser-Tag-Ibiza.jpg","datePublished":"2023-12-21T09:11:16+00:00","dateModified":"2024-01-22T10:10:40+00:00","description":"Laser Tag Ibiza. \u00bfListo para una pelea con tus amigos? A tu medida: una o dos horas. \u00bfD\u00f3nde? T\u00fa eliges el lugar, nosotros traemos el equipo.","breadcrumb":{"@id":"https:\/\/stagpartynight.com\/es\/product\/laser-tag-ibiza\/#breadcrumb"},"inLanguage":"es","potentialAction":[{"@type":"ReadAction","target":["https:\/\/stagpartynight.com\/es\/product\/laser-tag-ibiza\/"]}]},{"@type":"ImageObject","inLanguage":"es","@id":"https:\/\/stagpartynight.com\/es\/product\/laser-tag-ibiza\/#primaryimage","url":"https:\/\/stagpartynight.com\/es\/wp-content\/uploads\/sites\/2\/2023\/12\/Laser-Tag-Ibiza.jpg","contentUrl":"https:\/\/stagpartynight.com\/es\/wp-content\/uploads\/sites\/2\/2023\/12\/Laser-Tag-Ibiza.jpg","width":538,"height":360,"caption":"Laser Tag Ibiza"},{"@type":"BreadcrumbList","@id":"https:\/\/stagpartynight.com\/es\/product\/laser-tag-ibiza\/#breadcrumb","itemListElement":[{"@type":"ListItem","position":1,"name":"Home","item":"https:\/\/stagpartynight.com\/es\/"},{"@type":"ListItem","position":2,"name":"Tienda","item":"https:\/\/stagpartynight.com\/es\/tienda\/"},{"@type":"ListItem","position":3,"name":"Laser Tag Ibiza"}]},{"@type":"WebSite","@id":"https:\/\/stagpartynight.com\/es\/#website","url":"https:\/\/stagpartynight.com\/es\/","name":"Stag Party Night","description":"Your Stag Party Customized","publisher":{"@id":"https:\/\/stagpartynight.com\/es\/#organization"},"potentialAction":[{"@type":"SearchAction","target":{"@type":"EntryPoint","urlTemplate":"https:\/\/stagpartynight.com\/es\/?s={search_term_string}"},"query-input":{"@type":"PropertyValueSpecification","valueRequired":true,"valueName":"search_term_string"}}],"inLanguage":"es"},{"@type":"Organization","@id":"https:\/\/stagpartynight.com\/es\/#organization","name":"Stag Party Night","url":"https:\/\/stagpartynight.com\/es\/","logo":{"@type":"ImageObject","inLanguage":"es","@id":"https:\/\/stagpartynight.com\/es\/#\/schema\/logo\/image\/","url":"https:\/\/stagpartynight.com\/es\/wp-content\/uploads\/sites\/2\/2019\/12\/stagpartynight-e1578565505687.png","contentUrl":"https:\/\/stagpartynight.com\/es\/wp-content\/uploads\/sites\/2\/2019\/12\/stagpartynight-e1578565505687.png","width":400,"height":400,"caption":"Stag Party Night"},"image":{"@id":"https:\/\/stagpartynight.com\/es\/#\/schema\/logo\/image\/"}}]}},"_links":{"self":[{"href":"https:\/\/stagpartynight.com\/es\/wp-json\/wp\/v2\/product\/3473","targetHints":{"allow":["GET"]}}],"collection":[{"href":"https:\/\/stagpartynight.com\/es\/wp-json\/wp\/v2\/product"}],"about":[{"href":"https:\/\/stagpartynight.com\/es\/wp-json\/wp\/v2\/types\/product"}],"replies":[{"embeddable":true,"href":"https:\/\/stagpartynight.com\/es\/wp-json\/wp\/v2\/comments?post=3473"}],"wp:featuredmedia":[{"embeddable":true,"href":"https:\/\/stagpartynight.com\/es\/wp-json\/wp\/v2\/media\/3778"}],"wp:attachment":[{"href":"https:\/\/stagpartynight.com\/es\/wp-json\/wp\/v2\/media?parent=3473"}],"wp:term":[{"taxonomy":"product_brand","embeddable":true,"href":"https:\/\/stagpartynight.com\/es\/wp-json\/wp\/v2\/product_brand?post=3473"},{"taxonomy":"product_cat","embeddable":true,"href":"https:\/\/stagpartynight.com\/es\/wp-json\/wp\/v2\/product_cat?post=3473"},{"taxonomy":"product_tag","embeddable":true,"href":"https:\/\/stagpartynight.com\/es\/wp-json\/wp\/v2\/product_tag?post=3473"}],"curies":[{"name":"wp","href":"https:\/\/api.w.org\/{rel}","templated":true}]}}