{"id":3474,"date":"2023-12-21T10:33:29","date_gmt":"2023-12-21T09:33:29","guid":{"rendered":"https:\/\/stagpartynight.com\/fr\/?post_type=product&#038;p=2653"},"modified":"2024-01-22T11:06:02","modified_gmt":"2024-01-22T10:06:02","slug":"moto-de-agua-ibiza","status":"publish","type":"product","link":"https:\/\/stagpartynight.com\/es\/product\/moto-de-agua-ibiza\/","title":{"rendered":"Moto de Agua Ibiza"},"content":{"rendered":"<div>Moto de Agua Ibiza. Jet Ski. Una hora de moto acu\u00e1tica en las aguas cristalinas de Ibiza. \u00bfPreparado para la aventura?<\/div>\n<div><\/div>\n<div>Las mejores despedidas de soltero con <a href=\"https:\/\/stagpartynight.com\/\">StagParty<\/a>!<\/div>\n<div><\/div>\n<h2 style=\"text-align: center;\">Moto de Agua Ibiza<\/h2>\n<h4>\ud83c\udf0a Motos acu\u00e1ticas en Ibiza: \u00a1emociones en las aguas cristalinas!<\/h4>\n<div>\ud83d\udca6 Emb\u00e1rcate en una emocionante aventura con nuestra actividad de motos de agua en Ibiza. Te espera una hora de pura emoci\u00f3n en las cristalinas aguas del Mediterr\u00e1neo.<\/div>\n<div><\/div>\n<div>\ud83c\udfc4\u200d\u2642\ufe0f Pilota tu propia moto de agua y siente la libertad de partir las olas. Una experiencia electrizante que combina adrenalina y paisajes impresionantes.<\/div>\n<div><\/div>\n<div>\ud83d\udc6b Puedes compartir la experiencia con un amigo, ya que nuestras motos acu\u00e1ticas tienen capacidad para dos personas. Una forma ideal de crear recuerdos inolvidables para dos.<\/div>\n<div><\/div>\n<div>\ud83c\udf05 Disfruta de impresionantes panor\u00e1micas a lo largo de la costa de Ibiza mientras exploras calas solitarias y playas v\u00edrgenes.<\/div>\n<div><\/div>\n<div>\ud83d\udc59 Todo el equipo necesario est\u00e1 incluido, garantizando una experiencia segura y c\u00f3moda. Da rienda suelta a tu esp\u00edritu aventurero y sum\u00e9rgete en esta aventura acu\u00e1tica.<\/div>\n<div><\/div>\n<div>\ud83d\ude80 Reserva ya tu sesi\u00f3n de moto de agua en Ibiza y descubre la magia del Mediterr\u00e1neo de una forma \u00fanica. D\u00e9jate llevar por la velocidad, el viento y el brillo del sol sobre el agua.<\/div>\n<div><\/div>\n<div>\ud83c\udf0a <a href=\"https:\/\/es.wikipedia.org\/wiki\/Ibiza\">Ibiza<\/a> te espera para vivir una aventura n\u00e1utica excepcional. S\u00fabete a bordo de nuestras motos de agua y crea recuerdos que quedar\u00e1n grabados en tu coraz\u00f3n. \ud83c\udfc4\u200d\u2640\ufe0f\u2728<\/div>\n","protected":false},"excerpt":{"rendered":"<p>Moto de Agua Ibiza. Jet Ski. Una hora de moto acu\u00e1tica en las aguas cristalinas de Ibiza. \u00bfPreparado para la aventura? Experiencia acu\u00e1tica Ibiza.<\/p>\n","protected":false},"featured_media":3776,"comment_status":"open","ping_status":"closed","template":"","meta":{"_et_pb_use_builder":"","_et_pb_old_content":"","_et_gb_content_width":""},"product_brand":[],"product_cat":[113,1313],"product_tag":[],"class_list":{"0":"post-3474","1":"product","2":"type-product","3":"status-publish","4":"has-post-thumbnail","6":"product_cat-ibiza","7":"product_cat-uncategorised","9":"first","10":"instock","11":"shipping-taxable","12":"product-type-simple"},"yoast_head":"<!-- This site is optimized with the Yoast SEO plugin v26.4 - https:\/\/yoast.com\/wordpress\/plugins\/seo\/ -->\n<title>Moto de Agua Ibiza<\/title>\n<meta name=\"description\" content=\"Moto de Agua Ibiza. Jet Ski. Una hora de moto acu\u00e1tica en las aguas cristalinas de Ibiza. \u00bfPreparado para la aventura? Experiencia acu\u00e1tica Ibiza.\" \/>\n<meta name=\"robots\" content=\"index, follow, max-snippet:-1, max-image-preview:large, max-video-preview:-1\" \/>\n<link rel=\"canonical\" href=\"https:\/\/stagpartynight.com\/es\/product\/moto-de-agua-ibiza\/\" \/>\n<meta property=\"og:locale\" content=\"es_ES\" \/>\n<meta property=\"og:type\" content=\"article\" \/>\n<meta property=\"og:title\" content=\"Moto de Agua Ibiza\" \/>\n<meta property=\"og:description\" content=\"Moto de Agua Ibiza. Jet Ski. Una hora de moto acu\u00e1tica en las aguas cristalinas de Ibiza. \u00bfPreparado para la aventura? Experiencia acu\u00e1tica Ibiza.\" \/>\n<meta property=\"og:url\" content=\"https:\/\/stagpartynight.com\/es\/product\/moto-de-agua-ibiza\/\" \/>\n<meta property=\"og:site_name\" content=\"Despedida de Soltero\" \/>\n<meta property=\"article:modified_time\" content=\"2024-01-22T10:06:02+00:00\" \/>\n<meta property=\"og:image\" content=\"https:\/\/stagpartynight.com\/es\/wp-content\/uploads\/sites\/2\/2023\/12\/Moto-de-Agua-Ibiza.jpg\" \/>\n\t<meta property=\"og:image:width\" content=\"640\" \/>\n\t<meta property=\"og:image:height\" content=\"480\" \/>\n\t<meta property=\"og:image:type\" content=\"image\/jpeg\" \/>\n<meta name=\"twitter:card\" content=\"summary_large_image\" \/>\n<meta name=\"twitter:label1\" content=\"Tiempo de lectura\" \/>\n\t<meta name=\"twitter:data1\" content=\"2 minutos\" \/>\n<script type=\"application\/ld+json\" class=\"yoast-schema-graph\">{\"@context\":\"https:\/\/schema.org\",\"@graph\":[{\"@type\":\"WebPage\",\"@id\":\"https:\/\/stagpartynight.com\/es\/product\/moto-de-agua-ibiza\/\",\"url\":\"https:\/\/stagpartynight.com\/es\/product\/moto-de-agua-ibiza\/\",\"name\":\"Moto de Agua Ibiza\",\"isPartOf\":{\"@id\":\"https:\/\/stagpartynight.com\/es\/#website\"},\"primaryImageOfPage\":{\"@id\":\"https:\/\/stagpartynight.com\/es\/product\/moto-de-agua-ibiza\/#primaryimage\"},\"image\":{\"@id\":\"https:\/\/stagpartynight.com\/es\/product\/moto-de-agua-ibiza\/#primaryimage\"},\"thumbnailUrl\":\"https:\/\/stagpartynight.com\/es\/wp-content\/uploads\/sites\/2\/2023\/12\/Moto-de-Agua-Ibiza.jpg\",\"datePublished\":\"2023-12-21T09:33:29+00:00\",\"dateModified\":\"2024-01-22T10:06:02+00:00\",\"description\":\"Moto de Agua Ibiza. Jet Ski. Una hora de moto acu\u00e1tica en las aguas cristalinas de Ibiza. \u00bfPreparado para la aventura? Experiencia acu\u00e1tica Ibiza.\",\"breadcrumb\":{\"@id\":\"https:\/\/stagpartynight.com\/es\/product\/moto-de-agua-ibiza\/#breadcrumb\"},\"inLanguage\":\"es\",\"potentialAction\":[{\"@type\":\"ReadAction\",\"target\":[\"https:\/\/stagpartynight.com\/es\/product\/moto-de-agua-ibiza\/\"]}]},{\"@type\":\"ImageObject\",\"inLanguage\":\"es\",\"@id\":\"https:\/\/stagpartynight.com\/es\/product\/moto-de-agua-ibiza\/#primaryimage\",\"url\":\"https:\/\/stagpartynight.com\/es\/wp-content\/uploads\/sites\/2\/2023\/12\/Moto-de-Agua-Ibiza.jpg\",\"contentUrl\":\"https:\/\/stagpartynight.com\/es\/wp-content\/uploads\/sites\/2\/2023\/12\/Moto-de-Agua-Ibiza.jpg\",\"width\":640,\"height\":480,\"caption\":\"Moto de Agua Ibiza\"},{\"@type\":\"BreadcrumbList\",\"@id\":\"https:\/\/stagpartynight.com\/es\/product\/moto-de-agua-ibiza\/#breadcrumb\",\"itemListElement\":[{\"@type\":\"ListItem\",\"position\":1,\"name\":\"Home\",\"item\":\"https:\/\/stagpartynight.com\/es\/\"},{\"@type\":\"ListItem\",\"position\":2,\"name\":\"Tienda\",\"item\":\"https:\/\/stagpartynight.com\/es\/tienda\/\"},{\"@type\":\"ListItem\",\"position\":3,\"name\":\"Moto de Agua Ibiza\"}]},{\"@type\":\"WebSite\",\"@id\":\"https:\/\/stagpartynight.com\/es\/#website\",\"url\":\"https:\/\/stagpartynight.com\/es\/\",\"name\":\"Stag Party Night\",\"description\":\"Your Stag Party Customized\",\"publisher\":{\"@id\":\"https:\/\/stagpartynight.com\/es\/#organization\"},\"potentialAction\":[{\"@type\":\"SearchAction\",\"target\":{\"@type\":\"EntryPoint\",\"urlTemplate\":\"https:\/\/stagpartynight.com\/es\/?s={search_term_string}\"},\"query-input\":{\"@type\":\"PropertyValueSpecification\",\"valueRequired\":true,\"valueName\":\"search_term_string\"}}],\"inLanguage\":\"es\"},{\"@type\":\"Organization\",\"@id\":\"https:\/\/stagpartynight.com\/es\/#organization\",\"name\":\"Stag Party Night\",\"url\":\"https:\/\/stagpartynight.com\/es\/\",\"logo\":{\"@type\":\"ImageObject\",\"inLanguage\":\"es\",\"@id\":\"https:\/\/stagpartynight.com\/es\/#\/schema\/logo\/image\/\",\"url\":\"https:\/\/stagpartynight.com\/es\/wp-content\/uploads\/sites\/2\/2019\/12\/stagpartynight-e1578565505687.png\",\"contentUrl\":\"https:\/\/stagpartynight.com\/es\/wp-content\/uploads\/sites\/2\/2019\/12\/stagpartynight-e1578565505687.png\",\"width\":400,\"height\":400,\"caption\":\"Stag Party Night\"},\"image\":{\"@id\":\"https:\/\/stagpartynight.com\/es\/#\/schema\/logo\/image\/\"}}]}<\/script>\n<!-- \/ Yoast SEO plugin. -->","yoast_head_json":{"title":"Moto de Agua Ibiza","description":"Moto de Agua Ibiza. Jet Ski. Una hora de moto acu\u00e1tica en las aguas cristalinas de Ibiza. \u00bfPreparado para la aventura? Experiencia acu\u00e1tica Ibiza.","robots":{"index":"index","follow":"follow","max-snippet":"max-snippet:-1","max-image-preview":"max-image-preview:large","max-video-preview":"max-video-preview:-1"},"canonical":"https:\/\/stagpartynight.com\/es\/product\/moto-de-agua-ibiza\/","og_locale":"es_ES","og_type":"article","og_title":"Moto de Agua Ibiza","og_description":"Moto de Agua Ibiza. Jet Ski. Una hora de moto acu\u00e1tica en las aguas cristalinas de Ibiza. \u00bfPreparado para la aventura? Experiencia acu\u00e1tica Ibiza.","og_url":"https:\/\/stagpartynight.com\/es\/product\/moto-de-agua-ibiza\/","og_site_name":"Despedida de Soltero","article_modified_time":"2024-01-22T10:06:02+00:00","og_image":[{"width":640,"height":480,"url":"https:\/\/stagpartynight.com\/es\/wp-content\/uploads\/sites\/2\/2023\/12\/Moto-de-Agua-Ibiza.jpg","type":"image\/jpeg"}],"twitter_card":"summary_large_image","twitter_misc":{"Tiempo de lectura":"2 minutos"},"schema":{"@context":"https:\/\/schema.org","@graph":[{"@type":"WebPage","@id":"https:\/\/stagpartynight.com\/es\/product\/moto-de-agua-ibiza\/","url":"https:\/\/stagpartynight.com\/es\/product\/moto-de-agua-ibiza\/","name":"Moto de Agua Ibiza","isPartOf":{"@id":"https:\/\/stagpartynight.com\/es\/#website"},"primaryImageOfPage":{"@id":"https:\/\/stagpartynight.com\/es\/product\/moto-de-agua-ibiza\/#primaryimage"},"image":{"@id":"https:\/\/stagpartynight.com\/es\/product\/moto-de-agua-ibiza\/#primaryimage"},"thumbnailUrl":"https:\/\/stagpartynight.com\/es\/wp-content\/uploads\/sites\/2\/2023\/12\/Moto-de-Agua-Ibiza.jpg","datePublished":"2023-12-21T09:33:29+00:00","dateModified":"2024-01-22T10:06:02+00:00","description":"Moto de Agua Ibiza. Jet Ski. Una hora de moto acu\u00e1tica en las aguas cristalinas de Ibiza. \u00bfPreparado para la aventura? Experiencia acu\u00e1tica Ibiza.","breadcrumb":{"@id":"https:\/\/stagpartynight.com\/es\/product\/moto-de-agua-ibiza\/#breadcrumb"},"inLanguage":"es","potentialAction":[{"@type":"ReadAction","target":["https:\/\/stagpartynight.com\/es\/product\/moto-de-agua-ibiza\/"]}]},{"@type":"ImageObject","inLanguage":"es","@id":"https:\/\/stagpartynight.com\/es\/product\/moto-de-agua-ibiza\/#primaryimage","url":"https:\/\/stagpartynight.com\/es\/wp-content\/uploads\/sites\/2\/2023\/12\/Moto-de-Agua-Ibiza.jpg","contentUrl":"https:\/\/stagpartynight.com\/es\/wp-content\/uploads\/sites\/2\/2023\/12\/Moto-de-Agua-Ibiza.jpg","width":640,"height":480,"caption":"Moto de Agua Ibiza"},{"@type":"BreadcrumbList","@id":"https:\/\/stagpartynight.com\/es\/product\/moto-de-agua-ibiza\/#breadcrumb","itemListElement":[{"@type":"ListItem","position":1,"name":"Home","item":"https:\/\/stagpartynight.com\/es\/"},{"@type":"ListItem","position":2,"name":"Tienda","item":"https:\/\/stagpartynight.com\/es\/tienda\/"},{"@type":"ListItem","position":3,"name":"Moto de Agua Ibiza"}]},{"@type":"WebSite","@id":"https:\/\/stagpartynight.com\/es\/#website","url":"https:\/\/stagpartynight.com\/es\/","name":"Stag Party Night","description":"Your Stag Party Customized","publisher":{"@id":"https:\/\/stagpartynight.com\/es\/#organization"},"potentialAction":[{"@type":"SearchAction","target":{"@type":"EntryPoint","urlTemplate":"https:\/\/stagpartynight.com\/es\/?s={search_term_string}"},"query-input":{"@type":"PropertyValueSpecification","valueRequired":true,"valueName":"search_term_string"}}],"inLanguage":"es"},{"@type":"Organization","@id":"https:\/\/stagpartynight.com\/es\/#organization","name":"Stag Party Night","url":"https:\/\/stagpartynight.com\/es\/","logo":{"@type":"ImageObject","inLanguage":"es","@id":"https:\/\/stagpartynight.com\/es\/#\/schema\/logo\/image\/","url":"https:\/\/stagpartynight.com\/es\/wp-content\/uploads\/sites\/2\/2019\/12\/stagpartynight-e1578565505687.png","contentUrl":"https:\/\/stagpartynight.com\/es\/wp-content\/uploads\/sites\/2\/2019\/12\/stagpartynight-e1578565505687.png","width":400,"height":400,"caption":"Stag Party Night"},"image":{"@id":"https:\/\/stagpartynight.com\/es\/#\/schema\/logo\/image\/"}}]}},"_links":{"self":[{"href":"https:\/\/stagpartynight.com\/es\/wp-json\/wp\/v2\/product\/3474","targetHints":{"allow":["GET"]}}],"collection":[{"href":"https:\/\/stagpartynight.com\/es\/wp-json\/wp\/v2\/product"}],"about":[{"href":"https:\/\/stagpartynight.com\/es\/wp-json\/wp\/v2\/types\/product"}],"replies":[{"embeddable":true,"href":"https:\/\/stagpartynight.com\/es\/wp-json\/wp\/v2\/comments?post=3474"}],"wp:featuredmedia":[{"embeddable":true,"href":"https:\/\/stagpartynight.com\/es\/wp-json\/wp\/v2\/media\/3776"}],"wp:attachment":[{"href":"https:\/\/stagpartynight.com\/es\/wp-json\/wp\/v2\/media?parent=3474"}],"wp:term":[{"taxonomy":"product_brand","embeddable":true,"href":"https:\/\/stagpartynight.com\/es\/wp-json\/wp\/v2\/product_brand?post=3474"},{"taxonomy":"product_cat","embeddable":true,"href":"https:\/\/stagpartynight.com\/es\/wp-json\/wp\/v2\/product_cat?post=3474"},{"taxonomy":"product_tag","embeddable":true,"href":"https:\/\/stagpartynight.com\/es\/wp-json\/wp\/v2\/product_tag?post=3474"}],"curies":[{"name":"wp","href":"https:\/\/api.w.org\/{rel}","templated":true}]}}