{"id":3476,"date":"2023-12-21T11:07:20","date_gmt":"2023-12-21T10:07:20","guid":{"rendered":"https:\/\/stagpartynight.com\/fr\/?post_type=product&#038;p=2659"},"modified":"2024-01-19T13:43:13","modified_gmt":"2024-01-19T12:43:13","slug":"tour-de-snorkel-ibiza","status":"publish","type":"product","link":"https:\/\/stagpartynight.com\/es\/product\/tour-de-snorkel-ibiza\/","title":{"rendered":"Tour de Snorkel Ibiza"},"content":{"rendered":"<div>Tour de Snorkel Ibiza. Excursi\u00f3n a Ibiza con m\u00e1scara y tubo. Una excursi\u00f3n de tres horas por misteriosas cuevas. Incluye paddle surf.<\/div>\n<div><\/div>\n<div>Las mejores despedidas de soltero con <a href=\"https:\/\/stagpartynight.com\/\">Stagparty<\/a>!<\/div>\n<div><\/div>\n<h2 style=\"text-align: center;\">Tour de Snorkel Ibiza<\/h2>\n<h4>\ud83c\udf0a Exploraci\u00f3n submarina en Ibiza: \u00a1Sum\u00e9rgete en los misterios de las cuevas marinas!<\/h4>\n<div>\ud83d\udc20 Explora las maravillas ocultas de las aguas cristalinas de Ibiza con nuestra exclusiva excursi\u00f3n de snorkel, una aventura de inmersi\u00f3n en el coraz\u00f3n de las cuevas marinas.<\/div>\n<div><\/div>\n<div>\ud83d\udea4 Una excursi\u00f3n de tres horas te lleva en un viaje cautivador, explorando rincones secretos e impresionantes formaciones rocosas de la isla blanca.<\/div>\n<div><\/div>\n<div>\ud83e\udd3f Sum\u00e9rgete en el mundo submarino con un snorkel, descubriendo la diversa vida marina y los impresionantes paisajes submarinos.<\/div>\n<div><\/div>\n<div>\ud83c\udfc4\u200d\u2642\ufe0f Enriquece tu aventura con el paddle surf, a\u00f1adiendo una dosis de emoci\u00f3n y equilibrio a tu exploraci\u00f3n acu\u00e1tica.<\/div>\n<div><\/div>\n<div>\ud83d\udc53 Todo el equipo necesario est\u00e1 incluido, garantizando una experiencia sin preocupaciones. Sum\u00e9rgete equipado, listo para descubrir los tesoros ocultos del Mediterr\u00e1neo.<\/div>\n<div><\/div>\n<div>\ud83c\udf79 Refr\u00e9scate con las bebidas incluidas durante la excursi\u00f3n, lo que te proporcionar\u00e1 un vigorizante descanso mientras disfrutas del sol y de las vistas panor\u00e1micas.<\/div>\n<div><\/div>\n<div>\ud83c\udf05 Vive momentos m\u00e1gicos mientras exploras cuevas rec\u00f3nditas y calas v\u00edrgenes. Creando recuerdos que durar\u00e1n toda la vida.<\/div>\n<div><\/div>\n<div>\ud83d\udc1a Reserva ya tu experiencia de snorkel en Ibiza. \u00a1Sum\u00e9rgete en una aventura acu\u00e1tica inolvidable! La naturaleza submarina y la belleza de las cuevas de <a href=\"https:\/\/es.wikipedia.org\/wiki\/Ibiza\">Ibiza<\/a> te cautivar\u00e1n. \ud83c\udf0a\ud83d\ude80<\/div>\n","protected":false},"excerpt":{"rendered":"<p>Tour de Snorkel Ibiza. Excursi\u00f3n a Ibiza con m\u00e1scara y tubo. Una excursi\u00f3n de tres horas por misteriosas cuevas. Incluye paddle surf.<\/p>\n","protected":false},"featured_media":3768,"comment_status":"open","ping_status":"closed","template":"","meta":{"_et_pb_use_builder":"","_et_pb_old_content":"","_et_gb_content_width":""},"product_brand":[],"product_cat":[113,1313],"product_tag":[],"class_list":{"0":"post-3476","1":"product","2":"type-product","3":"status-publish","4":"has-post-thumbnail","6":"product_cat-ibiza","7":"product_cat-uncategorised","9":"first","10":"instock","11":"shipping-taxable","12":"product-type-simple"},"yoast_head":"<!-- This site is optimized with the Yoast SEO plugin v26.4 - https:\/\/yoast.com\/wordpress\/plugins\/seo\/ -->\n<title>Tour de Snorkel Ibiza<\/title>\n<meta name=\"description\" content=\"Tour de Snorkel Ibiza. Excursi\u00f3n a Ibiza con m\u00e1scara y tubo. Una excursi\u00f3n de tres horas por misteriosas cuevas. Incluye paddle surf.\" \/>\n<meta name=\"robots\" content=\"index, follow, max-snippet:-1, max-image-preview:large, max-video-preview:-1\" \/>\n<link rel=\"canonical\" href=\"https:\/\/stagpartynight.com\/es\/product\/tour-de-snorkel-ibiza\/\" \/>\n<meta property=\"og:locale\" content=\"es_ES\" \/>\n<meta property=\"og:type\" content=\"article\" \/>\n<meta property=\"og:title\" content=\"Tour de Snorkel Ibiza\" \/>\n<meta property=\"og:description\" content=\"Tour de Snorkel Ibiza. Excursi\u00f3n a Ibiza con m\u00e1scara y tubo. Una excursi\u00f3n de tres horas por misteriosas cuevas. Incluye paddle surf.\" \/>\n<meta property=\"og:url\" content=\"https:\/\/stagpartynight.com\/es\/product\/tour-de-snorkel-ibiza\/\" \/>\n<meta property=\"og:site_name\" content=\"Despedida de Soltero\" \/>\n<meta property=\"article:modified_time\" content=\"2024-01-19T12:43:13+00:00\" \/>\n<meta property=\"og:image\" content=\"https:\/\/stagpartynight.com\/es\/wp-content\/uploads\/sites\/2\/2023\/12\/Tour-de-Snorkel-Ibiza.jpg\" \/>\n\t<meta property=\"og:image:width\" content=\"640\" \/>\n\t<meta property=\"og:image:height\" content=\"360\" \/>\n\t<meta property=\"og:image:type\" content=\"image\/jpeg\" \/>\n<meta name=\"twitter:card\" content=\"summary_large_image\" \/>\n<meta name=\"twitter:label1\" content=\"Tiempo de lectura\" \/>\n\t<meta name=\"twitter:data1\" content=\"2 minutos\" \/>\n<script type=\"application\/ld+json\" class=\"yoast-schema-graph\">{\"@context\":\"https:\/\/schema.org\",\"@graph\":[{\"@type\":\"WebPage\",\"@id\":\"https:\/\/stagpartynight.com\/es\/product\/tour-de-snorkel-ibiza\/\",\"url\":\"https:\/\/stagpartynight.com\/es\/product\/tour-de-snorkel-ibiza\/\",\"name\":\"Tour de Snorkel Ibiza\",\"isPartOf\":{\"@id\":\"https:\/\/stagpartynight.com\/es\/#website\"},\"primaryImageOfPage\":{\"@id\":\"https:\/\/stagpartynight.com\/es\/product\/tour-de-snorkel-ibiza\/#primaryimage\"},\"image\":{\"@id\":\"https:\/\/stagpartynight.com\/es\/product\/tour-de-snorkel-ibiza\/#primaryimage\"},\"thumbnailUrl\":\"https:\/\/stagpartynight.com\/es\/wp-content\/uploads\/sites\/2\/2023\/12\/Tour-de-Snorkel-Ibiza.jpg\",\"datePublished\":\"2023-12-21T10:07:20+00:00\",\"dateModified\":\"2024-01-19T12:43:13+00:00\",\"description\":\"Tour de Snorkel Ibiza. Excursi\u00f3n a Ibiza con m\u00e1scara y tubo. Una excursi\u00f3n de tres horas por misteriosas cuevas. Incluye paddle surf.\",\"breadcrumb\":{\"@id\":\"https:\/\/stagpartynight.com\/es\/product\/tour-de-snorkel-ibiza\/#breadcrumb\"},\"inLanguage\":\"es\",\"potentialAction\":[{\"@type\":\"ReadAction\",\"target\":[\"https:\/\/stagpartynight.com\/es\/product\/tour-de-snorkel-ibiza\/\"]}]},{\"@type\":\"ImageObject\",\"inLanguage\":\"es\",\"@id\":\"https:\/\/stagpartynight.com\/es\/product\/tour-de-snorkel-ibiza\/#primaryimage\",\"url\":\"https:\/\/stagpartynight.com\/es\/wp-content\/uploads\/sites\/2\/2023\/12\/Tour-de-Snorkel-Ibiza.jpg\",\"contentUrl\":\"https:\/\/stagpartynight.com\/es\/wp-content\/uploads\/sites\/2\/2023\/12\/Tour-de-Snorkel-Ibiza.jpg\",\"width\":640,\"height\":360,\"caption\":\"Tour de Snorkel Ibiza\"},{\"@type\":\"BreadcrumbList\",\"@id\":\"https:\/\/stagpartynight.com\/es\/product\/tour-de-snorkel-ibiza\/#breadcrumb\",\"itemListElement\":[{\"@type\":\"ListItem\",\"position\":1,\"name\":\"Home\",\"item\":\"https:\/\/stagpartynight.com\/es\/\"},{\"@type\":\"ListItem\",\"position\":2,\"name\":\"Tienda\",\"item\":\"https:\/\/stagpartynight.com\/es\/tienda\/\"},{\"@type\":\"ListItem\",\"position\":3,\"name\":\"Tour de Snorkel Ibiza\"}]},{\"@type\":\"WebSite\",\"@id\":\"https:\/\/stagpartynight.com\/es\/#website\",\"url\":\"https:\/\/stagpartynight.com\/es\/\",\"name\":\"Stag Party Night\",\"description\":\"Your Stag Party Customized\",\"publisher\":{\"@id\":\"https:\/\/stagpartynight.com\/es\/#organization\"},\"potentialAction\":[{\"@type\":\"SearchAction\",\"target\":{\"@type\":\"EntryPoint\",\"urlTemplate\":\"https:\/\/stagpartynight.com\/es\/?s={search_term_string}\"},\"query-input\":{\"@type\":\"PropertyValueSpecification\",\"valueRequired\":true,\"valueName\":\"search_term_string\"}}],\"inLanguage\":\"es\"},{\"@type\":\"Organization\",\"@id\":\"https:\/\/stagpartynight.com\/es\/#organization\",\"name\":\"Stag Party Night\",\"url\":\"https:\/\/stagpartynight.com\/es\/\",\"logo\":{\"@type\":\"ImageObject\",\"inLanguage\":\"es\",\"@id\":\"https:\/\/stagpartynight.com\/es\/#\/schema\/logo\/image\/\",\"url\":\"https:\/\/stagpartynight.com\/es\/wp-content\/uploads\/sites\/2\/2019\/12\/stagpartynight-e1578565505687.png\",\"contentUrl\":\"https:\/\/stagpartynight.com\/es\/wp-content\/uploads\/sites\/2\/2019\/12\/stagpartynight-e1578565505687.png\",\"width\":400,\"height\":400,\"caption\":\"Stag Party Night\"},\"image\":{\"@id\":\"https:\/\/stagpartynight.com\/es\/#\/schema\/logo\/image\/\"}}]}<\/script>\n<!-- \/ Yoast SEO plugin. -->","yoast_head_json":{"title":"Tour de Snorkel Ibiza","description":"Tour de Snorkel Ibiza. Excursi\u00f3n a Ibiza con m\u00e1scara y tubo. Una excursi\u00f3n de tres horas por misteriosas cuevas. Incluye paddle surf.","robots":{"index":"index","follow":"follow","max-snippet":"max-snippet:-1","max-image-preview":"max-image-preview:large","max-video-preview":"max-video-preview:-1"},"canonical":"https:\/\/stagpartynight.com\/es\/product\/tour-de-snorkel-ibiza\/","og_locale":"es_ES","og_type":"article","og_title":"Tour de Snorkel Ibiza","og_description":"Tour de Snorkel Ibiza. Excursi\u00f3n a Ibiza con m\u00e1scara y tubo. Una excursi\u00f3n de tres horas por misteriosas cuevas. Incluye paddle surf.","og_url":"https:\/\/stagpartynight.com\/es\/product\/tour-de-snorkel-ibiza\/","og_site_name":"Despedida de Soltero","article_modified_time":"2024-01-19T12:43:13+00:00","og_image":[{"width":640,"height":360,"url":"https:\/\/stagpartynight.com\/es\/wp-content\/uploads\/sites\/2\/2023\/12\/Tour-de-Snorkel-Ibiza.jpg","type":"image\/jpeg"}],"twitter_card":"summary_large_image","twitter_misc":{"Tiempo de lectura":"2 minutos"},"schema":{"@context":"https:\/\/schema.org","@graph":[{"@type":"WebPage","@id":"https:\/\/stagpartynight.com\/es\/product\/tour-de-snorkel-ibiza\/","url":"https:\/\/stagpartynight.com\/es\/product\/tour-de-snorkel-ibiza\/","name":"Tour de Snorkel Ibiza","isPartOf":{"@id":"https:\/\/stagpartynight.com\/es\/#website"},"primaryImageOfPage":{"@id":"https:\/\/stagpartynight.com\/es\/product\/tour-de-snorkel-ibiza\/#primaryimage"},"image":{"@id":"https:\/\/stagpartynight.com\/es\/product\/tour-de-snorkel-ibiza\/#primaryimage"},"thumbnailUrl":"https:\/\/stagpartynight.com\/es\/wp-content\/uploads\/sites\/2\/2023\/12\/Tour-de-Snorkel-Ibiza.jpg","datePublished":"2023-12-21T10:07:20+00:00","dateModified":"2024-01-19T12:43:13+00:00","description":"Tour de Snorkel Ibiza. Excursi\u00f3n a Ibiza con m\u00e1scara y tubo. Una excursi\u00f3n de tres horas por misteriosas cuevas. Incluye paddle surf.","breadcrumb":{"@id":"https:\/\/stagpartynight.com\/es\/product\/tour-de-snorkel-ibiza\/#breadcrumb"},"inLanguage":"es","potentialAction":[{"@type":"ReadAction","target":["https:\/\/stagpartynight.com\/es\/product\/tour-de-snorkel-ibiza\/"]}]},{"@type":"ImageObject","inLanguage":"es","@id":"https:\/\/stagpartynight.com\/es\/product\/tour-de-snorkel-ibiza\/#primaryimage","url":"https:\/\/stagpartynight.com\/es\/wp-content\/uploads\/sites\/2\/2023\/12\/Tour-de-Snorkel-Ibiza.jpg","contentUrl":"https:\/\/stagpartynight.com\/es\/wp-content\/uploads\/sites\/2\/2023\/12\/Tour-de-Snorkel-Ibiza.jpg","width":640,"height":360,"caption":"Tour de Snorkel Ibiza"},{"@type":"BreadcrumbList","@id":"https:\/\/stagpartynight.com\/es\/product\/tour-de-snorkel-ibiza\/#breadcrumb","itemListElement":[{"@type":"ListItem","position":1,"name":"Home","item":"https:\/\/stagpartynight.com\/es\/"},{"@type":"ListItem","position":2,"name":"Tienda","item":"https:\/\/stagpartynight.com\/es\/tienda\/"},{"@type":"ListItem","position":3,"name":"Tour de Snorkel Ibiza"}]},{"@type":"WebSite","@id":"https:\/\/stagpartynight.com\/es\/#website","url":"https:\/\/stagpartynight.com\/es\/","name":"Stag Party Night","description":"Your Stag Party Customized","publisher":{"@id":"https:\/\/stagpartynight.com\/es\/#organization"},"potentialAction":[{"@type":"SearchAction","target":{"@type":"EntryPoint","urlTemplate":"https:\/\/stagpartynight.com\/es\/?s={search_term_string}"},"query-input":{"@type":"PropertyValueSpecification","valueRequired":true,"valueName":"search_term_string"}}],"inLanguage":"es"},{"@type":"Organization","@id":"https:\/\/stagpartynight.com\/es\/#organization","name":"Stag Party Night","url":"https:\/\/stagpartynight.com\/es\/","logo":{"@type":"ImageObject","inLanguage":"es","@id":"https:\/\/stagpartynight.com\/es\/#\/schema\/logo\/image\/","url":"https:\/\/stagpartynight.com\/es\/wp-content\/uploads\/sites\/2\/2019\/12\/stagpartynight-e1578565505687.png","contentUrl":"https:\/\/stagpartynight.com\/es\/wp-content\/uploads\/sites\/2\/2019\/12\/stagpartynight-e1578565505687.png","width":400,"height":400,"caption":"Stag Party Night"},"image":{"@id":"https:\/\/stagpartynight.com\/es\/#\/schema\/logo\/image\/"}}]}},"_links":{"self":[{"href":"https:\/\/stagpartynight.com\/es\/wp-json\/wp\/v2\/product\/3476","targetHints":{"allow":["GET"]}}],"collection":[{"href":"https:\/\/stagpartynight.com\/es\/wp-json\/wp\/v2\/product"}],"about":[{"href":"https:\/\/stagpartynight.com\/es\/wp-json\/wp\/v2\/types\/product"}],"replies":[{"embeddable":true,"href":"https:\/\/stagpartynight.com\/es\/wp-json\/wp\/v2\/comments?post=3476"}],"wp:featuredmedia":[{"embeddable":true,"href":"https:\/\/stagpartynight.com\/es\/wp-json\/wp\/v2\/media\/3768"}],"wp:attachment":[{"href":"https:\/\/stagpartynight.com\/es\/wp-json\/wp\/v2\/media?parent=3476"}],"wp:term":[{"taxonomy":"product_brand","embeddable":true,"href":"https:\/\/stagpartynight.com\/es\/wp-json\/wp\/v2\/product_brand?post=3476"},{"taxonomy":"product_cat","embeddable":true,"href":"https:\/\/stagpartynight.com\/es\/wp-json\/wp\/v2\/product_cat?post=3476"},{"taxonomy":"product_tag","embeddable":true,"href":"https:\/\/stagpartynight.com\/es\/wp-json\/wp\/v2\/product_tag?post=3476"}],"curies":[{"name":"wp","href":"https:\/\/api.w.org\/{rel}","templated":true}]}}