{"id":3478,"date":"2023-12-21T11:37:33","date_gmt":"2023-12-21T10:37:33","guid":{"rendered":"https:\/\/stagpartynight.com\/fr\/?post_type=product&#038;p=2665"},"modified":"2024-01-19T13:07:14","modified_gmt":"2024-01-19T12:07:14","slug":"tour-en-quad-ibiza","status":"publish","type":"product","link":"https:\/\/stagpartynight.com\/es\/product\/tour-en-quad-ibiza\/","title":{"rendered":"Tour en Quad Ibiza"},"content":{"rendered":"<div>Tour en Quad Ibiza. Quad Tour. El gu\u00eda os llevar\u00e1 por valles, monta\u00f1as y lugares incre\u00edbles para vivir una aventura llena de adrenalina.<\/div>\n<div><\/div>\n<div>Las mejores despedidas de soltero con <a href=\"https:\/\/stagpartynight.com\/\">Stagparty<\/a>!<\/div>\n<div><\/div>\n<h2 style=\"text-align: center;\">Tour en Quad Ibiza<\/h2>\n<h4>\ud83c\udfde\ufe0f Exploraci\u00f3n todoterreno en Ibiza: \u00a1Conduce un Quad y descubre la Isla Blanca bajo un nuevo d\u00eda!<\/h4>\n<div>\ud83c\udf04 Emb\u00e1rcate en una excursi\u00f3n \u00fanica en quad por Ibiza, atravesando valles, colinas y monta\u00f1as.<\/div>\n<div><\/div>\n<div>\ud83d\ude80 Dos horas y media de aventura con gu\u00eda, incluyendo agua, gasolina, seguro y equipamiento completo.<\/div>\n<div><\/div>\n<div>\ud83d\udca8 \u00c1brete paso por paisajes espectaculares y emp\u00e1pate de la belleza natural de Ibiza.<\/div>\n<div><\/div>\n<div>\ud83c\udfde\ufe0f Descubre vistas impresionantes, senderos fuera de lo com\u00fan y siente la adrenalina de conducir un quad. No hay mejor experiencia en Ibiza que descubrir sus paisajes en quad. La experiencia se puede hacer solo o en pareja.<\/div>\n<div><\/div>\n<div>\ud83d\ude97 Atr\u00e9vete con los quads en Ibiza para vivir una experiencia emocionante. \u00a1Reserva ya y explora la <a href=\"https:\/\/es.wikipedia.org\/wiki\/Ibiza\">isla<\/a> de una forma nueva! Disfruta de cada curva y subida, vive la aventura a todo gas.<\/div>\n<div><\/div>\n<div>\ud83c\udf05 Desaf\u00eda caminos sinuosos, explora rincones escondidos y d\u00e9jate llevar por el quad para vivir una experiencia inolvidable. \ud83c\udfce\ufe0f<\/div>\n","protected":false},"excerpt":{"rendered":"<p>Tour en Quad Ibiza. Quad Tour. El gu\u00eda os llevar\u00e1 por valles, monta\u00f1as y lugares incre\u00edbles para vivir una aventura llena de adrenalina.<\/p>\n","protected":false},"featured_media":3761,"comment_status":"open","ping_status":"closed","template":"","meta":{"_et_pb_use_builder":"","_et_pb_old_content":"","_et_gb_content_width":""},"product_brand":[],"product_cat":[113,1313],"product_tag":[],"class_list":{"0":"post-3478","1":"product","2":"type-product","3":"status-publish","4":"has-post-thumbnail","6":"product_cat-ibiza","7":"product_cat-uncategorised","9":"first","10":"instock","11":"shipping-taxable","12":"product-type-simple"},"yoast_head":"<!-- This site is optimized with the Yoast SEO plugin v26.4 - https:\/\/yoast.com\/wordpress\/plugins\/seo\/ -->\n<title>Tour en Quad Ibiza<\/title>\n<meta name=\"description\" content=\"Tour en Quad Ibiza. Quad Tour. El gu\u00eda os llevar\u00e1 por valles, monta\u00f1as y lugares incre\u00edbles para vivir una aventura llena de adrenalina.\" \/>\n<meta name=\"robots\" content=\"index, follow, max-snippet:-1, max-image-preview:large, max-video-preview:-1\" \/>\n<link rel=\"canonical\" href=\"https:\/\/stagpartynight.com\/es\/product\/tour-en-quad-ibiza\/\" \/>\n<meta property=\"og:locale\" content=\"es_ES\" \/>\n<meta property=\"og:type\" content=\"article\" \/>\n<meta property=\"og:title\" content=\"Tour en Quad Ibiza\" \/>\n<meta property=\"og:description\" content=\"Tour en Quad Ibiza. Quad Tour. El gu\u00eda os llevar\u00e1 por valles, monta\u00f1as y lugares incre\u00edbles para vivir una aventura llena de adrenalina.\" \/>\n<meta property=\"og:url\" content=\"https:\/\/stagpartynight.com\/es\/product\/tour-en-quad-ibiza\/\" \/>\n<meta property=\"og:site_name\" content=\"Despedida de Soltero\" \/>\n<meta property=\"article:modified_time\" content=\"2024-01-19T12:07:14+00:00\" \/>\n<meta property=\"og:image\" content=\"https:\/\/stagpartynight.com\/es\/wp-content\/uploads\/sites\/2\/2023\/12\/Tour-en-Quad-Ibiza.jpg\" \/>\n\t<meta property=\"og:image:width\" content=\"640\" \/>\n\t<meta property=\"og:image:height\" content=\"426\" \/>\n\t<meta property=\"og:image:type\" content=\"image\/jpeg\" \/>\n<meta name=\"twitter:card\" content=\"summary_large_image\" \/>\n<meta name=\"twitter:label1\" content=\"Tiempo de lectura\" \/>\n\t<meta name=\"twitter:data1\" content=\"2 minutos\" \/>\n<script type=\"application\/ld+json\" class=\"yoast-schema-graph\">{\"@context\":\"https:\/\/schema.org\",\"@graph\":[{\"@type\":\"WebPage\",\"@id\":\"https:\/\/stagpartynight.com\/es\/product\/tour-en-quad-ibiza\/\",\"url\":\"https:\/\/stagpartynight.com\/es\/product\/tour-en-quad-ibiza\/\",\"name\":\"Tour en Quad Ibiza\",\"isPartOf\":{\"@id\":\"https:\/\/stagpartynight.com\/es\/#website\"},\"primaryImageOfPage\":{\"@id\":\"https:\/\/stagpartynight.com\/es\/product\/tour-en-quad-ibiza\/#primaryimage\"},\"image\":{\"@id\":\"https:\/\/stagpartynight.com\/es\/product\/tour-en-quad-ibiza\/#primaryimage\"},\"thumbnailUrl\":\"https:\/\/stagpartynight.com\/es\/wp-content\/uploads\/sites\/2\/2023\/12\/Tour-en-Quad-Ibiza.jpg\",\"datePublished\":\"2023-12-21T10:37:33+00:00\",\"dateModified\":\"2024-01-19T12:07:14+00:00\",\"description\":\"Tour en Quad Ibiza. Quad Tour. El gu\u00eda os llevar\u00e1 por valles, monta\u00f1as y lugares incre\u00edbles para vivir una aventura llena de adrenalina.\",\"breadcrumb\":{\"@id\":\"https:\/\/stagpartynight.com\/es\/product\/tour-en-quad-ibiza\/#breadcrumb\"},\"inLanguage\":\"es\",\"potentialAction\":[{\"@type\":\"ReadAction\",\"target\":[\"https:\/\/stagpartynight.com\/es\/product\/tour-en-quad-ibiza\/\"]}]},{\"@type\":\"ImageObject\",\"inLanguage\":\"es\",\"@id\":\"https:\/\/stagpartynight.com\/es\/product\/tour-en-quad-ibiza\/#primaryimage\",\"url\":\"https:\/\/stagpartynight.com\/es\/wp-content\/uploads\/sites\/2\/2023\/12\/Tour-en-Quad-Ibiza.jpg\",\"contentUrl\":\"https:\/\/stagpartynight.com\/es\/wp-content\/uploads\/sites\/2\/2023\/12\/Tour-en-Quad-Ibiza.jpg\",\"width\":640,\"height\":426,\"caption\":\"Tour en Quad Ibiza\"},{\"@type\":\"BreadcrumbList\",\"@id\":\"https:\/\/stagpartynight.com\/es\/product\/tour-en-quad-ibiza\/#breadcrumb\",\"itemListElement\":[{\"@type\":\"ListItem\",\"position\":1,\"name\":\"Home\",\"item\":\"https:\/\/stagpartynight.com\/es\/\"},{\"@type\":\"ListItem\",\"position\":2,\"name\":\"Tienda\",\"item\":\"https:\/\/stagpartynight.com\/es\/tienda\/\"},{\"@type\":\"ListItem\",\"position\":3,\"name\":\"Tour en Quad Ibiza\"}]},{\"@type\":\"WebSite\",\"@id\":\"https:\/\/stagpartynight.com\/es\/#website\",\"url\":\"https:\/\/stagpartynight.com\/es\/\",\"name\":\"Stag Party Night\",\"description\":\"Your Stag Party Customized\",\"publisher\":{\"@id\":\"https:\/\/stagpartynight.com\/es\/#organization\"},\"potentialAction\":[{\"@type\":\"SearchAction\",\"target\":{\"@type\":\"EntryPoint\",\"urlTemplate\":\"https:\/\/stagpartynight.com\/es\/?s={search_term_string}\"},\"query-input\":{\"@type\":\"PropertyValueSpecification\",\"valueRequired\":true,\"valueName\":\"search_term_string\"}}],\"inLanguage\":\"es\"},{\"@type\":\"Organization\",\"@id\":\"https:\/\/stagpartynight.com\/es\/#organization\",\"name\":\"Stag Party Night\",\"url\":\"https:\/\/stagpartynight.com\/es\/\",\"logo\":{\"@type\":\"ImageObject\",\"inLanguage\":\"es\",\"@id\":\"https:\/\/stagpartynight.com\/es\/#\/schema\/logo\/image\/\",\"url\":\"https:\/\/stagpartynight.com\/es\/wp-content\/uploads\/sites\/2\/2019\/12\/stagpartynight-e1578565505687.png\",\"contentUrl\":\"https:\/\/stagpartynight.com\/es\/wp-content\/uploads\/sites\/2\/2019\/12\/stagpartynight-e1578565505687.png\",\"width\":400,\"height\":400,\"caption\":\"Stag Party Night\"},\"image\":{\"@id\":\"https:\/\/stagpartynight.com\/es\/#\/schema\/logo\/image\/\"}}]}<\/script>\n<!-- \/ Yoast SEO plugin. -->","yoast_head_json":{"title":"Tour en Quad Ibiza","description":"Tour en Quad Ibiza. Quad Tour. El gu\u00eda os llevar\u00e1 por valles, monta\u00f1as y lugares incre\u00edbles para vivir una aventura llena de adrenalina.","robots":{"index":"index","follow":"follow","max-snippet":"max-snippet:-1","max-image-preview":"max-image-preview:large","max-video-preview":"max-video-preview:-1"},"canonical":"https:\/\/stagpartynight.com\/es\/product\/tour-en-quad-ibiza\/","og_locale":"es_ES","og_type":"article","og_title":"Tour en Quad Ibiza","og_description":"Tour en Quad Ibiza. Quad Tour. El gu\u00eda os llevar\u00e1 por valles, monta\u00f1as y lugares incre\u00edbles para vivir una aventura llena de adrenalina.","og_url":"https:\/\/stagpartynight.com\/es\/product\/tour-en-quad-ibiza\/","og_site_name":"Despedida de Soltero","article_modified_time":"2024-01-19T12:07:14+00:00","og_image":[{"width":640,"height":426,"url":"https:\/\/stagpartynight.com\/es\/wp-content\/uploads\/sites\/2\/2023\/12\/Tour-en-Quad-Ibiza.jpg","type":"image\/jpeg"}],"twitter_card":"summary_large_image","twitter_misc":{"Tiempo de lectura":"2 minutos"},"schema":{"@context":"https:\/\/schema.org","@graph":[{"@type":"WebPage","@id":"https:\/\/stagpartynight.com\/es\/product\/tour-en-quad-ibiza\/","url":"https:\/\/stagpartynight.com\/es\/product\/tour-en-quad-ibiza\/","name":"Tour en Quad Ibiza","isPartOf":{"@id":"https:\/\/stagpartynight.com\/es\/#website"},"primaryImageOfPage":{"@id":"https:\/\/stagpartynight.com\/es\/product\/tour-en-quad-ibiza\/#primaryimage"},"image":{"@id":"https:\/\/stagpartynight.com\/es\/product\/tour-en-quad-ibiza\/#primaryimage"},"thumbnailUrl":"https:\/\/stagpartynight.com\/es\/wp-content\/uploads\/sites\/2\/2023\/12\/Tour-en-Quad-Ibiza.jpg","datePublished":"2023-12-21T10:37:33+00:00","dateModified":"2024-01-19T12:07:14+00:00","description":"Tour en Quad Ibiza. Quad Tour. El gu\u00eda os llevar\u00e1 por valles, monta\u00f1as y lugares incre\u00edbles para vivir una aventura llena de adrenalina.","breadcrumb":{"@id":"https:\/\/stagpartynight.com\/es\/product\/tour-en-quad-ibiza\/#breadcrumb"},"inLanguage":"es","potentialAction":[{"@type":"ReadAction","target":["https:\/\/stagpartynight.com\/es\/product\/tour-en-quad-ibiza\/"]}]},{"@type":"ImageObject","inLanguage":"es","@id":"https:\/\/stagpartynight.com\/es\/product\/tour-en-quad-ibiza\/#primaryimage","url":"https:\/\/stagpartynight.com\/es\/wp-content\/uploads\/sites\/2\/2023\/12\/Tour-en-Quad-Ibiza.jpg","contentUrl":"https:\/\/stagpartynight.com\/es\/wp-content\/uploads\/sites\/2\/2023\/12\/Tour-en-Quad-Ibiza.jpg","width":640,"height":426,"caption":"Tour en Quad Ibiza"},{"@type":"BreadcrumbList","@id":"https:\/\/stagpartynight.com\/es\/product\/tour-en-quad-ibiza\/#breadcrumb","itemListElement":[{"@type":"ListItem","position":1,"name":"Home","item":"https:\/\/stagpartynight.com\/es\/"},{"@type":"ListItem","position":2,"name":"Tienda","item":"https:\/\/stagpartynight.com\/es\/tienda\/"},{"@type":"ListItem","position":3,"name":"Tour en Quad Ibiza"}]},{"@type":"WebSite","@id":"https:\/\/stagpartynight.com\/es\/#website","url":"https:\/\/stagpartynight.com\/es\/","name":"Stag Party Night","description":"Your Stag Party Customized","publisher":{"@id":"https:\/\/stagpartynight.com\/es\/#organization"},"potentialAction":[{"@type":"SearchAction","target":{"@type":"EntryPoint","urlTemplate":"https:\/\/stagpartynight.com\/es\/?s={search_term_string}"},"query-input":{"@type":"PropertyValueSpecification","valueRequired":true,"valueName":"search_term_string"}}],"inLanguage":"es"},{"@type":"Organization","@id":"https:\/\/stagpartynight.com\/es\/#organization","name":"Stag Party Night","url":"https:\/\/stagpartynight.com\/es\/","logo":{"@type":"ImageObject","inLanguage":"es","@id":"https:\/\/stagpartynight.com\/es\/#\/schema\/logo\/image\/","url":"https:\/\/stagpartynight.com\/es\/wp-content\/uploads\/sites\/2\/2019\/12\/stagpartynight-e1578565505687.png","contentUrl":"https:\/\/stagpartynight.com\/es\/wp-content\/uploads\/sites\/2\/2019\/12\/stagpartynight-e1578565505687.png","width":400,"height":400,"caption":"Stag Party Night"},"image":{"@id":"https:\/\/stagpartynight.com\/es\/#\/schema\/logo\/image\/"}}]}},"_links":{"self":[{"href":"https:\/\/stagpartynight.com\/es\/wp-json\/wp\/v2\/product\/3478","targetHints":{"allow":["GET"]}}],"collection":[{"href":"https:\/\/stagpartynight.com\/es\/wp-json\/wp\/v2\/product"}],"about":[{"href":"https:\/\/stagpartynight.com\/es\/wp-json\/wp\/v2\/types\/product"}],"replies":[{"embeddable":true,"href":"https:\/\/stagpartynight.com\/es\/wp-json\/wp\/v2\/comments?post=3478"}],"wp:featuredmedia":[{"embeddable":true,"href":"https:\/\/stagpartynight.com\/es\/wp-json\/wp\/v2\/media\/3761"}],"wp:attachment":[{"href":"https:\/\/stagpartynight.com\/es\/wp-json\/wp\/v2\/media?parent=3478"}],"wp:term":[{"taxonomy":"product_brand","embeddable":true,"href":"https:\/\/stagpartynight.com\/es\/wp-json\/wp\/v2\/product_brand?post=3478"},{"taxonomy":"product_cat","embeddable":true,"href":"https:\/\/stagpartynight.com\/es\/wp-json\/wp\/v2\/product_cat?post=3478"},{"taxonomy":"product_tag","embeddable":true,"href":"https:\/\/stagpartynight.com\/es\/wp-json\/wp\/v2\/product_tag?post=3478"}],"curies":[{"name":"wp","href":"https:\/\/api.w.org\/{rel}","templated":true}]}}