{"id":3479,"date":"2023-12-22T11:40:47","date_gmt":"2023-12-22T10:40:47","guid":{"rendered":"https:\/\/stagpartynight.com\/fr\/?post_type=product&#038;p=2674"},"modified":"2024-01-19T11:20:26","modified_gmt":"2024-01-19T10:20:26","slug":"brunch-con-cava-ilimitado-ibiza","status":"publish","type":"product","link":"https:\/\/stagpartynight.com\/es\/product\/brunch-con-cava-ilimitado-ibiza\/","title":{"rendered":"Brunch con Cava Ilimitado Ibiza"},"content":{"rendered":"<div>Brunch con cava ilimitado Ibiza. Disfruta de un exquisito almuerzo con dos horas de cava ilimitado, un c\u00f3ctel y un plato a elegir.<\/div>\n<div><\/div>\n<div>Las mejores despedidas de soltero con <a href=\"https:\/\/stagpartynight.com\/\">StagParty<\/a>!<\/div>\n<div><\/div>\n<h2 style=\"text-align: center;\">Brunch con cava ilimitado Ibiza<\/h2>\n<h4>\ud83e\udd42 Exquisito Brunch en Ibiza: \u00a1Dos horas de cava ilimitado y delicias culinarias para saborear!<\/h4>\n<div><\/div>\n<div>\ud83c\udf1e Descubre la esencia de la isla blanca con nuestro exclusivo brunch en Ibiza, una experiencia gastron\u00f3mica que combina refinamiento y convivencia.<\/div>\n<div><\/div>\n<div>\ud83c\udf7d\ufe0f Sum\u00e9rgete en una variedad de deliciosas opciones para satisfacer todos los paladares. Desde el tradicional desayuno ingl\u00e9s hasta sabrosas opciones vegetarianas, pasando por los cl\u00e1sicos huevos Benedict o los opulentos huevos royal, cada plato es una aventura culinaria.<\/div>\n<div><\/div>\n<div>\ud83c\udf79 Acompa\u00f1e estas delicias con uno de nuestros c\u00f3cteles de autor. Del\u00e9itese con la vivacidad del Tequila Sunrise, la sofisticaci\u00f3n del Pornstar Martini o la frescura del Sex on The Beach.<\/div>\n<div><\/div>\n<div>Pero lo mejor de esta experiencia culinaria son, sin duda, las dos horas de cava ilimitado. D\u00e9jate arrullar por las burbujas doradas de este delicioso vino espumoso espa\u00f1ol mientras saboreas cada bocado.<\/div>\n<div><\/div>\n<div>\ud83c\udf7e Comparta este momento de felicidad con sus seres queridos en un ambiente relajado y festivo. Las risas y la animada conversaci\u00f3n crear\u00e1n recuerdos que perdurar\u00e1n mucho m\u00e1s all\u00e1 de ese d\u00eda.<\/div>\n<div>\n<div><\/div>\n<div>\ud83c\udf05 Aprovecha cada momento, ya sea degustando los exquisitos sabores de tu plato favorito, brindando con amigos o relaj\u00e1ndote bajo el sol ibicenco.<\/div>\n<div><\/div>\n<div>\ud83c\udf73 Reserva ya tu mesa para esta experiencia excepcional, donde la gastronom\u00eda se une a la alegr\u00eda de vivir ibicenca.<\/div>\n<div style=\"text-align: center;\">\ud83c\udf7eD\u00e9jate llevar por la magia de esta <a href=\"https:\/\/es.wikipedia.org\/wiki\/Ibiza\">isla mediterr\u00e1nea,<\/a> donde la buena comida y la convivencia est\u00e1n a la orden del d\u00eda. \ud83c\udf34<\/div>\n<\/div>\n","protected":false},"excerpt":{"rendered":"<p>Brunch con cava ilimitado Ibiza. Disfruta de un exquisito almuerzo con dos horas de cava ilimitado, un c\u00f3ctel y un plato a elegir.<\/p>\n","protected":false},"featured_media":3744,"comment_status":"open","ping_status":"closed","template":"","meta":{"_et_pb_use_builder":"","_et_pb_old_content":"","_et_gb_content_width":""},"product_brand":[],"product_cat":[113,1313],"product_tag":[],"class_list":{"0":"post-3479","1":"product","2":"type-product","3":"status-publish","4":"has-post-thumbnail","6":"product_cat-ibiza","7":"product_cat-uncategorised","9":"first","10":"instock","11":"shipping-taxable","12":"product-type-simple"},"yoast_head":"<!-- This site is optimized with the Yoast SEO plugin v26.4 - https:\/\/yoast.com\/wordpress\/plugins\/seo\/ -->\n<title>Brunch con Cava Ilimitado Ibiza<\/title>\n<meta name=\"description\" content=\"Brunch con cava ilimitado Ibiza. Disfruta de un exquisito almuerzo con dos horas de cava ilimitado, un c\u00f3ctel y un plato a elegir.\" \/>\n<meta name=\"robots\" content=\"index, follow, max-snippet:-1, max-image-preview:large, max-video-preview:-1\" \/>\n<link rel=\"canonical\" href=\"https:\/\/stagpartynight.com\/es\/product\/brunch-con-cava-ilimitado-ibiza\/\" \/>\n<meta property=\"og:locale\" content=\"es_ES\" \/>\n<meta property=\"og:type\" content=\"article\" \/>\n<meta property=\"og:title\" content=\"Brunch con Cava Ilimitado Ibiza\" \/>\n<meta property=\"og:description\" content=\"Brunch con cava ilimitado Ibiza. Disfruta de un exquisito almuerzo con dos horas de cava ilimitado, un c\u00f3ctel y un plato a elegir.\" \/>\n<meta property=\"og:url\" content=\"https:\/\/stagpartynight.com\/es\/product\/brunch-con-cava-ilimitado-ibiza\/\" \/>\n<meta property=\"og:site_name\" content=\"Despedida de Soltero\" \/>\n<meta property=\"article:modified_time\" content=\"2024-01-19T10:20:26+00:00\" \/>\n<meta property=\"og:image\" content=\"https:\/\/stagpartynight.com\/es\/wp-content\/uploads\/sites\/2\/2023\/12\/Brunch-con-Cava-Ilimitado-Ibiza.jpg\" \/>\n\t<meta property=\"og:image:width\" content=\"1280\" \/>\n\t<meta property=\"og:image:height\" content=\"960\" \/>\n\t<meta property=\"og:image:type\" content=\"image\/jpeg\" \/>\n<meta name=\"twitter:card\" content=\"summary_large_image\" \/>\n<meta name=\"twitter:label1\" content=\"Tiempo de lectura\" \/>\n\t<meta name=\"twitter:data1\" content=\"2 minutos\" \/>\n<script type=\"application\/ld+json\" class=\"yoast-schema-graph\">{\"@context\":\"https:\/\/schema.org\",\"@graph\":[{\"@type\":\"WebPage\",\"@id\":\"https:\/\/stagpartynight.com\/es\/product\/brunch-con-cava-ilimitado-ibiza\/\",\"url\":\"https:\/\/stagpartynight.com\/es\/product\/brunch-con-cava-ilimitado-ibiza\/\",\"name\":\"Brunch con Cava Ilimitado Ibiza\",\"isPartOf\":{\"@id\":\"https:\/\/stagpartynight.com\/es\/#website\"},\"primaryImageOfPage\":{\"@id\":\"https:\/\/stagpartynight.com\/es\/product\/brunch-con-cava-ilimitado-ibiza\/#primaryimage\"},\"image\":{\"@id\":\"https:\/\/stagpartynight.com\/es\/product\/brunch-con-cava-ilimitado-ibiza\/#primaryimage\"},\"thumbnailUrl\":\"https:\/\/stagpartynight.com\/es\/wp-content\/uploads\/sites\/2\/2023\/12\/Brunch-con-Cava-Ilimitado-Ibiza.jpg\",\"datePublished\":\"2023-12-22T10:40:47+00:00\",\"dateModified\":\"2024-01-19T10:20:26+00:00\",\"description\":\"Brunch con cava ilimitado Ibiza. Disfruta de un exquisito almuerzo con dos horas de cava ilimitado, un c\u00f3ctel y un plato a elegir.\",\"breadcrumb\":{\"@id\":\"https:\/\/stagpartynight.com\/es\/product\/brunch-con-cava-ilimitado-ibiza\/#breadcrumb\"},\"inLanguage\":\"es\",\"potentialAction\":[{\"@type\":\"ReadAction\",\"target\":[\"https:\/\/stagpartynight.com\/es\/product\/brunch-con-cava-ilimitado-ibiza\/\"]}]},{\"@type\":\"ImageObject\",\"inLanguage\":\"es\",\"@id\":\"https:\/\/stagpartynight.com\/es\/product\/brunch-con-cava-ilimitado-ibiza\/#primaryimage\",\"url\":\"https:\/\/stagpartynight.com\/es\/wp-content\/uploads\/sites\/2\/2023\/12\/Brunch-con-Cava-Ilimitado-Ibiza.jpg\",\"contentUrl\":\"https:\/\/stagpartynight.com\/es\/wp-content\/uploads\/sites\/2\/2023\/12\/Brunch-con-Cava-Ilimitado-Ibiza.jpg\",\"width\":1280,\"height\":960,\"caption\":\"Brunch con Cava Ilimitado Ibiza\"},{\"@type\":\"BreadcrumbList\",\"@id\":\"https:\/\/stagpartynight.com\/es\/product\/brunch-con-cava-ilimitado-ibiza\/#breadcrumb\",\"itemListElement\":[{\"@type\":\"ListItem\",\"position\":1,\"name\":\"Home\",\"item\":\"https:\/\/stagpartynight.com\/es\/\"},{\"@type\":\"ListItem\",\"position\":2,\"name\":\"Tienda\",\"item\":\"https:\/\/stagpartynight.com\/es\/tienda\/\"},{\"@type\":\"ListItem\",\"position\":3,\"name\":\"Brunch con Cava Ilimitado Ibiza\"}]},{\"@type\":\"WebSite\",\"@id\":\"https:\/\/stagpartynight.com\/es\/#website\",\"url\":\"https:\/\/stagpartynight.com\/es\/\",\"name\":\"Stag Party Night\",\"description\":\"Your Stag Party Customized\",\"publisher\":{\"@id\":\"https:\/\/stagpartynight.com\/es\/#organization\"},\"potentialAction\":[{\"@type\":\"SearchAction\",\"target\":{\"@type\":\"EntryPoint\",\"urlTemplate\":\"https:\/\/stagpartynight.com\/es\/?s={search_term_string}\"},\"query-input\":{\"@type\":\"PropertyValueSpecification\",\"valueRequired\":true,\"valueName\":\"search_term_string\"}}],\"inLanguage\":\"es\"},{\"@type\":\"Organization\",\"@id\":\"https:\/\/stagpartynight.com\/es\/#organization\",\"name\":\"Stag Party Night\",\"url\":\"https:\/\/stagpartynight.com\/es\/\",\"logo\":{\"@type\":\"ImageObject\",\"inLanguage\":\"es\",\"@id\":\"https:\/\/stagpartynight.com\/es\/#\/schema\/logo\/image\/\",\"url\":\"https:\/\/stagpartynight.com\/es\/wp-content\/uploads\/sites\/2\/2019\/12\/stagpartynight-e1578565505687.png\",\"contentUrl\":\"https:\/\/stagpartynight.com\/es\/wp-content\/uploads\/sites\/2\/2019\/12\/stagpartynight-e1578565505687.png\",\"width\":400,\"height\":400,\"caption\":\"Stag Party Night\"},\"image\":{\"@id\":\"https:\/\/stagpartynight.com\/es\/#\/schema\/logo\/image\/\"}}]}<\/script>\n<!-- \/ Yoast SEO plugin. -->","yoast_head_json":{"title":"Brunch con Cava Ilimitado Ibiza","description":"Brunch con cava ilimitado Ibiza. Disfruta de un exquisito almuerzo con dos horas de cava ilimitado, un c\u00f3ctel y un plato a elegir.","robots":{"index":"index","follow":"follow","max-snippet":"max-snippet:-1","max-image-preview":"max-image-preview:large","max-video-preview":"max-video-preview:-1"},"canonical":"https:\/\/stagpartynight.com\/es\/product\/brunch-con-cava-ilimitado-ibiza\/","og_locale":"es_ES","og_type":"article","og_title":"Brunch con Cava Ilimitado Ibiza","og_description":"Brunch con cava ilimitado Ibiza. Disfruta de un exquisito almuerzo con dos horas de cava ilimitado, un c\u00f3ctel y un plato a elegir.","og_url":"https:\/\/stagpartynight.com\/es\/product\/brunch-con-cava-ilimitado-ibiza\/","og_site_name":"Despedida de Soltero","article_modified_time":"2024-01-19T10:20:26+00:00","og_image":[{"width":1280,"height":960,"url":"https:\/\/stagpartynight.com\/es\/wp-content\/uploads\/sites\/2\/2023\/12\/Brunch-con-Cava-Ilimitado-Ibiza.jpg","type":"image\/jpeg"}],"twitter_card":"summary_large_image","twitter_misc":{"Tiempo de lectura":"2 minutos"},"schema":{"@context":"https:\/\/schema.org","@graph":[{"@type":"WebPage","@id":"https:\/\/stagpartynight.com\/es\/product\/brunch-con-cava-ilimitado-ibiza\/","url":"https:\/\/stagpartynight.com\/es\/product\/brunch-con-cava-ilimitado-ibiza\/","name":"Brunch con Cava Ilimitado Ibiza","isPartOf":{"@id":"https:\/\/stagpartynight.com\/es\/#website"},"primaryImageOfPage":{"@id":"https:\/\/stagpartynight.com\/es\/product\/brunch-con-cava-ilimitado-ibiza\/#primaryimage"},"image":{"@id":"https:\/\/stagpartynight.com\/es\/product\/brunch-con-cava-ilimitado-ibiza\/#primaryimage"},"thumbnailUrl":"https:\/\/stagpartynight.com\/es\/wp-content\/uploads\/sites\/2\/2023\/12\/Brunch-con-Cava-Ilimitado-Ibiza.jpg","datePublished":"2023-12-22T10:40:47+00:00","dateModified":"2024-01-19T10:20:26+00:00","description":"Brunch con cava ilimitado Ibiza. Disfruta de un exquisito almuerzo con dos horas de cava ilimitado, un c\u00f3ctel y un plato a elegir.","breadcrumb":{"@id":"https:\/\/stagpartynight.com\/es\/product\/brunch-con-cava-ilimitado-ibiza\/#breadcrumb"},"inLanguage":"es","potentialAction":[{"@type":"ReadAction","target":["https:\/\/stagpartynight.com\/es\/product\/brunch-con-cava-ilimitado-ibiza\/"]}]},{"@type":"ImageObject","inLanguage":"es","@id":"https:\/\/stagpartynight.com\/es\/product\/brunch-con-cava-ilimitado-ibiza\/#primaryimage","url":"https:\/\/stagpartynight.com\/es\/wp-content\/uploads\/sites\/2\/2023\/12\/Brunch-con-Cava-Ilimitado-Ibiza.jpg","contentUrl":"https:\/\/stagpartynight.com\/es\/wp-content\/uploads\/sites\/2\/2023\/12\/Brunch-con-Cava-Ilimitado-Ibiza.jpg","width":1280,"height":960,"caption":"Brunch con Cava Ilimitado Ibiza"},{"@type":"BreadcrumbList","@id":"https:\/\/stagpartynight.com\/es\/product\/brunch-con-cava-ilimitado-ibiza\/#breadcrumb","itemListElement":[{"@type":"ListItem","position":1,"name":"Home","item":"https:\/\/stagpartynight.com\/es\/"},{"@type":"ListItem","position":2,"name":"Tienda","item":"https:\/\/stagpartynight.com\/es\/tienda\/"},{"@type":"ListItem","position":3,"name":"Brunch con Cava Ilimitado Ibiza"}]},{"@type":"WebSite","@id":"https:\/\/stagpartynight.com\/es\/#website","url":"https:\/\/stagpartynight.com\/es\/","name":"Stag Party Night","description":"Your Stag Party Customized","publisher":{"@id":"https:\/\/stagpartynight.com\/es\/#organization"},"potentialAction":[{"@type":"SearchAction","target":{"@type":"EntryPoint","urlTemplate":"https:\/\/stagpartynight.com\/es\/?s={search_term_string}"},"query-input":{"@type":"PropertyValueSpecification","valueRequired":true,"valueName":"search_term_string"}}],"inLanguage":"es"},{"@type":"Organization","@id":"https:\/\/stagpartynight.com\/es\/#organization","name":"Stag Party Night","url":"https:\/\/stagpartynight.com\/es\/","logo":{"@type":"ImageObject","inLanguage":"es","@id":"https:\/\/stagpartynight.com\/es\/#\/schema\/logo\/image\/","url":"https:\/\/stagpartynight.com\/es\/wp-content\/uploads\/sites\/2\/2019\/12\/stagpartynight-e1578565505687.png","contentUrl":"https:\/\/stagpartynight.com\/es\/wp-content\/uploads\/sites\/2\/2019\/12\/stagpartynight-e1578565505687.png","width":400,"height":400,"caption":"Stag Party Night"},"image":{"@id":"https:\/\/stagpartynight.com\/es\/#\/schema\/logo\/image\/"}}]}},"_links":{"self":[{"href":"https:\/\/stagpartynight.com\/es\/wp-json\/wp\/v2\/product\/3479","targetHints":{"allow":["GET"]}}],"collection":[{"href":"https:\/\/stagpartynight.com\/es\/wp-json\/wp\/v2\/product"}],"about":[{"href":"https:\/\/stagpartynight.com\/es\/wp-json\/wp\/v2\/types\/product"}],"replies":[{"embeddable":true,"href":"https:\/\/stagpartynight.com\/es\/wp-json\/wp\/v2\/comments?post=3479"}],"wp:featuredmedia":[{"embeddable":true,"href":"https:\/\/stagpartynight.com\/es\/wp-json\/wp\/v2\/media\/3744"}],"wp:attachment":[{"href":"https:\/\/stagpartynight.com\/es\/wp-json\/wp\/v2\/media?parent=3479"}],"wp:term":[{"taxonomy":"product_brand","embeddable":true,"href":"https:\/\/stagpartynight.com\/es\/wp-json\/wp\/v2\/product_brand?post=3479"},{"taxonomy":"product_cat","embeddable":true,"href":"https:\/\/stagpartynight.com\/es\/wp-json\/wp\/v2\/product_cat?post=3479"},{"taxonomy":"product_tag","embeddable":true,"href":"https:\/\/stagpartynight.com\/es\/wp-json\/wp\/v2\/product_tag?post=3479"}],"curies":[{"name":"wp","href":"https:\/\/api.w.org\/{rel}","templated":true}]}}