{"id":3480,"date":"2023-12-22T11:47:49","date_gmt":"2023-12-22T10:47:49","guid":{"rendered":"https:\/\/stagpartynight.com\/fr\/?post_type=product&#038;p=2676"},"modified":"2024-01-19T11:23:24","modified_gmt":"2024-01-19T10:23:24","slug":"almuerzo-con-cerveza-ilimitada-ibiza","status":"publish","type":"product","link":"https:\/\/stagpartynight.com\/es\/product\/almuerzo-con-cerveza-ilimitada-ibiza\/","title":{"rendered":"Almuerzo con cerveza ilimitada Ibiza"},"content":{"rendered":"<div>Almuerzo con cerveza ilimitada Ibiza. Disfruta de un c\u00f3ctel, un plato a elegir y dos horas de cerveza o cava ilimitados.<\/div>\n<div><\/div>\n<div>Las mejores despedidas de soltero con <a href=\"https:\/\/stagpartynight.com\/\">Stagparty<\/a>!<\/div>\n<div><\/div>\n<h2 style=\"text-align: center;\">Almuerzo con cerveza ilimitada Ibiza<\/h2>\n<div><\/div>\n<h4>\ud83c\udf7d\ufe0f Degustaci\u00f3n Gourmet en Ibiza: \u00a1Dos horas de todo lo que puedas beber de cerveza o cava y placeres culinarios para llevar!<\/h4>\n<div><\/div>\n<div>\ud83c\udf1e \u00a1Disfruta de una experiencia culinaria \u00fanica en Ibiza! Buena comida y un ambiente festivo se combinan para crear un momento inolvidable.<\/div>\n<div><\/div>\n<div>\ud83c\udf7b Opta por nuestro paquete especial con dos horas de cerveza o cava ilimitados, a\u00f1adiendo un toque chispeante a tu comida.<\/div>\n<div><\/div>\n<div>\ud83c\udf78 Acompa\u00f1a tu experiencia con uno de nuestros c\u00f3cteles de autor. Elige entre el din\u00e1mico Tequila Sunrise, el elegante Pornstar Martini o el refrescante Sex on The Beach.<\/div>\n<div><\/div>\n<div>\ud83c\udf54 A la hora de comer, elige entre nuestra apetitosa selecci\u00f3n. Opta por la sabrosa sencillez de la hamburguesa cl\u00e1sica con queso, o explora los sabores veganos con la hamburguesa vegana. Los amantes de las aves de corral pueden darse un capricho con la hamburguesa de pollo, mientras que los comensales curiosos pueden disfrutar de un bocadillo especial de la casa.<\/div>\n<div><\/div>\n<div>\ud83e\udd42 \u00a1Lo mejor de la experiencia son sin duda las dos horas de bebidas ilimitadas! A\u00f1adiendo un ambiente relajado y festivo a tu comida.<\/div>\n<div><\/div>\n<div>\ud83c\udf05 Aprovecha al m\u00e1ximo cada bocado, saboreando los manjares de tu elecci\u00f3n mientras brindas por la vida bajo el sol ibicenco.<\/div>\n<div>\n<div><\/div>\n<div>\ud83c\udf7e Comparte este momento de convivencia con tus amigos, familiares o seres queridos en un ambiente relajado y c\u00e1lido.<\/div>\n<div><\/div>\n<div>\ud83c\udf74 Reserva ya tu mesa para vivir una experiencia gastron\u00f3mica excepcional en <a href=\"https:\/\/es.wikipedia.org\/wiki\/Ibiza\">Ibiza<\/a>, donde el placer culinario se combina con la efervescencia de bebidas ilimitadas. \ud83c\udf34\ud83c\udf7b<\/div>\n<\/div>\n","protected":false},"excerpt":{"rendered":"<p>Almuerzo con cerveza ilimitada Ibiza. Disfruta de un c\u00f3ctel, un plato a elegir y dos horas de cerveza o cava ilimitados.<\/p>\n","protected":false},"featured_media":3746,"comment_status":"open","ping_status":"closed","template":"","meta":{"_et_pb_use_builder":"","_et_pb_old_content":"","_et_gb_content_width":""},"product_brand":[],"product_cat":[113,1313],"product_tag":[],"class_list":{"0":"post-3480","1":"product","2":"type-product","3":"status-publish","4":"has-post-thumbnail","6":"product_cat-ibiza","7":"product_cat-uncategorised","9":"first","10":"instock","11":"shipping-taxable","12":"product-type-simple"},"yoast_head":"<!-- This site is optimized with the Yoast SEO Premium plugin v27.5 (Yoast SEO v27.5) - https:\/\/yoast.com\/product\/yoast-seo-premium-wordpress\/ -->\n<title>Almuerzo con cerveza ilimitada Ibiza<\/title>\n<meta name=\"description\" content=\"Almuerzo con cerveza ilimitada Ibiza. Disfruta de un c\u00f3ctel, un plato a elegir y dos horas de cerveza o cava ilimitados. Hamburguesa.\" \/>\n<meta name=\"robots\" content=\"index, follow, max-snippet:-1, max-image-preview:large, max-video-preview:-1\" \/>\n<link rel=\"canonical\" href=\"https:\/\/stagpartynight.com\/es\/product\/almuerzo-con-cerveza-ilimitada-ibiza\/\" \/>\n<meta property=\"og:locale\" content=\"es_ES\" \/>\n<meta property=\"og:type\" content=\"article\" \/>\n<meta property=\"og:title\" content=\"Almuerzo con cerveza ilimitada Ibiza\" \/>\n<meta property=\"og:description\" content=\"Almuerzo con cerveza ilimitada Ibiza. Disfruta de un c\u00f3ctel, un plato a elegir y dos horas de cerveza o cava ilimitados. Hamburguesa.\" \/>\n<meta property=\"og:url\" content=\"https:\/\/stagpartynight.com\/es\/product\/almuerzo-con-cerveza-ilimitada-ibiza\/\" \/>\n<meta property=\"og:site_name\" content=\"Despedida de Soltero\" \/>\n<meta property=\"article:modified_time\" content=\"2024-01-19T10:23:24+00:00\" \/>\n<meta property=\"og:image\" content=\"https:\/\/stagpartynight.com\/es\/wp-content\/uploads\/sites\/2\/2023\/12\/Almuerzo-con-cerveza-ilimitada-Ibiza.jpg\" \/>\n\t<meta property=\"og:image:width\" content=\"1280\" \/>\n\t<meta property=\"og:image:height\" content=\"1920\" \/>\n\t<meta property=\"og:image:type\" content=\"image\/jpeg\" \/>\n<meta name=\"twitter:card\" content=\"summary_large_image\" \/>\n<meta name=\"twitter:label1\" content=\"Tiempo de lectura\" \/>\n\t<meta name=\"twitter:data1\" content=\"2 minutos\" \/>\n<script type=\"application\/ld+json\" class=\"yoast-schema-graph\">{\"@context\":\"https:\\\/\\\/schema.org\",\"@graph\":[{\"@type\":\"WebPage\",\"@id\":\"https:\\\/\\\/stagpartynight.com\\\/es\\\/product\\\/almuerzo-con-cerveza-ilimitada-ibiza\\\/\",\"url\":\"https:\\\/\\\/stagpartynight.com\\\/es\\\/product\\\/almuerzo-con-cerveza-ilimitada-ibiza\\\/\",\"name\":\"Almuerzo con cerveza ilimitada Ibiza\",\"isPartOf\":{\"@id\":\"https:\\\/\\\/stagpartynight.com\\\/es\\\/#website\"},\"primaryImageOfPage\":{\"@id\":\"https:\\\/\\\/stagpartynight.com\\\/es\\\/product\\\/almuerzo-con-cerveza-ilimitada-ibiza\\\/#primaryimage\"},\"image\":{\"@id\":\"https:\\\/\\\/stagpartynight.com\\\/es\\\/product\\\/almuerzo-con-cerveza-ilimitada-ibiza\\\/#primaryimage\"},\"thumbnailUrl\":\"https:\\\/\\\/stagpartynight.com\\\/es\\\/wp-content\\\/uploads\\\/sites\\\/2\\\/2023\\\/12\\\/Almuerzo-con-cerveza-ilimitada-Ibiza.jpg\",\"datePublished\":\"2023-12-22T10:47:49+00:00\",\"dateModified\":\"2024-01-19T10:23:24+00:00\",\"description\":\"Almuerzo con cerveza ilimitada Ibiza. Disfruta de un c\u00f3ctel, un plato a elegir y dos horas de cerveza o cava ilimitados. Hamburguesa.\",\"breadcrumb\":{\"@id\":\"https:\\\/\\\/stagpartynight.com\\\/es\\\/product\\\/almuerzo-con-cerveza-ilimitada-ibiza\\\/#breadcrumb\"},\"inLanguage\":\"es\",\"potentialAction\":[{\"@type\":\"ReadAction\",\"target\":[\"https:\\\/\\\/stagpartynight.com\\\/es\\\/product\\\/almuerzo-con-cerveza-ilimitada-ibiza\\\/\"]}]},{\"@type\":\"ImageObject\",\"inLanguage\":\"es\",\"@id\":\"https:\\\/\\\/stagpartynight.com\\\/es\\\/product\\\/almuerzo-con-cerveza-ilimitada-ibiza\\\/#primaryimage\",\"url\":\"https:\\\/\\\/stagpartynight.com\\\/es\\\/wp-content\\\/uploads\\\/sites\\\/2\\\/2023\\\/12\\\/Almuerzo-con-cerveza-ilimitada-Ibiza.jpg\",\"contentUrl\":\"https:\\\/\\\/stagpartynight.com\\\/es\\\/wp-content\\\/uploads\\\/sites\\\/2\\\/2023\\\/12\\\/Almuerzo-con-cerveza-ilimitada-Ibiza.jpg\",\"width\":1280,\"height\":1920,\"caption\":\"Almuerzo con cerveza ilimitada Ibiza\"},{\"@type\":\"BreadcrumbList\",\"@id\":\"https:\\\/\\\/stagpartynight.com\\\/es\\\/product\\\/almuerzo-con-cerveza-ilimitada-ibiza\\\/#breadcrumb\",\"itemListElement\":[{\"@type\":\"ListItem\",\"position\":1,\"name\":\"Home\",\"item\":\"https:\\\/\\\/stagpartynight.com\\\/es\\\/\"},{\"@type\":\"ListItem\",\"position\":2,\"name\":\"Tienda\",\"item\":\"https:\\\/\\\/stagpartynight.com\\\/es\\\/tienda\\\/\"},{\"@type\":\"ListItem\",\"position\":3,\"name\":\"Almuerzo con cerveza ilimitada Ibiza\"}]},{\"@type\":\"WebSite\",\"@id\":\"https:\\\/\\\/stagpartynight.com\\\/es\\\/#website\",\"url\":\"https:\\\/\\\/stagpartynight.com\\\/es\\\/\",\"name\":\"Stag Party Night\",\"description\":\"Your Stag Party Customized\",\"publisher\":{\"@id\":\"https:\\\/\\\/stagpartynight.com\\\/es\\\/#organization\"},\"potentialAction\":[{\"@type\":\"SearchAction\",\"target\":{\"@type\":\"EntryPoint\",\"urlTemplate\":\"https:\\\/\\\/stagpartynight.com\\\/es\\\/?s={search_term_string}\"},\"query-input\":{\"@type\":\"PropertyValueSpecification\",\"valueRequired\":true,\"valueName\":\"search_term_string\"}}],\"inLanguage\":\"es\"},{\"@type\":\"Organization\",\"@id\":\"https:\\\/\\\/stagpartynight.com\\\/es\\\/#organization\",\"name\":\"Stag Party Night\",\"url\":\"https:\\\/\\\/stagpartynight.com\\\/es\\\/\",\"logo\":{\"@type\":\"ImageObject\",\"inLanguage\":\"es\",\"@id\":\"https:\\\/\\\/stagpartynight.com\\\/es\\\/#\\\/schema\\\/logo\\\/image\\\/\",\"url\":\"https:\\\/\\\/stagpartynight.com\\\/es\\\/wp-content\\\/uploads\\\/sites\\\/2\\\/2019\\\/12\\\/stagpartynight-e1578565505687.png\",\"contentUrl\":\"https:\\\/\\\/stagpartynight.com\\\/es\\\/wp-content\\\/uploads\\\/sites\\\/2\\\/2019\\\/12\\\/stagpartynight-e1578565505687.png\",\"width\":400,\"height\":400,\"caption\":\"Stag Party Night\"},\"image\":{\"@id\":\"https:\\\/\\\/stagpartynight.com\\\/es\\\/#\\\/schema\\\/logo\\\/image\\\/\"}}]}<\/script>\n<!-- \/ Yoast SEO Premium plugin. -->","yoast_head_json":{"title":"Almuerzo con cerveza ilimitada Ibiza","description":"Almuerzo con cerveza ilimitada Ibiza. Disfruta de un c\u00f3ctel, un plato a elegir y dos horas de cerveza o cava ilimitados. Hamburguesa.","robots":{"index":"index","follow":"follow","max-snippet":"max-snippet:-1","max-image-preview":"max-image-preview:large","max-video-preview":"max-video-preview:-1"},"canonical":"https:\/\/stagpartynight.com\/es\/product\/almuerzo-con-cerveza-ilimitada-ibiza\/","og_locale":"es_ES","og_type":"article","og_title":"Almuerzo con cerveza ilimitada Ibiza","og_description":"Almuerzo con cerveza ilimitada Ibiza. Disfruta de un c\u00f3ctel, un plato a elegir y dos horas de cerveza o cava ilimitados. Hamburguesa.","og_url":"https:\/\/stagpartynight.com\/es\/product\/almuerzo-con-cerveza-ilimitada-ibiza\/","og_site_name":"Despedida de Soltero","article_modified_time":"2024-01-19T10:23:24+00:00","og_image":[{"width":1280,"height":1920,"url":"https:\/\/stagpartynight.com\/es\/wp-content\/uploads\/sites\/2\/2023\/12\/Almuerzo-con-cerveza-ilimitada-Ibiza.jpg","type":"image\/jpeg"}],"twitter_card":"summary_large_image","twitter_misc":{"Tiempo de lectura":"2 minutos"},"schema":{"@context":"https:\/\/schema.org","@graph":[{"@type":"WebPage","@id":"https:\/\/stagpartynight.com\/es\/product\/almuerzo-con-cerveza-ilimitada-ibiza\/","url":"https:\/\/stagpartynight.com\/es\/product\/almuerzo-con-cerveza-ilimitada-ibiza\/","name":"Almuerzo con cerveza ilimitada Ibiza","isPartOf":{"@id":"https:\/\/stagpartynight.com\/es\/#website"},"primaryImageOfPage":{"@id":"https:\/\/stagpartynight.com\/es\/product\/almuerzo-con-cerveza-ilimitada-ibiza\/#primaryimage"},"image":{"@id":"https:\/\/stagpartynight.com\/es\/product\/almuerzo-con-cerveza-ilimitada-ibiza\/#primaryimage"},"thumbnailUrl":"https:\/\/stagpartynight.com\/es\/wp-content\/uploads\/sites\/2\/2023\/12\/Almuerzo-con-cerveza-ilimitada-Ibiza.jpg","datePublished":"2023-12-22T10:47:49+00:00","dateModified":"2024-01-19T10:23:24+00:00","description":"Almuerzo con cerveza ilimitada Ibiza. Disfruta de un c\u00f3ctel, un plato a elegir y dos horas de cerveza o cava ilimitados. Hamburguesa.","breadcrumb":{"@id":"https:\/\/stagpartynight.com\/es\/product\/almuerzo-con-cerveza-ilimitada-ibiza\/#breadcrumb"},"inLanguage":"es","potentialAction":[{"@type":"ReadAction","target":["https:\/\/stagpartynight.com\/es\/product\/almuerzo-con-cerveza-ilimitada-ibiza\/"]}]},{"@type":"ImageObject","inLanguage":"es","@id":"https:\/\/stagpartynight.com\/es\/product\/almuerzo-con-cerveza-ilimitada-ibiza\/#primaryimage","url":"https:\/\/stagpartynight.com\/es\/wp-content\/uploads\/sites\/2\/2023\/12\/Almuerzo-con-cerveza-ilimitada-Ibiza.jpg","contentUrl":"https:\/\/stagpartynight.com\/es\/wp-content\/uploads\/sites\/2\/2023\/12\/Almuerzo-con-cerveza-ilimitada-Ibiza.jpg","width":1280,"height":1920,"caption":"Almuerzo con cerveza ilimitada Ibiza"},{"@type":"BreadcrumbList","@id":"https:\/\/stagpartynight.com\/es\/product\/almuerzo-con-cerveza-ilimitada-ibiza\/#breadcrumb","itemListElement":[{"@type":"ListItem","position":1,"name":"Home","item":"https:\/\/stagpartynight.com\/es\/"},{"@type":"ListItem","position":2,"name":"Tienda","item":"https:\/\/stagpartynight.com\/es\/tienda\/"},{"@type":"ListItem","position":3,"name":"Almuerzo con cerveza ilimitada Ibiza"}]},{"@type":"WebSite","@id":"https:\/\/stagpartynight.com\/es\/#website","url":"https:\/\/stagpartynight.com\/es\/","name":"Stag Party Night","description":"Your Stag Party Customized","publisher":{"@id":"https:\/\/stagpartynight.com\/es\/#organization"},"potentialAction":[{"@type":"SearchAction","target":{"@type":"EntryPoint","urlTemplate":"https:\/\/stagpartynight.com\/es\/?s={search_term_string}"},"query-input":{"@type":"PropertyValueSpecification","valueRequired":true,"valueName":"search_term_string"}}],"inLanguage":"es"},{"@type":"Organization","@id":"https:\/\/stagpartynight.com\/es\/#organization","name":"Stag Party Night","url":"https:\/\/stagpartynight.com\/es\/","logo":{"@type":"ImageObject","inLanguage":"es","@id":"https:\/\/stagpartynight.com\/es\/#\/schema\/logo\/image\/","url":"https:\/\/stagpartynight.com\/es\/wp-content\/uploads\/sites\/2\/2019\/12\/stagpartynight-e1578565505687.png","contentUrl":"https:\/\/stagpartynight.com\/es\/wp-content\/uploads\/sites\/2\/2019\/12\/stagpartynight-e1578565505687.png","width":400,"height":400,"caption":"Stag Party Night"},"image":{"@id":"https:\/\/stagpartynight.com\/es\/#\/schema\/logo\/image\/"}}]}},"_links":{"self":[{"href":"https:\/\/stagpartynight.com\/es\/wp-json\/wp\/v2\/product\/3480","targetHints":{"allow":["GET"]}}],"collection":[{"href":"https:\/\/stagpartynight.com\/es\/wp-json\/wp\/v2\/product"}],"about":[{"href":"https:\/\/stagpartynight.com\/es\/wp-json\/wp\/v2\/types\/product"}],"replies":[{"embeddable":true,"href":"https:\/\/stagpartynight.com\/es\/wp-json\/wp\/v2\/comments?post=3480"}],"wp:featuredmedia":[{"embeddable":true,"href":"https:\/\/stagpartynight.com\/es\/wp-json\/wp\/v2\/media\/3746"}],"wp:attachment":[{"href":"https:\/\/stagpartynight.com\/es\/wp-json\/wp\/v2\/media?parent=3480"}],"wp:term":[{"taxonomy":"product_brand","embeddable":true,"href":"https:\/\/stagpartynight.com\/es\/wp-json\/wp\/v2\/product_brand?post=3480"},{"taxonomy":"product_cat","embeddable":true,"href":"https:\/\/stagpartynight.com\/es\/wp-json\/wp\/v2\/product_cat?post=3480"},{"taxonomy":"product_tag","embeddable":true,"href":"https:\/\/stagpartynight.com\/es\/wp-json\/wp\/v2\/product_tag?post=3480"}],"curies":[{"name":"wp","href":"https:\/\/api.w.org\/{rel}","templated":true}]}}