{"id":3481,"date":"2023-12-22T12:06:30","date_gmt":"2023-12-22T11:06:30","guid":{"rendered":"https:\/\/stagpartynight.com\/fr\/?post_type=product&#038;p=2680"},"modified":"2024-01-19T12:55:50","modified_gmt":"2024-01-19T11:55:50","slug":"tapas-espanolas-y-sangria-ibiza","status":"publish","type":"product","link":"https:\/\/stagpartynight.com\/es\/product\/tapas-espanolas-y-sangria-ibiza\/","title":{"rendered":"Tapas espa\u00f1olas y sangr\u00eda Ibiza"},"content":{"rendered":"<div>Tapas espa\u00f1olas y sangr\u00eda Ibiza. Comparte un litro de sangr\u00eda para dos en una magn\u00edfica terraza con vistas. Degustaci\u00f3n de tapas.<\/div>\n<div><\/div>\n<div>Las mejores despedidas de soltero con <a href=\"https:\/\/stagpartynight.com\/\">Stagparty<\/a>!<\/div>\n<div><\/div>\n<h2 style=\"text-align: center;\">Tapas espa\u00f1olas y Sangr\u00eda Ibiza<\/h2>\n<h4>\ud83c\udf7d\ufe0f Degustaci\u00f3n de tapas en Ibiza: \u00a1Una fiesta espa\u00f1ola bajo el sol mediterr\u00e1neo!<\/h4>\n<div><\/div>\n<div>\ud83c\udf05 Disfruta de una experiencia gastron\u00f3mica inolvidable en Ibiza con nuestra degustaci\u00f3n de tapas. Una inmersi\u00f3n en los aut\u00e9nticos sabores de Espa\u00f1a.<\/div>\n<div><\/div>\n<div>\ud83c\udf72 En una terraza con vistas pintorescas, disfruta de una variedad de tapas t\u00edpicamente espa\u00f1olas. \u00a1Un mosaico culinario cautivador!<\/div>\n<div><\/div>\n<div>\ud83c\udf77 \u00a1Acompa\u00f1a este fest\u00edn con UN LITRO de sangr\u00eda por cada dos comensales! Una bebida emblem\u00e1tica que enriquece cada bocado con un ambiente festivo.<\/div>\n<div><\/div>\n<div>\ud83c\udf1e Emp\u00e1pate del ambiente mediterr\u00e1neo mientras exploras los matices de sabores, desde las patatas bravas picantes hasta las delicias del jam\u00f3n ib\u00e9rico.<\/div>\n<div><\/div>\n<div>\ud83c\udf64 Sum\u00e9rgete en la experiencia sensorial de unas gambas al ajillo perfectamente especiadas, y luego del\u00e9itate con la armon\u00eda dulce y salada de las empanadas.<\/div>\n<div><\/div>\n<div>\ud83e\uddc0 Explora la riqueza de los quesos espa\u00f1oles acompa\u00f1ados de mermeladas caseras, una sinfon\u00eda de sabores que despertar\u00e1 tus papilas gustativas.<\/div>\n<div><\/div>\n<div>\ud83c\udf62 Descubre la variedad de pinchos de pulpo y chorizo, un homenaje a los sabores del mar y la tierra.<\/div>\n<div><\/div>\n<div>\ud83e\udd42 Comparte este momento de convivencia con los tuyos en un ambiente relajado, donde cada tapa cuenta una historia de la tradici\u00f3n espa\u00f1ola.<\/div>\n<div>\n<div><\/div>\n<div>\ud83c\udf34 Reserva ya tu mesa para esta degustaci\u00f3n de tapas en <a href=\"https:\/\/es.wikipedia.org\/wiki\/Ibiza\">Ibiza<\/a>, una celebraci\u00f3n de la cocina espa\u00f1ola en un entorno soleado. Disfrute del arte de compartir deliciosos platos y cree recuerdos culinarios inolvidables en la isla blanca.<\/div>\n<\/div>\n","protected":false},"excerpt":{"rendered":"<p>Tapas espa\u00f1olas y sangr\u00eda Ibiza. Comparte un litro de sangr\u00eda para dos en una magn\u00edfica terraza con vistas. Degustaci\u00f3n de tapas.<\/p>\n","protected":false},"featured_media":3754,"comment_status":"open","ping_status":"closed","template":"","meta":{"_et_pb_use_builder":"","_et_pb_old_content":"","_et_gb_content_width":""},"product_brand":[],"product_cat":[113,1313],"product_tag":[],"class_list":{"0":"post-3481","1":"product","2":"type-product","3":"status-publish","4":"has-post-thumbnail","6":"product_cat-ibiza","7":"product_cat-uncategorised","9":"first","10":"instock","11":"shipping-taxable","12":"product-type-simple"},"yoast_head":"<!-- This site is optimized with the Yoast SEO plugin v26.4 - https:\/\/yoast.com\/wordpress\/plugins\/seo\/ -->\n<title>Tapas espa\u00f1olas y sangr\u00eda Ibiza<\/title>\n<meta name=\"description\" content=\"Tapas espa\u00f1olas y sangr\u00eda Ibiza. Comparte un litro de sangr\u00eda para dos en una magn\u00edfica terraza con vistas. Degustaci\u00f3n de tapas.\" \/>\n<meta name=\"robots\" content=\"index, follow, max-snippet:-1, max-image-preview:large, max-video-preview:-1\" \/>\n<link rel=\"canonical\" href=\"https:\/\/stagpartynight.com\/es\/product\/tapas-espanolas-y-sangria-ibiza\/\" \/>\n<meta property=\"og:locale\" content=\"es_ES\" \/>\n<meta property=\"og:type\" content=\"article\" \/>\n<meta property=\"og:title\" content=\"Tapas espa\u00f1olas y sangr\u00eda Ibiza\" \/>\n<meta property=\"og:description\" content=\"Tapas espa\u00f1olas y sangr\u00eda Ibiza. Comparte un litro de sangr\u00eda para dos en una magn\u00edfica terraza con vistas. Degustaci\u00f3n de tapas.\" \/>\n<meta property=\"og:url\" content=\"https:\/\/stagpartynight.com\/es\/product\/tapas-espanolas-y-sangria-ibiza\/\" \/>\n<meta property=\"og:site_name\" content=\"Despedida de Soltero\" \/>\n<meta property=\"article:modified_time\" content=\"2024-01-19T11:55:50+00:00\" \/>\n<meta property=\"og:image\" content=\"https:\/\/stagpartynight.com\/es\/wp-content\/uploads\/sites\/2\/2023\/12\/Tapas-espanolas-y-sangria-Ibiza.jpg\" \/>\n\t<meta property=\"og:image:width\" content=\"480\" \/>\n\t<meta property=\"og:image:height\" content=\"640\" \/>\n\t<meta property=\"og:image:type\" content=\"image\/jpeg\" \/>\n<meta name=\"twitter:card\" content=\"summary_large_image\" \/>\n<meta name=\"twitter:label1\" content=\"Tiempo de lectura\" \/>\n\t<meta name=\"twitter:data1\" content=\"2 minutos\" \/>\n<script type=\"application\/ld+json\" class=\"yoast-schema-graph\">{\"@context\":\"https:\/\/schema.org\",\"@graph\":[{\"@type\":\"WebPage\",\"@id\":\"https:\/\/stagpartynight.com\/es\/product\/tapas-espanolas-y-sangria-ibiza\/\",\"url\":\"https:\/\/stagpartynight.com\/es\/product\/tapas-espanolas-y-sangria-ibiza\/\",\"name\":\"Tapas espa\u00f1olas y sangr\u00eda Ibiza\",\"isPartOf\":{\"@id\":\"https:\/\/stagpartynight.com\/es\/#website\"},\"primaryImageOfPage\":{\"@id\":\"https:\/\/stagpartynight.com\/es\/product\/tapas-espanolas-y-sangria-ibiza\/#primaryimage\"},\"image\":{\"@id\":\"https:\/\/stagpartynight.com\/es\/product\/tapas-espanolas-y-sangria-ibiza\/#primaryimage\"},\"thumbnailUrl\":\"https:\/\/stagpartynight.com\/es\/wp-content\/uploads\/sites\/2\/2023\/12\/Tapas-espanolas-y-sangria-Ibiza.jpg\",\"datePublished\":\"2023-12-22T11:06:30+00:00\",\"dateModified\":\"2024-01-19T11:55:50+00:00\",\"description\":\"Tapas espa\u00f1olas y sangr\u00eda Ibiza. Comparte un litro de sangr\u00eda para dos en una magn\u00edfica terraza con vistas. Degustaci\u00f3n de tapas.\",\"breadcrumb\":{\"@id\":\"https:\/\/stagpartynight.com\/es\/product\/tapas-espanolas-y-sangria-ibiza\/#breadcrumb\"},\"inLanguage\":\"es\",\"potentialAction\":[{\"@type\":\"ReadAction\",\"target\":[\"https:\/\/stagpartynight.com\/es\/product\/tapas-espanolas-y-sangria-ibiza\/\"]}]},{\"@type\":\"ImageObject\",\"inLanguage\":\"es\",\"@id\":\"https:\/\/stagpartynight.com\/es\/product\/tapas-espanolas-y-sangria-ibiza\/#primaryimage\",\"url\":\"https:\/\/stagpartynight.com\/es\/wp-content\/uploads\/sites\/2\/2023\/12\/Tapas-espanolas-y-sangria-Ibiza.jpg\",\"contentUrl\":\"https:\/\/stagpartynight.com\/es\/wp-content\/uploads\/sites\/2\/2023\/12\/Tapas-espanolas-y-sangria-Ibiza.jpg\",\"width\":480,\"height\":640,\"caption\":\"Tapas espa\u00f1olas y sangr\u00eda Ibiza\"},{\"@type\":\"BreadcrumbList\",\"@id\":\"https:\/\/stagpartynight.com\/es\/product\/tapas-espanolas-y-sangria-ibiza\/#breadcrumb\",\"itemListElement\":[{\"@type\":\"ListItem\",\"position\":1,\"name\":\"Home\",\"item\":\"https:\/\/stagpartynight.com\/es\/\"},{\"@type\":\"ListItem\",\"position\":2,\"name\":\"Tienda\",\"item\":\"https:\/\/stagpartynight.com\/es\/tienda\/\"},{\"@type\":\"ListItem\",\"position\":3,\"name\":\"Tapas espa\u00f1olas y sangr\u00eda Ibiza\"}]},{\"@type\":\"WebSite\",\"@id\":\"https:\/\/stagpartynight.com\/es\/#website\",\"url\":\"https:\/\/stagpartynight.com\/es\/\",\"name\":\"Stag Party Night\",\"description\":\"Your Stag Party Customized\",\"publisher\":{\"@id\":\"https:\/\/stagpartynight.com\/es\/#organization\"},\"potentialAction\":[{\"@type\":\"SearchAction\",\"target\":{\"@type\":\"EntryPoint\",\"urlTemplate\":\"https:\/\/stagpartynight.com\/es\/?s={search_term_string}\"},\"query-input\":{\"@type\":\"PropertyValueSpecification\",\"valueRequired\":true,\"valueName\":\"search_term_string\"}}],\"inLanguage\":\"es\"},{\"@type\":\"Organization\",\"@id\":\"https:\/\/stagpartynight.com\/es\/#organization\",\"name\":\"Stag Party Night\",\"url\":\"https:\/\/stagpartynight.com\/es\/\",\"logo\":{\"@type\":\"ImageObject\",\"inLanguage\":\"es\",\"@id\":\"https:\/\/stagpartynight.com\/es\/#\/schema\/logo\/image\/\",\"url\":\"https:\/\/stagpartynight.com\/es\/wp-content\/uploads\/sites\/2\/2019\/12\/stagpartynight-e1578565505687.png\",\"contentUrl\":\"https:\/\/stagpartynight.com\/es\/wp-content\/uploads\/sites\/2\/2019\/12\/stagpartynight-e1578565505687.png\",\"width\":400,\"height\":400,\"caption\":\"Stag Party Night\"},\"image\":{\"@id\":\"https:\/\/stagpartynight.com\/es\/#\/schema\/logo\/image\/\"}}]}<\/script>\n<!-- \/ Yoast SEO plugin. -->","yoast_head_json":{"title":"Tapas espa\u00f1olas y sangr\u00eda Ibiza","description":"Tapas espa\u00f1olas y sangr\u00eda Ibiza. Comparte un litro de sangr\u00eda para dos en una magn\u00edfica terraza con vistas. Degustaci\u00f3n de tapas.","robots":{"index":"index","follow":"follow","max-snippet":"max-snippet:-1","max-image-preview":"max-image-preview:large","max-video-preview":"max-video-preview:-1"},"canonical":"https:\/\/stagpartynight.com\/es\/product\/tapas-espanolas-y-sangria-ibiza\/","og_locale":"es_ES","og_type":"article","og_title":"Tapas espa\u00f1olas y sangr\u00eda Ibiza","og_description":"Tapas espa\u00f1olas y sangr\u00eda Ibiza. Comparte un litro de sangr\u00eda para dos en una magn\u00edfica terraza con vistas. Degustaci\u00f3n de tapas.","og_url":"https:\/\/stagpartynight.com\/es\/product\/tapas-espanolas-y-sangria-ibiza\/","og_site_name":"Despedida de Soltero","article_modified_time":"2024-01-19T11:55:50+00:00","og_image":[{"width":480,"height":640,"url":"https:\/\/stagpartynight.com\/es\/wp-content\/uploads\/sites\/2\/2023\/12\/Tapas-espanolas-y-sangria-Ibiza.jpg","type":"image\/jpeg"}],"twitter_card":"summary_large_image","twitter_misc":{"Tiempo de lectura":"2 minutos"},"schema":{"@context":"https:\/\/schema.org","@graph":[{"@type":"WebPage","@id":"https:\/\/stagpartynight.com\/es\/product\/tapas-espanolas-y-sangria-ibiza\/","url":"https:\/\/stagpartynight.com\/es\/product\/tapas-espanolas-y-sangria-ibiza\/","name":"Tapas espa\u00f1olas y sangr\u00eda Ibiza","isPartOf":{"@id":"https:\/\/stagpartynight.com\/es\/#website"},"primaryImageOfPage":{"@id":"https:\/\/stagpartynight.com\/es\/product\/tapas-espanolas-y-sangria-ibiza\/#primaryimage"},"image":{"@id":"https:\/\/stagpartynight.com\/es\/product\/tapas-espanolas-y-sangria-ibiza\/#primaryimage"},"thumbnailUrl":"https:\/\/stagpartynight.com\/es\/wp-content\/uploads\/sites\/2\/2023\/12\/Tapas-espanolas-y-sangria-Ibiza.jpg","datePublished":"2023-12-22T11:06:30+00:00","dateModified":"2024-01-19T11:55:50+00:00","description":"Tapas espa\u00f1olas y sangr\u00eda Ibiza. Comparte un litro de sangr\u00eda para dos en una magn\u00edfica terraza con vistas. Degustaci\u00f3n de tapas.","breadcrumb":{"@id":"https:\/\/stagpartynight.com\/es\/product\/tapas-espanolas-y-sangria-ibiza\/#breadcrumb"},"inLanguage":"es","potentialAction":[{"@type":"ReadAction","target":["https:\/\/stagpartynight.com\/es\/product\/tapas-espanolas-y-sangria-ibiza\/"]}]},{"@type":"ImageObject","inLanguage":"es","@id":"https:\/\/stagpartynight.com\/es\/product\/tapas-espanolas-y-sangria-ibiza\/#primaryimage","url":"https:\/\/stagpartynight.com\/es\/wp-content\/uploads\/sites\/2\/2023\/12\/Tapas-espanolas-y-sangria-Ibiza.jpg","contentUrl":"https:\/\/stagpartynight.com\/es\/wp-content\/uploads\/sites\/2\/2023\/12\/Tapas-espanolas-y-sangria-Ibiza.jpg","width":480,"height":640,"caption":"Tapas espa\u00f1olas y sangr\u00eda Ibiza"},{"@type":"BreadcrumbList","@id":"https:\/\/stagpartynight.com\/es\/product\/tapas-espanolas-y-sangria-ibiza\/#breadcrumb","itemListElement":[{"@type":"ListItem","position":1,"name":"Home","item":"https:\/\/stagpartynight.com\/es\/"},{"@type":"ListItem","position":2,"name":"Tienda","item":"https:\/\/stagpartynight.com\/es\/tienda\/"},{"@type":"ListItem","position":3,"name":"Tapas espa\u00f1olas y sangr\u00eda Ibiza"}]},{"@type":"WebSite","@id":"https:\/\/stagpartynight.com\/es\/#website","url":"https:\/\/stagpartynight.com\/es\/","name":"Stag Party Night","description":"Your Stag Party Customized","publisher":{"@id":"https:\/\/stagpartynight.com\/es\/#organization"},"potentialAction":[{"@type":"SearchAction","target":{"@type":"EntryPoint","urlTemplate":"https:\/\/stagpartynight.com\/es\/?s={search_term_string}"},"query-input":{"@type":"PropertyValueSpecification","valueRequired":true,"valueName":"search_term_string"}}],"inLanguage":"es"},{"@type":"Organization","@id":"https:\/\/stagpartynight.com\/es\/#organization","name":"Stag Party Night","url":"https:\/\/stagpartynight.com\/es\/","logo":{"@type":"ImageObject","inLanguage":"es","@id":"https:\/\/stagpartynight.com\/es\/#\/schema\/logo\/image\/","url":"https:\/\/stagpartynight.com\/es\/wp-content\/uploads\/sites\/2\/2019\/12\/stagpartynight-e1578565505687.png","contentUrl":"https:\/\/stagpartynight.com\/es\/wp-content\/uploads\/sites\/2\/2019\/12\/stagpartynight-e1578565505687.png","width":400,"height":400,"caption":"Stag Party Night"},"image":{"@id":"https:\/\/stagpartynight.com\/es\/#\/schema\/logo\/image\/"}}]}},"_links":{"self":[{"href":"https:\/\/stagpartynight.com\/es\/wp-json\/wp\/v2\/product\/3481","targetHints":{"allow":["GET"]}}],"collection":[{"href":"https:\/\/stagpartynight.com\/es\/wp-json\/wp\/v2\/product"}],"about":[{"href":"https:\/\/stagpartynight.com\/es\/wp-json\/wp\/v2\/types\/product"}],"replies":[{"embeddable":true,"href":"https:\/\/stagpartynight.com\/es\/wp-json\/wp\/v2\/comments?post=3481"}],"wp:featuredmedia":[{"embeddable":true,"href":"https:\/\/stagpartynight.com\/es\/wp-json\/wp\/v2\/media\/3754"}],"wp:attachment":[{"href":"https:\/\/stagpartynight.com\/es\/wp-json\/wp\/v2\/media?parent=3481"}],"wp:term":[{"taxonomy":"product_brand","embeddable":true,"href":"https:\/\/stagpartynight.com\/es\/wp-json\/wp\/v2\/product_brand?post=3481"},{"taxonomy":"product_cat","embeddable":true,"href":"https:\/\/stagpartynight.com\/es\/wp-json\/wp\/v2\/product_cat?post=3481"},{"taxonomy":"product_tag","embeddable":true,"href":"https:\/\/stagpartynight.com\/es\/wp-json\/wp\/v2\/product_tag?post=3481"}],"curies":[{"name":"wp","href":"https:\/\/api.w.org\/{rel}","templated":true}]}}