{"id":3482,"date":"2023-12-22T13:15:58","date_gmt":"2023-12-22T12:15:58","guid":{"rendered":"https:\/\/stagpartynight.com\/fr\/?post_type=product&#038;p=2684"},"modified":"2024-01-19T11:04:29","modified_gmt":"2024-01-19T10:04:29","slug":"kayak-y-snorkel-ibiza","status":"publish","type":"product","link":"https:\/\/stagpartynight.com\/es\/product\/kayak-y-snorkel-ibiza\/","title":{"rendered":"Kayak y Snorkel Ibiza"},"content":{"rendered":"<div>Kayak y Snorkel Ibiza. Kayak y submarinismo. Disfruta de tres horas de kayak y buceo en las aguas secretas de Ibiza.<\/div>\n<div><\/div>\n<div>Las mejores despedidas de soltero con <a href=\"https:\/\/stagpartynight.com\/\">Stagparty<\/a>!<\/div>\n<div><\/div>\n<h2 style=\"text-align: center;\">Kayak y Snorkel Ibiza<\/h2>\n<h4>\ud83d\udea3\u200d\u2642\ufe0f Kayak y Submarinismo en Ibiza: \u00a1Explora los secretos de la costa en esta aventura acu\u00e1tica de tres horas!<\/h4>\n<div><\/div>\n<div>\ud83c\udfdd\ufe0f Emb\u00e1rcate en una experiencia inmersiva de kayak y snorkel, descubriendo los rincones secretos de la costa de Ibiza. Rema por calas escondidas, explora cuevas marinas y sum\u00e9rgete en aguas cristalinas, creando una aventura inolvidable.<\/div>\n<div><\/div>\n<div>\ud83c\udf47 Disfruta de refrescantes aperitivos y bebidas, la energ\u00eda que necesitas para continuar esta exploraci\u00f3n acu\u00e1tica. Admira las vistas panor\u00e1micas del Mediterr\u00e1neo mientras disfrutas de deliciosos aperitivos.<\/div>\n<div><\/div>\n<div>\ud83d\udc20 Marav\u00edllate con la vida marina, explora el fondo marino con el esn\u00f3rquel y crea recuerdos inolvidables de peces de colores y formaciones coralinas.<\/div>\n<div><\/div>\n<div>\ud83c\udf1e Una aventura de tres horas dise\u00f1ada para los amantes del mar, que combina deporte, descubrimiento y relajaci\u00f3n. Las aguas turquesas, el impresionante paisaje costero y las emocionantes actividades acu\u00e1ticas hacen de \u00e9sta una experiencia encantadora.<\/div>\n<div><\/div>\n<div>\ud83d\udea3\u200d\u2640\ufe0f Reserve ahora y l\u00e1ncese a la conquista de las joyas ocultas de la costa ib\u00e9rica. Un equipo experimentado te guiar\u00e1 por los rincones secretos y te garantizar\u00e1 una experiencia aut\u00e9ntica y segura.<\/div>\n<div><\/div>\n<div>\n<div style=\"text-align: center;\">\ud83c\udf0a\u2728 Disfruta de la maravilla de la naturaleza en <a href=\"https:\/\/es.wikipedia.org\/wiki\/Ibiza\">Ibiza<\/a> mientras creas recuerdos imborrables. \ud83d\udea4\ud83d\udc99<\/div>\n<\/div>\n","protected":false},"excerpt":{"rendered":"<p>Kayak y Snorkel Ibiza. Kayak y submarinismo. Disfruta de tres horas de kayak y buceo en las aguas secretas de Ibiza.<\/p>\n","protected":false},"featured_media":3737,"comment_status":"open","ping_status":"closed","template":"","meta":{"_et_pb_use_builder":"","_et_pb_old_content":"","_et_gb_content_width":""},"product_brand":[],"product_cat":[113,1313],"product_tag":[],"class_list":{"0":"post-3482","1":"product","2":"type-product","3":"status-publish","4":"has-post-thumbnail","6":"product_cat-ibiza","7":"product_cat-uncategorised","9":"first","10":"instock","11":"shipping-taxable","12":"product-type-simple"},"yoast_head":"<!-- This site is optimized with the Yoast SEO plugin v26.4 - https:\/\/yoast.com\/wordpress\/plugins\/seo\/ -->\n<title>Kayak y Snorkel Ibiza<\/title>\n<meta name=\"description\" content=\"Kayak y Snorkel Ibiza. Kayak y submarinismo. Disfruta de tres horas de kayak y buceo en las aguas secretas de Ibiza. Experiencia inolvidable Espa\u00f1a.\" \/>\n<meta name=\"robots\" content=\"index, follow, max-snippet:-1, max-image-preview:large, max-video-preview:-1\" \/>\n<link rel=\"canonical\" href=\"https:\/\/stagpartynight.com\/es\/product\/kayak-y-snorkel-ibiza\/\" \/>\n<meta property=\"og:locale\" content=\"es_ES\" \/>\n<meta property=\"og:type\" content=\"article\" \/>\n<meta property=\"og:title\" content=\"Kayak y Snorkel Ibiza\" \/>\n<meta property=\"og:description\" content=\"Kayak y Snorkel Ibiza. Kayak y submarinismo. Disfruta de tres horas de kayak y buceo en las aguas secretas de Ibiza. Experiencia inolvidable Espa\u00f1a.\" \/>\n<meta property=\"og:url\" content=\"https:\/\/stagpartynight.com\/es\/product\/kayak-y-snorkel-ibiza\/\" \/>\n<meta property=\"og:site_name\" content=\"Despedida de Soltero\" \/>\n<meta property=\"article:modified_time\" content=\"2024-01-19T10:04:29+00:00\" \/>\n<meta property=\"og:image\" content=\"https:\/\/stagpartynight.com\/es\/wp-content\/uploads\/sites\/2\/2023\/12\/Kayak-y-Snorkel-Ibiza.jpg\" \/>\n\t<meta property=\"og:image:width\" content=\"1280\" \/>\n\t<meta property=\"og:image:height\" content=\"1707\" \/>\n\t<meta property=\"og:image:type\" content=\"image\/jpeg\" \/>\n<meta name=\"twitter:card\" content=\"summary_large_image\" \/>\n<meta name=\"twitter:label1\" content=\"Tiempo de lectura\" \/>\n\t<meta name=\"twitter:data1\" content=\"2 minutos\" \/>\n<script type=\"application\/ld+json\" class=\"yoast-schema-graph\">{\"@context\":\"https:\/\/schema.org\",\"@graph\":[{\"@type\":\"WebPage\",\"@id\":\"https:\/\/stagpartynight.com\/es\/product\/kayak-y-snorkel-ibiza\/\",\"url\":\"https:\/\/stagpartynight.com\/es\/product\/kayak-y-snorkel-ibiza\/\",\"name\":\"Kayak y Snorkel Ibiza\",\"isPartOf\":{\"@id\":\"https:\/\/stagpartynight.com\/es\/#website\"},\"primaryImageOfPage\":{\"@id\":\"https:\/\/stagpartynight.com\/es\/product\/kayak-y-snorkel-ibiza\/#primaryimage\"},\"image\":{\"@id\":\"https:\/\/stagpartynight.com\/es\/product\/kayak-y-snorkel-ibiza\/#primaryimage\"},\"thumbnailUrl\":\"https:\/\/stagpartynight.com\/es\/wp-content\/uploads\/sites\/2\/2023\/12\/Kayak-y-Snorkel-Ibiza.jpg\",\"datePublished\":\"2023-12-22T12:15:58+00:00\",\"dateModified\":\"2024-01-19T10:04:29+00:00\",\"description\":\"Kayak y Snorkel Ibiza. Kayak y submarinismo. Disfruta de tres horas de kayak y buceo en las aguas secretas de Ibiza. Experiencia inolvidable Espa\u00f1a.\",\"breadcrumb\":{\"@id\":\"https:\/\/stagpartynight.com\/es\/product\/kayak-y-snorkel-ibiza\/#breadcrumb\"},\"inLanguage\":\"es\",\"potentialAction\":[{\"@type\":\"ReadAction\",\"target\":[\"https:\/\/stagpartynight.com\/es\/product\/kayak-y-snorkel-ibiza\/\"]}]},{\"@type\":\"ImageObject\",\"inLanguage\":\"es\",\"@id\":\"https:\/\/stagpartynight.com\/es\/product\/kayak-y-snorkel-ibiza\/#primaryimage\",\"url\":\"https:\/\/stagpartynight.com\/es\/wp-content\/uploads\/sites\/2\/2023\/12\/Kayak-y-Snorkel-Ibiza.jpg\",\"contentUrl\":\"https:\/\/stagpartynight.com\/es\/wp-content\/uploads\/sites\/2\/2023\/12\/Kayak-y-Snorkel-Ibiza.jpg\",\"width\":1280,\"height\":1707,\"caption\":\"Kayak y Snorkel Ibiza\"},{\"@type\":\"BreadcrumbList\",\"@id\":\"https:\/\/stagpartynight.com\/es\/product\/kayak-y-snorkel-ibiza\/#breadcrumb\",\"itemListElement\":[{\"@type\":\"ListItem\",\"position\":1,\"name\":\"Home\",\"item\":\"https:\/\/stagpartynight.com\/es\/\"},{\"@type\":\"ListItem\",\"position\":2,\"name\":\"Tienda\",\"item\":\"https:\/\/stagpartynight.com\/es\/tienda\/\"},{\"@type\":\"ListItem\",\"position\":3,\"name\":\"Kayak y Snorkel Ibiza\"}]},{\"@type\":\"WebSite\",\"@id\":\"https:\/\/stagpartynight.com\/es\/#website\",\"url\":\"https:\/\/stagpartynight.com\/es\/\",\"name\":\"Stag Party Night\",\"description\":\"Your Stag Party Customized\",\"publisher\":{\"@id\":\"https:\/\/stagpartynight.com\/es\/#organization\"},\"potentialAction\":[{\"@type\":\"SearchAction\",\"target\":{\"@type\":\"EntryPoint\",\"urlTemplate\":\"https:\/\/stagpartynight.com\/es\/?s={search_term_string}\"},\"query-input\":{\"@type\":\"PropertyValueSpecification\",\"valueRequired\":true,\"valueName\":\"search_term_string\"}}],\"inLanguage\":\"es\"},{\"@type\":\"Organization\",\"@id\":\"https:\/\/stagpartynight.com\/es\/#organization\",\"name\":\"Stag Party Night\",\"url\":\"https:\/\/stagpartynight.com\/es\/\",\"logo\":{\"@type\":\"ImageObject\",\"inLanguage\":\"es\",\"@id\":\"https:\/\/stagpartynight.com\/es\/#\/schema\/logo\/image\/\",\"url\":\"https:\/\/stagpartynight.com\/es\/wp-content\/uploads\/sites\/2\/2019\/12\/stagpartynight-e1578565505687.png\",\"contentUrl\":\"https:\/\/stagpartynight.com\/es\/wp-content\/uploads\/sites\/2\/2019\/12\/stagpartynight-e1578565505687.png\",\"width\":400,\"height\":400,\"caption\":\"Stag Party Night\"},\"image\":{\"@id\":\"https:\/\/stagpartynight.com\/es\/#\/schema\/logo\/image\/\"}}]}<\/script>\n<!-- \/ Yoast SEO plugin. -->","yoast_head_json":{"title":"Kayak y Snorkel Ibiza","description":"Kayak y Snorkel Ibiza. Kayak y submarinismo. Disfruta de tres horas de kayak y buceo en las aguas secretas de Ibiza. Experiencia inolvidable Espa\u00f1a.","robots":{"index":"index","follow":"follow","max-snippet":"max-snippet:-1","max-image-preview":"max-image-preview:large","max-video-preview":"max-video-preview:-1"},"canonical":"https:\/\/stagpartynight.com\/es\/product\/kayak-y-snorkel-ibiza\/","og_locale":"es_ES","og_type":"article","og_title":"Kayak y Snorkel Ibiza","og_description":"Kayak y Snorkel Ibiza. Kayak y submarinismo. Disfruta de tres horas de kayak y buceo en las aguas secretas de Ibiza. Experiencia inolvidable Espa\u00f1a.","og_url":"https:\/\/stagpartynight.com\/es\/product\/kayak-y-snorkel-ibiza\/","og_site_name":"Despedida de Soltero","article_modified_time":"2024-01-19T10:04:29+00:00","og_image":[{"width":1280,"height":1707,"url":"https:\/\/stagpartynight.com\/es\/wp-content\/uploads\/sites\/2\/2023\/12\/Kayak-y-Snorkel-Ibiza.jpg","type":"image\/jpeg"}],"twitter_card":"summary_large_image","twitter_misc":{"Tiempo de lectura":"2 minutos"},"schema":{"@context":"https:\/\/schema.org","@graph":[{"@type":"WebPage","@id":"https:\/\/stagpartynight.com\/es\/product\/kayak-y-snorkel-ibiza\/","url":"https:\/\/stagpartynight.com\/es\/product\/kayak-y-snorkel-ibiza\/","name":"Kayak y Snorkel Ibiza","isPartOf":{"@id":"https:\/\/stagpartynight.com\/es\/#website"},"primaryImageOfPage":{"@id":"https:\/\/stagpartynight.com\/es\/product\/kayak-y-snorkel-ibiza\/#primaryimage"},"image":{"@id":"https:\/\/stagpartynight.com\/es\/product\/kayak-y-snorkel-ibiza\/#primaryimage"},"thumbnailUrl":"https:\/\/stagpartynight.com\/es\/wp-content\/uploads\/sites\/2\/2023\/12\/Kayak-y-Snorkel-Ibiza.jpg","datePublished":"2023-12-22T12:15:58+00:00","dateModified":"2024-01-19T10:04:29+00:00","description":"Kayak y Snorkel Ibiza. Kayak y submarinismo. Disfruta de tres horas de kayak y buceo en las aguas secretas de Ibiza. Experiencia inolvidable Espa\u00f1a.","breadcrumb":{"@id":"https:\/\/stagpartynight.com\/es\/product\/kayak-y-snorkel-ibiza\/#breadcrumb"},"inLanguage":"es","potentialAction":[{"@type":"ReadAction","target":["https:\/\/stagpartynight.com\/es\/product\/kayak-y-snorkel-ibiza\/"]}]},{"@type":"ImageObject","inLanguage":"es","@id":"https:\/\/stagpartynight.com\/es\/product\/kayak-y-snorkel-ibiza\/#primaryimage","url":"https:\/\/stagpartynight.com\/es\/wp-content\/uploads\/sites\/2\/2023\/12\/Kayak-y-Snorkel-Ibiza.jpg","contentUrl":"https:\/\/stagpartynight.com\/es\/wp-content\/uploads\/sites\/2\/2023\/12\/Kayak-y-Snorkel-Ibiza.jpg","width":1280,"height":1707,"caption":"Kayak y Snorkel Ibiza"},{"@type":"BreadcrumbList","@id":"https:\/\/stagpartynight.com\/es\/product\/kayak-y-snorkel-ibiza\/#breadcrumb","itemListElement":[{"@type":"ListItem","position":1,"name":"Home","item":"https:\/\/stagpartynight.com\/es\/"},{"@type":"ListItem","position":2,"name":"Tienda","item":"https:\/\/stagpartynight.com\/es\/tienda\/"},{"@type":"ListItem","position":3,"name":"Kayak y Snorkel Ibiza"}]},{"@type":"WebSite","@id":"https:\/\/stagpartynight.com\/es\/#website","url":"https:\/\/stagpartynight.com\/es\/","name":"Stag Party Night","description":"Your Stag Party Customized","publisher":{"@id":"https:\/\/stagpartynight.com\/es\/#organization"},"potentialAction":[{"@type":"SearchAction","target":{"@type":"EntryPoint","urlTemplate":"https:\/\/stagpartynight.com\/es\/?s={search_term_string}"},"query-input":{"@type":"PropertyValueSpecification","valueRequired":true,"valueName":"search_term_string"}}],"inLanguage":"es"},{"@type":"Organization","@id":"https:\/\/stagpartynight.com\/es\/#organization","name":"Stag Party Night","url":"https:\/\/stagpartynight.com\/es\/","logo":{"@type":"ImageObject","inLanguage":"es","@id":"https:\/\/stagpartynight.com\/es\/#\/schema\/logo\/image\/","url":"https:\/\/stagpartynight.com\/es\/wp-content\/uploads\/sites\/2\/2019\/12\/stagpartynight-e1578565505687.png","contentUrl":"https:\/\/stagpartynight.com\/es\/wp-content\/uploads\/sites\/2\/2019\/12\/stagpartynight-e1578565505687.png","width":400,"height":400,"caption":"Stag Party Night"},"image":{"@id":"https:\/\/stagpartynight.com\/es\/#\/schema\/logo\/image\/"}}]}},"_links":{"self":[{"href":"https:\/\/stagpartynight.com\/es\/wp-json\/wp\/v2\/product\/3482","targetHints":{"allow":["GET"]}}],"collection":[{"href":"https:\/\/stagpartynight.com\/es\/wp-json\/wp\/v2\/product"}],"about":[{"href":"https:\/\/stagpartynight.com\/es\/wp-json\/wp\/v2\/types\/product"}],"replies":[{"embeddable":true,"href":"https:\/\/stagpartynight.com\/es\/wp-json\/wp\/v2\/comments?post=3482"}],"wp:featuredmedia":[{"embeddable":true,"href":"https:\/\/stagpartynight.com\/es\/wp-json\/wp\/v2\/media\/3737"}],"wp:attachment":[{"href":"https:\/\/stagpartynight.com\/es\/wp-json\/wp\/v2\/media?parent=3482"}],"wp:term":[{"taxonomy":"product_brand","embeddable":true,"href":"https:\/\/stagpartynight.com\/es\/wp-json\/wp\/v2\/product_brand?post=3482"},{"taxonomy":"product_cat","embeddable":true,"href":"https:\/\/stagpartynight.com\/es\/wp-json\/wp\/v2\/product_cat?post=3482"},{"taxonomy":"product_tag","embeddable":true,"href":"https:\/\/stagpartynight.com\/es\/wp-json\/wp\/v2\/product_tag?post=3482"}],"curies":[{"name":"wp","href":"https:\/\/api.w.org\/{rel}","templated":true}]}}