{"id":3483,"date":"2023-12-22T13:33:04","date_gmt":"2023-12-22T12:33:04","guid":{"rendered":"https:\/\/stagpartynight.com\/fr\/?post_type=product&#038;p=2688"},"modified":"2024-01-19T10:57:44","modified_gmt":"2024-01-19T09:57:44","slug":"clase-de-cocteleria-ibiza","status":"publish","type":"product","link":"https:\/\/stagpartynight.com\/es\/product\/clase-de-cocteleria-ibiza\/","title":{"rendered":"Clase de Cocteler\u00eda Ibiza"},"content":{"rendered":"<div>Clase de cocteler\u00eda Ibiza. Cocktail Making Class. Convi\u00e9rtete en un experto. Prepara tus propios c\u00f3cteles con vistas al Mediterr\u00e1neo \u00a1y b\u00e9betelos!<\/div>\n<div><\/div>\n<div>Las mejores despedidas de soltero con <a href=\"https:\/\/stagpartynight.com\/\">Stagparty<\/a>!<\/div>\n<div><\/div>\n<h2 style=\"text-align: center;\">Clase de Cocteler\u00eda Ibiza<\/h2>\n<h4>\ud83c\udf79 Taller de cocteler\u00eda en Ibiza: \u00a1Crea y disfruta de tus propias delicias en una terraza con vistas al Mediterr\u00e1neo!<\/h4>\n<div><\/div>\n<div>\ud83c\udf05 Emb\u00e1rcate en un viaje gustativo a Ibiza con nuestro taller de cocteler\u00eda. Prepara tres deliciosas bebidas bajo la gu\u00eda de nuestro maestro coctelero.<\/div>\n<div><\/div>\n<div>\ud83c\udf78 En una espectacular terraza con vistas al mar Mediterr\u00e1neo, descubre el arte de la mixolog\u00eda en un entorno encantador.<\/div>\n<div><\/div>\n<div>\ud83c\udf79 M\u00e9zclate con exquisitos aromas y aprende las t\u00e9cnicas de preparaci\u00f3n de c\u00f3cteles, desde cl\u00e1sicos atemporales hasta creaciones contempor\u00e1neas.<\/div>\n<div><\/div>\n<div>\ud83c\udf34 D\u00e9jate inspirar por el ambiente isle\u00f1o mientras preparas tus propias obras maestras l\u00edquidas. Deleita tu paladar con una impresionante vista panor\u00e1mica.<\/div>\n<div><\/div>\n<div>\ud83c\udf78 Una vez preparados los c\u00f3cteles, si\u00e9ntate y disfruta de tus creaciones. Siente la satisfacci\u00f3n de saborear un c\u00f3ctel perfectamente orquestado y elaborado con tus propias manos.<\/div>\n<div><\/div>\n<div>\ud83c\udf0a La experiencia \u00fanica de Ibiza se refleja en cada sorbo, mientras saboreas tus creaciones en esta exclusiva terraza.<\/div>\n<div><\/div>\n<div>\ud83e\udd42 Reserva tu plaza para una velada inolvidable, combinando arte, vistas y el placer de crear c\u00f3cteles en <a href=\"https:\/\/es.wikipedia.org\/wiki\/Ibiza\">Ibiza<\/a>. Crea deliciosos recuerdos en este entorno excepcional. \ud83c\udf05\ud83c\udf79<\/div>\n","protected":false},"excerpt":{"rendered":"<p>Clases de cocteler\u00eda Ibiza. Cocktail Making Class. Convi\u00e9rtete en un experto. Prepara tus propios c\u00f3cteles con vistas al Mediterr\u00e1neo \u00a1y b\u00e9betelos!<\/p>\n","protected":false},"featured_media":3733,"comment_status":"open","ping_status":"closed","template":"","meta":{"_et_pb_use_builder":"","_et_pb_old_content":"","_et_gb_content_width":""},"product_brand":[],"product_cat":[113,1313],"product_tag":[],"class_list":{"0":"post-3483","1":"product","2":"type-product","3":"status-publish","4":"has-post-thumbnail","6":"product_cat-ibiza","7":"product_cat-uncategorised","9":"first","10":"instock","11":"shipping-taxable","12":"product-type-simple"},"yoast_head":"<!-- This site is optimized with the Yoast SEO plugin v26.4 - https:\/\/yoast.com\/wordpress\/plugins\/seo\/ -->\n<title>Clase de Cocteler\u00eda Ibiza<\/title>\n<meta name=\"description\" content=\"Clase de cocteler\u00eda Ibiza. Cocktail Making Class. Convi\u00e9rtete en un experto. Prepara tus propios c\u00f3cteles con vistas al Mediterr\u00e1neo \u00a1y b\u00e9betelos!\" \/>\n<meta name=\"robots\" content=\"index, follow, max-snippet:-1, max-image-preview:large, max-video-preview:-1\" \/>\n<link rel=\"canonical\" href=\"https:\/\/stagpartynight.com\/es\/product\/clase-de-cocteleria-ibiza\/\" \/>\n<meta property=\"og:locale\" content=\"es_ES\" \/>\n<meta property=\"og:type\" content=\"article\" \/>\n<meta property=\"og:title\" content=\"Clase de Cocteler\u00eda Ibiza\" \/>\n<meta property=\"og:description\" content=\"Clase de cocteler\u00eda Ibiza. Cocktail Making Class. Convi\u00e9rtete en un experto. Prepara tus propios c\u00f3cteles con vistas al Mediterr\u00e1neo \u00a1y b\u00e9betelos!\" \/>\n<meta property=\"og:url\" content=\"https:\/\/stagpartynight.com\/es\/product\/clase-de-cocteleria-ibiza\/\" \/>\n<meta property=\"og:site_name\" content=\"Despedida de Soltero\" \/>\n<meta property=\"article:modified_time\" content=\"2024-01-19T09:57:44+00:00\" \/>\n<meta property=\"og:image\" content=\"https:\/\/stagpartynight.com\/es\/wp-content\/uploads\/sites\/2\/2023\/12\/Clase-de-Cocteleria-Ibiza.jpg\" \/>\n\t<meta property=\"og:image:width\" content=\"640\" \/>\n\t<meta property=\"og:image:height\" content=\"428\" \/>\n\t<meta property=\"og:image:type\" content=\"image\/jpeg\" \/>\n<meta name=\"twitter:card\" content=\"summary_large_image\" \/>\n<meta name=\"twitter:label1\" content=\"Tiempo de lectura\" \/>\n\t<meta name=\"twitter:data1\" content=\"2 minutos\" \/>\n<script type=\"application\/ld+json\" class=\"yoast-schema-graph\">{\"@context\":\"https:\/\/schema.org\",\"@graph\":[{\"@type\":\"WebPage\",\"@id\":\"https:\/\/stagpartynight.com\/es\/product\/clase-de-cocteleria-ibiza\/\",\"url\":\"https:\/\/stagpartynight.com\/es\/product\/clase-de-cocteleria-ibiza\/\",\"name\":\"Clase de Cocteler\u00eda Ibiza\",\"isPartOf\":{\"@id\":\"https:\/\/stagpartynight.com\/es\/#website\"},\"primaryImageOfPage\":{\"@id\":\"https:\/\/stagpartynight.com\/es\/product\/clase-de-cocteleria-ibiza\/#primaryimage\"},\"image\":{\"@id\":\"https:\/\/stagpartynight.com\/es\/product\/clase-de-cocteleria-ibiza\/#primaryimage\"},\"thumbnailUrl\":\"https:\/\/stagpartynight.com\/es\/wp-content\/uploads\/sites\/2\/2023\/12\/Clase-de-Cocteleria-Ibiza.jpg\",\"datePublished\":\"2023-12-22T12:33:04+00:00\",\"dateModified\":\"2024-01-19T09:57:44+00:00\",\"description\":\"Clase de cocteler\u00eda Ibiza. Cocktail Making Class. Convi\u00e9rtete en un experto. Prepara tus propios c\u00f3cteles con vistas al Mediterr\u00e1neo \u00a1y b\u00e9betelos!\",\"breadcrumb\":{\"@id\":\"https:\/\/stagpartynight.com\/es\/product\/clase-de-cocteleria-ibiza\/#breadcrumb\"},\"inLanguage\":\"es\",\"potentialAction\":[{\"@type\":\"ReadAction\",\"target\":[\"https:\/\/stagpartynight.com\/es\/product\/clase-de-cocteleria-ibiza\/\"]}]},{\"@type\":\"ImageObject\",\"inLanguage\":\"es\",\"@id\":\"https:\/\/stagpartynight.com\/es\/product\/clase-de-cocteleria-ibiza\/#primaryimage\",\"url\":\"https:\/\/stagpartynight.com\/es\/wp-content\/uploads\/sites\/2\/2023\/12\/Clase-de-Cocteleria-Ibiza.jpg\",\"contentUrl\":\"https:\/\/stagpartynight.com\/es\/wp-content\/uploads\/sites\/2\/2023\/12\/Clase-de-Cocteleria-Ibiza.jpg\",\"width\":640,\"height\":428,\"caption\":\"Clase de Cocteler\u00eda Ibiza\"},{\"@type\":\"BreadcrumbList\",\"@id\":\"https:\/\/stagpartynight.com\/es\/product\/clase-de-cocteleria-ibiza\/#breadcrumb\",\"itemListElement\":[{\"@type\":\"ListItem\",\"position\":1,\"name\":\"Home\",\"item\":\"https:\/\/stagpartynight.com\/es\/\"},{\"@type\":\"ListItem\",\"position\":2,\"name\":\"Tienda\",\"item\":\"https:\/\/stagpartynight.com\/es\/tienda\/\"},{\"@type\":\"ListItem\",\"position\":3,\"name\":\"Clase de Cocteler\u00eda Ibiza\"}]},{\"@type\":\"WebSite\",\"@id\":\"https:\/\/stagpartynight.com\/es\/#website\",\"url\":\"https:\/\/stagpartynight.com\/es\/\",\"name\":\"Stag Party Night\",\"description\":\"Your Stag Party Customized\",\"publisher\":{\"@id\":\"https:\/\/stagpartynight.com\/es\/#organization\"},\"potentialAction\":[{\"@type\":\"SearchAction\",\"target\":{\"@type\":\"EntryPoint\",\"urlTemplate\":\"https:\/\/stagpartynight.com\/es\/?s={search_term_string}\"},\"query-input\":{\"@type\":\"PropertyValueSpecification\",\"valueRequired\":true,\"valueName\":\"search_term_string\"}}],\"inLanguage\":\"es\"},{\"@type\":\"Organization\",\"@id\":\"https:\/\/stagpartynight.com\/es\/#organization\",\"name\":\"Stag Party Night\",\"url\":\"https:\/\/stagpartynight.com\/es\/\",\"logo\":{\"@type\":\"ImageObject\",\"inLanguage\":\"es\",\"@id\":\"https:\/\/stagpartynight.com\/es\/#\/schema\/logo\/image\/\",\"url\":\"https:\/\/stagpartynight.com\/es\/wp-content\/uploads\/sites\/2\/2019\/12\/stagpartynight-e1578565505687.png\",\"contentUrl\":\"https:\/\/stagpartynight.com\/es\/wp-content\/uploads\/sites\/2\/2019\/12\/stagpartynight-e1578565505687.png\",\"width\":400,\"height\":400,\"caption\":\"Stag Party Night\"},\"image\":{\"@id\":\"https:\/\/stagpartynight.com\/es\/#\/schema\/logo\/image\/\"}}]}<\/script>\n<!-- \/ Yoast SEO plugin. -->","yoast_head_json":{"title":"Clase de Cocteler\u00eda Ibiza","description":"Clase de cocteler\u00eda Ibiza. Cocktail Making Class. Convi\u00e9rtete en un experto. Prepara tus propios c\u00f3cteles con vistas al Mediterr\u00e1neo \u00a1y b\u00e9betelos!","robots":{"index":"index","follow":"follow","max-snippet":"max-snippet:-1","max-image-preview":"max-image-preview:large","max-video-preview":"max-video-preview:-1"},"canonical":"https:\/\/stagpartynight.com\/es\/product\/clase-de-cocteleria-ibiza\/","og_locale":"es_ES","og_type":"article","og_title":"Clase de Cocteler\u00eda Ibiza","og_description":"Clase de cocteler\u00eda Ibiza. Cocktail Making Class. Convi\u00e9rtete en un experto. Prepara tus propios c\u00f3cteles con vistas al Mediterr\u00e1neo \u00a1y b\u00e9betelos!","og_url":"https:\/\/stagpartynight.com\/es\/product\/clase-de-cocteleria-ibiza\/","og_site_name":"Despedida de Soltero","article_modified_time":"2024-01-19T09:57:44+00:00","og_image":[{"width":640,"height":428,"url":"https:\/\/stagpartynight.com\/es\/wp-content\/uploads\/sites\/2\/2023\/12\/Clase-de-Cocteleria-Ibiza.jpg","type":"image\/jpeg"}],"twitter_card":"summary_large_image","twitter_misc":{"Tiempo de lectura":"2 minutos"},"schema":{"@context":"https:\/\/schema.org","@graph":[{"@type":"WebPage","@id":"https:\/\/stagpartynight.com\/es\/product\/clase-de-cocteleria-ibiza\/","url":"https:\/\/stagpartynight.com\/es\/product\/clase-de-cocteleria-ibiza\/","name":"Clase de Cocteler\u00eda Ibiza","isPartOf":{"@id":"https:\/\/stagpartynight.com\/es\/#website"},"primaryImageOfPage":{"@id":"https:\/\/stagpartynight.com\/es\/product\/clase-de-cocteleria-ibiza\/#primaryimage"},"image":{"@id":"https:\/\/stagpartynight.com\/es\/product\/clase-de-cocteleria-ibiza\/#primaryimage"},"thumbnailUrl":"https:\/\/stagpartynight.com\/es\/wp-content\/uploads\/sites\/2\/2023\/12\/Clase-de-Cocteleria-Ibiza.jpg","datePublished":"2023-12-22T12:33:04+00:00","dateModified":"2024-01-19T09:57:44+00:00","description":"Clase de cocteler\u00eda Ibiza. Cocktail Making Class. Convi\u00e9rtete en un experto. Prepara tus propios c\u00f3cteles con vistas al Mediterr\u00e1neo \u00a1y b\u00e9betelos!","breadcrumb":{"@id":"https:\/\/stagpartynight.com\/es\/product\/clase-de-cocteleria-ibiza\/#breadcrumb"},"inLanguage":"es","potentialAction":[{"@type":"ReadAction","target":["https:\/\/stagpartynight.com\/es\/product\/clase-de-cocteleria-ibiza\/"]}]},{"@type":"ImageObject","inLanguage":"es","@id":"https:\/\/stagpartynight.com\/es\/product\/clase-de-cocteleria-ibiza\/#primaryimage","url":"https:\/\/stagpartynight.com\/es\/wp-content\/uploads\/sites\/2\/2023\/12\/Clase-de-Cocteleria-Ibiza.jpg","contentUrl":"https:\/\/stagpartynight.com\/es\/wp-content\/uploads\/sites\/2\/2023\/12\/Clase-de-Cocteleria-Ibiza.jpg","width":640,"height":428,"caption":"Clase de Cocteler\u00eda Ibiza"},{"@type":"BreadcrumbList","@id":"https:\/\/stagpartynight.com\/es\/product\/clase-de-cocteleria-ibiza\/#breadcrumb","itemListElement":[{"@type":"ListItem","position":1,"name":"Home","item":"https:\/\/stagpartynight.com\/es\/"},{"@type":"ListItem","position":2,"name":"Tienda","item":"https:\/\/stagpartynight.com\/es\/tienda\/"},{"@type":"ListItem","position":3,"name":"Clase de Cocteler\u00eda Ibiza"}]},{"@type":"WebSite","@id":"https:\/\/stagpartynight.com\/es\/#website","url":"https:\/\/stagpartynight.com\/es\/","name":"Stag Party Night","description":"Your Stag Party Customized","publisher":{"@id":"https:\/\/stagpartynight.com\/es\/#organization"},"potentialAction":[{"@type":"SearchAction","target":{"@type":"EntryPoint","urlTemplate":"https:\/\/stagpartynight.com\/es\/?s={search_term_string}"},"query-input":{"@type":"PropertyValueSpecification","valueRequired":true,"valueName":"search_term_string"}}],"inLanguage":"es"},{"@type":"Organization","@id":"https:\/\/stagpartynight.com\/es\/#organization","name":"Stag Party Night","url":"https:\/\/stagpartynight.com\/es\/","logo":{"@type":"ImageObject","inLanguage":"es","@id":"https:\/\/stagpartynight.com\/es\/#\/schema\/logo\/image\/","url":"https:\/\/stagpartynight.com\/es\/wp-content\/uploads\/sites\/2\/2019\/12\/stagpartynight-e1578565505687.png","contentUrl":"https:\/\/stagpartynight.com\/es\/wp-content\/uploads\/sites\/2\/2019\/12\/stagpartynight-e1578565505687.png","width":400,"height":400,"caption":"Stag Party Night"},"image":{"@id":"https:\/\/stagpartynight.com\/es\/#\/schema\/logo\/image\/"}}]}},"_links":{"self":[{"href":"https:\/\/stagpartynight.com\/es\/wp-json\/wp\/v2\/product\/3483","targetHints":{"allow":["GET"]}}],"collection":[{"href":"https:\/\/stagpartynight.com\/es\/wp-json\/wp\/v2\/product"}],"about":[{"href":"https:\/\/stagpartynight.com\/es\/wp-json\/wp\/v2\/types\/product"}],"replies":[{"embeddable":true,"href":"https:\/\/stagpartynight.com\/es\/wp-json\/wp\/v2\/comments?post=3483"}],"wp:featuredmedia":[{"embeddable":true,"href":"https:\/\/stagpartynight.com\/es\/wp-json\/wp\/v2\/media\/3733"}],"wp:attachment":[{"href":"https:\/\/stagpartynight.com\/es\/wp-json\/wp\/v2\/media?parent=3483"}],"wp:term":[{"taxonomy":"product_brand","embeddable":true,"href":"https:\/\/stagpartynight.com\/es\/wp-json\/wp\/v2\/product_brand?post=3483"},{"taxonomy":"product_cat","embeddable":true,"href":"https:\/\/stagpartynight.com\/es\/wp-json\/wp\/v2\/product_cat?post=3483"},{"taxonomy":"product_tag","embeddable":true,"href":"https:\/\/stagpartynight.com\/es\/wp-json\/wp\/v2\/product_tag?post=3483"}],"curies":[{"name":"wp","href":"https:\/\/api.w.org\/{rel}","templated":true}]}}