{"id":3484,"date":"2023-12-27T11:07:52","date_gmt":"2023-12-27T10:07:52","guid":{"rendered":"https:\/\/stagpartynight.com\/fr\/?post_type=product&#038;p=2694"},"modified":"2024-01-19T10:51:17","modified_gmt":"2024-01-19T09:51:17","slug":"striper-chico-ibiza","status":"publish","type":"product","link":"https:\/\/stagpartynight.com\/es\/product\/striper-chico-ibiza\/","title":{"rendered":"Striper Chico Ibiza"},"content":{"rendered":"<div>Striper Chico Ibiza. Striptease masculino. Striper masculino Ibiza. Sube la temperatura con el bailar\u00edn sexy que har\u00e1 que la novia piense en casarse. Puro m\u00fasculo y fuego.<\/div>\n<div><\/div>\n<div>Las mejores despedidas de soltero con <a href=\"https:\/\/stagpartynight.com\/\">StagParty<\/a><\/div>\n<div><\/div>\n<h2 style=\"text-align: center;\">Striper Chico Ibiza\ud83d\udd25<\/h2>\n<h4>Experimenta la sensualidad y la diversi\u00f3n: \u00a1un hombre verdaderamente sexy listo para seducir a su prometida! \ud83d\udc83\ud83c\udfb6<\/h4>\n<div><\/div>\n<div>Reserva un momento de puro erotismo y placer con nuestro exclusivo espect\u00e1culo de baile sensual de quince minutos. Un hombre con un cuerpo de infarto dispuesto a demostrarle a la novia que quiz\u00e1s casarse no sea la mejor idea&#8230;..<\/div>\n<div><\/div>\n<div>Puro erotismo:<\/div>\n<div><\/div>\n<div>Nuestro hombre no s\u00f3lo utilizar\u00e1 una silla para recibir a la novia, tambi\u00e9n la har\u00e1 bailar al ritmo de la m\u00fasica m\u00e1s sensual. La temperatura subir\u00e1 tanto que \u00e9l tendr\u00e1 que empezar a desnudarse&#8230;.<\/div>\n<div><\/div>\n<div>\ud83d\udc83 Una experiencia a medida:<\/div>\n<div><\/div>\n<div>Este espect\u00e1culo gira en torno a la novia. La bailarina se mover\u00e1 donde desee, garantizando una experiencia personalizada y \u00fanica. En un ambiente \u00edntimo en casa o en un lugar especial, prep\u00e1rate para ser la estrella de un espect\u00e1culo inolvidable.<\/div>\n<div><\/div>\n<div>\ud83d\udd25 Un espect\u00e1culo que deja huella:<\/div>\n<div><\/div>\n<div>El ambiente sensual, la temperatura subiendo y todas tus amigas mirando los movimientos sexys del chico. Cada movimiento est\u00e1 dise\u00f1ado para excitar&#8230;.<\/div>\n<div style=\"text-align: center;\">Disfruta del pecado en <a href=\"https:\/\/es.wikipedia.org\/wiki\/Ibiza\">Ibiza<\/a>!<\/div>\n<div style=\"text-align: center;\">Disfruta Striper Chico Ibiza!<\/div>\n","protected":false},"excerpt":{"rendered":"<p>Striper Chico Ibiza. Striptease masculino. Striper masculino Ibiza. Sube la temperatura con el bailar\u00edn sexy que har\u00e1 que la novia piense en casarse. Puro m\u00fasculo y fuego.<\/p>\n","protected":false},"featured_media":3729,"comment_status":"open","ping_status":"closed","template":"","meta":{"_et_pb_use_builder":"","_et_pb_old_content":"","_et_gb_content_width":""},"product_brand":[],"product_cat":[113,1313],"product_tag":[],"class_list":{"0":"post-3484","1":"product","2":"type-product","3":"status-publish","4":"has-post-thumbnail","6":"product_cat-ibiza","7":"product_cat-uncategorised","9":"first","10":"instock","11":"shipping-taxable","12":"product-type-simple"},"yoast_head":"<!-- This site is optimized with the Yoast SEO plugin v26.4 - https:\/\/yoast.com\/wordpress\/plugins\/seo\/ -->\n<title>Striper Chico Ibiza<\/title>\n<meta name=\"description\" content=\"Striper Chico Ibiza. Striptease masculino.. Sube la temperatura con el bailar\u00edn sexy que har\u00e1 que la novia piense en casarse. Puro m\u00fasculo y fuego.\" \/>\n<meta name=\"robots\" content=\"index, follow, max-snippet:-1, max-image-preview:large, max-video-preview:-1\" \/>\n<link rel=\"canonical\" href=\"https:\/\/stagpartynight.com\/es\/product\/striper-chico-ibiza\/\" \/>\n<meta property=\"og:locale\" content=\"es_ES\" \/>\n<meta property=\"og:type\" content=\"article\" \/>\n<meta property=\"og:title\" content=\"Striper Chico Ibiza\" \/>\n<meta property=\"og:description\" content=\"Striper Chico Ibiza. Striptease masculino.. Sube la temperatura con el bailar\u00edn sexy que har\u00e1 que la novia piense en casarse. Puro m\u00fasculo y fuego.\" \/>\n<meta property=\"og:url\" content=\"https:\/\/stagpartynight.com\/es\/product\/striper-chico-ibiza\/\" \/>\n<meta property=\"og:site_name\" content=\"Despedida de Soltero\" \/>\n<meta property=\"article:modified_time\" content=\"2024-01-19T09:51:17+00:00\" \/>\n<meta property=\"og:image\" content=\"https:\/\/stagpartynight.com\/es\/wp-content\/uploads\/sites\/2\/2023\/12\/Striper-Chico-Ibiza.jpg\" \/>\n\t<meta property=\"og:image:width\" content=\"236\" \/>\n\t<meta property=\"og:image:height\" content=\"354\" \/>\n\t<meta property=\"og:image:type\" content=\"image\/jpeg\" \/>\n<meta name=\"twitter:card\" content=\"summary_large_image\" \/>\n<meta name=\"twitter:label1\" content=\"Tiempo de lectura\" \/>\n\t<meta name=\"twitter:data1\" content=\"2 minutos\" \/>\n<script type=\"application\/ld+json\" class=\"yoast-schema-graph\">{\"@context\":\"https:\/\/schema.org\",\"@graph\":[{\"@type\":\"WebPage\",\"@id\":\"https:\/\/stagpartynight.com\/es\/product\/striper-chico-ibiza\/\",\"url\":\"https:\/\/stagpartynight.com\/es\/product\/striper-chico-ibiza\/\",\"name\":\"Striper Chico Ibiza\",\"isPartOf\":{\"@id\":\"https:\/\/stagpartynight.com\/es\/#website\"},\"primaryImageOfPage\":{\"@id\":\"https:\/\/stagpartynight.com\/es\/product\/striper-chico-ibiza\/#primaryimage\"},\"image\":{\"@id\":\"https:\/\/stagpartynight.com\/es\/product\/striper-chico-ibiza\/#primaryimage\"},\"thumbnailUrl\":\"https:\/\/stagpartynight.com\/es\/wp-content\/uploads\/sites\/2\/2023\/12\/Striper-Chico-Ibiza.jpg\",\"datePublished\":\"2023-12-27T10:07:52+00:00\",\"dateModified\":\"2024-01-19T09:51:17+00:00\",\"description\":\"Striper Chico Ibiza. Striptease masculino.. Sube la temperatura con el bailar\u00edn sexy que har\u00e1 que la novia piense en casarse. Puro m\u00fasculo y fuego.\",\"breadcrumb\":{\"@id\":\"https:\/\/stagpartynight.com\/es\/product\/striper-chico-ibiza\/#breadcrumb\"},\"inLanguage\":\"es\",\"potentialAction\":[{\"@type\":\"ReadAction\",\"target\":[\"https:\/\/stagpartynight.com\/es\/product\/striper-chico-ibiza\/\"]}]},{\"@type\":\"ImageObject\",\"inLanguage\":\"es\",\"@id\":\"https:\/\/stagpartynight.com\/es\/product\/striper-chico-ibiza\/#primaryimage\",\"url\":\"https:\/\/stagpartynight.com\/es\/wp-content\/uploads\/sites\/2\/2023\/12\/Striper-Chico-Ibiza.jpg\",\"contentUrl\":\"https:\/\/stagpartynight.com\/es\/wp-content\/uploads\/sites\/2\/2023\/12\/Striper-Chico-Ibiza.jpg\",\"width\":236,\"height\":354,\"caption\":\"Striper Chico Ibiza\"},{\"@type\":\"BreadcrumbList\",\"@id\":\"https:\/\/stagpartynight.com\/es\/product\/striper-chico-ibiza\/#breadcrumb\",\"itemListElement\":[{\"@type\":\"ListItem\",\"position\":1,\"name\":\"Home\",\"item\":\"https:\/\/stagpartynight.com\/es\/\"},{\"@type\":\"ListItem\",\"position\":2,\"name\":\"Tienda\",\"item\":\"https:\/\/stagpartynight.com\/es\/tienda\/\"},{\"@type\":\"ListItem\",\"position\":3,\"name\":\"Striper Chico Ibiza\"}]},{\"@type\":\"WebSite\",\"@id\":\"https:\/\/stagpartynight.com\/es\/#website\",\"url\":\"https:\/\/stagpartynight.com\/es\/\",\"name\":\"Stag Party Night\",\"description\":\"Your Stag Party Customized\",\"publisher\":{\"@id\":\"https:\/\/stagpartynight.com\/es\/#organization\"},\"potentialAction\":[{\"@type\":\"SearchAction\",\"target\":{\"@type\":\"EntryPoint\",\"urlTemplate\":\"https:\/\/stagpartynight.com\/es\/?s={search_term_string}\"},\"query-input\":{\"@type\":\"PropertyValueSpecification\",\"valueRequired\":true,\"valueName\":\"search_term_string\"}}],\"inLanguage\":\"es\"},{\"@type\":\"Organization\",\"@id\":\"https:\/\/stagpartynight.com\/es\/#organization\",\"name\":\"Stag Party Night\",\"url\":\"https:\/\/stagpartynight.com\/es\/\",\"logo\":{\"@type\":\"ImageObject\",\"inLanguage\":\"es\",\"@id\":\"https:\/\/stagpartynight.com\/es\/#\/schema\/logo\/image\/\",\"url\":\"https:\/\/stagpartynight.com\/es\/wp-content\/uploads\/sites\/2\/2019\/12\/stagpartynight-e1578565505687.png\",\"contentUrl\":\"https:\/\/stagpartynight.com\/es\/wp-content\/uploads\/sites\/2\/2019\/12\/stagpartynight-e1578565505687.png\",\"width\":400,\"height\":400,\"caption\":\"Stag Party Night\"},\"image\":{\"@id\":\"https:\/\/stagpartynight.com\/es\/#\/schema\/logo\/image\/\"}}]}<\/script>\n<!-- \/ Yoast SEO plugin. -->","yoast_head_json":{"title":"Striper Chico Ibiza","description":"Striper Chico Ibiza. Striptease masculino.. Sube la temperatura con el bailar\u00edn sexy que har\u00e1 que la novia piense en casarse. Puro m\u00fasculo y fuego.","robots":{"index":"index","follow":"follow","max-snippet":"max-snippet:-1","max-image-preview":"max-image-preview:large","max-video-preview":"max-video-preview:-1"},"canonical":"https:\/\/stagpartynight.com\/es\/product\/striper-chico-ibiza\/","og_locale":"es_ES","og_type":"article","og_title":"Striper Chico Ibiza","og_description":"Striper Chico Ibiza. Striptease masculino.. Sube la temperatura con el bailar\u00edn sexy que har\u00e1 que la novia piense en casarse. Puro m\u00fasculo y fuego.","og_url":"https:\/\/stagpartynight.com\/es\/product\/striper-chico-ibiza\/","og_site_name":"Despedida de Soltero","article_modified_time":"2024-01-19T09:51:17+00:00","og_image":[{"width":236,"height":354,"url":"https:\/\/stagpartynight.com\/es\/wp-content\/uploads\/sites\/2\/2023\/12\/Striper-Chico-Ibiza.jpg","type":"image\/jpeg"}],"twitter_card":"summary_large_image","twitter_misc":{"Tiempo de lectura":"2 minutos"},"schema":{"@context":"https:\/\/schema.org","@graph":[{"@type":"WebPage","@id":"https:\/\/stagpartynight.com\/es\/product\/striper-chico-ibiza\/","url":"https:\/\/stagpartynight.com\/es\/product\/striper-chico-ibiza\/","name":"Striper Chico Ibiza","isPartOf":{"@id":"https:\/\/stagpartynight.com\/es\/#website"},"primaryImageOfPage":{"@id":"https:\/\/stagpartynight.com\/es\/product\/striper-chico-ibiza\/#primaryimage"},"image":{"@id":"https:\/\/stagpartynight.com\/es\/product\/striper-chico-ibiza\/#primaryimage"},"thumbnailUrl":"https:\/\/stagpartynight.com\/es\/wp-content\/uploads\/sites\/2\/2023\/12\/Striper-Chico-Ibiza.jpg","datePublished":"2023-12-27T10:07:52+00:00","dateModified":"2024-01-19T09:51:17+00:00","description":"Striper Chico Ibiza. Striptease masculino.. Sube la temperatura con el bailar\u00edn sexy que har\u00e1 que la novia piense en casarse. Puro m\u00fasculo y fuego.","breadcrumb":{"@id":"https:\/\/stagpartynight.com\/es\/product\/striper-chico-ibiza\/#breadcrumb"},"inLanguage":"es","potentialAction":[{"@type":"ReadAction","target":["https:\/\/stagpartynight.com\/es\/product\/striper-chico-ibiza\/"]}]},{"@type":"ImageObject","inLanguage":"es","@id":"https:\/\/stagpartynight.com\/es\/product\/striper-chico-ibiza\/#primaryimage","url":"https:\/\/stagpartynight.com\/es\/wp-content\/uploads\/sites\/2\/2023\/12\/Striper-Chico-Ibiza.jpg","contentUrl":"https:\/\/stagpartynight.com\/es\/wp-content\/uploads\/sites\/2\/2023\/12\/Striper-Chico-Ibiza.jpg","width":236,"height":354,"caption":"Striper Chico Ibiza"},{"@type":"BreadcrumbList","@id":"https:\/\/stagpartynight.com\/es\/product\/striper-chico-ibiza\/#breadcrumb","itemListElement":[{"@type":"ListItem","position":1,"name":"Home","item":"https:\/\/stagpartynight.com\/es\/"},{"@type":"ListItem","position":2,"name":"Tienda","item":"https:\/\/stagpartynight.com\/es\/tienda\/"},{"@type":"ListItem","position":3,"name":"Striper Chico Ibiza"}]},{"@type":"WebSite","@id":"https:\/\/stagpartynight.com\/es\/#website","url":"https:\/\/stagpartynight.com\/es\/","name":"Stag Party Night","description":"Your Stag Party Customized","publisher":{"@id":"https:\/\/stagpartynight.com\/es\/#organization"},"potentialAction":[{"@type":"SearchAction","target":{"@type":"EntryPoint","urlTemplate":"https:\/\/stagpartynight.com\/es\/?s={search_term_string}"},"query-input":{"@type":"PropertyValueSpecification","valueRequired":true,"valueName":"search_term_string"}}],"inLanguage":"es"},{"@type":"Organization","@id":"https:\/\/stagpartynight.com\/es\/#organization","name":"Stag Party Night","url":"https:\/\/stagpartynight.com\/es\/","logo":{"@type":"ImageObject","inLanguage":"es","@id":"https:\/\/stagpartynight.com\/es\/#\/schema\/logo\/image\/","url":"https:\/\/stagpartynight.com\/es\/wp-content\/uploads\/sites\/2\/2019\/12\/stagpartynight-e1578565505687.png","contentUrl":"https:\/\/stagpartynight.com\/es\/wp-content\/uploads\/sites\/2\/2019\/12\/stagpartynight-e1578565505687.png","width":400,"height":400,"caption":"Stag Party Night"},"image":{"@id":"https:\/\/stagpartynight.com\/es\/#\/schema\/logo\/image\/"}}]}},"_links":{"self":[{"href":"https:\/\/stagpartynight.com\/es\/wp-json\/wp\/v2\/product\/3484","targetHints":{"allow":["GET"]}}],"collection":[{"href":"https:\/\/stagpartynight.com\/es\/wp-json\/wp\/v2\/product"}],"about":[{"href":"https:\/\/stagpartynight.com\/es\/wp-json\/wp\/v2\/types\/product"}],"replies":[{"embeddable":true,"href":"https:\/\/stagpartynight.com\/es\/wp-json\/wp\/v2\/comments?post=3484"}],"wp:featuredmedia":[{"embeddable":true,"href":"https:\/\/stagpartynight.com\/es\/wp-json\/wp\/v2\/media\/3729"}],"wp:attachment":[{"href":"https:\/\/stagpartynight.com\/es\/wp-json\/wp\/v2\/media?parent=3484"}],"wp:term":[{"taxonomy":"product_brand","embeddable":true,"href":"https:\/\/stagpartynight.com\/es\/wp-json\/wp\/v2\/product_brand?post=3484"},{"taxonomy":"product_cat","embeddable":true,"href":"https:\/\/stagpartynight.com\/es\/wp-json\/wp\/v2\/product_cat?post=3484"},{"taxonomy":"product_tag","embeddable":true,"href":"https:\/\/stagpartynight.com\/es\/wp-json\/wp\/v2\/product_tag?post=3484"}],"curies":[{"name":"wp","href":"https:\/\/api.w.org\/{rel}","templated":true}]}}