{"id":3485,"date":"2023-12-27T11:13:28","date_gmt":"2023-12-27T10:13:28","guid":{"rendered":"https:\/\/stagpartynight.com\/fr\/?post_type=product&#038;p=2696"},"modified":"2024-01-19T10:45:28","modified_gmt":"2024-01-19T09:45:28","slug":"mayordomo-sexy-ibiza","status":"publish","type":"product","link":"https:\/\/stagpartynight.com\/es\/product\/mayordomo-sexy-ibiza\/","title":{"rendered":"Mayordomo Sexy Ibiza"},"content":{"rendered":"<div>Sexy Mayordomo Ibiza. Mayordomo Sexy de Ibiza. \u00bfEst\u00e1s preparado para disfrutar de una hora con un mayordomo semi-desnudo dispuesto a servirte? Servicio privado y a domicilio.<\/div>\n<div><\/div>\n<div>Las mejores despedidas de soltero y soltera con <a href=\"https:\/\/stagpartynight.com\/\">StagParty<\/a>.<\/div>\n<div><\/div>\n<h2 style=\"text-align: center;\">Mayordomo sexy Ibiza\ud83d\udd25<\/h2>\n<h4>Disfruta de una hora de un mayordomo que estar\u00e1 a tu servicio para lo que necesites&#8230;.<\/h4>\n<div>C\u00f3mo?\ud83d\udd14<\/div>\n<div>Te aseguramos que nuestro mayordomo te dejar\u00e1 sin palabras y subir\u00e1 la temperatura de la habitaci\u00f3n en cuanto entre por la puerta.<\/div>\n<div>Una fantas\u00eda er\u00f3tica hecha realidad: un hombre de puro m\u00fasculo y puro fuego y muy poca ropa. Nuestro mayordomo s\u00f3lo lleva un delantal (que s\u00f3lo le cubre la parte delantera del cuerpo&#8230;), una pajarita y nada de ropa interior.<\/div>\n<div>\u00bfA qui\u00e9n no le gustar\u00eda tener un mayordomo sin ropa durante una hora?<\/div>\n<div><\/div>\n<div>\u00bfY a ti?<\/div>\n<div>De vacaciones en <a href=\"https:\/\/es.wikipedia.org\/wiki\/Ibiza\">Ibiza<\/a>. La isla es un aut\u00e9ntico castillo de fuegos artificiales. El mayordomo est\u00e1 disponible todos los d\u00edas y a todas horas. No te lo pienses m\u00e1s y haz de tus vacaciones en Ibiza un sue\u00f1o hecho realidad.<\/div>\n<div><\/div>\n<div>\u00bfQu\u00e9 es? \u2708\ufe0f<\/div>\n<div>Nuestro mayordomo es tan atento&#8230; Se desplazar\u00e1 a su hotel o villa. Un servicio totalmente privado.<\/div>\n<div><\/div>\n<div>\u00bfEn qu\u00e9 consiste?<\/div>\n<div>A toda mujer le encantar\u00eda tener a un hombre totalmente a su servicio durante una hora. Pero si le quitamos la ropa&#8230; \u00a1Eso es a\u00fan mejor!<\/div>\n<div style=\"text-align: center;\">\ud83d\udd25Una experiencia er\u00f3tica, divertida y \u00fanica para disfrutar de Ibiza de una forma muy original \ud83d\udd25<\/div>\n","protected":false},"excerpt":{"rendered":"<p>Sexy Mayordomo Ibiza. Mayordomo Sexy de Ibiza. \u00bfEst\u00e1s preparado para disfrutar de una hora con un mayordomo\u00a0 semi-desnudo dispuesto a servirte? Servicio privado y a domicilio.<\/p>\n","protected":false},"featured_media":3727,"comment_status":"open","ping_status":"closed","template":"","meta":{"_et_pb_use_builder":"","_et_pb_old_content":"","_et_gb_content_width":""},"product_brand":[],"product_cat":[113,1313],"product_tag":[],"class_list":{"0":"post-3485","1":"product","2":"type-product","3":"status-publish","4":"has-post-thumbnail","6":"product_cat-ibiza","7":"product_cat-uncategorised","9":"first","10":"instock","11":"shipping-taxable","12":"product-type-simple"},"yoast_head":"<!-- This site is optimized with the Yoast SEO plugin v26.4 - https:\/\/yoast.com\/wordpress\/plugins\/seo\/ -->\n<title>Mayordomo Sexy Ibiza<\/title>\n<meta name=\"description\" content=\"Sexy Mayordomo Ibiza.\u00bfEst\u00e1s preparado para disfrutar de una hora con un mayordomo desnudo dispuesto a servirte? Servicio privado y a domicilio.\" \/>\n<meta name=\"robots\" content=\"index, follow, max-snippet:-1, max-image-preview:large, max-video-preview:-1\" \/>\n<link rel=\"canonical\" href=\"https:\/\/stagpartynight.com\/es\/product\/mayordomo-sexy-ibiza\/\" \/>\n<meta property=\"og:locale\" content=\"es_ES\" \/>\n<meta property=\"og:type\" content=\"article\" \/>\n<meta property=\"og:title\" content=\"Mayordomo Sexy Ibiza\" \/>\n<meta property=\"og:description\" content=\"Sexy Mayordomo Ibiza.\u00bfEst\u00e1s preparado para disfrutar de una hora con un mayordomo desnudo dispuesto a servirte? Servicio privado y a domicilio.\" \/>\n<meta property=\"og:url\" content=\"https:\/\/stagpartynight.com\/es\/product\/mayordomo-sexy-ibiza\/\" \/>\n<meta property=\"og:site_name\" content=\"Despedida de Soltero\" \/>\n<meta property=\"article:modified_time\" content=\"2024-01-19T09:45:28+00:00\" \/>\n<meta property=\"og:image\" content=\"https:\/\/stagpartynight.com\/es\/wp-content\/uploads\/sites\/2\/2023\/12\/Mayordomo-Sexy-Ibiza.jpg\" \/>\n\t<meta property=\"og:image:width\" content=\"480\" \/>\n\t<meta property=\"og:image:height\" content=\"480\" \/>\n\t<meta property=\"og:image:type\" content=\"image\/jpeg\" \/>\n<meta name=\"twitter:card\" content=\"summary_large_image\" \/>\n<meta name=\"twitter:label1\" content=\"Tiempo de lectura\" \/>\n\t<meta name=\"twitter:data1\" content=\"2 minutos\" \/>\n<script type=\"application\/ld+json\" class=\"yoast-schema-graph\">{\"@context\":\"https:\/\/schema.org\",\"@graph\":[{\"@type\":\"WebPage\",\"@id\":\"https:\/\/stagpartynight.com\/es\/product\/mayordomo-sexy-ibiza\/\",\"url\":\"https:\/\/stagpartynight.com\/es\/product\/mayordomo-sexy-ibiza\/\",\"name\":\"Mayordomo Sexy Ibiza\",\"isPartOf\":{\"@id\":\"https:\/\/stagpartynight.com\/es\/#website\"},\"primaryImageOfPage\":{\"@id\":\"https:\/\/stagpartynight.com\/es\/product\/mayordomo-sexy-ibiza\/#primaryimage\"},\"image\":{\"@id\":\"https:\/\/stagpartynight.com\/es\/product\/mayordomo-sexy-ibiza\/#primaryimage\"},\"thumbnailUrl\":\"https:\/\/stagpartynight.com\/es\/wp-content\/uploads\/sites\/2\/2023\/12\/Mayordomo-Sexy-Ibiza.jpg\",\"datePublished\":\"2023-12-27T10:13:28+00:00\",\"dateModified\":\"2024-01-19T09:45:28+00:00\",\"description\":\"Sexy Mayordomo Ibiza.\u00bfEst\u00e1s preparado para disfrutar de una hora con un mayordomo desnudo dispuesto a servirte? Servicio privado y a domicilio.\",\"breadcrumb\":{\"@id\":\"https:\/\/stagpartynight.com\/es\/product\/mayordomo-sexy-ibiza\/#breadcrumb\"},\"inLanguage\":\"es\",\"potentialAction\":[{\"@type\":\"ReadAction\",\"target\":[\"https:\/\/stagpartynight.com\/es\/product\/mayordomo-sexy-ibiza\/\"]}]},{\"@type\":\"ImageObject\",\"inLanguage\":\"es\",\"@id\":\"https:\/\/stagpartynight.com\/es\/product\/mayordomo-sexy-ibiza\/#primaryimage\",\"url\":\"https:\/\/stagpartynight.com\/es\/wp-content\/uploads\/sites\/2\/2023\/12\/Mayordomo-Sexy-Ibiza.jpg\",\"contentUrl\":\"https:\/\/stagpartynight.com\/es\/wp-content\/uploads\/sites\/2\/2023\/12\/Mayordomo-Sexy-Ibiza.jpg\",\"width\":480,\"height\":480,\"caption\":\"Mayordomo Sexy Ibiza\"},{\"@type\":\"BreadcrumbList\",\"@id\":\"https:\/\/stagpartynight.com\/es\/product\/mayordomo-sexy-ibiza\/#breadcrumb\",\"itemListElement\":[{\"@type\":\"ListItem\",\"position\":1,\"name\":\"Home\",\"item\":\"https:\/\/stagpartynight.com\/es\/\"},{\"@type\":\"ListItem\",\"position\":2,\"name\":\"Tienda\",\"item\":\"https:\/\/stagpartynight.com\/es\/tienda\/\"},{\"@type\":\"ListItem\",\"position\":3,\"name\":\"Mayordomo Sexy Ibiza\"}]},{\"@type\":\"WebSite\",\"@id\":\"https:\/\/stagpartynight.com\/es\/#website\",\"url\":\"https:\/\/stagpartynight.com\/es\/\",\"name\":\"Stag Party Night\",\"description\":\"Your Stag Party Customized\",\"publisher\":{\"@id\":\"https:\/\/stagpartynight.com\/es\/#organization\"},\"potentialAction\":[{\"@type\":\"SearchAction\",\"target\":{\"@type\":\"EntryPoint\",\"urlTemplate\":\"https:\/\/stagpartynight.com\/es\/?s={search_term_string}\"},\"query-input\":{\"@type\":\"PropertyValueSpecification\",\"valueRequired\":true,\"valueName\":\"search_term_string\"}}],\"inLanguage\":\"es\"},{\"@type\":\"Organization\",\"@id\":\"https:\/\/stagpartynight.com\/es\/#organization\",\"name\":\"Stag Party Night\",\"url\":\"https:\/\/stagpartynight.com\/es\/\",\"logo\":{\"@type\":\"ImageObject\",\"inLanguage\":\"es\",\"@id\":\"https:\/\/stagpartynight.com\/es\/#\/schema\/logo\/image\/\",\"url\":\"https:\/\/stagpartynight.com\/es\/wp-content\/uploads\/sites\/2\/2019\/12\/stagpartynight-e1578565505687.png\",\"contentUrl\":\"https:\/\/stagpartynight.com\/es\/wp-content\/uploads\/sites\/2\/2019\/12\/stagpartynight-e1578565505687.png\",\"width\":400,\"height\":400,\"caption\":\"Stag Party Night\"},\"image\":{\"@id\":\"https:\/\/stagpartynight.com\/es\/#\/schema\/logo\/image\/\"}}]}<\/script>\n<!-- \/ Yoast SEO plugin. -->","yoast_head_json":{"title":"Mayordomo Sexy Ibiza","description":"Sexy Mayordomo Ibiza.\u00bfEst\u00e1s preparado para disfrutar de una hora con un mayordomo desnudo dispuesto a servirte? Servicio privado y a domicilio.","robots":{"index":"index","follow":"follow","max-snippet":"max-snippet:-1","max-image-preview":"max-image-preview:large","max-video-preview":"max-video-preview:-1"},"canonical":"https:\/\/stagpartynight.com\/es\/product\/mayordomo-sexy-ibiza\/","og_locale":"es_ES","og_type":"article","og_title":"Mayordomo Sexy Ibiza","og_description":"Sexy Mayordomo Ibiza.\u00bfEst\u00e1s preparado para disfrutar de una hora con un mayordomo desnudo dispuesto a servirte? Servicio privado y a domicilio.","og_url":"https:\/\/stagpartynight.com\/es\/product\/mayordomo-sexy-ibiza\/","og_site_name":"Despedida de Soltero","article_modified_time":"2024-01-19T09:45:28+00:00","og_image":[{"width":480,"height":480,"url":"https:\/\/stagpartynight.com\/es\/wp-content\/uploads\/sites\/2\/2023\/12\/Mayordomo-Sexy-Ibiza.jpg","type":"image\/jpeg"}],"twitter_card":"summary_large_image","twitter_misc":{"Tiempo de lectura":"2 minutos"},"schema":{"@context":"https:\/\/schema.org","@graph":[{"@type":"WebPage","@id":"https:\/\/stagpartynight.com\/es\/product\/mayordomo-sexy-ibiza\/","url":"https:\/\/stagpartynight.com\/es\/product\/mayordomo-sexy-ibiza\/","name":"Mayordomo Sexy Ibiza","isPartOf":{"@id":"https:\/\/stagpartynight.com\/es\/#website"},"primaryImageOfPage":{"@id":"https:\/\/stagpartynight.com\/es\/product\/mayordomo-sexy-ibiza\/#primaryimage"},"image":{"@id":"https:\/\/stagpartynight.com\/es\/product\/mayordomo-sexy-ibiza\/#primaryimage"},"thumbnailUrl":"https:\/\/stagpartynight.com\/es\/wp-content\/uploads\/sites\/2\/2023\/12\/Mayordomo-Sexy-Ibiza.jpg","datePublished":"2023-12-27T10:13:28+00:00","dateModified":"2024-01-19T09:45:28+00:00","description":"Sexy Mayordomo Ibiza.\u00bfEst\u00e1s preparado para disfrutar de una hora con un mayordomo desnudo dispuesto a servirte? Servicio privado y a domicilio.","breadcrumb":{"@id":"https:\/\/stagpartynight.com\/es\/product\/mayordomo-sexy-ibiza\/#breadcrumb"},"inLanguage":"es","potentialAction":[{"@type":"ReadAction","target":["https:\/\/stagpartynight.com\/es\/product\/mayordomo-sexy-ibiza\/"]}]},{"@type":"ImageObject","inLanguage":"es","@id":"https:\/\/stagpartynight.com\/es\/product\/mayordomo-sexy-ibiza\/#primaryimage","url":"https:\/\/stagpartynight.com\/es\/wp-content\/uploads\/sites\/2\/2023\/12\/Mayordomo-Sexy-Ibiza.jpg","contentUrl":"https:\/\/stagpartynight.com\/es\/wp-content\/uploads\/sites\/2\/2023\/12\/Mayordomo-Sexy-Ibiza.jpg","width":480,"height":480,"caption":"Mayordomo Sexy Ibiza"},{"@type":"BreadcrumbList","@id":"https:\/\/stagpartynight.com\/es\/product\/mayordomo-sexy-ibiza\/#breadcrumb","itemListElement":[{"@type":"ListItem","position":1,"name":"Home","item":"https:\/\/stagpartynight.com\/es\/"},{"@type":"ListItem","position":2,"name":"Tienda","item":"https:\/\/stagpartynight.com\/es\/tienda\/"},{"@type":"ListItem","position":3,"name":"Mayordomo Sexy Ibiza"}]},{"@type":"WebSite","@id":"https:\/\/stagpartynight.com\/es\/#website","url":"https:\/\/stagpartynight.com\/es\/","name":"Stag Party Night","description":"Your Stag Party Customized","publisher":{"@id":"https:\/\/stagpartynight.com\/es\/#organization"},"potentialAction":[{"@type":"SearchAction","target":{"@type":"EntryPoint","urlTemplate":"https:\/\/stagpartynight.com\/es\/?s={search_term_string}"},"query-input":{"@type":"PropertyValueSpecification","valueRequired":true,"valueName":"search_term_string"}}],"inLanguage":"es"},{"@type":"Organization","@id":"https:\/\/stagpartynight.com\/es\/#organization","name":"Stag Party Night","url":"https:\/\/stagpartynight.com\/es\/","logo":{"@type":"ImageObject","inLanguage":"es","@id":"https:\/\/stagpartynight.com\/es\/#\/schema\/logo\/image\/","url":"https:\/\/stagpartynight.com\/es\/wp-content\/uploads\/sites\/2\/2019\/12\/stagpartynight-e1578565505687.png","contentUrl":"https:\/\/stagpartynight.com\/es\/wp-content\/uploads\/sites\/2\/2019\/12\/stagpartynight-e1578565505687.png","width":400,"height":400,"caption":"Stag Party Night"},"image":{"@id":"https:\/\/stagpartynight.com\/es\/#\/schema\/logo\/image\/"}}]}},"_links":{"self":[{"href":"https:\/\/stagpartynight.com\/es\/wp-json\/wp\/v2\/product\/3485","targetHints":{"allow":["GET"]}}],"collection":[{"href":"https:\/\/stagpartynight.com\/es\/wp-json\/wp\/v2\/product"}],"about":[{"href":"https:\/\/stagpartynight.com\/es\/wp-json\/wp\/v2\/types\/product"}],"replies":[{"embeddable":true,"href":"https:\/\/stagpartynight.com\/es\/wp-json\/wp\/v2\/comments?post=3485"}],"wp:featuredmedia":[{"embeddable":true,"href":"https:\/\/stagpartynight.com\/es\/wp-json\/wp\/v2\/media\/3727"}],"wp:attachment":[{"href":"https:\/\/stagpartynight.com\/es\/wp-json\/wp\/v2\/media?parent=3485"}],"wp:term":[{"taxonomy":"product_brand","embeddable":true,"href":"https:\/\/stagpartynight.com\/es\/wp-json\/wp\/v2\/product_brand?post=3485"},{"taxonomy":"product_cat","embeddable":true,"href":"https:\/\/stagpartynight.com\/es\/wp-json\/wp\/v2\/product_cat?post=3485"},{"taxonomy":"product_tag","embeddable":true,"href":"https:\/\/stagpartynight.com\/es\/wp-json\/wp\/v2\/product_tag?post=3485"}],"curies":[{"name":"wp","href":"https:\/\/api.w.org\/{rel}","templated":true}]}}