{"id":3486,"date":"2023-12-27T12:56:15","date_gmt":"2023-12-27T11:56:15","guid":{"rendered":"https:\/\/stagpartynight.com\/fr\/?post_type=product&#038;p=2710"},"modified":"2024-07-10T15:42:58","modified_gmt":"2024-07-10T13:42:58","slug":"despertar-atractivo-mallorca","status":"publish","type":"product","link":"https:\/\/stagpartynight.com\/es\/product\/despertar-atractivo-mallorca\/","title":{"rendered":"Despertar Atractivo Mallorca"},"content":{"rendered":"<p><strong>Despertar Atractivo Mallorca. Sexy Wake Up <a href=\"https:\/\/es.wikipedia.org\/wiki\/Mallorca\">Mallorca<\/a>. Despi\u00e9rtate con una hermosa bailarina ex\u00f3tica. \u00bfPuedes imaginar un despertar mejor?<\/strong><\/p>\n<p><strong>Las mejores despedidas de soltero con <a href=\"https:\/\/stagpartynight.com\/\">StagParty<\/a><\/strong><\/p>\n<h2 style=\"text-align: center;\">Despertar Atractivo Mallorca<\/h2>\n<h4><strong>Sexy Wake Up Mallorca \ud83d\udd25<\/strong> <strong>La experiencia m\u00e1s er\u00f3tica en Mallorca\ud83c\udf1f<\/strong><\/h4>\n<p>Imagina por un momento que te despiertas en tu hotel\/villa\/apartamento con una resaca terrible. Anoche, pasaste la noche en Mallorca con mucho alcohol y muchas mujeres&#8230; Te despiertas cansado, con ganas de volver a dormir, pero la suerte te sonr\u00ede. Una mujer hermosa y ardiente te espera para despertarte con mucho cari\u00f1o.<\/p>\n<p>\ud83d\udecc Nuestra hermosa mujer ir\u00e1 donde est\u00e9s durmiendo para darte un despertar muy, muy sexy. Con poca ropa y mucho deseo, te despertar\u00e1, y la resaca ya no ser\u00e1 tan terrible.<\/p>\n<p>\ud83d\udcf7 El espect\u00e1culo es privado, pero puedes tomar fotos para recordar el mejor despertar de tu vida.<\/p>\n<p>\ud83d\udd25 Durante quince minutos, estar\u00e1s muy feliz de tener amigos maravillosos que nos contactaron para despertarte con una mujer desnuda. Imagina que abres los ojos y descubres esta maravilla. \u00a1Disfruta de Mallorca con el despertar m\u00e1s sexy de tu vida!<\/p>\n<p style=\"text-align: center;\">Disponible para la regi\u00f3n de Palma de Mallorca o Magaluf (otras regiones bajo petici\u00f3n).<\/p>\n","protected":false},"excerpt":{"rendered":"<p>Despertar Atractivo Mallorca. Sexy Wake Up Mallorca. Despi\u00e9rtate con una hermosa bailarina ex\u00f3tica. \u00bfPuedes imaginar un despertar mejor? Las mejores despedidas de soltero con StagParty Despertar Atractivo Mallorca Sexy Wake Up Mallorca \ud83d\udd25 La experiencia m\u00e1s er\u00f3tica en Mallorca\ud83c\udf1f Imagina por un momento que te despiertas en tu hotel\/villa\/apartamento con una resaca terrible. Anoche, pasaste [&hellip;]<\/p>\n","protected":false},"featured_media":3135,"comment_status":"open","ping_status":"closed","template":"","meta":{"_et_pb_use_builder":"","_et_pb_old_content":"","_et_gb_content_width":""},"product_brand":[],"product_cat":[342,1313],"product_tag":[],"class_list":{"0":"post-3486","1":"product","2":"type-product","3":"status-publish","4":"has-post-thumbnail","6":"product_cat-mallorca","7":"product_cat-uncategorised","9":"first","10":"instock","11":"shipping-taxable","12":"product-type-simple"},"yoast_head":"<!-- This site is optimized with the Yoast SEO plugin v26.4 - https:\/\/yoast.com\/wordpress\/plugins\/seo\/ -->\n<title>Despertar Atractivo Mallorca<\/title>\n<meta name=\"description\" content=\"Despertar Atractivo Mallorca. Sexy Wake Up Mallorca. Despi\u00e9rtate con una hermosa bailarina ex\u00f3tica. \u00bfPuedes imaginar un despertar mejor?\" \/>\n<meta name=\"robots\" content=\"index, follow, max-snippet:-1, max-image-preview:large, max-video-preview:-1\" \/>\n<link rel=\"canonical\" href=\"https:\/\/stagpartynight.com\/es\/product\/despertar-atractivo-mallorca\/\" \/>\n<meta property=\"og:locale\" content=\"es_ES\" \/>\n<meta property=\"og:type\" content=\"article\" \/>\n<meta property=\"og:title\" content=\"Despertar Atractivo Mallorca\" \/>\n<meta property=\"og:description\" content=\"Despertar Atractivo Mallorca. Sexy Wake Up Mallorca. Despi\u00e9rtate con una hermosa bailarina ex\u00f3tica. \u00bfPuedes imaginar un despertar mejor?\" \/>\n<meta property=\"og:url\" content=\"https:\/\/stagpartynight.com\/es\/product\/despertar-atractivo-mallorca\/\" \/>\n<meta property=\"og:site_name\" content=\"Despedida de Soltero\" \/>\n<meta property=\"article:modified_time\" content=\"2024-07-10T13:42:58+00:00\" \/>\n<meta property=\"og:image\" content=\"https:\/\/stagpartynight.com\/es\/wp-content\/uploads\/sites\/2\/2022\/12\/WhatsApp-Image-2022-12-28-at-12.49.32.jpeg\" \/>\n\t<meta property=\"og:image:width\" content=\"1006\" \/>\n\t<meta property=\"og:image:height\" content=\"1031\" \/>\n\t<meta property=\"og:image:type\" content=\"image\/jpeg\" \/>\n<meta name=\"twitter:card\" content=\"summary_large_image\" \/>\n<meta name=\"twitter:label1\" content=\"Tiempo de lectura\" \/>\n\t<meta name=\"twitter:data1\" content=\"2 minutos\" \/>\n<script type=\"application\/ld+json\" class=\"yoast-schema-graph\">{\"@context\":\"https:\/\/schema.org\",\"@graph\":[{\"@type\":\"WebPage\",\"@id\":\"https:\/\/stagpartynight.com\/es\/product\/despertar-atractivo-mallorca\/\",\"url\":\"https:\/\/stagpartynight.com\/es\/product\/despertar-atractivo-mallorca\/\",\"name\":\"Despertar Atractivo Mallorca\",\"isPartOf\":{\"@id\":\"https:\/\/stagpartynight.com\/es\/#website\"},\"primaryImageOfPage\":{\"@id\":\"https:\/\/stagpartynight.com\/es\/product\/despertar-atractivo-mallorca\/#primaryimage\"},\"image\":{\"@id\":\"https:\/\/stagpartynight.com\/es\/product\/despertar-atractivo-mallorca\/#primaryimage\"},\"thumbnailUrl\":\"https:\/\/stagpartynight.com\/es\/wp-content\/uploads\/sites\/2\/2022\/12\/WhatsApp-Image-2022-12-28-at-12.49.32.jpeg\",\"datePublished\":\"2023-12-27T11:56:15+00:00\",\"dateModified\":\"2024-07-10T13:42:58+00:00\",\"description\":\"Despertar Atractivo Mallorca. Sexy Wake Up Mallorca. Despi\u00e9rtate con una hermosa bailarina ex\u00f3tica. \u00bfPuedes imaginar un despertar mejor?\",\"breadcrumb\":{\"@id\":\"https:\/\/stagpartynight.com\/es\/product\/despertar-atractivo-mallorca\/#breadcrumb\"},\"inLanguage\":\"es\",\"potentialAction\":[{\"@type\":\"ReadAction\",\"target\":[\"https:\/\/stagpartynight.com\/es\/product\/despertar-atractivo-mallorca\/\"]}]},{\"@type\":\"ImageObject\",\"inLanguage\":\"es\",\"@id\":\"https:\/\/stagpartynight.com\/es\/product\/despertar-atractivo-mallorca\/#primaryimage\",\"url\":\"https:\/\/stagpartynight.com\/es\/wp-content\/uploads\/sites\/2\/2022\/12\/WhatsApp-Image-2022-12-28-at-12.49.32.jpeg\",\"contentUrl\":\"https:\/\/stagpartynight.com\/es\/wp-content\/uploads\/sites\/2\/2022\/12\/WhatsApp-Image-2022-12-28-at-12.49.32.jpeg\",\"width\":1006,\"height\":1031,\"caption\":\"Despertar Atractivo Mallorca\"},{\"@type\":\"BreadcrumbList\",\"@id\":\"https:\/\/stagpartynight.com\/es\/product\/despertar-atractivo-mallorca\/#breadcrumb\",\"itemListElement\":[{\"@type\":\"ListItem\",\"position\":1,\"name\":\"Home\",\"item\":\"https:\/\/stagpartynight.com\/es\/\"},{\"@type\":\"ListItem\",\"position\":2,\"name\":\"Tienda\",\"item\":\"https:\/\/stagpartynight.com\/es\/tienda\/\"},{\"@type\":\"ListItem\",\"position\":3,\"name\":\"Despertar Atractivo Mallorca\"}]},{\"@type\":\"WebSite\",\"@id\":\"https:\/\/stagpartynight.com\/es\/#website\",\"url\":\"https:\/\/stagpartynight.com\/es\/\",\"name\":\"Stag Party Night\",\"description\":\"Your Stag Party Customized\",\"publisher\":{\"@id\":\"https:\/\/stagpartynight.com\/es\/#organization\"},\"potentialAction\":[{\"@type\":\"SearchAction\",\"target\":{\"@type\":\"EntryPoint\",\"urlTemplate\":\"https:\/\/stagpartynight.com\/es\/?s={search_term_string}\"},\"query-input\":{\"@type\":\"PropertyValueSpecification\",\"valueRequired\":true,\"valueName\":\"search_term_string\"}}],\"inLanguage\":\"es\"},{\"@type\":\"Organization\",\"@id\":\"https:\/\/stagpartynight.com\/es\/#organization\",\"name\":\"Stag Party Night\",\"url\":\"https:\/\/stagpartynight.com\/es\/\",\"logo\":{\"@type\":\"ImageObject\",\"inLanguage\":\"es\",\"@id\":\"https:\/\/stagpartynight.com\/es\/#\/schema\/logo\/image\/\",\"url\":\"https:\/\/stagpartynight.com\/es\/wp-content\/uploads\/sites\/2\/2019\/12\/stagpartynight-e1578565505687.png\",\"contentUrl\":\"https:\/\/stagpartynight.com\/es\/wp-content\/uploads\/sites\/2\/2019\/12\/stagpartynight-e1578565505687.png\",\"width\":400,\"height\":400,\"caption\":\"Stag Party Night\"},\"image\":{\"@id\":\"https:\/\/stagpartynight.com\/es\/#\/schema\/logo\/image\/\"}}]}<\/script>\n<!-- \/ Yoast SEO plugin. -->","yoast_head_json":{"title":"Despertar Atractivo Mallorca","description":"Despertar Atractivo Mallorca. Sexy Wake Up Mallorca. Despi\u00e9rtate con una hermosa bailarina ex\u00f3tica. \u00bfPuedes imaginar un despertar mejor?","robots":{"index":"index","follow":"follow","max-snippet":"max-snippet:-1","max-image-preview":"max-image-preview:large","max-video-preview":"max-video-preview:-1"},"canonical":"https:\/\/stagpartynight.com\/es\/product\/despertar-atractivo-mallorca\/","og_locale":"es_ES","og_type":"article","og_title":"Despertar Atractivo Mallorca","og_description":"Despertar Atractivo Mallorca. Sexy Wake Up Mallorca. Despi\u00e9rtate con una hermosa bailarina ex\u00f3tica. \u00bfPuedes imaginar un despertar mejor?","og_url":"https:\/\/stagpartynight.com\/es\/product\/despertar-atractivo-mallorca\/","og_site_name":"Despedida de Soltero","article_modified_time":"2024-07-10T13:42:58+00:00","og_image":[{"width":1006,"height":1031,"url":"https:\/\/stagpartynight.com\/es\/wp-content\/uploads\/sites\/2\/2022\/12\/WhatsApp-Image-2022-12-28-at-12.49.32.jpeg","type":"image\/jpeg"}],"twitter_card":"summary_large_image","twitter_misc":{"Tiempo de lectura":"2 minutos"},"schema":{"@context":"https:\/\/schema.org","@graph":[{"@type":"WebPage","@id":"https:\/\/stagpartynight.com\/es\/product\/despertar-atractivo-mallorca\/","url":"https:\/\/stagpartynight.com\/es\/product\/despertar-atractivo-mallorca\/","name":"Despertar Atractivo Mallorca","isPartOf":{"@id":"https:\/\/stagpartynight.com\/es\/#website"},"primaryImageOfPage":{"@id":"https:\/\/stagpartynight.com\/es\/product\/despertar-atractivo-mallorca\/#primaryimage"},"image":{"@id":"https:\/\/stagpartynight.com\/es\/product\/despertar-atractivo-mallorca\/#primaryimage"},"thumbnailUrl":"https:\/\/stagpartynight.com\/es\/wp-content\/uploads\/sites\/2\/2022\/12\/WhatsApp-Image-2022-12-28-at-12.49.32.jpeg","datePublished":"2023-12-27T11:56:15+00:00","dateModified":"2024-07-10T13:42:58+00:00","description":"Despertar Atractivo Mallorca. Sexy Wake Up Mallorca. Despi\u00e9rtate con una hermosa bailarina ex\u00f3tica. \u00bfPuedes imaginar un despertar mejor?","breadcrumb":{"@id":"https:\/\/stagpartynight.com\/es\/product\/despertar-atractivo-mallorca\/#breadcrumb"},"inLanguage":"es","potentialAction":[{"@type":"ReadAction","target":["https:\/\/stagpartynight.com\/es\/product\/despertar-atractivo-mallorca\/"]}]},{"@type":"ImageObject","inLanguage":"es","@id":"https:\/\/stagpartynight.com\/es\/product\/despertar-atractivo-mallorca\/#primaryimage","url":"https:\/\/stagpartynight.com\/es\/wp-content\/uploads\/sites\/2\/2022\/12\/WhatsApp-Image-2022-12-28-at-12.49.32.jpeg","contentUrl":"https:\/\/stagpartynight.com\/es\/wp-content\/uploads\/sites\/2\/2022\/12\/WhatsApp-Image-2022-12-28-at-12.49.32.jpeg","width":1006,"height":1031,"caption":"Despertar Atractivo Mallorca"},{"@type":"BreadcrumbList","@id":"https:\/\/stagpartynight.com\/es\/product\/despertar-atractivo-mallorca\/#breadcrumb","itemListElement":[{"@type":"ListItem","position":1,"name":"Home","item":"https:\/\/stagpartynight.com\/es\/"},{"@type":"ListItem","position":2,"name":"Tienda","item":"https:\/\/stagpartynight.com\/es\/tienda\/"},{"@type":"ListItem","position":3,"name":"Despertar Atractivo Mallorca"}]},{"@type":"WebSite","@id":"https:\/\/stagpartynight.com\/es\/#website","url":"https:\/\/stagpartynight.com\/es\/","name":"Stag Party Night","description":"Your Stag Party Customized","publisher":{"@id":"https:\/\/stagpartynight.com\/es\/#organization"},"potentialAction":[{"@type":"SearchAction","target":{"@type":"EntryPoint","urlTemplate":"https:\/\/stagpartynight.com\/es\/?s={search_term_string}"},"query-input":{"@type":"PropertyValueSpecification","valueRequired":true,"valueName":"search_term_string"}}],"inLanguage":"es"},{"@type":"Organization","@id":"https:\/\/stagpartynight.com\/es\/#organization","name":"Stag Party Night","url":"https:\/\/stagpartynight.com\/es\/","logo":{"@type":"ImageObject","inLanguage":"es","@id":"https:\/\/stagpartynight.com\/es\/#\/schema\/logo\/image\/","url":"https:\/\/stagpartynight.com\/es\/wp-content\/uploads\/sites\/2\/2019\/12\/stagpartynight-e1578565505687.png","contentUrl":"https:\/\/stagpartynight.com\/es\/wp-content\/uploads\/sites\/2\/2019\/12\/stagpartynight-e1578565505687.png","width":400,"height":400,"caption":"Stag Party Night"},"image":{"@id":"https:\/\/stagpartynight.com\/es\/#\/schema\/logo\/image\/"}}]}},"_links":{"self":[{"href":"https:\/\/stagpartynight.com\/es\/wp-json\/wp\/v2\/product\/3486","targetHints":{"allow":["GET"]}}],"collection":[{"href":"https:\/\/stagpartynight.com\/es\/wp-json\/wp\/v2\/product"}],"about":[{"href":"https:\/\/stagpartynight.com\/es\/wp-json\/wp\/v2\/types\/product"}],"replies":[{"embeddable":true,"href":"https:\/\/stagpartynight.com\/es\/wp-json\/wp\/v2\/comments?post=3486"}],"wp:featuredmedia":[{"embeddable":true,"href":"https:\/\/stagpartynight.com\/es\/wp-json\/wp\/v2\/media\/3135"}],"wp:attachment":[{"href":"https:\/\/stagpartynight.com\/es\/wp-json\/wp\/v2\/media?parent=3486"}],"wp:term":[{"taxonomy":"product_brand","embeddable":true,"href":"https:\/\/stagpartynight.com\/es\/wp-json\/wp\/v2\/product_brand?post=3486"},{"taxonomy":"product_cat","embeddable":true,"href":"https:\/\/stagpartynight.com\/es\/wp-json\/wp\/v2\/product_cat?post=3486"},{"taxonomy":"product_tag","embeddable":true,"href":"https:\/\/stagpartynight.com\/es\/wp-json\/wp\/v2\/product_tag?post=3486"}],"curies":[{"name":"wp","href":"https:\/\/api.w.org\/{rel}","templated":true}]}}