{"id":3488,"date":"2023-12-27T13:26:32","date_gmt":"2023-12-27T12:26:32","guid":{"rendered":"https:\/\/stagpartynight.com\/fr\/?post_type=product&#038;p=2715"},"modified":"2024-01-18T12:33:10","modified_gmt":"2024-01-18T11:33:10","slug":"club-de-striptease-mallorca","status":"publish","type":"product","link":"https:\/\/stagpartynight.com\/es\/product\/club-de-striptease-mallorca\/","title":{"rendered":"Club de striptease Mallorca"},"content":{"rendered":"<p><strong>Club de striptease <a href=\"https:\/\/es.wikipedia.org\/wiki\/Mallorca\">Mallorca<\/a>. \u00a1Disfruta con tus amigos de un espacio incre\u00edble lleno de hermosas chicas que bailan en la barra de baile!<\/strong><\/p>\n<p><strong>\u00a1Las mejores despedidas de soltero con <a href=\"https:\/\/stagpartynight.com\/\">StagParty<\/a>!<\/strong><\/p>\n<h2 style=\"text-align: center;\"><strong>Club de striptease Mallorca\ud83d\udd25<\/strong><\/h2>\n<h4><strong>Una noche muy candente en Mallorca \ud83d\udd25<\/strong><\/h4>\n<p><strong>Si te has cansado de la fiesta y el bullicio de Mallorca, \u00bfqu\u00e9 mejor manera de relajarte que en un club de striptease? T\u00fa y tus amigos disfrutar\u00e1n del espect\u00e1culo de hermosas chicas en el escenario. Lap dance, pole dance, table dance&#8230; espect\u00e1culos er\u00f3ticos durante toda la noche con chicas impresionantes. Y no te preocupes si te provocan ganas de ver m\u00e1s, puedes alquilar un espect\u00e1culo er\u00f3tico privado para disfrutar a solas de tu chica favorita de la noche.<\/strong><\/p>\n<p><strong>\u23f0 Sin l\u00edmite de tiempo, \u00a1t\u00f3mate el tiempo que necesites!<\/strong><\/p>\n<p><strong>\ud83c\udf79 Bebidas y los mejores c\u00f3cteles en el interior<\/strong><\/p>\n<p><strong>\ud83d\udd25 Chicas hermosas que pueden hacer un show privado en la sala si lo deseas.<\/strong><\/p>\n<p style=\"text-align: center;\"><strong>El mejor club para hombres de Magaluf<\/strong><\/p>\n","protected":false},"excerpt":{"rendered":"<p>Club de striptease Mallorca. \u00a1Disfruta con tus amigos de un espacio incre\u00edble lleno de hermosas chicas que bailan en la barra de baile! \u00a1Las mejores despedidas de soltero con StagParty! Club de striptease Mallorca\ud83d\udd25 Una noche muy candente en Mallorca \ud83d\udd25 Si te has cansado de la fiesta y el bullicio de Mallorca, \u00bfqu\u00e9 mejor [&hellip;]<\/p>\n","protected":false},"featured_media":2166,"comment_status":"open","ping_status":"closed","template":"","meta":{"_et_pb_use_builder":"","_et_pb_old_content":"","_et_gb_content_width":""},"product_brand":[],"product_cat":[342,1313],"product_tag":[],"class_list":{"0":"post-3488","1":"product","2":"type-product","3":"status-publish","4":"has-post-thumbnail","6":"product_cat-mallorca","7":"product_cat-uncategorised","9":"first","10":"instock","11":"shipping-taxable","12":"product-type-simple"},"yoast_head":"<!-- This site is optimized with the Yoast SEO plugin v26.4 - https:\/\/yoast.com\/wordpress\/plugins\/seo\/ -->\n<title>Club de striptease Mallorca<\/title>\n<meta name=\"description\" content=\"Club de striptease Mallorca. \u00a1Disfruta con tus amigos de un espacio incre\u00edble lleno de hermosas chicas que bailan en la barra de baile!\" \/>\n<meta name=\"robots\" content=\"index, follow, max-snippet:-1, max-image-preview:large, max-video-preview:-1\" \/>\n<link rel=\"canonical\" href=\"https:\/\/stagpartynight.com\/es\/product\/club-de-striptease-mallorca\/\" \/>\n<meta property=\"og:locale\" content=\"es_ES\" \/>\n<meta property=\"og:type\" content=\"article\" \/>\n<meta property=\"og:title\" content=\"Club de striptease Mallorca\" \/>\n<meta property=\"og:description\" content=\"Club de striptease Mallorca. \u00a1Disfruta con tus amigos de un espacio incre\u00edble lleno de hermosas chicas que bailan en la barra de baile!\" \/>\n<meta property=\"og:url\" content=\"https:\/\/stagpartynight.com\/es\/product\/club-de-striptease-mallorca\/\" \/>\n<meta property=\"og:site_name\" content=\"Despedida de Soltero\" \/>\n<meta property=\"article:modified_time\" content=\"2024-01-18T11:33:10+00:00\" \/>\n<meta property=\"og:image\" content=\"https:\/\/stagpartynight.com\/es\/wp-content\/uploads\/sites\/2\/2020\/01\/WhatsApp-Image-2021-01-14-at-17.16.59.jpeg\" \/>\n\t<meta property=\"og:image:width\" content=\"738\" \/>\n\t<meta property=\"og:image:height\" content=\"1070\" \/>\n\t<meta property=\"og:image:type\" content=\"image\/jpeg\" \/>\n<meta name=\"twitter:card\" content=\"summary_large_image\" \/>\n<meta name=\"twitter:label1\" content=\"Tiempo de lectura\" \/>\n\t<meta name=\"twitter:data1\" content=\"1 minuto\" \/>\n<script type=\"application\/ld+json\" class=\"yoast-schema-graph\">{\"@context\":\"https:\/\/schema.org\",\"@graph\":[{\"@type\":\"WebPage\",\"@id\":\"https:\/\/stagpartynight.com\/es\/product\/club-de-striptease-mallorca\/\",\"url\":\"https:\/\/stagpartynight.com\/es\/product\/club-de-striptease-mallorca\/\",\"name\":\"Club de striptease Mallorca\",\"isPartOf\":{\"@id\":\"https:\/\/stagpartynight.com\/es\/#website\"},\"primaryImageOfPage\":{\"@id\":\"https:\/\/stagpartynight.com\/es\/product\/club-de-striptease-mallorca\/#primaryimage\"},\"image\":{\"@id\":\"https:\/\/stagpartynight.com\/es\/product\/club-de-striptease-mallorca\/#primaryimage\"},\"thumbnailUrl\":\"https:\/\/stagpartynight.com\/es\/wp-content\/uploads\/sites\/2\/2020\/01\/WhatsApp-Image-2021-01-14-at-17.16.59.jpeg\",\"datePublished\":\"2023-12-27T12:26:32+00:00\",\"dateModified\":\"2024-01-18T11:33:10+00:00\",\"description\":\"Club de striptease Mallorca. \u00a1Disfruta con tus amigos de un espacio incre\u00edble lleno de hermosas chicas que bailan en la barra de baile!\",\"breadcrumb\":{\"@id\":\"https:\/\/stagpartynight.com\/es\/product\/club-de-striptease-mallorca\/#breadcrumb\"},\"inLanguage\":\"es\",\"potentialAction\":[{\"@type\":\"ReadAction\",\"target\":[\"https:\/\/stagpartynight.com\/es\/product\/club-de-striptease-mallorca\/\"]}]},{\"@type\":\"ImageObject\",\"inLanguage\":\"es\",\"@id\":\"https:\/\/stagpartynight.com\/es\/product\/club-de-striptease-mallorca\/#primaryimage\",\"url\":\"https:\/\/stagpartynight.com\/es\/wp-content\/uploads\/sites\/2\/2020\/01\/WhatsApp-Image-2021-01-14-at-17.16.59.jpeg\",\"contentUrl\":\"https:\/\/stagpartynight.com\/es\/wp-content\/uploads\/sites\/2\/2020\/01\/WhatsApp-Image-2021-01-14-at-17.16.59.jpeg\",\"width\":738,\"height\":1070,\"caption\":\"Club de striptease Mallorca\"},{\"@type\":\"BreadcrumbList\",\"@id\":\"https:\/\/stagpartynight.com\/es\/product\/club-de-striptease-mallorca\/#breadcrumb\",\"itemListElement\":[{\"@type\":\"ListItem\",\"position\":1,\"name\":\"Home\",\"item\":\"https:\/\/stagpartynight.com\/es\/\"},{\"@type\":\"ListItem\",\"position\":2,\"name\":\"Tienda\",\"item\":\"https:\/\/stagpartynight.com\/es\/tienda\/\"},{\"@type\":\"ListItem\",\"position\":3,\"name\":\"Club de striptease Mallorca\"}]},{\"@type\":\"WebSite\",\"@id\":\"https:\/\/stagpartynight.com\/es\/#website\",\"url\":\"https:\/\/stagpartynight.com\/es\/\",\"name\":\"Stag Party Night\",\"description\":\"Your Stag Party Customized\",\"publisher\":{\"@id\":\"https:\/\/stagpartynight.com\/es\/#organization\"},\"potentialAction\":[{\"@type\":\"SearchAction\",\"target\":{\"@type\":\"EntryPoint\",\"urlTemplate\":\"https:\/\/stagpartynight.com\/es\/?s={search_term_string}\"},\"query-input\":{\"@type\":\"PropertyValueSpecification\",\"valueRequired\":true,\"valueName\":\"search_term_string\"}}],\"inLanguage\":\"es\"},{\"@type\":\"Organization\",\"@id\":\"https:\/\/stagpartynight.com\/es\/#organization\",\"name\":\"Stag Party Night\",\"url\":\"https:\/\/stagpartynight.com\/es\/\",\"logo\":{\"@type\":\"ImageObject\",\"inLanguage\":\"es\",\"@id\":\"https:\/\/stagpartynight.com\/es\/#\/schema\/logo\/image\/\",\"url\":\"https:\/\/stagpartynight.com\/es\/wp-content\/uploads\/sites\/2\/2019\/12\/stagpartynight-e1578565505687.png\",\"contentUrl\":\"https:\/\/stagpartynight.com\/es\/wp-content\/uploads\/sites\/2\/2019\/12\/stagpartynight-e1578565505687.png\",\"width\":400,\"height\":400,\"caption\":\"Stag Party Night\"},\"image\":{\"@id\":\"https:\/\/stagpartynight.com\/es\/#\/schema\/logo\/image\/\"}}]}<\/script>\n<!-- \/ Yoast SEO plugin. -->","yoast_head_json":{"title":"Club de striptease Mallorca","description":"Club de striptease Mallorca. \u00a1Disfruta con tus amigos de un espacio incre\u00edble lleno de hermosas chicas que bailan en la barra de baile!","robots":{"index":"index","follow":"follow","max-snippet":"max-snippet:-1","max-image-preview":"max-image-preview:large","max-video-preview":"max-video-preview:-1"},"canonical":"https:\/\/stagpartynight.com\/es\/product\/club-de-striptease-mallorca\/","og_locale":"es_ES","og_type":"article","og_title":"Club de striptease Mallorca","og_description":"Club de striptease Mallorca. \u00a1Disfruta con tus amigos de un espacio incre\u00edble lleno de hermosas chicas que bailan en la barra de baile!","og_url":"https:\/\/stagpartynight.com\/es\/product\/club-de-striptease-mallorca\/","og_site_name":"Despedida de Soltero","article_modified_time":"2024-01-18T11:33:10+00:00","og_image":[{"width":738,"height":1070,"url":"https:\/\/stagpartynight.com\/es\/wp-content\/uploads\/sites\/2\/2020\/01\/WhatsApp-Image-2021-01-14-at-17.16.59.jpeg","type":"image\/jpeg"}],"twitter_card":"summary_large_image","twitter_misc":{"Tiempo de lectura":"1 minuto"},"schema":{"@context":"https:\/\/schema.org","@graph":[{"@type":"WebPage","@id":"https:\/\/stagpartynight.com\/es\/product\/club-de-striptease-mallorca\/","url":"https:\/\/stagpartynight.com\/es\/product\/club-de-striptease-mallorca\/","name":"Club de striptease Mallorca","isPartOf":{"@id":"https:\/\/stagpartynight.com\/es\/#website"},"primaryImageOfPage":{"@id":"https:\/\/stagpartynight.com\/es\/product\/club-de-striptease-mallorca\/#primaryimage"},"image":{"@id":"https:\/\/stagpartynight.com\/es\/product\/club-de-striptease-mallorca\/#primaryimage"},"thumbnailUrl":"https:\/\/stagpartynight.com\/es\/wp-content\/uploads\/sites\/2\/2020\/01\/WhatsApp-Image-2021-01-14-at-17.16.59.jpeg","datePublished":"2023-12-27T12:26:32+00:00","dateModified":"2024-01-18T11:33:10+00:00","description":"Club de striptease Mallorca. \u00a1Disfruta con tus amigos de un espacio incre\u00edble lleno de hermosas chicas que bailan en la barra de baile!","breadcrumb":{"@id":"https:\/\/stagpartynight.com\/es\/product\/club-de-striptease-mallorca\/#breadcrumb"},"inLanguage":"es","potentialAction":[{"@type":"ReadAction","target":["https:\/\/stagpartynight.com\/es\/product\/club-de-striptease-mallorca\/"]}]},{"@type":"ImageObject","inLanguage":"es","@id":"https:\/\/stagpartynight.com\/es\/product\/club-de-striptease-mallorca\/#primaryimage","url":"https:\/\/stagpartynight.com\/es\/wp-content\/uploads\/sites\/2\/2020\/01\/WhatsApp-Image-2021-01-14-at-17.16.59.jpeg","contentUrl":"https:\/\/stagpartynight.com\/es\/wp-content\/uploads\/sites\/2\/2020\/01\/WhatsApp-Image-2021-01-14-at-17.16.59.jpeg","width":738,"height":1070,"caption":"Club de striptease Mallorca"},{"@type":"BreadcrumbList","@id":"https:\/\/stagpartynight.com\/es\/product\/club-de-striptease-mallorca\/#breadcrumb","itemListElement":[{"@type":"ListItem","position":1,"name":"Home","item":"https:\/\/stagpartynight.com\/es\/"},{"@type":"ListItem","position":2,"name":"Tienda","item":"https:\/\/stagpartynight.com\/es\/tienda\/"},{"@type":"ListItem","position":3,"name":"Club de striptease Mallorca"}]},{"@type":"WebSite","@id":"https:\/\/stagpartynight.com\/es\/#website","url":"https:\/\/stagpartynight.com\/es\/","name":"Stag Party Night","description":"Your Stag Party Customized","publisher":{"@id":"https:\/\/stagpartynight.com\/es\/#organization"},"potentialAction":[{"@type":"SearchAction","target":{"@type":"EntryPoint","urlTemplate":"https:\/\/stagpartynight.com\/es\/?s={search_term_string}"},"query-input":{"@type":"PropertyValueSpecification","valueRequired":true,"valueName":"search_term_string"}}],"inLanguage":"es"},{"@type":"Organization","@id":"https:\/\/stagpartynight.com\/es\/#organization","name":"Stag Party Night","url":"https:\/\/stagpartynight.com\/es\/","logo":{"@type":"ImageObject","inLanguage":"es","@id":"https:\/\/stagpartynight.com\/es\/#\/schema\/logo\/image\/","url":"https:\/\/stagpartynight.com\/es\/wp-content\/uploads\/sites\/2\/2019\/12\/stagpartynight-e1578565505687.png","contentUrl":"https:\/\/stagpartynight.com\/es\/wp-content\/uploads\/sites\/2\/2019\/12\/stagpartynight-e1578565505687.png","width":400,"height":400,"caption":"Stag Party Night"},"image":{"@id":"https:\/\/stagpartynight.com\/es\/#\/schema\/logo\/image\/"}}]}},"_links":{"self":[{"href":"https:\/\/stagpartynight.com\/es\/wp-json\/wp\/v2\/product\/3488","targetHints":{"allow":["GET"]}}],"collection":[{"href":"https:\/\/stagpartynight.com\/es\/wp-json\/wp\/v2\/product"}],"about":[{"href":"https:\/\/stagpartynight.com\/es\/wp-json\/wp\/v2\/types\/product"}],"replies":[{"embeddable":true,"href":"https:\/\/stagpartynight.com\/es\/wp-json\/wp\/v2\/comments?post=3488"}],"wp:featuredmedia":[{"embeddable":true,"href":"https:\/\/stagpartynight.com\/es\/wp-json\/wp\/v2\/media\/2166"}],"wp:attachment":[{"href":"https:\/\/stagpartynight.com\/es\/wp-json\/wp\/v2\/media?parent=3488"}],"wp:term":[{"taxonomy":"product_brand","embeddable":true,"href":"https:\/\/stagpartynight.com\/es\/wp-json\/wp\/v2\/product_brand?post=3488"},{"taxonomy":"product_cat","embeddable":true,"href":"https:\/\/stagpartynight.com\/es\/wp-json\/wp\/v2\/product_cat?post=3488"},{"taxonomy":"product_tag","embeddable":true,"href":"https:\/\/stagpartynight.com\/es\/wp-json\/wp\/v2\/product_tag?post=3488"}],"curies":[{"name":"wp","href":"https:\/\/api.w.org\/{rel}","templated":true}]}}