{"id":3489,"date":"2023-12-27T13:33:27","date_gmt":"2023-12-27T12:33:27","guid":{"rendered":"https:\/\/stagpartynight.com\/fr\/?post_type=product&#038;p=2716"},"modified":"2024-01-18T12:33:10","modified_gmt":"2024-01-18T11:33:10","slug":"club-de-playa-mallorca","status":"publish","type":"product","link":"https:\/\/stagpartynight.com\/es\/product\/club-de-playa-mallorca\/","title":{"rendered":"Club de Playa Mallorca"},"content":{"rendered":"<p>Club de Playa <a href=\"https:\/\/es.wikipedia.org\/wiki\/Mallorca\">Mallorca<\/a>. Beach Club Magaluf. Disfruta de un d\u00eda soleado en el Beach Club. Tumbonas, tres c\u00f3cteles y mucho sol.<\/p>\n<p>Las mejores despedidas de soltero con <a href=\"https:\/\/stagpartynight.com\/\">StagParty<\/a>.<\/p>\n<h2 style=\"text-align: center;\">Club de Playa Mallorca \ud83c\udf1e<\/h2>\n<h4>\ud83c\udfd6\ufe0f \u00a1Bienvenido al Beach Club Magaluf o Palma &#8211; Tu Refugio de Placer Estival! \ud83c\udf34<\/h4>\n<p>Descubre la experiencia definitiva de relajaci\u00f3n en Mallorca, el Beach Club que redefine el lujo informal en la isla. \ud83c\udf0a<\/p>\n<p>\ud83c\udf1e Perm\u00edtete una escapada soleada en el coraz\u00f3n de la isla, con acceso exclusivo al club, tumbonas VIP para perfeccionar tu bronceado y tres bebidas refrescantes para alegrar tu d\u00eda.<\/p>\n<p>\ud83c\udf05 Sum\u00e9rgete en la atm\u00f3sfera vibrante del Beach Club, donde la arena dorada se encuentra con las aguas cristalinas del Mediterr\u00e1neo. Disfruta del acceso a nuestras tumbonas VIP, que ofrecen la m\u00e1xima comodidad para relajarte y disfrutar de cada momento bajo el radiante sol de Magaluf o Palma.<\/p>\n<p>\ud83c\udf79 Tres bebidas de tu elecci\u00f3n completan la experiencia, ofreciendo una paleta de sabores exquisitos para satisfacer tus papilas gustativas mientras te sumerges en el ambiente festivo.<\/p>\n<p>\ud83c\udf34 Ya sea que est\u00e9s de vacaciones, con amigos o buscando un momento de relajaci\u00f3n despu\u00e9s de un d\u00eda de fiesta, el Beach Club de Magaluf es el lugar perfecto para disfrutar de lo mejor de Mallorca.<\/p>\n<p>\ud83c\udf1f \u00a1Reserva ahora para experimentar la esencia misma del verano en Magaluf!<\/p>\n<p>\ud83c\udf89 Nuestro Beach Club te promete una escapada inolvidable, fusionando la elegancia con los placeres relajados de la playa. \u00a1No pierdas la oportunidad de crear recuerdos memorables en uno de los lugares m\u00e1s codiciados de la isla! \ud83c\udfdd\ufe0f<\/p>\n","protected":false},"excerpt":{"rendered":"<p>Club de Playa Mallorca. Beach Club Magaluf. Disfruta de un d\u00eda soleado en el Beach Club. Tumbonas, tres c\u00f3cteles y mucho sol. Las mejores despedidas de soltero con StagParty. Club de Playa Mallorca \ud83c\udf1e \ud83c\udfd6\ufe0f \u00a1Bienvenido al Beach Club Magaluf o Palma &#8211; Tu Refugio de Placer Estival! \ud83c\udf34 Descubre la experiencia definitiva de relajaci\u00f3n [&hellip;]<\/p>\n","protected":false},"featured_media":3576,"comment_status":"open","ping_status":"closed","template":"","meta":{"_et_pb_use_builder":"","_et_pb_old_content":"","_et_gb_content_width":""},"product_brand":[],"product_cat":[342,1313],"product_tag":[],"class_list":{"0":"post-3489","1":"product","2":"type-product","3":"status-publish","4":"has-post-thumbnail","6":"product_cat-mallorca","7":"product_cat-uncategorised","9":"first","10":"instock","11":"shipping-taxable","12":"product-type-simple"},"yoast_head":"<!-- This site is optimized with the Yoast SEO plugin v26.4 - https:\/\/yoast.com\/wordpress\/plugins\/seo\/ -->\n<title>Club de Playa Mallorca<\/title>\n<meta name=\"description\" content=\"Club de Playa Mallorca. Beach Club Magaluf. Disfruta de un d\u00eda soleado en el Beach Club. Tumbonas, tres c\u00f3cteles y mucho sol.\" \/>\n<meta name=\"robots\" content=\"index, follow, max-snippet:-1, max-image-preview:large, max-video-preview:-1\" \/>\n<link rel=\"canonical\" href=\"https:\/\/stagpartynight.com\/es\/product\/club-de-playa-mallorca\/\" \/>\n<meta property=\"og:locale\" content=\"es_ES\" \/>\n<meta property=\"og:type\" content=\"article\" \/>\n<meta property=\"og:title\" content=\"Club de Playa Mallorca\" \/>\n<meta property=\"og:description\" content=\"Club de Playa Mallorca. Beach Club Magaluf. Disfruta de un d\u00eda soleado en el Beach Club. Tumbonas, tres c\u00f3cteles y mucho sol.\" \/>\n<meta property=\"og:url\" content=\"https:\/\/stagpartynight.com\/es\/product\/club-de-playa-mallorca\/\" \/>\n<meta property=\"og:site_name\" content=\"Despedida de Soltero\" \/>\n<meta property=\"article:modified_time\" content=\"2024-01-18T11:33:10+00:00\" \/>\n<meta property=\"og:image\" content=\"https:\/\/stagpartynight.com\/es\/wp-content\/uploads\/sites\/2\/2023\/12\/Club-de-Playa-Mallorca.jpg\" \/>\n\t<meta property=\"og:image:width\" content=\"1280\" \/>\n\t<meta property=\"og:image:height\" content=\"854\" \/>\n\t<meta property=\"og:image:type\" content=\"image\/jpeg\" \/>\n<meta name=\"twitter:card\" content=\"summary_large_image\" \/>\n<meta name=\"twitter:label1\" content=\"Tiempo de lectura\" \/>\n\t<meta name=\"twitter:data1\" content=\"2 minutos\" \/>\n<script type=\"application\/ld+json\" class=\"yoast-schema-graph\">{\"@context\":\"https:\/\/schema.org\",\"@graph\":[{\"@type\":\"WebPage\",\"@id\":\"https:\/\/stagpartynight.com\/es\/product\/club-de-playa-mallorca\/\",\"url\":\"https:\/\/stagpartynight.com\/es\/product\/club-de-playa-mallorca\/\",\"name\":\"Club de Playa Mallorca\",\"isPartOf\":{\"@id\":\"https:\/\/stagpartynight.com\/es\/#website\"},\"primaryImageOfPage\":{\"@id\":\"https:\/\/stagpartynight.com\/es\/product\/club-de-playa-mallorca\/#primaryimage\"},\"image\":{\"@id\":\"https:\/\/stagpartynight.com\/es\/product\/club-de-playa-mallorca\/#primaryimage\"},\"thumbnailUrl\":\"https:\/\/stagpartynight.com\/es\/wp-content\/uploads\/sites\/2\/2023\/12\/Club-de-Playa-Mallorca.jpg\",\"datePublished\":\"2023-12-27T12:33:27+00:00\",\"dateModified\":\"2024-01-18T11:33:10+00:00\",\"description\":\"Club de Playa Mallorca. Beach Club Magaluf. Disfruta de un d\u00eda soleado en el Beach Club. Tumbonas, tres c\u00f3cteles y mucho sol.\",\"breadcrumb\":{\"@id\":\"https:\/\/stagpartynight.com\/es\/product\/club-de-playa-mallorca\/#breadcrumb\"},\"inLanguage\":\"es\",\"potentialAction\":[{\"@type\":\"ReadAction\",\"target\":[\"https:\/\/stagpartynight.com\/es\/product\/club-de-playa-mallorca\/\"]}]},{\"@type\":\"ImageObject\",\"inLanguage\":\"es\",\"@id\":\"https:\/\/stagpartynight.com\/es\/product\/club-de-playa-mallorca\/#primaryimage\",\"url\":\"https:\/\/stagpartynight.com\/es\/wp-content\/uploads\/sites\/2\/2023\/12\/Club-de-Playa-Mallorca.jpg\",\"contentUrl\":\"https:\/\/stagpartynight.com\/es\/wp-content\/uploads\/sites\/2\/2023\/12\/Club-de-Playa-Mallorca.jpg\",\"width\":1280,\"height\":854,\"caption\":\"Club de Playa Mallorca\"},{\"@type\":\"BreadcrumbList\",\"@id\":\"https:\/\/stagpartynight.com\/es\/product\/club-de-playa-mallorca\/#breadcrumb\",\"itemListElement\":[{\"@type\":\"ListItem\",\"position\":1,\"name\":\"Home\",\"item\":\"https:\/\/stagpartynight.com\/es\/\"},{\"@type\":\"ListItem\",\"position\":2,\"name\":\"Tienda\",\"item\":\"https:\/\/stagpartynight.com\/es\/tienda\/\"},{\"@type\":\"ListItem\",\"position\":3,\"name\":\"Club de Playa Mallorca\"}]},{\"@type\":\"WebSite\",\"@id\":\"https:\/\/stagpartynight.com\/es\/#website\",\"url\":\"https:\/\/stagpartynight.com\/es\/\",\"name\":\"Stag Party Night\",\"description\":\"Your Stag Party Customized\",\"publisher\":{\"@id\":\"https:\/\/stagpartynight.com\/es\/#organization\"},\"potentialAction\":[{\"@type\":\"SearchAction\",\"target\":{\"@type\":\"EntryPoint\",\"urlTemplate\":\"https:\/\/stagpartynight.com\/es\/?s={search_term_string}\"},\"query-input\":{\"@type\":\"PropertyValueSpecification\",\"valueRequired\":true,\"valueName\":\"search_term_string\"}}],\"inLanguage\":\"es\"},{\"@type\":\"Organization\",\"@id\":\"https:\/\/stagpartynight.com\/es\/#organization\",\"name\":\"Stag Party Night\",\"url\":\"https:\/\/stagpartynight.com\/es\/\",\"logo\":{\"@type\":\"ImageObject\",\"inLanguage\":\"es\",\"@id\":\"https:\/\/stagpartynight.com\/es\/#\/schema\/logo\/image\/\",\"url\":\"https:\/\/stagpartynight.com\/es\/wp-content\/uploads\/sites\/2\/2019\/12\/stagpartynight-e1578565505687.png\",\"contentUrl\":\"https:\/\/stagpartynight.com\/es\/wp-content\/uploads\/sites\/2\/2019\/12\/stagpartynight-e1578565505687.png\",\"width\":400,\"height\":400,\"caption\":\"Stag Party Night\"},\"image\":{\"@id\":\"https:\/\/stagpartynight.com\/es\/#\/schema\/logo\/image\/\"}}]}<\/script>\n<!-- \/ Yoast SEO plugin. -->","yoast_head_json":{"title":"Club de Playa Mallorca","description":"Club de Playa Mallorca. Beach Club Magaluf. Disfruta de un d\u00eda soleado en el Beach Club. Tumbonas, tres c\u00f3cteles y mucho sol.","robots":{"index":"index","follow":"follow","max-snippet":"max-snippet:-1","max-image-preview":"max-image-preview:large","max-video-preview":"max-video-preview:-1"},"canonical":"https:\/\/stagpartynight.com\/es\/product\/club-de-playa-mallorca\/","og_locale":"es_ES","og_type":"article","og_title":"Club de Playa Mallorca","og_description":"Club de Playa Mallorca. Beach Club Magaluf. Disfruta de un d\u00eda soleado en el Beach Club. Tumbonas, tres c\u00f3cteles y mucho sol.","og_url":"https:\/\/stagpartynight.com\/es\/product\/club-de-playa-mallorca\/","og_site_name":"Despedida de Soltero","article_modified_time":"2024-01-18T11:33:10+00:00","og_image":[{"width":1280,"height":854,"url":"https:\/\/stagpartynight.com\/es\/wp-content\/uploads\/sites\/2\/2023\/12\/Club-de-Playa-Mallorca.jpg","type":"image\/jpeg"}],"twitter_card":"summary_large_image","twitter_misc":{"Tiempo de lectura":"2 minutos"},"schema":{"@context":"https:\/\/schema.org","@graph":[{"@type":"WebPage","@id":"https:\/\/stagpartynight.com\/es\/product\/club-de-playa-mallorca\/","url":"https:\/\/stagpartynight.com\/es\/product\/club-de-playa-mallorca\/","name":"Club de Playa Mallorca","isPartOf":{"@id":"https:\/\/stagpartynight.com\/es\/#website"},"primaryImageOfPage":{"@id":"https:\/\/stagpartynight.com\/es\/product\/club-de-playa-mallorca\/#primaryimage"},"image":{"@id":"https:\/\/stagpartynight.com\/es\/product\/club-de-playa-mallorca\/#primaryimage"},"thumbnailUrl":"https:\/\/stagpartynight.com\/es\/wp-content\/uploads\/sites\/2\/2023\/12\/Club-de-Playa-Mallorca.jpg","datePublished":"2023-12-27T12:33:27+00:00","dateModified":"2024-01-18T11:33:10+00:00","description":"Club de Playa Mallorca. Beach Club Magaluf. Disfruta de un d\u00eda soleado en el Beach Club. Tumbonas, tres c\u00f3cteles y mucho sol.","breadcrumb":{"@id":"https:\/\/stagpartynight.com\/es\/product\/club-de-playa-mallorca\/#breadcrumb"},"inLanguage":"es","potentialAction":[{"@type":"ReadAction","target":["https:\/\/stagpartynight.com\/es\/product\/club-de-playa-mallorca\/"]}]},{"@type":"ImageObject","inLanguage":"es","@id":"https:\/\/stagpartynight.com\/es\/product\/club-de-playa-mallorca\/#primaryimage","url":"https:\/\/stagpartynight.com\/es\/wp-content\/uploads\/sites\/2\/2023\/12\/Club-de-Playa-Mallorca.jpg","contentUrl":"https:\/\/stagpartynight.com\/es\/wp-content\/uploads\/sites\/2\/2023\/12\/Club-de-Playa-Mallorca.jpg","width":1280,"height":854,"caption":"Club de Playa Mallorca"},{"@type":"BreadcrumbList","@id":"https:\/\/stagpartynight.com\/es\/product\/club-de-playa-mallorca\/#breadcrumb","itemListElement":[{"@type":"ListItem","position":1,"name":"Home","item":"https:\/\/stagpartynight.com\/es\/"},{"@type":"ListItem","position":2,"name":"Tienda","item":"https:\/\/stagpartynight.com\/es\/tienda\/"},{"@type":"ListItem","position":3,"name":"Club de Playa Mallorca"}]},{"@type":"WebSite","@id":"https:\/\/stagpartynight.com\/es\/#website","url":"https:\/\/stagpartynight.com\/es\/","name":"Stag Party Night","description":"Your Stag Party Customized","publisher":{"@id":"https:\/\/stagpartynight.com\/es\/#organization"},"potentialAction":[{"@type":"SearchAction","target":{"@type":"EntryPoint","urlTemplate":"https:\/\/stagpartynight.com\/es\/?s={search_term_string}"},"query-input":{"@type":"PropertyValueSpecification","valueRequired":true,"valueName":"search_term_string"}}],"inLanguage":"es"},{"@type":"Organization","@id":"https:\/\/stagpartynight.com\/es\/#organization","name":"Stag Party Night","url":"https:\/\/stagpartynight.com\/es\/","logo":{"@type":"ImageObject","inLanguage":"es","@id":"https:\/\/stagpartynight.com\/es\/#\/schema\/logo\/image\/","url":"https:\/\/stagpartynight.com\/es\/wp-content\/uploads\/sites\/2\/2019\/12\/stagpartynight-e1578565505687.png","contentUrl":"https:\/\/stagpartynight.com\/es\/wp-content\/uploads\/sites\/2\/2019\/12\/stagpartynight-e1578565505687.png","width":400,"height":400,"caption":"Stag Party Night"},"image":{"@id":"https:\/\/stagpartynight.com\/es\/#\/schema\/logo\/image\/"}}]}},"_links":{"self":[{"href":"https:\/\/stagpartynight.com\/es\/wp-json\/wp\/v2\/product\/3489","targetHints":{"allow":["GET"]}}],"collection":[{"href":"https:\/\/stagpartynight.com\/es\/wp-json\/wp\/v2\/product"}],"about":[{"href":"https:\/\/stagpartynight.com\/es\/wp-json\/wp\/v2\/types\/product"}],"replies":[{"embeddable":true,"href":"https:\/\/stagpartynight.com\/es\/wp-json\/wp\/v2\/comments?post=3489"}],"wp:featuredmedia":[{"embeddable":true,"href":"https:\/\/stagpartynight.com\/es\/wp-json\/wp\/v2\/media\/3576"}],"wp:attachment":[{"href":"https:\/\/stagpartynight.com\/es\/wp-json\/wp\/v2\/media?parent=3489"}],"wp:term":[{"taxonomy":"product_brand","embeddable":true,"href":"https:\/\/stagpartynight.com\/es\/wp-json\/wp\/v2\/product_brand?post=3489"},{"taxonomy":"product_cat","embeddable":true,"href":"https:\/\/stagpartynight.com\/es\/wp-json\/wp\/v2\/product_cat?post=3489"},{"taxonomy":"product_tag","embeddable":true,"href":"https:\/\/stagpartynight.com\/es\/wp-json\/wp\/v2\/product_tag?post=3489"}],"curies":[{"name":"wp","href":"https:\/\/api.w.org\/{rel}","templated":true}]}}