{"id":3490,"date":"2023-12-27T15:44:53","date_gmt":"2023-12-27T14:44:53","guid":{"rendered":"https:\/\/stagpartynight.com\/fr\/?post_type=product&#038;p=2718"},"modified":"2024-01-18T12:33:09","modified_gmt":"2024-01-18T11:33:09","slug":"fiesta-en-barco-mallorca","status":"publish","type":"product","link":"https:\/\/stagpartynight.com\/es\/product\/fiesta-en-barco-mallorca\/","title":{"rendered":"Fiesta en Barco Mallorca"},"content":{"rendered":"<p>Fiesta en Barco Mallorca. Disfruta de esta experiencia \u00fanica en <a href=\"https:\/\/es.wikipedia.org\/wiki\/Mallorca\">Mallorca<\/a> en grupo.<\/p>\n<p>Las mejores despedidas de soltero con <a href=\"https:\/\/stagpartynight.com\/\">Stagparty<\/a>!<\/p>\n<h2 style=\"text-align: center;\">\ud83d\udea2Fiesta en Barco Mallorca\ud83d\udea2<\/h2>\n<h4 style=\"text-align: left;\">\n\ud83c\udf19 \u00a1No te Pierdas la Fiesta Nocturna en Barco! \ud83c\udf89<\/h4>\n<p>Emb\u00e1rcate en una noche m\u00e1gica a bordo de nuestra fiesta nocturna en barco, una experiencia inolvidable que transforma las centelleantes aguas del Mediterr\u00e1neo en tu propia pista de baile personal. \ud83c\udf0a\ud83d\udd7a<\/p>\n<p>\ud83c\udf1f La fiesta comienza a las 22:30 y dura dos horas y media, con una energ\u00eda que alcanza su punto m\u00e1ximo bajo el cielo estrellado de Mallorca. D\u00e9jate llevar por los ritmos envolventes de nuestro DJ en vivo, que convertir\u00e1 el barco en una pista de baile flotante.<\/p>\n<p>\ud83c\udf55 Cada invitado disfrutar\u00e1 de una deliciosa porci\u00f3n de pizza, acompa\u00f1ada de una refrescante bebida. Nuestra barra de c\u00f3cteles ofrece una variedad de bebidas exquisitas para satisfacer todos los gustos.<\/p>\n<p>\ud83c\udf79 La pista de baile est\u00e1 lista para recibir tus movimientos m\u00e1s audaces, con luces brillantes y un ambiente electrizante. Baila bajo las estrellas y siente la emoci\u00f3n de la noche en el mar.<\/p>\n<p>\ud83c\udf05 \u00a1Reserva ahora para una noche inolvidable en Palma de Mallorca!<\/p>\n<p>\ud83c\udf8a No pierdas la oportunidad de vivir una emocionante fiesta en barco en Mallorca. Momentos m\u00e1gicos te esperan, entre m\u00fasica envolvente, delicias culinarias y el resplandor de las olas bajo la luz de la luna. \u00a1Emb\u00e1rcate en una experiencia nocturna que atesorar\u00e1s para siempre! \ud83c\udf1f<\/p>\n","protected":false},"excerpt":{"rendered":"<p>Fiesta en Barco Mallorca. Disfruta de esta experiencia \u00fanica en Mallorca en grupo. Las mejores despedidas de soltero con Stagparty! \ud83d\udea2Fiesta en Barco Mallorca\ud83d\udea2 \ud83c\udf19 \u00a1No te Pierdas la Fiesta Nocturna en Barco! \ud83c\udf89 Emb\u00e1rcate en una noche m\u00e1gica a bordo de nuestra fiesta nocturna en barco, una experiencia inolvidable que transforma las centelleantes aguas [&hellip;]<\/p>\n","protected":false},"featured_media":3573,"comment_status":"open","ping_status":"closed","template":"","meta":{"_et_pb_use_builder":"","_et_pb_old_content":"","_et_gb_content_width":""},"product_brand":[],"product_cat":[342,1313],"product_tag":[],"class_list":{"0":"post-3490","1":"product","2":"type-product","3":"status-publish","4":"has-post-thumbnail","6":"product_cat-mallorca","7":"product_cat-uncategorised","9":"first","10":"instock","11":"shipping-taxable","12":"product-type-simple"},"yoast_head":"<!-- This site is optimized with the Yoast SEO plugin v26.4 - https:\/\/yoast.com\/wordpress\/plugins\/seo\/ -->\n<title>Fiesta en Barco Mallorca<\/title>\n<meta name=\"description\" content=\"Fiesta en Barco Mallorca. Disfruta de esta experiencia \u00fanica en Mallorca en grupo. Experiencia \u00fanica en la isla. Mallorca.\" \/>\n<meta name=\"robots\" content=\"index, follow, max-snippet:-1, max-image-preview:large, max-video-preview:-1\" \/>\n<link rel=\"canonical\" href=\"https:\/\/stagpartynight.com\/es\/product\/fiesta-en-barco-mallorca\/\" \/>\n<meta property=\"og:locale\" content=\"es_ES\" \/>\n<meta property=\"og:type\" content=\"article\" \/>\n<meta property=\"og:title\" content=\"Fiesta en Barco Mallorca\" \/>\n<meta property=\"og:description\" content=\"Fiesta en Barco Mallorca. Disfruta de esta experiencia \u00fanica en Mallorca en grupo. Experiencia \u00fanica en la isla. Mallorca.\" \/>\n<meta property=\"og:url\" content=\"https:\/\/stagpartynight.com\/es\/product\/fiesta-en-barco-mallorca\/\" \/>\n<meta property=\"og:site_name\" content=\"Despedida de Soltero\" \/>\n<meta property=\"article:modified_time\" content=\"2024-01-18T11:33:09+00:00\" \/>\n<meta property=\"og:image\" content=\"https:\/\/stagpartynight.com\/es\/wp-content\/uploads\/sites\/2\/2023\/12\/Fiesta-en-Barco-Mallorca.jpg\" \/>\n\t<meta property=\"og:image:width\" content=\"669\" \/>\n\t<meta property=\"og:image:height\" content=\"446\" \/>\n\t<meta property=\"og:image:type\" content=\"image\/jpeg\" \/>\n<meta name=\"twitter:card\" content=\"summary_large_image\" \/>\n<meta name=\"twitter:label1\" content=\"Tiempo de lectura\" \/>\n\t<meta name=\"twitter:data1\" content=\"2 minutos\" \/>\n<script type=\"application\/ld+json\" class=\"yoast-schema-graph\">{\"@context\":\"https:\/\/schema.org\",\"@graph\":[{\"@type\":\"WebPage\",\"@id\":\"https:\/\/stagpartynight.com\/es\/product\/fiesta-en-barco-mallorca\/\",\"url\":\"https:\/\/stagpartynight.com\/es\/product\/fiesta-en-barco-mallorca\/\",\"name\":\"Fiesta en Barco Mallorca\",\"isPartOf\":{\"@id\":\"https:\/\/stagpartynight.com\/es\/#website\"},\"primaryImageOfPage\":{\"@id\":\"https:\/\/stagpartynight.com\/es\/product\/fiesta-en-barco-mallorca\/#primaryimage\"},\"image\":{\"@id\":\"https:\/\/stagpartynight.com\/es\/product\/fiesta-en-barco-mallorca\/#primaryimage\"},\"thumbnailUrl\":\"https:\/\/stagpartynight.com\/es\/wp-content\/uploads\/sites\/2\/2023\/12\/Fiesta-en-Barco-Mallorca.jpg\",\"datePublished\":\"2023-12-27T14:44:53+00:00\",\"dateModified\":\"2024-01-18T11:33:09+00:00\",\"description\":\"Fiesta en Barco Mallorca. Disfruta de esta experiencia \u00fanica en Mallorca en grupo. Experiencia \u00fanica en la isla. Mallorca.\",\"breadcrumb\":{\"@id\":\"https:\/\/stagpartynight.com\/es\/product\/fiesta-en-barco-mallorca\/#breadcrumb\"},\"inLanguage\":\"es\",\"potentialAction\":[{\"@type\":\"ReadAction\",\"target\":[\"https:\/\/stagpartynight.com\/es\/product\/fiesta-en-barco-mallorca\/\"]}]},{\"@type\":\"ImageObject\",\"inLanguage\":\"es\",\"@id\":\"https:\/\/stagpartynight.com\/es\/product\/fiesta-en-barco-mallorca\/#primaryimage\",\"url\":\"https:\/\/stagpartynight.com\/es\/wp-content\/uploads\/sites\/2\/2023\/12\/Fiesta-en-Barco-Mallorca.jpg\",\"contentUrl\":\"https:\/\/stagpartynight.com\/es\/wp-content\/uploads\/sites\/2\/2023\/12\/Fiesta-en-Barco-Mallorca.jpg\",\"width\":669,\"height\":446,\"caption\":\"Fiesta en Barco Mallorca\"},{\"@type\":\"BreadcrumbList\",\"@id\":\"https:\/\/stagpartynight.com\/es\/product\/fiesta-en-barco-mallorca\/#breadcrumb\",\"itemListElement\":[{\"@type\":\"ListItem\",\"position\":1,\"name\":\"Home\",\"item\":\"https:\/\/stagpartynight.com\/es\/\"},{\"@type\":\"ListItem\",\"position\":2,\"name\":\"Tienda\",\"item\":\"https:\/\/stagpartynight.com\/es\/tienda\/\"},{\"@type\":\"ListItem\",\"position\":3,\"name\":\"Fiesta en Barco Mallorca\"}]},{\"@type\":\"WebSite\",\"@id\":\"https:\/\/stagpartynight.com\/es\/#website\",\"url\":\"https:\/\/stagpartynight.com\/es\/\",\"name\":\"Stag Party Night\",\"description\":\"Your Stag Party Customized\",\"publisher\":{\"@id\":\"https:\/\/stagpartynight.com\/es\/#organization\"},\"potentialAction\":[{\"@type\":\"SearchAction\",\"target\":{\"@type\":\"EntryPoint\",\"urlTemplate\":\"https:\/\/stagpartynight.com\/es\/?s={search_term_string}\"},\"query-input\":{\"@type\":\"PropertyValueSpecification\",\"valueRequired\":true,\"valueName\":\"search_term_string\"}}],\"inLanguage\":\"es\"},{\"@type\":\"Organization\",\"@id\":\"https:\/\/stagpartynight.com\/es\/#organization\",\"name\":\"Stag Party Night\",\"url\":\"https:\/\/stagpartynight.com\/es\/\",\"logo\":{\"@type\":\"ImageObject\",\"inLanguage\":\"es\",\"@id\":\"https:\/\/stagpartynight.com\/es\/#\/schema\/logo\/image\/\",\"url\":\"https:\/\/stagpartynight.com\/es\/wp-content\/uploads\/sites\/2\/2019\/12\/stagpartynight-e1578565505687.png\",\"contentUrl\":\"https:\/\/stagpartynight.com\/es\/wp-content\/uploads\/sites\/2\/2019\/12\/stagpartynight-e1578565505687.png\",\"width\":400,\"height\":400,\"caption\":\"Stag Party Night\"},\"image\":{\"@id\":\"https:\/\/stagpartynight.com\/es\/#\/schema\/logo\/image\/\"}}]}<\/script>\n<!-- \/ Yoast SEO plugin. -->","yoast_head_json":{"title":"Fiesta en Barco Mallorca","description":"Fiesta en Barco Mallorca. Disfruta de esta experiencia \u00fanica en Mallorca en grupo. Experiencia \u00fanica en la isla. Mallorca.","robots":{"index":"index","follow":"follow","max-snippet":"max-snippet:-1","max-image-preview":"max-image-preview:large","max-video-preview":"max-video-preview:-1"},"canonical":"https:\/\/stagpartynight.com\/es\/product\/fiesta-en-barco-mallorca\/","og_locale":"es_ES","og_type":"article","og_title":"Fiesta en Barco Mallorca","og_description":"Fiesta en Barco Mallorca. Disfruta de esta experiencia \u00fanica en Mallorca en grupo. Experiencia \u00fanica en la isla. Mallorca.","og_url":"https:\/\/stagpartynight.com\/es\/product\/fiesta-en-barco-mallorca\/","og_site_name":"Despedida de Soltero","article_modified_time":"2024-01-18T11:33:09+00:00","og_image":[{"width":669,"height":446,"url":"https:\/\/stagpartynight.com\/es\/wp-content\/uploads\/sites\/2\/2023\/12\/Fiesta-en-Barco-Mallorca.jpg","type":"image\/jpeg"}],"twitter_card":"summary_large_image","twitter_misc":{"Tiempo de lectura":"2 minutos"},"schema":{"@context":"https:\/\/schema.org","@graph":[{"@type":"WebPage","@id":"https:\/\/stagpartynight.com\/es\/product\/fiesta-en-barco-mallorca\/","url":"https:\/\/stagpartynight.com\/es\/product\/fiesta-en-barco-mallorca\/","name":"Fiesta en Barco Mallorca","isPartOf":{"@id":"https:\/\/stagpartynight.com\/es\/#website"},"primaryImageOfPage":{"@id":"https:\/\/stagpartynight.com\/es\/product\/fiesta-en-barco-mallorca\/#primaryimage"},"image":{"@id":"https:\/\/stagpartynight.com\/es\/product\/fiesta-en-barco-mallorca\/#primaryimage"},"thumbnailUrl":"https:\/\/stagpartynight.com\/es\/wp-content\/uploads\/sites\/2\/2023\/12\/Fiesta-en-Barco-Mallorca.jpg","datePublished":"2023-12-27T14:44:53+00:00","dateModified":"2024-01-18T11:33:09+00:00","description":"Fiesta en Barco Mallorca. Disfruta de esta experiencia \u00fanica en Mallorca en grupo. Experiencia \u00fanica en la isla. Mallorca.","breadcrumb":{"@id":"https:\/\/stagpartynight.com\/es\/product\/fiesta-en-barco-mallorca\/#breadcrumb"},"inLanguage":"es","potentialAction":[{"@type":"ReadAction","target":["https:\/\/stagpartynight.com\/es\/product\/fiesta-en-barco-mallorca\/"]}]},{"@type":"ImageObject","inLanguage":"es","@id":"https:\/\/stagpartynight.com\/es\/product\/fiesta-en-barco-mallorca\/#primaryimage","url":"https:\/\/stagpartynight.com\/es\/wp-content\/uploads\/sites\/2\/2023\/12\/Fiesta-en-Barco-Mallorca.jpg","contentUrl":"https:\/\/stagpartynight.com\/es\/wp-content\/uploads\/sites\/2\/2023\/12\/Fiesta-en-Barco-Mallorca.jpg","width":669,"height":446,"caption":"Fiesta en Barco Mallorca"},{"@type":"BreadcrumbList","@id":"https:\/\/stagpartynight.com\/es\/product\/fiesta-en-barco-mallorca\/#breadcrumb","itemListElement":[{"@type":"ListItem","position":1,"name":"Home","item":"https:\/\/stagpartynight.com\/es\/"},{"@type":"ListItem","position":2,"name":"Tienda","item":"https:\/\/stagpartynight.com\/es\/tienda\/"},{"@type":"ListItem","position":3,"name":"Fiesta en Barco Mallorca"}]},{"@type":"WebSite","@id":"https:\/\/stagpartynight.com\/es\/#website","url":"https:\/\/stagpartynight.com\/es\/","name":"Stag Party Night","description":"Your Stag Party Customized","publisher":{"@id":"https:\/\/stagpartynight.com\/es\/#organization"},"potentialAction":[{"@type":"SearchAction","target":{"@type":"EntryPoint","urlTemplate":"https:\/\/stagpartynight.com\/es\/?s={search_term_string}"},"query-input":{"@type":"PropertyValueSpecification","valueRequired":true,"valueName":"search_term_string"}}],"inLanguage":"es"},{"@type":"Organization","@id":"https:\/\/stagpartynight.com\/es\/#organization","name":"Stag Party Night","url":"https:\/\/stagpartynight.com\/es\/","logo":{"@type":"ImageObject","inLanguage":"es","@id":"https:\/\/stagpartynight.com\/es\/#\/schema\/logo\/image\/","url":"https:\/\/stagpartynight.com\/es\/wp-content\/uploads\/sites\/2\/2019\/12\/stagpartynight-e1578565505687.png","contentUrl":"https:\/\/stagpartynight.com\/es\/wp-content\/uploads\/sites\/2\/2019\/12\/stagpartynight-e1578565505687.png","width":400,"height":400,"caption":"Stag Party Night"},"image":{"@id":"https:\/\/stagpartynight.com\/es\/#\/schema\/logo\/image\/"}}]}},"_links":{"self":[{"href":"https:\/\/stagpartynight.com\/es\/wp-json\/wp\/v2\/product\/3490","targetHints":{"allow":["GET"]}}],"collection":[{"href":"https:\/\/stagpartynight.com\/es\/wp-json\/wp\/v2\/product"}],"about":[{"href":"https:\/\/stagpartynight.com\/es\/wp-json\/wp\/v2\/types\/product"}],"replies":[{"embeddable":true,"href":"https:\/\/stagpartynight.com\/es\/wp-json\/wp\/v2\/comments?post=3490"}],"wp:featuredmedia":[{"embeddable":true,"href":"https:\/\/stagpartynight.com\/es\/wp-json\/wp\/v2\/media\/3573"}],"wp:attachment":[{"href":"https:\/\/stagpartynight.com\/es\/wp-json\/wp\/v2\/media?parent=3490"}],"wp:term":[{"taxonomy":"product_brand","embeddable":true,"href":"https:\/\/stagpartynight.com\/es\/wp-json\/wp\/v2\/product_brand?post=3490"},{"taxonomy":"product_cat","embeddable":true,"href":"https:\/\/stagpartynight.com\/es\/wp-json\/wp\/v2\/product_cat?post=3490"},{"taxonomy":"product_tag","embeddable":true,"href":"https:\/\/stagpartynight.com\/es\/wp-json\/wp\/v2\/product_tag?post=3490"}],"curies":[{"name":"wp","href":"https:\/\/api.w.org\/{rel}","templated":true}]}}