{"id":3491,"date":"2023-12-27T16:07:35","date_gmt":"2023-12-27T15:07:35","guid":{"rendered":"https:\/\/stagpartynight.com\/fr\/?post_type=product&#038;p=2722"},"modified":"2024-01-18T12:33:08","modified_gmt":"2024-01-18T11:33:08","slug":"cena-en-catamaran-mallorca","status":"publish","type":"product","link":"https:\/\/stagpartynight.com\/es\/product\/cena-en-catamaran-mallorca\/","title":{"rendered":"Cena en Catamaran Mallorca"},"content":{"rendered":"<p>Cena en Catamar\u00e1n <a href=\"https:\/\/es.wikipedia.org\/wiki\/Mallorca\">Mallorca<\/a>. \u00bfQu\u00e9 mejor manera de cenar que a bordo de un catamar\u00e1n a lo largo de la costa de Palma de Mallorca?<\/p>\n<p>Las mejores despedidas de soltero con <a href=\"https:\/\/stagpartynight.com\/\">StagParty<\/a><\/p>\n<h2 style=\"text-align: center;\">Cena en Catamar\u00e1n Mallorca \ud83d\udea4<\/h2>\n<h4>\n\ud83c\udf05 \u00a1Explora la Maravilla del Atardecer a Bordo de Nuestro Catamar\u00e1n! \u26f5\ud83c\udf7d\ufe0f<\/h4>\n<p>Emb\u00e1rcate en una aventura inolvidable en el coraz\u00f3n del Mediterr\u00e1neo con nuestra excursi\u00f3n en catamar\u00e1n de cuatro horas al atardecer, una experiencia m\u00e1gica que combina la belleza natural de Mallorca con una deliciosa aventura culinaria.<\/p>\n<p>\ud83c\udfd6\ufe0f Desl\u00edzate a lo largo de playas turquesas, contempla la majestuosidad de la bah\u00eda de Palma y siente la emoci\u00f3n de la traves\u00eda en catamar\u00e1n.<\/p>\n<p>\ud83c\udf79 Durante nuestra parada, se servir\u00e1 un suntuoso buffet. Nuestra exquisita oferta incluye cestas de pan fresco, ali-oli casero, focaccia al pesto y guacamole con crujientes nachos.<\/p>\n<p>\ud83e\udd57 Deleita tus papilas con ensaladas frescas como quinoa ahumada y remolacha, espinacas y naranja. Saborea delicias del mar como wrap de salm\u00f3n ahumado, brochetas caprese y berenjenas parmigiana.<\/p>\n<p>\ud83c\udf54 Para los amantes de la carne, descubre nuestras mini hamburguesas de carne y piadina de jam\u00f3n, r\u00facula y queso. Para sabores ex\u00f3ticos, no te pierdas la brocheta de pollo tikka masala.<\/p>\n<p>\ud83c\udf6e Y de postre, mini-crema catalana con frutos rojos y un irresistible brownie de chocolate (opci\u00f3n vegana disponible).<\/p>\n<p>\ud83c\udf1f \u00a1Reserva ahora para una experiencia culinaria en el coraz\u00f3n del atardecer en Palma!<\/p>\n<p>\ud83d\udea2 Disfruta cada momento en nuestra amplia cubierta, degustando delicias mientras contemplas el encantador espect\u00e1culo del sol que se pone. \u00a1Una experiencia gastron\u00f3mica inolvidable que se fusiona con la magia del mar en Mallorca para brindarte recuerdos eternos! \ud83c\udf05\ud83c\udf0a<\/p>\n","protected":false},"excerpt":{"rendered":"<p>Cena en Catamar\u00e1n Mallorca. \u00bfQu\u00e9 mejor manera de cenar que a bordo de un catamar\u00e1n a lo largo de la costa de Palma de Mallorca? Las mejores despedidas de soltero con StagParty Cena en Catamar\u00e1n Mallorca \ud83d\udea4 \ud83c\udf05 \u00a1Explora la Maravilla del Atardecer a Bordo de Nuestro Catamar\u00e1n! \u26f5\ud83c\udf7d\ufe0f Emb\u00e1rcate en una aventura inolvidable en [&hellip;]<\/p>\n","protected":false},"featured_media":3570,"comment_status":"open","ping_status":"closed","template":"","meta":{"_et_pb_use_builder":"","_et_pb_old_content":"","_et_gb_content_width":""},"product_brand":[],"product_cat":[342,1313],"product_tag":[],"class_list":{"0":"post-3491","1":"product","2":"type-product","3":"status-publish","4":"has-post-thumbnail","6":"product_cat-mallorca","7":"product_cat-uncategorised","9":"first","10":"instock","11":"shipping-taxable","12":"product-type-simple"},"yoast_head":"<!-- This site is optimized with the Yoast SEO plugin v26.4 - https:\/\/yoast.com\/wordpress\/plugins\/seo\/ -->\n<title>Cena en Catamaran Mallorca<\/title>\n<meta name=\"description\" content=\"Cena en Catamaran Mallorca. \u00bfQu\u00e9 mejor manera de cenar que a bordo de un catamar\u00e1n a lo largo de la costa de Palma de Mallorca?\" \/>\n<meta name=\"robots\" content=\"index, follow, max-snippet:-1, max-image-preview:large, max-video-preview:-1\" \/>\n<link rel=\"canonical\" href=\"https:\/\/stagpartynight.com\/es\/product\/cena-en-catamaran-mallorca\/\" \/>\n<meta property=\"og:locale\" content=\"es_ES\" \/>\n<meta property=\"og:type\" content=\"article\" \/>\n<meta property=\"og:title\" content=\"Cena en Catamaran Mallorca\" \/>\n<meta property=\"og:description\" content=\"Cena en Catamaran Mallorca. \u00bfQu\u00e9 mejor manera de cenar que a bordo de un catamar\u00e1n a lo largo de la costa de Palma de Mallorca?\" \/>\n<meta property=\"og:url\" content=\"https:\/\/stagpartynight.com\/es\/product\/cena-en-catamaran-mallorca\/\" \/>\n<meta property=\"og:site_name\" content=\"Despedida de Soltero\" \/>\n<meta property=\"article:modified_time\" content=\"2024-01-18T11:33:08+00:00\" \/>\n<meta property=\"og:image\" content=\"https:\/\/stagpartynight.com\/es\/wp-content\/uploads\/sites\/2\/2023\/12\/Cena-en-Catamaran-Mallorca.jpg\" \/>\n\t<meta property=\"og:image:width\" content=\"669\" \/>\n\t<meta property=\"og:image:height\" content=\"446\" \/>\n\t<meta property=\"og:image:type\" content=\"image\/jpeg\" \/>\n<meta name=\"twitter:card\" content=\"summary_large_image\" \/>\n<meta name=\"twitter:label1\" content=\"Tiempo de lectura\" \/>\n\t<meta name=\"twitter:data1\" content=\"2 minutos\" \/>\n<script type=\"application\/ld+json\" class=\"yoast-schema-graph\">{\"@context\":\"https:\/\/schema.org\",\"@graph\":[{\"@type\":\"WebPage\",\"@id\":\"https:\/\/stagpartynight.com\/es\/product\/cena-en-catamaran-mallorca\/\",\"url\":\"https:\/\/stagpartynight.com\/es\/product\/cena-en-catamaran-mallorca\/\",\"name\":\"Cena en Catamaran Mallorca\",\"isPartOf\":{\"@id\":\"https:\/\/stagpartynight.com\/es\/#website\"},\"primaryImageOfPage\":{\"@id\":\"https:\/\/stagpartynight.com\/es\/product\/cena-en-catamaran-mallorca\/#primaryimage\"},\"image\":{\"@id\":\"https:\/\/stagpartynight.com\/es\/product\/cena-en-catamaran-mallorca\/#primaryimage\"},\"thumbnailUrl\":\"https:\/\/stagpartynight.com\/es\/wp-content\/uploads\/sites\/2\/2023\/12\/Cena-en-Catamaran-Mallorca.jpg\",\"datePublished\":\"2023-12-27T15:07:35+00:00\",\"dateModified\":\"2024-01-18T11:33:08+00:00\",\"description\":\"Cena en Catamaran Mallorca. \u00bfQu\u00e9 mejor manera de cenar que a bordo de un catamar\u00e1n a lo largo de la costa de Palma de Mallorca?\",\"breadcrumb\":{\"@id\":\"https:\/\/stagpartynight.com\/es\/product\/cena-en-catamaran-mallorca\/#breadcrumb\"},\"inLanguage\":\"es\",\"potentialAction\":[{\"@type\":\"ReadAction\",\"target\":[\"https:\/\/stagpartynight.com\/es\/product\/cena-en-catamaran-mallorca\/\"]}]},{\"@type\":\"ImageObject\",\"inLanguage\":\"es\",\"@id\":\"https:\/\/stagpartynight.com\/es\/product\/cena-en-catamaran-mallorca\/#primaryimage\",\"url\":\"https:\/\/stagpartynight.com\/es\/wp-content\/uploads\/sites\/2\/2023\/12\/Cena-en-Catamaran-Mallorca.jpg\",\"contentUrl\":\"https:\/\/stagpartynight.com\/es\/wp-content\/uploads\/sites\/2\/2023\/12\/Cena-en-Catamaran-Mallorca.jpg\",\"width\":669,\"height\":446,\"caption\":\"Cena en Catamaran Mallorca\"},{\"@type\":\"BreadcrumbList\",\"@id\":\"https:\/\/stagpartynight.com\/es\/product\/cena-en-catamaran-mallorca\/#breadcrumb\",\"itemListElement\":[{\"@type\":\"ListItem\",\"position\":1,\"name\":\"Home\",\"item\":\"https:\/\/stagpartynight.com\/es\/\"},{\"@type\":\"ListItem\",\"position\":2,\"name\":\"Tienda\",\"item\":\"https:\/\/stagpartynight.com\/es\/tienda\/\"},{\"@type\":\"ListItem\",\"position\":3,\"name\":\"Cena en Catamaran Mallorca\"}]},{\"@type\":\"WebSite\",\"@id\":\"https:\/\/stagpartynight.com\/es\/#website\",\"url\":\"https:\/\/stagpartynight.com\/es\/\",\"name\":\"Stag Party Night\",\"description\":\"Your Stag Party Customized\",\"publisher\":{\"@id\":\"https:\/\/stagpartynight.com\/es\/#organization\"},\"potentialAction\":[{\"@type\":\"SearchAction\",\"target\":{\"@type\":\"EntryPoint\",\"urlTemplate\":\"https:\/\/stagpartynight.com\/es\/?s={search_term_string}\"},\"query-input\":{\"@type\":\"PropertyValueSpecification\",\"valueRequired\":true,\"valueName\":\"search_term_string\"}}],\"inLanguage\":\"es\"},{\"@type\":\"Organization\",\"@id\":\"https:\/\/stagpartynight.com\/es\/#organization\",\"name\":\"Stag Party Night\",\"url\":\"https:\/\/stagpartynight.com\/es\/\",\"logo\":{\"@type\":\"ImageObject\",\"inLanguage\":\"es\",\"@id\":\"https:\/\/stagpartynight.com\/es\/#\/schema\/logo\/image\/\",\"url\":\"https:\/\/stagpartynight.com\/es\/wp-content\/uploads\/sites\/2\/2019\/12\/stagpartynight-e1578565505687.png\",\"contentUrl\":\"https:\/\/stagpartynight.com\/es\/wp-content\/uploads\/sites\/2\/2019\/12\/stagpartynight-e1578565505687.png\",\"width\":400,\"height\":400,\"caption\":\"Stag Party Night\"},\"image\":{\"@id\":\"https:\/\/stagpartynight.com\/es\/#\/schema\/logo\/image\/\"}}]}<\/script>\n<!-- \/ Yoast SEO plugin. -->","yoast_head_json":{"title":"Cena en Catamaran Mallorca","description":"Cena en Catamaran Mallorca. \u00bfQu\u00e9 mejor manera de cenar que a bordo de un catamar\u00e1n a lo largo de la costa de Palma de Mallorca?","robots":{"index":"index","follow":"follow","max-snippet":"max-snippet:-1","max-image-preview":"max-image-preview:large","max-video-preview":"max-video-preview:-1"},"canonical":"https:\/\/stagpartynight.com\/es\/product\/cena-en-catamaran-mallorca\/","og_locale":"es_ES","og_type":"article","og_title":"Cena en Catamaran Mallorca","og_description":"Cena en Catamaran Mallorca. \u00bfQu\u00e9 mejor manera de cenar que a bordo de un catamar\u00e1n a lo largo de la costa de Palma de Mallorca?","og_url":"https:\/\/stagpartynight.com\/es\/product\/cena-en-catamaran-mallorca\/","og_site_name":"Despedida de Soltero","article_modified_time":"2024-01-18T11:33:08+00:00","og_image":[{"width":669,"height":446,"url":"https:\/\/stagpartynight.com\/es\/wp-content\/uploads\/sites\/2\/2023\/12\/Cena-en-Catamaran-Mallorca.jpg","type":"image\/jpeg"}],"twitter_card":"summary_large_image","twitter_misc":{"Tiempo de lectura":"2 minutos"},"schema":{"@context":"https:\/\/schema.org","@graph":[{"@type":"WebPage","@id":"https:\/\/stagpartynight.com\/es\/product\/cena-en-catamaran-mallorca\/","url":"https:\/\/stagpartynight.com\/es\/product\/cena-en-catamaran-mallorca\/","name":"Cena en Catamaran Mallorca","isPartOf":{"@id":"https:\/\/stagpartynight.com\/es\/#website"},"primaryImageOfPage":{"@id":"https:\/\/stagpartynight.com\/es\/product\/cena-en-catamaran-mallorca\/#primaryimage"},"image":{"@id":"https:\/\/stagpartynight.com\/es\/product\/cena-en-catamaran-mallorca\/#primaryimage"},"thumbnailUrl":"https:\/\/stagpartynight.com\/es\/wp-content\/uploads\/sites\/2\/2023\/12\/Cena-en-Catamaran-Mallorca.jpg","datePublished":"2023-12-27T15:07:35+00:00","dateModified":"2024-01-18T11:33:08+00:00","description":"Cena en Catamaran Mallorca. \u00bfQu\u00e9 mejor manera de cenar que a bordo de un catamar\u00e1n a lo largo de la costa de Palma de Mallorca?","breadcrumb":{"@id":"https:\/\/stagpartynight.com\/es\/product\/cena-en-catamaran-mallorca\/#breadcrumb"},"inLanguage":"es","potentialAction":[{"@type":"ReadAction","target":["https:\/\/stagpartynight.com\/es\/product\/cena-en-catamaran-mallorca\/"]}]},{"@type":"ImageObject","inLanguage":"es","@id":"https:\/\/stagpartynight.com\/es\/product\/cena-en-catamaran-mallorca\/#primaryimage","url":"https:\/\/stagpartynight.com\/es\/wp-content\/uploads\/sites\/2\/2023\/12\/Cena-en-Catamaran-Mallorca.jpg","contentUrl":"https:\/\/stagpartynight.com\/es\/wp-content\/uploads\/sites\/2\/2023\/12\/Cena-en-Catamaran-Mallorca.jpg","width":669,"height":446,"caption":"Cena en Catamaran Mallorca"},{"@type":"BreadcrumbList","@id":"https:\/\/stagpartynight.com\/es\/product\/cena-en-catamaran-mallorca\/#breadcrumb","itemListElement":[{"@type":"ListItem","position":1,"name":"Home","item":"https:\/\/stagpartynight.com\/es\/"},{"@type":"ListItem","position":2,"name":"Tienda","item":"https:\/\/stagpartynight.com\/es\/tienda\/"},{"@type":"ListItem","position":3,"name":"Cena en Catamaran Mallorca"}]},{"@type":"WebSite","@id":"https:\/\/stagpartynight.com\/es\/#website","url":"https:\/\/stagpartynight.com\/es\/","name":"Stag Party Night","description":"Your Stag Party Customized","publisher":{"@id":"https:\/\/stagpartynight.com\/es\/#organization"},"potentialAction":[{"@type":"SearchAction","target":{"@type":"EntryPoint","urlTemplate":"https:\/\/stagpartynight.com\/es\/?s={search_term_string}"},"query-input":{"@type":"PropertyValueSpecification","valueRequired":true,"valueName":"search_term_string"}}],"inLanguage":"es"},{"@type":"Organization","@id":"https:\/\/stagpartynight.com\/es\/#organization","name":"Stag Party Night","url":"https:\/\/stagpartynight.com\/es\/","logo":{"@type":"ImageObject","inLanguage":"es","@id":"https:\/\/stagpartynight.com\/es\/#\/schema\/logo\/image\/","url":"https:\/\/stagpartynight.com\/es\/wp-content\/uploads\/sites\/2\/2019\/12\/stagpartynight-e1578565505687.png","contentUrl":"https:\/\/stagpartynight.com\/es\/wp-content\/uploads\/sites\/2\/2019\/12\/stagpartynight-e1578565505687.png","width":400,"height":400,"caption":"Stag Party Night"},"image":{"@id":"https:\/\/stagpartynight.com\/es\/#\/schema\/logo\/image\/"}}]}},"_links":{"self":[{"href":"https:\/\/stagpartynight.com\/es\/wp-json\/wp\/v2\/product\/3491","targetHints":{"allow":["GET"]}}],"collection":[{"href":"https:\/\/stagpartynight.com\/es\/wp-json\/wp\/v2\/product"}],"about":[{"href":"https:\/\/stagpartynight.com\/es\/wp-json\/wp\/v2\/types\/product"}],"replies":[{"embeddable":true,"href":"https:\/\/stagpartynight.com\/es\/wp-json\/wp\/v2\/comments?post=3491"}],"wp:featuredmedia":[{"embeddable":true,"href":"https:\/\/stagpartynight.com\/es\/wp-json\/wp\/v2\/media\/3570"}],"wp:attachment":[{"href":"https:\/\/stagpartynight.com\/es\/wp-json\/wp\/v2\/media?parent=3491"}],"wp:term":[{"taxonomy":"product_brand","embeddable":true,"href":"https:\/\/stagpartynight.com\/es\/wp-json\/wp\/v2\/product_brand?post=3491"},{"taxonomy":"product_cat","embeddable":true,"href":"https:\/\/stagpartynight.com\/es\/wp-json\/wp\/v2\/product_cat?post=3491"},{"taxonomy":"product_tag","embeddable":true,"href":"https:\/\/stagpartynight.com\/es\/wp-json\/wp\/v2\/product_tag?post=3491"}],"curies":[{"name":"wp","href":"https:\/\/api.w.org\/{rel}","templated":true}]}}