{"id":3492,"date":"2023-12-27T16:13:58","date_gmt":"2023-12-27T15:13:58","guid":{"rendered":"https:\/\/stagpartynight.com\/fr\/?post_type=product&#038;p=2724"},"modified":"2024-01-18T12:33:07","modified_gmt":"2024-01-18T11:33:07","slug":"comida-en-barco-mallorca","status":"publish","type":"product","link":"https:\/\/stagpartynight.com\/es\/product\/comida-en-barco-mallorca\/","title":{"rendered":"Comida en Barco Mallorca"},"content":{"rendered":"<p>Comida en Barco Mallorca. Almuerzo en barco en <a href=\"https:\/\/es.wikipedia.org\/wiki\/Mallorca\">Mallorca<\/a>. Disfruta de una excursi\u00f3n en barco de cinco horas con m\u00fasica y almuerzo incluido.<\/p>\n<p>Las mejores despedidas de soltero con <a href=\"https:\/\/stagpartynight.com\/\">StagParty<\/a><\/p>\n<h2 style=\"text-align: center;\">Comida en Barco Mallorca\ud83c\udf7d\ufe0f<\/h2>\n<h4>\n\ud83c\udf0a \u00a1Explora las Delicias del Catamar\u00e1n en el Coraz\u00f3n del Mediterr\u00e1neo! \u26f5\ud83c\udf7d\ufe0f<\/h4>\n<p>Emb\u00e1rcate en una escapada en catamar\u00e1n de 5 horas, comenzando a las 10 de la ma\u00f1ana desde el puerto, una aventura en el mar que combina relajaci\u00f3n, exploraci\u00f3n y una experiencia gastron\u00f3mica \u00fanica.<\/p>\n<p>\ud83c\udfb6 Vive un trayecto al ritmo de la m\u00fasica, toma el sol en la cubierta, admira el paisaje costero, baila al comp\u00e1s de las olas o simplemente disfruta de la navegaci\u00f3n al aire libre.<\/p>\n<p>\ud83c\udfdd\ufe0f Anclaremos en las aguas cristalinas de Cala Blava, ofreciendo una oportunidad perfecta para explorar las riquezas submarinas, nadar, bucear o simplemente relajarte al sol en las redes del frente del catamar\u00e1n.<\/p>\n<p>\ud83c\udf7d\ufe0f Disfruta de una experiencia gastron\u00f3mica excepcional en alta mar. Nuestra exquisita oferta incluye cestas de pan fresco, ali-oli casero, focaccia al pesto y guacamole con crujientes nachos.<\/p>\n<p>\ud83e\udd57 Deleita tus papilas con ensaladas frescas como quinoa ahumada y remolacha, espinacas y naranja. Saborea delicias del mar como wrap de salm\u00f3n ahumado, brochetas caprese y berenjenas parmigiana.<\/p>\n<p>\ud83c\udf54 Para los amantes de la carne, descubre nuestras mini hamburguesas de carne y piadina de jam\u00f3n, r\u00facula y queso. Para sabores ex\u00f3ticos, no te pierdas la brocheta de pollo tikka masala.<\/p>\n<p>\ud83c\udf6e Y de postre, mini-crema catalana con frutos rojos y un irresistible brownie de chocolate (opci\u00f3n vegana disponible).<\/p>\n<p>\ud83c\udf1f \u00a1Reserva ahora para un d\u00eda inolvidable en el mar!<\/p>\n<p>\ud83d\udea4 Saborea cada momento de esta escapada \u00fanica que combina relajaci\u00f3n, aventura y delicias gastron\u00f3micas en el coraz\u00f3n del Mediterr\u00e1neo. \u00a1Una experiencia inolvidable en catamar\u00e1n te espera en Palma de Mallorca! \ud83c\udf1e\ud83c\udf0a<\/p>\n","protected":false},"excerpt":{"rendered":"<p>Comida en Barco Mallorca. Almuerzo en barco en Mallorca. Disfruta de una excursi\u00f3n en barco de cinco horas con m\u00fasica y almuerzo incluido. Las mejores despedidas de soltero con StagParty Comida en Barco Mallorca\ud83c\udf7d\ufe0f \ud83c\udf0a \u00a1Explora las Delicias del Catamar\u00e1n en el Coraz\u00f3n del Mediterr\u00e1neo! \u26f5\ud83c\udf7d\ufe0f Emb\u00e1rcate en una escapada en catamar\u00e1n de 5 horas, [&hellip;]<\/p>\n","protected":false},"featured_media":3567,"comment_status":"open","ping_status":"closed","template":"","meta":{"_et_pb_use_builder":"","_et_pb_old_content":"","_et_gb_content_width":""},"product_brand":[],"product_cat":[342,1313],"product_tag":[],"class_list":{"0":"post-3492","1":"product","2":"type-product","3":"status-publish","4":"has-post-thumbnail","6":"product_cat-mallorca","7":"product_cat-uncategorised","9":"first","10":"instock","11":"shipping-taxable","12":"product-type-simple"},"yoast_head":"<!-- This site is optimized with the Yoast SEO plugin v26.4 - https:\/\/yoast.com\/wordpress\/plugins\/seo\/ -->\n<title>Comida en Barco Mallorca<\/title>\n<meta name=\"description\" content=\"Comida en Barco Mallorca. Almuerzo en barco en Mallorca. Disfruta de una excursi\u00f3n en barco de cinco horas con m\u00fasica y almuerzo incluido.\" \/>\n<meta name=\"robots\" content=\"index, follow, max-snippet:-1, max-image-preview:large, max-video-preview:-1\" \/>\n<link rel=\"canonical\" href=\"https:\/\/stagpartynight.com\/es\/product\/comida-en-barco-mallorca\/\" \/>\n<meta property=\"og:locale\" content=\"es_ES\" \/>\n<meta property=\"og:type\" content=\"article\" \/>\n<meta property=\"og:title\" content=\"Comida en Barco Mallorca\" \/>\n<meta property=\"og:description\" content=\"Comida en Barco Mallorca. Almuerzo en barco en Mallorca. Disfruta de una excursi\u00f3n en barco de cinco horas con m\u00fasica y almuerzo incluido.\" \/>\n<meta property=\"og:url\" content=\"https:\/\/stagpartynight.com\/es\/product\/comida-en-barco-mallorca\/\" \/>\n<meta property=\"og:site_name\" content=\"Despedida de Soltero\" \/>\n<meta property=\"article:modified_time\" content=\"2024-01-18T11:33:07+00:00\" \/>\n<meta property=\"og:image\" content=\"https:\/\/stagpartynight.com\/es\/wp-content\/uploads\/sites\/2\/2023\/12\/Comida-en-Barco-Mallorca.jpeg\" \/>\n\t<meta property=\"og:image:width\" content=\"2560\" \/>\n\t<meta property=\"og:image:height\" content=\"1709\" \/>\n\t<meta property=\"og:image:type\" content=\"image\/jpeg\" \/>\n<meta name=\"twitter:card\" content=\"summary_large_image\" \/>\n<meta name=\"twitter:label1\" content=\"Tiempo de lectura\" \/>\n\t<meta name=\"twitter:data1\" content=\"2 minutos\" \/>\n<script type=\"application\/ld+json\" class=\"yoast-schema-graph\">{\"@context\":\"https:\/\/schema.org\",\"@graph\":[{\"@type\":\"WebPage\",\"@id\":\"https:\/\/stagpartynight.com\/es\/product\/comida-en-barco-mallorca\/\",\"url\":\"https:\/\/stagpartynight.com\/es\/product\/comida-en-barco-mallorca\/\",\"name\":\"Comida en Barco Mallorca\",\"isPartOf\":{\"@id\":\"https:\/\/stagpartynight.com\/es\/#website\"},\"primaryImageOfPage\":{\"@id\":\"https:\/\/stagpartynight.com\/es\/product\/comida-en-barco-mallorca\/#primaryimage\"},\"image\":{\"@id\":\"https:\/\/stagpartynight.com\/es\/product\/comida-en-barco-mallorca\/#primaryimage\"},\"thumbnailUrl\":\"https:\/\/stagpartynight.com\/es\/wp-content\/uploads\/sites\/2\/2023\/12\/Comida-en-Barco-Mallorca.jpeg\",\"datePublished\":\"2023-12-27T15:13:58+00:00\",\"dateModified\":\"2024-01-18T11:33:07+00:00\",\"description\":\"Comida en Barco Mallorca. Almuerzo en barco en Mallorca. Disfruta de una excursi\u00f3n en barco de cinco horas con m\u00fasica y almuerzo incluido.\",\"breadcrumb\":{\"@id\":\"https:\/\/stagpartynight.com\/es\/product\/comida-en-barco-mallorca\/#breadcrumb\"},\"inLanguage\":\"es\",\"potentialAction\":[{\"@type\":\"ReadAction\",\"target\":[\"https:\/\/stagpartynight.com\/es\/product\/comida-en-barco-mallorca\/\"]}]},{\"@type\":\"ImageObject\",\"inLanguage\":\"es\",\"@id\":\"https:\/\/stagpartynight.com\/es\/product\/comida-en-barco-mallorca\/#primaryimage\",\"url\":\"https:\/\/stagpartynight.com\/es\/wp-content\/uploads\/sites\/2\/2023\/12\/Comida-en-Barco-Mallorca.jpeg\",\"contentUrl\":\"https:\/\/stagpartynight.com\/es\/wp-content\/uploads\/sites\/2\/2023\/12\/Comida-en-Barco-Mallorca.jpeg\",\"width\":2560,\"height\":1709,\"caption\":\"Comida en Barco Mallorca\"},{\"@type\":\"BreadcrumbList\",\"@id\":\"https:\/\/stagpartynight.com\/es\/product\/comida-en-barco-mallorca\/#breadcrumb\",\"itemListElement\":[{\"@type\":\"ListItem\",\"position\":1,\"name\":\"Home\",\"item\":\"https:\/\/stagpartynight.com\/es\/\"},{\"@type\":\"ListItem\",\"position\":2,\"name\":\"Tienda\",\"item\":\"https:\/\/stagpartynight.com\/es\/tienda\/\"},{\"@type\":\"ListItem\",\"position\":3,\"name\":\"Comida en Barco Mallorca\"}]},{\"@type\":\"WebSite\",\"@id\":\"https:\/\/stagpartynight.com\/es\/#website\",\"url\":\"https:\/\/stagpartynight.com\/es\/\",\"name\":\"Stag Party Night\",\"description\":\"Your Stag Party Customized\",\"publisher\":{\"@id\":\"https:\/\/stagpartynight.com\/es\/#organization\"},\"potentialAction\":[{\"@type\":\"SearchAction\",\"target\":{\"@type\":\"EntryPoint\",\"urlTemplate\":\"https:\/\/stagpartynight.com\/es\/?s={search_term_string}\"},\"query-input\":{\"@type\":\"PropertyValueSpecification\",\"valueRequired\":true,\"valueName\":\"search_term_string\"}}],\"inLanguage\":\"es\"},{\"@type\":\"Organization\",\"@id\":\"https:\/\/stagpartynight.com\/es\/#organization\",\"name\":\"Stag Party Night\",\"url\":\"https:\/\/stagpartynight.com\/es\/\",\"logo\":{\"@type\":\"ImageObject\",\"inLanguage\":\"es\",\"@id\":\"https:\/\/stagpartynight.com\/es\/#\/schema\/logo\/image\/\",\"url\":\"https:\/\/stagpartynight.com\/es\/wp-content\/uploads\/sites\/2\/2019\/12\/stagpartynight-e1578565505687.png\",\"contentUrl\":\"https:\/\/stagpartynight.com\/es\/wp-content\/uploads\/sites\/2\/2019\/12\/stagpartynight-e1578565505687.png\",\"width\":400,\"height\":400,\"caption\":\"Stag Party Night\"},\"image\":{\"@id\":\"https:\/\/stagpartynight.com\/es\/#\/schema\/logo\/image\/\"}}]}<\/script>\n<!-- \/ Yoast SEO plugin. -->","yoast_head_json":{"title":"Comida en Barco Mallorca","description":"Comida en Barco Mallorca. Almuerzo en barco en Mallorca. Disfruta de una excursi\u00f3n en barco de cinco horas con m\u00fasica y almuerzo incluido.","robots":{"index":"index","follow":"follow","max-snippet":"max-snippet:-1","max-image-preview":"max-image-preview:large","max-video-preview":"max-video-preview:-1"},"canonical":"https:\/\/stagpartynight.com\/es\/product\/comida-en-barco-mallorca\/","og_locale":"es_ES","og_type":"article","og_title":"Comida en Barco Mallorca","og_description":"Comida en Barco Mallorca. Almuerzo en barco en Mallorca. Disfruta de una excursi\u00f3n en barco de cinco horas con m\u00fasica y almuerzo incluido.","og_url":"https:\/\/stagpartynight.com\/es\/product\/comida-en-barco-mallorca\/","og_site_name":"Despedida de Soltero","article_modified_time":"2024-01-18T11:33:07+00:00","og_image":[{"width":2560,"height":1709,"url":"https:\/\/stagpartynight.com\/es\/wp-content\/uploads\/sites\/2\/2023\/12\/Comida-en-Barco-Mallorca.jpeg","type":"image\/jpeg"}],"twitter_card":"summary_large_image","twitter_misc":{"Tiempo de lectura":"2 minutos"},"schema":{"@context":"https:\/\/schema.org","@graph":[{"@type":"WebPage","@id":"https:\/\/stagpartynight.com\/es\/product\/comida-en-barco-mallorca\/","url":"https:\/\/stagpartynight.com\/es\/product\/comida-en-barco-mallorca\/","name":"Comida en Barco Mallorca","isPartOf":{"@id":"https:\/\/stagpartynight.com\/es\/#website"},"primaryImageOfPage":{"@id":"https:\/\/stagpartynight.com\/es\/product\/comida-en-barco-mallorca\/#primaryimage"},"image":{"@id":"https:\/\/stagpartynight.com\/es\/product\/comida-en-barco-mallorca\/#primaryimage"},"thumbnailUrl":"https:\/\/stagpartynight.com\/es\/wp-content\/uploads\/sites\/2\/2023\/12\/Comida-en-Barco-Mallorca.jpeg","datePublished":"2023-12-27T15:13:58+00:00","dateModified":"2024-01-18T11:33:07+00:00","description":"Comida en Barco Mallorca. Almuerzo en barco en Mallorca. Disfruta de una excursi\u00f3n en barco de cinco horas con m\u00fasica y almuerzo incluido.","breadcrumb":{"@id":"https:\/\/stagpartynight.com\/es\/product\/comida-en-barco-mallorca\/#breadcrumb"},"inLanguage":"es","potentialAction":[{"@type":"ReadAction","target":["https:\/\/stagpartynight.com\/es\/product\/comida-en-barco-mallorca\/"]}]},{"@type":"ImageObject","inLanguage":"es","@id":"https:\/\/stagpartynight.com\/es\/product\/comida-en-barco-mallorca\/#primaryimage","url":"https:\/\/stagpartynight.com\/es\/wp-content\/uploads\/sites\/2\/2023\/12\/Comida-en-Barco-Mallorca.jpeg","contentUrl":"https:\/\/stagpartynight.com\/es\/wp-content\/uploads\/sites\/2\/2023\/12\/Comida-en-Barco-Mallorca.jpeg","width":2560,"height":1709,"caption":"Comida en Barco Mallorca"},{"@type":"BreadcrumbList","@id":"https:\/\/stagpartynight.com\/es\/product\/comida-en-barco-mallorca\/#breadcrumb","itemListElement":[{"@type":"ListItem","position":1,"name":"Home","item":"https:\/\/stagpartynight.com\/es\/"},{"@type":"ListItem","position":2,"name":"Tienda","item":"https:\/\/stagpartynight.com\/es\/tienda\/"},{"@type":"ListItem","position":3,"name":"Comida en Barco Mallorca"}]},{"@type":"WebSite","@id":"https:\/\/stagpartynight.com\/es\/#website","url":"https:\/\/stagpartynight.com\/es\/","name":"Stag Party Night","description":"Your Stag Party Customized","publisher":{"@id":"https:\/\/stagpartynight.com\/es\/#organization"},"potentialAction":[{"@type":"SearchAction","target":{"@type":"EntryPoint","urlTemplate":"https:\/\/stagpartynight.com\/es\/?s={search_term_string}"},"query-input":{"@type":"PropertyValueSpecification","valueRequired":true,"valueName":"search_term_string"}}],"inLanguage":"es"},{"@type":"Organization","@id":"https:\/\/stagpartynight.com\/es\/#organization","name":"Stag Party Night","url":"https:\/\/stagpartynight.com\/es\/","logo":{"@type":"ImageObject","inLanguage":"es","@id":"https:\/\/stagpartynight.com\/es\/#\/schema\/logo\/image\/","url":"https:\/\/stagpartynight.com\/es\/wp-content\/uploads\/sites\/2\/2019\/12\/stagpartynight-e1578565505687.png","contentUrl":"https:\/\/stagpartynight.com\/es\/wp-content\/uploads\/sites\/2\/2019\/12\/stagpartynight-e1578565505687.png","width":400,"height":400,"caption":"Stag Party Night"},"image":{"@id":"https:\/\/stagpartynight.com\/es\/#\/schema\/logo\/image\/"}}]}},"_links":{"self":[{"href":"https:\/\/stagpartynight.com\/es\/wp-json\/wp\/v2\/product\/3492","targetHints":{"allow":["GET"]}}],"collection":[{"href":"https:\/\/stagpartynight.com\/es\/wp-json\/wp\/v2\/product"}],"about":[{"href":"https:\/\/stagpartynight.com\/es\/wp-json\/wp\/v2\/types\/product"}],"replies":[{"embeddable":true,"href":"https:\/\/stagpartynight.com\/es\/wp-json\/wp\/v2\/comments?post=3492"}],"wp:featuredmedia":[{"embeddable":true,"href":"https:\/\/stagpartynight.com\/es\/wp-json\/wp\/v2\/media\/3567"}],"wp:attachment":[{"href":"https:\/\/stagpartynight.com\/es\/wp-json\/wp\/v2\/media?parent=3492"}],"wp:term":[{"taxonomy":"product_brand","embeddable":true,"href":"https:\/\/stagpartynight.com\/es\/wp-json\/wp\/v2\/product_brand?post=3492"},{"taxonomy":"product_cat","embeddable":true,"href":"https:\/\/stagpartynight.com\/es\/wp-json\/wp\/v2\/product_cat?post=3492"},{"taxonomy":"product_tag","embeddable":true,"href":"https:\/\/stagpartynight.com\/es\/wp-json\/wp\/v2\/product_tag?post=3492"}],"curies":[{"name":"wp","href":"https:\/\/api.w.org\/{rel}","templated":true}]}}