{"id":3494,"date":"2023-12-27T16:57:59","date_gmt":"2023-12-27T15:57:59","guid":{"rendered":"https:\/\/stagpartynight.com\/fr\/?post_type=product&#038;p=2731"},"modified":"2024-01-19T10:06:41","modified_gmt":"2024-01-19T09:06:41","slug":"mayordomo-sexy-mallorca","status":"publish","type":"product","link":"https:\/\/stagpartynight.com\/es\/product\/mayordomo-sexy-mallorca\/","title":{"rendered":"Mayordomo Sexy Mallorca"},"content":{"rendered":"<p>Mayordomo Sexy Mallorca. Sexy Manservant en <a href=\"https:\/\/es.wikipedia.org\/wiki\/Mallorca\">Mallorca<\/a>. \u00bfEst\u00e1s listo para disfrutar de una hora con un manservant desvestido listo para servirte? Servicio privado y a domicilio.<\/p>\n<p>Las mejores despedidas de soltero y soltera con <a href=\"https:\/\/stagpartynight.com\/\">StagParty<\/a>!<\/p>\n<h2 style=\"text-align: center;\">\ud83d\udd25Mayordomo Sexy Mallorca\ud83d\udd25<\/h2>\n<h4>Disfruta de una hora con un mayordomo que estar\u00e1 a tu disposici\u00f3n para todo lo que necesites&#8230;<\/h4>\n<p>\u00bfC\u00f3mo?\ud83d\udd14<br \/>\nTe aseguramos que nuestro manservant te dejar\u00e1 sin palabras y elevar\u00e1 la temperatura de la habitaci\u00f3n en cuanto cruce la puerta. Una fantas\u00eda er\u00f3tica hecha realidad: un hombre de puro m\u00fasculo y puro fuego y con poca ropa. Nuestro manservant solo lleva un delantal (que solo cubre la parte frontal de su cuerpo&#8230;), una pajarita y nada de ropa interior. \u00bfA qui\u00e9n no le gustar\u00eda tener un manservant sin ropa durante una hora?<\/p>\n<p>\u00bfY t\u00fa, cu\u00e1ndo lo har\u00edas?<br \/>\nDurante tus vacaciones en Mallorca. La isla es un verdadero espect\u00e1culo de fuegos artificiales. El manservant est\u00e1 disponible todos los d\u00edas y a cualquier hora. No lo pienses dos veces y haz de tus vacaciones en Mallorca\u00a0 un sue\u00f1o hecho realidad.<\/p>\n<p>\u00bfQu\u00e9 es?\u2708\ufe0f<br \/>\nNuestro manservant es tan atento&#8230; Se presentar\u00e1 en tu hotel o villa. Un servicio totalmente privado.<\/p>\n<p>\u00bfPor qu\u00e9?<br \/>\nA todas las mujeres les encantar\u00eda tener a un hombre completamente a su servicio durante una hora. Pero si le quitamos la ropa&#8230; \u00a1es a\u00fan mejor! Una experiencia er\u00f3tica, divertida y \u00fanica para disfrutar Mallorca de una manera muy original.\ud83d\udd25<\/p>\n<p style=\"text-align: center;\">Elecci\u00f3n entre Palma y Magaluf (precios variables).<\/p>\n<p style=\"text-align: center;\">\u00a1Reserva Manservant Sexy en Mallorca!\ud83d\udd25<\/p>\n","protected":false},"excerpt":{"rendered":"<p>Mayordomo Sexy Mallorca. Sexy Manservant en Mallorca. \u00bfEst\u00e1s listo para disfrutar de una hora con un manservant desvestido listo para servirte? Servicio privado y a domicilio. Las mejores despedidas de soltero y soltera con StagParty! \ud83d\udd25Mayordomo Sexy Mallorca\ud83d\udd25 Disfruta de una hora con un mayordomo que estar\u00e1 a tu disposici\u00f3n para todo lo que necesites&#8230; [&hellip;]<\/p>\n","protected":false},"featured_media":3562,"comment_status":"open","ping_status":"closed","template":"","meta":{"_et_pb_use_builder":"","_et_pb_old_content":"","_et_gb_content_width":""},"product_brand":[],"product_cat":[342,1313],"product_tag":[],"class_list":{"0":"post-3494","1":"product","2":"type-product","3":"status-publish","4":"has-post-thumbnail","6":"product_cat-mallorca","7":"product_cat-uncategorised","9":"first","10":"instock","11":"shipping-taxable","12":"product-type-simple"},"yoast_head":"<!-- This site is optimized with the Yoast SEO plugin v26.4 - https:\/\/yoast.com\/wordpress\/plugins\/seo\/ -->\n<title>Mayordomo Sexy Mallorca<\/title>\n<meta name=\"description\" content=\"Mayordomo Sexy Mallorca. . \u00bfEst\u00e1s lista para disfrutar de una hora con un mayordomo desvestido listo para servirte? Servicio privado y a domicilio.\" \/>\n<meta name=\"robots\" content=\"index, follow, max-snippet:-1, max-image-preview:large, max-video-preview:-1\" \/>\n<link rel=\"canonical\" href=\"https:\/\/stagpartynight.com\/es\/product\/mayordomo-sexy-mallorca\/\" \/>\n<meta property=\"og:locale\" content=\"es_ES\" \/>\n<meta property=\"og:type\" content=\"article\" \/>\n<meta property=\"og:title\" content=\"Mayordomo Sexy Mallorca\" \/>\n<meta property=\"og:description\" content=\"Mayordomo Sexy Mallorca. . \u00bfEst\u00e1s lista para disfrutar de una hora con un mayordomo desvestido listo para servirte? Servicio privado y a domicilio.\" \/>\n<meta property=\"og:url\" content=\"https:\/\/stagpartynight.com\/es\/product\/mayordomo-sexy-mallorca\/\" \/>\n<meta property=\"og:site_name\" content=\"Despedida de Soltero\" \/>\n<meta property=\"article:modified_time\" content=\"2024-01-19T09:06:41+00:00\" \/>\n<meta property=\"og:image\" content=\"https:\/\/stagpartynight.com\/es\/wp-content\/uploads\/sites\/2\/2023\/12\/Mayordomo-Sexy-Mallorca.jpg\" \/>\n\t<meta property=\"og:image:width\" content=\"900\" \/>\n\t<meta property=\"og:image:height\" content=\"720\" \/>\n\t<meta property=\"og:image:type\" content=\"image\/jpeg\" \/>\n<meta name=\"twitter:card\" content=\"summary_large_image\" \/>\n<meta name=\"twitter:label1\" content=\"Tiempo de lectura\" \/>\n\t<meta name=\"twitter:data1\" content=\"2 minutos\" \/>\n<script type=\"application\/ld+json\" class=\"yoast-schema-graph\">{\"@context\":\"https:\/\/schema.org\",\"@graph\":[{\"@type\":\"WebPage\",\"@id\":\"https:\/\/stagpartynight.com\/es\/product\/mayordomo-sexy-mallorca\/\",\"url\":\"https:\/\/stagpartynight.com\/es\/product\/mayordomo-sexy-mallorca\/\",\"name\":\"Mayordomo Sexy Mallorca\",\"isPartOf\":{\"@id\":\"https:\/\/stagpartynight.com\/es\/#website\"},\"primaryImageOfPage\":{\"@id\":\"https:\/\/stagpartynight.com\/es\/product\/mayordomo-sexy-mallorca\/#primaryimage\"},\"image\":{\"@id\":\"https:\/\/stagpartynight.com\/es\/product\/mayordomo-sexy-mallorca\/#primaryimage\"},\"thumbnailUrl\":\"https:\/\/stagpartynight.com\/es\/wp-content\/uploads\/sites\/2\/2023\/12\/Mayordomo-Sexy-Mallorca.jpg\",\"datePublished\":\"2023-12-27T15:57:59+00:00\",\"dateModified\":\"2024-01-19T09:06:41+00:00\",\"description\":\"Mayordomo Sexy Mallorca. . \u00bfEst\u00e1s lista para disfrutar de una hora con un mayordomo desvestido listo para servirte? Servicio privado y a domicilio.\",\"breadcrumb\":{\"@id\":\"https:\/\/stagpartynight.com\/es\/product\/mayordomo-sexy-mallorca\/#breadcrumb\"},\"inLanguage\":\"es\",\"potentialAction\":[{\"@type\":\"ReadAction\",\"target\":[\"https:\/\/stagpartynight.com\/es\/product\/mayordomo-sexy-mallorca\/\"]}]},{\"@type\":\"ImageObject\",\"inLanguage\":\"es\",\"@id\":\"https:\/\/stagpartynight.com\/es\/product\/mayordomo-sexy-mallorca\/#primaryimage\",\"url\":\"https:\/\/stagpartynight.com\/es\/wp-content\/uploads\/sites\/2\/2023\/12\/Mayordomo-Sexy-Mallorca.jpg\",\"contentUrl\":\"https:\/\/stagpartynight.com\/es\/wp-content\/uploads\/sites\/2\/2023\/12\/Mayordomo-Sexy-Mallorca.jpg\",\"width\":900,\"height\":720,\"caption\":\"Mayordomo Sexy Mallorca\"},{\"@type\":\"BreadcrumbList\",\"@id\":\"https:\/\/stagpartynight.com\/es\/product\/mayordomo-sexy-mallorca\/#breadcrumb\",\"itemListElement\":[{\"@type\":\"ListItem\",\"position\":1,\"name\":\"Home\",\"item\":\"https:\/\/stagpartynight.com\/es\/\"},{\"@type\":\"ListItem\",\"position\":2,\"name\":\"Tienda\",\"item\":\"https:\/\/stagpartynight.com\/es\/tienda\/\"},{\"@type\":\"ListItem\",\"position\":3,\"name\":\"Mayordomo Sexy Mallorca\"}]},{\"@type\":\"WebSite\",\"@id\":\"https:\/\/stagpartynight.com\/es\/#website\",\"url\":\"https:\/\/stagpartynight.com\/es\/\",\"name\":\"Stag Party Night\",\"description\":\"Your Stag Party Customized\",\"publisher\":{\"@id\":\"https:\/\/stagpartynight.com\/es\/#organization\"},\"potentialAction\":[{\"@type\":\"SearchAction\",\"target\":{\"@type\":\"EntryPoint\",\"urlTemplate\":\"https:\/\/stagpartynight.com\/es\/?s={search_term_string}\"},\"query-input\":{\"@type\":\"PropertyValueSpecification\",\"valueRequired\":true,\"valueName\":\"search_term_string\"}}],\"inLanguage\":\"es\"},{\"@type\":\"Organization\",\"@id\":\"https:\/\/stagpartynight.com\/es\/#organization\",\"name\":\"Stag Party Night\",\"url\":\"https:\/\/stagpartynight.com\/es\/\",\"logo\":{\"@type\":\"ImageObject\",\"inLanguage\":\"es\",\"@id\":\"https:\/\/stagpartynight.com\/es\/#\/schema\/logo\/image\/\",\"url\":\"https:\/\/stagpartynight.com\/es\/wp-content\/uploads\/sites\/2\/2019\/12\/stagpartynight-e1578565505687.png\",\"contentUrl\":\"https:\/\/stagpartynight.com\/es\/wp-content\/uploads\/sites\/2\/2019\/12\/stagpartynight-e1578565505687.png\",\"width\":400,\"height\":400,\"caption\":\"Stag Party Night\"},\"image\":{\"@id\":\"https:\/\/stagpartynight.com\/es\/#\/schema\/logo\/image\/\"}}]}<\/script>\n<!-- \/ Yoast SEO plugin. -->","yoast_head_json":{"title":"Mayordomo Sexy Mallorca","description":"Mayordomo Sexy Mallorca. . \u00bfEst\u00e1s lista para disfrutar de una hora con un mayordomo desvestido listo para servirte? Servicio privado y a domicilio.","robots":{"index":"index","follow":"follow","max-snippet":"max-snippet:-1","max-image-preview":"max-image-preview:large","max-video-preview":"max-video-preview:-1"},"canonical":"https:\/\/stagpartynight.com\/es\/product\/mayordomo-sexy-mallorca\/","og_locale":"es_ES","og_type":"article","og_title":"Mayordomo Sexy Mallorca","og_description":"Mayordomo Sexy Mallorca. . \u00bfEst\u00e1s lista para disfrutar de una hora con un mayordomo desvestido listo para servirte? Servicio privado y a domicilio.","og_url":"https:\/\/stagpartynight.com\/es\/product\/mayordomo-sexy-mallorca\/","og_site_name":"Despedida de Soltero","article_modified_time":"2024-01-19T09:06:41+00:00","og_image":[{"width":900,"height":720,"url":"https:\/\/stagpartynight.com\/es\/wp-content\/uploads\/sites\/2\/2023\/12\/Mayordomo-Sexy-Mallorca.jpg","type":"image\/jpeg"}],"twitter_card":"summary_large_image","twitter_misc":{"Tiempo de lectura":"2 minutos"},"schema":{"@context":"https:\/\/schema.org","@graph":[{"@type":"WebPage","@id":"https:\/\/stagpartynight.com\/es\/product\/mayordomo-sexy-mallorca\/","url":"https:\/\/stagpartynight.com\/es\/product\/mayordomo-sexy-mallorca\/","name":"Mayordomo Sexy Mallorca","isPartOf":{"@id":"https:\/\/stagpartynight.com\/es\/#website"},"primaryImageOfPage":{"@id":"https:\/\/stagpartynight.com\/es\/product\/mayordomo-sexy-mallorca\/#primaryimage"},"image":{"@id":"https:\/\/stagpartynight.com\/es\/product\/mayordomo-sexy-mallorca\/#primaryimage"},"thumbnailUrl":"https:\/\/stagpartynight.com\/es\/wp-content\/uploads\/sites\/2\/2023\/12\/Mayordomo-Sexy-Mallorca.jpg","datePublished":"2023-12-27T15:57:59+00:00","dateModified":"2024-01-19T09:06:41+00:00","description":"Mayordomo Sexy Mallorca. . \u00bfEst\u00e1s lista para disfrutar de una hora con un mayordomo desvestido listo para servirte? Servicio privado y a domicilio.","breadcrumb":{"@id":"https:\/\/stagpartynight.com\/es\/product\/mayordomo-sexy-mallorca\/#breadcrumb"},"inLanguage":"es","potentialAction":[{"@type":"ReadAction","target":["https:\/\/stagpartynight.com\/es\/product\/mayordomo-sexy-mallorca\/"]}]},{"@type":"ImageObject","inLanguage":"es","@id":"https:\/\/stagpartynight.com\/es\/product\/mayordomo-sexy-mallorca\/#primaryimage","url":"https:\/\/stagpartynight.com\/es\/wp-content\/uploads\/sites\/2\/2023\/12\/Mayordomo-Sexy-Mallorca.jpg","contentUrl":"https:\/\/stagpartynight.com\/es\/wp-content\/uploads\/sites\/2\/2023\/12\/Mayordomo-Sexy-Mallorca.jpg","width":900,"height":720,"caption":"Mayordomo Sexy Mallorca"},{"@type":"BreadcrumbList","@id":"https:\/\/stagpartynight.com\/es\/product\/mayordomo-sexy-mallorca\/#breadcrumb","itemListElement":[{"@type":"ListItem","position":1,"name":"Home","item":"https:\/\/stagpartynight.com\/es\/"},{"@type":"ListItem","position":2,"name":"Tienda","item":"https:\/\/stagpartynight.com\/es\/tienda\/"},{"@type":"ListItem","position":3,"name":"Mayordomo Sexy Mallorca"}]},{"@type":"WebSite","@id":"https:\/\/stagpartynight.com\/es\/#website","url":"https:\/\/stagpartynight.com\/es\/","name":"Stag Party Night","description":"Your Stag Party Customized","publisher":{"@id":"https:\/\/stagpartynight.com\/es\/#organization"},"potentialAction":[{"@type":"SearchAction","target":{"@type":"EntryPoint","urlTemplate":"https:\/\/stagpartynight.com\/es\/?s={search_term_string}"},"query-input":{"@type":"PropertyValueSpecification","valueRequired":true,"valueName":"search_term_string"}}],"inLanguage":"es"},{"@type":"Organization","@id":"https:\/\/stagpartynight.com\/es\/#organization","name":"Stag Party Night","url":"https:\/\/stagpartynight.com\/es\/","logo":{"@type":"ImageObject","inLanguage":"es","@id":"https:\/\/stagpartynight.com\/es\/#\/schema\/logo\/image\/","url":"https:\/\/stagpartynight.com\/es\/wp-content\/uploads\/sites\/2\/2019\/12\/stagpartynight-e1578565505687.png","contentUrl":"https:\/\/stagpartynight.com\/es\/wp-content\/uploads\/sites\/2\/2019\/12\/stagpartynight-e1578565505687.png","width":400,"height":400,"caption":"Stag Party Night"},"image":{"@id":"https:\/\/stagpartynight.com\/es\/#\/schema\/logo\/image\/"}}]}},"_links":{"self":[{"href":"https:\/\/stagpartynight.com\/es\/wp-json\/wp\/v2\/product\/3494","targetHints":{"allow":["GET"]}}],"collection":[{"href":"https:\/\/stagpartynight.com\/es\/wp-json\/wp\/v2\/product"}],"about":[{"href":"https:\/\/stagpartynight.com\/es\/wp-json\/wp\/v2\/types\/product"}],"replies":[{"embeddable":true,"href":"https:\/\/stagpartynight.com\/es\/wp-json\/wp\/v2\/comments?post=3494"}],"wp:featuredmedia":[{"embeddable":true,"href":"https:\/\/stagpartynight.com\/es\/wp-json\/wp\/v2\/media\/3562"}],"wp:attachment":[{"href":"https:\/\/stagpartynight.com\/es\/wp-json\/wp\/v2\/media?parent=3494"}],"wp:term":[{"taxonomy":"product_brand","embeddable":true,"href":"https:\/\/stagpartynight.com\/es\/wp-json\/wp\/v2\/product_brand?post=3494"},{"taxonomy":"product_cat","embeddable":true,"href":"https:\/\/stagpartynight.com\/es\/wp-json\/wp\/v2\/product_cat?post=3494"},{"taxonomy":"product_tag","embeddable":true,"href":"https:\/\/stagpartynight.com\/es\/wp-json\/wp\/v2\/product_tag?post=3494"}],"curies":[{"name":"wp","href":"https:\/\/api.w.org\/{rel}","templated":true}]}}