{"id":3498,"date":"2023-12-27T18:48:17","date_gmt":"2023-12-27T17:48:17","guid":{"rendered":"https:\/\/stagpartynight.com\/fr\/?post_type=product&#038;p=2743"},"modified":"2024-01-18T12:33:02","modified_gmt":"2024-01-18T11:33:02","slug":"tour-en-kayak-mallorca","status":"publish","type":"product","link":"https:\/\/stagpartynight.com\/es\/product\/tour-en-kayak-mallorca\/","title":{"rendered":"Tour en Kayak Mallorca"},"content":{"rendered":"<p>Tour en Kayak Mallorca. Excursi\u00f3n en Kayak por <a href=\"https:\/\/es.wikipedia.org\/wiki\/Mallorca\">Mallorca<\/a>. Excursi\u00f3n de tres horas y media por la costa de Palma de Mallorca con instructor.<\/p>\n<p>Las mejores despedidas de soltero con <a href=\"https:\/\/stagpartynight.com\/\">StagParty<\/a>.<\/p>\n<h2 style=\"text-align: center;\">Tour en Kayak Mallorca\ud83c\udf0a<\/h2>\n<h4>\n\ud83d\udea3\u200d\u2642\ufe0f \u00a1Vive una aventura inolvidable en kayak en Palma de Mallorca! \ud83c\udf0a\ud83c\udfdd\ufe0f<\/h4>\n<p>Descubre el esplendor de las aguas cristalinas de Palma de Mallorca con nuestra excursi\u00f3n en kayak de tres horas y media, \u00a1supervisada por nuestros expertos instructores! \ud83d\udea3\u200d\u2640\ufe0f\ud83c\udf1e<\/p>\n<p>\ud83c\udf10 Exploraci\u00f3n guiada: D\u00e9janos guiarte por los pintorescos rincones de la costa de Palma, explorando calas escondidas, formaciones rocosas e impresionantes paisajes marinos. Nuestros experimentados instructores compartir\u00e1n sus conocimientos locales para una experiencia enriquecedora.<\/p>\n<p>\ud83d\udc68\u200d\ud83c\udfeb Instructores cualificados: Benef\u00edciese de la experiencia de nuestros instructores cualificados que le proporcionar\u00e1n consejos pr\u00e1cticos, t\u00e9cnicas de remo e informaci\u00f3n sobre la vida marina local. Tanto si es un principiante como un experimentado entusiasta, este viaje es adecuado para todos los niveles.<\/p>\n<p>\ud83d\udea3\u200d\u2640\ufe0f Kayak Todo Incluido: Le proporcionamos todo el equipo que necesita, desde kayaks de calidad hasta remos, para que pueda disfrutar de la experiencia sin complicaciones. Todo lo que tienes que hacer es concentrarte en remar y divertirte.<\/p>\n<p>\ud83d\udea3\u200d\u2640\ufe0f Excursi\u00f3n en Kayak Todo Incluido: Prep\u00e1rate para una aventura acu\u00e1tica inolvidable con nuestra oferta todo incluido en kayak. Proporcionamos todo el equipo necesario, desde kayaks de calidad hasta remos, para que puedas disfrutar plenamente de la experiencia sin preocupaciones. \u00a1Conc\u00e9ntrate en remar y divertirte, nosotros nos encargamos del resto!<\/p>\n<p>\ud83c\udfd6\ufe0f Placer Prolongado de Cuatro Horas: Dedica cerca de cuatro horas a remar a trav\u00e9s de las aguas resplandecientes de Palma de Mallorca. Absorbe el sol mediterr\u00e1neo, respira el aire marino fresco y crea recuerdos inolvidables con tus compa\u00f1eros de kayak. Esta excursi\u00f3n prolongada garantiza una inmersi\u00f3n total en la belleza natural de la regi\u00f3n.<\/p>\n<p>\ud83c\udf05 \u00a1Reserva tu Aventura Acu\u00e1tica Ahora! No pierdas la oportunidad de reservar tu lugar para esta aventura \u00fanica. Emb\u00e1rcate en una experiencia de kayak que combina exploraci\u00f3n, aprendizaje y entretenimiento. Descubre la hermosa naturaleza de Palma de Mallorca de una manera activa y memorable. \ud83c\udfde\ufe0f\ud83c\udf0a<\/p>\n<p>Prep\u00e1rate para vivir un d\u00eda inolvidable remando a trav\u00e9s de aguas relucientes, explorando paisajes pintorescos y creando recuerdos duraderos. \u00a1\u00danete a nosotros para esta excepcional aventura acu\u00e1tica! \ud83d\udea3\u200d\u2642\ufe0f\ud83c\udf1e<\/p>\n<p>&nbsp;<\/p>\n","protected":false},"excerpt":{"rendered":"<p>Tour en Kayak Mallorca. Excursi\u00f3n en Kayak por Mallorca. Excursi\u00f3n de tres horas y media por la costa de Palma de Mallorca con instructor. Las mejores despedidas de soltero con StagParty. Tour en Kayak Mallorca\ud83c\udf0a \ud83d\udea3\u200d\u2642\ufe0f \u00a1Vive una aventura inolvidable en kayak en Palma de Mallorca! \ud83c\udf0a\ud83c\udfdd\ufe0f Descubre el esplendor de las aguas cristalinas de [&hellip;]<\/p>\n","protected":false},"featured_media":3551,"comment_status":"open","ping_status":"closed","template":"","meta":{"_et_pb_use_builder":"","_et_pb_old_content":"","_et_gb_content_width":""},"product_brand":[],"product_cat":[342,1313],"product_tag":[],"class_list":{"0":"post-3498","1":"product","2":"type-product","3":"status-publish","4":"has-post-thumbnail","6":"product_cat-mallorca","7":"product_cat-uncategorised","9":"first","10":"instock","11":"shipping-taxable","12":"product-type-simple"},"yoast_head":"<!-- This site is optimized with the Yoast SEO plugin v26.4 - https:\/\/yoast.com\/wordpress\/plugins\/seo\/ -->\n<title>Tour en Kayak Mallorca<\/title>\n<meta name=\"description\" content=\"Tour en Kayak Mallorca. Excursi\u00f3n en Kayak por Mallorca. Excursi\u00f3n de tres horas y media por la costa de Palma de Mallorca con instructor.\" \/>\n<meta name=\"robots\" content=\"index, follow, max-snippet:-1, max-image-preview:large, max-video-preview:-1\" \/>\n<link rel=\"canonical\" href=\"https:\/\/stagpartynight.com\/es\/product\/tour-en-kayak-mallorca\/\" \/>\n<meta property=\"og:locale\" content=\"es_ES\" \/>\n<meta property=\"og:type\" content=\"article\" \/>\n<meta property=\"og:title\" content=\"Tour en Kayak Mallorca\" \/>\n<meta property=\"og:description\" content=\"Tour en Kayak Mallorca. Excursi\u00f3n en Kayak por Mallorca. Excursi\u00f3n de tres horas y media por la costa de Palma de Mallorca con instructor.\" \/>\n<meta property=\"og:url\" content=\"https:\/\/stagpartynight.com\/es\/product\/tour-en-kayak-mallorca\/\" \/>\n<meta property=\"og:site_name\" content=\"Despedida de Soltero\" \/>\n<meta property=\"article:modified_time\" content=\"2024-01-18T11:33:02+00:00\" \/>\n<meta property=\"og:image\" content=\"https:\/\/stagpartynight.com\/es\/wp-content\/uploads\/sites\/2\/2023\/12\/Tour-en-Kayak-Mallorca.jpg\" \/>\n\t<meta property=\"og:image:width\" content=\"1280\" \/>\n\t<meta property=\"og:image:height\" content=\"913\" \/>\n\t<meta property=\"og:image:type\" content=\"image\/jpeg\" \/>\n<meta name=\"twitter:card\" content=\"summary_large_image\" \/>\n<meta name=\"twitter:label1\" content=\"Tiempo de lectura\" \/>\n\t<meta name=\"twitter:data1\" content=\"2 minutos\" \/>\n<script type=\"application\/ld+json\" class=\"yoast-schema-graph\">{\"@context\":\"https:\/\/schema.org\",\"@graph\":[{\"@type\":\"WebPage\",\"@id\":\"https:\/\/stagpartynight.com\/es\/product\/tour-en-kayak-mallorca\/\",\"url\":\"https:\/\/stagpartynight.com\/es\/product\/tour-en-kayak-mallorca\/\",\"name\":\"Tour en Kayak Mallorca\",\"isPartOf\":{\"@id\":\"https:\/\/stagpartynight.com\/es\/#website\"},\"primaryImageOfPage\":{\"@id\":\"https:\/\/stagpartynight.com\/es\/product\/tour-en-kayak-mallorca\/#primaryimage\"},\"image\":{\"@id\":\"https:\/\/stagpartynight.com\/es\/product\/tour-en-kayak-mallorca\/#primaryimage\"},\"thumbnailUrl\":\"https:\/\/stagpartynight.com\/es\/wp-content\/uploads\/sites\/2\/2023\/12\/Tour-en-Kayak-Mallorca.jpg\",\"datePublished\":\"2023-12-27T17:48:17+00:00\",\"dateModified\":\"2024-01-18T11:33:02+00:00\",\"description\":\"Tour en Kayak Mallorca. Excursi\u00f3n en Kayak por Mallorca. Excursi\u00f3n de tres horas y media por la costa de Palma de Mallorca con instructor.\",\"breadcrumb\":{\"@id\":\"https:\/\/stagpartynight.com\/es\/product\/tour-en-kayak-mallorca\/#breadcrumb\"},\"inLanguage\":\"es\",\"potentialAction\":[{\"@type\":\"ReadAction\",\"target\":[\"https:\/\/stagpartynight.com\/es\/product\/tour-en-kayak-mallorca\/\"]}]},{\"@type\":\"ImageObject\",\"inLanguage\":\"es\",\"@id\":\"https:\/\/stagpartynight.com\/es\/product\/tour-en-kayak-mallorca\/#primaryimage\",\"url\":\"https:\/\/stagpartynight.com\/es\/wp-content\/uploads\/sites\/2\/2023\/12\/Tour-en-Kayak-Mallorca.jpg\",\"contentUrl\":\"https:\/\/stagpartynight.com\/es\/wp-content\/uploads\/sites\/2\/2023\/12\/Tour-en-Kayak-Mallorca.jpg\",\"width\":1280,\"height\":913,\"caption\":\"Tour en Kayak Mallorca\"},{\"@type\":\"BreadcrumbList\",\"@id\":\"https:\/\/stagpartynight.com\/es\/product\/tour-en-kayak-mallorca\/#breadcrumb\",\"itemListElement\":[{\"@type\":\"ListItem\",\"position\":1,\"name\":\"Home\",\"item\":\"https:\/\/stagpartynight.com\/es\/\"},{\"@type\":\"ListItem\",\"position\":2,\"name\":\"Tienda\",\"item\":\"https:\/\/stagpartynight.com\/es\/tienda\/\"},{\"@type\":\"ListItem\",\"position\":3,\"name\":\"Tour en Kayak Mallorca\"}]},{\"@type\":\"WebSite\",\"@id\":\"https:\/\/stagpartynight.com\/es\/#website\",\"url\":\"https:\/\/stagpartynight.com\/es\/\",\"name\":\"Stag Party Night\",\"description\":\"Your Stag Party Customized\",\"publisher\":{\"@id\":\"https:\/\/stagpartynight.com\/es\/#organization\"},\"potentialAction\":[{\"@type\":\"SearchAction\",\"target\":{\"@type\":\"EntryPoint\",\"urlTemplate\":\"https:\/\/stagpartynight.com\/es\/?s={search_term_string}\"},\"query-input\":{\"@type\":\"PropertyValueSpecification\",\"valueRequired\":true,\"valueName\":\"search_term_string\"}}],\"inLanguage\":\"es\"},{\"@type\":\"Organization\",\"@id\":\"https:\/\/stagpartynight.com\/es\/#organization\",\"name\":\"Stag Party Night\",\"url\":\"https:\/\/stagpartynight.com\/es\/\",\"logo\":{\"@type\":\"ImageObject\",\"inLanguage\":\"es\",\"@id\":\"https:\/\/stagpartynight.com\/es\/#\/schema\/logo\/image\/\",\"url\":\"https:\/\/stagpartynight.com\/es\/wp-content\/uploads\/sites\/2\/2019\/12\/stagpartynight-e1578565505687.png\",\"contentUrl\":\"https:\/\/stagpartynight.com\/es\/wp-content\/uploads\/sites\/2\/2019\/12\/stagpartynight-e1578565505687.png\",\"width\":400,\"height\":400,\"caption\":\"Stag Party Night\"},\"image\":{\"@id\":\"https:\/\/stagpartynight.com\/es\/#\/schema\/logo\/image\/\"}}]}<\/script>\n<!-- \/ Yoast SEO plugin. -->","yoast_head_json":{"title":"Tour en Kayak Mallorca","description":"Tour en Kayak Mallorca. Excursi\u00f3n en Kayak por Mallorca. Excursi\u00f3n de tres horas y media por la costa de Palma de Mallorca con instructor.","robots":{"index":"index","follow":"follow","max-snippet":"max-snippet:-1","max-image-preview":"max-image-preview:large","max-video-preview":"max-video-preview:-1"},"canonical":"https:\/\/stagpartynight.com\/es\/product\/tour-en-kayak-mallorca\/","og_locale":"es_ES","og_type":"article","og_title":"Tour en Kayak Mallorca","og_description":"Tour en Kayak Mallorca. Excursi\u00f3n en Kayak por Mallorca. Excursi\u00f3n de tres horas y media por la costa de Palma de Mallorca con instructor.","og_url":"https:\/\/stagpartynight.com\/es\/product\/tour-en-kayak-mallorca\/","og_site_name":"Despedida de Soltero","article_modified_time":"2024-01-18T11:33:02+00:00","og_image":[{"width":1280,"height":913,"url":"https:\/\/stagpartynight.com\/es\/wp-content\/uploads\/sites\/2\/2023\/12\/Tour-en-Kayak-Mallorca.jpg","type":"image\/jpeg"}],"twitter_card":"summary_large_image","twitter_misc":{"Tiempo de lectura":"2 minutos"},"schema":{"@context":"https:\/\/schema.org","@graph":[{"@type":"WebPage","@id":"https:\/\/stagpartynight.com\/es\/product\/tour-en-kayak-mallorca\/","url":"https:\/\/stagpartynight.com\/es\/product\/tour-en-kayak-mallorca\/","name":"Tour en Kayak Mallorca","isPartOf":{"@id":"https:\/\/stagpartynight.com\/es\/#website"},"primaryImageOfPage":{"@id":"https:\/\/stagpartynight.com\/es\/product\/tour-en-kayak-mallorca\/#primaryimage"},"image":{"@id":"https:\/\/stagpartynight.com\/es\/product\/tour-en-kayak-mallorca\/#primaryimage"},"thumbnailUrl":"https:\/\/stagpartynight.com\/es\/wp-content\/uploads\/sites\/2\/2023\/12\/Tour-en-Kayak-Mallorca.jpg","datePublished":"2023-12-27T17:48:17+00:00","dateModified":"2024-01-18T11:33:02+00:00","description":"Tour en Kayak Mallorca. Excursi\u00f3n en Kayak por Mallorca. Excursi\u00f3n de tres horas y media por la costa de Palma de Mallorca con instructor.","breadcrumb":{"@id":"https:\/\/stagpartynight.com\/es\/product\/tour-en-kayak-mallorca\/#breadcrumb"},"inLanguage":"es","potentialAction":[{"@type":"ReadAction","target":["https:\/\/stagpartynight.com\/es\/product\/tour-en-kayak-mallorca\/"]}]},{"@type":"ImageObject","inLanguage":"es","@id":"https:\/\/stagpartynight.com\/es\/product\/tour-en-kayak-mallorca\/#primaryimage","url":"https:\/\/stagpartynight.com\/es\/wp-content\/uploads\/sites\/2\/2023\/12\/Tour-en-Kayak-Mallorca.jpg","contentUrl":"https:\/\/stagpartynight.com\/es\/wp-content\/uploads\/sites\/2\/2023\/12\/Tour-en-Kayak-Mallorca.jpg","width":1280,"height":913,"caption":"Tour en Kayak Mallorca"},{"@type":"BreadcrumbList","@id":"https:\/\/stagpartynight.com\/es\/product\/tour-en-kayak-mallorca\/#breadcrumb","itemListElement":[{"@type":"ListItem","position":1,"name":"Home","item":"https:\/\/stagpartynight.com\/es\/"},{"@type":"ListItem","position":2,"name":"Tienda","item":"https:\/\/stagpartynight.com\/es\/tienda\/"},{"@type":"ListItem","position":3,"name":"Tour en Kayak Mallorca"}]},{"@type":"WebSite","@id":"https:\/\/stagpartynight.com\/es\/#website","url":"https:\/\/stagpartynight.com\/es\/","name":"Stag Party Night","description":"Your Stag Party Customized","publisher":{"@id":"https:\/\/stagpartynight.com\/es\/#organization"},"potentialAction":[{"@type":"SearchAction","target":{"@type":"EntryPoint","urlTemplate":"https:\/\/stagpartynight.com\/es\/?s={search_term_string}"},"query-input":{"@type":"PropertyValueSpecification","valueRequired":true,"valueName":"search_term_string"}}],"inLanguage":"es"},{"@type":"Organization","@id":"https:\/\/stagpartynight.com\/es\/#organization","name":"Stag Party Night","url":"https:\/\/stagpartynight.com\/es\/","logo":{"@type":"ImageObject","inLanguage":"es","@id":"https:\/\/stagpartynight.com\/es\/#\/schema\/logo\/image\/","url":"https:\/\/stagpartynight.com\/es\/wp-content\/uploads\/sites\/2\/2019\/12\/stagpartynight-e1578565505687.png","contentUrl":"https:\/\/stagpartynight.com\/es\/wp-content\/uploads\/sites\/2\/2019\/12\/stagpartynight-e1578565505687.png","width":400,"height":400,"caption":"Stag Party Night"},"image":{"@id":"https:\/\/stagpartynight.com\/es\/#\/schema\/logo\/image\/"}}]}},"_links":{"self":[{"href":"https:\/\/stagpartynight.com\/es\/wp-json\/wp\/v2\/product\/3498","targetHints":{"allow":["GET"]}}],"collection":[{"href":"https:\/\/stagpartynight.com\/es\/wp-json\/wp\/v2\/product"}],"about":[{"href":"https:\/\/stagpartynight.com\/es\/wp-json\/wp\/v2\/types\/product"}],"replies":[{"embeddable":true,"href":"https:\/\/stagpartynight.com\/es\/wp-json\/wp\/v2\/comments?post=3498"}],"wp:featuredmedia":[{"embeddable":true,"href":"https:\/\/stagpartynight.com\/es\/wp-json\/wp\/v2\/media\/3551"}],"wp:attachment":[{"href":"https:\/\/stagpartynight.com\/es\/wp-json\/wp\/v2\/media?parent=3498"}],"wp:term":[{"taxonomy":"product_brand","embeddable":true,"href":"https:\/\/stagpartynight.com\/es\/wp-json\/wp\/v2\/product_brand?post=3498"},{"taxonomy":"product_cat","embeddable":true,"href":"https:\/\/stagpartynight.com\/es\/wp-json\/wp\/v2\/product_cat?post=3498"},{"taxonomy":"product_tag","embeddable":true,"href":"https:\/\/stagpartynight.com\/es\/wp-json\/wp\/v2\/product_tag?post=3498"}],"curies":[{"name":"wp","href":"https:\/\/api.w.org\/{rel}","templated":true}]}}