{"id":3499,"date":"2024-01-02T10:30:29","date_gmt":"2024-01-02T09:30:29","guid":{"rendered":"https:\/\/stagpartynight.com\/fr\/?post_type=product&#038;p=2745"},"modified":"2024-01-18T12:33:01","modified_gmt":"2024-01-18T11:33:01","slug":"paddle-surf-sup-mallorca","status":"publish","type":"product","link":"https:\/\/stagpartynight.com\/es\/product\/paddle-surf-sup-mallorca\/","title":{"rendered":"Paddle Surf SUP Mallorca"},"content":{"rendered":"<p>Paddle Surf SUP Mallorca. Disfruta de una hora de esta divertida actividad acu\u00e1tica en <a href=\"https:\/\/es.wikipedia.org\/wiki\/Mallorca\">Mallorca<\/a>.<\/p>\n<p>\u00a1Las mejores despedidas de soltero con <a href=\"https:\/\/stagpartynight.com\/\">Stagparty<\/a>!<\/p>\n<h2 style=\"text-align: center;\">Paddle Surf SUP Mallorca\ud83c\udfc4\u200d\u2642\ufe0f<\/h2>\n<h4>\n\ud83c\udf1f Descubre el Paddle Surf en Palma de Mallorca: \u00a1Una aventura inolvidable!<\/h4>\n<p>\u00a1Bienvenido a la aventura definitiva en las aguas cristalinas de Palma de Mallorca!<\/p>\n<p>\ud83c\udf0a Emb\u00e1rcate con nosotros en una experiencia exclusiva de paddle surf, en la que t\u00fa y tu grupo podr\u00e9is explorar las preciosas playas de la ciudad con total libertad durante una hora completa.<\/p>\n<p>\ud83c\udfc4\u200d\u2642\ufe0f Sube a bordo de nuestras espaciosas tablas dise\u00f1adas para dos personas, que ofrecen una experiencia de paddle surf \u00fanica y divertida. El paddle surf es la combinaci\u00f3n perfecta de diversi\u00f3n y deporte, ideal para todos los niveles de habilidad.<\/p>\n<p>Navegue a su ritmo, sintiendo como la brisa marina le acaricia la cara mientras admira el impresionante paisaje de la costa de Palma. Nuestro alquiler exclusivo garantiza total privacidad, permiti\u00e9ndote disfrutar de esta experiencia acu\u00e1tica con amigos o familia, lejos de las multitudes. \ud83c\udf34<\/p>\n<p>Reserva ahora para vivir una aventura memorable bajo el sol del Mediterr\u00e1neo. Vive la magia del paddle surf en Palma de Mallorca, donde mar, sol y diversi\u00f3n se unen para crear recuerdos inolvidables. Vive el momento y d\u00e9jate llevar por la belleza natural de este destino paradis\u00edaco.<\/p>\n<p style=\"text-align: center;\">\u00a1Disfruta del Paddle Surf SUP Mallorca!<\/p>\n","protected":false},"excerpt":{"rendered":"<p>Paddle Surf SUP Mallorca. Disfruta de una hora de esta divertida actividad acu\u00e1tica en Mallorca. \u00a1Las mejores despedidas de soltero con Stagparty! Paddle Surf SUP Mallorca\ud83c\udfc4\u200d\u2642\ufe0f \ud83c\udf1f Descubre el Paddle Surf en Palma de Mallorca: \u00a1Una aventura inolvidable! \u00a1Bienvenido a la aventura definitiva en las aguas cristalinas de Palma de Mallorca! \ud83c\udf0a Emb\u00e1rcate con nosotros [&hellip;]<\/p>\n","protected":false},"featured_media":3549,"comment_status":"open","ping_status":"closed","template":"","meta":{"_et_pb_use_builder":"","_et_pb_old_content":"","_et_gb_content_width":""},"product_brand":[],"product_cat":[342,1313],"product_tag":[],"class_list":{"0":"post-3499","1":"product","2":"type-product","3":"status-publish","4":"has-post-thumbnail","6":"product_cat-mallorca","7":"product_cat-uncategorised","9":"first","10":"instock","11":"shipping-taxable","12":"product-type-simple"},"yoast_head":"<!-- This site is optimized with the Yoast SEO plugin v26.4 - https:\/\/yoast.com\/wordpress\/plugins\/seo\/ -->\n<title>Paddle Surf SUP Mallorca<\/title>\n<meta name=\"description\" content=\"Paddle Surf SUP Mallorca. Disfruta de una hora de esta divertida actividad acu\u00e1tica en Mallorca. Experiencia acu\u00e1tica Mallorca.\" \/>\n<meta name=\"robots\" content=\"index, follow, max-snippet:-1, max-image-preview:large, max-video-preview:-1\" \/>\n<link rel=\"canonical\" href=\"https:\/\/stagpartynight.com\/es\/product\/paddle-surf-sup-mallorca\/\" \/>\n<meta property=\"og:locale\" content=\"es_ES\" \/>\n<meta property=\"og:type\" content=\"article\" \/>\n<meta property=\"og:title\" content=\"Paddle Surf SUP Mallorca\" \/>\n<meta property=\"og:description\" content=\"Paddle Surf SUP Mallorca. Disfruta de una hora de esta divertida actividad acu\u00e1tica en Mallorca. Experiencia acu\u00e1tica Mallorca.\" \/>\n<meta property=\"og:url\" content=\"https:\/\/stagpartynight.com\/es\/product\/paddle-surf-sup-mallorca\/\" \/>\n<meta property=\"og:site_name\" content=\"Despedida de Soltero\" \/>\n<meta property=\"article:modified_time\" content=\"2024-01-18T11:33:01+00:00\" \/>\n<meta property=\"og:image\" content=\"https:\/\/stagpartynight.com\/es\/wp-content\/uploads\/sites\/2\/2024\/01\/Paddle-Surf-SUP-Mallorca.jpg\" \/>\n\t<meta property=\"og:image:width\" content=\"576\" \/>\n\t<meta property=\"og:image:height\" content=\"1024\" \/>\n\t<meta property=\"og:image:type\" content=\"image\/jpeg\" \/>\n<meta name=\"twitter:card\" content=\"summary_large_image\" \/>\n<meta name=\"twitter:label1\" content=\"Tiempo de lectura\" \/>\n\t<meta name=\"twitter:data1\" content=\"2 minutos\" \/>\n<script type=\"application\/ld+json\" class=\"yoast-schema-graph\">{\"@context\":\"https:\/\/schema.org\",\"@graph\":[{\"@type\":\"WebPage\",\"@id\":\"https:\/\/stagpartynight.com\/es\/product\/paddle-surf-sup-mallorca\/\",\"url\":\"https:\/\/stagpartynight.com\/es\/product\/paddle-surf-sup-mallorca\/\",\"name\":\"Paddle Surf SUP Mallorca\",\"isPartOf\":{\"@id\":\"https:\/\/stagpartynight.com\/es\/#website\"},\"primaryImageOfPage\":{\"@id\":\"https:\/\/stagpartynight.com\/es\/product\/paddle-surf-sup-mallorca\/#primaryimage\"},\"image\":{\"@id\":\"https:\/\/stagpartynight.com\/es\/product\/paddle-surf-sup-mallorca\/#primaryimage\"},\"thumbnailUrl\":\"https:\/\/stagpartynight.com\/es\/wp-content\/uploads\/sites\/2\/2024\/01\/Paddle-Surf-SUP-Mallorca.jpg\",\"datePublished\":\"2024-01-02T09:30:29+00:00\",\"dateModified\":\"2024-01-18T11:33:01+00:00\",\"description\":\"Paddle Surf SUP Mallorca. Disfruta de una hora de esta divertida actividad acu\u00e1tica en Mallorca. Experiencia acu\u00e1tica Mallorca.\",\"breadcrumb\":{\"@id\":\"https:\/\/stagpartynight.com\/es\/product\/paddle-surf-sup-mallorca\/#breadcrumb\"},\"inLanguage\":\"es\",\"potentialAction\":[{\"@type\":\"ReadAction\",\"target\":[\"https:\/\/stagpartynight.com\/es\/product\/paddle-surf-sup-mallorca\/\"]}]},{\"@type\":\"ImageObject\",\"inLanguage\":\"es\",\"@id\":\"https:\/\/stagpartynight.com\/es\/product\/paddle-surf-sup-mallorca\/#primaryimage\",\"url\":\"https:\/\/stagpartynight.com\/es\/wp-content\/uploads\/sites\/2\/2024\/01\/Paddle-Surf-SUP-Mallorca.jpg\",\"contentUrl\":\"https:\/\/stagpartynight.com\/es\/wp-content\/uploads\/sites\/2\/2024\/01\/Paddle-Surf-SUP-Mallorca.jpg\",\"width\":576,\"height\":1024,\"caption\":\"Paddle Surf SUP Mallorca\"},{\"@type\":\"BreadcrumbList\",\"@id\":\"https:\/\/stagpartynight.com\/es\/product\/paddle-surf-sup-mallorca\/#breadcrumb\",\"itemListElement\":[{\"@type\":\"ListItem\",\"position\":1,\"name\":\"Home\",\"item\":\"https:\/\/stagpartynight.com\/es\/\"},{\"@type\":\"ListItem\",\"position\":2,\"name\":\"Tienda\",\"item\":\"https:\/\/stagpartynight.com\/es\/tienda\/\"},{\"@type\":\"ListItem\",\"position\":3,\"name\":\"Paddle Surf SUP Mallorca\"}]},{\"@type\":\"WebSite\",\"@id\":\"https:\/\/stagpartynight.com\/es\/#website\",\"url\":\"https:\/\/stagpartynight.com\/es\/\",\"name\":\"Stag Party Night\",\"description\":\"Your Stag Party Customized\",\"publisher\":{\"@id\":\"https:\/\/stagpartynight.com\/es\/#organization\"},\"potentialAction\":[{\"@type\":\"SearchAction\",\"target\":{\"@type\":\"EntryPoint\",\"urlTemplate\":\"https:\/\/stagpartynight.com\/es\/?s={search_term_string}\"},\"query-input\":{\"@type\":\"PropertyValueSpecification\",\"valueRequired\":true,\"valueName\":\"search_term_string\"}}],\"inLanguage\":\"es\"},{\"@type\":\"Organization\",\"@id\":\"https:\/\/stagpartynight.com\/es\/#organization\",\"name\":\"Stag Party Night\",\"url\":\"https:\/\/stagpartynight.com\/es\/\",\"logo\":{\"@type\":\"ImageObject\",\"inLanguage\":\"es\",\"@id\":\"https:\/\/stagpartynight.com\/es\/#\/schema\/logo\/image\/\",\"url\":\"https:\/\/stagpartynight.com\/es\/wp-content\/uploads\/sites\/2\/2019\/12\/stagpartynight-e1578565505687.png\",\"contentUrl\":\"https:\/\/stagpartynight.com\/es\/wp-content\/uploads\/sites\/2\/2019\/12\/stagpartynight-e1578565505687.png\",\"width\":400,\"height\":400,\"caption\":\"Stag Party Night\"},\"image\":{\"@id\":\"https:\/\/stagpartynight.com\/es\/#\/schema\/logo\/image\/\"}}]}<\/script>\n<!-- \/ Yoast SEO plugin. -->","yoast_head_json":{"title":"Paddle Surf SUP Mallorca","description":"Paddle Surf SUP Mallorca. Disfruta de una hora de esta divertida actividad acu\u00e1tica en Mallorca. Experiencia acu\u00e1tica Mallorca.","robots":{"index":"index","follow":"follow","max-snippet":"max-snippet:-1","max-image-preview":"max-image-preview:large","max-video-preview":"max-video-preview:-1"},"canonical":"https:\/\/stagpartynight.com\/es\/product\/paddle-surf-sup-mallorca\/","og_locale":"es_ES","og_type":"article","og_title":"Paddle Surf SUP Mallorca","og_description":"Paddle Surf SUP Mallorca. Disfruta de una hora de esta divertida actividad acu\u00e1tica en Mallorca. Experiencia acu\u00e1tica Mallorca.","og_url":"https:\/\/stagpartynight.com\/es\/product\/paddle-surf-sup-mallorca\/","og_site_name":"Despedida de Soltero","article_modified_time":"2024-01-18T11:33:01+00:00","og_image":[{"width":576,"height":1024,"url":"https:\/\/stagpartynight.com\/es\/wp-content\/uploads\/sites\/2\/2024\/01\/Paddle-Surf-SUP-Mallorca.jpg","type":"image\/jpeg"}],"twitter_card":"summary_large_image","twitter_misc":{"Tiempo de lectura":"2 minutos"},"schema":{"@context":"https:\/\/schema.org","@graph":[{"@type":"WebPage","@id":"https:\/\/stagpartynight.com\/es\/product\/paddle-surf-sup-mallorca\/","url":"https:\/\/stagpartynight.com\/es\/product\/paddle-surf-sup-mallorca\/","name":"Paddle Surf SUP Mallorca","isPartOf":{"@id":"https:\/\/stagpartynight.com\/es\/#website"},"primaryImageOfPage":{"@id":"https:\/\/stagpartynight.com\/es\/product\/paddle-surf-sup-mallorca\/#primaryimage"},"image":{"@id":"https:\/\/stagpartynight.com\/es\/product\/paddle-surf-sup-mallorca\/#primaryimage"},"thumbnailUrl":"https:\/\/stagpartynight.com\/es\/wp-content\/uploads\/sites\/2\/2024\/01\/Paddle-Surf-SUP-Mallorca.jpg","datePublished":"2024-01-02T09:30:29+00:00","dateModified":"2024-01-18T11:33:01+00:00","description":"Paddle Surf SUP Mallorca. Disfruta de una hora de esta divertida actividad acu\u00e1tica en Mallorca. Experiencia acu\u00e1tica Mallorca.","breadcrumb":{"@id":"https:\/\/stagpartynight.com\/es\/product\/paddle-surf-sup-mallorca\/#breadcrumb"},"inLanguage":"es","potentialAction":[{"@type":"ReadAction","target":["https:\/\/stagpartynight.com\/es\/product\/paddle-surf-sup-mallorca\/"]}]},{"@type":"ImageObject","inLanguage":"es","@id":"https:\/\/stagpartynight.com\/es\/product\/paddle-surf-sup-mallorca\/#primaryimage","url":"https:\/\/stagpartynight.com\/es\/wp-content\/uploads\/sites\/2\/2024\/01\/Paddle-Surf-SUP-Mallorca.jpg","contentUrl":"https:\/\/stagpartynight.com\/es\/wp-content\/uploads\/sites\/2\/2024\/01\/Paddle-Surf-SUP-Mallorca.jpg","width":576,"height":1024,"caption":"Paddle Surf SUP Mallorca"},{"@type":"BreadcrumbList","@id":"https:\/\/stagpartynight.com\/es\/product\/paddle-surf-sup-mallorca\/#breadcrumb","itemListElement":[{"@type":"ListItem","position":1,"name":"Home","item":"https:\/\/stagpartynight.com\/es\/"},{"@type":"ListItem","position":2,"name":"Tienda","item":"https:\/\/stagpartynight.com\/es\/tienda\/"},{"@type":"ListItem","position":3,"name":"Paddle Surf SUP Mallorca"}]},{"@type":"WebSite","@id":"https:\/\/stagpartynight.com\/es\/#website","url":"https:\/\/stagpartynight.com\/es\/","name":"Stag Party Night","description":"Your Stag Party Customized","publisher":{"@id":"https:\/\/stagpartynight.com\/es\/#organization"},"potentialAction":[{"@type":"SearchAction","target":{"@type":"EntryPoint","urlTemplate":"https:\/\/stagpartynight.com\/es\/?s={search_term_string}"},"query-input":{"@type":"PropertyValueSpecification","valueRequired":true,"valueName":"search_term_string"}}],"inLanguage":"es"},{"@type":"Organization","@id":"https:\/\/stagpartynight.com\/es\/#organization","name":"Stag Party Night","url":"https:\/\/stagpartynight.com\/es\/","logo":{"@type":"ImageObject","inLanguage":"es","@id":"https:\/\/stagpartynight.com\/es\/#\/schema\/logo\/image\/","url":"https:\/\/stagpartynight.com\/es\/wp-content\/uploads\/sites\/2\/2019\/12\/stagpartynight-e1578565505687.png","contentUrl":"https:\/\/stagpartynight.com\/es\/wp-content\/uploads\/sites\/2\/2019\/12\/stagpartynight-e1578565505687.png","width":400,"height":400,"caption":"Stag Party Night"},"image":{"@id":"https:\/\/stagpartynight.com\/es\/#\/schema\/logo\/image\/"}}]}},"_links":{"self":[{"href":"https:\/\/stagpartynight.com\/es\/wp-json\/wp\/v2\/product\/3499","targetHints":{"allow":["GET"]}}],"collection":[{"href":"https:\/\/stagpartynight.com\/es\/wp-json\/wp\/v2\/product"}],"about":[{"href":"https:\/\/stagpartynight.com\/es\/wp-json\/wp\/v2\/types\/product"}],"replies":[{"embeddable":true,"href":"https:\/\/stagpartynight.com\/es\/wp-json\/wp\/v2\/comments?post=3499"}],"wp:featuredmedia":[{"embeddable":true,"href":"https:\/\/stagpartynight.com\/es\/wp-json\/wp\/v2\/media\/3549"}],"wp:attachment":[{"href":"https:\/\/stagpartynight.com\/es\/wp-json\/wp\/v2\/media?parent=3499"}],"wp:term":[{"taxonomy":"product_brand","embeddable":true,"href":"https:\/\/stagpartynight.com\/es\/wp-json\/wp\/v2\/product_brand?post=3499"},{"taxonomy":"product_cat","embeddable":true,"href":"https:\/\/stagpartynight.com\/es\/wp-json\/wp\/v2\/product_cat?post=3499"},{"taxonomy":"product_tag","embeddable":true,"href":"https:\/\/stagpartynight.com\/es\/wp-json\/wp\/v2\/product_tag?post=3499"}],"curies":[{"name":"wp","href":"https:\/\/api.w.org\/{rel}","templated":true}]}}