{"id":3500,"date":"2024-01-02T10:48:40","date_gmt":"2024-01-02T09:48:40","guid":{"rendered":"https:\/\/stagpartynight.com\/fr\/?post_type=product&#038;p=2749"},"modified":"2024-01-18T12:33:00","modified_gmt":"2024-01-18T11:33:00","slug":"conducir-quad-mallorca","status":"publish","type":"product","link":"https:\/\/stagpartynight.com\/es\/product\/conducir-quad-mallorca\/","title":{"rendered":"Conducir Quad Mallorca"},"content":{"rendered":"<p>Conducir Quad <a href=\"https:\/\/es.wikipedia.org\/wiki\/Mallorca\">Mallorca<\/a>. Conducci\u00f3n de quads en Mallorca. Cuatro horas de conducci\u00f3n y quad alrededor de Cala Millor.<\/p>\n<p>\u00a1Las mejores despedidas de soltero con <a href=\"https:\/\/stagpartynight.com\/\">Stagparty<\/a>!<\/p>\n<h2 style=\"text-align: center;\">Conduce Quad Mallorca\ud83c\udfcd\ufe0f<\/h2>\n<h4>\n\ud83c\udfcd\ufe0f Vive la aventura en Quad: \u00a1Explora Cala Millor con estilo! \ud83c\udf1f<\/h4>\n<p>\u00a1Prep\u00e1rate para una emocionante aventura con nuestra excursi\u00f3n en quad de cuatro horas con salida desde Cala Millor!<\/p>\n<p>\ud83c\udfde\ufe0f Sube a bordo de tu quad todo terreno. Sum\u00e9rgete en una experiencia \u00fanica en el coraz\u00f3n de los magn\u00edficos paisajes de Mallorca.<\/p>\n<p>Su aventura comienza con usted tomando el control de su quad, listo para enfrentarse a las sinuosas carreteras y cautivadores senderos de Cala Millor. Nuestro completo paquete incluye todo el equipamiento necesario, garantizando una experiencia sin complicaciones. Cascos, gafas y un detallado briefing: nos aseguramos de que est\u00e9s \u00f3ptimamente preparado para la acci\u00f3n. \ud83d\uded1\ud83d\udd27<\/p>\n<p>Durante cuatro horas, explora los rincones m\u00e1s secretos de la isla, descubre vistas impresionantes y siente la adrenalina del quad a trav\u00e9s de paisajes variados. Nuestro itinerario, cuidadosamente planificado, ofrece una gran variedad de terrenos, desde playas resplandecientes hasta senderos monta\u00f1osos, creando la aventura perfecta entre emoci\u00f3n y exploraci\u00f3n. \ud83c\udf05\ud83c\udfde\ufe0f<\/p>\n<p>\u00danete a nosotros para vivir una experiencia inolvidable en quad, mezcla de aventura, exploraci\u00f3n y paisajes espectaculares. \u00a1Reserva ahora y prep\u00e1rate para una emocionante aventura en Cala Millor! \ud83c\udf1e\ud83c\udfcd\ufe0f<\/p>\n<p style=\"text-align: center;\">Reserva ahora, \u00a1conduce un Quad Mallorca!<\/p>\n","protected":false},"excerpt":{"rendered":"<p>Conducir Quad Mallorca. Conducci\u00f3n de quads en Mallorca. Cuatro horas de conducci\u00f3n y quad alrededor de Cala Millor. \u00a1Las mejores despedidas de soltero con Stagparty! Conduce Quad Mallorca\ud83c\udfcd\ufe0f \ud83c\udfcd\ufe0f Vive la aventura en Quad: \u00a1Explora Cala Millor con estilo! \ud83c\udf1f \u00a1Prep\u00e1rate para una emocionante aventura con nuestra excursi\u00f3n en quad de cuatro horas con salida [&hellip;]<\/p>\n","protected":false},"featured_media":3545,"comment_status":"open","ping_status":"closed","template":"","meta":{"_et_pb_use_builder":"","_et_pb_old_content":"","_et_gb_content_width":""},"product_brand":[],"product_cat":[342,1313],"product_tag":[],"class_list":{"0":"post-3500","1":"product","2":"type-product","3":"status-publish","4":"has-post-thumbnail","6":"product_cat-mallorca","7":"product_cat-uncategorised","9":"first","10":"instock","11":"shipping-taxable","12":"product-type-simple"},"yoast_head":"<!-- This site is optimized with the Yoast SEO plugin v26.4 - https:\/\/yoast.com\/wordpress\/plugins\/seo\/ -->\n<title>Conducir Quad Mallorca<\/title>\n<meta name=\"description\" content=\"Conducir Quad Mallorca. Conducci\u00f3n de quads en Mallorca. Cuatro horas de conducci\u00f3n y quad alrededor de Cala Millor. Experiencia Mallorca.\" \/>\n<meta name=\"robots\" content=\"index, follow, max-snippet:-1, max-image-preview:large, max-video-preview:-1\" \/>\n<link rel=\"canonical\" href=\"https:\/\/stagpartynight.com\/es\/product\/conducir-quad-mallorca\/\" \/>\n<meta property=\"og:locale\" content=\"es_ES\" \/>\n<meta property=\"og:type\" content=\"article\" \/>\n<meta property=\"og:title\" content=\"Conducir Quad Mallorca\" \/>\n<meta property=\"og:description\" content=\"Conducir Quad Mallorca. Conducci\u00f3n de quads en Mallorca. Cuatro horas de conducci\u00f3n y quad alrededor de Cala Millor. Experiencia Mallorca.\" \/>\n<meta property=\"og:url\" content=\"https:\/\/stagpartynight.com\/es\/product\/conducir-quad-mallorca\/\" \/>\n<meta property=\"og:site_name\" content=\"Despedida de Soltero\" \/>\n<meta property=\"article:modified_time\" content=\"2024-01-18T11:33:00+00:00\" \/>\n<meta property=\"og:image\" content=\"https:\/\/stagpartynight.com\/es\/wp-content\/uploads\/sites\/2\/2024\/01\/Conducir-Quad-Mallorca.jpg\" \/>\n\t<meta property=\"og:image:width\" content=\"1280\" \/>\n\t<meta property=\"og:image:height\" content=\"1916\" \/>\n\t<meta property=\"og:image:type\" content=\"image\/jpeg\" \/>\n<meta name=\"twitter:card\" content=\"summary_large_image\" \/>\n<meta name=\"twitter:label1\" content=\"Tiempo de lectura\" \/>\n\t<meta name=\"twitter:data1\" content=\"2 minutos\" \/>\n<script type=\"application\/ld+json\" class=\"yoast-schema-graph\">{\"@context\":\"https:\/\/schema.org\",\"@graph\":[{\"@type\":\"WebPage\",\"@id\":\"https:\/\/stagpartynight.com\/es\/product\/conducir-quad-mallorca\/\",\"url\":\"https:\/\/stagpartynight.com\/es\/product\/conducir-quad-mallorca\/\",\"name\":\"Conducir Quad Mallorca\",\"isPartOf\":{\"@id\":\"https:\/\/stagpartynight.com\/es\/#website\"},\"primaryImageOfPage\":{\"@id\":\"https:\/\/stagpartynight.com\/es\/product\/conducir-quad-mallorca\/#primaryimage\"},\"image\":{\"@id\":\"https:\/\/stagpartynight.com\/es\/product\/conducir-quad-mallorca\/#primaryimage\"},\"thumbnailUrl\":\"https:\/\/stagpartynight.com\/es\/wp-content\/uploads\/sites\/2\/2024\/01\/Conducir-Quad-Mallorca.jpg\",\"datePublished\":\"2024-01-02T09:48:40+00:00\",\"dateModified\":\"2024-01-18T11:33:00+00:00\",\"description\":\"Conducir Quad Mallorca. Conducci\u00f3n de quads en Mallorca. Cuatro horas de conducci\u00f3n y quad alrededor de Cala Millor. Experiencia Mallorca.\",\"breadcrumb\":{\"@id\":\"https:\/\/stagpartynight.com\/es\/product\/conducir-quad-mallorca\/#breadcrumb\"},\"inLanguage\":\"es\",\"potentialAction\":[{\"@type\":\"ReadAction\",\"target\":[\"https:\/\/stagpartynight.com\/es\/product\/conducir-quad-mallorca\/\"]}]},{\"@type\":\"ImageObject\",\"inLanguage\":\"es\",\"@id\":\"https:\/\/stagpartynight.com\/es\/product\/conducir-quad-mallorca\/#primaryimage\",\"url\":\"https:\/\/stagpartynight.com\/es\/wp-content\/uploads\/sites\/2\/2024\/01\/Conducir-Quad-Mallorca.jpg\",\"contentUrl\":\"https:\/\/stagpartynight.com\/es\/wp-content\/uploads\/sites\/2\/2024\/01\/Conducir-Quad-Mallorca.jpg\",\"width\":1280,\"height\":1916,\"caption\":\"Conducir Quad Mallorca\"},{\"@type\":\"BreadcrumbList\",\"@id\":\"https:\/\/stagpartynight.com\/es\/product\/conducir-quad-mallorca\/#breadcrumb\",\"itemListElement\":[{\"@type\":\"ListItem\",\"position\":1,\"name\":\"Home\",\"item\":\"https:\/\/stagpartynight.com\/es\/\"},{\"@type\":\"ListItem\",\"position\":2,\"name\":\"Tienda\",\"item\":\"https:\/\/stagpartynight.com\/es\/tienda\/\"},{\"@type\":\"ListItem\",\"position\":3,\"name\":\"Conducir Quad Mallorca\"}]},{\"@type\":\"WebSite\",\"@id\":\"https:\/\/stagpartynight.com\/es\/#website\",\"url\":\"https:\/\/stagpartynight.com\/es\/\",\"name\":\"Stag Party Night\",\"description\":\"Your Stag Party Customized\",\"publisher\":{\"@id\":\"https:\/\/stagpartynight.com\/es\/#organization\"},\"potentialAction\":[{\"@type\":\"SearchAction\",\"target\":{\"@type\":\"EntryPoint\",\"urlTemplate\":\"https:\/\/stagpartynight.com\/es\/?s={search_term_string}\"},\"query-input\":{\"@type\":\"PropertyValueSpecification\",\"valueRequired\":true,\"valueName\":\"search_term_string\"}}],\"inLanguage\":\"es\"},{\"@type\":\"Organization\",\"@id\":\"https:\/\/stagpartynight.com\/es\/#organization\",\"name\":\"Stag Party Night\",\"url\":\"https:\/\/stagpartynight.com\/es\/\",\"logo\":{\"@type\":\"ImageObject\",\"inLanguage\":\"es\",\"@id\":\"https:\/\/stagpartynight.com\/es\/#\/schema\/logo\/image\/\",\"url\":\"https:\/\/stagpartynight.com\/es\/wp-content\/uploads\/sites\/2\/2019\/12\/stagpartynight-e1578565505687.png\",\"contentUrl\":\"https:\/\/stagpartynight.com\/es\/wp-content\/uploads\/sites\/2\/2019\/12\/stagpartynight-e1578565505687.png\",\"width\":400,\"height\":400,\"caption\":\"Stag Party Night\"},\"image\":{\"@id\":\"https:\/\/stagpartynight.com\/es\/#\/schema\/logo\/image\/\"}}]}<\/script>\n<!-- \/ Yoast SEO plugin. -->","yoast_head_json":{"title":"Conducir Quad Mallorca","description":"Conducir Quad Mallorca. Conducci\u00f3n de quads en Mallorca. Cuatro horas de conducci\u00f3n y quad alrededor de Cala Millor. Experiencia Mallorca.","robots":{"index":"index","follow":"follow","max-snippet":"max-snippet:-1","max-image-preview":"max-image-preview:large","max-video-preview":"max-video-preview:-1"},"canonical":"https:\/\/stagpartynight.com\/es\/product\/conducir-quad-mallorca\/","og_locale":"es_ES","og_type":"article","og_title":"Conducir Quad Mallorca","og_description":"Conducir Quad Mallorca. Conducci\u00f3n de quads en Mallorca. Cuatro horas de conducci\u00f3n y quad alrededor de Cala Millor. Experiencia Mallorca.","og_url":"https:\/\/stagpartynight.com\/es\/product\/conducir-quad-mallorca\/","og_site_name":"Despedida de Soltero","article_modified_time":"2024-01-18T11:33:00+00:00","og_image":[{"width":1280,"height":1916,"url":"https:\/\/stagpartynight.com\/es\/wp-content\/uploads\/sites\/2\/2024\/01\/Conducir-Quad-Mallorca.jpg","type":"image\/jpeg"}],"twitter_card":"summary_large_image","twitter_misc":{"Tiempo de lectura":"2 minutos"},"schema":{"@context":"https:\/\/schema.org","@graph":[{"@type":"WebPage","@id":"https:\/\/stagpartynight.com\/es\/product\/conducir-quad-mallorca\/","url":"https:\/\/stagpartynight.com\/es\/product\/conducir-quad-mallorca\/","name":"Conducir Quad Mallorca","isPartOf":{"@id":"https:\/\/stagpartynight.com\/es\/#website"},"primaryImageOfPage":{"@id":"https:\/\/stagpartynight.com\/es\/product\/conducir-quad-mallorca\/#primaryimage"},"image":{"@id":"https:\/\/stagpartynight.com\/es\/product\/conducir-quad-mallorca\/#primaryimage"},"thumbnailUrl":"https:\/\/stagpartynight.com\/es\/wp-content\/uploads\/sites\/2\/2024\/01\/Conducir-Quad-Mallorca.jpg","datePublished":"2024-01-02T09:48:40+00:00","dateModified":"2024-01-18T11:33:00+00:00","description":"Conducir Quad Mallorca. Conducci\u00f3n de quads en Mallorca. Cuatro horas de conducci\u00f3n y quad alrededor de Cala Millor. Experiencia Mallorca.","breadcrumb":{"@id":"https:\/\/stagpartynight.com\/es\/product\/conducir-quad-mallorca\/#breadcrumb"},"inLanguage":"es","potentialAction":[{"@type":"ReadAction","target":["https:\/\/stagpartynight.com\/es\/product\/conducir-quad-mallorca\/"]}]},{"@type":"ImageObject","inLanguage":"es","@id":"https:\/\/stagpartynight.com\/es\/product\/conducir-quad-mallorca\/#primaryimage","url":"https:\/\/stagpartynight.com\/es\/wp-content\/uploads\/sites\/2\/2024\/01\/Conducir-Quad-Mallorca.jpg","contentUrl":"https:\/\/stagpartynight.com\/es\/wp-content\/uploads\/sites\/2\/2024\/01\/Conducir-Quad-Mallorca.jpg","width":1280,"height":1916,"caption":"Conducir Quad Mallorca"},{"@type":"BreadcrumbList","@id":"https:\/\/stagpartynight.com\/es\/product\/conducir-quad-mallorca\/#breadcrumb","itemListElement":[{"@type":"ListItem","position":1,"name":"Home","item":"https:\/\/stagpartynight.com\/es\/"},{"@type":"ListItem","position":2,"name":"Tienda","item":"https:\/\/stagpartynight.com\/es\/tienda\/"},{"@type":"ListItem","position":3,"name":"Conducir Quad Mallorca"}]},{"@type":"WebSite","@id":"https:\/\/stagpartynight.com\/es\/#website","url":"https:\/\/stagpartynight.com\/es\/","name":"Stag Party Night","description":"Your Stag Party Customized","publisher":{"@id":"https:\/\/stagpartynight.com\/es\/#organization"},"potentialAction":[{"@type":"SearchAction","target":{"@type":"EntryPoint","urlTemplate":"https:\/\/stagpartynight.com\/es\/?s={search_term_string}"},"query-input":{"@type":"PropertyValueSpecification","valueRequired":true,"valueName":"search_term_string"}}],"inLanguage":"es"},{"@type":"Organization","@id":"https:\/\/stagpartynight.com\/es\/#organization","name":"Stag Party Night","url":"https:\/\/stagpartynight.com\/es\/","logo":{"@type":"ImageObject","inLanguage":"es","@id":"https:\/\/stagpartynight.com\/es\/#\/schema\/logo\/image\/","url":"https:\/\/stagpartynight.com\/es\/wp-content\/uploads\/sites\/2\/2019\/12\/stagpartynight-e1578565505687.png","contentUrl":"https:\/\/stagpartynight.com\/es\/wp-content\/uploads\/sites\/2\/2019\/12\/stagpartynight-e1578565505687.png","width":400,"height":400,"caption":"Stag Party Night"},"image":{"@id":"https:\/\/stagpartynight.com\/es\/#\/schema\/logo\/image\/"}}]}},"_links":{"self":[{"href":"https:\/\/stagpartynight.com\/es\/wp-json\/wp\/v2\/product\/3500","targetHints":{"allow":["GET"]}}],"collection":[{"href":"https:\/\/stagpartynight.com\/es\/wp-json\/wp\/v2\/product"}],"about":[{"href":"https:\/\/stagpartynight.com\/es\/wp-json\/wp\/v2\/types\/product"}],"replies":[{"embeddable":true,"href":"https:\/\/stagpartynight.com\/es\/wp-json\/wp\/v2\/comments?post=3500"}],"wp:featuredmedia":[{"embeddable":true,"href":"https:\/\/stagpartynight.com\/es\/wp-json\/wp\/v2\/media\/3545"}],"wp:attachment":[{"href":"https:\/\/stagpartynight.com\/es\/wp-json\/wp\/v2\/media?parent=3500"}],"wp:term":[{"taxonomy":"product_brand","embeddable":true,"href":"https:\/\/stagpartynight.com\/es\/wp-json\/wp\/v2\/product_brand?post=3500"},{"taxonomy":"product_cat","embeddable":true,"href":"https:\/\/stagpartynight.com\/es\/wp-json\/wp\/v2\/product_cat?post=3500"},{"taxonomy":"product_tag","embeddable":true,"href":"https:\/\/stagpartynight.com\/es\/wp-json\/wp\/v2\/product_tag?post=3500"}],"curies":[{"name":"wp","href":"https:\/\/api.w.org\/{rel}","templated":true}]}}