{"id":3501,"date":"2024-01-02T10:58:37","date_gmt":"2024-01-02T09:58:37","guid":{"rendered":"https:\/\/stagpartynight.com\/fr\/?post_type=product&#038;p=2751"},"modified":"2024-01-18T12:32:59","modified_gmt":"2024-01-18T11:32:59","slug":"conducir-jeep-mallorca","status":"publish","type":"product","link":"https:\/\/stagpartynight.com\/es\/product\/conducir-jeep-mallorca\/","title":{"rendered":"Conducir Jeep Mallorca"},"content":{"rendered":"<p>Conducir Jeep Mallorca. Disfruta de una excursi\u00f3n en Jeep de cuatro horas por <a href=\"https:\/\/es.wikipedia.org\/wiki\/Mallorca\">Mallorca<\/a>.<\/p>\n<p>Las mejores despedidas de soltero con <a href=\"https:\/\/stagpartynight.com\/\">Stagparty<\/a><\/p>\n<h2 style=\"text-align: center;\">Conducir Jeep Mallorca<\/h2>\n<h4>\n\ud83d\ude99 Explora Cala Millor en Jeep: \u00a1Una aventura todoterreno inolvidable! \ud83c\udf1f<\/h4>\n<p>\u00a1Prep\u00e1rate para una aventura inolvidable con nuestra excursi\u00f3n en Jeep de cuatro horas con salida desde Cala Millor!<\/p>\n<p>\ud83c\udfde\ufe0f Sube a bordo de tu Jeep todoterreno y sum\u00e9rgete en una experiencia \u00fanica en el coraz\u00f3n de los magn\u00edficos paisajes de Mallorca.<\/p>\n<p>Su aventura comienza cuando usted toma el control de su Jeep, listo para conquistar las sinuosas carreteras y los cautivadores senderos de Cala Millor. Nuestro completo paquete incluye todo el equipamiento necesario, garantizando una experiencia sin complicaciones. Cascos, briefing detallado y todo lo que necesitas para una exitosa aventura off-road. \ud83c\udf04\ud83d\uddfa\ufe0f<\/p>\n<p>Durante cuatro horas, \u00a1explora los rincones m\u00e1s secretos de la isla! Descubre vistas impresionantes y siente la emoci\u00f3n de conducir un Jeep por paisajes variados. Nuestro itinerario, cuidadosamente planificado, ofrece una gran variedad de terrenos, desde playas resplandecientes hasta senderos monta\u00f1osos, creando la aventura perfecta entre emoci\u00f3n y exploraci\u00f3n. \ud83c\udfdc\ufe0f\ud83d\ude99<\/p>\n<p>\u00danase a nosotros para vivir una experiencia inolvidable en Jeep, que combina aventura, exploraci\u00f3n y paisajes espectaculares.<\/p>\n<p style=\"text-align: center;\">\u00a1Reserva ahora y prep\u00e1rate para una emocionante aventura en Cala Millor! \ud83c\udf1e\ud83d\ude99<\/p>\n","protected":false},"excerpt":{"rendered":"<p>Conducir Jeep Mallorca. Disfruta de una excursi\u00f3n en Jeep de cuatro horas por Mallorca. Las mejores despedidas de soltero con Stagparty Conducir Jeep Mallorca \ud83d\ude99 Explora Cala Millor en Jeep: \u00a1Una aventura todoterreno inolvidable! \ud83c\udf1f \u00a1Prep\u00e1rate para una aventura inolvidable con nuestra excursi\u00f3n en Jeep de cuatro horas con salida desde Cala Millor! \ud83c\udfde\ufe0f Sube [&hellip;]<\/p>\n","protected":false},"featured_media":3543,"comment_status":"open","ping_status":"closed","template":"","meta":{"_et_pb_use_builder":"","_et_pb_old_content":"","_et_gb_content_width":""},"product_brand":[],"product_cat":[342,1313],"product_tag":[],"class_list":{"0":"post-3501","1":"product","2":"type-product","3":"status-publish","4":"has-post-thumbnail","6":"product_cat-mallorca","7":"product_cat-uncategorised","9":"first","10":"instock","11":"shipping-taxable","12":"product-type-simple"},"yoast_head":"<!-- This site is optimized with the Yoast SEO plugin v26.4 - https:\/\/yoast.com\/wordpress\/plugins\/seo\/ -->\n<title>Conducir Jeep Mallorca<\/title>\n<meta name=\"description\" content=\"Conducir Jeep Mallorca. Disfruta de una excursi\u00f3n en Jeep de cuatro horas por Mallorca. Experiencia \u00fanica por Mallorca, Espa\u00f1a.\" \/>\n<meta name=\"robots\" content=\"index, follow, max-snippet:-1, max-image-preview:large, max-video-preview:-1\" \/>\n<link rel=\"canonical\" href=\"https:\/\/stagpartynight.com\/es\/product\/conducir-jeep-mallorca\/\" \/>\n<meta property=\"og:locale\" content=\"es_ES\" \/>\n<meta property=\"og:type\" content=\"article\" \/>\n<meta property=\"og:title\" content=\"Conducir Jeep Mallorca\" \/>\n<meta property=\"og:description\" content=\"Conducir Jeep Mallorca. Disfruta de una excursi\u00f3n en Jeep de cuatro horas por Mallorca. Experiencia \u00fanica por Mallorca, Espa\u00f1a.\" \/>\n<meta property=\"og:url\" content=\"https:\/\/stagpartynight.com\/es\/product\/conducir-jeep-mallorca\/\" \/>\n<meta property=\"og:site_name\" content=\"Despedida de Soltero\" \/>\n<meta property=\"article:modified_time\" content=\"2024-01-18T11:32:59+00:00\" \/>\n<meta property=\"og:image\" content=\"https:\/\/stagpartynight.com\/es\/wp-content\/uploads\/sites\/2\/2024\/01\/Conducir-Jeep-Mallorca.jpg\" \/>\n\t<meta property=\"og:image:width\" content=\"1280\" \/>\n\t<meta property=\"og:image:height\" content=\"853\" \/>\n\t<meta property=\"og:image:type\" content=\"image\/jpeg\" \/>\n<meta name=\"twitter:card\" content=\"summary_large_image\" \/>\n<meta name=\"twitter:label1\" content=\"Tiempo de lectura\" \/>\n\t<meta name=\"twitter:data1\" content=\"2 minutos\" \/>\n<script type=\"application\/ld+json\" class=\"yoast-schema-graph\">{\"@context\":\"https:\/\/schema.org\",\"@graph\":[{\"@type\":\"WebPage\",\"@id\":\"https:\/\/stagpartynight.com\/es\/product\/conducir-jeep-mallorca\/\",\"url\":\"https:\/\/stagpartynight.com\/es\/product\/conducir-jeep-mallorca\/\",\"name\":\"Conducir Jeep Mallorca\",\"isPartOf\":{\"@id\":\"https:\/\/stagpartynight.com\/es\/#website\"},\"primaryImageOfPage\":{\"@id\":\"https:\/\/stagpartynight.com\/es\/product\/conducir-jeep-mallorca\/#primaryimage\"},\"image\":{\"@id\":\"https:\/\/stagpartynight.com\/es\/product\/conducir-jeep-mallorca\/#primaryimage\"},\"thumbnailUrl\":\"https:\/\/stagpartynight.com\/es\/wp-content\/uploads\/sites\/2\/2024\/01\/Conducir-Jeep-Mallorca.jpg\",\"datePublished\":\"2024-01-02T09:58:37+00:00\",\"dateModified\":\"2024-01-18T11:32:59+00:00\",\"description\":\"Conducir Jeep Mallorca. Disfruta de una excursi\u00f3n en Jeep de cuatro horas por Mallorca. Experiencia \u00fanica por Mallorca, Espa\u00f1a.\",\"breadcrumb\":{\"@id\":\"https:\/\/stagpartynight.com\/es\/product\/conducir-jeep-mallorca\/#breadcrumb\"},\"inLanguage\":\"es\",\"potentialAction\":[{\"@type\":\"ReadAction\",\"target\":[\"https:\/\/stagpartynight.com\/es\/product\/conducir-jeep-mallorca\/\"]}]},{\"@type\":\"ImageObject\",\"inLanguage\":\"es\",\"@id\":\"https:\/\/stagpartynight.com\/es\/product\/conducir-jeep-mallorca\/#primaryimage\",\"url\":\"https:\/\/stagpartynight.com\/es\/wp-content\/uploads\/sites\/2\/2024\/01\/Conducir-Jeep-Mallorca.jpg\",\"contentUrl\":\"https:\/\/stagpartynight.com\/es\/wp-content\/uploads\/sites\/2\/2024\/01\/Conducir-Jeep-Mallorca.jpg\",\"width\":1280,\"height\":853,\"caption\":\"Conducir Jeep Mallorca\"},{\"@type\":\"BreadcrumbList\",\"@id\":\"https:\/\/stagpartynight.com\/es\/product\/conducir-jeep-mallorca\/#breadcrumb\",\"itemListElement\":[{\"@type\":\"ListItem\",\"position\":1,\"name\":\"Home\",\"item\":\"https:\/\/stagpartynight.com\/es\/\"},{\"@type\":\"ListItem\",\"position\":2,\"name\":\"Tienda\",\"item\":\"https:\/\/stagpartynight.com\/es\/tienda\/\"},{\"@type\":\"ListItem\",\"position\":3,\"name\":\"Conducir Jeep Mallorca\"}]},{\"@type\":\"WebSite\",\"@id\":\"https:\/\/stagpartynight.com\/es\/#website\",\"url\":\"https:\/\/stagpartynight.com\/es\/\",\"name\":\"Stag Party Night\",\"description\":\"Your Stag Party Customized\",\"publisher\":{\"@id\":\"https:\/\/stagpartynight.com\/es\/#organization\"},\"potentialAction\":[{\"@type\":\"SearchAction\",\"target\":{\"@type\":\"EntryPoint\",\"urlTemplate\":\"https:\/\/stagpartynight.com\/es\/?s={search_term_string}\"},\"query-input\":{\"@type\":\"PropertyValueSpecification\",\"valueRequired\":true,\"valueName\":\"search_term_string\"}}],\"inLanguage\":\"es\"},{\"@type\":\"Organization\",\"@id\":\"https:\/\/stagpartynight.com\/es\/#organization\",\"name\":\"Stag Party Night\",\"url\":\"https:\/\/stagpartynight.com\/es\/\",\"logo\":{\"@type\":\"ImageObject\",\"inLanguage\":\"es\",\"@id\":\"https:\/\/stagpartynight.com\/es\/#\/schema\/logo\/image\/\",\"url\":\"https:\/\/stagpartynight.com\/es\/wp-content\/uploads\/sites\/2\/2019\/12\/stagpartynight-e1578565505687.png\",\"contentUrl\":\"https:\/\/stagpartynight.com\/es\/wp-content\/uploads\/sites\/2\/2019\/12\/stagpartynight-e1578565505687.png\",\"width\":400,\"height\":400,\"caption\":\"Stag Party Night\"},\"image\":{\"@id\":\"https:\/\/stagpartynight.com\/es\/#\/schema\/logo\/image\/\"}}]}<\/script>\n<!-- \/ Yoast SEO plugin. -->","yoast_head_json":{"title":"Conducir Jeep Mallorca","description":"Conducir Jeep Mallorca. Disfruta de una excursi\u00f3n en Jeep de cuatro horas por Mallorca. Experiencia \u00fanica por Mallorca, Espa\u00f1a.","robots":{"index":"index","follow":"follow","max-snippet":"max-snippet:-1","max-image-preview":"max-image-preview:large","max-video-preview":"max-video-preview:-1"},"canonical":"https:\/\/stagpartynight.com\/es\/product\/conducir-jeep-mallorca\/","og_locale":"es_ES","og_type":"article","og_title":"Conducir Jeep Mallorca","og_description":"Conducir Jeep Mallorca. Disfruta de una excursi\u00f3n en Jeep de cuatro horas por Mallorca. Experiencia \u00fanica por Mallorca, Espa\u00f1a.","og_url":"https:\/\/stagpartynight.com\/es\/product\/conducir-jeep-mallorca\/","og_site_name":"Despedida de Soltero","article_modified_time":"2024-01-18T11:32:59+00:00","og_image":[{"width":1280,"height":853,"url":"https:\/\/stagpartynight.com\/es\/wp-content\/uploads\/sites\/2\/2024\/01\/Conducir-Jeep-Mallorca.jpg","type":"image\/jpeg"}],"twitter_card":"summary_large_image","twitter_misc":{"Tiempo de lectura":"2 minutos"},"schema":{"@context":"https:\/\/schema.org","@graph":[{"@type":"WebPage","@id":"https:\/\/stagpartynight.com\/es\/product\/conducir-jeep-mallorca\/","url":"https:\/\/stagpartynight.com\/es\/product\/conducir-jeep-mallorca\/","name":"Conducir Jeep Mallorca","isPartOf":{"@id":"https:\/\/stagpartynight.com\/es\/#website"},"primaryImageOfPage":{"@id":"https:\/\/stagpartynight.com\/es\/product\/conducir-jeep-mallorca\/#primaryimage"},"image":{"@id":"https:\/\/stagpartynight.com\/es\/product\/conducir-jeep-mallorca\/#primaryimage"},"thumbnailUrl":"https:\/\/stagpartynight.com\/es\/wp-content\/uploads\/sites\/2\/2024\/01\/Conducir-Jeep-Mallorca.jpg","datePublished":"2024-01-02T09:58:37+00:00","dateModified":"2024-01-18T11:32:59+00:00","description":"Conducir Jeep Mallorca. Disfruta de una excursi\u00f3n en Jeep de cuatro horas por Mallorca. Experiencia \u00fanica por Mallorca, Espa\u00f1a.","breadcrumb":{"@id":"https:\/\/stagpartynight.com\/es\/product\/conducir-jeep-mallorca\/#breadcrumb"},"inLanguage":"es","potentialAction":[{"@type":"ReadAction","target":["https:\/\/stagpartynight.com\/es\/product\/conducir-jeep-mallorca\/"]}]},{"@type":"ImageObject","inLanguage":"es","@id":"https:\/\/stagpartynight.com\/es\/product\/conducir-jeep-mallorca\/#primaryimage","url":"https:\/\/stagpartynight.com\/es\/wp-content\/uploads\/sites\/2\/2024\/01\/Conducir-Jeep-Mallorca.jpg","contentUrl":"https:\/\/stagpartynight.com\/es\/wp-content\/uploads\/sites\/2\/2024\/01\/Conducir-Jeep-Mallorca.jpg","width":1280,"height":853,"caption":"Conducir Jeep Mallorca"},{"@type":"BreadcrumbList","@id":"https:\/\/stagpartynight.com\/es\/product\/conducir-jeep-mallorca\/#breadcrumb","itemListElement":[{"@type":"ListItem","position":1,"name":"Home","item":"https:\/\/stagpartynight.com\/es\/"},{"@type":"ListItem","position":2,"name":"Tienda","item":"https:\/\/stagpartynight.com\/es\/tienda\/"},{"@type":"ListItem","position":3,"name":"Conducir Jeep Mallorca"}]},{"@type":"WebSite","@id":"https:\/\/stagpartynight.com\/es\/#website","url":"https:\/\/stagpartynight.com\/es\/","name":"Stag Party Night","description":"Your Stag Party Customized","publisher":{"@id":"https:\/\/stagpartynight.com\/es\/#organization"},"potentialAction":[{"@type":"SearchAction","target":{"@type":"EntryPoint","urlTemplate":"https:\/\/stagpartynight.com\/es\/?s={search_term_string}"},"query-input":{"@type":"PropertyValueSpecification","valueRequired":true,"valueName":"search_term_string"}}],"inLanguage":"es"},{"@type":"Organization","@id":"https:\/\/stagpartynight.com\/es\/#organization","name":"Stag Party Night","url":"https:\/\/stagpartynight.com\/es\/","logo":{"@type":"ImageObject","inLanguage":"es","@id":"https:\/\/stagpartynight.com\/es\/#\/schema\/logo\/image\/","url":"https:\/\/stagpartynight.com\/es\/wp-content\/uploads\/sites\/2\/2019\/12\/stagpartynight-e1578565505687.png","contentUrl":"https:\/\/stagpartynight.com\/es\/wp-content\/uploads\/sites\/2\/2019\/12\/stagpartynight-e1578565505687.png","width":400,"height":400,"caption":"Stag Party Night"},"image":{"@id":"https:\/\/stagpartynight.com\/es\/#\/schema\/logo\/image\/"}}]}},"_links":{"self":[{"href":"https:\/\/stagpartynight.com\/es\/wp-json\/wp\/v2\/product\/3501","targetHints":{"allow":["GET"]}}],"collection":[{"href":"https:\/\/stagpartynight.com\/es\/wp-json\/wp\/v2\/product"}],"about":[{"href":"https:\/\/stagpartynight.com\/es\/wp-json\/wp\/v2\/types\/product"}],"replies":[{"embeddable":true,"href":"https:\/\/stagpartynight.com\/es\/wp-json\/wp\/v2\/comments?post=3501"}],"wp:featuredmedia":[{"embeddable":true,"href":"https:\/\/stagpartynight.com\/es\/wp-json\/wp\/v2\/media\/3543"}],"wp:attachment":[{"href":"https:\/\/stagpartynight.com\/es\/wp-json\/wp\/v2\/media?parent=3501"}],"wp:term":[{"taxonomy":"product_brand","embeddable":true,"href":"https:\/\/stagpartynight.com\/es\/wp-json\/wp\/v2\/product_brand?post=3501"},{"taxonomy":"product_cat","embeddable":true,"href":"https:\/\/stagpartynight.com\/es\/wp-json\/wp\/v2\/product_cat?post=3501"},{"taxonomy":"product_tag","embeddable":true,"href":"https:\/\/stagpartynight.com\/es\/wp-json\/wp\/v2\/product_tag?post=3501"}],"curies":[{"name":"wp","href":"https:\/\/api.w.org\/{rel}","templated":true}]}}