{"id":3502,"date":"2024-01-02T11:13:51","date_gmt":"2024-01-02T10:13:51","guid":{"rendered":"https:\/\/stagpartynight.com\/fr\/?post_type=product&#038;p=2757"},"modified":"2024-01-18T12:32:58","modified_gmt":"2024-01-18T11:32:58","slug":"cata-de-vinos-mallorca","status":"publish","type":"product","link":"https:\/\/stagpartynight.com\/es\/product\/cata-de-vinos-mallorca\/","title":{"rendered":"Cata de Vinos Mallorca"},"content":{"rendered":"<p>Cata de vinos Mallorca. Disfruta al m\u00e1ximo de Mallorca con esta degustaci\u00f3n de cuatro copas de vino y tapas.<\/p>\n<p>\u00a1Las mejores despedidas de soltero con <a href=\"https:\/\/stagpartynight.com\/\">Stagparty<\/a>!<\/p>\n<h2 style=\"text-align: center;\">Cata de vinos Mallorca\ud83c\udf77<\/h2>\n<h4>\n\ud83c\udf47 Excursi\u00f3n enol\u00f3gica por Mallorca: vinos y tapas espa\u00f1olas\ud83c\udf77<\/h4>\n<p>\u00a1Explore las delicias vin\u00edcolas de Mallorca a trav\u00e9s de nuestra experiencia de cata de cuatro vinos! Una oportunidad \u00fanica para descubrir los tesoros enol\u00f3gicos de la isla junto a deliciosas tapas espa\u00f1olas.<\/p>\n<p>Sum\u00e9rgete en el arte de la cata de vinos rodeado de los paisajes mediterr\u00e1neos de Mallorca. Nuestros expertos en vino le guiar\u00e1n a trav\u00e9s de un viaje sensorial, present\u00e1ndole cuatro vinos locales excepcionales, cada uno de los cuales cuenta una historia \u00fanica de terroir y tradici\u00f3n vin\u00edcola. \ud83c\udf3f<\/p>\n<p>Maridados con tapas espa\u00f1olas, estos vinos revelar\u00e1n su car\u00e1cter distintivo, creando una sinfon\u00eda de sabores que despertar\u00e1 sus sentidos. Disfrute del ambiente acogedor de nuestras bodegas, donde la pasi\u00f3n por el vino mallorqu\u00edn se mezcla con la delicadeza de la comida espa\u00f1ola. \ud83e\uddc0<\/p>\n<p>Tanto si eres un entendido como si simplemente est\u00e1s \u00e1vido de nuevas experiencias gustativas, esta cata promete ser una aventura inolvidable.\ud83c\udf47<\/p>\n<p>Reserva ahora y d\u00e9jate llevar en un viaje donde el vino y la comida se unen para crear recuerdos duraderos.<\/p>\n<p style=\"text-align: center;\">Salud por <a href=\"https:\/\/es.wikipedia.org\/wiki\/Mallorca\">Mallorca<\/a>! \ud83c\udf77\ud83c\udf74<\/p>\n","protected":false},"excerpt":{"rendered":"<p>Cata de vinos Mallorca. Disfruta al m\u00e1ximo de Mallorca con esta degustaci\u00f3n de cuatro copas de vino y tapas. \u00a1Las mejores despedidas de soltero con Stagparty! Cata de vinos Mallorca\ud83c\udf77 \ud83c\udf47 Excursi\u00f3n enol\u00f3gica por Mallorca: vinos y tapas espa\u00f1olas\ud83c\udf77 \u00a1Explore las delicias vin\u00edcolas de Mallorca a trav\u00e9s de nuestra experiencia de cata de cuatro vinos! [&hellip;]<\/p>\n","protected":false},"featured_media":3539,"comment_status":"open","ping_status":"closed","template":"","meta":{"_et_pb_use_builder":"","_et_pb_old_content":"","_et_gb_content_width":""},"product_brand":[],"product_cat":[342,1313],"product_tag":[],"class_list":{"0":"post-3502","1":"product","2":"type-product","3":"status-publish","4":"has-post-thumbnail","6":"product_cat-mallorca","7":"product_cat-uncategorised","9":"first","10":"instock","11":"shipping-taxable","12":"product-type-simple"},"yoast_head":"<!-- This site is optimized with the Yoast SEO plugin v26.4 - https:\/\/yoast.com\/wordpress\/plugins\/seo\/ -->\n<title>Cata de Vinos Mallorca<\/title>\n<meta name=\"description\" content=\"Cata de Vinos Mallorca . Disfruta al m\u00e1ximo de Mallorca con esta degustaci\u00f3n de cuatro copas de vino y tapas. Experiencia \u00fanica en Mallorca.\" \/>\n<meta name=\"robots\" content=\"index, follow, max-snippet:-1, max-image-preview:large, max-video-preview:-1\" \/>\n<link rel=\"canonical\" href=\"https:\/\/stagpartynight.com\/es\/product\/cata-de-vinos-mallorca\/\" \/>\n<meta property=\"og:locale\" content=\"es_ES\" \/>\n<meta property=\"og:type\" content=\"article\" \/>\n<meta property=\"og:title\" content=\"Cata de Vinos Mallorca\" \/>\n<meta property=\"og:description\" content=\"Cata de Vinos Mallorca . Disfruta al m\u00e1ximo de Mallorca con esta degustaci\u00f3n de cuatro copas de vino y tapas. Experiencia \u00fanica en Mallorca.\" \/>\n<meta property=\"og:url\" content=\"https:\/\/stagpartynight.com\/es\/product\/cata-de-vinos-mallorca\/\" \/>\n<meta property=\"og:site_name\" content=\"Despedida de Soltero\" \/>\n<meta property=\"article:modified_time\" content=\"2024-01-18T11:32:58+00:00\" \/>\n<meta property=\"og:image\" content=\"https:\/\/stagpartynight.com\/es\/wp-content\/uploads\/sites\/2\/2024\/01\/Cata-Vinos-Mallorca.jpg\" \/>\n\t<meta property=\"og:image:width\" content=\"1280\" \/>\n\t<meta property=\"og:image:height\" content=\"896\" \/>\n\t<meta property=\"og:image:type\" content=\"image\/jpeg\" \/>\n<meta name=\"twitter:card\" content=\"summary_large_image\" \/>\n<meta name=\"twitter:label1\" content=\"Tiempo de lectura\" \/>\n\t<meta name=\"twitter:data1\" content=\"2 minutos\" \/>\n<script type=\"application\/ld+json\" class=\"yoast-schema-graph\">{\"@context\":\"https:\/\/schema.org\",\"@graph\":[{\"@type\":\"WebPage\",\"@id\":\"https:\/\/stagpartynight.com\/es\/product\/cata-de-vinos-mallorca\/\",\"url\":\"https:\/\/stagpartynight.com\/es\/product\/cata-de-vinos-mallorca\/\",\"name\":\"Cata de Vinos Mallorca\",\"isPartOf\":{\"@id\":\"https:\/\/stagpartynight.com\/es\/#website\"},\"primaryImageOfPage\":{\"@id\":\"https:\/\/stagpartynight.com\/es\/product\/cata-de-vinos-mallorca\/#primaryimage\"},\"image\":{\"@id\":\"https:\/\/stagpartynight.com\/es\/product\/cata-de-vinos-mallorca\/#primaryimage\"},\"thumbnailUrl\":\"https:\/\/stagpartynight.com\/es\/wp-content\/uploads\/sites\/2\/2024\/01\/Cata-Vinos-Mallorca.jpg\",\"datePublished\":\"2024-01-02T10:13:51+00:00\",\"dateModified\":\"2024-01-18T11:32:58+00:00\",\"description\":\"Cata de Vinos Mallorca . Disfruta al m\u00e1ximo de Mallorca con esta degustaci\u00f3n de cuatro copas de vino y tapas. Experiencia \u00fanica en Mallorca.\",\"breadcrumb\":{\"@id\":\"https:\/\/stagpartynight.com\/es\/product\/cata-de-vinos-mallorca\/#breadcrumb\"},\"inLanguage\":\"es\",\"potentialAction\":[{\"@type\":\"ReadAction\",\"target\":[\"https:\/\/stagpartynight.com\/es\/product\/cata-de-vinos-mallorca\/\"]}]},{\"@type\":\"ImageObject\",\"inLanguage\":\"es\",\"@id\":\"https:\/\/stagpartynight.com\/es\/product\/cata-de-vinos-mallorca\/#primaryimage\",\"url\":\"https:\/\/stagpartynight.com\/es\/wp-content\/uploads\/sites\/2\/2024\/01\/Cata-Vinos-Mallorca.jpg\",\"contentUrl\":\"https:\/\/stagpartynight.com\/es\/wp-content\/uploads\/sites\/2\/2024\/01\/Cata-Vinos-Mallorca.jpg\",\"width\":1280,\"height\":896,\"caption\":\"Cata Vinos Mallorca\"},{\"@type\":\"BreadcrumbList\",\"@id\":\"https:\/\/stagpartynight.com\/es\/product\/cata-de-vinos-mallorca\/#breadcrumb\",\"itemListElement\":[{\"@type\":\"ListItem\",\"position\":1,\"name\":\"Home\",\"item\":\"https:\/\/stagpartynight.com\/es\/\"},{\"@type\":\"ListItem\",\"position\":2,\"name\":\"Tienda\",\"item\":\"https:\/\/stagpartynight.com\/es\/tienda\/\"},{\"@type\":\"ListItem\",\"position\":3,\"name\":\"Cata de Vinos Mallorca\"}]},{\"@type\":\"WebSite\",\"@id\":\"https:\/\/stagpartynight.com\/es\/#website\",\"url\":\"https:\/\/stagpartynight.com\/es\/\",\"name\":\"Stag Party Night\",\"description\":\"Your Stag Party Customized\",\"publisher\":{\"@id\":\"https:\/\/stagpartynight.com\/es\/#organization\"},\"potentialAction\":[{\"@type\":\"SearchAction\",\"target\":{\"@type\":\"EntryPoint\",\"urlTemplate\":\"https:\/\/stagpartynight.com\/es\/?s={search_term_string}\"},\"query-input\":{\"@type\":\"PropertyValueSpecification\",\"valueRequired\":true,\"valueName\":\"search_term_string\"}}],\"inLanguage\":\"es\"},{\"@type\":\"Organization\",\"@id\":\"https:\/\/stagpartynight.com\/es\/#organization\",\"name\":\"Stag Party Night\",\"url\":\"https:\/\/stagpartynight.com\/es\/\",\"logo\":{\"@type\":\"ImageObject\",\"inLanguage\":\"es\",\"@id\":\"https:\/\/stagpartynight.com\/es\/#\/schema\/logo\/image\/\",\"url\":\"https:\/\/stagpartynight.com\/es\/wp-content\/uploads\/sites\/2\/2019\/12\/stagpartynight-e1578565505687.png\",\"contentUrl\":\"https:\/\/stagpartynight.com\/es\/wp-content\/uploads\/sites\/2\/2019\/12\/stagpartynight-e1578565505687.png\",\"width\":400,\"height\":400,\"caption\":\"Stag Party Night\"},\"image\":{\"@id\":\"https:\/\/stagpartynight.com\/es\/#\/schema\/logo\/image\/\"}}]}<\/script>\n<!-- \/ Yoast SEO plugin. -->","yoast_head_json":{"title":"Cata de Vinos Mallorca","description":"Cata de Vinos Mallorca . Disfruta al m\u00e1ximo de Mallorca con esta degustaci\u00f3n de cuatro copas de vino y tapas. Experiencia \u00fanica en Mallorca.","robots":{"index":"index","follow":"follow","max-snippet":"max-snippet:-1","max-image-preview":"max-image-preview:large","max-video-preview":"max-video-preview:-1"},"canonical":"https:\/\/stagpartynight.com\/es\/product\/cata-de-vinos-mallorca\/","og_locale":"es_ES","og_type":"article","og_title":"Cata de Vinos Mallorca","og_description":"Cata de Vinos Mallorca . Disfruta al m\u00e1ximo de Mallorca con esta degustaci\u00f3n de cuatro copas de vino y tapas. Experiencia \u00fanica en Mallorca.","og_url":"https:\/\/stagpartynight.com\/es\/product\/cata-de-vinos-mallorca\/","og_site_name":"Despedida de Soltero","article_modified_time":"2024-01-18T11:32:58+00:00","og_image":[{"width":1280,"height":896,"url":"https:\/\/stagpartynight.com\/es\/wp-content\/uploads\/sites\/2\/2024\/01\/Cata-Vinos-Mallorca.jpg","type":"image\/jpeg"}],"twitter_card":"summary_large_image","twitter_misc":{"Tiempo de lectura":"2 minutos"},"schema":{"@context":"https:\/\/schema.org","@graph":[{"@type":"WebPage","@id":"https:\/\/stagpartynight.com\/es\/product\/cata-de-vinos-mallorca\/","url":"https:\/\/stagpartynight.com\/es\/product\/cata-de-vinos-mallorca\/","name":"Cata de Vinos Mallorca","isPartOf":{"@id":"https:\/\/stagpartynight.com\/es\/#website"},"primaryImageOfPage":{"@id":"https:\/\/stagpartynight.com\/es\/product\/cata-de-vinos-mallorca\/#primaryimage"},"image":{"@id":"https:\/\/stagpartynight.com\/es\/product\/cata-de-vinos-mallorca\/#primaryimage"},"thumbnailUrl":"https:\/\/stagpartynight.com\/es\/wp-content\/uploads\/sites\/2\/2024\/01\/Cata-Vinos-Mallorca.jpg","datePublished":"2024-01-02T10:13:51+00:00","dateModified":"2024-01-18T11:32:58+00:00","description":"Cata de Vinos Mallorca . Disfruta al m\u00e1ximo de Mallorca con esta degustaci\u00f3n de cuatro copas de vino y tapas. Experiencia \u00fanica en Mallorca.","breadcrumb":{"@id":"https:\/\/stagpartynight.com\/es\/product\/cata-de-vinos-mallorca\/#breadcrumb"},"inLanguage":"es","potentialAction":[{"@type":"ReadAction","target":["https:\/\/stagpartynight.com\/es\/product\/cata-de-vinos-mallorca\/"]}]},{"@type":"ImageObject","inLanguage":"es","@id":"https:\/\/stagpartynight.com\/es\/product\/cata-de-vinos-mallorca\/#primaryimage","url":"https:\/\/stagpartynight.com\/es\/wp-content\/uploads\/sites\/2\/2024\/01\/Cata-Vinos-Mallorca.jpg","contentUrl":"https:\/\/stagpartynight.com\/es\/wp-content\/uploads\/sites\/2\/2024\/01\/Cata-Vinos-Mallorca.jpg","width":1280,"height":896,"caption":"Cata Vinos Mallorca"},{"@type":"BreadcrumbList","@id":"https:\/\/stagpartynight.com\/es\/product\/cata-de-vinos-mallorca\/#breadcrumb","itemListElement":[{"@type":"ListItem","position":1,"name":"Home","item":"https:\/\/stagpartynight.com\/es\/"},{"@type":"ListItem","position":2,"name":"Tienda","item":"https:\/\/stagpartynight.com\/es\/tienda\/"},{"@type":"ListItem","position":3,"name":"Cata de Vinos Mallorca"}]},{"@type":"WebSite","@id":"https:\/\/stagpartynight.com\/es\/#website","url":"https:\/\/stagpartynight.com\/es\/","name":"Stag Party Night","description":"Your Stag Party Customized","publisher":{"@id":"https:\/\/stagpartynight.com\/es\/#organization"},"potentialAction":[{"@type":"SearchAction","target":{"@type":"EntryPoint","urlTemplate":"https:\/\/stagpartynight.com\/es\/?s={search_term_string}"},"query-input":{"@type":"PropertyValueSpecification","valueRequired":true,"valueName":"search_term_string"}}],"inLanguage":"es"},{"@type":"Organization","@id":"https:\/\/stagpartynight.com\/es\/#organization","name":"Stag Party Night","url":"https:\/\/stagpartynight.com\/es\/","logo":{"@type":"ImageObject","inLanguage":"es","@id":"https:\/\/stagpartynight.com\/es\/#\/schema\/logo\/image\/","url":"https:\/\/stagpartynight.com\/es\/wp-content\/uploads\/sites\/2\/2019\/12\/stagpartynight-e1578565505687.png","contentUrl":"https:\/\/stagpartynight.com\/es\/wp-content\/uploads\/sites\/2\/2019\/12\/stagpartynight-e1578565505687.png","width":400,"height":400,"caption":"Stag Party Night"},"image":{"@id":"https:\/\/stagpartynight.com\/es\/#\/schema\/logo\/image\/"}}]}},"_links":{"self":[{"href":"https:\/\/stagpartynight.com\/es\/wp-json\/wp\/v2\/product\/3502","targetHints":{"allow":["GET"]}}],"collection":[{"href":"https:\/\/stagpartynight.com\/es\/wp-json\/wp\/v2\/product"}],"about":[{"href":"https:\/\/stagpartynight.com\/es\/wp-json\/wp\/v2\/types\/product"}],"replies":[{"embeddable":true,"href":"https:\/\/stagpartynight.com\/es\/wp-json\/wp\/v2\/comments?post=3502"}],"wp:featuredmedia":[{"embeddable":true,"href":"https:\/\/stagpartynight.com\/es\/wp-json\/wp\/v2\/media\/3539"}],"wp:attachment":[{"href":"https:\/\/stagpartynight.com\/es\/wp-json\/wp\/v2\/media?parent=3502"}],"wp:term":[{"taxonomy":"product_brand","embeddable":true,"href":"https:\/\/stagpartynight.com\/es\/wp-json\/wp\/v2\/product_brand?post=3502"},{"taxonomy":"product_cat","embeddable":true,"href":"https:\/\/stagpartynight.com\/es\/wp-json\/wp\/v2\/product_cat?post=3502"},{"taxonomy":"product_tag","embeddable":true,"href":"https:\/\/stagpartynight.com\/es\/wp-json\/wp\/v2\/product_tag?post=3502"}],"curies":[{"name":"wp","href":"https:\/\/api.w.org\/{rel}","templated":true}]}}