{"id":3507,"date":"2024-01-02T12:27:36","date_gmt":"2024-01-02T11:27:36","guid":{"rendered":"https:\/\/stagpartynight.com\/fr\/?post_type=product&#038;p=2782"},"modified":"2024-01-18T12:32:52","modified_gmt":"2024-01-18T11:32:52","slug":"snorkel-tour-mallorca","status":"publish","type":"product","link":"https:\/\/stagpartynight.com\/es\/product\/snorkel-tour-mallorca\/","title":{"rendered":"Snorkel Tour Mallorca"},"content":{"rendered":"<p>Snorkel Tour Mallorca. Disfruta de las aguas cristalinas de Mallorca con un instructor. Una experiencia inolvidable para los amantes de la vida marina.<\/p>\n<p>\u00a1Las mejores despedidas de soltero con <a href=\"https:\/\/stagpartynight.com\/\">Stagparty<\/a>!<\/p>\n<h2 style=\"text-align: center;\">Snorkel Tour Mallorca\ud83c\udf0a<\/h2>\n<h4>\nSnorkel en Mallorca: \u00a1Descubre los tesoros submarinos del Mediterr\u00e1neo! \ud83d\udc20<\/h4>\n<p>\u00a1Emb\u00e1rcate en una aventura acu\u00e1tica inolvidable con nuestra actividad de snorkel en Mallorca! Disfruta de dos horas de exploraci\u00f3n a lo largo de las aguas cristalinas, una hora de snorkel seguida de un descubrimiento pausado en barco. D\u00e9jese transportar por la belleza \u00fanica del Mediterr\u00e1neo durante esta fascinante experiencia.<\/p>\n<p>Nuestro paquete todo incluido incluye traslados en barco, un instructor experto y todo el equipo necesario, garantizando un buceo seguro en los lugares m\u00e1s pintorescos de Mallorca. D\u00e9jate guiar por los extraordinarios fondos marinos, donde los peces de colores y las formaciones de coral te sorprender\u00e1n \ud83c\udf05.<\/p>\n<p>Despu\u00e9s de su exploraci\u00f3n submarina, rel\u00e1jese en el barco mientras nuestro gu\u00eda comparte informaci\u00f3n fascinante sobre la vida marina local y los secretos de los alrededores. Disfruta del impresionante paisaje mientras compartes recuerdos de esta aventura excepcional.\ud83c\udf0a<\/p>\n<p>Reserva ahora para sumergirte en esta preciosa y \u00fanica experiencia en Mallorca.<\/p>\n<p>Disfruta durante tres horas de fauna marina, aguas cristalinas y sol con nuestro Snorkel Tour Mallorca!<\/p>\n<p style=\"text-align: center;\">\ud83c\udf0aReserva ahora Snorkel Tour <a href=\"https:\/\/es.wikipedia.org\/wiki\/Mallorca\">Mallorca<\/a>\ud83c\udf0a<\/p>\n<p>&nbsp;<\/p>\n","protected":false},"excerpt":{"rendered":"<p>Snorkel Tour Mallorca. Disfruta de las aguas cristalinas de Mallorca con un instructor. Una experiencia inolvidable para los amantes de la vida marina. \u00a1Las mejores despedidas de soltero con Stagparty! Snorkel Tour Mallorca\ud83c\udf0a Snorkel en Mallorca: \u00a1Descubre los tesoros submarinos del Mediterr\u00e1neo! \ud83d\udc20 \u00a1Emb\u00e1rcate en una aventura acu\u00e1tica inolvidable con nuestra actividad de snorkel en [&hellip;]<\/p>\n","protected":false},"featured_media":3523,"comment_status":"open","ping_status":"closed","template":"","meta":{"_et_pb_use_builder":"","_et_pb_old_content":"","_et_gb_content_width":""},"product_brand":[],"product_cat":[342,1313],"product_tag":[],"class_list":{"0":"post-3507","1":"product","2":"type-product","3":"status-publish","4":"has-post-thumbnail","6":"product_cat-mallorca","7":"product_cat-uncategorised","9":"first","10":"instock","11":"shipping-taxable","12":"product-type-simple"},"yoast_head":"<!-- This site is optimized with the Yoast SEO plugin v26.4 - https:\/\/yoast.com\/wordpress\/plugins\/seo\/ -->\n<title>Snorkel Tour Mallorca<\/title>\n<meta name=\"description\" content=\"Snorkel Tour Mallorca. Snorkel Tour Mallorca. Disfruta de las aguas cristalinas de Mallorca con un instructor. Una experiencia inolvidable.\" \/>\n<meta name=\"robots\" content=\"index, follow, max-snippet:-1, max-image-preview:large, max-video-preview:-1\" \/>\n<link rel=\"canonical\" href=\"https:\/\/stagpartynight.com\/es\/product\/snorkel-tour-mallorca\/\" \/>\n<meta property=\"og:locale\" content=\"es_ES\" \/>\n<meta property=\"og:type\" content=\"article\" \/>\n<meta property=\"og:title\" content=\"Snorkel Tour Mallorca\" \/>\n<meta property=\"og:description\" content=\"Snorkel Tour Mallorca. Snorkel Tour Mallorca. Disfruta de las aguas cristalinas de Mallorca con un instructor. Una experiencia inolvidable.\" \/>\n<meta property=\"og:url\" content=\"https:\/\/stagpartynight.com\/es\/product\/snorkel-tour-mallorca\/\" \/>\n<meta property=\"og:site_name\" content=\"Despedida de Soltero\" \/>\n<meta property=\"article:modified_time\" content=\"2024-01-18T11:32:52+00:00\" \/>\n<meta property=\"og:image\" content=\"https:\/\/stagpartynight.com\/es\/wp-content\/uploads\/sites\/2\/2024\/01\/Snorkel-Tour-Mallorca.jpg\" \/>\n\t<meta property=\"og:image:width\" content=\"1280\" \/>\n\t<meta property=\"og:image:height\" content=\"1707\" \/>\n\t<meta property=\"og:image:type\" content=\"image\/jpeg\" \/>\n<meta name=\"twitter:card\" content=\"summary_large_image\" \/>\n<meta name=\"twitter:label1\" content=\"Tiempo de lectura\" \/>\n\t<meta name=\"twitter:data1\" content=\"2 minutos\" \/>\n<script type=\"application\/ld+json\" class=\"yoast-schema-graph\">{\"@context\":\"https:\/\/schema.org\",\"@graph\":[{\"@type\":\"WebPage\",\"@id\":\"https:\/\/stagpartynight.com\/es\/product\/snorkel-tour-mallorca\/\",\"url\":\"https:\/\/stagpartynight.com\/es\/product\/snorkel-tour-mallorca\/\",\"name\":\"Snorkel Tour Mallorca\",\"isPartOf\":{\"@id\":\"https:\/\/stagpartynight.com\/es\/#website\"},\"primaryImageOfPage\":{\"@id\":\"https:\/\/stagpartynight.com\/es\/product\/snorkel-tour-mallorca\/#primaryimage\"},\"image\":{\"@id\":\"https:\/\/stagpartynight.com\/es\/product\/snorkel-tour-mallorca\/#primaryimage\"},\"thumbnailUrl\":\"https:\/\/stagpartynight.com\/es\/wp-content\/uploads\/sites\/2\/2024\/01\/Snorkel-Tour-Mallorca.jpg\",\"datePublished\":\"2024-01-02T11:27:36+00:00\",\"dateModified\":\"2024-01-18T11:32:52+00:00\",\"description\":\"Snorkel Tour Mallorca. Snorkel Tour Mallorca. Disfruta de las aguas cristalinas de Mallorca con un instructor. Una experiencia inolvidable.\",\"breadcrumb\":{\"@id\":\"https:\/\/stagpartynight.com\/es\/product\/snorkel-tour-mallorca\/#breadcrumb\"},\"inLanguage\":\"es\",\"potentialAction\":[{\"@type\":\"ReadAction\",\"target\":[\"https:\/\/stagpartynight.com\/es\/product\/snorkel-tour-mallorca\/\"]}]},{\"@type\":\"ImageObject\",\"inLanguage\":\"es\",\"@id\":\"https:\/\/stagpartynight.com\/es\/product\/snorkel-tour-mallorca\/#primaryimage\",\"url\":\"https:\/\/stagpartynight.com\/es\/wp-content\/uploads\/sites\/2\/2024\/01\/Snorkel-Tour-Mallorca.jpg\",\"contentUrl\":\"https:\/\/stagpartynight.com\/es\/wp-content\/uploads\/sites\/2\/2024\/01\/Snorkel-Tour-Mallorca.jpg\",\"width\":1280,\"height\":1707,\"caption\":\"Snorkel Tour Mallorca\"},{\"@type\":\"BreadcrumbList\",\"@id\":\"https:\/\/stagpartynight.com\/es\/product\/snorkel-tour-mallorca\/#breadcrumb\",\"itemListElement\":[{\"@type\":\"ListItem\",\"position\":1,\"name\":\"Home\",\"item\":\"https:\/\/stagpartynight.com\/es\/\"},{\"@type\":\"ListItem\",\"position\":2,\"name\":\"Tienda\",\"item\":\"https:\/\/stagpartynight.com\/es\/tienda\/\"},{\"@type\":\"ListItem\",\"position\":3,\"name\":\"Snorkel Tour Mallorca\"}]},{\"@type\":\"WebSite\",\"@id\":\"https:\/\/stagpartynight.com\/es\/#website\",\"url\":\"https:\/\/stagpartynight.com\/es\/\",\"name\":\"Stag Party Night\",\"description\":\"Your Stag Party Customized\",\"publisher\":{\"@id\":\"https:\/\/stagpartynight.com\/es\/#organization\"},\"potentialAction\":[{\"@type\":\"SearchAction\",\"target\":{\"@type\":\"EntryPoint\",\"urlTemplate\":\"https:\/\/stagpartynight.com\/es\/?s={search_term_string}\"},\"query-input\":{\"@type\":\"PropertyValueSpecification\",\"valueRequired\":true,\"valueName\":\"search_term_string\"}}],\"inLanguage\":\"es\"},{\"@type\":\"Organization\",\"@id\":\"https:\/\/stagpartynight.com\/es\/#organization\",\"name\":\"Stag Party Night\",\"url\":\"https:\/\/stagpartynight.com\/es\/\",\"logo\":{\"@type\":\"ImageObject\",\"inLanguage\":\"es\",\"@id\":\"https:\/\/stagpartynight.com\/es\/#\/schema\/logo\/image\/\",\"url\":\"https:\/\/stagpartynight.com\/es\/wp-content\/uploads\/sites\/2\/2019\/12\/stagpartynight-e1578565505687.png\",\"contentUrl\":\"https:\/\/stagpartynight.com\/es\/wp-content\/uploads\/sites\/2\/2019\/12\/stagpartynight-e1578565505687.png\",\"width\":400,\"height\":400,\"caption\":\"Stag Party Night\"},\"image\":{\"@id\":\"https:\/\/stagpartynight.com\/es\/#\/schema\/logo\/image\/\"}}]}<\/script>\n<!-- \/ Yoast SEO plugin. -->","yoast_head_json":{"title":"Snorkel Tour Mallorca","description":"Snorkel Tour Mallorca. Snorkel Tour Mallorca. Disfruta de las aguas cristalinas de Mallorca con un instructor. Una experiencia inolvidable.","robots":{"index":"index","follow":"follow","max-snippet":"max-snippet:-1","max-image-preview":"max-image-preview:large","max-video-preview":"max-video-preview:-1"},"canonical":"https:\/\/stagpartynight.com\/es\/product\/snorkel-tour-mallorca\/","og_locale":"es_ES","og_type":"article","og_title":"Snorkel Tour Mallorca","og_description":"Snorkel Tour Mallorca. Snorkel Tour Mallorca. Disfruta de las aguas cristalinas de Mallorca con un instructor. Una experiencia inolvidable.","og_url":"https:\/\/stagpartynight.com\/es\/product\/snorkel-tour-mallorca\/","og_site_name":"Despedida de Soltero","article_modified_time":"2024-01-18T11:32:52+00:00","og_image":[{"width":1280,"height":1707,"url":"https:\/\/stagpartynight.com\/es\/wp-content\/uploads\/sites\/2\/2024\/01\/Snorkel-Tour-Mallorca.jpg","type":"image\/jpeg"}],"twitter_card":"summary_large_image","twitter_misc":{"Tiempo de lectura":"2 minutos"},"schema":{"@context":"https:\/\/schema.org","@graph":[{"@type":"WebPage","@id":"https:\/\/stagpartynight.com\/es\/product\/snorkel-tour-mallorca\/","url":"https:\/\/stagpartynight.com\/es\/product\/snorkel-tour-mallorca\/","name":"Snorkel Tour Mallorca","isPartOf":{"@id":"https:\/\/stagpartynight.com\/es\/#website"},"primaryImageOfPage":{"@id":"https:\/\/stagpartynight.com\/es\/product\/snorkel-tour-mallorca\/#primaryimage"},"image":{"@id":"https:\/\/stagpartynight.com\/es\/product\/snorkel-tour-mallorca\/#primaryimage"},"thumbnailUrl":"https:\/\/stagpartynight.com\/es\/wp-content\/uploads\/sites\/2\/2024\/01\/Snorkel-Tour-Mallorca.jpg","datePublished":"2024-01-02T11:27:36+00:00","dateModified":"2024-01-18T11:32:52+00:00","description":"Snorkel Tour Mallorca. Snorkel Tour Mallorca. Disfruta de las aguas cristalinas de Mallorca con un instructor. Una experiencia inolvidable.","breadcrumb":{"@id":"https:\/\/stagpartynight.com\/es\/product\/snorkel-tour-mallorca\/#breadcrumb"},"inLanguage":"es","potentialAction":[{"@type":"ReadAction","target":["https:\/\/stagpartynight.com\/es\/product\/snorkel-tour-mallorca\/"]}]},{"@type":"ImageObject","inLanguage":"es","@id":"https:\/\/stagpartynight.com\/es\/product\/snorkel-tour-mallorca\/#primaryimage","url":"https:\/\/stagpartynight.com\/es\/wp-content\/uploads\/sites\/2\/2024\/01\/Snorkel-Tour-Mallorca.jpg","contentUrl":"https:\/\/stagpartynight.com\/es\/wp-content\/uploads\/sites\/2\/2024\/01\/Snorkel-Tour-Mallorca.jpg","width":1280,"height":1707,"caption":"Snorkel Tour Mallorca"},{"@type":"BreadcrumbList","@id":"https:\/\/stagpartynight.com\/es\/product\/snorkel-tour-mallorca\/#breadcrumb","itemListElement":[{"@type":"ListItem","position":1,"name":"Home","item":"https:\/\/stagpartynight.com\/es\/"},{"@type":"ListItem","position":2,"name":"Tienda","item":"https:\/\/stagpartynight.com\/es\/tienda\/"},{"@type":"ListItem","position":3,"name":"Snorkel Tour Mallorca"}]},{"@type":"WebSite","@id":"https:\/\/stagpartynight.com\/es\/#website","url":"https:\/\/stagpartynight.com\/es\/","name":"Stag Party Night","description":"Your Stag Party Customized","publisher":{"@id":"https:\/\/stagpartynight.com\/es\/#organization"},"potentialAction":[{"@type":"SearchAction","target":{"@type":"EntryPoint","urlTemplate":"https:\/\/stagpartynight.com\/es\/?s={search_term_string}"},"query-input":{"@type":"PropertyValueSpecification","valueRequired":true,"valueName":"search_term_string"}}],"inLanguage":"es"},{"@type":"Organization","@id":"https:\/\/stagpartynight.com\/es\/#organization","name":"Stag Party Night","url":"https:\/\/stagpartynight.com\/es\/","logo":{"@type":"ImageObject","inLanguage":"es","@id":"https:\/\/stagpartynight.com\/es\/#\/schema\/logo\/image\/","url":"https:\/\/stagpartynight.com\/es\/wp-content\/uploads\/sites\/2\/2019\/12\/stagpartynight-e1578565505687.png","contentUrl":"https:\/\/stagpartynight.com\/es\/wp-content\/uploads\/sites\/2\/2019\/12\/stagpartynight-e1578565505687.png","width":400,"height":400,"caption":"Stag Party Night"},"image":{"@id":"https:\/\/stagpartynight.com\/es\/#\/schema\/logo\/image\/"}}]}},"_links":{"self":[{"href":"https:\/\/stagpartynight.com\/es\/wp-json\/wp\/v2\/product\/3507","targetHints":{"allow":["GET"]}}],"collection":[{"href":"https:\/\/stagpartynight.com\/es\/wp-json\/wp\/v2\/product"}],"about":[{"href":"https:\/\/stagpartynight.com\/es\/wp-json\/wp\/v2\/types\/product"}],"replies":[{"embeddable":true,"href":"https:\/\/stagpartynight.com\/es\/wp-json\/wp\/v2\/comments?post=3507"}],"wp:featuredmedia":[{"embeddable":true,"href":"https:\/\/stagpartynight.com\/es\/wp-json\/wp\/v2\/media\/3523"}],"wp:attachment":[{"href":"https:\/\/stagpartynight.com\/es\/wp-json\/wp\/v2\/media?parent=3507"}],"wp:term":[{"taxonomy":"product_brand","embeddable":true,"href":"https:\/\/stagpartynight.com\/es\/wp-json\/wp\/v2\/product_brand?post=3507"},{"taxonomy":"product_cat","embeddable":true,"href":"https:\/\/stagpartynight.com\/es\/wp-json\/wp\/v2\/product_cat?post=3507"},{"taxonomy":"product_tag","embeddable":true,"href":"https:\/\/stagpartynight.com\/es\/wp-json\/wp\/v2\/product_tag?post=3507"}],"curies":[{"name":"wp","href":"https:\/\/api.w.org\/{rel}","templated":true}]}}