{"id":3508,"date":"2024-01-04T12:14:29","date_gmt":"2024-01-04T11:14:29","guid":{"rendered":"https:\/\/stagpartynight.com\/fr\/?post_type=product&#038;p=2806"},"modified":"2024-01-18T12:32:51","modified_gmt":"2024-01-18T11:32:51","slug":"enano-esposado-mallorca","status":"publish","type":"product","link":"https:\/\/stagpartynight.com\/es\/product\/enano-esposado-mallorca\/","title":{"rendered":"Enano Esposado Mallorca"},"content":{"rendered":"<p>Enano Esposado Mallorca. \u00a1Una actividad totalmente inusual y divertida para tu despedida de soltero en Mallorca! Contrata a un enano para que te acompa\u00f1e durante 1 hora, \u00a1esposado a ti! Risas garantizadas.<\/p>\n<p>\u00a1Las mejores despedidas de soltero con <a href=\"https:\/\/stagpartynight.com\/\">StagParty<\/a>!z<\/p>\n<h2 style=\"text-align: center;\">Enano Esposado Mallorca\ud83d\udc66<\/h2>\n<h4>El futuro novio organiza su despedida de soltero en Mallorca sin tener en cuenta que puede haber alguna sorpresa&#8230;<\/h4>\n<p>El futuro novio estar\u00e1 dispuesto a pasar una noche en la isla, tomarse unas copas y disfrutar de su \u00faltima noche de soltero, pero \u00a1imag\u00ednate su cara cuando conozca a nuestro enano! Es un actor profesional acostumbrado a montar espect\u00e1culos divertidos y entretenidos. El enano esposar\u00e1 al novio durante una hora. Si el novio va al ba\u00f1o, el enano tambi\u00e9n. Si quiere hablar con una chica, \u00a1tendr\u00e1 que hablar con el enano!<\/p>\n<p>La risa est\u00e1 garantizada. Puede que al novio no le haga gracia, pero a todos sus amigos les encantar\u00e1.<\/p>\n<p>Este enano esposado es una actividad din\u00e1mica, divertida y original para despedidas de soltero, \u00a1no todo el mundo puede decir que ha estado esposado a un enano durante una hora! Esta es sin duda una de las actividades m\u00e1s originales para una despedida de soltero o soltera.<\/p>\n<p>Puedes gastarle una buena broma al futuro novio sorprendi\u00e9ndole con un enano esposado.<\/p>\n<p>Ser\u00e1 un recuerdo inolvidable para el futuro novio en su despedida de soltero en Mallorca.<\/p>\n<p>Por lo tanto, la actividad del enano esposado deber\u00eda a\u00f1adirse a su estancia si quiere gastarle una buena broma al futuro novio.<\/p>\n<p style=\"text-align: center;\">\ud83c\udf89.Reserva ahora Enano Esposado <a href=\"https:\/\/es.wikipedia.org\/wiki\/Mallorca\">Mallorca<\/a> \ud83c\udf89.<\/p>\n","protected":false},"excerpt":{"rendered":"<p>Enano Esposado Mallorca. \u00a1Una actividad totalmente inusual y divertida para tu despedida de soltero en Mallorca! Contrata a un enano para que te acompa\u00f1e durante 1 hora, \u00a1esposado a ti! Risas garantizadas. \u00a1Las mejores despedidas de soltero con StagParty!z Enano Esposado Mallorca\ud83d\udc66 El futuro novio organiza su despedida de soltero en Mallorca sin tener en [&hellip;]<\/p>\n","protected":false},"featured_media":2214,"comment_status":"open","ping_status":"closed","template":"","meta":{"_et_pb_use_builder":"","_et_pb_old_content":"","_et_gb_content_width":""},"product_brand":[],"product_cat":[342,1313],"product_tag":[],"class_list":{"0":"post-3508","1":"product","2":"type-product","3":"status-publish","4":"has-post-thumbnail","6":"product_cat-mallorca","7":"product_cat-uncategorised","9":"first","10":"instock","11":"shipping-taxable","12":"product-type-simple"},"yoast_head":"<!-- This site is optimized with the Yoast SEO plugin v26.4 - https:\/\/yoast.com\/wordpress\/plugins\/seo\/ -->\n<title>Enano Esposado Mallorca<\/title>\n<meta name=\"description\" content=\"Enano Esposado Mallorca. Contrata a un enano para que te acompa\u00f1e durante 1 hora, \u00a1esposado a ti! Risas garantizadas. Reserva ahora.\" \/>\n<meta name=\"robots\" content=\"index, follow, max-snippet:-1, max-image-preview:large, max-video-preview:-1\" \/>\n<link rel=\"canonical\" href=\"https:\/\/stagpartynight.com\/es\/product\/enano-esposado-mallorca\/\" \/>\n<meta property=\"og:locale\" content=\"es_ES\" \/>\n<meta property=\"og:type\" content=\"article\" \/>\n<meta property=\"og:title\" content=\"Enano Esposado Mallorca\" \/>\n<meta property=\"og:description\" content=\"Enano Esposado Mallorca. Contrata a un enano para que te acompa\u00f1e durante 1 hora, \u00a1esposado a ti! Risas garantizadas. Reserva ahora.\" \/>\n<meta property=\"og:url\" content=\"https:\/\/stagpartynight.com\/es\/product\/enano-esposado-mallorca\/\" \/>\n<meta property=\"og:site_name\" content=\"Despedida de Soltero\" \/>\n<meta property=\"article:modified_time\" content=\"2024-01-18T11:32:51+00:00\" \/>\n<meta property=\"og:image\" content=\"https:\/\/stagpartynight.com\/es\/wp-content\/uploads\/sites\/2\/2020\/01\/WhatsApp-Image-2021-01-15-at-14.39.46-1.jpeg\" \/>\n\t<meta property=\"og:image:width\" content=\"720\" \/>\n\t<meta property=\"og:image:height\" content=\"1124\" \/>\n\t<meta property=\"og:image:type\" content=\"image\/jpeg\" \/>\n<meta name=\"twitter:card\" content=\"summary_large_image\" \/>\n<meta name=\"twitter:label1\" content=\"Tiempo de lectura\" \/>\n\t<meta name=\"twitter:data1\" content=\"2 minutos\" \/>\n<script type=\"application\/ld+json\" class=\"yoast-schema-graph\">{\"@context\":\"https:\/\/schema.org\",\"@graph\":[{\"@type\":\"WebPage\",\"@id\":\"https:\/\/stagpartynight.com\/es\/product\/enano-esposado-mallorca\/\",\"url\":\"https:\/\/stagpartynight.com\/es\/product\/enano-esposado-mallorca\/\",\"name\":\"Enano Esposado Mallorca\",\"isPartOf\":{\"@id\":\"https:\/\/stagpartynight.com\/es\/#website\"},\"primaryImageOfPage\":{\"@id\":\"https:\/\/stagpartynight.com\/es\/product\/enano-esposado-mallorca\/#primaryimage\"},\"image\":{\"@id\":\"https:\/\/stagpartynight.com\/es\/product\/enano-esposado-mallorca\/#primaryimage\"},\"thumbnailUrl\":\"https:\/\/stagpartynight.com\/es\/wp-content\/uploads\/sites\/2\/2020\/01\/WhatsApp-Image-2021-01-15-at-14.39.46-1.jpeg\",\"datePublished\":\"2024-01-04T11:14:29+00:00\",\"dateModified\":\"2024-01-18T11:32:51+00:00\",\"description\":\"Enano Esposado Mallorca. Contrata a un enano para que te acompa\u00f1e durante 1 hora, \u00a1esposado a ti! Risas garantizadas. Reserva ahora.\",\"breadcrumb\":{\"@id\":\"https:\/\/stagpartynight.com\/es\/product\/enano-esposado-mallorca\/#breadcrumb\"},\"inLanguage\":\"es\",\"potentialAction\":[{\"@type\":\"ReadAction\",\"target\":[\"https:\/\/stagpartynight.com\/es\/product\/enano-esposado-mallorca\/\"]}]},{\"@type\":\"ImageObject\",\"inLanguage\":\"es\",\"@id\":\"https:\/\/stagpartynight.com\/es\/product\/enano-esposado-mallorca\/#primaryimage\",\"url\":\"https:\/\/stagpartynight.com\/es\/wp-content\/uploads\/sites\/2\/2020\/01\/WhatsApp-Image-2021-01-15-at-14.39.46-1.jpeg\",\"contentUrl\":\"https:\/\/stagpartynight.com\/es\/wp-content\/uploads\/sites\/2\/2020\/01\/WhatsApp-Image-2021-01-15-at-14.39.46-1.jpeg\",\"width\":720,\"height\":1124,\"caption\":\"Enano Esposado Mallorca\"},{\"@type\":\"BreadcrumbList\",\"@id\":\"https:\/\/stagpartynight.com\/es\/product\/enano-esposado-mallorca\/#breadcrumb\",\"itemListElement\":[{\"@type\":\"ListItem\",\"position\":1,\"name\":\"Home\",\"item\":\"https:\/\/stagpartynight.com\/es\/\"},{\"@type\":\"ListItem\",\"position\":2,\"name\":\"Tienda\",\"item\":\"https:\/\/stagpartynight.com\/es\/tienda\/\"},{\"@type\":\"ListItem\",\"position\":3,\"name\":\"Enano Esposado Mallorca\"}]},{\"@type\":\"WebSite\",\"@id\":\"https:\/\/stagpartynight.com\/es\/#website\",\"url\":\"https:\/\/stagpartynight.com\/es\/\",\"name\":\"Stag Party Night\",\"description\":\"Your Stag Party Customized\",\"publisher\":{\"@id\":\"https:\/\/stagpartynight.com\/es\/#organization\"},\"potentialAction\":[{\"@type\":\"SearchAction\",\"target\":{\"@type\":\"EntryPoint\",\"urlTemplate\":\"https:\/\/stagpartynight.com\/es\/?s={search_term_string}\"},\"query-input\":{\"@type\":\"PropertyValueSpecification\",\"valueRequired\":true,\"valueName\":\"search_term_string\"}}],\"inLanguage\":\"es\"},{\"@type\":\"Organization\",\"@id\":\"https:\/\/stagpartynight.com\/es\/#organization\",\"name\":\"Stag Party Night\",\"url\":\"https:\/\/stagpartynight.com\/es\/\",\"logo\":{\"@type\":\"ImageObject\",\"inLanguage\":\"es\",\"@id\":\"https:\/\/stagpartynight.com\/es\/#\/schema\/logo\/image\/\",\"url\":\"https:\/\/stagpartynight.com\/es\/wp-content\/uploads\/sites\/2\/2019\/12\/stagpartynight-e1578565505687.png\",\"contentUrl\":\"https:\/\/stagpartynight.com\/es\/wp-content\/uploads\/sites\/2\/2019\/12\/stagpartynight-e1578565505687.png\",\"width\":400,\"height\":400,\"caption\":\"Stag Party Night\"},\"image\":{\"@id\":\"https:\/\/stagpartynight.com\/es\/#\/schema\/logo\/image\/\"}}]}<\/script>\n<!-- \/ Yoast SEO plugin. -->","yoast_head_json":{"title":"Enano Esposado Mallorca","description":"Enano Esposado Mallorca. Contrata a un enano para que te acompa\u00f1e durante 1 hora, \u00a1esposado a ti! Risas garantizadas. Reserva ahora.","robots":{"index":"index","follow":"follow","max-snippet":"max-snippet:-1","max-image-preview":"max-image-preview:large","max-video-preview":"max-video-preview:-1"},"canonical":"https:\/\/stagpartynight.com\/es\/product\/enano-esposado-mallorca\/","og_locale":"es_ES","og_type":"article","og_title":"Enano Esposado Mallorca","og_description":"Enano Esposado Mallorca. Contrata a un enano para que te acompa\u00f1e durante 1 hora, \u00a1esposado a ti! Risas garantizadas. Reserva ahora.","og_url":"https:\/\/stagpartynight.com\/es\/product\/enano-esposado-mallorca\/","og_site_name":"Despedida de Soltero","article_modified_time":"2024-01-18T11:32:51+00:00","og_image":[{"width":720,"height":1124,"url":"https:\/\/stagpartynight.com\/es\/wp-content\/uploads\/sites\/2\/2020\/01\/WhatsApp-Image-2021-01-15-at-14.39.46-1.jpeg","type":"image\/jpeg"}],"twitter_card":"summary_large_image","twitter_misc":{"Tiempo de lectura":"2 minutos"},"schema":{"@context":"https:\/\/schema.org","@graph":[{"@type":"WebPage","@id":"https:\/\/stagpartynight.com\/es\/product\/enano-esposado-mallorca\/","url":"https:\/\/stagpartynight.com\/es\/product\/enano-esposado-mallorca\/","name":"Enano Esposado Mallorca","isPartOf":{"@id":"https:\/\/stagpartynight.com\/es\/#website"},"primaryImageOfPage":{"@id":"https:\/\/stagpartynight.com\/es\/product\/enano-esposado-mallorca\/#primaryimage"},"image":{"@id":"https:\/\/stagpartynight.com\/es\/product\/enano-esposado-mallorca\/#primaryimage"},"thumbnailUrl":"https:\/\/stagpartynight.com\/es\/wp-content\/uploads\/sites\/2\/2020\/01\/WhatsApp-Image-2021-01-15-at-14.39.46-1.jpeg","datePublished":"2024-01-04T11:14:29+00:00","dateModified":"2024-01-18T11:32:51+00:00","description":"Enano Esposado Mallorca. Contrata a un enano para que te acompa\u00f1e durante 1 hora, \u00a1esposado a ti! Risas garantizadas. Reserva ahora.","breadcrumb":{"@id":"https:\/\/stagpartynight.com\/es\/product\/enano-esposado-mallorca\/#breadcrumb"},"inLanguage":"es","potentialAction":[{"@type":"ReadAction","target":["https:\/\/stagpartynight.com\/es\/product\/enano-esposado-mallorca\/"]}]},{"@type":"ImageObject","inLanguage":"es","@id":"https:\/\/stagpartynight.com\/es\/product\/enano-esposado-mallorca\/#primaryimage","url":"https:\/\/stagpartynight.com\/es\/wp-content\/uploads\/sites\/2\/2020\/01\/WhatsApp-Image-2021-01-15-at-14.39.46-1.jpeg","contentUrl":"https:\/\/stagpartynight.com\/es\/wp-content\/uploads\/sites\/2\/2020\/01\/WhatsApp-Image-2021-01-15-at-14.39.46-1.jpeg","width":720,"height":1124,"caption":"Enano Esposado Mallorca"},{"@type":"BreadcrumbList","@id":"https:\/\/stagpartynight.com\/es\/product\/enano-esposado-mallorca\/#breadcrumb","itemListElement":[{"@type":"ListItem","position":1,"name":"Home","item":"https:\/\/stagpartynight.com\/es\/"},{"@type":"ListItem","position":2,"name":"Tienda","item":"https:\/\/stagpartynight.com\/es\/tienda\/"},{"@type":"ListItem","position":3,"name":"Enano Esposado Mallorca"}]},{"@type":"WebSite","@id":"https:\/\/stagpartynight.com\/es\/#website","url":"https:\/\/stagpartynight.com\/es\/","name":"Stag Party Night","description":"Your Stag Party Customized","publisher":{"@id":"https:\/\/stagpartynight.com\/es\/#organization"},"potentialAction":[{"@type":"SearchAction","target":{"@type":"EntryPoint","urlTemplate":"https:\/\/stagpartynight.com\/es\/?s={search_term_string}"},"query-input":{"@type":"PropertyValueSpecification","valueRequired":true,"valueName":"search_term_string"}}],"inLanguage":"es"},{"@type":"Organization","@id":"https:\/\/stagpartynight.com\/es\/#organization","name":"Stag Party Night","url":"https:\/\/stagpartynight.com\/es\/","logo":{"@type":"ImageObject","inLanguage":"es","@id":"https:\/\/stagpartynight.com\/es\/#\/schema\/logo\/image\/","url":"https:\/\/stagpartynight.com\/es\/wp-content\/uploads\/sites\/2\/2019\/12\/stagpartynight-e1578565505687.png","contentUrl":"https:\/\/stagpartynight.com\/es\/wp-content\/uploads\/sites\/2\/2019\/12\/stagpartynight-e1578565505687.png","width":400,"height":400,"caption":"Stag Party Night"},"image":{"@id":"https:\/\/stagpartynight.com\/es\/#\/schema\/logo\/image\/"}}]}},"_links":{"self":[{"href":"https:\/\/stagpartynight.com\/es\/wp-json\/wp\/v2\/product\/3508","targetHints":{"allow":["GET"]}}],"collection":[{"href":"https:\/\/stagpartynight.com\/es\/wp-json\/wp\/v2\/product"}],"about":[{"href":"https:\/\/stagpartynight.com\/es\/wp-json\/wp\/v2\/types\/product"}],"replies":[{"embeddable":true,"href":"https:\/\/stagpartynight.com\/es\/wp-json\/wp\/v2\/comments?post=3508"}],"wp:featuredmedia":[{"embeddable":true,"href":"https:\/\/stagpartynight.com\/es\/wp-json\/wp\/v2\/media\/2214"}],"wp:attachment":[{"href":"https:\/\/stagpartynight.com\/es\/wp-json\/wp\/v2\/media?parent=3508"}],"wp:term":[{"taxonomy":"product_brand","embeddable":true,"href":"https:\/\/stagpartynight.com\/es\/wp-json\/wp\/v2\/product_brand?post=3508"},{"taxonomy":"product_cat","embeddable":true,"href":"https:\/\/stagpartynight.com\/es\/wp-json\/wp\/v2\/product_cat?post=3508"},{"taxonomy":"product_tag","embeddable":true,"href":"https:\/\/stagpartynight.com\/es\/wp-json\/wp\/v2\/product_tag?post=3508"}],"curies":[{"name":"wp","href":"https:\/\/api.w.org\/{rel}","templated":true}]}}