{"id":3510,"date":"2024-01-04T13:03:19","date_gmt":"2024-01-04T12:03:19","guid":{"rendered":"https:\/\/stagpartynight.com\/fr\/?post_type=product&#038;p=2809"},"modified":"2024-01-18T12:32:50","modified_gmt":"2024-01-18T11:32:50","slug":"dibujo-modelo-desnuda-mallorca","status":"publish","type":"product","link":"https:\/\/stagpartynight.com\/es\/product\/dibujo-modelo-desnuda-mallorca\/","title":{"rendered":"Dibujo Modelo Desnuda Mallorca"},"content":{"rendered":"<p>Dibujo modelo desnuda en Mallorca. Dibuja a una preciosa modelo sin ropa. Si te gusta mezclar arte y sensualidad, \u00a1esta es tu actividad!<\/p>\n<p>\u00a1Las mejores despedidas de soltero con <a href=\"https:\/\/stagpartynight.com\/\">Stagparty<\/a>!<\/p>\n<h2 style=\"text-align: center;\">Dibujo Modelo Desnuda Mallorca\ud83c\udfa8<\/h2>\n<h4 style=\"text-align: left;\">Pinturas, lienzos y un espectacular desnudo femenino\ud83d\udd25.<\/h4>\n<p>Hay muchos tipos de viajes y muchos tipos de despedidas de soltero. Pero en Stagparty, \u00a1tenemos algo para todo el mundo! Si te gusta el arte pero tambi\u00e9n aprecias los bellos cuerpos femeninos, no lo pienses m\u00e1s y reserva esta actividad.<\/p>\n<p>Una actividad original y divertida, \u00bfser\u00e1 alguno de tus amigos capaz de mantenerse concentrado y hacer un bonito dibujo mientras mira el cuerpo desnudo de nuestra bella modelo?<\/p>\n<p>La actividad incluye todos los materiales necesarios: estudio, pintura, lienzo y, lo mejor de todo, \u00a1una mujer desnuda! La modelo se colocar\u00e1 en medio del grupo sin ropa, elegir\u00e1 una pose y permanecer\u00e1 quieta hasta el final. \u00bfPuedes quedarte quieta?<\/p>\n<p>Puedes incluir champ\u00e1n o vino para hacer la actividad m\u00e1s elegante y sensual \ud83c\udf77.<\/p>\n<p>Una actividad divertida y original con amigos, \u00a1risas aseguradas! Por supuesto, al final de la actividad, puedes llevarte el trapo a casa (asegur\u00e1ndote de esconderlo bien).<\/p>\n<p style=\"text-align: center;\">\ud83d\udd25Reserva Sensualidad y Arte\ud83d\udd25<\/p>\n<p style=\"text-align: center;\">Reserva Dibujo Modelo Desnuda <a href=\"https:\/\/es.wikipedia.org\/wiki\/Mallorca\">Mallorca<\/a>!<\/p>\n","protected":false},"excerpt":{"rendered":"<p>Dibujo modelo desnuda en Mallorca. Dibuja a una preciosa modelo sin ropa. Si te gusta mezclar arte y sensualidad, \u00a1esta es tu actividad! \u00a1Las mejores despedidas de soltero con Stagparty! Dibujo Modelo Desnuda Mallorca\ud83c\udfa8 Pinturas, lienzos y un espectacular desnudo femenino\ud83d\udd25. Hay muchos tipos de viajes y muchos tipos de despedidas de soltero. Pero en [&hellip;]<\/p>\n","protected":false},"featured_media":3516,"comment_status":"open","ping_status":"closed","template":"","meta":{"_et_pb_use_builder":"","_et_pb_old_content":"","_et_gb_content_width":""},"product_brand":[],"product_cat":[342,1313],"product_tag":[],"class_list":{"0":"post-3510","1":"product","2":"type-product","3":"status-publish","4":"has-post-thumbnail","6":"product_cat-mallorca","7":"product_cat-uncategorised","9":"first","10":"instock","11":"shipping-taxable","12":"product-type-simple"},"yoast_head":"<!-- This site is optimized with the Yoast SEO plugin v26.4 - https:\/\/yoast.com\/wordpress\/plugins\/seo\/ -->\n<title>Dibujo Modelo Desnuda Mallorca<\/title>\n<meta name=\"description\" content=\"Dibujo Modelo Desnuda Mallorca. Life Drawing Mallorca. Dibuja a una preciosa modelo sin ropa. Si te gusta mezclar arte y sensualidad, \u00a1esta es tu actividad!\" \/>\n<meta name=\"robots\" content=\"index, follow, max-snippet:-1, max-image-preview:large, max-video-preview:-1\" \/>\n<link rel=\"canonical\" href=\"https:\/\/stagpartynight.com\/es\/product\/dibujo-modelo-desnuda-mallorca\/\" \/>\n<meta property=\"og:locale\" content=\"es_ES\" \/>\n<meta property=\"og:type\" content=\"article\" \/>\n<meta property=\"og:title\" content=\"Dibujo Modelo Desnuda Mallorca\" \/>\n<meta property=\"og:description\" content=\"Dibujo Modelo Desnuda Mallorca. Life Drawing Mallorca. Dibuja a una preciosa modelo sin ropa. Si te gusta mezclar arte y sensualidad, \u00a1esta es tu actividad!\" \/>\n<meta property=\"og:url\" content=\"https:\/\/stagpartynight.com\/es\/product\/dibujo-modelo-desnuda-mallorca\/\" \/>\n<meta property=\"og:site_name\" content=\"Despedida de Soltero\" \/>\n<meta property=\"article:modified_time\" content=\"2024-01-18T11:32:50+00:00\" \/>\n<meta property=\"og:image\" content=\"https:\/\/stagpartynight.com\/es\/wp-content\/uploads\/sites\/2\/2024\/01\/Dibujo-al-Desnudo-Mallorca.jpg\" \/>\n\t<meta property=\"og:image:width\" content=\"538\" \/>\n\t<meta property=\"og:image:height\" content=\"768\" \/>\n\t<meta property=\"og:image:type\" content=\"image\/jpeg\" \/>\n<meta name=\"twitter:card\" content=\"summary_large_image\" \/>\n<meta name=\"twitter:label1\" content=\"Tiempo de lectura\" \/>\n\t<meta name=\"twitter:data1\" content=\"2 minutos\" \/>\n<script type=\"application\/ld+json\" class=\"yoast-schema-graph\">{\"@context\":\"https:\/\/schema.org\",\"@graph\":[{\"@type\":\"WebPage\",\"@id\":\"https:\/\/stagpartynight.com\/es\/product\/dibujo-modelo-desnuda-mallorca\/\",\"url\":\"https:\/\/stagpartynight.com\/es\/product\/dibujo-modelo-desnuda-mallorca\/\",\"name\":\"Dibujo Modelo Desnuda Mallorca\",\"isPartOf\":{\"@id\":\"https:\/\/stagpartynight.com\/es\/#website\"},\"primaryImageOfPage\":{\"@id\":\"https:\/\/stagpartynight.com\/es\/product\/dibujo-modelo-desnuda-mallorca\/#primaryimage\"},\"image\":{\"@id\":\"https:\/\/stagpartynight.com\/es\/product\/dibujo-modelo-desnuda-mallorca\/#primaryimage\"},\"thumbnailUrl\":\"https:\/\/stagpartynight.com\/es\/wp-content\/uploads\/sites\/2\/2024\/01\/Dibujo-al-Desnudo-Mallorca.jpg\",\"datePublished\":\"2024-01-04T12:03:19+00:00\",\"dateModified\":\"2024-01-18T11:32:50+00:00\",\"description\":\"Dibujo Modelo Desnuda Mallorca. Life Drawing Mallorca. Dibuja a una preciosa modelo sin ropa. Si te gusta mezclar arte y sensualidad, \u00a1esta es tu actividad!\",\"breadcrumb\":{\"@id\":\"https:\/\/stagpartynight.com\/es\/product\/dibujo-modelo-desnuda-mallorca\/#breadcrumb\"},\"inLanguage\":\"es\",\"potentialAction\":[{\"@type\":\"ReadAction\",\"target\":[\"https:\/\/stagpartynight.com\/es\/product\/dibujo-modelo-desnuda-mallorca\/\"]}]},{\"@type\":\"ImageObject\",\"inLanguage\":\"es\",\"@id\":\"https:\/\/stagpartynight.com\/es\/product\/dibujo-modelo-desnuda-mallorca\/#primaryimage\",\"url\":\"https:\/\/stagpartynight.com\/es\/wp-content\/uploads\/sites\/2\/2024\/01\/Dibujo-al-Desnudo-Mallorca.jpg\",\"contentUrl\":\"https:\/\/stagpartynight.com\/es\/wp-content\/uploads\/sites\/2\/2024\/01\/Dibujo-al-Desnudo-Mallorca.jpg\",\"width\":538,\"height\":768,\"caption\":\"Dibujo al Desnudo Mallorca\"},{\"@type\":\"BreadcrumbList\",\"@id\":\"https:\/\/stagpartynight.com\/es\/product\/dibujo-modelo-desnuda-mallorca\/#breadcrumb\",\"itemListElement\":[{\"@type\":\"ListItem\",\"position\":1,\"name\":\"Home\",\"item\":\"https:\/\/stagpartynight.com\/es\/\"},{\"@type\":\"ListItem\",\"position\":2,\"name\":\"Tienda\",\"item\":\"https:\/\/stagpartynight.com\/es\/tienda\/\"},{\"@type\":\"ListItem\",\"position\":3,\"name\":\"Dibujo Modelo Desnuda Mallorca\"}]},{\"@type\":\"WebSite\",\"@id\":\"https:\/\/stagpartynight.com\/es\/#website\",\"url\":\"https:\/\/stagpartynight.com\/es\/\",\"name\":\"Stag Party Night\",\"description\":\"Your Stag Party Customized\",\"publisher\":{\"@id\":\"https:\/\/stagpartynight.com\/es\/#organization\"},\"potentialAction\":[{\"@type\":\"SearchAction\",\"target\":{\"@type\":\"EntryPoint\",\"urlTemplate\":\"https:\/\/stagpartynight.com\/es\/?s={search_term_string}\"},\"query-input\":{\"@type\":\"PropertyValueSpecification\",\"valueRequired\":true,\"valueName\":\"search_term_string\"}}],\"inLanguage\":\"es\"},{\"@type\":\"Organization\",\"@id\":\"https:\/\/stagpartynight.com\/es\/#organization\",\"name\":\"Stag Party Night\",\"url\":\"https:\/\/stagpartynight.com\/es\/\",\"logo\":{\"@type\":\"ImageObject\",\"inLanguage\":\"es\",\"@id\":\"https:\/\/stagpartynight.com\/es\/#\/schema\/logo\/image\/\",\"url\":\"https:\/\/stagpartynight.com\/es\/wp-content\/uploads\/sites\/2\/2019\/12\/stagpartynight-e1578565505687.png\",\"contentUrl\":\"https:\/\/stagpartynight.com\/es\/wp-content\/uploads\/sites\/2\/2019\/12\/stagpartynight-e1578565505687.png\",\"width\":400,\"height\":400,\"caption\":\"Stag Party Night\"},\"image\":{\"@id\":\"https:\/\/stagpartynight.com\/es\/#\/schema\/logo\/image\/\"}}]}<\/script>\n<!-- \/ Yoast SEO plugin. -->","yoast_head_json":{"title":"Dibujo Modelo Desnuda Mallorca","description":"Dibujo Modelo Desnuda Mallorca. Life Drawing Mallorca. Dibuja a una preciosa modelo sin ropa. Si te gusta mezclar arte y sensualidad, \u00a1esta es tu actividad!","robots":{"index":"index","follow":"follow","max-snippet":"max-snippet:-1","max-image-preview":"max-image-preview:large","max-video-preview":"max-video-preview:-1"},"canonical":"https:\/\/stagpartynight.com\/es\/product\/dibujo-modelo-desnuda-mallorca\/","og_locale":"es_ES","og_type":"article","og_title":"Dibujo Modelo Desnuda Mallorca","og_description":"Dibujo Modelo Desnuda Mallorca. Life Drawing Mallorca. Dibuja a una preciosa modelo sin ropa. Si te gusta mezclar arte y sensualidad, \u00a1esta es tu actividad!","og_url":"https:\/\/stagpartynight.com\/es\/product\/dibujo-modelo-desnuda-mallorca\/","og_site_name":"Despedida de Soltero","article_modified_time":"2024-01-18T11:32:50+00:00","og_image":[{"width":538,"height":768,"url":"https:\/\/stagpartynight.com\/es\/wp-content\/uploads\/sites\/2\/2024\/01\/Dibujo-al-Desnudo-Mallorca.jpg","type":"image\/jpeg"}],"twitter_card":"summary_large_image","twitter_misc":{"Tiempo de lectura":"2 minutos"},"schema":{"@context":"https:\/\/schema.org","@graph":[{"@type":"WebPage","@id":"https:\/\/stagpartynight.com\/es\/product\/dibujo-modelo-desnuda-mallorca\/","url":"https:\/\/stagpartynight.com\/es\/product\/dibujo-modelo-desnuda-mallorca\/","name":"Dibujo Modelo Desnuda Mallorca","isPartOf":{"@id":"https:\/\/stagpartynight.com\/es\/#website"},"primaryImageOfPage":{"@id":"https:\/\/stagpartynight.com\/es\/product\/dibujo-modelo-desnuda-mallorca\/#primaryimage"},"image":{"@id":"https:\/\/stagpartynight.com\/es\/product\/dibujo-modelo-desnuda-mallorca\/#primaryimage"},"thumbnailUrl":"https:\/\/stagpartynight.com\/es\/wp-content\/uploads\/sites\/2\/2024\/01\/Dibujo-al-Desnudo-Mallorca.jpg","datePublished":"2024-01-04T12:03:19+00:00","dateModified":"2024-01-18T11:32:50+00:00","description":"Dibujo Modelo Desnuda Mallorca. Life Drawing Mallorca. Dibuja a una preciosa modelo sin ropa. Si te gusta mezclar arte y sensualidad, \u00a1esta es tu actividad!","breadcrumb":{"@id":"https:\/\/stagpartynight.com\/es\/product\/dibujo-modelo-desnuda-mallorca\/#breadcrumb"},"inLanguage":"es","potentialAction":[{"@type":"ReadAction","target":["https:\/\/stagpartynight.com\/es\/product\/dibujo-modelo-desnuda-mallorca\/"]}]},{"@type":"ImageObject","inLanguage":"es","@id":"https:\/\/stagpartynight.com\/es\/product\/dibujo-modelo-desnuda-mallorca\/#primaryimage","url":"https:\/\/stagpartynight.com\/es\/wp-content\/uploads\/sites\/2\/2024\/01\/Dibujo-al-Desnudo-Mallorca.jpg","contentUrl":"https:\/\/stagpartynight.com\/es\/wp-content\/uploads\/sites\/2\/2024\/01\/Dibujo-al-Desnudo-Mallorca.jpg","width":538,"height":768,"caption":"Dibujo al Desnudo Mallorca"},{"@type":"BreadcrumbList","@id":"https:\/\/stagpartynight.com\/es\/product\/dibujo-modelo-desnuda-mallorca\/#breadcrumb","itemListElement":[{"@type":"ListItem","position":1,"name":"Home","item":"https:\/\/stagpartynight.com\/es\/"},{"@type":"ListItem","position":2,"name":"Tienda","item":"https:\/\/stagpartynight.com\/es\/tienda\/"},{"@type":"ListItem","position":3,"name":"Dibujo Modelo Desnuda Mallorca"}]},{"@type":"WebSite","@id":"https:\/\/stagpartynight.com\/es\/#website","url":"https:\/\/stagpartynight.com\/es\/","name":"Stag Party Night","description":"Your Stag Party Customized","publisher":{"@id":"https:\/\/stagpartynight.com\/es\/#organization"},"potentialAction":[{"@type":"SearchAction","target":{"@type":"EntryPoint","urlTemplate":"https:\/\/stagpartynight.com\/es\/?s={search_term_string}"},"query-input":{"@type":"PropertyValueSpecification","valueRequired":true,"valueName":"search_term_string"}}],"inLanguage":"es"},{"@type":"Organization","@id":"https:\/\/stagpartynight.com\/es\/#organization","name":"Stag Party Night","url":"https:\/\/stagpartynight.com\/es\/","logo":{"@type":"ImageObject","inLanguage":"es","@id":"https:\/\/stagpartynight.com\/es\/#\/schema\/logo\/image\/","url":"https:\/\/stagpartynight.com\/es\/wp-content\/uploads\/sites\/2\/2019\/12\/stagpartynight-e1578565505687.png","contentUrl":"https:\/\/stagpartynight.com\/es\/wp-content\/uploads\/sites\/2\/2019\/12\/stagpartynight-e1578565505687.png","width":400,"height":400,"caption":"Stag Party Night"},"image":{"@id":"https:\/\/stagpartynight.com\/es\/#\/schema\/logo\/image\/"}}]}},"_links":{"self":[{"href":"https:\/\/stagpartynight.com\/es\/wp-json\/wp\/v2\/product\/3510","targetHints":{"allow":["GET"]}}],"collection":[{"href":"https:\/\/stagpartynight.com\/es\/wp-json\/wp\/v2\/product"}],"about":[{"href":"https:\/\/stagpartynight.com\/es\/wp-json\/wp\/v2\/types\/product"}],"replies":[{"embeddable":true,"href":"https:\/\/stagpartynight.com\/es\/wp-json\/wp\/v2\/comments?post=3510"}],"wp:featuredmedia":[{"embeddable":true,"href":"https:\/\/stagpartynight.com\/es\/wp-json\/wp\/v2\/media\/3516"}],"wp:attachment":[{"href":"https:\/\/stagpartynight.com\/es\/wp-json\/wp\/v2\/media?parent=3510"}],"wp:term":[{"taxonomy":"product_brand","embeddable":true,"href":"https:\/\/stagpartynight.com\/es\/wp-json\/wp\/v2\/product_brand?post=3510"},{"taxonomy":"product_cat","embeddable":true,"href":"https:\/\/stagpartynight.com\/es\/wp-json\/wp\/v2\/product_cat?post=3510"},{"taxonomy":"product_tag","embeddable":true,"href":"https:\/\/stagpartynight.com\/es\/wp-json\/wp\/v2\/product_tag?post=3510"}],"curies":[{"name":"wp","href":"https:\/\/api.w.org\/{rel}","templated":true}]}}