{"id":3511,"date":"2024-01-04T13:50:07","date_gmt":"2024-01-04T12:50:07","guid":{"rendered":"https:\/\/stagpartynight.com\/fr\/?post_type=product&#038;p=2821"},"modified":"2024-01-19T10:11:40","modified_gmt":"2024-01-19T09:11:40","slug":"enana-striper-ibiza","status":"publish","type":"product","link":"https:\/\/stagpartynight.com\/es\/product\/enana-striper-ibiza\/","title":{"rendered":"Enana Striper Ibiza"},"content":{"rendered":"<p>Enana Striper Ibiza. Un peque\u00f1o regalo para el novio. Peque\u00f1o Striptease. Diversi\u00f3n y sorpresa garantizadas. Espect\u00e1culo privado.<\/p>\n<p>\u00a1Las mejores despedidas de soltero con <a href=\"https:\/\/stagpartynight.com\/\">StagParty<\/a>!<\/p>\n<h2 style=\"text-align: center;\">Enana Striper Ibiza\ud83c\udf89<\/h2>\n<h4>\u00a1Reg\u00e1lale al futuro novio un peque\u00f1o striptease para darle la sorpresa de su vida en su despedida de soltero en Ibiza!<\/h4>\n<p>La actividad t\u00edpica de las despedidas de soltero es el striptease. El striptease es siempre un \u00e9xito, un cl\u00e1sico de las despedidas de soltero. Pero si no te gusta lo t\u00edpico y realmente quieres sorprender al novio, \u00a1esta es la actividad para ti!<\/p>\n<p>Si quieres asegurarte una gran sorpresa (o una peque\u00f1a en este caso), no te decantes por una stripper cl\u00e1sica con un cuerpo incre\u00edble que suba la temperatura (aunque si quieres esa opci\u00f3n, tambi\u00e9n la tenemos en nuestra agencia). En su lugar, opta por una stripper enana que sea capaz de ofrecer a tu amigo un espect\u00e1culo sexy y sensual donde la sorpresa est\u00e9 totalmente garantizada. \ud83d\udd25<\/p>\n<p>Sorprende al novio y a sus amigos con la striper enana. Haced fotos y burlaos del original viaje que hab\u00e9is organizado!\ud83d\udcf7<\/p>\n<p style=\"text-align: center;\">\u2b50Reserva el espect\u00e1culo m\u00e1s original de Ibiza\u2b50.<br \/>\nReserva Enana Striper <a href=\"https:\/\/es.wikipedia.org\/wiki\/Ibiza\">Ibiza<\/a><\/p>\n","protected":false},"excerpt":{"rendered":"<p>Enana Striper Ibiza. Un peque\u00f1o regalo para el novio. Peque\u00f1o Striptease. Diversi\u00f3n y sorpresa garantizadas. Espect\u00e1culo privado. \u00a1Las mejores despedidas de soltero con StagParty! Enana Striper Ibiza\ud83c\udf89 \u00a1Reg\u00e1lale al futuro novio un peque\u00f1o striptease para darle la sorpresa de su vida en su despedida de soltero en Ibiza! La actividad t\u00edpica de las despedidas de [&hellip;]<\/p>\n","protected":false},"featured_media":3520,"comment_status":"open","ping_status":"closed","template":"","meta":{"_et_pb_use_builder":"","_et_pb_old_content":"","_et_gb_content_width":""},"product_brand":[],"product_cat":[113],"product_tag":[],"class_list":{"0":"post-3511","1":"product","2":"type-product","3":"status-publish","4":"has-post-thumbnail","6":"product_cat-ibiza","8":"first","9":"instock","10":"shipping-taxable","11":"product-type-simple"},"yoast_head":"<!-- This site is optimized with the Yoast SEO plugin v26.4 - https:\/\/yoast.com\/wordpress\/plugins\/seo\/ -->\n<title>Enana Striper Ibiza<\/title>\n<meta name=\"description\" content=\"Enana Striper Ibiza. Un peque\u00f1o regalo para el novio. Peque\u00f1o Striptease. Diversi\u00f3n y sorpresa garantizadas. Espect\u00e1culo privado.\" \/>\n<meta name=\"robots\" content=\"index, follow, max-snippet:-1, max-image-preview:large, max-video-preview:-1\" \/>\n<link rel=\"canonical\" href=\"https:\/\/stagpartynight.com\/es\/product\/enana-striper-ibiza\/\" \/>\n<meta property=\"og:locale\" content=\"es_ES\" \/>\n<meta property=\"og:type\" content=\"article\" \/>\n<meta property=\"og:title\" content=\"Enana Striper Ibiza\" \/>\n<meta property=\"og:description\" content=\"Enana Striper Ibiza. Un peque\u00f1o regalo para el novio. Peque\u00f1o Striptease. Diversi\u00f3n y sorpresa garantizadas. Espect\u00e1culo privado.\" \/>\n<meta property=\"og:url\" content=\"https:\/\/stagpartynight.com\/es\/product\/enana-striper-ibiza\/\" \/>\n<meta property=\"og:site_name\" content=\"Despedida de Soltero\" \/>\n<meta property=\"article:modified_time\" content=\"2024-01-19T09:11:40+00:00\" \/>\n<meta property=\"og:image\" content=\"https:\/\/stagpartynight.com\/es\/wp-content\/uploads\/sites\/2\/2024\/01\/Enana-Striper-Ibiza.png\" \/>\n\t<meta property=\"og:image:width\" content=\"750\" \/>\n\t<meta property=\"og:image:height\" content=\"500\" \/>\n\t<meta property=\"og:image:type\" content=\"image\/png\" \/>\n<meta name=\"twitter:card\" content=\"summary_large_image\" \/>\n<meta name=\"twitter:label1\" content=\"Tiempo de lectura\" \/>\n\t<meta name=\"twitter:data1\" content=\"2 minutos\" \/>\n<script type=\"application\/ld+json\" class=\"yoast-schema-graph\">{\"@context\":\"https:\/\/schema.org\",\"@graph\":[{\"@type\":\"WebPage\",\"@id\":\"https:\/\/stagpartynight.com\/es\/product\/enana-striper-ibiza\/\",\"url\":\"https:\/\/stagpartynight.com\/es\/product\/enana-striper-ibiza\/\",\"name\":\"Enana Striper Ibiza\",\"isPartOf\":{\"@id\":\"https:\/\/stagpartynight.com\/es\/#website\"},\"primaryImageOfPage\":{\"@id\":\"https:\/\/stagpartynight.com\/es\/product\/enana-striper-ibiza\/#primaryimage\"},\"image\":{\"@id\":\"https:\/\/stagpartynight.com\/es\/product\/enana-striper-ibiza\/#primaryimage\"},\"thumbnailUrl\":\"https:\/\/stagpartynight.com\/es\/wp-content\/uploads\/sites\/2\/2024\/01\/Enana-Striper-Ibiza.png\",\"datePublished\":\"2024-01-04T12:50:07+00:00\",\"dateModified\":\"2024-01-19T09:11:40+00:00\",\"description\":\"Enana Striper Ibiza. Un peque\u00f1o regalo para el novio. Peque\u00f1o Striptease. Diversi\u00f3n y sorpresa garantizadas. Espect\u00e1culo privado.\",\"breadcrumb\":{\"@id\":\"https:\/\/stagpartynight.com\/es\/product\/enana-striper-ibiza\/#breadcrumb\"},\"inLanguage\":\"es\",\"potentialAction\":[{\"@type\":\"ReadAction\",\"target\":[\"https:\/\/stagpartynight.com\/es\/product\/enana-striper-ibiza\/\"]}]},{\"@type\":\"ImageObject\",\"inLanguage\":\"es\",\"@id\":\"https:\/\/stagpartynight.com\/es\/product\/enana-striper-ibiza\/#primaryimage\",\"url\":\"https:\/\/stagpartynight.com\/es\/wp-content\/uploads\/sites\/2\/2024\/01\/Enana-Striper-Ibiza.png\",\"contentUrl\":\"https:\/\/stagpartynight.com\/es\/wp-content\/uploads\/sites\/2\/2024\/01\/Enana-Striper-Ibiza.png\",\"width\":750,\"height\":500,\"caption\":\"Enana Striper Ibiza\"},{\"@type\":\"BreadcrumbList\",\"@id\":\"https:\/\/stagpartynight.com\/es\/product\/enana-striper-ibiza\/#breadcrumb\",\"itemListElement\":[{\"@type\":\"ListItem\",\"position\":1,\"name\":\"Home\",\"item\":\"https:\/\/stagpartynight.com\/es\/\"},{\"@type\":\"ListItem\",\"position\":2,\"name\":\"Tienda\",\"item\":\"https:\/\/stagpartynight.com\/es\/tienda\/\"},{\"@type\":\"ListItem\",\"position\":3,\"name\":\"Enana Striper Ibiza\"}]},{\"@type\":\"WebSite\",\"@id\":\"https:\/\/stagpartynight.com\/es\/#website\",\"url\":\"https:\/\/stagpartynight.com\/es\/\",\"name\":\"Stag Party Night\",\"description\":\"Your Stag Party Customized\",\"publisher\":{\"@id\":\"https:\/\/stagpartynight.com\/es\/#organization\"},\"potentialAction\":[{\"@type\":\"SearchAction\",\"target\":{\"@type\":\"EntryPoint\",\"urlTemplate\":\"https:\/\/stagpartynight.com\/es\/?s={search_term_string}\"},\"query-input\":{\"@type\":\"PropertyValueSpecification\",\"valueRequired\":true,\"valueName\":\"search_term_string\"}}],\"inLanguage\":\"es\"},{\"@type\":\"Organization\",\"@id\":\"https:\/\/stagpartynight.com\/es\/#organization\",\"name\":\"Stag Party Night\",\"url\":\"https:\/\/stagpartynight.com\/es\/\",\"logo\":{\"@type\":\"ImageObject\",\"inLanguage\":\"es\",\"@id\":\"https:\/\/stagpartynight.com\/es\/#\/schema\/logo\/image\/\",\"url\":\"https:\/\/stagpartynight.com\/es\/wp-content\/uploads\/sites\/2\/2019\/12\/stagpartynight-e1578565505687.png\",\"contentUrl\":\"https:\/\/stagpartynight.com\/es\/wp-content\/uploads\/sites\/2\/2019\/12\/stagpartynight-e1578565505687.png\",\"width\":400,\"height\":400,\"caption\":\"Stag Party Night\"},\"image\":{\"@id\":\"https:\/\/stagpartynight.com\/es\/#\/schema\/logo\/image\/\"}}]}<\/script>\n<!-- \/ Yoast SEO plugin. -->","yoast_head_json":{"title":"Enana Striper Ibiza","description":"Enana Striper Ibiza. Un peque\u00f1o regalo para el novio. Peque\u00f1o Striptease. Diversi\u00f3n y sorpresa garantizadas. Espect\u00e1culo privado.","robots":{"index":"index","follow":"follow","max-snippet":"max-snippet:-1","max-image-preview":"max-image-preview:large","max-video-preview":"max-video-preview:-1"},"canonical":"https:\/\/stagpartynight.com\/es\/product\/enana-striper-ibiza\/","og_locale":"es_ES","og_type":"article","og_title":"Enana Striper Ibiza","og_description":"Enana Striper Ibiza. Un peque\u00f1o regalo para el novio. Peque\u00f1o Striptease. Diversi\u00f3n y sorpresa garantizadas. Espect\u00e1culo privado.","og_url":"https:\/\/stagpartynight.com\/es\/product\/enana-striper-ibiza\/","og_site_name":"Despedida de Soltero","article_modified_time":"2024-01-19T09:11:40+00:00","og_image":[{"width":750,"height":500,"url":"https:\/\/stagpartynight.com\/es\/wp-content\/uploads\/sites\/2\/2024\/01\/Enana-Striper-Ibiza.png","type":"image\/png"}],"twitter_card":"summary_large_image","twitter_misc":{"Tiempo de lectura":"2 minutos"},"schema":{"@context":"https:\/\/schema.org","@graph":[{"@type":"WebPage","@id":"https:\/\/stagpartynight.com\/es\/product\/enana-striper-ibiza\/","url":"https:\/\/stagpartynight.com\/es\/product\/enana-striper-ibiza\/","name":"Enana Striper Ibiza","isPartOf":{"@id":"https:\/\/stagpartynight.com\/es\/#website"},"primaryImageOfPage":{"@id":"https:\/\/stagpartynight.com\/es\/product\/enana-striper-ibiza\/#primaryimage"},"image":{"@id":"https:\/\/stagpartynight.com\/es\/product\/enana-striper-ibiza\/#primaryimage"},"thumbnailUrl":"https:\/\/stagpartynight.com\/es\/wp-content\/uploads\/sites\/2\/2024\/01\/Enana-Striper-Ibiza.png","datePublished":"2024-01-04T12:50:07+00:00","dateModified":"2024-01-19T09:11:40+00:00","description":"Enana Striper Ibiza. Un peque\u00f1o regalo para el novio. Peque\u00f1o Striptease. Diversi\u00f3n y sorpresa garantizadas. Espect\u00e1culo privado.","breadcrumb":{"@id":"https:\/\/stagpartynight.com\/es\/product\/enana-striper-ibiza\/#breadcrumb"},"inLanguage":"es","potentialAction":[{"@type":"ReadAction","target":["https:\/\/stagpartynight.com\/es\/product\/enana-striper-ibiza\/"]}]},{"@type":"ImageObject","inLanguage":"es","@id":"https:\/\/stagpartynight.com\/es\/product\/enana-striper-ibiza\/#primaryimage","url":"https:\/\/stagpartynight.com\/es\/wp-content\/uploads\/sites\/2\/2024\/01\/Enana-Striper-Ibiza.png","contentUrl":"https:\/\/stagpartynight.com\/es\/wp-content\/uploads\/sites\/2\/2024\/01\/Enana-Striper-Ibiza.png","width":750,"height":500,"caption":"Enana Striper Ibiza"},{"@type":"BreadcrumbList","@id":"https:\/\/stagpartynight.com\/es\/product\/enana-striper-ibiza\/#breadcrumb","itemListElement":[{"@type":"ListItem","position":1,"name":"Home","item":"https:\/\/stagpartynight.com\/es\/"},{"@type":"ListItem","position":2,"name":"Tienda","item":"https:\/\/stagpartynight.com\/es\/tienda\/"},{"@type":"ListItem","position":3,"name":"Enana Striper Ibiza"}]},{"@type":"WebSite","@id":"https:\/\/stagpartynight.com\/es\/#website","url":"https:\/\/stagpartynight.com\/es\/","name":"Stag Party Night","description":"Your Stag Party Customized","publisher":{"@id":"https:\/\/stagpartynight.com\/es\/#organization"},"potentialAction":[{"@type":"SearchAction","target":{"@type":"EntryPoint","urlTemplate":"https:\/\/stagpartynight.com\/es\/?s={search_term_string}"},"query-input":{"@type":"PropertyValueSpecification","valueRequired":true,"valueName":"search_term_string"}}],"inLanguage":"es"},{"@type":"Organization","@id":"https:\/\/stagpartynight.com\/es\/#organization","name":"Stag Party Night","url":"https:\/\/stagpartynight.com\/es\/","logo":{"@type":"ImageObject","inLanguage":"es","@id":"https:\/\/stagpartynight.com\/es\/#\/schema\/logo\/image\/","url":"https:\/\/stagpartynight.com\/es\/wp-content\/uploads\/sites\/2\/2019\/12\/stagpartynight-e1578565505687.png","contentUrl":"https:\/\/stagpartynight.com\/es\/wp-content\/uploads\/sites\/2\/2019\/12\/stagpartynight-e1578565505687.png","width":400,"height":400,"caption":"Stag Party Night"},"image":{"@id":"https:\/\/stagpartynight.com\/es\/#\/schema\/logo\/image\/"}}]}},"_links":{"self":[{"href":"https:\/\/stagpartynight.com\/es\/wp-json\/wp\/v2\/product\/3511","targetHints":{"allow":["GET"]}}],"collection":[{"href":"https:\/\/stagpartynight.com\/es\/wp-json\/wp\/v2\/product"}],"about":[{"href":"https:\/\/stagpartynight.com\/es\/wp-json\/wp\/v2\/types\/product"}],"replies":[{"embeddable":true,"href":"https:\/\/stagpartynight.com\/es\/wp-json\/wp\/v2\/comments?post=3511"}],"wp:featuredmedia":[{"embeddable":true,"href":"https:\/\/stagpartynight.com\/es\/wp-json\/wp\/v2\/media\/3520"}],"wp:attachment":[{"href":"https:\/\/stagpartynight.com\/es\/wp-json\/wp\/v2\/media?parent=3511"}],"wp:term":[{"taxonomy":"product_brand","embeddable":true,"href":"https:\/\/stagpartynight.com\/es\/wp-json\/wp\/v2\/product_brand?post=3511"},{"taxonomy":"product_cat","embeddable":true,"href":"https:\/\/stagpartynight.com\/es\/wp-json\/wp\/v2\/product_cat?post=3511"},{"taxonomy":"product_tag","embeddable":true,"href":"https:\/\/stagpartynight.com\/es\/wp-json\/wp\/v2\/product_tag?post=3511"}],"curies":[{"name":"wp","href":"https:\/\/api.w.org\/{rel}","templated":true}]}}