{"id":3722,"date":"2024-01-18T12:45:22","date_gmt":"2024-01-18T11:45:22","guid":{"rendered":"https:\/\/stagpartynight.com\/es\/?post_type=product&#038;p=3722"},"modified":"2024-01-18T12:45:22","modified_gmt":"2024-01-18T11:45:22","slug":"limusina-striptease-mallorca","status":"publish","type":"product","link":"https:\/\/stagpartynight.com\/es\/product\/limusina-striptease-mallorca\/","title":{"rendered":"Limusina &#038; Striptease Mallorca"},"content":{"rendered":"<div>Limusina &amp; Striptease Mallorca. Servicio de una hora en limusina con 2 botellas de cava incluidas m\u00e1s striptease en el interior \u00abm\u00e1ximo 12 plazas\u00bb. Sensualidad y lujo.<\/div>\n<div><\/div>\n<div>\u00a1Las mejores despedidas de soltero con <a href=\"https:\/\/stagpartynight.com\/\">StagParty<\/a>!<\/div>\n<div><\/div>\n<h2 style=\"text-align: center;\">Limusina &amp; Striptease Mallorca<\/h2>\n<div><\/div>\n<h4>\u00a0\ud83d\ude97 \u00a1Vive el lujo con nuestro servicio de Limusina y Stripper Girl en Mallorca! \ud83c\udf7e<\/h4>\n<div><\/div>\n<div>Experimenta el glamour y la comodidad mientras exploras la hermosa isla de Mallorca con nuestro exclusivo servicio de limusina. Durante una hora, no s\u00f3lo te sentir\u00e1s de lujo en la espaciosa y elegante limusina, sino que habr\u00e1 una chica dentro para hacerte disfrutar del viaje al m\u00e1ximo&#8230;\u2728<\/div>\n<div><\/div>\n<div>Si viajar en limusina ya es una experiencia que te hace sentir poderoso, imag\u00ednate con un espect\u00e1culo er\u00f3tico en su interior. Con dos botellas de cava incluidas y una preciosa chica con poca ropa&#8230; \u00a1el viaje se convierte en una fiesta de lujo! Rel\u00e1jate, disfruta de la compa\u00f1\u00eda y brinda con estilo mientras te diriges a tus destinos favoritos. \ud83d\udd25<\/div>\n<div><\/div>\n<div>Nuestro servicio de limusina est\u00e1 dise\u00f1ado para que su experiencia en Mallorca sea inolvidable. Ya sea una ocasi\u00f3n especial, una despedida de soltero o soltera o simplemente un viaje con clase, estamos aqu\u00ed para hacer realidad tus sue\u00f1os de lujo en la isla. Disfrute del pecado en la isla con la cantera y una mujer sexy.<\/div>\n<div><\/div>\n<div>\n<div>Reserva ahora y d\u00e9janos llevarte al siguiente nivel de sensualidad y diversi\u00f3n en Mallorca y descubre el placer de la exclusividad mientras paseas por las calles de Palma de Mallorca y Magaluf \ud83c\udf34.<\/div>\n<div style=\"text-align: center;\"><\/div>\n<div style=\"text-align: center;\">Reserva ahora sensualidad y lujo.<\/div>\n<div style=\"text-align: center;\">Reserva ahora Limusina &amp; striptease <a href=\"https:\/\/es.wikipedia.org\/wiki\/Mallorca\">Mallorca<\/a>. \ud83d\udd25<\/div>\n<\/div>\n","protected":false},"excerpt":{"rendered":"<p>Limusina &amp; Striptease Mallorca. Servicio de una hora en limusina con 2 botellas de cava incluidas m\u00e1s striptease en el interior \u00abm\u00e1ximo 12 plazas\u00bb. Sensualidad y lujo.<\/p>\n","protected":false},"featured_media":1515,"comment_status":"open","ping_status":"closed","template":"","meta":{"_et_pb_use_builder":"","_et_pb_old_content":"","_et_gb_content_width":""},"product_brand":[],"product_cat":[342],"product_tag":[1325,1326,361],"class_list":{"0":"post-3722","1":"product","2":"type-product","3":"status-publish","4":"has-post-thumbnail","6":"product_cat-mallorca","7":"product_tag-limusina-striptease-mallorca","8":"product_tag-limusina-mallorca","9":"product_tag-striptease-mallorca","11":"first","12":"instock","13":"shipping-taxable","14":"product-type-simple"},"yoast_head":"<!-- This site is optimized with the Yoast SEO plugin v26.4 - https:\/\/yoast.com\/wordpress\/plugins\/seo\/ -->\n<title>Limusina &amp; Striptease Mallorca<\/title>\n<meta name=\"description\" content=\"Limusina &amp; Striptease Mallorca. Servicio de una hora en limusina con 2 botellas de cava incluidas m\u00e1s striptease en el interior &quot;m\u00e1ximo 12 plazas&quot;.\" \/>\n<meta name=\"robots\" content=\"index, follow, max-snippet:-1, max-image-preview:large, max-video-preview:-1\" \/>\n<link rel=\"canonical\" href=\"https:\/\/stagpartynight.com\/es\/product\/limusina-striptease-mallorca\/\" \/>\n<meta property=\"og:locale\" content=\"es_ES\" \/>\n<meta property=\"og:type\" content=\"article\" \/>\n<meta property=\"og:title\" content=\"Limusina &amp; Striptease Mallorca\" \/>\n<meta property=\"og:description\" content=\"Limusina &amp; Striptease Mallorca. Servicio de una hora en limusina con 2 botellas de cava incluidas m\u00e1s striptease en el interior &quot;m\u00e1ximo 12 plazas&quot;.\" \/>\n<meta property=\"og:url\" content=\"https:\/\/stagpartynight.com\/es\/product\/limusina-striptease-mallorca\/\" \/>\n<meta property=\"og:site_name\" content=\"Despedida de Soltero\" \/>\n<meta property=\"og:image\" content=\"https:\/\/stagpartynight.com\/es\/wp-content\/uploads\/sites\/2\/2020\/07\/WhatsApp-Image-2020-07-31-at-20.19.46.jpeg\" \/>\n\t<meta property=\"og:image:width\" content=\"750\" \/>\n\t<meta property=\"og:image:height\" content=\"934\" \/>\n\t<meta property=\"og:image:type\" content=\"image\/jpeg\" \/>\n<meta name=\"twitter:card\" content=\"summary_large_image\" \/>\n<meta name=\"twitter:label1\" content=\"Tiempo de lectura\" \/>\n\t<meta name=\"twitter:data1\" content=\"2 minutos\" \/>\n<script type=\"application\/ld+json\" class=\"yoast-schema-graph\">{\"@context\":\"https:\/\/schema.org\",\"@graph\":[{\"@type\":\"WebPage\",\"@id\":\"https:\/\/stagpartynight.com\/es\/product\/limusina-striptease-mallorca\/\",\"url\":\"https:\/\/stagpartynight.com\/es\/product\/limusina-striptease-mallorca\/\",\"name\":\"Limusina & Striptease Mallorca\",\"isPartOf\":{\"@id\":\"https:\/\/stagpartynight.com\/es\/#website\"},\"primaryImageOfPage\":{\"@id\":\"https:\/\/stagpartynight.com\/es\/product\/limusina-striptease-mallorca\/#primaryimage\"},\"image\":{\"@id\":\"https:\/\/stagpartynight.com\/es\/product\/limusina-striptease-mallorca\/#primaryimage\"},\"thumbnailUrl\":\"https:\/\/stagpartynight.com\/es\/wp-content\/uploads\/sites\/2\/2020\/07\/WhatsApp-Image-2020-07-31-at-20.19.46.jpeg\",\"datePublished\":\"2024-01-18T11:45:22+00:00\",\"description\":\"Limusina & Striptease Mallorca. Servicio de una hora en limusina con 2 botellas de cava incluidas m\u00e1s striptease en el interior \\\"m\u00e1ximo 12 plazas\\\".\",\"breadcrumb\":{\"@id\":\"https:\/\/stagpartynight.com\/es\/product\/limusina-striptease-mallorca\/#breadcrumb\"},\"inLanguage\":\"es\",\"potentialAction\":[{\"@type\":\"ReadAction\",\"target\":[\"https:\/\/stagpartynight.com\/es\/product\/limusina-striptease-mallorca\/\"]}]},{\"@type\":\"ImageObject\",\"inLanguage\":\"es\",\"@id\":\"https:\/\/stagpartynight.com\/es\/product\/limusina-striptease-mallorca\/#primaryimage\",\"url\":\"https:\/\/stagpartynight.com\/es\/wp-content\/uploads\/sites\/2\/2020\/07\/WhatsApp-Image-2020-07-31-at-20.19.46.jpeg\",\"contentUrl\":\"https:\/\/stagpartynight.com\/es\/wp-content\/uploads\/sites\/2\/2020\/07\/WhatsApp-Image-2020-07-31-at-20.19.46.jpeg\",\"width\":750,\"height\":934,\"caption\":\"Limusina & Striptease Mallorca\"},{\"@type\":\"BreadcrumbList\",\"@id\":\"https:\/\/stagpartynight.com\/es\/product\/limusina-striptease-mallorca\/#breadcrumb\",\"itemListElement\":[{\"@type\":\"ListItem\",\"position\":1,\"name\":\"Home\",\"item\":\"https:\/\/stagpartynight.com\/es\/\"},{\"@type\":\"ListItem\",\"position\":2,\"name\":\"Tienda\",\"item\":\"https:\/\/stagpartynight.com\/es\/tienda\/\"},{\"@type\":\"ListItem\",\"position\":3,\"name\":\"Limusina &#038; Striptease Mallorca\"}]},{\"@type\":\"WebSite\",\"@id\":\"https:\/\/stagpartynight.com\/es\/#website\",\"url\":\"https:\/\/stagpartynight.com\/es\/\",\"name\":\"Stag Party Night\",\"description\":\"Your Stag Party Customized\",\"publisher\":{\"@id\":\"https:\/\/stagpartynight.com\/es\/#organization\"},\"potentialAction\":[{\"@type\":\"SearchAction\",\"target\":{\"@type\":\"EntryPoint\",\"urlTemplate\":\"https:\/\/stagpartynight.com\/es\/?s={search_term_string}\"},\"query-input\":{\"@type\":\"PropertyValueSpecification\",\"valueRequired\":true,\"valueName\":\"search_term_string\"}}],\"inLanguage\":\"es\"},{\"@type\":\"Organization\",\"@id\":\"https:\/\/stagpartynight.com\/es\/#organization\",\"name\":\"Stag Party Night\",\"url\":\"https:\/\/stagpartynight.com\/es\/\",\"logo\":{\"@type\":\"ImageObject\",\"inLanguage\":\"es\",\"@id\":\"https:\/\/stagpartynight.com\/es\/#\/schema\/logo\/image\/\",\"url\":\"https:\/\/stagpartynight.com\/es\/wp-content\/uploads\/sites\/2\/2019\/12\/stagpartynight-e1578565505687.png\",\"contentUrl\":\"https:\/\/stagpartynight.com\/es\/wp-content\/uploads\/sites\/2\/2019\/12\/stagpartynight-e1578565505687.png\",\"width\":400,\"height\":400,\"caption\":\"Stag Party Night\"},\"image\":{\"@id\":\"https:\/\/stagpartynight.com\/es\/#\/schema\/logo\/image\/\"}}]}<\/script>\n<!-- \/ Yoast SEO plugin. -->","yoast_head_json":{"title":"Limusina & Striptease Mallorca","description":"Limusina & Striptease Mallorca. Servicio de una hora en limusina con 2 botellas de cava incluidas m\u00e1s striptease en el interior \"m\u00e1ximo 12 plazas\".","robots":{"index":"index","follow":"follow","max-snippet":"max-snippet:-1","max-image-preview":"max-image-preview:large","max-video-preview":"max-video-preview:-1"},"canonical":"https:\/\/stagpartynight.com\/es\/product\/limusina-striptease-mallorca\/","og_locale":"es_ES","og_type":"article","og_title":"Limusina & Striptease Mallorca","og_description":"Limusina & Striptease Mallorca. Servicio de una hora en limusina con 2 botellas de cava incluidas m\u00e1s striptease en el interior \"m\u00e1ximo 12 plazas\".","og_url":"https:\/\/stagpartynight.com\/es\/product\/limusina-striptease-mallorca\/","og_site_name":"Despedida de Soltero","og_image":[{"width":750,"height":934,"url":"https:\/\/stagpartynight.com\/es\/wp-content\/uploads\/sites\/2\/2020\/07\/WhatsApp-Image-2020-07-31-at-20.19.46.jpeg","type":"image\/jpeg"}],"twitter_card":"summary_large_image","twitter_misc":{"Tiempo de lectura":"2 minutos"},"schema":{"@context":"https:\/\/schema.org","@graph":[{"@type":"WebPage","@id":"https:\/\/stagpartynight.com\/es\/product\/limusina-striptease-mallorca\/","url":"https:\/\/stagpartynight.com\/es\/product\/limusina-striptease-mallorca\/","name":"Limusina & Striptease Mallorca","isPartOf":{"@id":"https:\/\/stagpartynight.com\/es\/#website"},"primaryImageOfPage":{"@id":"https:\/\/stagpartynight.com\/es\/product\/limusina-striptease-mallorca\/#primaryimage"},"image":{"@id":"https:\/\/stagpartynight.com\/es\/product\/limusina-striptease-mallorca\/#primaryimage"},"thumbnailUrl":"https:\/\/stagpartynight.com\/es\/wp-content\/uploads\/sites\/2\/2020\/07\/WhatsApp-Image-2020-07-31-at-20.19.46.jpeg","datePublished":"2024-01-18T11:45:22+00:00","description":"Limusina & Striptease Mallorca. Servicio de una hora en limusina con 2 botellas de cava incluidas m\u00e1s striptease en el interior \"m\u00e1ximo 12 plazas\".","breadcrumb":{"@id":"https:\/\/stagpartynight.com\/es\/product\/limusina-striptease-mallorca\/#breadcrumb"},"inLanguage":"es","potentialAction":[{"@type":"ReadAction","target":["https:\/\/stagpartynight.com\/es\/product\/limusina-striptease-mallorca\/"]}]},{"@type":"ImageObject","inLanguage":"es","@id":"https:\/\/stagpartynight.com\/es\/product\/limusina-striptease-mallorca\/#primaryimage","url":"https:\/\/stagpartynight.com\/es\/wp-content\/uploads\/sites\/2\/2020\/07\/WhatsApp-Image-2020-07-31-at-20.19.46.jpeg","contentUrl":"https:\/\/stagpartynight.com\/es\/wp-content\/uploads\/sites\/2\/2020\/07\/WhatsApp-Image-2020-07-31-at-20.19.46.jpeg","width":750,"height":934,"caption":"Limusina & Striptease Mallorca"},{"@type":"BreadcrumbList","@id":"https:\/\/stagpartynight.com\/es\/product\/limusina-striptease-mallorca\/#breadcrumb","itemListElement":[{"@type":"ListItem","position":1,"name":"Home","item":"https:\/\/stagpartynight.com\/es\/"},{"@type":"ListItem","position":2,"name":"Tienda","item":"https:\/\/stagpartynight.com\/es\/tienda\/"},{"@type":"ListItem","position":3,"name":"Limusina &#038; Striptease Mallorca"}]},{"@type":"WebSite","@id":"https:\/\/stagpartynight.com\/es\/#website","url":"https:\/\/stagpartynight.com\/es\/","name":"Stag Party Night","description":"Your Stag Party Customized","publisher":{"@id":"https:\/\/stagpartynight.com\/es\/#organization"},"potentialAction":[{"@type":"SearchAction","target":{"@type":"EntryPoint","urlTemplate":"https:\/\/stagpartynight.com\/es\/?s={search_term_string}"},"query-input":{"@type":"PropertyValueSpecification","valueRequired":true,"valueName":"search_term_string"}}],"inLanguage":"es"},{"@type":"Organization","@id":"https:\/\/stagpartynight.com\/es\/#organization","name":"Stag Party Night","url":"https:\/\/stagpartynight.com\/es\/","logo":{"@type":"ImageObject","inLanguage":"es","@id":"https:\/\/stagpartynight.com\/es\/#\/schema\/logo\/image\/","url":"https:\/\/stagpartynight.com\/es\/wp-content\/uploads\/sites\/2\/2019\/12\/stagpartynight-e1578565505687.png","contentUrl":"https:\/\/stagpartynight.com\/es\/wp-content\/uploads\/sites\/2\/2019\/12\/stagpartynight-e1578565505687.png","width":400,"height":400,"caption":"Stag Party Night"},"image":{"@id":"https:\/\/stagpartynight.com\/es\/#\/schema\/logo\/image\/"}}]}},"_links":{"self":[{"href":"https:\/\/stagpartynight.com\/es\/wp-json\/wp\/v2\/product\/3722","targetHints":{"allow":["GET"]}}],"collection":[{"href":"https:\/\/stagpartynight.com\/es\/wp-json\/wp\/v2\/product"}],"about":[{"href":"https:\/\/stagpartynight.com\/es\/wp-json\/wp\/v2\/types\/product"}],"replies":[{"embeddable":true,"href":"https:\/\/stagpartynight.com\/es\/wp-json\/wp\/v2\/comments?post=3722"}],"wp:featuredmedia":[{"embeddable":true,"href":"https:\/\/stagpartynight.com\/es\/wp-json\/wp\/v2\/media\/1515"}],"wp:attachment":[{"href":"https:\/\/stagpartynight.com\/es\/wp-json\/wp\/v2\/media?parent=3722"}],"wp:term":[{"taxonomy":"product_brand","embeddable":true,"href":"https:\/\/stagpartynight.com\/es\/wp-json\/wp\/v2\/product_brand?post=3722"},{"taxonomy":"product_cat","embeddable":true,"href":"https:\/\/stagpartynight.com\/es\/wp-json\/wp\/v2\/product_cat?post=3722"},{"taxonomy":"product_tag","embeddable":true,"href":"https:\/\/stagpartynight.com\/es\/wp-json\/wp\/v2\/product_tag?post=3722"}],"curies":[{"name":"wp","href":"https:\/\/api.w.org\/{rel}","templated":true}]}}