{"id":129,"date":"2020-01-05T22:08:32","date_gmt":"2020-01-05T21:08:32","guid":{"rendered":"https:\/\/stagpartynight.com\/fr\/?post_type=product&#038;p=129"},"modified":"2021-02-03T17:51:16","modified_gmt":"2021-02-03T16:51:16","slug":"lesbian-show-oporto","status":"publish","type":"product","link":"https:\/\/stagpartynight.com\/fr\/product\/lesbian-show-oporto\/","title":{"rendered":"Striptease lesbien \u00e0 Oporto"},"content":{"rendered":"<p>Un moment sp\u00e9cial et unique. Le fianc\u00e9\u00a0 n\u2019oubliera jamais ce jour. Spectacle \u00e9rotique, participatif pour plusieurs personnes du groupe si elles le souhaitent. Choisissez le profil des filles, la sensualit\u00e9, l\u2019\u00e9rotisme et l\u2019\u00e9l\u00e9gance des strip-teaseuses. Possibilit\u00e9 de jouer dans votre appartement, limousine, restaurant ou bar avec salle priv\u00e9e. Service recommand\u00e9.<\/p>\n","protected":false},"excerpt":{"rendered":"<p>Un moment sp\u00e9cial et unique. Le fianc\u00e9\u00a0 n\u2019oubliera jamais ce jour. Spectacle \u00e9rotique, participatif pour plusieurs personnes du groupe si elles le souhaitent. Choisissez le profil des filles, la sensualit\u00e9, l\u2019\u00e9rotisme et l\u2019\u00e9l\u00e9gance des strip-teaseuses. Possibilit\u00e9 de jouer dans votre appartement, limousine, restaurant ou bar avec salle priv\u00e9e. Service recommand\u00e9.<\/p>\n","protected":false},"featured_media":1759,"comment_status":"open","ping_status":"closed","template":"","meta":{"_et_pb_use_builder":"","_et_pb_old_content":"","_et_gb_content_width":""},"product_brand":[],"product_cat":[20],"product_tag":[412,23,411],"class_list":{"0":"post-129","1":"product","2":"type-product","3":"status-publish","4":"has-post-thumbnail","6":"product_cat-oporto","7":"product_tag-filles-lesbiennes-sexy","8":"product_tag-lesbian-show-oporto","9":"product_tag-striptease-lesbien-a-oporto","11":"first","12":"instock","13":"virtual","14":"product-type-simple"},"yoast_head":"<!-- This site is optimized with the Yoast SEO plugin v26.4 - https:\/\/yoast.com\/wordpress\/plugins\/seo\/ -->\n<title>Striptease lesbien \u00e0 Oporto - Lesbian Show Oporto - Filles lesbiennes sexy<\/title>\n<meta name=\"description\" content=\"Striptease lesbien \u00e0 Oporto - Spectacle \u00e9rotique, participatif pour plusieurs personnes du groupe si elles le souhaitent. Choisissez le profil des filles, la sensualit\u00e9, l\u2019\u00e9rotisme et l\u2019\u00e9l\u00e9gance des strip-teaseuses.\" \/>\n<meta name=\"robots\" content=\"index, follow, max-snippet:-1, max-image-preview:large, max-video-preview:-1\" \/>\n<link rel=\"canonical\" href=\"https:\/\/stagpartynight.com\/fr\/product\/lesbian-show-oporto\/\" \/>\n<meta property=\"og:locale\" content=\"en_GB\" \/>\n<meta property=\"og:type\" content=\"article\" \/>\n<meta property=\"og:title\" content=\"Striptease lesbien \u00e0 Oporto - Lesbian Show Oporto - Filles lesbiennes sexy\" \/>\n<meta property=\"og:description\" content=\"Striptease lesbien \u00e0 Oporto - Spectacle \u00e9rotique, participatif pour plusieurs personnes du groupe si elles le souhaitent. Choisissez le profil des filles, la sensualit\u00e9, l\u2019\u00e9rotisme et l\u2019\u00e9l\u00e9gance des strip-teaseuses.\" \/>\n<meta property=\"og:url\" content=\"https:\/\/stagpartynight.com\/fr\/product\/lesbian-show-oporto\/\" \/>\n<meta property=\"og:site_name\" content=\"Nuit de f\u00eate de cerf\" \/>\n<meta property=\"article:modified_time\" content=\"2021-02-03T16:51:16+00:00\" \/>\n<meta property=\"og:image\" content=\"https:\/\/stagpartynight.com\/fr\/wp-content\/uploads\/sites\/3\/2020\/01\/lesbian-show.jpg\" \/>\n\t<meta property=\"og:image:width\" content=\"919\" \/>\n\t<meta property=\"og:image:height\" content=\"1074\" \/>\n\t<meta property=\"og:image:type\" content=\"image\/jpeg\" \/>\n<meta name=\"twitter:card\" content=\"summary_large_image\" \/>\n<script type=\"application\/ld+json\" class=\"yoast-schema-graph\">{\"@context\":\"https:\/\/schema.org\",\"@graph\":[{\"@type\":\"WebPage\",\"@id\":\"https:\/\/stagpartynight.com\/fr\/product\/lesbian-show-oporto\/\",\"url\":\"https:\/\/stagpartynight.com\/fr\/product\/lesbian-show-oporto\/\",\"name\":\"Striptease lesbien \u00e0 Oporto - Lesbian Show Oporto - Filles lesbiennes sexy\",\"isPartOf\":{\"@id\":\"https:\/\/stagpartynight.com\/fr\/#website\"},\"primaryImageOfPage\":{\"@id\":\"https:\/\/stagpartynight.com\/fr\/product\/lesbian-show-oporto\/#primaryimage\"},\"image\":{\"@id\":\"https:\/\/stagpartynight.com\/fr\/product\/lesbian-show-oporto\/#primaryimage\"},\"thumbnailUrl\":\"https:\/\/stagpartynight.com\/fr\/wp-content\/uploads\/sites\/3\/2020\/01\/lesbian-show.jpg\",\"datePublished\":\"2020-01-05T21:08:32+00:00\",\"dateModified\":\"2021-02-03T16:51:16+00:00\",\"description\":\"Striptease lesbien \u00e0 Oporto - Spectacle \u00e9rotique, participatif pour plusieurs personnes du groupe si elles le souhaitent. Choisissez le profil des filles, la sensualit\u00e9, l\u2019\u00e9rotisme et l\u2019\u00e9l\u00e9gance des strip-teaseuses.\",\"breadcrumb\":{\"@id\":\"https:\/\/stagpartynight.com\/fr\/product\/lesbian-show-oporto\/#breadcrumb\"},\"inLanguage\":\"en-GB\",\"potentialAction\":[{\"@type\":\"ReadAction\",\"target\":[\"https:\/\/stagpartynight.com\/fr\/product\/lesbian-show-oporto\/\"]}]},{\"@type\":\"ImageObject\",\"inLanguage\":\"en-GB\",\"@id\":\"https:\/\/stagpartynight.com\/fr\/product\/lesbian-show-oporto\/#primaryimage\",\"url\":\"https:\/\/stagpartynight.com\/fr\/wp-content\/uploads\/sites\/3\/2020\/01\/lesbian-show.jpg\",\"contentUrl\":\"https:\/\/stagpartynight.com\/fr\/wp-content\/uploads\/sites\/3\/2020\/01\/lesbian-show.jpg\",\"width\":919,\"height\":1074,\"caption\":\"Lesbienne strip \u00e0 Majorque\"},{\"@type\":\"BreadcrumbList\",\"@id\":\"https:\/\/stagpartynight.com\/fr\/product\/lesbian-show-oporto\/#breadcrumb\",\"itemListElement\":[{\"@type\":\"ListItem\",\"position\":1,\"name\":\"Home\",\"item\":\"https:\/\/stagpartynight.com\/fr\/\"},{\"@type\":\"ListItem\",\"position\":2,\"name\":\"Tienda\",\"item\":\"https:\/\/stagpartynight.com\/fr\/tienda\/\"},{\"@type\":\"ListItem\",\"position\":3,\"name\":\"Striptease lesbien \u00e0 Oporto\"}]},{\"@type\":\"WebSite\",\"@id\":\"https:\/\/stagpartynight.com\/fr\/#website\",\"url\":\"https:\/\/stagpartynight.com\/fr\/\",\"name\":\"Stag Party Night\",\"description\":\"Your Stag Party Customized\",\"publisher\":{\"@id\":\"https:\/\/stagpartynight.com\/fr\/#organization\"},\"potentialAction\":[{\"@type\":\"SearchAction\",\"target\":{\"@type\":\"EntryPoint\",\"urlTemplate\":\"https:\/\/stagpartynight.com\/fr\/?s={search_term_string}\"},\"query-input\":{\"@type\":\"PropertyValueSpecification\",\"valueRequired\":true,\"valueName\":\"search_term_string\"}}],\"inLanguage\":\"en-GB\"},{\"@type\":\"Organization\",\"@id\":\"https:\/\/stagpartynight.com\/fr\/#organization\",\"name\":\"Stag Party Night\",\"url\":\"https:\/\/stagpartynight.com\/fr\/\",\"logo\":{\"@type\":\"ImageObject\",\"inLanguage\":\"en-GB\",\"@id\":\"https:\/\/stagpartynight.com\/fr\/#\/schema\/logo\/image\/\",\"url\":\"https:\/\/stagpartynight.com\/fr\/wp-content\/uploads\/sites\/3\/2019\/12\/stagpartynight-e1578565505687.png\",\"contentUrl\":\"https:\/\/stagpartynight.com\/fr\/wp-content\/uploads\/sites\/3\/2019\/12\/stagpartynight-e1578565505687.png\",\"width\":400,\"height\":400,\"caption\":\"Stag Party Night\"},\"image\":{\"@id\":\"https:\/\/stagpartynight.com\/fr\/#\/schema\/logo\/image\/\"}}]}<\/script>\n<!-- \/ Yoast SEO plugin. -->","yoast_head_json":{"title":"Striptease lesbien \u00e0 Oporto - Lesbian Show Oporto - Filles lesbiennes sexy","description":"Striptease lesbien \u00e0 Oporto - Spectacle \u00e9rotique, participatif pour plusieurs personnes du groupe si elles le souhaitent. Choisissez le profil des filles, la sensualit\u00e9, l\u2019\u00e9rotisme et l\u2019\u00e9l\u00e9gance des strip-teaseuses.","robots":{"index":"index","follow":"follow","max-snippet":"max-snippet:-1","max-image-preview":"max-image-preview:large","max-video-preview":"max-video-preview:-1"},"canonical":"https:\/\/stagpartynight.com\/fr\/product\/lesbian-show-oporto\/","og_locale":"en_GB","og_type":"article","og_title":"Striptease lesbien \u00e0 Oporto - Lesbian Show Oporto - Filles lesbiennes sexy","og_description":"Striptease lesbien \u00e0 Oporto - Spectacle \u00e9rotique, participatif pour plusieurs personnes du groupe si elles le souhaitent. Choisissez le profil des filles, la sensualit\u00e9, l\u2019\u00e9rotisme et l\u2019\u00e9l\u00e9gance des strip-teaseuses.","og_url":"https:\/\/stagpartynight.com\/fr\/product\/lesbian-show-oporto\/","og_site_name":"Nuit de f\u00eate de cerf","article_modified_time":"2021-02-03T16:51:16+00:00","og_image":[{"width":919,"height":1074,"url":"https:\/\/stagpartynight.com\/fr\/wp-content\/uploads\/sites\/3\/2020\/01\/lesbian-show.jpg","type":"image\/jpeg"}],"twitter_card":"summary_large_image","schema":{"@context":"https:\/\/schema.org","@graph":[{"@type":"WebPage","@id":"https:\/\/stagpartynight.com\/fr\/product\/lesbian-show-oporto\/","url":"https:\/\/stagpartynight.com\/fr\/product\/lesbian-show-oporto\/","name":"Striptease lesbien \u00e0 Oporto - Lesbian Show Oporto - Filles lesbiennes sexy","isPartOf":{"@id":"https:\/\/stagpartynight.com\/fr\/#website"},"primaryImageOfPage":{"@id":"https:\/\/stagpartynight.com\/fr\/product\/lesbian-show-oporto\/#primaryimage"},"image":{"@id":"https:\/\/stagpartynight.com\/fr\/product\/lesbian-show-oporto\/#primaryimage"},"thumbnailUrl":"https:\/\/stagpartynight.com\/fr\/wp-content\/uploads\/sites\/3\/2020\/01\/lesbian-show.jpg","datePublished":"2020-01-05T21:08:32+00:00","dateModified":"2021-02-03T16:51:16+00:00","description":"Striptease lesbien \u00e0 Oporto - Spectacle \u00e9rotique, participatif pour plusieurs personnes du groupe si elles le souhaitent. Choisissez le profil des filles, la sensualit\u00e9, l\u2019\u00e9rotisme et l\u2019\u00e9l\u00e9gance des strip-teaseuses.","breadcrumb":{"@id":"https:\/\/stagpartynight.com\/fr\/product\/lesbian-show-oporto\/#breadcrumb"},"inLanguage":"en-GB","potentialAction":[{"@type":"ReadAction","target":["https:\/\/stagpartynight.com\/fr\/product\/lesbian-show-oporto\/"]}]},{"@type":"ImageObject","inLanguage":"en-GB","@id":"https:\/\/stagpartynight.com\/fr\/product\/lesbian-show-oporto\/#primaryimage","url":"https:\/\/stagpartynight.com\/fr\/wp-content\/uploads\/sites\/3\/2020\/01\/lesbian-show.jpg","contentUrl":"https:\/\/stagpartynight.com\/fr\/wp-content\/uploads\/sites\/3\/2020\/01\/lesbian-show.jpg","width":919,"height":1074,"caption":"Lesbienne strip \u00e0 Majorque"},{"@type":"BreadcrumbList","@id":"https:\/\/stagpartynight.com\/fr\/product\/lesbian-show-oporto\/#breadcrumb","itemListElement":[{"@type":"ListItem","position":1,"name":"Home","item":"https:\/\/stagpartynight.com\/fr\/"},{"@type":"ListItem","position":2,"name":"Tienda","item":"https:\/\/stagpartynight.com\/fr\/tienda\/"},{"@type":"ListItem","position":3,"name":"Striptease lesbien \u00e0 Oporto"}]},{"@type":"WebSite","@id":"https:\/\/stagpartynight.com\/fr\/#website","url":"https:\/\/stagpartynight.com\/fr\/","name":"Stag Party Night","description":"Your Stag Party Customized","publisher":{"@id":"https:\/\/stagpartynight.com\/fr\/#organization"},"potentialAction":[{"@type":"SearchAction","target":{"@type":"EntryPoint","urlTemplate":"https:\/\/stagpartynight.com\/fr\/?s={search_term_string}"},"query-input":{"@type":"PropertyValueSpecification","valueRequired":true,"valueName":"search_term_string"}}],"inLanguage":"en-GB"},{"@type":"Organization","@id":"https:\/\/stagpartynight.com\/fr\/#organization","name":"Stag Party Night","url":"https:\/\/stagpartynight.com\/fr\/","logo":{"@type":"ImageObject","inLanguage":"en-GB","@id":"https:\/\/stagpartynight.com\/fr\/#\/schema\/logo\/image\/","url":"https:\/\/stagpartynight.com\/fr\/wp-content\/uploads\/sites\/3\/2019\/12\/stagpartynight-e1578565505687.png","contentUrl":"https:\/\/stagpartynight.com\/fr\/wp-content\/uploads\/sites\/3\/2019\/12\/stagpartynight-e1578565505687.png","width":400,"height":400,"caption":"Stag Party Night"},"image":{"@id":"https:\/\/stagpartynight.com\/fr\/#\/schema\/logo\/image\/"}}]}},"_links":{"self":[{"href":"https:\/\/stagpartynight.com\/fr\/wp-json\/wp\/v2\/product\/129","targetHints":{"allow":["GET"]}}],"collection":[{"href":"https:\/\/stagpartynight.com\/fr\/wp-json\/wp\/v2\/product"}],"about":[{"href":"https:\/\/stagpartynight.com\/fr\/wp-json\/wp\/v2\/types\/product"}],"replies":[{"embeddable":true,"href":"https:\/\/stagpartynight.com\/fr\/wp-json\/wp\/v2\/comments?post=129"}],"wp:featuredmedia":[{"embeddable":true,"href":"https:\/\/stagpartynight.com\/fr\/wp-json\/wp\/v2\/media\/1759"}],"wp:attachment":[{"href":"https:\/\/stagpartynight.com\/fr\/wp-json\/wp\/v2\/media?parent=129"}],"wp:term":[{"taxonomy":"product_brand","embeddable":true,"href":"https:\/\/stagpartynight.com\/fr\/wp-json\/wp\/v2\/product_brand?post=129"},{"taxonomy":"product_cat","embeddable":true,"href":"https:\/\/stagpartynight.com\/fr\/wp-json\/wp\/v2\/product_cat?post=129"},{"taxonomy":"product_tag","embeddable":true,"href":"https:\/\/stagpartynight.com\/fr\/wp-json\/wp\/v2\/product_tag?post=129"}],"curies":[{"name":"wp","href":"https:\/\/api.w.org\/{rel}","templated":true}]}}