{"id":143,"date":"2020-01-05T22:50:53","date_gmt":"2020-01-05T21:50:53","guid":{"rendered":"https:\/\/stagpartynight.com\/fr\/?post_type=product&#038;p=143"},"modified":"2021-02-03T18:40:37","modified_gmt":"2021-02-03T17:40:37","slug":"dinner-oporto","status":"publish","type":"product","link":"https:\/\/stagpartynight.com\/fr\/product\/dinner-oporto\/","title":{"rendered":"D\u00eener ou d\u00e9jeuner \u00e0 Porto"},"content":{"rendered":"<p>La cuisine portugaise est une grande attraction pour les touristes. Choisissez parmi ses restaurants ses repas, des tapas typiquement portugais aux diff\u00e9rents menus de groupe. Possibilit\u00e9 de menus pour les v\u00e9g\u00e9tariens, c\u0153liaques ou sans gluten. Possibilit\u00e9 de chambre priv\u00e9e.<\/p>\n","protected":false},"excerpt":{"rendered":"<p>La cuisine portugaise est une grande attraction pour les touristes. Choisissez parmi ses restaurants ses repas, des tapas typiquement portugais aux diff\u00e9rents menus de groupe. Possibilit\u00e9 de menus pour les v\u00e9g\u00e9tariens, c\u0153liaques ou sans gluten. Possibilit\u00e9 de chambre priv\u00e9e.<\/p>\n","protected":false},"featured_media":134,"comment_status":"open","ping_status":"closed","template":"","meta":{"_et_pb_use_builder":"","_et_pb_old_content":"","_et_gb_content_width":""},"product_brand":[],"product_cat":[20],"product_tag":[425,30,426],"class_list":{"0":"post-143","1":"product","2":"type-product","3":"status-publish","4":"has-post-thumbnail","6":"product_cat-oporto","7":"product_tag-diner-ou-dejeuner-a-porto","8":"product_tag-dinner-oporto","9":"product_tag-restaurants-a-porto","11":"first","12":"instock","13":"virtual","14":"product-type-simple"},"yoast_head":"<!-- This site is optimized with the Yoast SEO plugin v26.4 - https:\/\/yoast.com\/wordpress\/plugins\/seo\/ -->\n<title>D\u00eener ou d\u00e9jeuner \u00e0 Porto - Oporto Dinner - Restaurants \u00e0 Porto - Oporto<\/title>\n<meta name=\"description\" content=\"D\u00eener ou d\u00e9jeuner \u00e0 Porto - La cuisine portugaise est une grande attraction pour les touristes. Choisissez parmi ses restaurants ses repas, des tapas typiquement portugais aux diff\u00e9rents menus de groupe.\" \/>\n<meta name=\"robots\" content=\"index, follow, max-snippet:-1, max-image-preview:large, max-video-preview:-1\" \/>\n<link rel=\"canonical\" href=\"https:\/\/stagpartynight.com\/fr\/product\/dinner-oporto\/\" \/>\n<meta property=\"og:locale\" content=\"en_GB\" \/>\n<meta property=\"og:type\" content=\"article\" \/>\n<meta property=\"og:title\" content=\"D\u00eener ou d\u00e9jeuner \u00e0 Porto - Oporto Dinner - Restaurants \u00e0 Porto - Oporto\" \/>\n<meta property=\"og:description\" content=\"D\u00eener ou d\u00e9jeuner \u00e0 Porto - La cuisine portugaise est une grande attraction pour les touristes. Choisissez parmi ses restaurants ses repas, des tapas typiquement portugais aux diff\u00e9rents menus de groupe.\" \/>\n<meta property=\"og:url\" content=\"https:\/\/stagpartynight.com\/fr\/product\/dinner-oporto\/\" \/>\n<meta property=\"og:site_name\" content=\"Nuit de f\u00eate de cerf\" \/>\n<meta property=\"article:modified_time\" content=\"2021-02-03T17:40:37+00:00\" \/>\n<meta property=\"og:image\" content=\"https:\/\/stagpartynight.com\/fr\/wp-content\/uploads\/sites\/3\/2020\/01\/erotic-show-dinner.jpg\" \/>\n\t<meta property=\"og:image:width\" content=\"720\" \/>\n\t<meta property=\"og:image:height\" content=\"480\" \/>\n\t<meta property=\"og:image:type\" content=\"image\/jpeg\" \/>\n<meta name=\"twitter:card\" content=\"summary_large_image\" \/>\n<script type=\"application\/ld+json\" class=\"yoast-schema-graph\">{\"@context\":\"https:\/\/schema.org\",\"@graph\":[{\"@type\":\"WebPage\",\"@id\":\"https:\/\/stagpartynight.com\/fr\/product\/dinner-oporto\/\",\"url\":\"https:\/\/stagpartynight.com\/fr\/product\/dinner-oporto\/\",\"name\":\"D\u00eener ou d\u00e9jeuner \u00e0 Porto - Oporto Dinner - Restaurants \u00e0 Porto - Oporto\",\"isPartOf\":{\"@id\":\"https:\/\/stagpartynight.com\/fr\/#website\"},\"primaryImageOfPage\":{\"@id\":\"https:\/\/stagpartynight.com\/fr\/product\/dinner-oporto\/#primaryimage\"},\"image\":{\"@id\":\"https:\/\/stagpartynight.com\/fr\/product\/dinner-oporto\/#primaryimage\"},\"thumbnailUrl\":\"https:\/\/stagpartynight.com\/fr\/wp-content\/uploads\/sites\/3\/2020\/01\/erotic-show-dinner.jpg\",\"datePublished\":\"2020-01-05T21:50:53+00:00\",\"dateModified\":\"2021-02-03T17:40:37+00:00\",\"description\":\"D\u00eener ou d\u00e9jeuner \u00e0 Porto - La cuisine portugaise est une grande attraction pour les touristes. Choisissez parmi ses restaurants ses repas, des tapas typiquement portugais aux diff\u00e9rents menus de groupe.\",\"breadcrumb\":{\"@id\":\"https:\/\/stagpartynight.com\/fr\/product\/dinner-oporto\/#breadcrumb\"},\"inLanguage\":\"en-GB\",\"potentialAction\":[{\"@type\":\"ReadAction\",\"target\":[\"https:\/\/stagpartynight.com\/fr\/product\/dinner-oporto\/\"]}]},{\"@type\":\"ImageObject\",\"inLanguage\":\"en-GB\",\"@id\":\"https:\/\/stagpartynight.com\/fr\/product\/dinner-oporto\/#primaryimage\",\"url\":\"https:\/\/stagpartynight.com\/fr\/wp-content\/uploads\/sites\/3\/2020\/01\/erotic-show-dinner.jpg\",\"contentUrl\":\"https:\/\/stagpartynight.com\/fr\/wp-content\/uploads\/sites\/3\/2020\/01\/erotic-show-dinner.jpg\",\"width\":720,\"height\":480},{\"@type\":\"BreadcrumbList\",\"@id\":\"https:\/\/stagpartynight.com\/fr\/product\/dinner-oporto\/#breadcrumb\",\"itemListElement\":[{\"@type\":\"ListItem\",\"position\":1,\"name\":\"Home\",\"item\":\"https:\/\/stagpartynight.com\/fr\/\"},{\"@type\":\"ListItem\",\"position\":2,\"name\":\"Tienda\",\"item\":\"https:\/\/stagpartynight.com\/fr\/tienda\/\"},{\"@type\":\"ListItem\",\"position\":3,\"name\":\"D\u00eener ou d\u00e9jeuner \u00e0 Porto\"}]},{\"@type\":\"WebSite\",\"@id\":\"https:\/\/stagpartynight.com\/fr\/#website\",\"url\":\"https:\/\/stagpartynight.com\/fr\/\",\"name\":\"Stag Party Night\",\"description\":\"Your Stag Party Customized\",\"publisher\":{\"@id\":\"https:\/\/stagpartynight.com\/fr\/#organization\"},\"potentialAction\":[{\"@type\":\"SearchAction\",\"target\":{\"@type\":\"EntryPoint\",\"urlTemplate\":\"https:\/\/stagpartynight.com\/fr\/?s={search_term_string}\"},\"query-input\":{\"@type\":\"PropertyValueSpecification\",\"valueRequired\":true,\"valueName\":\"search_term_string\"}}],\"inLanguage\":\"en-GB\"},{\"@type\":\"Organization\",\"@id\":\"https:\/\/stagpartynight.com\/fr\/#organization\",\"name\":\"Stag Party Night\",\"url\":\"https:\/\/stagpartynight.com\/fr\/\",\"logo\":{\"@type\":\"ImageObject\",\"inLanguage\":\"en-GB\",\"@id\":\"https:\/\/stagpartynight.com\/fr\/#\/schema\/logo\/image\/\",\"url\":\"https:\/\/stagpartynight.com\/fr\/wp-content\/uploads\/sites\/3\/2019\/12\/stagpartynight-e1578565505687.png\",\"contentUrl\":\"https:\/\/stagpartynight.com\/fr\/wp-content\/uploads\/sites\/3\/2019\/12\/stagpartynight-e1578565505687.png\",\"width\":400,\"height\":400,\"caption\":\"Stag Party Night\"},\"image\":{\"@id\":\"https:\/\/stagpartynight.com\/fr\/#\/schema\/logo\/image\/\"}}]}<\/script>\n<!-- \/ Yoast SEO plugin. -->","yoast_head_json":{"title":"D\u00eener ou d\u00e9jeuner \u00e0 Porto - Oporto Dinner - Restaurants \u00e0 Porto - Oporto","description":"D\u00eener ou d\u00e9jeuner \u00e0 Porto - La cuisine portugaise est une grande attraction pour les touristes. Choisissez parmi ses restaurants ses repas, des tapas typiquement portugais aux diff\u00e9rents menus de groupe.","robots":{"index":"index","follow":"follow","max-snippet":"max-snippet:-1","max-image-preview":"max-image-preview:large","max-video-preview":"max-video-preview:-1"},"canonical":"https:\/\/stagpartynight.com\/fr\/product\/dinner-oporto\/","og_locale":"en_GB","og_type":"article","og_title":"D\u00eener ou d\u00e9jeuner \u00e0 Porto - Oporto Dinner - Restaurants \u00e0 Porto - Oporto","og_description":"D\u00eener ou d\u00e9jeuner \u00e0 Porto - La cuisine portugaise est une grande attraction pour les touristes. Choisissez parmi ses restaurants ses repas, des tapas typiquement portugais aux diff\u00e9rents menus de groupe.","og_url":"https:\/\/stagpartynight.com\/fr\/product\/dinner-oporto\/","og_site_name":"Nuit de f\u00eate de cerf","article_modified_time":"2021-02-03T17:40:37+00:00","og_image":[{"width":720,"height":480,"url":"https:\/\/stagpartynight.com\/fr\/wp-content\/uploads\/sites\/3\/2020\/01\/erotic-show-dinner.jpg","type":"image\/jpeg"}],"twitter_card":"summary_large_image","schema":{"@context":"https:\/\/schema.org","@graph":[{"@type":"WebPage","@id":"https:\/\/stagpartynight.com\/fr\/product\/dinner-oporto\/","url":"https:\/\/stagpartynight.com\/fr\/product\/dinner-oporto\/","name":"D\u00eener ou d\u00e9jeuner \u00e0 Porto - Oporto Dinner - Restaurants \u00e0 Porto - Oporto","isPartOf":{"@id":"https:\/\/stagpartynight.com\/fr\/#website"},"primaryImageOfPage":{"@id":"https:\/\/stagpartynight.com\/fr\/product\/dinner-oporto\/#primaryimage"},"image":{"@id":"https:\/\/stagpartynight.com\/fr\/product\/dinner-oporto\/#primaryimage"},"thumbnailUrl":"https:\/\/stagpartynight.com\/fr\/wp-content\/uploads\/sites\/3\/2020\/01\/erotic-show-dinner.jpg","datePublished":"2020-01-05T21:50:53+00:00","dateModified":"2021-02-03T17:40:37+00:00","description":"D\u00eener ou d\u00e9jeuner \u00e0 Porto - La cuisine portugaise est une grande attraction pour les touristes. Choisissez parmi ses restaurants ses repas, des tapas typiquement portugais aux diff\u00e9rents menus de groupe.","breadcrumb":{"@id":"https:\/\/stagpartynight.com\/fr\/product\/dinner-oporto\/#breadcrumb"},"inLanguage":"en-GB","potentialAction":[{"@type":"ReadAction","target":["https:\/\/stagpartynight.com\/fr\/product\/dinner-oporto\/"]}]},{"@type":"ImageObject","inLanguage":"en-GB","@id":"https:\/\/stagpartynight.com\/fr\/product\/dinner-oporto\/#primaryimage","url":"https:\/\/stagpartynight.com\/fr\/wp-content\/uploads\/sites\/3\/2020\/01\/erotic-show-dinner.jpg","contentUrl":"https:\/\/stagpartynight.com\/fr\/wp-content\/uploads\/sites\/3\/2020\/01\/erotic-show-dinner.jpg","width":720,"height":480},{"@type":"BreadcrumbList","@id":"https:\/\/stagpartynight.com\/fr\/product\/dinner-oporto\/#breadcrumb","itemListElement":[{"@type":"ListItem","position":1,"name":"Home","item":"https:\/\/stagpartynight.com\/fr\/"},{"@type":"ListItem","position":2,"name":"Tienda","item":"https:\/\/stagpartynight.com\/fr\/tienda\/"},{"@type":"ListItem","position":3,"name":"D\u00eener ou d\u00e9jeuner \u00e0 Porto"}]},{"@type":"WebSite","@id":"https:\/\/stagpartynight.com\/fr\/#website","url":"https:\/\/stagpartynight.com\/fr\/","name":"Stag Party Night","description":"Your Stag Party Customized","publisher":{"@id":"https:\/\/stagpartynight.com\/fr\/#organization"},"potentialAction":[{"@type":"SearchAction","target":{"@type":"EntryPoint","urlTemplate":"https:\/\/stagpartynight.com\/fr\/?s={search_term_string}"},"query-input":{"@type":"PropertyValueSpecification","valueRequired":true,"valueName":"search_term_string"}}],"inLanguage":"en-GB"},{"@type":"Organization","@id":"https:\/\/stagpartynight.com\/fr\/#organization","name":"Stag Party Night","url":"https:\/\/stagpartynight.com\/fr\/","logo":{"@type":"ImageObject","inLanguage":"en-GB","@id":"https:\/\/stagpartynight.com\/fr\/#\/schema\/logo\/image\/","url":"https:\/\/stagpartynight.com\/fr\/wp-content\/uploads\/sites\/3\/2019\/12\/stagpartynight-e1578565505687.png","contentUrl":"https:\/\/stagpartynight.com\/fr\/wp-content\/uploads\/sites\/3\/2019\/12\/stagpartynight-e1578565505687.png","width":400,"height":400,"caption":"Stag Party Night"},"image":{"@id":"https:\/\/stagpartynight.com\/fr\/#\/schema\/logo\/image\/"}}]}},"_links":{"self":[{"href":"https:\/\/stagpartynight.com\/fr\/wp-json\/wp\/v2\/product\/143","targetHints":{"allow":["GET"]}}],"collection":[{"href":"https:\/\/stagpartynight.com\/fr\/wp-json\/wp\/v2\/product"}],"about":[{"href":"https:\/\/stagpartynight.com\/fr\/wp-json\/wp\/v2\/types\/product"}],"replies":[{"embeddable":true,"href":"https:\/\/stagpartynight.com\/fr\/wp-json\/wp\/v2\/comments?post=143"}],"wp:featuredmedia":[{"embeddable":true,"href":"https:\/\/stagpartynight.com\/fr\/wp-json\/wp\/v2\/media\/134"}],"wp:attachment":[{"href":"https:\/\/stagpartynight.com\/fr\/wp-json\/wp\/v2\/media?parent=143"}],"wp:term":[{"taxonomy":"product_brand","embeddable":true,"href":"https:\/\/stagpartynight.com\/fr\/wp-json\/wp\/v2\/product_brand?post=143"},{"taxonomy":"product_cat","embeddable":true,"href":"https:\/\/stagpartynight.com\/fr\/wp-json\/wp\/v2\/product_cat?post=143"},{"taxonomy":"product_tag","embeddable":true,"href":"https:\/\/stagpartynight.com\/fr\/wp-json\/wp\/v2\/product_tag?post=143"}],"curies":[{"name":"wp","href":"https:\/\/api.w.org\/{rel}","templated":true}]}}