{"id":146,"date":"2020-01-06T11:42:48","date_gmt":"2020-01-06T10:42:48","guid":{"rendered":"https:\/\/stagpartynight.com\/fr\/?post_type=product&#038;p=146"},"modified":"2021-02-04T13:27:48","modified_gmt":"2021-02-04T12:27:48","slug":"brunch-oporto","status":"publish","type":"product","link":"https:\/\/stagpartynight.com\/fr\/product\/brunch-oporto\/","title":{"rendered":"Brunch Oporto"},"content":{"rendered":"<p>Porto est l\u2019endroit id\u00e9al pour prendre un brunch avec votre groupe. D\u00e9couvrez les lieux les plus embl\u00e9matiques pour d\u00e9guster le meilleur brunch de la ville. Service adapt\u00e9 \u00e0 tous les budgets.<\/p>\n","protected":false},"excerpt":{"rendered":"<p>Porto est l\u2019endroit id\u00e9al pour prendre un brunch avec votre groupe. D\u00e9couvrez les lieux les plus embl\u00e9matiques pour d\u00e9guster le meilleur brunch de la ville. Service adapt\u00e9 \u00e0 tous les budgets.<\/p>\n","protected":false},"featured_media":1866,"comment_status":"open","ping_status":"closed","template":"","meta":{"_et_pb_use_builder":"","_et_pb_old_content":"","_et_gb_content_width":""},"product_brand":[],"product_cat":[20],"product_tag":[452,32,451],"class_list":{"0":"post-146","1":"product","2":"type-product","3":"status-publish","4":"has-post-thumbnail","6":"product_cat-oporto","7":"product_tag-brunch-a-porto","8":"product_tag-brunch-oporto","9":"product_tag-le-meilleur-brunch-a-porto","11":"first","12":"instock","13":"virtual","14":"product-type-simple"},"yoast_head":"<!-- This site is optimized with the Yoast SEO plugin v26.4 - https:\/\/yoast.com\/wordpress\/plugins\/seo\/ -->\n<title>Brunch Oporto - Le meilleur brunch \u00e0 Porto - Brunch \u00e0 Porto<\/title>\n<meta name=\"description\" content=\"Brunch Oporto - Porto est l\u2019endroit id\u00e9al pour prendre un brunch avec votre groupe. D\u00e9couvrez les lieux les plus embl\u00e9matiques pour d\u00e9guster le meilleur brunch de la ville. Service adapt\u00e9 \u00e0 tous les budgets.\" \/>\n<meta name=\"robots\" content=\"index, follow, max-snippet:-1, max-image-preview:large, max-video-preview:-1\" \/>\n<link rel=\"canonical\" href=\"https:\/\/stagpartynight.com\/fr\/product\/brunch-oporto\/\" \/>\n<meta property=\"og:locale\" content=\"en_GB\" \/>\n<meta property=\"og:type\" content=\"article\" \/>\n<meta property=\"og:title\" content=\"Brunch Oporto - Le meilleur brunch \u00e0 Porto - Brunch \u00e0 Porto\" \/>\n<meta property=\"og:description\" content=\"Brunch Oporto - Porto est l\u2019endroit id\u00e9al pour prendre un brunch avec votre groupe. D\u00e9couvrez les lieux les plus embl\u00e9matiques pour d\u00e9guster le meilleur brunch de la ville. Service adapt\u00e9 \u00e0 tous les budgets.\" \/>\n<meta property=\"og:url\" content=\"https:\/\/stagpartynight.com\/fr\/product\/brunch-oporto\/\" \/>\n<meta property=\"og:site_name\" content=\"Nuit de f\u00eate de cerf\" \/>\n<meta property=\"article:modified_time\" content=\"2021-02-04T12:27:48+00:00\" \/>\n<meta property=\"og:image\" content=\"https:\/\/stagpartynight.com\/fr\/wp-content\/uploads\/sites\/3\/2020\/01\/salad-1684468_640.jpg\" \/>\n\t<meta property=\"og:image:width\" content=\"640\" \/>\n\t<meta property=\"og:image:height\" content=\"425\" \/>\n\t<meta property=\"og:image:type\" content=\"image\/jpeg\" \/>\n<meta name=\"twitter:card\" content=\"summary_large_image\" \/>\n<script type=\"application\/ld+json\" class=\"yoast-schema-graph\">{\"@context\":\"https:\/\/schema.org\",\"@graph\":[{\"@type\":\"WebPage\",\"@id\":\"https:\/\/stagpartynight.com\/fr\/product\/brunch-oporto\/\",\"url\":\"https:\/\/stagpartynight.com\/fr\/product\/brunch-oporto\/\",\"name\":\"Brunch Oporto - Le meilleur brunch \u00e0 Porto - Brunch \u00e0 Porto\",\"isPartOf\":{\"@id\":\"https:\/\/stagpartynight.com\/fr\/#website\"},\"primaryImageOfPage\":{\"@id\":\"https:\/\/stagpartynight.com\/fr\/product\/brunch-oporto\/#primaryimage\"},\"image\":{\"@id\":\"https:\/\/stagpartynight.com\/fr\/product\/brunch-oporto\/#primaryimage\"},\"thumbnailUrl\":\"https:\/\/stagpartynight.com\/fr\/wp-content\/uploads\/sites\/3\/2020\/01\/salad-1684468_640.jpg\",\"datePublished\":\"2020-01-06T10:42:48+00:00\",\"dateModified\":\"2021-02-04T12:27:48+00:00\",\"description\":\"Brunch Oporto - Porto est l\u2019endroit id\u00e9al pour prendre un brunch avec votre groupe. D\u00e9couvrez les lieux les plus embl\u00e9matiques pour d\u00e9guster le meilleur brunch de la ville. Service adapt\u00e9 \u00e0 tous les budgets.\",\"breadcrumb\":{\"@id\":\"https:\/\/stagpartynight.com\/fr\/product\/brunch-oporto\/#breadcrumb\"},\"inLanguage\":\"en-GB\",\"potentialAction\":[{\"@type\":\"ReadAction\",\"target\":[\"https:\/\/stagpartynight.com\/fr\/product\/brunch-oporto\/\"]}]},{\"@type\":\"ImageObject\",\"inLanguage\":\"en-GB\",\"@id\":\"https:\/\/stagpartynight.com\/fr\/product\/brunch-oporto\/#primaryimage\",\"url\":\"https:\/\/stagpartynight.com\/fr\/wp-content\/uploads\/sites\/3\/2020\/01\/salad-1684468_640.jpg\",\"contentUrl\":\"https:\/\/stagpartynight.com\/fr\/wp-content\/uploads\/sites\/3\/2020\/01\/salad-1684468_640.jpg\",\"width\":640,\"height\":425},{\"@type\":\"BreadcrumbList\",\"@id\":\"https:\/\/stagpartynight.com\/fr\/product\/brunch-oporto\/#breadcrumb\",\"itemListElement\":[{\"@type\":\"ListItem\",\"position\":1,\"name\":\"Home\",\"item\":\"https:\/\/stagpartynight.com\/fr\/\"},{\"@type\":\"ListItem\",\"position\":2,\"name\":\"Tienda\",\"item\":\"https:\/\/stagpartynight.com\/fr\/tienda\/\"},{\"@type\":\"ListItem\",\"position\":3,\"name\":\"Brunch Oporto\"}]},{\"@type\":\"WebSite\",\"@id\":\"https:\/\/stagpartynight.com\/fr\/#website\",\"url\":\"https:\/\/stagpartynight.com\/fr\/\",\"name\":\"Stag Party Night\",\"description\":\"Your Stag Party Customized\",\"publisher\":{\"@id\":\"https:\/\/stagpartynight.com\/fr\/#organization\"},\"potentialAction\":[{\"@type\":\"SearchAction\",\"target\":{\"@type\":\"EntryPoint\",\"urlTemplate\":\"https:\/\/stagpartynight.com\/fr\/?s={search_term_string}\"},\"query-input\":{\"@type\":\"PropertyValueSpecification\",\"valueRequired\":true,\"valueName\":\"search_term_string\"}}],\"inLanguage\":\"en-GB\"},{\"@type\":\"Organization\",\"@id\":\"https:\/\/stagpartynight.com\/fr\/#organization\",\"name\":\"Stag Party Night\",\"url\":\"https:\/\/stagpartynight.com\/fr\/\",\"logo\":{\"@type\":\"ImageObject\",\"inLanguage\":\"en-GB\",\"@id\":\"https:\/\/stagpartynight.com\/fr\/#\/schema\/logo\/image\/\",\"url\":\"https:\/\/stagpartynight.com\/fr\/wp-content\/uploads\/sites\/3\/2019\/12\/stagpartynight-e1578565505687.png\",\"contentUrl\":\"https:\/\/stagpartynight.com\/fr\/wp-content\/uploads\/sites\/3\/2019\/12\/stagpartynight-e1578565505687.png\",\"width\":400,\"height\":400,\"caption\":\"Stag Party Night\"},\"image\":{\"@id\":\"https:\/\/stagpartynight.com\/fr\/#\/schema\/logo\/image\/\"}}]}<\/script>\n<!-- \/ Yoast SEO plugin. -->","yoast_head_json":{"title":"Brunch Oporto - Le meilleur brunch \u00e0 Porto - Brunch \u00e0 Porto","description":"Brunch Oporto - Porto est l\u2019endroit id\u00e9al pour prendre un brunch avec votre groupe. D\u00e9couvrez les lieux les plus embl\u00e9matiques pour d\u00e9guster le meilleur brunch de la ville. Service adapt\u00e9 \u00e0 tous les budgets.","robots":{"index":"index","follow":"follow","max-snippet":"max-snippet:-1","max-image-preview":"max-image-preview:large","max-video-preview":"max-video-preview:-1"},"canonical":"https:\/\/stagpartynight.com\/fr\/product\/brunch-oporto\/","og_locale":"en_GB","og_type":"article","og_title":"Brunch Oporto - Le meilleur brunch \u00e0 Porto - Brunch \u00e0 Porto","og_description":"Brunch Oporto - Porto est l\u2019endroit id\u00e9al pour prendre un brunch avec votre groupe. D\u00e9couvrez les lieux les plus embl\u00e9matiques pour d\u00e9guster le meilleur brunch de la ville. Service adapt\u00e9 \u00e0 tous les budgets.","og_url":"https:\/\/stagpartynight.com\/fr\/product\/brunch-oporto\/","og_site_name":"Nuit de f\u00eate de cerf","article_modified_time":"2021-02-04T12:27:48+00:00","og_image":[{"width":640,"height":425,"url":"https:\/\/stagpartynight.com\/fr\/wp-content\/uploads\/sites\/3\/2020\/01\/salad-1684468_640.jpg","type":"image\/jpeg"}],"twitter_card":"summary_large_image","schema":{"@context":"https:\/\/schema.org","@graph":[{"@type":"WebPage","@id":"https:\/\/stagpartynight.com\/fr\/product\/brunch-oporto\/","url":"https:\/\/stagpartynight.com\/fr\/product\/brunch-oporto\/","name":"Brunch Oporto - Le meilleur brunch \u00e0 Porto - Brunch \u00e0 Porto","isPartOf":{"@id":"https:\/\/stagpartynight.com\/fr\/#website"},"primaryImageOfPage":{"@id":"https:\/\/stagpartynight.com\/fr\/product\/brunch-oporto\/#primaryimage"},"image":{"@id":"https:\/\/stagpartynight.com\/fr\/product\/brunch-oporto\/#primaryimage"},"thumbnailUrl":"https:\/\/stagpartynight.com\/fr\/wp-content\/uploads\/sites\/3\/2020\/01\/salad-1684468_640.jpg","datePublished":"2020-01-06T10:42:48+00:00","dateModified":"2021-02-04T12:27:48+00:00","description":"Brunch Oporto - Porto est l\u2019endroit id\u00e9al pour prendre un brunch avec votre groupe. D\u00e9couvrez les lieux les plus embl\u00e9matiques pour d\u00e9guster le meilleur brunch de la ville. Service adapt\u00e9 \u00e0 tous les budgets.","breadcrumb":{"@id":"https:\/\/stagpartynight.com\/fr\/product\/brunch-oporto\/#breadcrumb"},"inLanguage":"en-GB","potentialAction":[{"@type":"ReadAction","target":["https:\/\/stagpartynight.com\/fr\/product\/brunch-oporto\/"]}]},{"@type":"ImageObject","inLanguage":"en-GB","@id":"https:\/\/stagpartynight.com\/fr\/product\/brunch-oporto\/#primaryimage","url":"https:\/\/stagpartynight.com\/fr\/wp-content\/uploads\/sites\/3\/2020\/01\/salad-1684468_640.jpg","contentUrl":"https:\/\/stagpartynight.com\/fr\/wp-content\/uploads\/sites\/3\/2020\/01\/salad-1684468_640.jpg","width":640,"height":425},{"@type":"BreadcrumbList","@id":"https:\/\/stagpartynight.com\/fr\/product\/brunch-oporto\/#breadcrumb","itemListElement":[{"@type":"ListItem","position":1,"name":"Home","item":"https:\/\/stagpartynight.com\/fr\/"},{"@type":"ListItem","position":2,"name":"Tienda","item":"https:\/\/stagpartynight.com\/fr\/tienda\/"},{"@type":"ListItem","position":3,"name":"Brunch Oporto"}]},{"@type":"WebSite","@id":"https:\/\/stagpartynight.com\/fr\/#website","url":"https:\/\/stagpartynight.com\/fr\/","name":"Stag Party Night","description":"Your Stag Party Customized","publisher":{"@id":"https:\/\/stagpartynight.com\/fr\/#organization"},"potentialAction":[{"@type":"SearchAction","target":{"@type":"EntryPoint","urlTemplate":"https:\/\/stagpartynight.com\/fr\/?s={search_term_string}"},"query-input":{"@type":"PropertyValueSpecification","valueRequired":true,"valueName":"search_term_string"}}],"inLanguage":"en-GB"},{"@type":"Organization","@id":"https:\/\/stagpartynight.com\/fr\/#organization","name":"Stag Party Night","url":"https:\/\/stagpartynight.com\/fr\/","logo":{"@type":"ImageObject","inLanguage":"en-GB","@id":"https:\/\/stagpartynight.com\/fr\/#\/schema\/logo\/image\/","url":"https:\/\/stagpartynight.com\/fr\/wp-content\/uploads\/sites\/3\/2019\/12\/stagpartynight-e1578565505687.png","contentUrl":"https:\/\/stagpartynight.com\/fr\/wp-content\/uploads\/sites\/3\/2019\/12\/stagpartynight-e1578565505687.png","width":400,"height":400,"caption":"Stag Party Night"},"image":{"@id":"https:\/\/stagpartynight.com\/fr\/#\/schema\/logo\/image\/"}}]}},"_links":{"self":[{"href":"https:\/\/stagpartynight.com\/fr\/wp-json\/wp\/v2\/product\/146","targetHints":{"allow":["GET"]}}],"collection":[{"href":"https:\/\/stagpartynight.com\/fr\/wp-json\/wp\/v2\/product"}],"about":[{"href":"https:\/\/stagpartynight.com\/fr\/wp-json\/wp\/v2\/types\/product"}],"replies":[{"embeddable":true,"href":"https:\/\/stagpartynight.com\/fr\/wp-json\/wp\/v2\/comments?post=146"}],"wp:featuredmedia":[{"embeddable":true,"href":"https:\/\/stagpartynight.com\/fr\/wp-json\/wp\/v2\/media\/1866"}],"wp:attachment":[{"href":"https:\/\/stagpartynight.com\/fr\/wp-json\/wp\/v2\/media?parent=146"}],"wp:term":[{"taxonomy":"product_brand","embeddable":true,"href":"https:\/\/stagpartynight.com\/fr\/wp-json\/wp\/v2\/product_brand?post=146"},{"taxonomy":"product_cat","embeddable":true,"href":"https:\/\/stagpartynight.com\/fr\/wp-json\/wp\/v2\/product_cat?post=146"},{"taxonomy":"product_tag","embeddable":true,"href":"https:\/\/stagpartynight.com\/fr\/wp-json\/wp\/v2\/product_tag?post=146"}],"curies":[{"name":"wp","href":"https:\/\/api.w.org\/{rel}","templated":true}]}}