{"id":153,"date":"2020-01-06T11:54:55","date_gmt":"2020-01-06T10:54:55","guid":{"rendered":"https:\/\/stagpartynight.com\/fr\/?post_type=product&#038;p=153"},"modified":"2021-02-04T16:28:15","modified_gmt":"2021-02-04T15:28:15","slug":"tour-guimaraes-braga","status":"publish","type":"product","link":"https:\/\/stagpartynight.com\/fr\/product\/tour-guimaraes-braga\/","title":{"rendered":"Tour Guimaraes\/Braga"},"content":{"rendered":"<p>Journ\u00e9e compl\u00e8te de visite de Braga-Guimaraes . Guide local, collations et eau incluses. Vous pourrez voir une partie de l&#8217;histoire de Braga et de Guimaraes, leur culture et leurs traditions. R\u00e9servation anticip\u00e9e au minimum 48 heures \u00e0 l&#8217;avance. D\u00e9part et retour de Porto en transport priv\u00e9.<\/p>\n","protected":false},"excerpt":{"rendered":"<p>Journ\u00e9e compl\u00e8te de visite de Braga-Guimaraes . Guide local, collations et eau incluses. Vous pourrez voir une partie de l&#8217;histoire de Braga et de Guimaraes, leur culture et leurs traditions. R\u00e9servation anticip\u00e9e au minimum 48 heures \u00e0 l&#8217;avance. D\u00e9part et retour de Porto en transport priv\u00e9.<\/p>\n","protected":false},"featured_media":154,"comment_status":"open","ping_status":"closed","template":"","meta":{"_et_pb_use_builder":"","_et_pb_old_content":"","_et_gb_content_width":""},"product_brand":[],"product_cat":[20],"product_tag":[37,36,474],"class_list":{"0":"post-153","1":"product","2":"type-product","3":"status-publish","4":"has-post-thumbnail","6":"product_cat-oporto","7":"product_tag-tour-braga","8":"product_tag-tour-guimaraes","9":"product_tag-tour-guimaraes-braga","11":"first","12":"instock","13":"virtual","14":"product-type-simple"},"yoast_head":"<!-- This site is optimized with the Yoast SEO plugin v26.4 - https:\/\/yoast.com\/wordpress\/plugins\/seo\/ -->\n<title>Tour Guimaraes\/Braga - Guimaraes Tours - Braga Tours - Portugal Tours<\/title>\n<meta name=\"description\" content=\"Tour Guimaraes\/Braga - Journ\u00e9e compl\u00e8te de visite de Braga-Guimaraes . Guide local, collations et eau incluses. Vous pourrez voir une partie de l&#039;histoire de Braga et de Guimaraes, leur culture et leurs traditions. R\u00e9servation anticip\u00e9e au minimum 48 heures \u00e0 l&#039;avance. D\u00e9part et retour de Porto en transport priv\u00e9.\" \/>\n<meta name=\"robots\" content=\"index, follow, max-snippet:-1, max-image-preview:large, max-video-preview:-1\" \/>\n<link rel=\"canonical\" href=\"https:\/\/stagpartynight.com\/fr\/product\/tour-guimaraes-braga\/\" \/>\n<meta property=\"og:locale\" content=\"en_GB\" \/>\n<meta property=\"og:type\" content=\"article\" \/>\n<meta property=\"og:title\" content=\"Tour Guimaraes\/Braga - Guimaraes Tours - Braga Tours - Portugal Tours\" \/>\n<meta property=\"og:description\" content=\"Tour Guimaraes\/Braga - Journ\u00e9e compl\u00e8te de visite de Braga-Guimaraes . Guide local, collations et eau incluses. Vous pourrez voir une partie de l&#039;histoire de Braga et de Guimaraes, leur culture et leurs traditions. R\u00e9servation anticip\u00e9e au minimum 48 heures \u00e0 l&#039;avance. D\u00e9part et retour de Porto en transport priv\u00e9.\" \/>\n<meta property=\"og:url\" content=\"https:\/\/stagpartynight.com\/fr\/product\/tour-guimaraes-braga\/\" \/>\n<meta property=\"og:site_name\" content=\"Nuit de f\u00eate de cerf\" \/>\n<meta property=\"article:modified_time\" content=\"2021-02-04T15:28:15+00:00\" \/>\n<meta property=\"og:image\" content=\"https:\/\/stagpartynight.com\/fr\/wp-content\/uploads\/sites\/3\/2020\/01\/castillo-guimaraes-panoramica.jpg\" \/>\n\t<meta property=\"og:image:width\" content=\"1200\" \/>\n\t<meta property=\"og:image:height\" content=\"800\" \/>\n\t<meta property=\"og:image:type\" content=\"image\/jpeg\" \/>\n<meta name=\"twitter:card\" content=\"summary_large_image\" \/>\n<script type=\"application\/ld+json\" class=\"yoast-schema-graph\">{\"@context\":\"https:\/\/schema.org\",\"@graph\":[{\"@type\":\"WebPage\",\"@id\":\"https:\/\/stagpartynight.com\/fr\/product\/tour-guimaraes-braga\/\",\"url\":\"https:\/\/stagpartynight.com\/fr\/product\/tour-guimaraes-braga\/\",\"name\":\"Tour Guimaraes\/Braga - Guimaraes Tours - Braga Tours - Portugal Tours\",\"isPartOf\":{\"@id\":\"https:\/\/stagpartynight.com\/fr\/#website\"},\"primaryImageOfPage\":{\"@id\":\"https:\/\/stagpartynight.com\/fr\/product\/tour-guimaraes-braga\/#primaryimage\"},\"image\":{\"@id\":\"https:\/\/stagpartynight.com\/fr\/product\/tour-guimaraes-braga\/#primaryimage\"},\"thumbnailUrl\":\"https:\/\/stagpartynight.com\/fr\/wp-content\/uploads\/sites\/3\/2020\/01\/castillo-guimaraes-panoramica.jpg\",\"datePublished\":\"2020-01-06T10:54:55+00:00\",\"dateModified\":\"2021-02-04T15:28:15+00:00\",\"description\":\"Tour Guimaraes\/Braga - Journ\u00e9e compl\u00e8te de visite de Braga-Guimaraes . Guide local, collations et eau incluses. Vous pourrez voir une partie de l'histoire de Braga et de Guimaraes, leur culture et leurs traditions. R\u00e9servation anticip\u00e9e au minimum 48 heures \u00e0 l'avance. D\u00e9part et retour de Porto en transport priv\u00e9.\",\"breadcrumb\":{\"@id\":\"https:\/\/stagpartynight.com\/fr\/product\/tour-guimaraes-braga\/#breadcrumb\"},\"inLanguage\":\"en-GB\",\"potentialAction\":[{\"@type\":\"ReadAction\",\"target\":[\"https:\/\/stagpartynight.com\/fr\/product\/tour-guimaraes-braga\/\"]}]},{\"@type\":\"ImageObject\",\"inLanguage\":\"en-GB\",\"@id\":\"https:\/\/stagpartynight.com\/fr\/product\/tour-guimaraes-braga\/#primaryimage\",\"url\":\"https:\/\/stagpartynight.com\/fr\/wp-content\/uploads\/sites\/3\/2020\/01\/castillo-guimaraes-panoramica.jpg\",\"contentUrl\":\"https:\/\/stagpartynight.com\/fr\/wp-content\/uploads\/sites\/3\/2020\/01\/castillo-guimaraes-panoramica.jpg\",\"width\":1200,\"height\":800},{\"@type\":\"BreadcrumbList\",\"@id\":\"https:\/\/stagpartynight.com\/fr\/product\/tour-guimaraes-braga\/#breadcrumb\",\"itemListElement\":[{\"@type\":\"ListItem\",\"position\":1,\"name\":\"Home\",\"item\":\"https:\/\/stagpartynight.com\/fr\/\"},{\"@type\":\"ListItem\",\"position\":2,\"name\":\"Tienda\",\"item\":\"https:\/\/stagpartynight.com\/fr\/tienda\/\"},{\"@type\":\"ListItem\",\"position\":3,\"name\":\"Tour Guimaraes\/Braga\"}]},{\"@type\":\"WebSite\",\"@id\":\"https:\/\/stagpartynight.com\/fr\/#website\",\"url\":\"https:\/\/stagpartynight.com\/fr\/\",\"name\":\"Stag Party Night\",\"description\":\"Your Stag Party Customized\",\"publisher\":{\"@id\":\"https:\/\/stagpartynight.com\/fr\/#organization\"},\"potentialAction\":[{\"@type\":\"SearchAction\",\"target\":{\"@type\":\"EntryPoint\",\"urlTemplate\":\"https:\/\/stagpartynight.com\/fr\/?s={search_term_string}\"},\"query-input\":{\"@type\":\"PropertyValueSpecification\",\"valueRequired\":true,\"valueName\":\"search_term_string\"}}],\"inLanguage\":\"en-GB\"},{\"@type\":\"Organization\",\"@id\":\"https:\/\/stagpartynight.com\/fr\/#organization\",\"name\":\"Stag Party Night\",\"url\":\"https:\/\/stagpartynight.com\/fr\/\",\"logo\":{\"@type\":\"ImageObject\",\"inLanguage\":\"en-GB\",\"@id\":\"https:\/\/stagpartynight.com\/fr\/#\/schema\/logo\/image\/\",\"url\":\"https:\/\/stagpartynight.com\/fr\/wp-content\/uploads\/sites\/3\/2019\/12\/stagpartynight-e1578565505687.png\",\"contentUrl\":\"https:\/\/stagpartynight.com\/fr\/wp-content\/uploads\/sites\/3\/2019\/12\/stagpartynight-e1578565505687.png\",\"width\":400,\"height\":400,\"caption\":\"Stag Party Night\"},\"image\":{\"@id\":\"https:\/\/stagpartynight.com\/fr\/#\/schema\/logo\/image\/\"}}]}<\/script>\n<!-- \/ Yoast SEO plugin. -->","yoast_head_json":{"title":"Tour Guimaraes\/Braga - Guimaraes Tours - Braga Tours - Portugal Tours","description":"Tour Guimaraes\/Braga - Journ\u00e9e compl\u00e8te de visite de Braga-Guimaraes . Guide local, collations et eau incluses. Vous pourrez voir une partie de l'histoire de Braga et de Guimaraes, leur culture et leurs traditions. R\u00e9servation anticip\u00e9e au minimum 48 heures \u00e0 l'avance. D\u00e9part et retour de Porto en transport priv\u00e9.","robots":{"index":"index","follow":"follow","max-snippet":"max-snippet:-1","max-image-preview":"max-image-preview:large","max-video-preview":"max-video-preview:-1"},"canonical":"https:\/\/stagpartynight.com\/fr\/product\/tour-guimaraes-braga\/","og_locale":"en_GB","og_type":"article","og_title":"Tour Guimaraes\/Braga - Guimaraes Tours - Braga Tours - Portugal Tours","og_description":"Tour Guimaraes\/Braga - Journ\u00e9e compl\u00e8te de visite de Braga-Guimaraes . Guide local, collations et eau incluses. Vous pourrez voir une partie de l'histoire de Braga et de Guimaraes, leur culture et leurs traditions. R\u00e9servation anticip\u00e9e au minimum 48 heures \u00e0 l'avance. D\u00e9part et retour de Porto en transport priv\u00e9.","og_url":"https:\/\/stagpartynight.com\/fr\/product\/tour-guimaraes-braga\/","og_site_name":"Nuit de f\u00eate de cerf","article_modified_time":"2021-02-04T15:28:15+00:00","og_image":[{"width":1200,"height":800,"url":"https:\/\/stagpartynight.com\/fr\/wp-content\/uploads\/sites\/3\/2020\/01\/castillo-guimaraes-panoramica.jpg","type":"image\/jpeg"}],"twitter_card":"summary_large_image","schema":{"@context":"https:\/\/schema.org","@graph":[{"@type":"WebPage","@id":"https:\/\/stagpartynight.com\/fr\/product\/tour-guimaraes-braga\/","url":"https:\/\/stagpartynight.com\/fr\/product\/tour-guimaraes-braga\/","name":"Tour Guimaraes\/Braga - Guimaraes Tours - Braga Tours - Portugal Tours","isPartOf":{"@id":"https:\/\/stagpartynight.com\/fr\/#website"},"primaryImageOfPage":{"@id":"https:\/\/stagpartynight.com\/fr\/product\/tour-guimaraes-braga\/#primaryimage"},"image":{"@id":"https:\/\/stagpartynight.com\/fr\/product\/tour-guimaraes-braga\/#primaryimage"},"thumbnailUrl":"https:\/\/stagpartynight.com\/fr\/wp-content\/uploads\/sites\/3\/2020\/01\/castillo-guimaraes-panoramica.jpg","datePublished":"2020-01-06T10:54:55+00:00","dateModified":"2021-02-04T15:28:15+00:00","description":"Tour Guimaraes\/Braga - Journ\u00e9e compl\u00e8te de visite de Braga-Guimaraes . Guide local, collations et eau incluses. Vous pourrez voir une partie de l'histoire de Braga et de Guimaraes, leur culture et leurs traditions. R\u00e9servation anticip\u00e9e au minimum 48 heures \u00e0 l'avance. D\u00e9part et retour de Porto en transport priv\u00e9.","breadcrumb":{"@id":"https:\/\/stagpartynight.com\/fr\/product\/tour-guimaraes-braga\/#breadcrumb"},"inLanguage":"en-GB","potentialAction":[{"@type":"ReadAction","target":["https:\/\/stagpartynight.com\/fr\/product\/tour-guimaraes-braga\/"]}]},{"@type":"ImageObject","inLanguage":"en-GB","@id":"https:\/\/stagpartynight.com\/fr\/product\/tour-guimaraes-braga\/#primaryimage","url":"https:\/\/stagpartynight.com\/fr\/wp-content\/uploads\/sites\/3\/2020\/01\/castillo-guimaraes-panoramica.jpg","contentUrl":"https:\/\/stagpartynight.com\/fr\/wp-content\/uploads\/sites\/3\/2020\/01\/castillo-guimaraes-panoramica.jpg","width":1200,"height":800},{"@type":"BreadcrumbList","@id":"https:\/\/stagpartynight.com\/fr\/product\/tour-guimaraes-braga\/#breadcrumb","itemListElement":[{"@type":"ListItem","position":1,"name":"Home","item":"https:\/\/stagpartynight.com\/fr\/"},{"@type":"ListItem","position":2,"name":"Tienda","item":"https:\/\/stagpartynight.com\/fr\/tienda\/"},{"@type":"ListItem","position":3,"name":"Tour Guimaraes\/Braga"}]},{"@type":"WebSite","@id":"https:\/\/stagpartynight.com\/fr\/#website","url":"https:\/\/stagpartynight.com\/fr\/","name":"Stag Party Night","description":"Your Stag Party Customized","publisher":{"@id":"https:\/\/stagpartynight.com\/fr\/#organization"},"potentialAction":[{"@type":"SearchAction","target":{"@type":"EntryPoint","urlTemplate":"https:\/\/stagpartynight.com\/fr\/?s={search_term_string}"},"query-input":{"@type":"PropertyValueSpecification","valueRequired":true,"valueName":"search_term_string"}}],"inLanguage":"en-GB"},{"@type":"Organization","@id":"https:\/\/stagpartynight.com\/fr\/#organization","name":"Stag Party Night","url":"https:\/\/stagpartynight.com\/fr\/","logo":{"@type":"ImageObject","inLanguage":"en-GB","@id":"https:\/\/stagpartynight.com\/fr\/#\/schema\/logo\/image\/","url":"https:\/\/stagpartynight.com\/fr\/wp-content\/uploads\/sites\/3\/2019\/12\/stagpartynight-e1578565505687.png","contentUrl":"https:\/\/stagpartynight.com\/fr\/wp-content\/uploads\/sites\/3\/2019\/12\/stagpartynight-e1578565505687.png","width":400,"height":400,"caption":"Stag Party Night"},"image":{"@id":"https:\/\/stagpartynight.com\/fr\/#\/schema\/logo\/image\/"}}]}},"_links":{"self":[{"href":"https:\/\/stagpartynight.com\/fr\/wp-json\/wp\/v2\/product\/153","targetHints":{"allow":["GET"]}}],"collection":[{"href":"https:\/\/stagpartynight.com\/fr\/wp-json\/wp\/v2\/product"}],"about":[{"href":"https:\/\/stagpartynight.com\/fr\/wp-json\/wp\/v2\/types\/product"}],"replies":[{"embeddable":true,"href":"https:\/\/stagpartynight.com\/fr\/wp-json\/wp\/v2\/comments?post=153"}],"wp:featuredmedia":[{"embeddable":true,"href":"https:\/\/stagpartynight.com\/fr\/wp-json\/wp\/v2\/media\/154"}],"wp:attachment":[{"href":"https:\/\/stagpartynight.com\/fr\/wp-json\/wp\/v2\/media?parent=153"}],"wp:term":[{"taxonomy":"product_brand","embeddable":true,"href":"https:\/\/stagpartynight.com\/fr\/wp-json\/wp\/v2\/product_brand?post=153"},{"taxonomy":"product_cat","embeddable":true,"href":"https:\/\/stagpartynight.com\/fr\/wp-json\/wp\/v2\/product_cat?post=153"},{"taxonomy":"product_tag","embeddable":true,"href":"https:\/\/stagpartynight.com\/fr\/wp-json\/wp\/v2\/product_tag?post=153"}],"curies":[{"name":"wp","href":"https:\/\/api.w.org\/{rel}","templated":true}]}}