{"id":155,"date":"2020-01-06T11:57:16","date_gmt":"2020-01-06T10:57:16","guid":{"rendered":"https:\/\/stagpartynight.com\/fr\/?post_type=product&#038;p=155"},"modified":"2021-02-04T16:25:36","modified_gmt":"2021-02-04T15:25:36","slug":"tour-aveiro-coimbra","status":"publish","type":"product","link":"https:\/\/stagpartynight.com\/fr\/product\/tour-aveiro-coimbra\/","title":{"rendered":"Tour Aveiro\/Coimbra"},"content":{"rendered":"<p>D\u00e9couvrez Aveiro et Coimbra, sa culture et ses coutumes. Journ\u00e9e compl\u00e8te avec guide priv\u00e9, collations l\u00e9g\u00e8res et eau comprises. D\u00e9part et retour de Porto en transport priv\u00e9. R\u00e9servation au minimum 48 heures avant le d\u00e9part.<\/p>\n","protected":false},"excerpt":{"rendered":"<p>D\u00e9couvrez Aveiro et Coimbra, sa culture et ses coutumes. Journ\u00e9e compl\u00e8te avec guide priv\u00e9, collations l\u00e9g\u00e8res et eau comprises. D\u00e9part et retour de Porto en transport priv\u00e9. R\u00e9servation au minimum 48 heures avant le d\u00e9part.<\/p>\n","protected":false},"featured_media":156,"comment_status":"open","ping_status":"closed","template":"","meta":{"_et_pb_use_builder":"","_et_pb_old_content":"","_et_gb_content_width":""},"product_brand":[],"product_cat":[20],"product_tag":[38,473,39],"class_list":{"0":"post-155","1":"product","2":"type-product","3":"status-publish","4":"has-post-thumbnail","6":"product_cat-oporto","7":"product_tag-tour-aveiro","8":"product_tag-tour-aveiro-coimbra","9":"product_tag-tour-coimbra","11":"first","12":"instock","13":"virtual","14":"product-type-simple"},"yoast_head":"<!-- This site is optimized with the Yoast SEO plugin v26.4 - https:\/\/yoast.com\/wordpress\/plugins\/seo\/ -->\n<title>Tour Aveiro\/Coimbra - Aveiro Tours - Combra Tours - Porto Tour<\/title>\n<meta name=\"description\" content=\"Tour Aveiro\/Coimbra - D\u00e9couvrez Aveiro et Coimbra, sa culture et ses coutumes. Journ\u00e9e compl\u00e8te avec guide priv\u00e9, collations l\u00e9g\u00e8res et eau comprises. D\u00e9part et retour de Porto en transport priv\u00e9. R\u00e9servation au minimum 48 heures avant le d\u00e9part.\" \/>\n<meta name=\"robots\" content=\"index, follow, max-snippet:-1, max-image-preview:large, max-video-preview:-1\" \/>\n<link rel=\"canonical\" href=\"https:\/\/stagpartynight.com\/fr\/product\/tour-aveiro-coimbra\/\" \/>\n<meta property=\"og:locale\" content=\"en_GB\" \/>\n<meta property=\"og:type\" content=\"article\" \/>\n<meta property=\"og:title\" content=\"Tour Aveiro\/Coimbra - Aveiro Tours - Combra Tours - Porto Tour\" \/>\n<meta property=\"og:description\" content=\"Tour Aveiro\/Coimbra - D\u00e9couvrez Aveiro et Coimbra, sa culture et ses coutumes. Journ\u00e9e compl\u00e8te avec guide priv\u00e9, collations l\u00e9g\u00e8res et eau comprises. D\u00e9part et retour de Porto en transport priv\u00e9. R\u00e9servation au minimum 48 heures avant le d\u00e9part.\" \/>\n<meta property=\"og:url\" content=\"https:\/\/stagpartynight.com\/fr\/product\/tour-aveiro-coimbra\/\" \/>\n<meta property=\"og:site_name\" content=\"Nuit de f\u00eate de cerf\" \/>\n<meta property=\"article:modified_time\" content=\"2021-02-04T15:25:36+00:00\" \/>\n<meta property=\"og:image\" content=\"https:\/\/stagpartynight.com\/fr\/wp-content\/uploads\/sites\/3\/2020\/01\/Tour-Aveiro.jpg\" \/>\n\t<meta property=\"og:image:width\" content=\"798\" \/>\n\t<meta property=\"og:image:height\" content=\"532\" \/>\n\t<meta property=\"og:image:type\" content=\"image\/jpeg\" \/>\n<meta name=\"twitter:card\" content=\"summary_large_image\" \/>\n<script type=\"application\/ld+json\" class=\"yoast-schema-graph\">{\"@context\":\"https:\/\/schema.org\",\"@graph\":[{\"@type\":\"WebPage\",\"@id\":\"https:\/\/stagpartynight.com\/fr\/product\/tour-aveiro-coimbra\/\",\"url\":\"https:\/\/stagpartynight.com\/fr\/product\/tour-aveiro-coimbra\/\",\"name\":\"Tour Aveiro\/Coimbra - Aveiro Tours - Combra Tours - Porto Tour\",\"isPartOf\":{\"@id\":\"https:\/\/stagpartynight.com\/fr\/#website\"},\"primaryImageOfPage\":{\"@id\":\"https:\/\/stagpartynight.com\/fr\/product\/tour-aveiro-coimbra\/#primaryimage\"},\"image\":{\"@id\":\"https:\/\/stagpartynight.com\/fr\/product\/tour-aveiro-coimbra\/#primaryimage\"},\"thumbnailUrl\":\"https:\/\/stagpartynight.com\/fr\/wp-content\/uploads\/sites\/3\/2020\/01\/Tour-Aveiro.jpg\",\"datePublished\":\"2020-01-06T10:57:16+00:00\",\"dateModified\":\"2021-02-04T15:25:36+00:00\",\"description\":\"Tour Aveiro\/Coimbra - D\u00e9couvrez Aveiro et Coimbra, sa culture et ses coutumes. Journ\u00e9e compl\u00e8te avec guide priv\u00e9, collations l\u00e9g\u00e8res et eau comprises. D\u00e9part et retour de Porto en transport priv\u00e9. R\u00e9servation au minimum 48 heures avant le d\u00e9part.\",\"breadcrumb\":{\"@id\":\"https:\/\/stagpartynight.com\/fr\/product\/tour-aveiro-coimbra\/#breadcrumb\"},\"inLanguage\":\"en-GB\",\"potentialAction\":[{\"@type\":\"ReadAction\",\"target\":[\"https:\/\/stagpartynight.com\/fr\/product\/tour-aveiro-coimbra\/\"]}]},{\"@type\":\"ImageObject\",\"inLanguage\":\"en-GB\",\"@id\":\"https:\/\/stagpartynight.com\/fr\/product\/tour-aveiro-coimbra\/#primaryimage\",\"url\":\"https:\/\/stagpartynight.com\/fr\/wp-content\/uploads\/sites\/3\/2020\/01\/Tour-Aveiro.jpg\",\"contentUrl\":\"https:\/\/stagpartynight.com\/fr\/wp-content\/uploads\/sites\/3\/2020\/01\/Tour-Aveiro.jpg\",\"width\":798,\"height\":532},{\"@type\":\"BreadcrumbList\",\"@id\":\"https:\/\/stagpartynight.com\/fr\/product\/tour-aveiro-coimbra\/#breadcrumb\",\"itemListElement\":[{\"@type\":\"ListItem\",\"position\":1,\"name\":\"Home\",\"item\":\"https:\/\/stagpartynight.com\/fr\/\"},{\"@type\":\"ListItem\",\"position\":2,\"name\":\"Tienda\",\"item\":\"https:\/\/stagpartynight.com\/fr\/tienda\/\"},{\"@type\":\"ListItem\",\"position\":3,\"name\":\"Tour Aveiro\/Coimbra\"}]},{\"@type\":\"WebSite\",\"@id\":\"https:\/\/stagpartynight.com\/fr\/#website\",\"url\":\"https:\/\/stagpartynight.com\/fr\/\",\"name\":\"Stag Party Night\",\"description\":\"Your Stag Party Customized\",\"publisher\":{\"@id\":\"https:\/\/stagpartynight.com\/fr\/#organization\"},\"potentialAction\":[{\"@type\":\"SearchAction\",\"target\":{\"@type\":\"EntryPoint\",\"urlTemplate\":\"https:\/\/stagpartynight.com\/fr\/?s={search_term_string}\"},\"query-input\":{\"@type\":\"PropertyValueSpecification\",\"valueRequired\":true,\"valueName\":\"search_term_string\"}}],\"inLanguage\":\"en-GB\"},{\"@type\":\"Organization\",\"@id\":\"https:\/\/stagpartynight.com\/fr\/#organization\",\"name\":\"Stag Party Night\",\"url\":\"https:\/\/stagpartynight.com\/fr\/\",\"logo\":{\"@type\":\"ImageObject\",\"inLanguage\":\"en-GB\",\"@id\":\"https:\/\/stagpartynight.com\/fr\/#\/schema\/logo\/image\/\",\"url\":\"https:\/\/stagpartynight.com\/fr\/wp-content\/uploads\/sites\/3\/2019\/12\/stagpartynight-e1578565505687.png\",\"contentUrl\":\"https:\/\/stagpartynight.com\/fr\/wp-content\/uploads\/sites\/3\/2019\/12\/stagpartynight-e1578565505687.png\",\"width\":400,\"height\":400,\"caption\":\"Stag Party Night\"},\"image\":{\"@id\":\"https:\/\/stagpartynight.com\/fr\/#\/schema\/logo\/image\/\"}}]}<\/script>\n<!-- \/ Yoast SEO plugin. -->","yoast_head_json":{"title":"Tour Aveiro\/Coimbra - Aveiro Tours - Combra Tours - Porto Tour","description":"Tour Aveiro\/Coimbra - D\u00e9couvrez Aveiro et Coimbra, sa culture et ses coutumes. Journ\u00e9e compl\u00e8te avec guide priv\u00e9, collations l\u00e9g\u00e8res et eau comprises. D\u00e9part et retour de Porto en transport priv\u00e9. R\u00e9servation au minimum 48 heures avant le d\u00e9part.","robots":{"index":"index","follow":"follow","max-snippet":"max-snippet:-1","max-image-preview":"max-image-preview:large","max-video-preview":"max-video-preview:-1"},"canonical":"https:\/\/stagpartynight.com\/fr\/product\/tour-aveiro-coimbra\/","og_locale":"en_GB","og_type":"article","og_title":"Tour Aveiro\/Coimbra - Aveiro Tours - Combra Tours - Porto Tour","og_description":"Tour Aveiro\/Coimbra - D\u00e9couvrez Aveiro et Coimbra, sa culture et ses coutumes. Journ\u00e9e compl\u00e8te avec guide priv\u00e9, collations l\u00e9g\u00e8res et eau comprises. D\u00e9part et retour de Porto en transport priv\u00e9. R\u00e9servation au minimum 48 heures avant le d\u00e9part.","og_url":"https:\/\/stagpartynight.com\/fr\/product\/tour-aveiro-coimbra\/","og_site_name":"Nuit de f\u00eate de cerf","article_modified_time":"2021-02-04T15:25:36+00:00","og_image":[{"width":798,"height":532,"url":"https:\/\/stagpartynight.com\/fr\/wp-content\/uploads\/sites\/3\/2020\/01\/Tour-Aveiro.jpg","type":"image\/jpeg"}],"twitter_card":"summary_large_image","schema":{"@context":"https:\/\/schema.org","@graph":[{"@type":"WebPage","@id":"https:\/\/stagpartynight.com\/fr\/product\/tour-aveiro-coimbra\/","url":"https:\/\/stagpartynight.com\/fr\/product\/tour-aveiro-coimbra\/","name":"Tour Aveiro\/Coimbra - Aveiro Tours - Combra Tours - Porto Tour","isPartOf":{"@id":"https:\/\/stagpartynight.com\/fr\/#website"},"primaryImageOfPage":{"@id":"https:\/\/stagpartynight.com\/fr\/product\/tour-aveiro-coimbra\/#primaryimage"},"image":{"@id":"https:\/\/stagpartynight.com\/fr\/product\/tour-aveiro-coimbra\/#primaryimage"},"thumbnailUrl":"https:\/\/stagpartynight.com\/fr\/wp-content\/uploads\/sites\/3\/2020\/01\/Tour-Aveiro.jpg","datePublished":"2020-01-06T10:57:16+00:00","dateModified":"2021-02-04T15:25:36+00:00","description":"Tour Aveiro\/Coimbra - D\u00e9couvrez Aveiro et Coimbra, sa culture et ses coutumes. Journ\u00e9e compl\u00e8te avec guide priv\u00e9, collations l\u00e9g\u00e8res et eau comprises. D\u00e9part et retour de Porto en transport priv\u00e9. R\u00e9servation au minimum 48 heures avant le d\u00e9part.","breadcrumb":{"@id":"https:\/\/stagpartynight.com\/fr\/product\/tour-aveiro-coimbra\/#breadcrumb"},"inLanguage":"en-GB","potentialAction":[{"@type":"ReadAction","target":["https:\/\/stagpartynight.com\/fr\/product\/tour-aveiro-coimbra\/"]}]},{"@type":"ImageObject","inLanguage":"en-GB","@id":"https:\/\/stagpartynight.com\/fr\/product\/tour-aveiro-coimbra\/#primaryimage","url":"https:\/\/stagpartynight.com\/fr\/wp-content\/uploads\/sites\/3\/2020\/01\/Tour-Aveiro.jpg","contentUrl":"https:\/\/stagpartynight.com\/fr\/wp-content\/uploads\/sites\/3\/2020\/01\/Tour-Aveiro.jpg","width":798,"height":532},{"@type":"BreadcrumbList","@id":"https:\/\/stagpartynight.com\/fr\/product\/tour-aveiro-coimbra\/#breadcrumb","itemListElement":[{"@type":"ListItem","position":1,"name":"Home","item":"https:\/\/stagpartynight.com\/fr\/"},{"@type":"ListItem","position":2,"name":"Tienda","item":"https:\/\/stagpartynight.com\/fr\/tienda\/"},{"@type":"ListItem","position":3,"name":"Tour Aveiro\/Coimbra"}]},{"@type":"WebSite","@id":"https:\/\/stagpartynight.com\/fr\/#website","url":"https:\/\/stagpartynight.com\/fr\/","name":"Stag Party Night","description":"Your Stag Party Customized","publisher":{"@id":"https:\/\/stagpartynight.com\/fr\/#organization"},"potentialAction":[{"@type":"SearchAction","target":{"@type":"EntryPoint","urlTemplate":"https:\/\/stagpartynight.com\/fr\/?s={search_term_string}"},"query-input":{"@type":"PropertyValueSpecification","valueRequired":true,"valueName":"search_term_string"}}],"inLanguage":"en-GB"},{"@type":"Organization","@id":"https:\/\/stagpartynight.com\/fr\/#organization","name":"Stag Party Night","url":"https:\/\/stagpartynight.com\/fr\/","logo":{"@type":"ImageObject","inLanguage":"en-GB","@id":"https:\/\/stagpartynight.com\/fr\/#\/schema\/logo\/image\/","url":"https:\/\/stagpartynight.com\/fr\/wp-content\/uploads\/sites\/3\/2019\/12\/stagpartynight-e1578565505687.png","contentUrl":"https:\/\/stagpartynight.com\/fr\/wp-content\/uploads\/sites\/3\/2019\/12\/stagpartynight-e1578565505687.png","width":400,"height":400,"caption":"Stag Party Night"},"image":{"@id":"https:\/\/stagpartynight.com\/fr\/#\/schema\/logo\/image\/"}}]}},"_links":{"self":[{"href":"https:\/\/stagpartynight.com\/fr\/wp-json\/wp\/v2\/product\/155","targetHints":{"allow":["GET"]}}],"collection":[{"href":"https:\/\/stagpartynight.com\/fr\/wp-json\/wp\/v2\/product"}],"about":[{"href":"https:\/\/stagpartynight.com\/fr\/wp-json\/wp\/v2\/types\/product"}],"replies":[{"embeddable":true,"href":"https:\/\/stagpartynight.com\/fr\/wp-json\/wp\/v2\/comments?post=155"}],"wp:featuredmedia":[{"embeddable":true,"href":"https:\/\/stagpartynight.com\/fr\/wp-json\/wp\/v2\/media\/156"}],"wp:attachment":[{"href":"https:\/\/stagpartynight.com\/fr\/wp-json\/wp\/v2\/media?parent=155"}],"wp:term":[{"taxonomy":"product_brand","embeddable":true,"href":"https:\/\/stagpartynight.com\/fr\/wp-json\/wp\/v2\/product_brand?post=155"},{"taxonomy":"product_cat","embeddable":true,"href":"https:\/\/stagpartynight.com\/fr\/wp-json\/wp\/v2\/product_cat?post=155"},{"taxonomy":"product_tag","embeddable":true,"href":"https:\/\/stagpartynight.com\/fr\/wp-json\/wp\/v2\/product_tag?post=155"}],"curies":[{"name":"wp","href":"https:\/\/api.w.org\/{rel}","templated":true}]}}