{"id":161,"date":"2020-01-06T12:15:01","date_gmt":"2020-01-06T11:15:01","guid":{"rendered":"https:\/\/stagpartynight.com\/fr\/?post_type=product&#038;p=161"},"modified":"2021-02-04T16:05:25","modified_gmt":"2021-02-04T15:05:25","slug":"private-walking-tour-oporto","status":"publish","type":"product","link":"https:\/\/stagpartynight.com\/fr\/product\/private-walking-tour-oporto\/","title":{"rendered":"Visite priv\u00e9e \u00e0 pied de Oporto"},"content":{"rendered":"<p>Visite guid\u00e9e de 2,5 heures au cours de laquelle vous d\u00e9couvrirez les endroits les plus incroyables de Lisbonne. Vous d\u00e9couvrirez son pass\u00e9 et son histoire, dans une activit\u00e9 de grande qualit\u00e9.<\/p>\n","protected":false},"excerpt":{"rendered":"<p>Visite guid\u00e9e de 2,5 heures au cours de laquelle vous d\u00e9couvrirez les endroits les plus incroyables de Lisbonne. Vous d\u00e9couvrirez son pass\u00e9 et son histoire, dans une activit\u00e9 de grande qualit\u00e9.<\/p>\n","protected":false},"featured_media":162,"comment_status":"open","ping_status":"closed","template":"","meta":{"_et_pb_use_builder":"","_et_pb_old_content":"","_et_gb_content_width":""},"product_brand":[],"product_cat":[20],"product_tag":[42,466,464,465,463],"class_list":{"0":"post-161","1":"product","2":"type-product","3":"status-publish","4":"has-post-thumbnail","6":"product_cat-oporto","7":"product_tag-private-walking-tour","8":"product_tag-tours-a-porto","9":"product_tag-tours-oporto","10":"product_tag-tours-porto","11":"product_tag-visite-privee-a-pied-de-oporto","13":"first","14":"instock","15":"virtual","16":"product-type-simple"},"yoast_head":"<!-- This site is optimized with the Yoast SEO plugin v26.4 - https:\/\/yoast.com\/wordpress\/plugins\/seo\/ -->\n<title>Visite priv\u00e9e \u00e0 pied de Oporto - Tours \u00e0 Porto - Tours Porto - Tours Oporto<\/title>\n<meta name=\"description\" content=\"Visite priv\u00e9e \u00e0 pied de Oporto - Visite guid\u00e9e de 2,5 heures au cours de laquelle vous d\u00e9couvrirez les endroits les plus incroyables de Lisbonne. Vous d\u00e9couvrirez son pass\u00e9 et son histoire, dans une activit\u00e9 de grande qualit\u00e9.\" \/>\n<meta name=\"robots\" content=\"index, follow, max-snippet:-1, max-image-preview:large, max-video-preview:-1\" \/>\n<link rel=\"canonical\" href=\"https:\/\/stagpartynight.com\/fr\/product\/private-walking-tour-oporto\/\" \/>\n<meta property=\"og:locale\" content=\"en_GB\" \/>\n<meta property=\"og:type\" content=\"article\" \/>\n<meta property=\"og:title\" content=\"Visite priv\u00e9e \u00e0 pied de Oporto - Tours \u00e0 Porto - Tours Porto - Tours Oporto\" \/>\n<meta property=\"og:description\" content=\"Visite priv\u00e9e \u00e0 pied de Oporto - Visite guid\u00e9e de 2,5 heures au cours de laquelle vous d\u00e9couvrirez les endroits les plus incroyables de Lisbonne. Vous d\u00e9couvrirez son pass\u00e9 et son histoire, dans une activit\u00e9 de grande qualit\u00e9.\" \/>\n<meta property=\"og:url\" content=\"https:\/\/stagpartynight.com\/fr\/product\/private-walking-tour-oporto\/\" \/>\n<meta property=\"og:site_name\" content=\"Nuit de f\u00eate de cerf\" \/>\n<meta property=\"article:modified_time\" content=\"2021-02-04T15:05:25+00:00\" \/>\n<meta property=\"og:image\" content=\"https:\/\/stagpartynight.com\/fr\/wp-content\/uploads\/sites\/3\/2020\/01\/Private-Walking-Tour.jpeg\" \/>\n\t<meta property=\"og:image:width\" content=\"1200\" \/>\n\t<meta property=\"og:image:height\" content=\"630\" \/>\n\t<meta property=\"og:image:type\" content=\"image\/jpeg\" \/>\n<meta name=\"twitter:card\" content=\"summary_large_image\" \/>\n<script type=\"application\/ld+json\" class=\"yoast-schema-graph\">{\"@context\":\"https:\/\/schema.org\",\"@graph\":[{\"@type\":\"WebPage\",\"@id\":\"https:\/\/stagpartynight.com\/fr\/product\/private-walking-tour-oporto\/\",\"url\":\"https:\/\/stagpartynight.com\/fr\/product\/private-walking-tour-oporto\/\",\"name\":\"Visite priv\u00e9e \u00e0 pied de Oporto - Tours \u00e0 Porto - Tours Porto - Tours Oporto\",\"isPartOf\":{\"@id\":\"https:\/\/stagpartynight.com\/fr\/#website\"},\"primaryImageOfPage\":{\"@id\":\"https:\/\/stagpartynight.com\/fr\/product\/private-walking-tour-oporto\/#primaryimage\"},\"image\":{\"@id\":\"https:\/\/stagpartynight.com\/fr\/product\/private-walking-tour-oporto\/#primaryimage\"},\"thumbnailUrl\":\"https:\/\/stagpartynight.com\/fr\/wp-content\/uploads\/sites\/3\/2020\/01\/Private-Walking-Tour.jpeg\",\"datePublished\":\"2020-01-06T11:15:01+00:00\",\"dateModified\":\"2021-02-04T15:05:25+00:00\",\"description\":\"Visite priv\u00e9e \u00e0 pied de Oporto - Visite guid\u00e9e de 2,5 heures au cours de laquelle vous d\u00e9couvrirez les endroits les plus incroyables de Lisbonne. Vous d\u00e9couvrirez son pass\u00e9 et son histoire, dans une activit\u00e9 de grande qualit\u00e9.\",\"breadcrumb\":{\"@id\":\"https:\/\/stagpartynight.com\/fr\/product\/private-walking-tour-oporto\/#breadcrumb\"},\"inLanguage\":\"en-GB\",\"potentialAction\":[{\"@type\":\"ReadAction\",\"target\":[\"https:\/\/stagpartynight.com\/fr\/product\/private-walking-tour-oporto\/\"]}]},{\"@type\":\"ImageObject\",\"inLanguage\":\"en-GB\",\"@id\":\"https:\/\/stagpartynight.com\/fr\/product\/private-walking-tour-oporto\/#primaryimage\",\"url\":\"https:\/\/stagpartynight.com\/fr\/wp-content\/uploads\/sites\/3\/2020\/01\/Private-Walking-Tour.jpeg\",\"contentUrl\":\"https:\/\/stagpartynight.com\/fr\/wp-content\/uploads\/sites\/3\/2020\/01\/Private-Walking-Tour.jpeg\",\"width\":1200,\"height\":630},{\"@type\":\"BreadcrumbList\",\"@id\":\"https:\/\/stagpartynight.com\/fr\/product\/private-walking-tour-oporto\/#breadcrumb\",\"itemListElement\":[{\"@type\":\"ListItem\",\"position\":1,\"name\":\"Home\",\"item\":\"https:\/\/stagpartynight.com\/fr\/\"},{\"@type\":\"ListItem\",\"position\":2,\"name\":\"Tienda\",\"item\":\"https:\/\/stagpartynight.com\/fr\/tienda\/\"},{\"@type\":\"ListItem\",\"position\":3,\"name\":\"Visite priv\u00e9e \u00e0 pied de Oporto\"}]},{\"@type\":\"WebSite\",\"@id\":\"https:\/\/stagpartynight.com\/fr\/#website\",\"url\":\"https:\/\/stagpartynight.com\/fr\/\",\"name\":\"Stag Party Night\",\"description\":\"Your Stag Party Customized\",\"publisher\":{\"@id\":\"https:\/\/stagpartynight.com\/fr\/#organization\"},\"potentialAction\":[{\"@type\":\"SearchAction\",\"target\":{\"@type\":\"EntryPoint\",\"urlTemplate\":\"https:\/\/stagpartynight.com\/fr\/?s={search_term_string}\"},\"query-input\":{\"@type\":\"PropertyValueSpecification\",\"valueRequired\":true,\"valueName\":\"search_term_string\"}}],\"inLanguage\":\"en-GB\"},{\"@type\":\"Organization\",\"@id\":\"https:\/\/stagpartynight.com\/fr\/#organization\",\"name\":\"Stag Party Night\",\"url\":\"https:\/\/stagpartynight.com\/fr\/\",\"logo\":{\"@type\":\"ImageObject\",\"inLanguage\":\"en-GB\",\"@id\":\"https:\/\/stagpartynight.com\/fr\/#\/schema\/logo\/image\/\",\"url\":\"https:\/\/stagpartynight.com\/fr\/wp-content\/uploads\/sites\/3\/2019\/12\/stagpartynight-e1578565505687.png\",\"contentUrl\":\"https:\/\/stagpartynight.com\/fr\/wp-content\/uploads\/sites\/3\/2019\/12\/stagpartynight-e1578565505687.png\",\"width\":400,\"height\":400,\"caption\":\"Stag Party Night\"},\"image\":{\"@id\":\"https:\/\/stagpartynight.com\/fr\/#\/schema\/logo\/image\/\"}}]}<\/script>\n<!-- \/ Yoast SEO plugin. -->","yoast_head_json":{"title":"Visite priv\u00e9e \u00e0 pied de Oporto - Tours \u00e0 Porto - Tours Porto - Tours Oporto","description":"Visite priv\u00e9e \u00e0 pied de Oporto - Visite guid\u00e9e de 2,5 heures au cours de laquelle vous d\u00e9couvrirez les endroits les plus incroyables de Lisbonne. Vous d\u00e9couvrirez son pass\u00e9 et son histoire, dans une activit\u00e9 de grande qualit\u00e9.","robots":{"index":"index","follow":"follow","max-snippet":"max-snippet:-1","max-image-preview":"max-image-preview:large","max-video-preview":"max-video-preview:-1"},"canonical":"https:\/\/stagpartynight.com\/fr\/product\/private-walking-tour-oporto\/","og_locale":"en_GB","og_type":"article","og_title":"Visite priv\u00e9e \u00e0 pied de Oporto - Tours \u00e0 Porto - Tours Porto - Tours Oporto","og_description":"Visite priv\u00e9e \u00e0 pied de Oporto - Visite guid\u00e9e de 2,5 heures au cours de laquelle vous d\u00e9couvrirez les endroits les plus incroyables de Lisbonne. Vous d\u00e9couvrirez son pass\u00e9 et son histoire, dans une activit\u00e9 de grande qualit\u00e9.","og_url":"https:\/\/stagpartynight.com\/fr\/product\/private-walking-tour-oporto\/","og_site_name":"Nuit de f\u00eate de cerf","article_modified_time":"2021-02-04T15:05:25+00:00","og_image":[{"width":1200,"height":630,"url":"https:\/\/stagpartynight.com\/fr\/wp-content\/uploads\/sites\/3\/2020\/01\/Private-Walking-Tour.jpeg","type":"image\/jpeg"}],"twitter_card":"summary_large_image","schema":{"@context":"https:\/\/schema.org","@graph":[{"@type":"WebPage","@id":"https:\/\/stagpartynight.com\/fr\/product\/private-walking-tour-oporto\/","url":"https:\/\/stagpartynight.com\/fr\/product\/private-walking-tour-oporto\/","name":"Visite priv\u00e9e \u00e0 pied de Oporto - Tours \u00e0 Porto - Tours Porto - Tours Oporto","isPartOf":{"@id":"https:\/\/stagpartynight.com\/fr\/#website"},"primaryImageOfPage":{"@id":"https:\/\/stagpartynight.com\/fr\/product\/private-walking-tour-oporto\/#primaryimage"},"image":{"@id":"https:\/\/stagpartynight.com\/fr\/product\/private-walking-tour-oporto\/#primaryimage"},"thumbnailUrl":"https:\/\/stagpartynight.com\/fr\/wp-content\/uploads\/sites\/3\/2020\/01\/Private-Walking-Tour.jpeg","datePublished":"2020-01-06T11:15:01+00:00","dateModified":"2021-02-04T15:05:25+00:00","description":"Visite priv\u00e9e \u00e0 pied de Oporto - Visite guid\u00e9e de 2,5 heures au cours de laquelle vous d\u00e9couvrirez les endroits les plus incroyables de Lisbonne. Vous d\u00e9couvrirez son pass\u00e9 et son histoire, dans une activit\u00e9 de grande qualit\u00e9.","breadcrumb":{"@id":"https:\/\/stagpartynight.com\/fr\/product\/private-walking-tour-oporto\/#breadcrumb"},"inLanguage":"en-GB","potentialAction":[{"@type":"ReadAction","target":["https:\/\/stagpartynight.com\/fr\/product\/private-walking-tour-oporto\/"]}]},{"@type":"ImageObject","inLanguage":"en-GB","@id":"https:\/\/stagpartynight.com\/fr\/product\/private-walking-tour-oporto\/#primaryimage","url":"https:\/\/stagpartynight.com\/fr\/wp-content\/uploads\/sites\/3\/2020\/01\/Private-Walking-Tour.jpeg","contentUrl":"https:\/\/stagpartynight.com\/fr\/wp-content\/uploads\/sites\/3\/2020\/01\/Private-Walking-Tour.jpeg","width":1200,"height":630},{"@type":"BreadcrumbList","@id":"https:\/\/stagpartynight.com\/fr\/product\/private-walking-tour-oporto\/#breadcrumb","itemListElement":[{"@type":"ListItem","position":1,"name":"Home","item":"https:\/\/stagpartynight.com\/fr\/"},{"@type":"ListItem","position":2,"name":"Tienda","item":"https:\/\/stagpartynight.com\/fr\/tienda\/"},{"@type":"ListItem","position":3,"name":"Visite priv\u00e9e \u00e0 pied de Oporto"}]},{"@type":"WebSite","@id":"https:\/\/stagpartynight.com\/fr\/#website","url":"https:\/\/stagpartynight.com\/fr\/","name":"Stag Party Night","description":"Your Stag Party Customized","publisher":{"@id":"https:\/\/stagpartynight.com\/fr\/#organization"},"potentialAction":[{"@type":"SearchAction","target":{"@type":"EntryPoint","urlTemplate":"https:\/\/stagpartynight.com\/fr\/?s={search_term_string}"},"query-input":{"@type":"PropertyValueSpecification","valueRequired":true,"valueName":"search_term_string"}}],"inLanguage":"en-GB"},{"@type":"Organization","@id":"https:\/\/stagpartynight.com\/fr\/#organization","name":"Stag Party Night","url":"https:\/\/stagpartynight.com\/fr\/","logo":{"@type":"ImageObject","inLanguage":"en-GB","@id":"https:\/\/stagpartynight.com\/fr\/#\/schema\/logo\/image\/","url":"https:\/\/stagpartynight.com\/fr\/wp-content\/uploads\/sites\/3\/2019\/12\/stagpartynight-e1578565505687.png","contentUrl":"https:\/\/stagpartynight.com\/fr\/wp-content\/uploads\/sites\/3\/2019\/12\/stagpartynight-e1578565505687.png","width":400,"height":400,"caption":"Stag Party Night"},"image":{"@id":"https:\/\/stagpartynight.com\/fr\/#\/schema\/logo\/image\/"}}]}},"_links":{"self":[{"href":"https:\/\/stagpartynight.com\/fr\/wp-json\/wp\/v2\/product\/161","targetHints":{"allow":["GET"]}}],"collection":[{"href":"https:\/\/stagpartynight.com\/fr\/wp-json\/wp\/v2\/product"}],"about":[{"href":"https:\/\/stagpartynight.com\/fr\/wp-json\/wp\/v2\/types\/product"}],"replies":[{"embeddable":true,"href":"https:\/\/stagpartynight.com\/fr\/wp-json\/wp\/v2\/comments?post=161"}],"wp:featuredmedia":[{"embeddable":true,"href":"https:\/\/stagpartynight.com\/fr\/wp-json\/wp\/v2\/media\/162"}],"wp:attachment":[{"href":"https:\/\/stagpartynight.com\/fr\/wp-json\/wp\/v2\/media?parent=161"}],"wp:term":[{"taxonomy":"product_brand","embeddable":true,"href":"https:\/\/stagpartynight.com\/fr\/wp-json\/wp\/v2\/product_brand?post=161"},{"taxonomy":"product_cat","embeddable":true,"href":"https:\/\/stagpartynight.com\/fr\/wp-json\/wp\/v2\/product_cat?post=161"},{"taxonomy":"product_tag","embeddable":true,"href":"https:\/\/stagpartynight.com\/fr\/wp-json\/wp\/v2\/product_tag?post=161"}],"curies":[{"name":"wp","href":"https:\/\/api.w.org\/{rel}","templated":true}]}}