{"id":167,"date":"2020-01-06T12:51:00","date_gmt":"2020-01-06T11:51:00","guid":{"rendered":"https:\/\/stagpartynight.com\/fr\/?post_type=product&#038;p=167"},"modified":"2021-02-04T13:45:20","modified_gmt":"2021-02-04T12:45:20","slug":"cruzero-yatchh-privado-2h-3h","status":"publish","type":"product","link":"https:\/\/stagpartynight.com\/fr\/product\/cruzero-yatchh-privado-2h-3h\/","title":{"rendered":"Yacht \u00e0 Porto"},"content":{"rendered":"<p>Visite du Rio Duero, dans un yatchh priv\u00e9. D\u00e9couverte de Porto et de ses lieux les plus embl\u00e9matiques depuis le fleuve. Activit\u00e9 de jour ou de nuit. Services suppl\u00e9mentaires disponibles tels que nourriture, DJ et animateurs. Capacit\u00e9 de 12 ou 16 personnes . Service de 2 heures ,possibilit\u00e9 de faire plus d&#8217;heures.<\/p>\n","protected":false},"excerpt":{"rendered":"<p>Visite du Rio Duero, dans un yatchh priv\u00e9. D\u00e9couverte de Porto et de ses lieux les plus embl\u00e9matiques depuis le fleuve. Activit\u00e9 de jour ou de nuit. Services suppl\u00e9mentaires disponibles tels que nourriture, DJ et animateurs. Capacit\u00e9 de 12 ou 16 personnes . Service de 2 heures ,possibilit\u00e9 de faire plus d&#8217;heures.<\/p>\n","protected":false},"featured_media":168,"comment_status":"open","ping_status":"closed","template":"","meta":{"_et_pb_use_builder":"","_et_pb_old_content":"","_et_gb_content_width":""},"product_brand":[],"product_cat":[20],"product_tag":[45,460,459,458,46],"class_list":{"0":"post-167","1":"product","2":"type-product","3":"status-publish","4":"has-post-thumbnail","6":"product_cat-oporto","7":"product_tag-cruzero-privado","8":"product_tag-location-de-bateaux-a-oporto","9":"product_tag-location-de-yachts-a-porto","10":"product_tag-yacht-a-porto","11":"product_tag-yatch-privado","13":"first","14":"instock","15":"virtual","16":"product-type-simple"},"yoast_head":"<!-- This site is optimized with the Yoast SEO plugin v26.4 - https:\/\/yoast.com\/wordpress\/plugins\/seo\/ -->\n<title>Yacht \u00e0 Porto - Location de yachts \u00e0 Porto - Location de bateaux \u00e0 Oporto<\/title>\n<meta name=\"description\" content=\"Yacht \u00e0 Porto - Visite du Rio Duero, dans un yatchh priv\u00e9. D\u00e9couverte de Porto et de ses lieux les plus embl\u00e9matiques depuis le fleuve. Location de bateaux\" \/>\n<meta name=\"robots\" content=\"index, follow, max-snippet:-1, max-image-preview:large, max-video-preview:-1\" \/>\n<link rel=\"canonical\" href=\"https:\/\/stagpartynight.com\/fr\/product\/cruzero-yatchh-privado-2h-3h\/\" \/>\n<meta property=\"og:locale\" content=\"en_GB\" \/>\n<meta property=\"og:type\" content=\"article\" \/>\n<meta property=\"og:title\" content=\"Yacht \u00e0 Porto - Location de yachts \u00e0 Porto - Location de bateaux \u00e0 Oporto\" \/>\n<meta property=\"og:description\" content=\"Yacht \u00e0 Porto - Visite du Rio Duero, dans un yatchh priv\u00e9. D\u00e9couverte de Porto et de ses lieux les plus embl\u00e9matiques depuis le fleuve. Location de bateaux\" \/>\n<meta property=\"og:url\" content=\"https:\/\/stagpartynight.com\/fr\/product\/cruzero-yatchh-privado-2h-3h\/\" \/>\n<meta property=\"og:site_name\" content=\"Nuit de f\u00eate de cerf\" \/>\n<meta property=\"article:modified_time\" content=\"2021-02-04T12:45:20+00:00\" \/>\n<meta property=\"og:image\" content=\"https:\/\/stagpartynight.com\/fr\/wp-content\/uploads\/sites\/3\/2020\/01\/Cruzero-Yatchh-Privado-2H3H.jpg\" \/>\n\t<meta property=\"og:image:width\" content=\"425\" \/>\n\t<meta property=\"og:image:height\" content=\"275\" \/>\n\t<meta property=\"og:image:type\" content=\"image\/jpeg\" \/>\n<meta name=\"twitter:card\" content=\"summary_large_image\" \/>\n<script type=\"application\/ld+json\" class=\"yoast-schema-graph\">{\"@context\":\"https:\/\/schema.org\",\"@graph\":[{\"@type\":\"WebPage\",\"@id\":\"https:\/\/stagpartynight.com\/fr\/product\/cruzero-yatchh-privado-2h-3h\/\",\"url\":\"https:\/\/stagpartynight.com\/fr\/product\/cruzero-yatchh-privado-2h-3h\/\",\"name\":\"Yacht \u00e0 Porto - Location de yachts \u00e0 Porto - Location de bateaux \u00e0 Oporto\",\"isPartOf\":{\"@id\":\"https:\/\/stagpartynight.com\/fr\/#website\"},\"primaryImageOfPage\":{\"@id\":\"https:\/\/stagpartynight.com\/fr\/product\/cruzero-yatchh-privado-2h-3h\/#primaryimage\"},\"image\":{\"@id\":\"https:\/\/stagpartynight.com\/fr\/product\/cruzero-yatchh-privado-2h-3h\/#primaryimage\"},\"thumbnailUrl\":\"https:\/\/stagpartynight.com\/fr\/wp-content\/uploads\/sites\/3\/2020\/01\/Cruzero-Yatchh-Privado-2H3H.jpg\",\"datePublished\":\"2020-01-06T11:51:00+00:00\",\"dateModified\":\"2021-02-04T12:45:20+00:00\",\"description\":\"Yacht \u00e0 Porto - Visite du Rio Duero, dans un yatchh priv\u00e9. D\u00e9couverte de Porto et de ses lieux les plus embl\u00e9matiques depuis le fleuve. Location de bateaux\",\"breadcrumb\":{\"@id\":\"https:\/\/stagpartynight.com\/fr\/product\/cruzero-yatchh-privado-2h-3h\/#breadcrumb\"},\"inLanguage\":\"en-GB\",\"potentialAction\":[{\"@type\":\"ReadAction\",\"target\":[\"https:\/\/stagpartynight.com\/fr\/product\/cruzero-yatchh-privado-2h-3h\/\"]}]},{\"@type\":\"ImageObject\",\"inLanguage\":\"en-GB\",\"@id\":\"https:\/\/stagpartynight.com\/fr\/product\/cruzero-yatchh-privado-2h-3h\/#primaryimage\",\"url\":\"https:\/\/stagpartynight.com\/fr\/wp-content\/uploads\/sites\/3\/2020\/01\/Cruzero-Yatchh-Privado-2H3H.jpg\",\"contentUrl\":\"https:\/\/stagpartynight.com\/fr\/wp-content\/uploads\/sites\/3\/2020\/01\/Cruzero-Yatchh-Privado-2H3H.jpg\",\"width\":425,\"height\":275},{\"@type\":\"BreadcrumbList\",\"@id\":\"https:\/\/stagpartynight.com\/fr\/product\/cruzero-yatchh-privado-2h-3h\/#breadcrumb\",\"itemListElement\":[{\"@type\":\"ListItem\",\"position\":1,\"name\":\"Home\",\"item\":\"https:\/\/stagpartynight.com\/fr\/\"},{\"@type\":\"ListItem\",\"position\":2,\"name\":\"Tienda\",\"item\":\"https:\/\/stagpartynight.com\/fr\/tienda\/\"},{\"@type\":\"ListItem\",\"position\":3,\"name\":\"Yacht \u00e0 Porto\"}]},{\"@type\":\"WebSite\",\"@id\":\"https:\/\/stagpartynight.com\/fr\/#website\",\"url\":\"https:\/\/stagpartynight.com\/fr\/\",\"name\":\"Stag Party Night\",\"description\":\"Your Stag Party Customized\",\"publisher\":{\"@id\":\"https:\/\/stagpartynight.com\/fr\/#organization\"},\"potentialAction\":[{\"@type\":\"SearchAction\",\"target\":{\"@type\":\"EntryPoint\",\"urlTemplate\":\"https:\/\/stagpartynight.com\/fr\/?s={search_term_string}\"},\"query-input\":{\"@type\":\"PropertyValueSpecification\",\"valueRequired\":true,\"valueName\":\"search_term_string\"}}],\"inLanguage\":\"en-GB\"},{\"@type\":\"Organization\",\"@id\":\"https:\/\/stagpartynight.com\/fr\/#organization\",\"name\":\"Stag Party Night\",\"url\":\"https:\/\/stagpartynight.com\/fr\/\",\"logo\":{\"@type\":\"ImageObject\",\"inLanguage\":\"en-GB\",\"@id\":\"https:\/\/stagpartynight.com\/fr\/#\/schema\/logo\/image\/\",\"url\":\"https:\/\/stagpartynight.com\/fr\/wp-content\/uploads\/sites\/3\/2019\/12\/stagpartynight-e1578565505687.png\",\"contentUrl\":\"https:\/\/stagpartynight.com\/fr\/wp-content\/uploads\/sites\/3\/2019\/12\/stagpartynight-e1578565505687.png\",\"width\":400,\"height\":400,\"caption\":\"Stag Party Night\"},\"image\":{\"@id\":\"https:\/\/stagpartynight.com\/fr\/#\/schema\/logo\/image\/\"}}]}<\/script>\n<!-- \/ Yoast SEO plugin. -->","yoast_head_json":{"title":"Yacht \u00e0 Porto - Location de yachts \u00e0 Porto - Location de bateaux \u00e0 Oporto","description":"Yacht \u00e0 Porto - Visite du Rio Duero, dans un yatchh priv\u00e9. D\u00e9couverte de Porto et de ses lieux les plus embl\u00e9matiques depuis le fleuve. Location de bateaux","robots":{"index":"index","follow":"follow","max-snippet":"max-snippet:-1","max-image-preview":"max-image-preview:large","max-video-preview":"max-video-preview:-1"},"canonical":"https:\/\/stagpartynight.com\/fr\/product\/cruzero-yatchh-privado-2h-3h\/","og_locale":"en_GB","og_type":"article","og_title":"Yacht \u00e0 Porto - Location de yachts \u00e0 Porto - Location de bateaux \u00e0 Oporto","og_description":"Yacht \u00e0 Porto - Visite du Rio Duero, dans un yatchh priv\u00e9. D\u00e9couverte de Porto et de ses lieux les plus embl\u00e9matiques depuis le fleuve. Location de bateaux","og_url":"https:\/\/stagpartynight.com\/fr\/product\/cruzero-yatchh-privado-2h-3h\/","og_site_name":"Nuit de f\u00eate de cerf","article_modified_time":"2021-02-04T12:45:20+00:00","og_image":[{"width":425,"height":275,"url":"https:\/\/stagpartynight.com\/fr\/wp-content\/uploads\/sites\/3\/2020\/01\/Cruzero-Yatchh-Privado-2H3H.jpg","type":"image\/jpeg"}],"twitter_card":"summary_large_image","schema":{"@context":"https:\/\/schema.org","@graph":[{"@type":"WebPage","@id":"https:\/\/stagpartynight.com\/fr\/product\/cruzero-yatchh-privado-2h-3h\/","url":"https:\/\/stagpartynight.com\/fr\/product\/cruzero-yatchh-privado-2h-3h\/","name":"Yacht \u00e0 Porto - Location de yachts \u00e0 Porto - Location de bateaux \u00e0 Oporto","isPartOf":{"@id":"https:\/\/stagpartynight.com\/fr\/#website"},"primaryImageOfPage":{"@id":"https:\/\/stagpartynight.com\/fr\/product\/cruzero-yatchh-privado-2h-3h\/#primaryimage"},"image":{"@id":"https:\/\/stagpartynight.com\/fr\/product\/cruzero-yatchh-privado-2h-3h\/#primaryimage"},"thumbnailUrl":"https:\/\/stagpartynight.com\/fr\/wp-content\/uploads\/sites\/3\/2020\/01\/Cruzero-Yatchh-Privado-2H3H.jpg","datePublished":"2020-01-06T11:51:00+00:00","dateModified":"2021-02-04T12:45:20+00:00","description":"Yacht \u00e0 Porto - Visite du Rio Duero, dans un yatchh priv\u00e9. D\u00e9couverte de Porto et de ses lieux les plus embl\u00e9matiques depuis le fleuve. Location de bateaux","breadcrumb":{"@id":"https:\/\/stagpartynight.com\/fr\/product\/cruzero-yatchh-privado-2h-3h\/#breadcrumb"},"inLanguage":"en-GB","potentialAction":[{"@type":"ReadAction","target":["https:\/\/stagpartynight.com\/fr\/product\/cruzero-yatchh-privado-2h-3h\/"]}]},{"@type":"ImageObject","inLanguage":"en-GB","@id":"https:\/\/stagpartynight.com\/fr\/product\/cruzero-yatchh-privado-2h-3h\/#primaryimage","url":"https:\/\/stagpartynight.com\/fr\/wp-content\/uploads\/sites\/3\/2020\/01\/Cruzero-Yatchh-Privado-2H3H.jpg","contentUrl":"https:\/\/stagpartynight.com\/fr\/wp-content\/uploads\/sites\/3\/2020\/01\/Cruzero-Yatchh-Privado-2H3H.jpg","width":425,"height":275},{"@type":"BreadcrumbList","@id":"https:\/\/stagpartynight.com\/fr\/product\/cruzero-yatchh-privado-2h-3h\/#breadcrumb","itemListElement":[{"@type":"ListItem","position":1,"name":"Home","item":"https:\/\/stagpartynight.com\/fr\/"},{"@type":"ListItem","position":2,"name":"Tienda","item":"https:\/\/stagpartynight.com\/fr\/tienda\/"},{"@type":"ListItem","position":3,"name":"Yacht \u00e0 Porto"}]},{"@type":"WebSite","@id":"https:\/\/stagpartynight.com\/fr\/#website","url":"https:\/\/stagpartynight.com\/fr\/","name":"Stag Party Night","description":"Your Stag Party Customized","publisher":{"@id":"https:\/\/stagpartynight.com\/fr\/#organization"},"potentialAction":[{"@type":"SearchAction","target":{"@type":"EntryPoint","urlTemplate":"https:\/\/stagpartynight.com\/fr\/?s={search_term_string}"},"query-input":{"@type":"PropertyValueSpecification","valueRequired":true,"valueName":"search_term_string"}}],"inLanguage":"en-GB"},{"@type":"Organization","@id":"https:\/\/stagpartynight.com\/fr\/#organization","name":"Stag Party Night","url":"https:\/\/stagpartynight.com\/fr\/","logo":{"@type":"ImageObject","inLanguage":"en-GB","@id":"https:\/\/stagpartynight.com\/fr\/#\/schema\/logo\/image\/","url":"https:\/\/stagpartynight.com\/fr\/wp-content\/uploads\/sites\/3\/2019\/12\/stagpartynight-e1578565505687.png","contentUrl":"https:\/\/stagpartynight.com\/fr\/wp-content\/uploads\/sites\/3\/2019\/12\/stagpartynight-e1578565505687.png","width":400,"height":400,"caption":"Stag Party Night"},"image":{"@id":"https:\/\/stagpartynight.com\/fr\/#\/schema\/logo\/image\/"}}]}},"_links":{"self":[{"href":"https:\/\/stagpartynight.com\/fr\/wp-json\/wp\/v2\/product\/167","targetHints":{"allow":["GET"]}}],"collection":[{"href":"https:\/\/stagpartynight.com\/fr\/wp-json\/wp\/v2\/product"}],"about":[{"href":"https:\/\/stagpartynight.com\/fr\/wp-json\/wp\/v2\/types\/product"}],"replies":[{"embeddable":true,"href":"https:\/\/stagpartynight.com\/fr\/wp-json\/wp\/v2\/comments?post=167"}],"wp:featuredmedia":[{"embeddable":true,"href":"https:\/\/stagpartynight.com\/fr\/wp-json\/wp\/v2\/media\/168"}],"wp:attachment":[{"href":"https:\/\/stagpartynight.com\/fr\/wp-json\/wp\/v2\/media?parent=167"}],"wp:term":[{"taxonomy":"product_brand","embeddable":true,"href":"https:\/\/stagpartynight.com\/fr\/wp-json\/wp\/v2\/product_brand?post=167"},{"taxonomy":"product_cat","embeddable":true,"href":"https:\/\/stagpartynight.com\/fr\/wp-json\/wp\/v2\/product_cat?post=167"},{"taxonomy":"product_tag","embeddable":true,"href":"https:\/\/stagpartynight.com\/fr\/wp-json\/wp\/v2\/product_tag?post=167"}],"curies":[{"name":"wp","href":"https:\/\/api.w.org\/{rel}","templated":true}]}}