{"id":169,"date":"2020-01-06T12:55:26","date_gmt":"2020-01-06T11:55:26","guid":{"rendered":"https:\/\/stagpartynight.com\/fr\/?post_type=product&#038;p=169"},"modified":"2021-02-04T13:35:00","modified_gmt":"2021-02-04T12:35:00","slug":"boat-tour-porto","status":"publish","type":"product","link":"https:\/\/stagpartynight.com\/fr\/product\/boat-tour-porto\/","title":{"rendered":"Tour en bateau \u00e0 Porto"},"content":{"rendered":"<p>D\u00e9couvrez l&#8217;histoire de Porto et de Gaya depuis le fleuve Duero avec un guide priv\u00e9. Dur\u00e9e de la visite 2 heures. Possibilit\u00e9 d&#8217;extras comme nourriture, boissons, dj, animateurs.<\/p>\n","protected":false},"excerpt":{"rendered":"<p>D\u00e9couvrez l&#8217;histoire de Porto et de Gaya depuis le fleuve Duero avec un guide priv\u00e9. Dur\u00e9e de la visite 2 heures. Possibilit\u00e9 d&#8217;extras comme nourriture, boissons, dj, animateurs.<\/p>\n","protected":false},"featured_media":170,"comment_status":"open","ping_status":"closed","template":"","meta":{"_et_pb_use_builder":"","_et_pb_old_content":"","_et_gb_content_width":""},"product_brand":[],"product_cat":[20],"product_tag":[47,454,455],"class_list":{"0":"post-169","1":"product","2":"type-product","3":"status-publish","4":"has-post-thumbnail","6":"product_cat-oporto","7":"product_tag-boat-tour-porto","8":"product_tag-tour-en-bateau-a-porto","9":"product_tag-tour-en-bateau-de-porto","11":"first","12":"instock","13":"virtual","14":"product-type-simple"},"yoast_head":"<!-- This site is optimized with the Yoast SEO plugin v26.4 - https:\/\/yoast.com\/wordpress\/plugins\/seo\/ -->\n<title>Tour en bateau \u00e0 Porto - Oporto Boat Tour - Tour en bateau de Porto<\/title>\n<meta name=\"description\" content=\"Tour en bateau \u00e0 Porto - D\u00e9couvrez l&#039;histoire de Porto et de Gaya depuis le fleuve Duero avec un guide priv\u00e9. Dur\u00e9e de la visite 2 heures. Possibilit\u00e9 d&#039;extras comme nourriture, boissons, dj, animateurs.\" \/>\n<meta name=\"robots\" content=\"index, follow, max-snippet:-1, max-image-preview:large, max-video-preview:-1\" \/>\n<link rel=\"canonical\" href=\"https:\/\/stagpartynight.com\/fr\/product\/boat-tour-porto\/\" \/>\n<meta property=\"og:locale\" content=\"en_GB\" \/>\n<meta property=\"og:type\" content=\"article\" \/>\n<meta property=\"og:title\" content=\"Tour en bateau \u00e0 Porto - Oporto Boat Tour - Tour en bateau de Porto\" \/>\n<meta property=\"og:description\" content=\"Tour en bateau \u00e0 Porto - D\u00e9couvrez l&#039;histoire de Porto et de Gaya depuis le fleuve Duero avec un guide priv\u00e9. Dur\u00e9e de la visite 2 heures. Possibilit\u00e9 d&#039;extras comme nourriture, boissons, dj, animateurs.\" \/>\n<meta property=\"og:url\" content=\"https:\/\/stagpartynight.com\/fr\/product\/boat-tour-porto\/\" \/>\n<meta property=\"og:site_name\" content=\"Nuit de f\u00eate de cerf\" \/>\n<meta property=\"article:modified_time\" content=\"2021-02-04T12:35:00+00:00\" \/>\n<meta property=\"og:image\" content=\"https:\/\/stagpartynight.com\/fr\/wp-content\/uploads\/sites\/3\/2020\/01\/Boat-Tour-Porto.jpg\" \/>\n\t<meta property=\"og:image:width\" content=\"669\" \/>\n\t<meta property=\"og:image:height\" content=\"446\" \/>\n\t<meta property=\"og:image:type\" content=\"image\/jpeg\" \/>\n<meta name=\"twitter:card\" content=\"summary_large_image\" \/>\n<script type=\"application\/ld+json\" class=\"yoast-schema-graph\">{\"@context\":\"https:\/\/schema.org\",\"@graph\":[{\"@type\":\"WebPage\",\"@id\":\"https:\/\/stagpartynight.com\/fr\/product\/boat-tour-porto\/\",\"url\":\"https:\/\/stagpartynight.com\/fr\/product\/boat-tour-porto\/\",\"name\":\"Tour en bateau \u00e0 Porto - Oporto Boat Tour - Tour en bateau de Porto\",\"isPartOf\":{\"@id\":\"https:\/\/stagpartynight.com\/fr\/#website\"},\"primaryImageOfPage\":{\"@id\":\"https:\/\/stagpartynight.com\/fr\/product\/boat-tour-porto\/#primaryimage\"},\"image\":{\"@id\":\"https:\/\/stagpartynight.com\/fr\/product\/boat-tour-porto\/#primaryimage\"},\"thumbnailUrl\":\"https:\/\/stagpartynight.com\/fr\/wp-content\/uploads\/sites\/3\/2020\/01\/Boat-Tour-Porto.jpg\",\"datePublished\":\"2020-01-06T11:55:26+00:00\",\"dateModified\":\"2021-02-04T12:35:00+00:00\",\"description\":\"Tour en bateau \u00e0 Porto - D\u00e9couvrez l'histoire de Porto et de Gaya depuis le fleuve Duero avec un guide priv\u00e9. Dur\u00e9e de la visite 2 heures. Possibilit\u00e9 d'extras comme nourriture, boissons, dj, animateurs.\",\"breadcrumb\":{\"@id\":\"https:\/\/stagpartynight.com\/fr\/product\/boat-tour-porto\/#breadcrumb\"},\"inLanguage\":\"en-GB\",\"potentialAction\":[{\"@type\":\"ReadAction\",\"target\":[\"https:\/\/stagpartynight.com\/fr\/product\/boat-tour-porto\/\"]}]},{\"@type\":\"ImageObject\",\"inLanguage\":\"en-GB\",\"@id\":\"https:\/\/stagpartynight.com\/fr\/product\/boat-tour-porto\/#primaryimage\",\"url\":\"https:\/\/stagpartynight.com\/fr\/wp-content\/uploads\/sites\/3\/2020\/01\/Boat-Tour-Porto.jpg\",\"contentUrl\":\"https:\/\/stagpartynight.com\/fr\/wp-content\/uploads\/sites\/3\/2020\/01\/Boat-Tour-Porto.jpg\",\"width\":669,\"height\":446},{\"@type\":\"BreadcrumbList\",\"@id\":\"https:\/\/stagpartynight.com\/fr\/product\/boat-tour-porto\/#breadcrumb\",\"itemListElement\":[{\"@type\":\"ListItem\",\"position\":1,\"name\":\"Home\",\"item\":\"https:\/\/stagpartynight.com\/fr\/\"},{\"@type\":\"ListItem\",\"position\":2,\"name\":\"Tienda\",\"item\":\"https:\/\/stagpartynight.com\/fr\/tienda\/\"},{\"@type\":\"ListItem\",\"position\":3,\"name\":\"Tour en bateau \u00e0 Porto\"}]},{\"@type\":\"WebSite\",\"@id\":\"https:\/\/stagpartynight.com\/fr\/#website\",\"url\":\"https:\/\/stagpartynight.com\/fr\/\",\"name\":\"Stag Party Night\",\"description\":\"Your Stag Party Customized\",\"publisher\":{\"@id\":\"https:\/\/stagpartynight.com\/fr\/#organization\"},\"potentialAction\":[{\"@type\":\"SearchAction\",\"target\":{\"@type\":\"EntryPoint\",\"urlTemplate\":\"https:\/\/stagpartynight.com\/fr\/?s={search_term_string}\"},\"query-input\":{\"@type\":\"PropertyValueSpecification\",\"valueRequired\":true,\"valueName\":\"search_term_string\"}}],\"inLanguage\":\"en-GB\"},{\"@type\":\"Organization\",\"@id\":\"https:\/\/stagpartynight.com\/fr\/#organization\",\"name\":\"Stag Party Night\",\"url\":\"https:\/\/stagpartynight.com\/fr\/\",\"logo\":{\"@type\":\"ImageObject\",\"inLanguage\":\"en-GB\",\"@id\":\"https:\/\/stagpartynight.com\/fr\/#\/schema\/logo\/image\/\",\"url\":\"https:\/\/stagpartynight.com\/fr\/wp-content\/uploads\/sites\/3\/2019\/12\/stagpartynight-e1578565505687.png\",\"contentUrl\":\"https:\/\/stagpartynight.com\/fr\/wp-content\/uploads\/sites\/3\/2019\/12\/stagpartynight-e1578565505687.png\",\"width\":400,\"height\":400,\"caption\":\"Stag Party Night\"},\"image\":{\"@id\":\"https:\/\/stagpartynight.com\/fr\/#\/schema\/logo\/image\/\"}}]}<\/script>\n<!-- \/ Yoast SEO plugin. -->","yoast_head_json":{"title":"Tour en bateau \u00e0 Porto - Oporto Boat Tour - Tour en bateau de Porto","description":"Tour en bateau \u00e0 Porto - D\u00e9couvrez l'histoire de Porto et de Gaya depuis le fleuve Duero avec un guide priv\u00e9. Dur\u00e9e de la visite 2 heures. Possibilit\u00e9 d'extras comme nourriture, boissons, dj, animateurs.","robots":{"index":"index","follow":"follow","max-snippet":"max-snippet:-1","max-image-preview":"max-image-preview:large","max-video-preview":"max-video-preview:-1"},"canonical":"https:\/\/stagpartynight.com\/fr\/product\/boat-tour-porto\/","og_locale":"en_GB","og_type":"article","og_title":"Tour en bateau \u00e0 Porto - Oporto Boat Tour - Tour en bateau de Porto","og_description":"Tour en bateau \u00e0 Porto - D\u00e9couvrez l'histoire de Porto et de Gaya depuis le fleuve Duero avec un guide priv\u00e9. Dur\u00e9e de la visite 2 heures. Possibilit\u00e9 d'extras comme nourriture, boissons, dj, animateurs.","og_url":"https:\/\/stagpartynight.com\/fr\/product\/boat-tour-porto\/","og_site_name":"Nuit de f\u00eate de cerf","article_modified_time":"2021-02-04T12:35:00+00:00","og_image":[{"width":669,"height":446,"url":"https:\/\/stagpartynight.com\/fr\/wp-content\/uploads\/sites\/3\/2020\/01\/Boat-Tour-Porto.jpg","type":"image\/jpeg"}],"twitter_card":"summary_large_image","schema":{"@context":"https:\/\/schema.org","@graph":[{"@type":"WebPage","@id":"https:\/\/stagpartynight.com\/fr\/product\/boat-tour-porto\/","url":"https:\/\/stagpartynight.com\/fr\/product\/boat-tour-porto\/","name":"Tour en bateau \u00e0 Porto - Oporto Boat Tour - Tour en bateau de Porto","isPartOf":{"@id":"https:\/\/stagpartynight.com\/fr\/#website"},"primaryImageOfPage":{"@id":"https:\/\/stagpartynight.com\/fr\/product\/boat-tour-porto\/#primaryimage"},"image":{"@id":"https:\/\/stagpartynight.com\/fr\/product\/boat-tour-porto\/#primaryimage"},"thumbnailUrl":"https:\/\/stagpartynight.com\/fr\/wp-content\/uploads\/sites\/3\/2020\/01\/Boat-Tour-Porto.jpg","datePublished":"2020-01-06T11:55:26+00:00","dateModified":"2021-02-04T12:35:00+00:00","description":"Tour en bateau \u00e0 Porto - D\u00e9couvrez l'histoire de Porto et de Gaya depuis le fleuve Duero avec un guide priv\u00e9. Dur\u00e9e de la visite 2 heures. Possibilit\u00e9 d'extras comme nourriture, boissons, dj, animateurs.","breadcrumb":{"@id":"https:\/\/stagpartynight.com\/fr\/product\/boat-tour-porto\/#breadcrumb"},"inLanguage":"en-GB","potentialAction":[{"@type":"ReadAction","target":["https:\/\/stagpartynight.com\/fr\/product\/boat-tour-porto\/"]}]},{"@type":"ImageObject","inLanguage":"en-GB","@id":"https:\/\/stagpartynight.com\/fr\/product\/boat-tour-porto\/#primaryimage","url":"https:\/\/stagpartynight.com\/fr\/wp-content\/uploads\/sites\/3\/2020\/01\/Boat-Tour-Porto.jpg","contentUrl":"https:\/\/stagpartynight.com\/fr\/wp-content\/uploads\/sites\/3\/2020\/01\/Boat-Tour-Porto.jpg","width":669,"height":446},{"@type":"BreadcrumbList","@id":"https:\/\/stagpartynight.com\/fr\/product\/boat-tour-porto\/#breadcrumb","itemListElement":[{"@type":"ListItem","position":1,"name":"Home","item":"https:\/\/stagpartynight.com\/fr\/"},{"@type":"ListItem","position":2,"name":"Tienda","item":"https:\/\/stagpartynight.com\/fr\/tienda\/"},{"@type":"ListItem","position":3,"name":"Tour en bateau \u00e0 Porto"}]},{"@type":"WebSite","@id":"https:\/\/stagpartynight.com\/fr\/#website","url":"https:\/\/stagpartynight.com\/fr\/","name":"Stag Party Night","description":"Your Stag Party Customized","publisher":{"@id":"https:\/\/stagpartynight.com\/fr\/#organization"},"potentialAction":[{"@type":"SearchAction","target":{"@type":"EntryPoint","urlTemplate":"https:\/\/stagpartynight.com\/fr\/?s={search_term_string}"},"query-input":{"@type":"PropertyValueSpecification","valueRequired":true,"valueName":"search_term_string"}}],"inLanguage":"en-GB"},{"@type":"Organization","@id":"https:\/\/stagpartynight.com\/fr\/#organization","name":"Stag Party Night","url":"https:\/\/stagpartynight.com\/fr\/","logo":{"@type":"ImageObject","inLanguage":"en-GB","@id":"https:\/\/stagpartynight.com\/fr\/#\/schema\/logo\/image\/","url":"https:\/\/stagpartynight.com\/fr\/wp-content\/uploads\/sites\/3\/2019\/12\/stagpartynight-e1578565505687.png","contentUrl":"https:\/\/stagpartynight.com\/fr\/wp-content\/uploads\/sites\/3\/2019\/12\/stagpartynight-e1578565505687.png","width":400,"height":400,"caption":"Stag Party Night"},"image":{"@id":"https:\/\/stagpartynight.com\/fr\/#\/schema\/logo\/image\/"}}]}},"_links":{"self":[{"href":"https:\/\/stagpartynight.com\/fr\/wp-json\/wp\/v2\/product\/169","targetHints":{"allow":["GET"]}}],"collection":[{"href":"https:\/\/stagpartynight.com\/fr\/wp-json\/wp\/v2\/product"}],"about":[{"href":"https:\/\/stagpartynight.com\/fr\/wp-json\/wp\/v2\/types\/product"}],"replies":[{"embeddable":true,"href":"https:\/\/stagpartynight.com\/fr\/wp-json\/wp\/v2\/comments?post=169"}],"wp:featuredmedia":[{"embeddable":true,"href":"https:\/\/stagpartynight.com\/fr\/wp-json\/wp\/v2\/media\/170"}],"wp:attachment":[{"href":"https:\/\/stagpartynight.com\/fr\/wp-json\/wp\/v2\/media?parent=169"}],"wp:term":[{"taxonomy":"product_brand","embeddable":true,"href":"https:\/\/stagpartynight.com\/fr\/wp-json\/wp\/v2\/product_brand?post=169"},{"taxonomy":"product_cat","embeddable":true,"href":"https:\/\/stagpartynight.com\/fr\/wp-json\/wp\/v2\/product_cat?post=169"},{"taxonomy":"product_tag","embeddable":true,"href":"https:\/\/stagpartynight.com\/fr\/wp-json\/wp\/v2\/product_tag?post=169"}],"curies":[{"name":"wp","href":"https:\/\/api.w.org\/{rel}","templated":true}]}}