{"id":177,"date":"2020-01-06T13:08:54","date_gmt":"2020-01-06T12:08:54","guid":{"rendered":"https:\/\/stagpartynight.com\/fr\/?post_type=product&#038;p=177"},"modified":"2021-02-04T13:07:16","modified_gmt":"2021-02-04T12:07:16","slug":"karting-oporto","status":"publish","type":"product","link":"https:\/\/stagpartynight.com\/fr\/product\/karting-oporto\/","title":{"rendered":"Karting Oporto"},"content":{"rendered":"<p>Vitesse et comp\u00e9titivit\u00e9. Instructeur local avec tout l&#8217;\u00e9quipement n\u00e9cessaire inclus. Possibilit\u00e9 d&#8217;avoir la piste en priv\u00e9 pour votre groupe. 5 minutes de tours d&#8217;\u00e9chauffement plus 20 minutes de course . D\u00e9couvrez vos qualit\u00e9s au volant . Transfert aller-retour en minibus priv\u00e9.<\/p>\n","protected":false},"excerpt":{"rendered":"<p>Vitesse et comp\u00e9titivit\u00e9. Instructeur local avec tout l&#8217;\u00e9quipement n\u00e9cessaire inclus. Possibilit\u00e9 d&#8217;avoir la piste en priv\u00e9 pour votre groupe. 5 minutes de tours d&#8217;\u00e9chauffement plus 20 minutes de course . D\u00e9couvrez vos qualit\u00e9s au volant . Transfert aller-retour en minibus priv\u00e9.<\/p>\n","protected":false},"featured_media":178,"comment_status":"open","ping_status":"closed","template":"","meta":{"_et_pb_use_builder":"","_et_pb_old_content":"","_et_gb_content_width":""},"product_brand":[],"product_cat":[20],"product_tag":[51,442,441,443],"class_list":{"0":"post-177","1":"product","2":"type-product","3":"status-publish","4":"has-post-thumbnail","6":"product_cat-oporto","7":"product_tag-karting","8":"product_tag-karting-a-porto","9":"product_tag-karting-oporto","10":"product_tag-paquets-pour-les-groupes-a-porto","12":"first","13":"instock","14":"virtual","15":"product-type-simple"},"yoast_head":"<!-- This site is optimized with the Yoast SEO plugin v26.4 - https:\/\/yoast.com\/wordpress\/plugins\/seo\/ -->\n<title>Karting Oporto - Karting \u00e0 Porto - Paquets pour les groupes \u00e0 Porto<\/title>\n<meta name=\"description\" content=\"Karting Oporto - Vitesse et comp\u00e9titivit\u00e9. Instructeur local avec tout l&#039;\u00e9quipement n\u00e9cessaire inclus. Possibilit\u00e9 d&#039;avoir la piste en priv\u00e9 pour votre groupe. 5 minutes de tours d&#039;\u00e9chauffement plus 20 minutes de course . D\u00e9couvrez vos qualit\u00e9s au volant . Transfert aller-retour en minibus priv\u00e9.\" \/>\n<meta name=\"robots\" content=\"index, follow, max-snippet:-1, max-image-preview:large, max-video-preview:-1\" \/>\n<link rel=\"canonical\" href=\"https:\/\/stagpartynight.com\/fr\/product\/karting-oporto\/\" \/>\n<meta property=\"og:locale\" content=\"en_GB\" \/>\n<meta property=\"og:type\" content=\"article\" \/>\n<meta property=\"og:title\" content=\"Karting Oporto - Karting \u00e0 Porto - Paquets pour les groupes \u00e0 Porto\" \/>\n<meta property=\"og:description\" content=\"Karting Oporto - Vitesse et comp\u00e9titivit\u00e9. Instructeur local avec tout l&#039;\u00e9quipement n\u00e9cessaire inclus. Possibilit\u00e9 d&#039;avoir la piste en priv\u00e9 pour votre groupe. 5 minutes de tours d&#039;\u00e9chauffement plus 20 minutes de course . D\u00e9couvrez vos qualit\u00e9s au volant . Transfert aller-retour en minibus priv\u00e9.\" \/>\n<meta property=\"og:url\" content=\"https:\/\/stagpartynight.com\/fr\/product\/karting-oporto\/\" \/>\n<meta property=\"og:site_name\" content=\"Nuit de f\u00eate de cerf\" \/>\n<meta property=\"article:modified_time\" content=\"2021-02-04T12:07:16+00:00\" \/>\n<meta property=\"og:image\" content=\"https:\/\/stagpartynight.com\/fr\/wp-content\/uploads\/sites\/3\/2020\/01\/Karting-Oporto.png\" \/>\n\t<meta property=\"og:image:width\" content=\"685\" \/>\n\t<meta property=\"og:image:height\" content=\"423\" \/>\n\t<meta property=\"og:image:type\" content=\"image\/png\" \/>\n<meta name=\"twitter:card\" content=\"summary_large_image\" \/>\n<script type=\"application\/ld+json\" class=\"yoast-schema-graph\">{\"@context\":\"https:\/\/schema.org\",\"@graph\":[{\"@type\":\"WebPage\",\"@id\":\"https:\/\/stagpartynight.com\/fr\/product\/karting-oporto\/\",\"url\":\"https:\/\/stagpartynight.com\/fr\/product\/karting-oporto\/\",\"name\":\"Karting Oporto - Karting \u00e0 Porto - Paquets pour les groupes \u00e0 Porto\",\"isPartOf\":{\"@id\":\"https:\/\/stagpartynight.com\/fr\/#website\"},\"primaryImageOfPage\":{\"@id\":\"https:\/\/stagpartynight.com\/fr\/product\/karting-oporto\/#primaryimage\"},\"image\":{\"@id\":\"https:\/\/stagpartynight.com\/fr\/product\/karting-oporto\/#primaryimage\"},\"thumbnailUrl\":\"https:\/\/stagpartynight.com\/fr\/wp-content\/uploads\/sites\/3\/2020\/01\/Karting-Oporto.png\",\"datePublished\":\"2020-01-06T12:08:54+00:00\",\"dateModified\":\"2021-02-04T12:07:16+00:00\",\"description\":\"Karting Oporto - Vitesse et comp\u00e9titivit\u00e9. Instructeur local avec tout l'\u00e9quipement n\u00e9cessaire inclus. Possibilit\u00e9 d'avoir la piste en priv\u00e9 pour votre groupe. 5 minutes de tours d'\u00e9chauffement plus 20 minutes de course . D\u00e9couvrez vos qualit\u00e9s au volant . Transfert aller-retour en minibus priv\u00e9.\",\"breadcrumb\":{\"@id\":\"https:\/\/stagpartynight.com\/fr\/product\/karting-oporto\/#breadcrumb\"},\"inLanguage\":\"en-GB\",\"potentialAction\":[{\"@type\":\"ReadAction\",\"target\":[\"https:\/\/stagpartynight.com\/fr\/product\/karting-oporto\/\"]}]},{\"@type\":\"ImageObject\",\"inLanguage\":\"en-GB\",\"@id\":\"https:\/\/stagpartynight.com\/fr\/product\/karting-oporto\/#primaryimage\",\"url\":\"https:\/\/stagpartynight.com\/fr\/wp-content\/uploads\/sites\/3\/2020\/01\/Karting-Oporto.png\",\"contentUrl\":\"https:\/\/stagpartynight.com\/fr\/wp-content\/uploads\/sites\/3\/2020\/01\/Karting-Oporto.png\",\"width\":685,\"height\":423},{\"@type\":\"BreadcrumbList\",\"@id\":\"https:\/\/stagpartynight.com\/fr\/product\/karting-oporto\/#breadcrumb\",\"itemListElement\":[{\"@type\":\"ListItem\",\"position\":1,\"name\":\"Home\",\"item\":\"https:\/\/stagpartynight.com\/fr\/\"},{\"@type\":\"ListItem\",\"position\":2,\"name\":\"Tienda\",\"item\":\"https:\/\/stagpartynight.com\/fr\/tienda\/\"},{\"@type\":\"ListItem\",\"position\":3,\"name\":\"Karting Oporto\"}]},{\"@type\":\"WebSite\",\"@id\":\"https:\/\/stagpartynight.com\/fr\/#website\",\"url\":\"https:\/\/stagpartynight.com\/fr\/\",\"name\":\"Stag Party Night\",\"description\":\"Your Stag Party Customized\",\"publisher\":{\"@id\":\"https:\/\/stagpartynight.com\/fr\/#organization\"},\"potentialAction\":[{\"@type\":\"SearchAction\",\"target\":{\"@type\":\"EntryPoint\",\"urlTemplate\":\"https:\/\/stagpartynight.com\/fr\/?s={search_term_string}\"},\"query-input\":{\"@type\":\"PropertyValueSpecification\",\"valueRequired\":true,\"valueName\":\"search_term_string\"}}],\"inLanguage\":\"en-GB\"},{\"@type\":\"Organization\",\"@id\":\"https:\/\/stagpartynight.com\/fr\/#organization\",\"name\":\"Stag Party Night\",\"url\":\"https:\/\/stagpartynight.com\/fr\/\",\"logo\":{\"@type\":\"ImageObject\",\"inLanguage\":\"en-GB\",\"@id\":\"https:\/\/stagpartynight.com\/fr\/#\/schema\/logo\/image\/\",\"url\":\"https:\/\/stagpartynight.com\/fr\/wp-content\/uploads\/sites\/3\/2019\/12\/stagpartynight-e1578565505687.png\",\"contentUrl\":\"https:\/\/stagpartynight.com\/fr\/wp-content\/uploads\/sites\/3\/2019\/12\/stagpartynight-e1578565505687.png\",\"width\":400,\"height\":400,\"caption\":\"Stag Party Night\"},\"image\":{\"@id\":\"https:\/\/stagpartynight.com\/fr\/#\/schema\/logo\/image\/\"}}]}<\/script>\n<!-- \/ Yoast SEO plugin. -->","yoast_head_json":{"title":"Karting Oporto - Karting \u00e0 Porto - Paquets pour les groupes \u00e0 Porto","description":"Karting Oporto - Vitesse et comp\u00e9titivit\u00e9. Instructeur local avec tout l'\u00e9quipement n\u00e9cessaire inclus. Possibilit\u00e9 d'avoir la piste en priv\u00e9 pour votre groupe. 5 minutes de tours d'\u00e9chauffement plus 20 minutes de course . D\u00e9couvrez vos qualit\u00e9s au volant . Transfert aller-retour en minibus priv\u00e9.","robots":{"index":"index","follow":"follow","max-snippet":"max-snippet:-1","max-image-preview":"max-image-preview:large","max-video-preview":"max-video-preview:-1"},"canonical":"https:\/\/stagpartynight.com\/fr\/product\/karting-oporto\/","og_locale":"en_GB","og_type":"article","og_title":"Karting Oporto - Karting \u00e0 Porto - Paquets pour les groupes \u00e0 Porto","og_description":"Karting Oporto - Vitesse et comp\u00e9titivit\u00e9. Instructeur local avec tout l'\u00e9quipement n\u00e9cessaire inclus. Possibilit\u00e9 d'avoir la piste en priv\u00e9 pour votre groupe. 5 minutes de tours d'\u00e9chauffement plus 20 minutes de course . D\u00e9couvrez vos qualit\u00e9s au volant . Transfert aller-retour en minibus priv\u00e9.","og_url":"https:\/\/stagpartynight.com\/fr\/product\/karting-oporto\/","og_site_name":"Nuit de f\u00eate de cerf","article_modified_time":"2021-02-04T12:07:16+00:00","og_image":[{"width":685,"height":423,"url":"https:\/\/stagpartynight.com\/fr\/wp-content\/uploads\/sites\/3\/2020\/01\/Karting-Oporto.png","type":"image\/png"}],"twitter_card":"summary_large_image","schema":{"@context":"https:\/\/schema.org","@graph":[{"@type":"WebPage","@id":"https:\/\/stagpartynight.com\/fr\/product\/karting-oporto\/","url":"https:\/\/stagpartynight.com\/fr\/product\/karting-oporto\/","name":"Karting Oporto - Karting \u00e0 Porto - Paquets pour les groupes \u00e0 Porto","isPartOf":{"@id":"https:\/\/stagpartynight.com\/fr\/#website"},"primaryImageOfPage":{"@id":"https:\/\/stagpartynight.com\/fr\/product\/karting-oporto\/#primaryimage"},"image":{"@id":"https:\/\/stagpartynight.com\/fr\/product\/karting-oporto\/#primaryimage"},"thumbnailUrl":"https:\/\/stagpartynight.com\/fr\/wp-content\/uploads\/sites\/3\/2020\/01\/Karting-Oporto.png","datePublished":"2020-01-06T12:08:54+00:00","dateModified":"2021-02-04T12:07:16+00:00","description":"Karting Oporto - Vitesse et comp\u00e9titivit\u00e9. Instructeur local avec tout l'\u00e9quipement n\u00e9cessaire inclus. Possibilit\u00e9 d'avoir la piste en priv\u00e9 pour votre groupe. 5 minutes de tours d'\u00e9chauffement plus 20 minutes de course . D\u00e9couvrez vos qualit\u00e9s au volant . Transfert aller-retour en minibus priv\u00e9.","breadcrumb":{"@id":"https:\/\/stagpartynight.com\/fr\/product\/karting-oporto\/#breadcrumb"},"inLanguage":"en-GB","potentialAction":[{"@type":"ReadAction","target":["https:\/\/stagpartynight.com\/fr\/product\/karting-oporto\/"]}]},{"@type":"ImageObject","inLanguage":"en-GB","@id":"https:\/\/stagpartynight.com\/fr\/product\/karting-oporto\/#primaryimage","url":"https:\/\/stagpartynight.com\/fr\/wp-content\/uploads\/sites\/3\/2020\/01\/Karting-Oporto.png","contentUrl":"https:\/\/stagpartynight.com\/fr\/wp-content\/uploads\/sites\/3\/2020\/01\/Karting-Oporto.png","width":685,"height":423},{"@type":"BreadcrumbList","@id":"https:\/\/stagpartynight.com\/fr\/product\/karting-oporto\/#breadcrumb","itemListElement":[{"@type":"ListItem","position":1,"name":"Home","item":"https:\/\/stagpartynight.com\/fr\/"},{"@type":"ListItem","position":2,"name":"Tienda","item":"https:\/\/stagpartynight.com\/fr\/tienda\/"},{"@type":"ListItem","position":3,"name":"Karting Oporto"}]},{"@type":"WebSite","@id":"https:\/\/stagpartynight.com\/fr\/#website","url":"https:\/\/stagpartynight.com\/fr\/","name":"Stag Party Night","description":"Your Stag Party Customized","publisher":{"@id":"https:\/\/stagpartynight.com\/fr\/#organization"},"potentialAction":[{"@type":"SearchAction","target":{"@type":"EntryPoint","urlTemplate":"https:\/\/stagpartynight.com\/fr\/?s={search_term_string}"},"query-input":{"@type":"PropertyValueSpecification","valueRequired":true,"valueName":"search_term_string"}}],"inLanguage":"en-GB"},{"@type":"Organization","@id":"https:\/\/stagpartynight.com\/fr\/#organization","name":"Stag Party Night","url":"https:\/\/stagpartynight.com\/fr\/","logo":{"@type":"ImageObject","inLanguage":"en-GB","@id":"https:\/\/stagpartynight.com\/fr\/#\/schema\/logo\/image\/","url":"https:\/\/stagpartynight.com\/fr\/wp-content\/uploads\/sites\/3\/2019\/12\/stagpartynight-e1578565505687.png","contentUrl":"https:\/\/stagpartynight.com\/fr\/wp-content\/uploads\/sites\/3\/2019\/12\/stagpartynight-e1578565505687.png","width":400,"height":400,"caption":"Stag Party Night"},"image":{"@id":"https:\/\/stagpartynight.com\/fr\/#\/schema\/logo\/image\/"}}]}},"_links":{"self":[{"href":"https:\/\/stagpartynight.com\/fr\/wp-json\/wp\/v2\/product\/177","targetHints":{"allow":["GET"]}}],"collection":[{"href":"https:\/\/stagpartynight.com\/fr\/wp-json\/wp\/v2\/product"}],"about":[{"href":"https:\/\/stagpartynight.com\/fr\/wp-json\/wp\/v2\/types\/product"}],"replies":[{"embeddable":true,"href":"https:\/\/stagpartynight.com\/fr\/wp-json\/wp\/v2\/comments?post=177"}],"wp:featuredmedia":[{"embeddable":true,"href":"https:\/\/stagpartynight.com\/fr\/wp-json\/wp\/v2\/media\/178"}],"wp:attachment":[{"href":"https:\/\/stagpartynight.com\/fr\/wp-json\/wp\/v2\/media?parent=177"}],"wp:term":[{"taxonomy":"product_brand","embeddable":true,"href":"https:\/\/stagpartynight.com\/fr\/wp-json\/wp\/v2\/product_brand?post=177"},{"taxonomy":"product_cat","embeddable":true,"href":"https:\/\/stagpartynight.com\/fr\/wp-json\/wp\/v2\/product_cat?post=177"},{"taxonomy":"product_tag","embeddable":true,"href":"https:\/\/stagpartynight.com\/fr\/wp-json\/wp\/v2\/product_tag?post=177"}],"curies":[{"name":"wp","href":"https:\/\/api.w.org\/{rel}","templated":true}]}}