{"id":183,"date":"2020-01-06T13:32:33","date_gmt":"2020-01-06T12:32:33","guid":{"rendered":"https:\/\/stagpartynight.com\/fr\/?post_type=product&#038;p=183"},"modified":"2021-02-04T12:01:32","modified_gmt":"2021-02-04T11:01:32","slug":"bubble-football-oporto","status":"publish","type":"product","link":"https:\/\/stagpartynight.com\/fr\/product\/bubble-football-oporto\/","title":{"rendered":"Bubble Football Oporto"},"content":{"rendered":"<p>Diff\u00e9rentes comp\u00e9titions de football. Vous et vos amis vous partagerez deux \u00e9quipes de 5 et 5. Mat\u00e9riel, arbitre et vestiaires avec douches priv\u00e9es pour votre groupe inclus. Dur\u00e9e de 1 heure.<\/p>\n","protected":false},"excerpt":{"rendered":"<p>Diff\u00e9rentes comp\u00e9titions de football. Vous et vos amis vous partagerez deux \u00e9quipes de 5 et 5. Mat\u00e9riel, arbitre et vestiaires avec douches priv\u00e9es pour votre groupe inclus. Dur\u00e9e de 1 heure.<\/p>\n","protected":false},"featured_media":184,"comment_status":"open","ping_status":"closed","template":"","meta":{"_et_pb_use_builder":"","_et_pb_old_content":"","_et_gb_content_width":""},"product_brand":[],"product_cat":[20],"product_tag":[55,56,430],"class_list":{"0":"post-183","1":"product","2":"type-product","3":"status-publish","4":"has-post-thumbnail","6":"product_cat-oporto","7":"product_tag-bubble-football","8":"product_tag-bubble-football-oporto","9":"product_tag-bubble-football-porto","11":"first","12":"instock","13":"virtual","14":"product-type-simple"},"yoast_head":"<!-- This site is optimized with the Yoast SEO plugin v26.4 - https:\/\/yoast.com\/wordpress\/plugins\/seo\/ -->\n<title>Bubble Football Oporto - Bubble Football \u00e0 Porto - Activit\u00e9s \u00e0 Porto<\/title>\n<meta name=\"description\" content=\"Bubble Football Oporto - Diff\u00e9rentes comp\u00e9titions de football. Vous et vos amis vous partagerez deux \u00e9quipes de 5 et 5. Mat\u00e9riel, arbitre et vestiaires avec douches priv\u00e9es pour votre groupe inclus. Dur\u00e9e de 1 heure.\" \/>\n<meta name=\"robots\" content=\"index, follow, max-snippet:-1, max-image-preview:large, max-video-preview:-1\" \/>\n<link rel=\"canonical\" href=\"https:\/\/stagpartynight.com\/fr\/product\/bubble-football-oporto\/\" \/>\n<meta property=\"og:locale\" content=\"en_GB\" \/>\n<meta property=\"og:type\" content=\"article\" \/>\n<meta property=\"og:title\" content=\"Bubble Football Oporto - Bubble Football \u00e0 Porto - Activit\u00e9s \u00e0 Porto\" \/>\n<meta property=\"og:description\" content=\"Bubble Football Oporto - Diff\u00e9rentes comp\u00e9titions de football. Vous et vos amis vous partagerez deux \u00e9quipes de 5 et 5. Mat\u00e9riel, arbitre et vestiaires avec douches priv\u00e9es pour votre groupe inclus. Dur\u00e9e de 1 heure.\" \/>\n<meta property=\"og:url\" content=\"https:\/\/stagpartynight.com\/fr\/product\/bubble-football-oporto\/\" \/>\n<meta property=\"og:site_name\" content=\"Nuit de f\u00eate de cerf\" \/>\n<meta property=\"article:modified_time\" content=\"2021-02-04T11:01:32+00:00\" \/>\n<meta property=\"og:image\" content=\"https:\/\/stagpartynight.com\/fr\/wp-content\/uploads\/sites\/3\/2020\/01\/bubble-football.jpg\" \/>\n\t<meta property=\"og:image:width\" content=\"600\" \/>\n\t<meta property=\"og:image:height\" content=\"450\" \/>\n\t<meta property=\"og:image:type\" content=\"image\/jpeg\" \/>\n<meta name=\"twitter:card\" content=\"summary_large_image\" \/>\n<script type=\"application\/ld+json\" class=\"yoast-schema-graph\">{\"@context\":\"https:\/\/schema.org\",\"@graph\":[{\"@type\":\"WebPage\",\"@id\":\"https:\/\/stagpartynight.com\/fr\/product\/bubble-football-oporto\/\",\"url\":\"https:\/\/stagpartynight.com\/fr\/product\/bubble-football-oporto\/\",\"name\":\"Bubble Football Oporto - Bubble Football \u00e0 Porto - Activit\u00e9s \u00e0 Porto\",\"isPartOf\":{\"@id\":\"https:\/\/stagpartynight.com\/fr\/#website\"},\"primaryImageOfPage\":{\"@id\":\"https:\/\/stagpartynight.com\/fr\/product\/bubble-football-oporto\/#primaryimage\"},\"image\":{\"@id\":\"https:\/\/stagpartynight.com\/fr\/product\/bubble-football-oporto\/#primaryimage\"},\"thumbnailUrl\":\"https:\/\/stagpartynight.com\/fr\/wp-content\/uploads\/sites\/3\/2020\/01\/bubble-football.jpg\",\"datePublished\":\"2020-01-06T12:32:33+00:00\",\"dateModified\":\"2021-02-04T11:01:32+00:00\",\"description\":\"Bubble Football Oporto - Diff\u00e9rentes comp\u00e9titions de football. Vous et vos amis vous partagerez deux \u00e9quipes de 5 et 5. Mat\u00e9riel, arbitre et vestiaires avec douches priv\u00e9es pour votre groupe inclus. Dur\u00e9e de 1 heure.\",\"breadcrumb\":{\"@id\":\"https:\/\/stagpartynight.com\/fr\/product\/bubble-football-oporto\/#breadcrumb\"},\"inLanguage\":\"en-GB\",\"potentialAction\":[{\"@type\":\"ReadAction\",\"target\":[\"https:\/\/stagpartynight.com\/fr\/product\/bubble-football-oporto\/\"]}]},{\"@type\":\"ImageObject\",\"inLanguage\":\"en-GB\",\"@id\":\"https:\/\/stagpartynight.com\/fr\/product\/bubble-football-oporto\/#primaryimage\",\"url\":\"https:\/\/stagpartynight.com\/fr\/wp-content\/uploads\/sites\/3\/2020\/01\/bubble-football.jpg\",\"contentUrl\":\"https:\/\/stagpartynight.com\/fr\/wp-content\/uploads\/sites\/3\/2020\/01\/bubble-football.jpg\",\"width\":600,\"height\":450},{\"@type\":\"BreadcrumbList\",\"@id\":\"https:\/\/stagpartynight.com\/fr\/product\/bubble-football-oporto\/#breadcrumb\",\"itemListElement\":[{\"@type\":\"ListItem\",\"position\":1,\"name\":\"Home\",\"item\":\"https:\/\/stagpartynight.com\/fr\/\"},{\"@type\":\"ListItem\",\"position\":2,\"name\":\"Tienda\",\"item\":\"https:\/\/stagpartynight.com\/fr\/tienda\/\"},{\"@type\":\"ListItem\",\"position\":3,\"name\":\"Bubble Football Oporto\"}]},{\"@type\":\"WebSite\",\"@id\":\"https:\/\/stagpartynight.com\/fr\/#website\",\"url\":\"https:\/\/stagpartynight.com\/fr\/\",\"name\":\"Stag Party Night\",\"description\":\"Your Stag Party Customized\",\"publisher\":{\"@id\":\"https:\/\/stagpartynight.com\/fr\/#organization\"},\"potentialAction\":[{\"@type\":\"SearchAction\",\"target\":{\"@type\":\"EntryPoint\",\"urlTemplate\":\"https:\/\/stagpartynight.com\/fr\/?s={search_term_string}\"},\"query-input\":{\"@type\":\"PropertyValueSpecification\",\"valueRequired\":true,\"valueName\":\"search_term_string\"}}],\"inLanguage\":\"en-GB\"},{\"@type\":\"Organization\",\"@id\":\"https:\/\/stagpartynight.com\/fr\/#organization\",\"name\":\"Stag Party Night\",\"url\":\"https:\/\/stagpartynight.com\/fr\/\",\"logo\":{\"@type\":\"ImageObject\",\"inLanguage\":\"en-GB\",\"@id\":\"https:\/\/stagpartynight.com\/fr\/#\/schema\/logo\/image\/\",\"url\":\"https:\/\/stagpartynight.com\/fr\/wp-content\/uploads\/sites\/3\/2019\/12\/stagpartynight-e1578565505687.png\",\"contentUrl\":\"https:\/\/stagpartynight.com\/fr\/wp-content\/uploads\/sites\/3\/2019\/12\/stagpartynight-e1578565505687.png\",\"width\":400,\"height\":400,\"caption\":\"Stag Party Night\"},\"image\":{\"@id\":\"https:\/\/stagpartynight.com\/fr\/#\/schema\/logo\/image\/\"}}]}<\/script>\n<!-- \/ Yoast SEO plugin. -->","yoast_head_json":{"title":"Bubble Football Oporto - Bubble Football \u00e0 Porto - Activit\u00e9s \u00e0 Porto","description":"Bubble Football Oporto - Diff\u00e9rentes comp\u00e9titions de football. Vous et vos amis vous partagerez deux \u00e9quipes de 5 et 5. Mat\u00e9riel, arbitre et vestiaires avec douches priv\u00e9es pour votre groupe inclus. Dur\u00e9e de 1 heure.","robots":{"index":"index","follow":"follow","max-snippet":"max-snippet:-1","max-image-preview":"max-image-preview:large","max-video-preview":"max-video-preview:-1"},"canonical":"https:\/\/stagpartynight.com\/fr\/product\/bubble-football-oporto\/","og_locale":"en_GB","og_type":"article","og_title":"Bubble Football Oporto - Bubble Football \u00e0 Porto - Activit\u00e9s \u00e0 Porto","og_description":"Bubble Football Oporto - Diff\u00e9rentes comp\u00e9titions de football. Vous et vos amis vous partagerez deux \u00e9quipes de 5 et 5. Mat\u00e9riel, arbitre et vestiaires avec douches priv\u00e9es pour votre groupe inclus. Dur\u00e9e de 1 heure.","og_url":"https:\/\/stagpartynight.com\/fr\/product\/bubble-football-oporto\/","og_site_name":"Nuit de f\u00eate de cerf","article_modified_time":"2021-02-04T11:01:32+00:00","og_image":[{"width":600,"height":450,"url":"https:\/\/stagpartynight.com\/fr\/wp-content\/uploads\/sites\/3\/2020\/01\/bubble-football.jpg","type":"image\/jpeg"}],"twitter_card":"summary_large_image","schema":{"@context":"https:\/\/schema.org","@graph":[{"@type":"WebPage","@id":"https:\/\/stagpartynight.com\/fr\/product\/bubble-football-oporto\/","url":"https:\/\/stagpartynight.com\/fr\/product\/bubble-football-oporto\/","name":"Bubble Football Oporto - Bubble Football \u00e0 Porto - Activit\u00e9s \u00e0 Porto","isPartOf":{"@id":"https:\/\/stagpartynight.com\/fr\/#website"},"primaryImageOfPage":{"@id":"https:\/\/stagpartynight.com\/fr\/product\/bubble-football-oporto\/#primaryimage"},"image":{"@id":"https:\/\/stagpartynight.com\/fr\/product\/bubble-football-oporto\/#primaryimage"},"thumbnailUrl":"https:\/\/stagpartynight.com\/fr\/wp-content\/uploads\/sites\/3\/2020\/01\/bubble-football.jpg","datePublished":"2020-01-06T12:32:33+00:00","dateModified":"2021-02-04T11:01:32+00:00","description":"Bubble Football Oporto - Diff\u00e9rentes comp\u00e9titions de football. Vous et vos amis vous partagerez deux \u00e9quipes de 5 et 5. Mat\u00e9riel, arbitre et vestiaires avec douches priv\u00e9es pour votre groupe inclus. Dur\u00e9e de 1 heure.","breadcrumb":{"@id":"https:\/\/stagpartynight.com\/fr\/product\/bubble-football-oporto\/#breadcrumb"},"inLanguage":"en-GB","potentialAction":[{"@type":"ReadAction","target":["https:\/\/stagpartynight.com\/fr\/product\/bubble-football-oporto\/"]}]},{"@type":"ImageObject","inLanguage":"en-GB","@id":"https:\/\/stagpartynight.com\/fr\/product\/bubble-football-oporto\/#primaryimage","url":"https:\/\/stagpartynight.com\/fr\/wp-content\/uploads\/sites\/3\/2020\/01\/bubble-football.jpg","contentUrl":"https:\/\/stagpartynight.com\/fr\/wp-content\/uploads\/sites\/3\/2020\/01\/bubble-football.jpg","width":600,"height":450},{"@type":"BreadcrumbList","@id":"https:\/\/stagpartynight.com\/fr\/product\/bubble-football-oporto\/#breadcrumb","itemListElement":[{"@type":"ListItem","position":1,"name":"Home","item":"https:\/\/stagpartynight.com\/fr\/"},{"@type":"ListItem","position":2,"name":"Tienda","item":"https:\/\/stagpartynight.com\/fr\/tienda\/"},{"@type":"ListItem","position":3,"name":"Bubble Football Oporto"}]},{"@type":"WebSite","@id":"https:\/\/stagpartynight.com\/fr\/#website","url":"https:\/\/stagpartynight.com\/fr\/","name":"Stag Party Night","description":"Your Stag Party Customized","publisher":{"@id":"https:\/\/stagpartynight.com\/fr\/#organization"},"potentialAction":[{"@type":"SearchAction","target":{"@type":"EntryPoint","urlTemplate":"https:\/\/stagpartynight.com\/fr\/?s={search_term_string}"},"query-input":{"@type":"PropertyValueSpecification","valueRequired":true,"valueName":"search_term_string"}}],"inLanguage":"en-GB"},{"@type":"Organization","@id":"https:\/\/stagpartynight.com\/fr\/#organization","name":"Stag Party Night","url":"https:\/\/stagpartynight.com\/fr\/","logo":{"@type":"ImageObject","inLanguage":"en-GB","@id":"https:\/\/stagpartynight.com\/fr\/#\/schema\/logo\/image\/","url":"https:\/\/stagpartynight.com\/fr\/wp-content\/uploads\/sites\/3\/2019\/12\/stagpartynight-e1578565505687.png","contentUrl":"https:\/\/stagpartynight.com\/fr\/wp-content\/uploads\/sites\/3\/2019\/12\/stagpartynight-e1578565505687.png","width":400,"height":400,"caption":"Stag Party Night"},"image":{"@id":"https:\/\/stagpartynight.com\/fr\/#\/schema\/logo\/image\/"}}]}},"_links":{"self":[{"href":"https:\/\/stagpartynight.com\/fr\/wp-json\/wp\/v2\/product\/183","targetHints":{"allow":["GET"]}}],"collection":[{"href":"https:\/\/stagpartynight.com\/fr\/wp-json\/wp\/v2\/product"}],"about":[{"href":"https:\/\/stagpartynight.com\/fr\/wp-json\/wp\/v2\/types\/product"}],"replies":[{"embeddable":true,"href":"https:\/\/stagpartynight.com\/fr\/wp-json\/wp\/v2\/comments?post=183"}],"wp:featuredmedia":[{"embeddable":true,"href":"https:\/\/stagpartynight.com\/fr\/wp-json\/wp\/v2\/media\/184"}],"wp:attachment":[{"href":"https:\/\/stagpartynight.com\/fr\/wp-json\/wp\/v2\/media?parent=183"}],"wp:term":[{"taxonomy":"product_brand","embeddable":true,"href":"https:\/\/stagpartynight.com\/fr\/wp-json\/wp\/v2\/product_brand?post=183"},{"taxonomy":"product_cat","embeddable":true,"href":"https:\/\/stagpartynight.com\/fr\/wp-json\/wp\/v2\/product_cat?post=183"},{"taxonomy":"product_tag","embeddable":true,"href":"https:\/\/stagpartynight.com\/fr\/wp-json\/wp\/v2\/product_tag?post=183"}],"curies":[{"name":"wp","href":"https:\/\/api.w.org\/{rel}","templated":true}]}}