{"id":187,"date":"2020-01-06T13:40:35","date_gmt":"2020-01-06T12:40:35","guid":{"rendered":"https:\/\/stagpartynight.com\/fr\/?post_type=product&#038;p=187"},"modified":"2021-02-04T12:28:43","modified_gmt":"2021-02-04T11:28:43","slug":"airport-transports-oporto","status":"publish","type":"product","link":"https:\/\/stagpartynight.com\/fr\/product\/airport-transports-oporto\/","title":{"rendered":"Transferts Oporto"},"content":{"rendered":"<p>Transport priv\u00e9 pour votre groupe \u00e0 Lisbonne. Accueil \u00e0 l\u2019a\u00e9roport et transfert \u00e0 votre logement. Possibilit\u00e9 de faire plus de services.<\/p>\n","protected":false},"excerpt":{"rendered":"<p>Transport priv\u00e9 pour votre groupe \u00e0 Lisbonne. Accueil \u00e0 l\u2019a\u00e9roport et transfert \u00e0 votre logement. Possibilit\u00e9 de faire plus de services.<\/p>\n","protected":false},"featured_media":49,"comment_status":"open","ping_status":"closed","template":"","meta":{"_et_pb_use_builder":"","_et_pb_old_content":"","_et_gb_content_width":""},"product_brand":[],"product_cat":[20],"product_tag":[59,433],"class_list":{"0":"post-187","1":"product","2":"type-product","3":"status-publish","4":"has-post-thumbnail","6":"product_cat-oporto","7":"product_tag-airport-transports","8":"product_tag-transferts-oporto","10":"first","11":"instock","12":"virtual","13":"product-type-simple"},"yoast_head":"<!-- This site is optimized with the Yoast SEO plugin v26.4 - https:\/\/yoast.com\/wordpress\/plugins\/seo\/ -->\n<title>Transferts Oporto - Transport priv\u00e9 \u00e0 Porto - Transport de groupe<\/title>\n<meta name=\"description\" content=\"Transferts Oporto - Transport priv\u00e9 pour votre groupe \u00e0 Lisbonne. Accueil \u00e0 l\u2019a\u00e9roport et transfert \u00e0 votre logement. Possibilit\u00e9 de faire plus de services.\" \/>\n<meta name=\"robots\" content=\"index, follow, max-snippet:-1, max-image-preview:large, max-video-preview:-1\" \/>\n<link rel=\"canonical\" href=\"https:\/\/stagpartynight.com\/fr\/product\/airport-transports-oporto\/\" \/>\n<meta property=\"og:locale\" content=\"en_GB\" \/>\n<meta property=\"og:type\" content=\"article\" \/>\n<meta property=\"og:title\" content=\"Transferts Oporto - Transport priv\u00e9 \u00e0 Porto - Transport de groupe\" \/>\n<meta property=\"og:description\" content=\"Transferts Oporto - Transport priv\u00e9 pour votre groupe \u00e0 Lisbonne. Accueil \u00e0 l\u2019a\u00e9roport et transfert \u00e0 votre logement. Possibilit\u00e9 de faire plus de services.\" \/>\n<meta property=\"og:url\" content=\"https:\/\/stagpartynight.com\/fr\/product\/airport-transports-oporto\/\" \/>\n<meta property=\"og:site_name\" content=\"Nuit de f\u00eate de cerf\" \/>\n<meta property=\"article:modified_time\" content=\"2021-02-04T11:28:43+00:00\" \/>\n<meta property=\"og:image\" content=\"https:\/\/stagpartynight.com\/fr\/wp-content\/uploads\/sites\/3\/2019\/12\/transportation-services-09.png\" \/>\n\t<meta property=\"og:image:width\" content=\"1920\" \/>\n\t<meta property=\"og:image:height\" content=\"796\" \/>\n\t<meta property=\"og:image:type\" content=\"image\/png\" \/>\n<meta name=\"twitter:card\" content=\"summary_large_image\" \/>\n<script type=\"application\/ld+json\" class=\"yoast-schema-graph\">{\"@context\":\"https:\/\/schema.org\",\"@graph\":[{\"@type\":\"WebPage\",\"@id\":\"https:\/\/stagpartynight.com\/fr\/product\/airport-transports-oporto\/\",\"url\":\"https:\/\/stagpartynight.com\/fr\/product\/airport-transports-oporto\/\",\"name\":\"Transferts Oporto - Transport priv\u00e9 \u00e0 Porto - Transport de groupe\",\"isPartOf\":{\"@id\":\"https:\/\/stagpartynight.com\/fr\/#website\"},\"primaryImageOfPage\":{\"@id\":\"https:\/\/stagpartynight.com\/fr\/product\/airport-transports-oporto\/#primaryimage\"},\"image\":{\"@id\":\"https:\/\/stagpartynight.com\/fr\/product\/airport-transports-oporto\/#primaryimage\"},\"thumbnailUrl\":\"https:\/\/stagpartynight.com\/fr\/wp-content\/uploads\/sites\/3\/2019\/12\/transportation-services-09.png\",\"datePublished\":\"2020-01-06T12:40:35+00:00\",\"dateModified\":\"2021-02-04T11:28:43+00:00\",\"description\":\"Transferts Oporto - Transport priv\u00e9 pour votre groupe \u00e0 Lisbonne. Accueil \u00e0 l\u2019a\u00e9roport et transfert \u00e0 votre logement. Possibilit\u00e9 de faire plus de services.\",\"breadcrumb\":{\"@id\":\"https:\/\/stagpartynight.com\/fr\/product\/airport-transports-oporto\/#breadcrumb\"},\"inLanguage\":\"en-GB\",\"potentialAction\":[{\"@type\":\"ReadAction\",\"target\":[\"https:\/\/stagpartynight.com\/fr\/product\/airport-transports-oporto\/\"]}]},{\"@type\":\"ImageObject\",\"inLanguage\":\"en-GB\",\"@id\":\"https:\/\/stagpartynight.com\/fr\/product\/airport-transports-oporto\/#primaryimage\",\"url\":\"https:\/\/stagpartynight.com\/fr\/wp-content\/uploads\/sites\/3\/2019\/12\/transportation-services-09.png\",\"contentUrl\":\"https:\/\/stagpartynight.com\/fr\/wp-content\/uploads\/sites\/3\/2019\/12\/transportation-services-09.png\",\"width\":1920,\"height\":796,\"caption\":\"Transport Priv\u00e9 Valence\"},{\"@type\":\"BreadcrumbList\",\"@id\":\"https:\/\/stagpartynight.com\/fr\/product\/airport-transports-oporto\/#breadcrumb\",\"itemListElement\":[{\"@type\":\"ListItem\",\"position\":1,\"name\":\"Home\",\"item\":\"https:\/\/stagpartynight.com\/fr\/\"},{\"@type\":\"ListItem\",\"position\":2,\"name\":\"Tienda\",\"item\":\"https:\/\/stagpartynight.com\/fr\/tienda\/\"},{\"@type\":\"ListItem\",\"position\":3,\"name\":\"Transferts Oporto\"}]},{\"@type\":\"WebSite\",\"@id\":\"https:\/\/stagpartynight.com\/fr\/#website\",\"url\":\"https:\/\/stagpartynight.com\/fr\/\",\"name\":\"Stag Party Night\",\"description\":\"Your Stag Party Customized\",\"publisher\":{\"@id\":\"https:\/\/stagpartynight.com\/fr\/#organization\"},\"potentialAction\":[{\"@type\":\"SearchAction\",\"target\":{\"@type\":\"EntryPoint\",\"urlTemplate\":\"https:\/\/stagpartynight.com\/fr\/?s={search_term_string}\"},\"query-input\":{\"@type\":\"PropertyValueSpecification\",\"valueRequired\":true,\"valueName\":\"search_term_string\"}}],\"inLanguage\":\"en-GB\"},{\"@type\":\"Organization\",\"@id\":\"https:\/\/stagpartynight.com\/fr\/#organization\",\"name\":\"Stag Party Night\",\"url\":\"https:\/\/stagpartynight.com\/fr\/\",\"logo\":{\"@type\":\"ImageObject\",\"inLanguage\":\"en-GB\",\"@id\":\"https:\/\/stagpartynight.com\/fr\/#\/schema\/logo\/image\/\",\"url\":\"https:\/\/stagpartynight.com\/fr\/wp-content\/uploads\/sites\/3\/2019\/12\/stagpartynight-e1578565505687.png\",\"contentUrl\":\"https:\/\/stagpartynight.com\/fr\/wp-content\/uploads\/sites\/3\/2019\/12\/stagpartynight-e1578565505687.png\",\"width\":400,\"height\":400,\"caption\":\"Stag Party Night\"},\"image\":{\"@id\":\"https:\/\/stagpartynight.com\/fr\/#\/schema\/logo\/image\/\"}}]}<\/script>\n<!-- \/ Yoast SEO plugin. -->","yoast_head_json":{"title":"Transferts Oporto - Transport priv\u00e9 \u00e0 Porto - Transport de groupe","description":"Transferts Oporto - Transport priv\u00e9 pour votre groupe \u00e0 Lisbonne. Accueil \u00e0 l\u2019a\u00e9roport et transfert \u00e0 votre logement. Possibilit\u00e9 de faire plus de services.","robots":{"index":"index","follow":"follow","max-snippet":"max-snippet:-1","max-image-preview":"max-image-preview:large","max-video-preview":"max-video-preview:-1"},"canonical":"https:\/\/stagpartynight.com\/fr\/product\/airport-transports-oporto\/","og_locale":"en_GB","og_type":"article","og_title":"Transferts Oporto - Transport priv\u00e9 \u00e0 Porto - Transport de groupe","og_description":"Transferts Oporto - Transport priv\u00e9 pour votre groupe \u00e0 Lisbonne. Accueil \u00e0 l\u2019a\u00e9roport et transfert \u00e0 votre logement. Possibilit\u00e9 de faire plus de services.","og_url":"https:\/\/stagpartynight.com\/fr\/product\/airport-transports-oporto\/","og_site_name":"Nuit de f\u00eate de cerf","article_modified_time":"2021-02-04T11:28:43+00:00","og_image":[{"width":1920,"height":796,"url":"https:\/\/stagpartynight.com\/fr\/wp-content\/uploads\/sites\/3\/2019\/12\/transportation-services-09.png","type":"image\/png"}],"twitter_card":"summary_large_image","schema":{"@context":"https:\/\/schema.org","@graph":[{"@type":"WebPage","@id":"https:\/\/stagpartynight.com\/fr\/product\/airport-transports-oporto\/","url":"https:\/\/stagpartynight.com\/fr\/product\/airport-transports-oporto\/","name":"Transferts Oporto - Transport priv\u00e9 \u00e0 Porto - Transport de groupe","isPartOf":{"@id":"https:\/\/stagpartynight.com\/fr\/#website"},"primaryImageOfPage":{"@id":"https:\/\/stagpartynight.com\/fr\/product\/airport-transports-oporto\/#primaryimage"},"image":{"@id":"https:\/\/stagpartynight.com\/fr\/product\/airport-transports-oporto\/#primaryimage"},"thumbnailUrl":"https:\/\/stagpartynight.com\/fr\/wp-content\/uploads\/sites\/3\/2019\/12\/transportation-services-09.png","datePublished":"2020-01-06T12:40:35+00:00","dateModified":"2021-02-04T11:28:43+00:00","description":"Transferts Oporto - Transport priv\u00e9 pour votre groupe \u00e0 Lisbonne. Accueil \u00e0 l\u2019a\u00e9roport et transfert \u00e0 votre logement. Possibilit\u00e9 de faire plus de services.","breadcrumb":{"@id":"https:\/\/stagpartynight.com\/fr\/product\/airport-transports-oporto\/#breadcrumb"},"inLanguage":"en-GB","potentialAction":[{"@type":"ReadAction","target":["https:\/\/stagpartynight.com\/fr\/product\/airport-transports-oporto\/"]}]},{"@type":"ImageObject","inLanguage":"en-GB","@id":"https:\/\/stagpartynight.com\/fr\/product\/airport-transports-oporto\/#primaryimage","url":"https:\/\/stagpartynight.com\/fr\/wp-content\/uploads\/sites\/3\/2019\/12\/transportation-services-09.png","contentUrl":"https:\/\/stagpartynight.com\/fr\/wp-content\/uploads\/sites\/3\/2019\/12\/transportation-services-09.png","width":1920,"height":796,"caption":"Transport Priv\u00e9 Valence"},{"@type":"BreadcrumbList","@id":"https:\/\/stagpartynight.com\/fr\/product\/airport-transports-oporto\/#breadcrumb","itemListElement":[{"@type":"ListItem","position":1,"name":"Home","item":"https:\/\/stagpartynight.com\/fr\/"},{"@type":"ListItem","position":2,"name":"Tienda","item":"https:\/\/stagpartynight.com\/fr\/tienda\/"},{"@type":"ListItem","position":3,"name":"Transferts Oporto"}]},{"@type":"WebSite","@id":"https:\/\/stagpartynight.com\/fr\/#website","url":"https:\/\/stagpartynight.com\/fr\/","name":"Stag Party Night","description":"Your Stag Party Customized","publisher":{"@id":"https:\/\/stagpartynight.com\/fr\/#organization"},"potentialAction":[{"@type":"SearchAction","target":{"@type":"EntryPoint","urlTemplate":"https:\/\/stagpartynight.com\/fr\/?s={search_term_string}"},"query-input":{"@type":"PropertyValueSpecification","valueRequired":true,"valueName":"search_term_string"}}],"inLanguage":"en-GB"},{"@type":"Organization","@id":"https:\/\/stagpartynight.com\/fr\/#organization","name":"Stag Party Night","url":"https:\/\/stagpartynight.com\/fr\/","logo":{"@type":"ImageObject","inLanguage":"en-GB","@id":"https:\/\/stagpartynight.com\/fr\/#\/schema\/logo\/image\/","url":"https:\/\/stagpartynight.com\/fr\/wp-content\/uploads\/sites\/3\/2019\/12\/stagpartynight-e1578565505687.png","contentUrl":"https:\/\/stagpartynight.com\/fr\/wp-content\/uploads\/sites\/3\/2019\/12\/stagpartynight-e1578565505687.png","width":400,"height":400,"caption":"Stag Party Night"},"image":{"@id":"https:\/\/stagpartynight.com\/fr\/#\/schema\/logo\/image\/"}}]}},"_links":{"self":[{"href":"https:\/\/stagpartynight.com\/fr\/wp-json\/wp\/v2\/product\/187","targetHints":{"allow":["GET"]}}],"collection":[{"href":"https:\/\/stagpartynight.com\/fr\/wp-json\/wp\/v2\/product"}],"about":[{"href":"https:\/\/stagpartynight.com\/fr\/wp-json\/wp\/v2\/types\/product"}],"replies":[{"embeddable":true,"href":"https:\/\/stagpartynight.com\/fr\/wp-json\/wp\/v2\/comments?post=187"}],"wp:featuredmedia":[{"embeddable":true,"href":"https:\/\/stagpartynight.com\/fr\/wp-json\/wp\/v2\/media\/49"}],"wp:attachment":[{"href":"https:\/\/stagpartynight.com\/fr\/wp-json\/wp\/v2\/media?parent=187"}],"wp:term":[{"taxonomy":"product_brand","embeddable":true,"href":"https:\/\/stagpartynight.com\/fr\/wp-json\/wp\/v2\/product_brand?post=187"},{"taxonomy":"product_cat","embeddable":true,"href":"https:\/\/stagpartynight.com\/fr\/wp-json\/wp\/v2\/product_cat?post=187"},{"taxonomy":"product_tag","embeddable":true,"href":"https:\/\/stagpartynight.com\/fr\/wp-json\/wp\/v2\/product_tag?post=187"}],"curies":[{"name":"wp","href":"https:\/\/api.w.org\/{rel}","templated":true}]}}