{"id":1950,"date":"2021-02-04T17:48:41","date_gmt":"2021-02-04T16:48:41","guid":{"rendered":"https:\/\/stagpartynight.com\/fr\/?post_type=product&#038;p=1950"},"modified":"2021-02-05T11:48:40","modified_gmt":"2021-02-05T10:48:40","slug":"fete-du-bateau-a-marbella","status":"publish","type":"product","link":"https:\/\/stagpartynight.com\/fr\/product\/fete-du-bateau-a-marbella\/","title":{"rendered":"F\u00eate du Bateau \u00e0 Marbella"},"content":{"rendered":"<p>F\u00eate sur un catamaran avec plus de groupes. DJ, open bar, barbecue et animation inclus. Arr\u00eats \u00e0 la mer M\u00e9diterran\u00e9e. Disponible de mai \u00e0 la mi-octobre. Maximum 80 places.<\/p>\n","protected":false},"excerpt":{"rendered":"<p>F\u00eate sur un catamaran avec plus de groupes. DJ, open bar, barbecue et animation inclus. Arr\u00eats \u00e0 la mer M\u00e9diterran\u00e9e. Disponible de mai \u00e0 la mi-octobre. Maximum 80 places.<\/p>\n","protected":false},"featured_media":1328,"comment_status":"open","ping_status":"closed","template":"","meta":{"_et_pb_use_builder":"","_et_pb_old_content":"","_et_gb_content_width":""},"product_brand":[],"product_cat":[214],"product_tag":[484,485],"class_list":{"0":"post-1950","1":"product","2":"type-product","3":"status-publish","4":"has-post-thumbnail","6":"product_cat-marbella","7":"product_tag-fete-du-bateau-a-marbella","8":"product_tag-marbella-party-boat","10":"first","11":"instock","12":"virtual","13":"product-type-simple"},"yoast_head":"<!-- This site is optimized with the Yoast SEO plugin v26.4 - https:\/\/yoast.com\/wordpress\/plugins\/seo\/ -->\n<title>F\u00eate du Bateau \u00e0 Marbella - Marbella Boat Parties - Boat Party \u00e0 Marbella<\/title>\n<meta name=\"description\" content=\"F\u00eate du Bateau \u00e0 Marbella - F\u00eate sur un catamaran avec plus de groupes. DJ, open bar, barbecue et animation inclus. Arr\u00eats \u00e0 la mer M\u00e9diterran\u00e9e. Disponible de mai \u00e0 la mi-octobre.\" \/>\n<meta name=\"robots\" content=\"index, follow, max-snippet:-1, max-image-preview:large, max-video-preview:-1\" \/>\n<link rel=\"canonical\" href=\"https:\/\/stagpartynight.com\/fr\/product\/fete-du-bateau-a-marbella\/\" \/>\n<meta property=\"og:locale\" content=\"en_GB\" \/>\n<meta property=\"og:type\" content=\"article\" \/>\n<meta property=\"og:title\" content=\"F\u00eate du Bateau \u00e0 Marbella - Marbella Boat Parties - Boat Party \u00e0 Marbella\" \/>\n<meta property=\"og:description\" content=\"F\u00eate du Bateau \u00e0 Marbella - F\u00eate sur un catamaran avec plus de groupes. DJ, open bar, barbecue et animation inclus. Arr\u00eats \u00e0 la mer M\u00e9diterran\u00e9e. Disponible de mai \u00e0 la mi-octobre.\" \/>\n<meta property=\"og:url\" content=\"https:\/\/stagpartynight.com\/fr\/product\/fete-du-bateau-a-marbella\/\" \/>\n<meta property=\"og:site_name\" content=\"Nuit de f\u00eate de cerf\" \/>\n<meta property=\"article:modified_time\" content=\"2021-02-05T10:48:40+00:00\" \/>\n<meta property=\"og:image\" content=\"https:\/\/stagpartynight.com\/fr\/wp-content\/uploads\/sites\/3\/2020\/09\/Party-Boat.jpeg\" \/>\n\t<meta property=\"og:image:width\" content=\"720\" \/>\n\t<meta property=\"og:image:height\" content=\"935\" \/>\n\t<meta property=\"og:image:type\" content=\"image\/jpeg\" \/>\n<meta name=\"twitter:card\" content=\"summary_large_image\" \/>\n<script type=\"application\/ld+json\" class=\"yoast-schema-graph\">{\"@context\":\"https:\/\/schema.org\",\"@graph\":[{\"@type\":\"WebPage\",\"@id\":\"https:\/\/stagpartynight.com\/fr\/product\/fete-du-bateau-a-marbella\/\",\"url\":\"https:\/\/stagpartynight.com\/fr\/product\/fete-du-bateau-a-marbella\/\",\"name\":\"F\u00eate du Bateau \u00e0 Marbella - Marbella Boat Parties - Boat Party \u00e0 Marbella\",\"isPartOf\":{\"@id\":\"https:\/\/stagpartynight.com\/fr\/#website\"},\"primaryImageOfPage\":{\"@id\":\"https:\/\/stagpartynight.com\/fr\/product\/fete-du-bateau-a-marbella\/#primaryimage\"},\"image\":{\"@id\":\"https:\/\/stagpartynight.com\/fr\/product\/fete-du-bateau-a-marbella\/#primaryimage\"},\"thumbnailUrl\":\"https:\/\/stagpartynight.com\/fr\/wp-content\/uploads\/sites\/3\/2020\/09\/Party-Boat.jpeg\",\"datePublished\":\"2021-02-04T16:48:41+00:00\",\"dateModified\":\"2021-02-05T10:48:40+00:00\",\"description\":\"F\u00eate du Bateau \u00e0 Marbella - F\u00eate sur un catamaran avec plus de groupes. DJ, open bar, barbecue et animation inclus. Arr\u00eats \u00e0 la mer M\u00e9diterran\u00e9e. Disponible de mai \u00e0 la mi-octobre.\",\"breadcrumb\":{\"@id\":\"https:\/\/stagpartynight.com\/fr\/product\/fete-du-bateau-a-marbella\/#breadcrumb\"},\"inLanguage\":\"en-GB\",\"potentialAction\":[{\"@type\":\"ReadAction\",\"target\":[\"https:\/\/stagpartynight.com\/fr\/product\/fete-du-bateau-a-marbella\/\"]}]},{\"@type\":\"ImageObject\",\"inLanguage\":\"en-GB\",\"@id\":\"https:\/\/stagpartynight.com\/fr\/product\/fete-du-bateau-a-marbella\/#primaryimage\",\"url\":\"https:\/\/stagpartynight.com\/fr\/wp-content\/uploads\/sites\/3\/2020\/09\/Party-Boat.jpeg\",\"contentUrl\":\"https:\/\/stagpartynight.com\/fr\/wp-content\/uploads\/sites\/3\/2020\/09\/Party-Boat.jpeg\",\"width\":720,\"height\":935,\"caption\":\"F\u00eate du bateau \u00e0 Majorque\"},{\"@type\":\"BreadcrumbList\",\"@id\":\"https:\/\/stagpartynight.com\/fr\/product\/fete-du-bateau-a-marbella\/#breadcrumb\",\"itemListElement\":[{\"@type\":\"ListItem\",\"position\":1,\"name\":\"Home\",\"item\":\"https:\/\/stagpartynight.com\/fr\/\"},{\"@type\":\"ListItem\",\"position\":2,\"name\":\"Tienda\",\"item\":\"https:\/\/stagpartynight.com\/fr\/tienda\/\"},{\"@type\":\"ListItem\",\"position\":3,\"name\":\"F\u00eate du Bateau \u00e0 Marbella\"}]},{\"@type\":\"WebSite\",\"@id\":\"https:\/\/stagpartynight.com\/fr\/#website\",\"url\":\"https:\/\/stagpartynight.com\/fr\/\",\"name\":\"Stag Party Night\",\"description\":\"Your Stag Party Customized\",\"publisher\":{\"@id\":\"https:\/\/stagpartynight.com\/fr\/#organization\"},\"potentialAction\":[{\"@type\":\"SearchAction\",\"target\":{\"@type\":\"EntryPoint\",\"urlTemplate\":\"https:\/\/stagpartynight.com\/fr\/?s={search_term_string}\"},\"query-input\":{\"@type\":\"PropertyValueSpecification\",\"valueRequired\":true,\"valueName\":\"search_term_string\"}}],\"inLanguage\":\"en-GB\"},{\"@type\":\"Organization\",\"@id\":\"https:\/\/stagpartynight.com\/fr\/#organization\",\"name\":\"Stag Party Night\",\"url\":\"https:\/\/stagpartynight.com\/fr\/\",\"logo\":{\"@type\":\"ImageObject\",\"inLanguage\":\"en-GB\",\"@id\":\"https:\/\/stagpartynight.com\/fr\/#\/schema\/logo\/image\/\",\"url\":\"https:\/\/stagpartynight.com\/fr\/wp-content\/uploads\/sites\/3\/2019\/12\/stagpartynight-e1578565505687.png\",\"contentUrl\":\"https:\/\/stagpartynight.com\/fr\/wp-content\/uploads\/sites\/3\/2019\/12\/stagpartynight-e1578565505687.png\",\"width\":400,\"height\":400,\"caption\":\"Stag Party Night\"},\"image\":{\"@id\":\"https:\/\/stagpartynight.com\/fr\/#\/schema\/logo\/image\/\"}}]}<\/script>\n<!-- \/ Yoast SEO plugin. -->","yoast_head_json":{"title":"F\u00eate du Bateau \u00e0 Marbella - Marbella Boat Parties - Boat Party \u00e0 Marbella","description":"F\u00eate du Bateau \u00e0 Marbella - F\u00eate sur un catamaran avec plus de groupes. DJ, open bar, barbecue et animation inclus. Arr\u00eats \u00e0 la mer M\u00e9diterran\u00e9e. Disponible de mai \u00e0 la mi-octobre.","robots":{"index":"index","follow":"follow","max-snippet":"max-snippet:-1","max-image-preview":"max-image-preview:large","max-video-preview":"max-video-preview:-1"},"canonical":"https:\/\/stagpartynight.com\/fr\/product\/fete-du-bateau-a-marbella\/","og_locale":"en_GB","og_type":"article","og_title":"F\u00eate du Bateau \u00e0 Marbella - Marbella Boat Parties - Boat Party \u00e0 Marbella","og_description":"F\u00eate du Bateau \u00e0 Marbella - F\u00eate sur un catamaran avec plus de groupes. DJ, open bar, barbecue et animation inclus. Arr\u00eats \u00e0 la mer M\u00e9diterran\u00e9e. Disponible de mai \u00e0 la mi-octobre.","og_url":"https:\/\/stagpartynight.com\/fr\/product\/fete-du-bateau-a-marbella\/","og_site_name":"Nuit de f\u00eate de cerf","article_modified_time":"2021-02-05T10:48:40+00:00","og_image":[{"width":720,"height":935,"url":"https:\/\/stagpartynight.com\/fr\/wp-content\/uploads\/sites\/3\/2020\/09\/Party-Boat.jpeg","type":"image\/jpeg"}],"twitter_card":"summary_large_image","schema":{"@context":"https:\/\/schema.org","@graph":[{"@type":"WebPage","@id":"https:\/\/stagpartynight.com\/fr\/product\/fete-du-bateau-a-marbella\/","url":"https:\/\/stagpartynight.com\/fr\/product\/fete-du-bateau-a-marbella\/","name":"F\u00eate du Bateau \u00e0 Marbella - Marbella Boat Parties - Boat Party \u00e0 Marbella","isPartOf":{"@id":"https:\/\/stagpartynight.com\/fr\/#website"},"primaryImageOfPage":{"@id":"https:\/\/stagpartynight.com\/fr\/product\/fete-du-bateau-a-marbella\/#primaryimage"},"image":{"@id":"https:\/\/stagpartynight.com\/fr\/product\/fete-du-bateau-a-marbella\/#primaryimage"},"thumbnailUrl":"https:\/\/stagpartynight.com\/fr\/wp-content\/uploads\/sites\/3\/2020\/09\/Party-Boat.jpeg","datePublished":"2021-02-04T16:48:41+00:00","dateModified":"2021-02-05T10:48:40+00:00","description":"F\u00eate du Bateau \u00e0 Marbella - F\u00eate sur un catamaran avec plus de groupes. DJ, open bar, barbecue et animation inclus. Arr\u00eats \u00e0 la mer M\u00e9diterran\u00e9e. Disponible de mai \u00e0 la mi-octobre.","breadcrumb":{"@id":"https:\/\/stagpartynight.com\/fr\/product\/fete-du-bateau-a-marbella\/#breadcrumb"},"inLanguage":"en-GB","potentialAction":[{"@type":"ReadAction","target":["https:\/\/stagpartynight.com\/fr\/product\/fete-du-bateau-a-marbella\/"]}]},{"@type":"ImageObject","inLanguage":"en-GB","@id":"https:\/\/stagpartynight.com\/fr\/product\/fete-du-bateau-a-marbella\/#primaryimage","url":"https:\/\/stagpartynight.com\/fr\/wp-content\/uploads\/sites\/3\/2020\/09\/Party-Boat.jpeg","contentUrl":"https:\/\/stagpartynight.com\/fr\/wp-content\/uploads\/sites\/3\/2020\/09\/Party-Boat.jpeg","width":720,"height":935,"caption":"F\u00eate du bateau \u00e0 Majorque"},{"@type":"BreadcrumbList","@id":"https:\/\/stagpartynight.com\/fr\/product\/fete-du-bateau-a-marbella\/#breadcrumb","itemListElement":[{"@type":"ListItem","position":1,"name":"Home","item":"https:\/\/stagpartynight.com\/fr\/"},{"@type":"ListItem","position":2,"name":"Tienda","item":"https:\/\/stagpartynight.com\/fr\/tienda\/"},{"@type":"ListItem","position":3,"name":"F\u00eate du Bateau \u00e0 Marbella"}]},{"@type":"WebSite","@id":"https:\/\/stagpartynight.com\/fr\/#website","url":"https:\/\/stagpartynight.com\/fr\/","name":"Stag Party Night","description":"Your Stag Party Customized","publisher":{"@id":"https:\/\/stagpartynight.com\/fr\/#organization"},"potentialAction":[{"@type":"SearchAction","target":{"@type":"EntryPoint","urlTemplate":"https:\/\/stagpartynight.com\/fr\/?s={search_term_string}"},"query-input":{"@type":"PropertyValueSpecification","valueRequired":true,"valueName":"search_term_string"}}],"inLanguage":"en-GB"},{"@type":"Organization","@id":"https:\/\/stagpartynight.com\/fr\/#organization","name":"Stag Party Night","url":"https:\/\/stagpartynight.com\/fr\/","logo":{"@type":"ImageObject","inLanguage":"en-GB","@id":"https:\/\/stagpartynight.com\/fr\/#\/schema\/logo\/image\/","url":"https:\/\/stagpartynight.com\/fr\/wp-content\/uploads\/sites\/3\/2019\/12\/stagpartynight-e1578565505687.png","contentUrl":"https:\/\/stagpartynight.com\/fr\/wp-content\/uploads\/sites\/3\/2019\/12\/stagpartynight-e1578565505687.png","width":400,"height":400,"caption":"Stag Party Night"},"image":{"@id":"https:\/\/stagpartynight.com\/fr\/#\/schema\/logo\/image\/"}}]}},"_links":{"self":[{"href":"https:\/\/stagpartynight.com\/fr\/wp-json\/wp\/v2\/product\/1950","targetHints":{"allow":["GET"]}}],"collection":[{"href":"https:\/\/stagpartynight.com\/fr\/wp-json\/wp\/v2\/product"}],"about":[{"href":"https:\/\/stagpartynight.com\/fr\/wp-json\/wp\/v2\/types\/product"}],"replies":[{"embeddable":true,"href":"https:\/\/stagpartynight.com\/fr\/wp-json\/wp\/v2\/comments?post=1950"}],"wp:featuredmedia":[{"embeddable":true,"href":"https:\/\/stagpartynight.com\/fr\/wp-json\/wp\/v2\/media\/1328"}],"wp:attachment":[{"href":"https:\/\/stagpartynight.com\/fr\/wp-json\/wp\/v2\/media?parent=1950"}],"wp:term":[{"taxonomy":"product_brand","embeddable":true,"href":"https:\/\/stagpartynight.com\/fr\/wp-json\/wp\/v2\/product_brand?post=1950"},{"taxonomy":"product_cat","embeddable":true,"href":"https:\/\/stagpartynight.com\/fr\/wp-json\/wp\/v2\/product_cat?post=1950"},{"taxonomy":"product_tag","embeddable":true,"href":"https:\/\/stagpartynight.com\/fr\/wp-json\/wp\/v2\/product_tag?post=1950"}],"curies":[{"name":"wp","href":"https:\/\/api.w.org\/{rel}","templated":true}]}}