{"id":1954,"date":"2021-02-04T18:00:14","date_gmt":"2021-02-04T17:00:14","guid":{"rendered":"https:\/\/stagpartynight.com\/fr\/?post_type=product&#038;p=1954"},"modified":"2021-02-04T18:02:58","modified_gmt":"2021-02-04T17:02:58","slug":"strippers-marbella","status":"publish","type":"product","link":"https:\/\/stagpartynight.com\/fr\/product\/strippers-marbella\/","title":{"rendered":"Strippers Marbella"},"content":{"rendered":"<p>Strip-tease priv\u00e9. Participez avec votre groupe \u00e0 un \u00e9v\u00e9nement \u00e9rotique et sensuel. Possibilit\u00e9 de se produire dans un appartement, un pub, un restaurant avec salle priv\u00e9e ou une limousine.<\/p>\n","protected":false},"excerpt":{"rendered":"<p>Strip-tease priv\u00e9. Participez avec votre groupe \u00e0 un \u00e9v\u00e9nement \u00e9rotique et sensuel. Possibilit\u00e9 de se produire dans un appartement, un pub, un restaurant avec salle priv\u00e9e ou une limousine.<\/p>\n","protected":false},"featured_media":1769,"comment_status":"open","ping_status":"closed","template":"","meta":{"_et_pb_use_builder":"","_et_pb_old_content":"","_et_gb_content_width":""},"product_brand":[],"product_cat":[214],"product_tag":[489,491,490],"class_list":{"0":"post-1954","1":"product","2":"type-product","3":"status-publish","4":"has-post-thumbnail","6":"product_cat-marbella","7":"product_tag-girls-a-marbella","8":"product_tag-striper-a-marbella","9":"product_tag-strippers-marbella","11":"first","12":"instock","13":"virtual","14":"product-type-simple"},"yoast_head":"<!-- This site is optimized with the Yoast SEO plugin v26.4 - https:\/\/yoast.com\/wordpress\/plugins\/seo\/ -->\n<title>Strippers Marbella - Girls \u00e0 Marbella - Striper \u00e0 Marbella - Stipers<\/title>\n<meta name=\"description\" content=\"Strippers Marbella - Strip-tease priv\u00e9. Participez avec votre groupe \u00e0 un \u00e9v\u00e9nement \u00e9rotique et sensuel - Striper Marbella - Streaptease \u00e0 Marbella\" \/>\n<meta name=\"robots\" content=\"index, follow, max-snippet:-1, max-image-preview:large, max-video-preview:-1\" \/>\n<link rel=\"canonical\" href=\"https:\/\/stagpartynight.com\/fr\/product\/strippers-marbella\/\" \/>\n<meta property=\"og:locale\" content=\"en_GB\" \/>\n<meta property=\"og:type\" content=\"article\" \/>\n<meta property=\"og:title\" content=\"Strippers Marbella - Girls \u00e0 Marbella - Striper \u00e0 Marbella - Stipers\" \/>\n<meta property=\"og:description\" content=\"Strippers Marbella - Strip-tease priv\u00e9. Participez avec votre groupe \u00e0 un \u00e9v\u00e9nement \u00e9rotique et sensuel - Striper Marbella - Streaptease \u00e0 Marbella\" \/>\n<meta property=\"og:url\" content=\"https:\/\/stagpartynight.com\/fr\/product\/strippers-marbella\/\" \/>\n<meta property=\"og:site_name\" content=\"Nuit de f\u00eate de cerf\" \/>\n<meta property=\"article:modified_time\" content=\"2021-02-04T17:02:58+00:00\" \/>\n<meta property=\"og:image\" content=\"https:\/\/stagpartynight.com\/fr\/wp-content\/uploads\/sites\/3\/2021\/01\/Girls-1.jpeg\" \/>\n\t<meta property=\"og:image:width\" content=\"926\" \/>\n\t<meta property=\"og:image:height\" content=\"1240\" \/>\n\t<meta property=\"og:image:type\" content=\"image\/jpeg\" \/>\n<meta name=\"twitter:card\" content=\"summary_large_image\" \/>\n<script type=\"application\/ld+json\" class=\"yoast-schema-graph\">{\"@context\":\"https:\/\/schema.org\",\"@graph\":[{\"@type\":\"WebPage\",\"@id\":\"https:\/\/stagpartynight.com\/fr\/product\/strippers-marbella\/\",\"url\":\"https:\/\/stagpartynight.com\/fr\/product\/strippers-marbella\/\",\"name\":\"Strippers Marbella - Girls \u00e0 Marbella - Striper \u00e0 Marbella - Stipers\",\"isPartOf\":{\"@id\":\"https:\/\/stagpartynight.com\/fr\/#website\"},\"primaryImageOfPage\":{\"@id\":\"https:\/\/stagpartynight.com\/fr\/product\/strippers-marbella\/#primaryimage\"},\"image\":{\"@id\":\"https:\/\/stagpartynight.com\/fr\/product\/strippers-marbella\/#primaryimage\"},\"thumbnailUrl\":\"https:\/\/stagpartynight.com\/fr\/wp-content\/uploads\/sites\/3\/2021\/01\/Girls-1.jpeg\",\"datePublished\":\"2021-02-04T17:00:14+00:00\",\"dateModified\":\"2021-02-04T17:02:58+00:00\",\"description\":\"Strippers Marbella - Strip-tease priv\u00e9. Participez avec votre groupe \u00e0 un \u00e9v\u00e9nement \u00e9rotique et sensuel - Striper Marbella - Streaptease \u00e0 Marbella\",\"breadcrumb\":{\"@id\":\"https:\/\/stagpartynight.com\/fr\/product\/strippers-marbella\/#breadcrumb\"},\"inLanguage\":\"en-GB\",\"potentialAction\":[{\"@type\":\"ReadAction\",\"target\":[\"https:\/\/stagpartynight.com\/fr\/product\/strippers-marbella\/\"]}]},{\"@type\":\"ImageObject\",\"inLanguage\":\"en-GB\",\"@id\":\"https:\/\/stagpartynight.com\/fr\/product\/strippers-marbella\/#primaryimage\",\"url\":\"https:\/\/stagpartynight.com\/fr\/wp-content\/uploads\/sites\/3\/2021\/01\/Girls-1.jpeg\",\"contentUrl\":\"https:\/\/stagpartynight.com\/fr\/wp-content\/uploads\/sites\/3\/2021\/01\/Girls-1.jpeg\",\"width\":926,\"height\":1240,\"caption\":\"Sexy Wake Up Benidorm\"},{\"@type\":\"BreadcrumbList\",\"@id\":\"https:\/\/stagpartynight.com\/fr\/product\/strippers-marbella\/#breadcrumb\",\"itemListElement\":[{\"@type\":\"ListItem\",\"position\":1,\"name\":\"Home\",\"item\":\"https:\/\/stagpartynight.com\/fr\/\"},{\"@type\":\"ListItem\",\"position\":2,\"name\":\"Tienda\",\"item\":\"https:\/\/stagpartynight.com\/fr\/tienda\/\"},{\"@type\":\"ListItem\",\"position\":3,\"name\":\"Strippers Marbella\"}]},{\"@type\":\"WebSite\",\"@id\":\"https:\/\/stagpartynight.com\/fr\/#website\",\"url\":\"https:\/\/stagpartynight.com\/fr\/\",\"name\":\"Stag Party Night\",\"description\":\"Your Stag Party Customized\",\"publisher\":{\"@id\":\"https:\/\/stagpartynight.com\/fr\/#organization\"},\"potentialAction\":[{\"@type\":\"SearchAction\",\"target\":{\"@type\":\"EntryPoint\",\"urlTemplate\":\"https:\/\/stagpartynight.com\/fr\/?s={search_term_string}\"},\"query-input\":{\"@type\":\"PropertyValueSpecification\",\"valueRequired\":true,\"valueName\":\"search_term_string\"}}],\"inLanguage\":\"en-GB\"},{\"@type\":\"Organization\",\"@id\":\"https:\/\/stagpartynight.com\/fr\/#organization\",\"name\":\"Stag Party Night\",\"url\":\"https:\/\/stagpartynight.com\/fr\/\",\"logo\":{\"@type\":\"ImageObject\",\"inLanguage\":\"en-GB\",\"@id\":\"https:\/\/stagpartynight.com\/fr\/#\/schema\/logo\/image\/\",\"url\":\"https:\/\/stagpartynight.com\/fr\/wp-content\/uploads\/sites\/3\/2019\/12\/stagpartynight-e1578565505687.png\",\"contentUrl\":\"https:\/\/stagpartynight.com\/fr\/wp-content\/uploads\/sites\/3\/2019\/12\/stagpartynight-e1578565505687.png\",\"width\":400,\"height\":400,\"caption\":\"Stag Party Night\"},\"image\":{\"@id\":\"https:\/\/stagpartynight.com\/fr\/#\/schema\/logo\/image\/\"}}]}<\/script>\n<!-- \/ Yoast SEO plugin. -->","yoast_head_json":{"title":"Strippers Marbella - Girls \u00e0 Marbella - Striper \u00e0 Marbella - Stipers","description":"Strippers Marbella - Strip-tease priv\u00e9. Participez avec votre groupe \u00e0 un \u00e9v\u00e9nement \u00e9rotique et sensuel - Striper Marbella - Streaptease \u00e0 Marbella","robots":{"index":"index","follow":"follow","max-snippet":"max-snippet:-1","max-image-preview":"max-image-preview:large","max-video-preview":"max-video-preview:-1"},"canonical":"https:\/\/stagpartynight.com\/fr\/product\/strippers-marbella\/","og_locale":"en_GB","og_type":"article","og_title":"Strippers Marbella - Girls \u00e0 Marbella - Striper \u00e0 Marbella - Stipers","og_description":"Strippers Marbella - Strip-tease priv\u00e9. Participez avec votre groupe \u00e0 un \u00e9v\u00e9nement \u00e9rotique et sensuel - Striper Marbella - Streaptease \u00e0 Marbella","og_url":"https:\/\/stagpartynight.com\/fr\/product\/strippers-marbella\/","og_site_name":"Nuit de f\u00eate de cerf","article_modified_time":"2021-02-04T17:02:58+00:00","og_image":[{"width":926,"height":1240,"url":"https:\/\/stagpartynight.com\/fr\/wp-content\/uploads\/sites\/3\/2021\/01\/Girls-1.jpeg","type":"image\/jpeg"}],"twitter_card":"summary_large_image","schema":{"@context":"https:\/\/schema.org","@graph":[{"@type":"WebPage","@id":"https:\/\/stagpartynight.com\/fr\/product\/strippers-marbella\/","url":"https:\/\/stagpartynight.com\/fr\/product\/strippers-marbella\/","name":"Strippers Marbella - Girls \u00e0 Marbella - Striper \u00e0 Marbella - Stipers","isPartOf":{"@id":"https:\/\/stagpartynight.com\/fr\/#website"},"primaryImageOfPage":{"@id":"https:\/\/stagpartynight.com\/fr\/product\/strippers-marbella\/#primaryimage"},"image":{"@id":"https:\/\/stagpartynight.com\/fr\/product\/strippers-marbella\/#primaryimage"},"thumbnailUrl":"https:\/\/stagpartynight.com\/fr\/wp-content\/uploads\/sites\/3\/2021\/01\/Girls-1.jpeg","datePublished":"2021-02-04T17:00:14+00:00","dateModified":"2021-02-04T17:02:58+00:00","description":"Strippers Marbella - Strip-tease priv\u00e9. Participez avec votre groupe \u00e0 un \u00e9v\u00e9nement \u00e9rotique et sensuel - Striper Marbella - Streaptease \u00e0 Marbella","breadcrumb":{"@id":"https:\/\/stagpartynight.com\/fr\/product\/strippers-marbella\/#breadcrumb"},"inLanguage":"en-GB","potentialAction":[{"@type":"ReadAction","target":["https:\/\/stagpartynight.com\/fr\/product\/strippers-marbella\/"]}]},{"@type":"ImageObject","inLanguage":"en-GB","@id":"https:\/\/stagpartynight.com\/fr\/product\/strippers-marbella\/#primaryimage","url":"https:\/\/stagpartynight.com\/fr\/wp-content\/uploads\/sites\/3\/2021\/01\/Girls-1.jpeg","contentUrl":"https:\/\/stagpartynight.com\/fr\/wp-content\/uploads\/sites\/3\/2021\/01\/Girls-1.jpeg","width":926,"height":1240,"caption":"Sexy Wake Up Benidorm"},{"@type":"BreadcrumbList","@id":"https:\/\/stagpartynight.com\/fr\/product\/strippers-marbella\/#breadcrumb","itemListElement":[{"@type":"ListItem","position":1,"name":"Home","item":"https:\/\/stagpartynight.com\/fr\/"},{"@type":"ListItem","position":2,"name":"Tienda","item":"https:\/\/stagpartynight.com\/fr\/tienda\/"},{"@type":"ListItem","position":3,"name":"Strippers Marbella"}]},{"@type":"WebSite","@id":"https:\/\/stagpartynight.com\/fr\/#website","url":"https:\/\/stagpartynight.com\/fr\/","name":"Stag Party Night","description":"Your Stag Party Customized","publisher":{"@id":"https:\/\/stagpartynight.com\/fr\/#organization"},"potentialAction":[{"@type":"SearchAction","target":{"@type":"EntryPoint","urlTemplate":"https:\/\/stagpartynight.com\/fr\/?s={search_term_string}"},"query-input":{"@type":"PropertyValueSpecification","valueRequired":true,"valueName":"search_term_string"}}],"inLanguage":"en-GB"},{"@type":"Organization","@id":"https:\/\/stagpartynight.com\/fr\/#organization","name":"Stag Party Night","url":"https:\/\/stagpartynight.com\/fr\/","logo":{"@type":"ImageObject","inLanguage":"en-GB","@id":"https:\/\/stagpartynight.com\/fr\/#\/schema\/logo\/image\/","url":"https:\/\/stagpartynight.com\/fr\/wp-content\/uploads\/sites\/3\/2019\/12\/stagpartynight-e1578565505687.png","contentUrl":"https:\/\/stagpartynight.com\/fr\/wp-content\/uploads\/sites\/3\/2019\/12\/stagpartynight-e1578565505687.png","width":400,"height":400,"caption":"Stag Party Night"},"image":{"@id":"https:\/\/stagpartynight.com\/fr\/#\/schema\/logo\/image\/"}}]}},"_links":{"self":[{"href":"https:\/\/stagpartynight.com\/fr\/wp-json\/wp\/v2\/product\/1954","targetHints":{"allow":["GET"]}}],"collection":[{"href":"https:\/\/stagpartynight.com\/fr\/wp-json\/wp\/v2\/product"}],"about":[{"href":"https:\/\/stagpartynight.com\/fr\/wp-json\/wp\/v2\/types\/product"}],"replies":[{"embeddable":true,"href":"https:\/\/stagpartynight.com\/fr\/wp-json\/wp\/v2\/comments?post=1954"}],"wp:featuredmedia":[{"embeddable":true,"href":"https:\/\/stagpartynight.com\/fr\/wp-json\/wp\/v2\/media\/1769"}],"wp:attachment":[{"href":"https:\/\/stagpartynight.com\/fr\/wp-json\/wp\/v2\/media?parent=1954"}],"wp:term":[{"taxonomy":"product_brand","embeddable":true,"href":"https:\/\/stagpartynight.com\/fr\/wp-json\/wp\/v2\/product_brand?post=1954"},{"taxonomy":"product_cat","embeddable":true,"href":"https:\/\/stagpartynight.com\/fr\/wp-json\/wp\/v2\/product_cat?post=1954"},{"taxonomy":"product_tag","embeddable":true,"href":"https:\/\/stagpartynight.com\/fr\/wp-json\/wp\/v2\/product_tag?post=1954"}],"curies":[{"name":"wp","href":"https:\/\/api.w.org\/{rel}","templated":true}]}}