{"id":1983,"date":"2021-02-05T11:32:25","date_gmt":"2021-02-05T10:32:25","guid":{"rendered":"https:\/\/stagpartynight.com\/fr\/?post_type=product&#038;p=1983"},"modified":"2024-01-18T12:25:58","modified_gmt":"2024-01-18T11:25:58","slug":"lesbienne-strip-a-majorque","status":"publish","type":"product","link":"https:\/\/stagpartynight.com\/fr\/product\/lesbienne-strip-a-majorque\/","title":{"rendered":"Lesbienne strip \u00e0 Majorque"},"content":{"rendered":"<p>Lesbienne strip \u00e0 Majorque. Surprenez le mari\u00e9 avec un spectacle lesbien unique et sp\u00e9cial. Spectacle \u00e9rotique, amusant et participatif. Possibilit\u00e9 de choisir les stripteaseuses. Possibilit\u00e9 de se d\u00e9placer \u00e0 votre appartement, villa, restaurant, bar avec salon priv\u00e9 ou m\u00eame en limousine.<\/p>\n<p>Les meilleurs enterrements de vie de gar\u00e7on\u00a0 <a href=\"https:\/\/stagpartynight.com\/\">StagParty<\/a>!<\/p>\n<h2 style=\"text-align: center;\"><span style=\"vertical-align: inherit;\"><span style=\"vertical-align: inherit;\">Lesbienne strip \u00e0 Majorque\ud83d\udd25<\/span><\/span><\/h2>\n<h4>Faites l&#8217;exp\u00e9rience de la sensualit\u00e9 et de l&#8217;amusement : un strip-tease non pas par une fille mais par deux ! \ud83d\udd25<\/h4>\n<p>R\u00e9servez un moment de pur \u00e9rotisme et de plaisir avec notre spectacle exclusif de danse sensuelle de quinze minutes. Deux danseuses exclusivement pour vous, apportant une touche de sensualit\u00e9 et de plaisir l\u00e0 o\u00f9 vous le souhaitez, accompagn\u00e9es de leur musique choisie pour l&#8217;occasion.<\/p>\n<p>Si l&#8217;une est sexy, les deux ensemble sont l&#8217;\u00e9rotisme dans sa forme la plus pure :<\/p>\n<p>Nous savons tous \u00e0 quel point un strip-tease est sexy et fait monter la temp\u00e9rature avec la danseuse, imaginez ce qu&#8217;il en est \u00e0 deux. Ils sont tr\u00e8s affectueux l&#8217;un envers l&#8217;autre, se touchant, se frottant, s&#8217;aidant m\u00eame \u00e0 se d\u00e9shabiller&#8230;..<\/p>\n<p>\ud83d\udc83 Une exp\u00e9rience \u00e0 votre mesure :<\/p>\n<p>Ce spectacle tourne autour du mari\u00e9. Les danseurs se d\u00e9placent l\u00e0 o\u00f9 vous le souhaitez, garantissant une exp\u00e9rience personnalis\u00e9e et unique. Dans un cadre intime \u00e0 la maison ou dans un endroit sp\u00e9cial, pr\u00e9parez-vous \u00e0 \u00eatre la star d&#8217;un spectacle inoubliable.<\/p>\n<p>\ud83d\udd25 Un spectacle qui laisse une impression durable :<\/p>\n<p>L&#8217;atmosph\u00e8re sensuelle, la temp\u00e9rature qui monte et tous vos amis qui s&#8217;\u00e9merveillent de la qualit\u00e9 de la danse et de l&#8217;affection des danseurs. Chaque mouvement est con\u00e7u pour \u00e9veiller&#8230; \u00a1<br \/>\nProfitez du p\u00e9ch\u00e9 \u00e0<a href=\"https:\/\/es.wikipedia.org\/wiki\/Palma_de_Mallorca\"> Palma de Majorque<\/a> ou \u00e0 Magaluf !<\/p>\n<p>R\u00e9servez d\u00e8s maintenant notre lesbienne strip \u00e0 Majorque !<\/p>\n","protected":false},"excerpt":{"rendered":"<p><span style=\"vertical-align: inherit;\"><span style=\"vertical-align: inherit;\">Haz que el evento de tu mejor amigo sea especial y \u00fanico. <\/span><span style=\"vertical-align: inherit;\">El striptease l\u00e9sbico es un espect\u00e1culo sensual, er\u00f3tico, festivo y participativo. <\/span><span style=\"vertical-align: inherit;\">Disfruta el momento y guarda el recuerdo para siempre.<\/span><\/span><\/p>\n","protected":false},"featured_media":1759,"comment_status":"open","ping_status":"closed","template":"","meta":{"_et_pb_use_builder":"","_et_pb_old_content":"","_et_gb_content_width":""},"product_brand":[],"product_cat":[504],"product_tag":[512,513,511,514],"class_list":{"0":"post-1983","1":"product","2":"type-product","3":"status-publish","4":"has-post-thumbnail","6":"product_cat-mallorca","7":"product_tag-girls-lesbiennes-a-mallorca","8":"product_tag-lesbian-show-mallorca","9":"product_tag-lesbienne-strip-a-majorque","10":"product_tag-lesbiennes-a-majorque","12":"first","13":"instock","14":"virtual","15":"product-type-simple"},"yoast_head":"<!-- This site is optimized with the Yoast SEO plugin v26.4 - https:\/\/yoast.com\/wordpress\/plugins\/seo\/ -->\n<title>Lesbienne strip \u00e0 Majorque<\/title>\n<meta name=\"description\" content=\"Lesbienne strip \u00e0 Majorque - Le strip-tease lesbien est un spectacle sensuel, \u00e9rotique, festif et participatif - Streaptease lesbico - Hot Girls - Mallorca\" \/>\n<meta name=\"robots\" content=\"index, follow, max-snippet:-1, max-image-preview:large, max-video-preview:-1\" \/>\n<link rel=\"canonical\" href=\"https:\/\/stagpartynight.com\/fr\/product\/lesbienne-strip-a-majorque\/\" \/>\n<meta property=\"og:locale\" content=\"en_GB\" \/>\n<meta property=\"og:type\" content=\"article\" \/>\n<meta property=\"og:title\" content=\"Lesbienne strip \u00e0 Majorque\" \/>\n<meta property=\"og:description\" content=\"Lesbienne strip \u00e0 Majorque - Le strip-tease lesbien est un spectacle sensuel, \u00e9rotique, festif et participatif - Streaptease lesbico - Hot Girls - Mallorca\" \/>\n<meta property=\"og:url\" content=\"https:\/\/stagpartynight.com\/fr\/product\/lesbienne-strip-a-majorque\/\" \/>\n<meta property=\"og:site_name\" content=\"Nuit de f\u00eate de cerf\" \/>\n<meta property=\"article:modified_time\" content=\"2024-01-18T11:25:58+00:00\" \/>\n<meta property=\"og:image\" content=\"https:\/\/stagpartynight.com\/fr\/wp-content\/uploads\/sites\/3\/2020\/01\/lesbian-show.jpg\" \/>\n\t<meta property=\"og:image:width\" content=\"919\" \/>\n\t<meta property=\"og:image:height\" content=\"1074\" \/>\n\t<meta property=\"og:image:type\" content=\"image\/jpeg\" \/>\n<meta name=\"twitter:card\" content=\"summary_large_image\" \/>\n<meta name=\"twitter:label1\" content=\"Estimated reading time\" \/>\n\t<meta name=\"twitter:data1\" content=\"2 minutes\" \/>\n<script type=\"application\/ld+json\" class=\"yoast-schema-graph\">{\"@context\":\"https:\/\/schema.org\",\"@graph\":[{\"@type\":\"WebPage\",\"@id\":\"https:\/\/stagpartynight.com\/fr\/product\/lesbienne-strip-a-majorque\/\",\"url\":\"https:\/\/stagpartynight.com\/fr\/product\/lesbienne-strip-a-majorque\/\",\"name\":\"Lesbienne strip \u00e0 Majorque\",\"isPartOf\":{\"@id\":\"https:\/\/stagpartynight.com\/fr\/#website\"},\"primaryImageOfPage\":{\"@id\":\"https:\/\/stagpartynight.com\/fr\/product\/lesbienne-strip-a-majorque\/#primaryimage\"},\"image\":{\"@id\":\"https:\/\/stagpartynight.com\/fr\/product\/lesbienne-strip-a-majorque\/#primaryimage\"},\"thumbnailUrl\":\"https:\/\/stagpartynight.com\/fr\/wp-content\/uploads\/sites\/3\/2020\/01\/lesbian-show.jpg\",\"datePublished\":\"2021-02-05T10:32:25+00:00\",\"dateModified\":\"2024-01-18T11:25:58+00:00\",\"description\":\"Lesbienne strip \u00e0 Majorque - Le strip-tease lesbien est un spectacle sensuel, \u00e9rotique, festif et participatif - Streaptease lesbico - Hot Girls - Mallorca\",\"breadcrumb\":{\"@id\":\"https:\/\/stagpartynight.com\/fr\/product\/lesbienne-strip-a-majorque\/#breadcrumb\"},\"inLanguage\":\"en-GB\",\"potentialAction\":[{\"@type\":\"ReadAction\",\"target\":[\"https:\/\/stagpartynight.com\/fr\/product\/lesbienne-strip-a-majorque\/\"]}]},{\"@type\":\"ImageObject\",\"inLanguage\":\"en-GB\",\"@id\":\"https:\/\/stagpartynight.com\/fr\/product\/lesbienne-strip-a-majorque\/#primaryimage\",\"url\":\"https:\/\/stagpartynight.com\/fr\/wp-content\/uploads\/sites\/3\/2020\/01\/lesbian-show.jpg\",\"contentUrl\":\"https:\/\/stagpartynight.com\/fr\/wp-content\/uploads\/sites\/3\/2020\/01\/lesbian-show.jpg\",\"width\":919,\"height\":1074,\"caption\":\"Lesbienne strip \u00e0 Majorque\"},{\"@type\":\"BreadcrumbList\",\"@id\":\"https:\/\/stagpartynight.com\/fr\/product\/lesbienne-strip-a-majorque\/#breadcrumb\",\"itemListElement\":[{\"@type\":\"ListItem\",\"position\":1,\"name\":\"Home\",\"item\":\"https:\/\/stagpartynight.com\/fr\/\"},{\"@type\":\"ListItem\",\"position\":2,\"name\":\"Tienda\",\"item\":\"https:\/\/stagpartynight.com\/fr\/tienda\/\"},{\"@type\":\"ListItem\",\"position\":3,\"name\":\"Lesbienne strip \u00e0 Majorque\"}]},{\"@type\":\"WebSite\",\"@id\":\"https:\/\/stagpartynight.com\/fr\/#website\",\"url\":\"https:\/\/stagpartynight.com\/fr\/\",\"name\":\"Stag Party Night\",\"description\":\"Your Stag Party Customized\",\"publisher\":{\"@id\":\"https:\/\/stagpartynight.com\/fr\/#organization\"},\"potentialAction\":[{\"@type\":\"SearchAction\",\"target\":{\"@type\":\"EntryPoint\",\"urlTemplate\":\"https:\/\/stagpartynight.com\/fr\/?s={search_term_string}\"},\"query-input\":{\"@type\":\"PropertyValueSpecification\",\"valueRequired\":true,\"valueName\":\"search_term_string\"}}],\"inLanguage\":\"en-GB\"},{\"@type\":\"Organization\",\"@id\":\"https:\/\/stagpartynight.com\/fr\/#organization\",\"name\":\"Stag Party Night\",\"url\":\"https:\/\/stagpartynight.com\/fr\/\",\"logo\":{\"@type\":\"ImageObject\",\"inLanguage\":\"en-GB\",\"@id\":\"https:\/\/stagpartynight.com\/fr\/#\/schema\/logo\/image\/\",\"url\":\"https:\/\/stagpartynight.com\/fr\/wp-content\/uploads\/sites\/3\/2019\/12\/stagpartynight-e1578565505687.png\",\"contentUrl\":\"https:\/\/stagpartynight.com\/fr\/wp-content\/uploads\/sites\/3\/2019\/12\/stagpartynight-e1578565505687.png\",\"width\":400,\"height\":400,\"caption\":\"Stag Party Night\"},\"image\":{\"@id\":\"https:\/\/stagpartynight.com\/fr\/#\/schema\/logo\/image\/\"}}]}<\/script>\n<!-- \/ Yoast SEO plugin. -->","yoast_head_json":{"title":"Lesbienne strip \u00e0 Majorque","description":"Lesbienne strip \u00e0 Majorque - Le strip-tease lesbien est un spectacle sensuel, \u00e9rotique, festif et participatif - Streaptease lesbico - Hot Girls - Mallorca","robots":{"index":"index","follow":"follow","max-snippet":"max-snippet:-1","max-image-preview":"max-image-preview:large","max-video-preview":"max-video-preview:-1"},"canonical":"https:\/\/stagpartynight.com\/fr\/product\/lesbienne-strip-a-majorque\/","og_locale":"en_GB","og_type":"article","og_title":"Lesbienne strip \u00e0 Majorque","og_description":"Lesbienne strip \u00e0 Majorque - Le strip-tease lesbien est un spectacle sensuel, \u00e9rotique, festif et participatif - Streaptease lesbico - Hot Girls - Mallorca","og_url":"https:\/\/stagpartynight.com\/fr\/product\/lesbienne-strip-a-majorque\/","og_site_name":"Nuit de f\u00eate de cerf","article_modified_time":"2024-01-18T11:25:58+00:00","og_image":[{"width":919,"height":1074,"url":"https:\/\/stagpartynight.com\/fr\/wp-content\/uploads\/sites\/3\/2020\/01\/lesbian-show.jpg","type":"image\/jpeg"}],"twitter_card":"summary_large_image","twitter_misc":{"Estimated reading time":"2 minutes"},"schema":{"@context":"https:\/\/schema.org","@graph":[{"@type":"WebPage","@id":"https:\/\/stagpartynight.com\/fr\/product\/lesbienne-strip-a-majorque\/","url":"https:\/\/stagpartynight.com\/fr\/product\/lesbienne-strip-a-majorque\/","name":"Lesbienne strip \u00e0 Majorque","isPartOf":{"@id":"https:\/\/stagpartynight.com\/fr\/#website"},"primaryImageOfPage":{"@id":"https:\/\/stagpartynight.com\/fr\/product\/lesbienne-strip-a-majorque\/#primaryimage"},"image":{"@id":"https:\/\/stagpartynight.com\/fr\/product\/lesbienne-strip-a-majorque\/#primaryimage"},"thumbnailUrl":"https:\/\/stagpartynight.com\/fr\/wp-content\/uploads\/sites\/3\/2020\/01\/lesbian-show.jpg","datePublished":"2021-02-05T10:32:25+00:00","dateModified":"2024-01-18T11:25:58+00:00","description":"Lesbienne strip \u00e0 Majorque - Le strip-tease lesbien est un spectacle sensuel, \u00e9rotique, festif et participatif - Streaptease lesbico - Hot Girls - Mallorca","breadcrumb":{"@id":"https:\/\/stagpartynight.com\/fr\/product\/lesbienne-strip-a-majorque\/#breadcrumb"},"inLanguage":"en-GB","potentialAction":[{"@type":"ReadAction","target":["https:\/\/stagpartynight.com\/fr\/product\/lesbienne-strip-a-majorque\/"]}]},{"@type":"ImageObject","inLanguage":"en-GB","@id":"https:\/\/stagpartynight.com\/fr\/product\/lesbienne-strip-a-majorque\/#primaryimage","url":"https:\/\/stagpartynight.com\/fr\/wp-content\/uploads\/sites\/3\/2020\/01\/lesbian-show.jpg","contentUrl":"https:\/\/stagpartynight.com\/fr\/wp-content\/uploads\/sites\/3\/2020\/01\/lesbian-show.jpg","width":919,"height":1074,"caption":"Lesbienne strip \u00e0 Majorque"},{"@type":"BreadcrumbList","@id":"https:\/\/stagpartynight.com\/fr\/product\/lesbienne-strip-a-majorque\/#breadcrumb","itemListElement":[{"@type":"ListItem","position":1,"name":"Home","item":"https:\/\/stagpartynight.com\/fr\/"},{"@type":"ListItem","position":2,"name":"Tienda","item":"https:\/\/stagpartynight.com\/fr\/tienda\/"},{"@type":"ListItem","position":3,"name":"Lesbienne strip \u00e0 Majorque"}]},{"@type":"WebSite","@id":"https:\/\/stagpartynight.com\/fr\/#website","url":"https:\/\/stagpartynight.com\/fr\/","name":"Stag Party Night","description":"Your Stag Party Customized","publisher":{"@id":"https:\/\/stagpartynight.com\/fr\/#organization"},"potentialAction":[{"@type":"SearchAction","target":{"@type":"EntryPoint","urlTemplate":"https:\/\/stagpartynight.com\/fr\/?s={search_term_string}"},"query-input":{"@type":"PropertyValueSpecification","valueRequired":true,"valueName":"search_term_string"}}],"inLanguage":"en-GB"},{"@type":"Organization","@id":"https:\/\/stagpartynight.com\/fr\/#organization","name":"Stag Party Night","url":"https:\/\/stagpartynight.com\/fr\/","logo":{"@type":"ImageObject","inLanguage":"en-GB","@id":"https:\/\/stagpartynight.com\/fr\/#\/schema\/logo\/image\/","url":"https:\/\/stagpartynight.com\/fr\/wp-content\/uploads\/sites\/3\/2019\/12\/stagpartynight-e1578565505687.png","contentUrl":"https:\/\/stagpartynight.com\/fr\/wp-content\/uploads\/sites\/3\/2019\/12\/stagpartynight-e1578565505687.png","width":400,"height":400,"caption":"Stag Party Night"},"image":{"@id":"https:\/\/stagpartynight.com\/fr\/#\/schema\/logo\/image\/"}}]}},"_links":{"self":[{"href":"https:\/\/stagpartynight.com\/fr\/wp-json\/wp\/v2\/product\/1983","targetHints":{"allow":["GET"]}}],"collection":[{"href":"https:\/\/stagpartynight.com\/fr\/wp-json\/wp\/v2\/product"}],"about":[{"href":"https:\/\/stagpartynight.com\/fr\/wp-json\/wp\/v2\/types\/product"}],"replies":[{"embeddable":true,"href":"https:\/\/stagpartynight.com\/fr\/wp-json\/wp\/v2\/comments?post=1983"}],"wp:featuredmedia":[{"embeddable":true,"href":"https:\/\/stagpartynight.com\/fr\/wp-json\/wp\/v2\/media\/1759"}],"wp:attachment":[{"href":"https:\/\/stagpartynight.com\/fr\/wp-json\/wp\/v2\/media?parent=1983"}],"wp:term":[{"taxonomy":"product_brand","embeddable":true,"href":"https:\/\/stagpartynight.com\/fr\/wp-json\/wp\/v2\/product_brand?post=1983"},{"taxonomy":"product_cat","embeddable":true,"href":"https:\/\/stagpartynight.com\/fr\/wp-json\/wp\/v2\/product_cat?post=1983"},{"taxonomy":"product_tag","embeddable":true,"href":"https:\/\/stagpartynight.com\/fr\/wp-json\/wp\/v2\/product_tag?post=1983"}],"curies":[{"name":"wp","href":"https:\/\/api.w.org\/{rel}","templated":true}]}}