{"id":1984,"date":"2021-02-05T11:35:33","date_gmt":"2021-02-05T10:35:33","guid":{"rendered":"https:\/\/stagpartynight.com\/fr\/?post_type=product&#038;p=1984"},"modified":"2024-01-18T12:25:57","modified_gmt":"2024-01-18T11:25:57","slug":"hebergement-majorque","status":"publish","type":"product","link":"https:\/\/stagpartynight.com\/fr\/product\/hebergement-majorque\/","title":{"rendered":"H\u00e9bergement Majorque"},"content":{"rendered":"<p>H\u00e9bergement Majorque. D\u00e9couvrez l&#8217;offre d&#8217;appartements et d&#8217;h\u00f4tels touristiques \u00e0 Majorque. Nous nous adaptons \u00e0 vos besoins. Le prix varie en fonction de la p\u00e9riode de l&#8217;ann\u00e9e.<\/p>\n<p>Les meilleurs enterrements de vie de gar\u00e7on avec <a href=\"https:\/\/stagpartynight.com\/\">StagParty<\/a>!<\/p>\n<h2 style=\"text-align: center;\">H\u00e9bergement Majorque<\/h2>\n<h4>\ud83c\udf1f D\u00e9couvrez le Paradis \u00e0 Mallorca avec Nos H\u00e9bergements Exceptionnels!\ud83c\udf34<\/h4>\n<p>\u00c0 la recherche du s\u00e9jour parfait \u00e0 Palma de Mallorca ou Magaluf? Ne cherchez plus! Notre agence vous propose une s\u00e9lection exceptionnelle d&#8217;appartements touristiques et d&#8217;h\u00f4tels, tous class\u00e9s \u00e0 un minimum de trois \u00e9toiles.<\/p>\n<p>\u2728 Pour des Vacances Inoubliables: Nos experts travaillent sans rel\u00e2che pour vous offrir des options d&#8217;h\u00e9bergement qui r\u00e9pondent \u00e0 toutes vos exigences. Que vous recherchiez la tranquillit\u00e9 \u00e0 Palma ou l&#8217;effervescence de Magaluf, nous avons l&#8217;endroit id\u00e9al pour vous.<\/p>\n<p>\ud83c\udfe8 Qualit\u00e9 Garantie: Nous privil\u00e9gions les h\u00e9bergements de qualit\u00e9, assurant un s\u00e9jour confortable et agr\u00e9able. Profitez d&#8217;une atmosph\u00e8re chaleureuse dans des \u00e9tablissements de renom, tous situ\u00e9s dans des emplacements strat\u00e9giques.<\/p>\n<p>\ud83c\udf34 Connaissez-vous la Zone: Avec une connaissance approfondie de la r\u00e9gion, nous personnalisons votre exp\u00e9rience. Que vous souhaitiez la tranquillit\u00e9, la vie nocturne anim\u00e9e, ou que vous ayez besoin de nos services exclusifs dans votre logement, nous avons tout pr\u00e9vu!<\/p>\n<p>R\u00e9servez d\u00e8s maintenant pour une exp\u00e9rience inoubliable \u00e0 <a href=\"https:\/\/es.wikipedia.org\/wiki\/Palma_de_Mallorca\">Mallorca<\/a>!<\/p>\n<p>Laissez-nous faire de vos vacances un moment magique.<\/p>\n<p style=\"text-align: center;\">\ud83c\udf34Prenota ora H\u00e9bergement Majorque\ud83c\udf34<\/p>\n<p>&nbsp;<\/p>\n<p style=\"text-align: center;\">\n","protected":false},"excerpt":{"rendered":"<p>D\u00e9couvrez l&#8217;offre d&#8217;appartements et d&#8217;h\u00f4tels touristiques \u00e0 Majorque. Nous nous adaptons \u00e0 vos besoins. Le prix varie en fonction de la p\u00e9riode de l&#8217;ann\u00e9e.<\/p>\n","protected":false},"featured_media":1819,"comment_status":"open","ping_status":"closed","template":"","meta":{"_et_pb_use_builder":"","_et_pb_old_content":"","_et_gb_content_width":""},"product_brand":[],"product_cat":[504],"product_tag":[517,515,516],"class_list":{"0":"post-1984","1":"product","2":"type-product","3":"status-publish","4":"has-post-thumbnail","6":"product_cat-mallorca","7":"product_tag-appartements-touristiques-a-majorque","8":"product_tag-hebergement-majorque","9":"product_tag-hotels-a-mallorca","11":"first","12":"instock","13":"virtual","14":"product-type-simple"},"yoast_head":"<!-- This site is optimized with the Yoast SEO Premium plugin v27.5 (Yoast SEO v27.5) - https:\/\/yoast.com\/product\/yoast-seo-premium-wordpress\/ -->\n<title>H\u00e9bergement Majorque<\/title>\n<meta name=\"description\" content=\"H\u00e9bergement Majorque. D\u00e9couvrez l&#039;offre d&#039;appartements et d&#039;h\u00f4tels touristiques \u00e0 Majorque. Nous nous adaptons \u00e0 vos besoins.\" \/>\n<meta name=\"robots\" content=\"index, follow, max-snippet:-1, max-image-preview:large, max-video-preview:-1\" \/>\n<link rel=\"canonical\" href=\"https:\/\/stagpartynight.com\/fr\/product\/hebergement-majorque\/\" \/>\n<meta property=\"og:locale\" content=\"en_GB\" \/>\n<meta property=\"og:type\" content=\"article\" \/>\n<meta property=\"og:title\" content=\"H\u00e9bergement Majorque\" \/>\n<meta property=\"og:description\" content=\"H\u00e9bergement Majorque. D\u00e9couvrez l&#039;offre d&#039;appartements et d&#039;h\u00f4tels touristiques \u00e0 Majorque. Nous nous adaptons \u00e0 vos besoins.\" \/>\n<meta property=\"og:url\" content=\"https:\/\/stagpartynight.com\/fr\/product\/hebergement-majorque\/\" \/>\n<meta property=\"og:site_name\" content=\"Nuit de f\u00eate de cerf\" \/>\n<meta property=\"article:modified_time\" content=\"2024-01-18T11:25:57+00:00\" \/>\n<meta property=\"og:image\" content=\"https:\/\/stagpartynight.com\/fr\/wp-content\/uploads\/sites\/3\/2020\/01\/Villas.jpg\" \/>\n\t<meta property=\"og:image:width\" content=\"640\" \/>\n\t<meta property=\"og:image:height\" content=\"426\" \/>\n\t<meta property=\"og:image:type\" content=\"image\/jpeg\" \/>\n<meta name=\"twitter:card\" content=\"summary_large_image\" \/>\n<meta name=\"twitter:label1\" content=\"Estimated reading time\" \/>\n\t<meta name=\"twitter:data1\" content=\"1 minute\" \/>\n<script type=\"application\/ld+json\" class=\"yoast-schema-graph\">{\"@context\":\"https:\\\/\\\/schema.org\",\"@graph\":[{\"@type\":\"WebPage\",\"@id\":\"https:\\\/\\\/stagpartynight.com\\\/fr\\\/product\\\/hebergement-majorque\\\/\",\"url\":\"https:\\\/\\\/stagpartynight.com\\\/fr\\\/product\\\/hebergement-majorque\\\/\",\"name\":\"H\u00e9bergement Majorque\",\"isPartOf\":{\"@id\":\"https:\\\/\\\/stagpartynight.com\\\/fr\\\/#website\"},\"primaryImageOfPage\":{\"@id\":\"https:\\\/\\\/stagpartynight.com\\\/fr\\\/product\\\/hebergement-majorque\\\/#primaryimage\"},\"image\":{\"@id\":\"https:\\\/\\\/stagpartynight.com\\\/fr\\\/product\\\/hebergement-majorque\\\/#primaryimage\"},\"thumbnailUrl\":\"https:\\\/\\\/stagpartynight.com\\\/fr\\\/wp-content\\\/uploads\\\/sites\\\/3\\\/2020\\\/01\\\/Villas.jpg\",\"datePublished\":\"2021-02-05T10:35:33+00:00\",\"dateModified\":\"2024-01-18T11:25:57+00:00\",\"description\":\"H\u00e9bergement Majorque. D\u00e9couvrez l'offre d'appartements et d'h\u00f4tels touristiques \u00e0 Majorque. Nous nous adaptons \u00e0 vos besoins.\",\"breadcrumb\":{\"@id\":\"https:\\\/\\\/stagpartynight.com\\\/fr\\\/product\\\/hebergement-majorque\\\/#breadcrumb\"},\"inLanguage\":\"en-GB\",\"potentialAction\":[{\"@type\":\"ReadAction\",\"target\":[\"https:\\\/\\\/stagpartynight.com\\\/fr\\\/product\\\/hebergement-majorque\\\/\"]}]},{\"@type\":\"ImageObject\",\"inLanguage\":\"en-GB\",\"@id\":\"https:\\\/\\\/stagpartynight.com\\\/fr\\\/product\\\/hebergement-majorque\\\/#primaryimage\",\"url\":\"https:\\\/\\\/stagpartynight.com\\\/fr\\\/wp-content\\\/uploads\\\/sites\\\/3\\\/2020\\\/01\\\/Villas.jpg\",\"contentUrl\":\"https:\\\/\\\/stagpartynight.com\\\/fr\\\/wp-content\\\/uploads\\\/sites\\\/3\\\/2020\\\/01\\\/Villas.jpg\",\"width\":640,\"height\":426,\"caption\":\"H\u00e9bergement Majorque\"},{\"@type\":\"BreadcrumbList\",\"@id\":\"https:\\\/\\\/stagpartynight.com\\\/fr\\\/product\\\/hebergement-majorque\\\/#breadcrumb\",\"itemListElement\":[{\"@type\":\"ListItem\",\"position\":1,\"name\":\"Home\",\"item\":\"https:\\\/\\\/stagpartynight.com\\\/fr\\\/\"},{\"@type\":\"ListItem\",\"position\":2,\"name\":\"Tienda\",\"item\":\"https:\\\/\\\/stagpartynight.com\\\/fr\\\/tienda\\\/\"},{\"@type\":\"ListItem\",\"position\":3,\"name\":\"H\u00e9bergement Majorque\"}]},{\"@type\":\"WebSite\",\"@id\":\"https:\\\/\\\/stagpartynight.com\\\/fr\\\/#website\",\"url\":\"https:\\\/\\\/stagpartynight.com\\\/fr\\\/\",\"name\":\"Stag Party Night\",\"description\":\"Your Stag Party Customized\",\"publisher\":{\"@id\":\"https:\\\/\\\/stagpartynight.com\\\/fr\\\/#organization\"},\"potentialAction\":[{\"@type\":\"SearchAction\",\"target\":{\"@type\":\"EntryPoint\",\"urlTemplate\":\"https:\\\/\\\/stagpartynight.com\\\/fr\\\/?s={search_term_string}\"},\"query-input\":{\"@type\":\"PropertyValueSpecification\",\"valueRequired\":true,\"valueName\":\"search_term_string\"}}],\"inLanguage\":\"en-GB\"},{\"@type\":\"Organization\",\"@id\":\"https:\\\/\\\/stagpartynight.com\\\/fr\\\/#organization\",\"name\":\"Stag Party Night\",\"url\":\"https:\\\/\\\/stagpartynight.com\\\/fr\\\/\",\"logo\":{\"@type\":\"ImageObject\",\"inLanguage\":\"en-GB\",\"@id\":\"https:\\\/\\\/stagpartynight.com\\\/fr\\\/#\\\/schema\\\/logo\\\/image\\\/\",\"url\":\"https:\\\/\\\/stagpartynight.com\\\/fr\\\/wp-content\\\/uploads\\\/sites\\\/3\\\/2019\\\/12\\\/stagpartynight-e1578565505687.png\",\"contentUrl\":\"https:\\\/\\\/stagpartynight.com\\\/fr\\\/wp-content\\\/uploads\\\/sites\\\/3\\\/2019\\\/12\\\/stagpartynight-e1578565505687.png\",\"width\":400,\"height\":400,\"caption\":\"Stag Party Night\"},\"image\":{\"@id\":\"https:\\\/\\\/stagpartynight.com\\\/fr\\\/#\\\/schema\\\/logo\\\/image\\\/\"}}]}<\/script>\n<!-- \/ Yoast SEO Premium plugin. -->","yoast_head_json":{"title":"H\u00e9bergement Majorque","description":"H\u00e9bergement Majorque. D\u00e9couvrez l'offre d'appartements et d'h\u00f4tels touristiques \u00e0 Majorque. Nous nous adaptons \u00e0 vos besoins.","robots":{"index":"index","follow":"follow","max-snippet":"max-snippet:-1","max-image-preview":"max-image-preview:large","max-video-preview":"max-video-preview:-1"},"canonical":"https:\/\/stagpartynight.com\/fr\/product\/hebergement-majorque\/","og_locale":"en_GB","og_type":"article","og_title":"H\u00e9bergement Majorque","og_description":"H\u00e9bergement Majorque. D\u00e9couvrez l'offre d'appartements et d'h\u00f4tels touristiques \u00e0 Majorque. Nous nous adaptons \u00e0 vos besoins.","og_url":"https:\/\/stagpartynight.com\/fr\/product\/hebergement-majorque\/","og_site_name":"Nuit de f\u00eate de cerf","article_modified_time":"2024-01-18T11:25:57+00:00","og_image":[{"width":640,"height":426,"url":"https:\/\/stagpartynight.com\/fr\/wp-content\/uploads\/sites\/3\/2020\/01\/Villas.jpg","type":"image\/jpeg"}],"twitter_card":"summary_large_image","twitter_misc":{"Estimated reading time":"1 minute"},"schema":{"@context":"https:\/\/schema.org","@graph":[{"@type":"WebPage","@id":"https:\/\/stagpartynight.com\/fr\/product\/hebergement-majorque\/","url":"https:\/\/stagpartynight.com\/fr\/product\/hebergement-majorque\/","name":"H\u00e9bergement Majorque","isPartOf":{"@id":"https:\/\/stagpartynight.com\/fr\/#website"},"primaryImageOfPage":{"@id":"https:\/\/stagpartynight.com\/fr\/product\/hebergement-majorque\/#primaryimage"},"image":{"@id":"https:\/\/stagpartynight.com\/fr\/product\/hebergement-majorque\/#primaryimage"},"thumbnailUrl":"https:\/\/stagpartynight.com\/fr\/wp-content\/uploads\/sites\/3\/2020\/01\/Villas.jpg","datePublished":"2021-02-05T10:35:33+00:00","dateModified":"2024-01-18T11:25:57+00:00","description":"H\u00e9bergement Majorque. D\u00e9couvrez l'offre d'appartements et d'h\u00f4tels touristiques \u00e0 Majorque. Nous nous adaptons \u00e0 vos besoins.","breadcrumb":{"@id":"https:\/\/stagpartynight.com\/fr\/product\/hebergement-majorque\/#breadcrumb"},"inLanguage":"en-GB","potentialAction":[{"@type":"ReadAction","target":["https:\/\/stagpartynight.com\/fr\/product\/hebergement-majorque\/"]}]},{"@type":"ImageObject","inLanguage":"en-GB","@id":"https:\/\/stagpartynight.com\/fr\/product\/hebergement-majorque\/#primaryimage","url":"https:\/\/stagpartynight.com\/fr\/wp-content\/uploads\/sites\/3\/2020\/01\/Villas.jpg","contentUrl":"https:\/\/stagpartynight.com\/fr\/wp-content\/uploads\/sites\/3\/2020\/01\/Villas.jpg","width":640,"height":426,"caption":"H\u00e9bergement Majorque"},{"@type":"BreadcrumbList","@id":"https:\/\/stagpartynight.com\/fr\/product\/hebergement-majorque\/#breadcrumb","itemListElement":[{"@type":"ListItem","position":1,"name":"Home","item":"https:\/\/stagpartynight.com\/fr\/"},{"@type":"ListItem","position":2,"name":"Tienda","item":"https:\/\/stagpartynight.com\/fr\/tienda\/"},{"@type":"ListItem","position":3,"name":"H\u00e9bergement Majorque"}]},{"@type":"WebSite","@id":"https:\/\/stagpartynight.com\/fr\/#website","url":"https:\/\/stagpartynight.com\/fr\/","name":"Stag Party Night","description":"Your Stag Party Customized","publisher":{"@id":"https:\/\/stagpartynight.com\/fr\/#organization"},"potentialAction":[{"@type":"SearchAction","target":{"@type":"EntryPoint","urlTemplate":"https:\/\/stagpartynight.com\/fr\/?s={search_term_string}"},"query-input":{"@type":"PropertyValueSpecification","valueRequired":true,"valueName":"search_term_string"}}],"inLanguage":"en-GB"},{"@type":"Organization","@id":"https:\/\/stagpartynight.com\/fr\/#organization","name":"Stag Party Night","url":"https:\/\/stagpartynight.com\/fr\/","logo":{"@type":"ImageObject","inLanguage":"en-GB","@id":"https:\/\/stagpartynight.com\/fr\/#\/schema\/logo\/image\/","url":"https:\/\/stagpartynight.com\/fr\/wp-content\/uploads\/sites\/3\/2019\/12\/stagpartynight-e1578565505687.png","contentUrl":"https:\/\/stagpartynight.com\/fr\/wp-content\/uploads\/sites\/3\/2019\/12\/stagpartynight-e1578565505687.png","width":400,"height":400,"caption":"Stag Party Night"},"image":{"@id":"https:\/\/stagpartynight.com\/fr\/#\/schema\/logo\/image\/"}}]}},"_links":{"self":[{"href":"https:\/\/stagpartynight.com\/fr\/wp-json\/wp\/v2\/product\/1984","targetHints":{"allow":["GET"]}}],"collection":[{"href":"https:\/\/stagpartynight.com\/fr\/wp-json\/wp\/v2\/product"}],"about":[{"href":"https:\/\/stagpartynight.com\/fr\/wp-json\/wp\/v2\/types\/product"}],"replies":[{"embeddable":true,"href":"https:\/\/stagpartynight.com\/fr\/wp-json\/wp\/v2\/comments?post=1984"}],"wp:featuredmedia":[{"embeddable":true,"href":"https:\/\/stagpartynight.com\/fr\/wp-json\/wp\/v2\/media\/1819"}],"wp:attachment":[{"href":"https:\/\/stagpartynight.com\/fr\/wp-json\/wp\/v2\/media?parent=1984"}],"wp:term":[{"taxonomy":"product_brand","embeddable":true,"href":"https:\/\/stagpartynight.com\/fr\/wp-json\/wp\/v2\/product_brand?post=1984"},{"taxonomy":"product_cat","embeddable":true,"href":"https:\/\/stagpartynight.com\/fr\/wp-json\/wp\/v2\/product_cat?post=1984"},{"taxonomy":"product_tag","embeddable":true,"href":"https:\/\/stagpartynight.com\/fr\/wp-json\/wp\/v2\/product_tag?post=1984"}],"curies":[{"name":"wp","href":"https:\/\/api.w.org\/{rel}","templated":true}]}}