{"id":1987,"date":"2021-02-05T11:45:16","date_gmt":"2021-02-05T10:45:16","guid":{"rendered":"https:\/\/stagpartynight.com\/fr\/?post_type=product&#038;p=1987"},"modified":"2024-01-18T12:25:56","modified_gmt":"2024-01-18T11:25:56","slug":"fete-du-bateau-a-majorque","status":"publish","type":"product","link":"https:\/\/stagpartynight.com\/fr\/product\/fete-du-bateau-a-majorque\/","title":{"rendered":"F\u00eate du bateau \u00e0 Majorque"},"content":{"rendered":"<p>F\u00eate du bateau \u00e0 Majorque.<\/p>\n<p>Les meilleurs enterrements de vie de gar\u00e7on\u00a0 avec <a href=\"https:\/\/stagpartynight.com\/\">StagParty<\/a>!<\/p>\n<h2 style=\"text-align: center;\">F\u00eate du bateau \u00e0 Majorque\ud83d\udea4<\/h2>\n<h5>\ud83c\udf1e F\u00eate en Mer \u00c9clatante \u00e0 Palma de Majorque! \ud83d\udea2<\/h5>\n<p>\ud83c\udf89 Pr\u00e9parez-vous \u00e0 une journ\u00e9e sensationnelle avec notre croisi\u00e8re en bateau au c\u0153ur de l&#8217;apr\u00e8s-midi \u00e0 Palma de Majorque! \u26f5 Embarquez pour une aventure de trois heures, naviguant sous le soleil \u00e9clatant avec une ambiance festive \u00e0 bord.<\/p>\n<p>\ud83c\udf7d\ufe0f R\u00e9galez vos papilles avec notre buffet m\u00e9diterran\u00e9en de premi\u00e8re classe. Accompagn\u00e9 de bi\u00e8re, de sangria et de rafra\u00eechissements pour satisfaire votre soif en plein soleil.<\/p>\n<p>\ud83c\udfb6 Dansez au rythme des beats de notre DJ! Cr\u00e9ant une ambiance enjou\u00e9e pour vous faire bouger tout au long de la journ\u00e9e. \ud83d\udd7a<\/p>\n<p>\ud83c\udf0a Pr\u00e9voyez une halte en haute mer, une opportunit\u00e9 parfaite pour ceux qui souhaitent plonger dans les eaux cristallines de Palma et se rafra\u00eechir. \ud83c\udfca<\/p>\n<p>\ud83d\udcf8 Pour immortaliser chaque moment, un photographe professionnel sera \u00e0 bord pour capturer vos sourires et vos \u00e9clats de rire pendant cette journ\u00e9e inoubliable.<\/p>\n<p>\ud83c\udf1f R\u00e9servez d\u00e8s maintenant votre place pour la Croisi\u00e8re la plus Anim\u00e9e de Palma!<\/p>\n<p>\ud83c\udf1e Ne manquez pas cette chance unique de profiter du soleil, de la musique entra\u00eenante, des saveurs d\u00e9licieuses, et de l&#8217;amusement \u00e0 profusion. Embarquez pour une journ\u00e9e magique en mer \u00e0<a href=\"https:\/\/es.wikipedia.org\/wiki\/Palma_de_Mallorca\"> Palma de Majorque<\/a>! \ud83c\udf0a<\/p>\n","protected":false},"excerpt":{"rendered":"<p>F\u00eate sur un catamaran avec plus de groupes. DJ, open bar, barbecue et animation inclus. Arr\u00eats \u00e0 la mer M\u00e9diterran\u00e9e. Disponible de mai \u00e0 la mi-octobre. Maximum 80 places.<\/p>\n","protected":false},"featured_media":1328,"comment_status":"open","ping_status":"closed","template":"","meta":{"_et_pb_use_builder":"","_et_pb_old_content":"","_et_gb_content_width":""},"product_brand":[],"product_cat":[504],"product_tag":[522,523,524],"class_list":{"0":"post-1987","1":"product","2":"type-product","3":"status-publish","4":"has-post-thumbnail","6":"product_cat-mallorca","7":"product_tag-fete-du-bateau-a-majorque","8":"product_tag-majorque-boat-party","9":"product_tag-mallorca-boat-party","11":"first","12":"instock","13":"virtual","14":"product-type-simple"},"yoast_head":"<!-- This site is optimized with the Yoast SEO plugin v26.4 - https:\/\/yoast.com\/wordpress\/plugins\/seo\/ -->\n<title>F\u00eate du bateau \u00e0 Majorque<\/title>\n<meta name=\"description\" content=\"F\u00eate du Bateau \u00e0 Majorque - F\u00eate sur un catamaran avec plus de groupes. DJ, open bar, barbecue et animation inclus. Arr\u00eats \u00e0 la mer M\u00e9diterran\u00e9e.\" \/>\n<meta name=\"robots\" content=\"index, follow, max-snippet:-1, max-image-preview:large, max-video-preview:-1\" \/>\n<link rel=\"canonical\" href=\"https:\/\/stagpartynight.com\/fr\/product\/fete-du-bateau-a-majorque\/\" \/>\n<meta property=\"og:locale\" content=\"en_GB\" \/>\n<meta property=\"og:type\" content=\"article\" \/>\n<meta property=\"og:title\" content=\"F\u00eate du bateau \u00e0 Majorque\" \/>\n<meta property=\"og:description\" content=\"F\u00eate du Bateau \u00e0 Majorque - F\u00eate sur un catamaran avec plus de groupes. DJ, open bar, barbecue et animation inclus. Arr\u00eats \u00e0 la mer M\u00e9diterran\u00e9e.\" \/>\n<meta property=\"og:url\" content=\"https:\/\/stagpartynight.com\/fr\/product\/fete-du-bateau-a-majorque\/\" \/>\n<meta property=\"og:site_name\" content=\"Nuit de f\u00eate de cerf\" \/>\n<meta property=\"article:modified_time\" content=\"2024-01-18T11:25:56+00:00\" \/>\n<meta property=\"og:image\" content=\"https:\/\/stagpartynight.com\/fr\/wp-content\/uploads\/sites\/3\/2020\/09\/Party-Boat.jpeg\" \/>\n\t<meta property=\"og:image:width\" content=\"720\" \/>\n\t<meta property=\"og:image:height\" content=\"935\" \/>\n\t<meta property=\"og:image:type\" content=\"image\/jpeg\" \/>\n<meta name=\"twitter:card\" content=\"summary_large_image\" \/>\n<meta name=\"twitter:label1\" content=\"Estimated reading time\" \/>\n\t<meta name=\"twitter:data1\" content=\"1 minute\" \/>\n<script type=\"application\/ld+json\" class=\"yoast-schema-graph\">{\"@context\":\"https:\/\/schema.org\",\"@graph\":[{\"@type\":\"WebPage\",\"@id\":\"https:\/\/stagpartynight.com\/fr\/product\/fete-du-bateau-a-majorque\/\",\"url\":\"https:\/\/stagpartynight.com\/fr\/product\/fete-du-bateau-a-majorque\/\",\"name\":\"F\u00eate du bateau \u00e0 Majorque\",\"isPartOf\":{\"@id\":\"https:\/\/stagpartynight.com\/fr\/#website\"},\"primaryImageOfPage\":{\"@id\":\"https:\/\/stagpartynight.com\/fr\/product\/fete-du-bateau-a-majorque\/#primaryimage\"},\"image\":{\"@id\":\"https:\/\/stagpartynight.com\/fr\/product\/fete-du-bateau-a-majorque\/#primaryimage\"},\"thumbnailUrl\":\"https:\/\/stagpartynight.com\/fr\/wp-content\/uploads\/sites\/3\/2020\/09\/Party-Boat.jpeg\",\"datePublished\":\"2021-02-05T10:45:16+00:00\",\"dateModified\":\"2024-01-18T11:25:56+00:00\",\"description\":\"F\u00eate du Bateau \u00e0 Majorque - F\u00eate sur un catamaran avec plus de groupes. DJ, open bar, barbecue et animation inclus. Arr\u00eats \u00e0 la mer M\u00e9diterran\u00e9e.\",\"breadcrumb\":{\"@id\":\"https:\/\/stagpartynight.com\/fr\/product\/fete-du-bateau-a-majorque\/#breadcrumb\"},\"inLanguage\":\"en-GB\",\"potentialAction\":[{\"@type\":\"ReadAction\",\"target\":[\"https:\/\/stagpartynight.com\/fr\/product\/fete-du-bateau-a-majorque\/\"]}]},{\"@type\":\"ImageObject\",\"inLanguage\":\"en-GB\",\"@id\":\"https:\/\/stagpartynight.com\/fr\/product\/fete-du-bateau-a-majorque\/#primaryimage\",\"url\":\"https:\/\/stagpartynight.com\/fr\/wp-content\/uploads\/sites\/3\/2020\/09\/Party-Boat.jpeg\",\"contentUrl\":\"https:\/\/stagpartynight.com\/fr\/wp-content\/uploads\/sites\/3\/2020\/09\/Party-Boat.jpeg\",\"width\":720,\"height\":935,\"caption\":\"F\u00eate du bateau \u00e0 Majorque\"},{\"@type\":\"BreadcrumbList\",\"@id\":\"https:\/\/stagpartynight.com\/fr\/product\/fete-du-bateau-a-majorque\/#breadcrumb\",\"itemListElement\":[{\"@type\":\"ListItem\",\"position\":1,\"name\":\"Home\",\"item\":\"https:\/\/stagpartynight.com\/fr\/\"},{\"@type\":\"ListItem\",\"position\":2,\"name\":\"Tienda\",\"item\":\"https:\/\/stagpartynight.com\/fr\/tienda\/\"},{\"@type\":\"ListItem\",\"position\":3,\"name\":\"F\u00eate du bateau \u00e0 Majorque\"}]},{\"@type\":\"WebSite\",\"@id\":\"https:\/\/stagpartynight.com\/fr\/#website\",\"url\":\"https:\/\/stagpartynight.com\/fr\/\",\"name\":\"Stag Party Night\",\"description\":\"Your Stag Party Customized\",\"publisher\":{\"@id\":\"https:\/\/stagpartynight.com\/fr\/#organization\"},\"potentialAction\":[{\"@type\":\"SearchAction\",\"target\":{\"@type\":\"EntryPoint\",\"urlTemplate\":\"https:\/\/stagpartynight.com\/fr\/?s={search_term_string}\"},\"query-input\":{\"@type\":\"PropertyValueSpecification\",\"valueRequired\":true,\"valueName\":\"search_term_string\"}}],\"inLanguage\":\"en-GB\"},{\"@type\":\"Organization\",\"@id\":\"https:\/\/stagpartynight.com\/fr\/#organization\",\"name\":\"Stag Party Night\",\"url\":\"https:\/\/stagpartynight.com\/fr\/\",\"logo\":{\"@type\":\"ImageObject\",\"inLanguage\":\"en-GB\",\"@id\":\"https:\/\/stagpartynight.com\/fr\/#\/schema\/logo\/image\/\",\"url\":\"https:\/\/stagpartynight.com\/fr\/wp-content\/uploads\/sites\/3\/2019\/12\/stagpartynight-e1578565505687.png\",\"contentUrl\":\"https:\/\/stagpartynight.com\/fr\/wp-content\/uploads\/sites\/3\/2019\/12\/stagpartynight-e1578565505687.png\",\"width\":400,\"height\":400,\"caption\":\"Stag Party Night\"},\"image\":{\"@id\":\"https:\/\/stagpartynight.com\/fr\/#\/schema\/logo\/image\/\"}}]}<\/script>\n<!-- \/ Yoast SEO plugin. -->","yoast_head_json":{"title":"F\u00eate du bateau \u00e0 Majorque","description":"F\u00eate du Bateau \u00e0 Majorque - F\u00eate sur un catamaran avec plus de groupes. DJ, open bar, barbecue et animation inclus. Arr\u00eats \u00e0 la mer M\u00e9diterran\u00e9e.","robots":{"index":"index","follow":"follow","max-snippet":"max-snippet:-1","max-image-preview":"max-image-preview:large","max-video-preview":"max-video-preview:-1"},"canonical":"https:\/\/stagpartynight.com\/fr\/product\/fete-du-bateau-a-majorque\/","og_locale":"en_GB","og_type":"article","og_title":"F\u00eate du bateau \u00e0 Majorque","og_description":"F\u00eate du Bateau \u00e0 Majorque - F\u00eate sur un catamaran avec plus de groupes. DJ, open bar, barbecue et animation inclus. Arr\u00eats \u00e0 la mer M\u00e9diterran\u00e9e.","og_url":"https:\/\/stagpartynight.com\/fr\/product\/fete-du-bateau-a-majorque\/","og_site_name":"Nuit de f\u00eate de cerf","article_modified_time":"2024-01-18T11:25:56+00:00","og_image":[{"width":720,"height":935,"url":"https:\/\/stagpartynight.com\/fr\/wp-content\/uploads\/sites\/3\/2020\/09\/Party-Boat.jpeg","type":"image\/jpeg"}],"twitter_card":"summary_large_image","twitter_misc":{"Estimated reading time":"1 minute"},"schema":{"@context":"https:\/\/schema.org","@graph":[{"@type":"WebPage","@id":"https:\/\/stagpartynight.com\/fr\/product\/fete-du-bateau-a-majorque\/","url":"https:\/\/stagpartynight.com\/fr\/product\/fete-du-bateau-a-majorque\/","name":"F\u00eate du bateau \u00e0 Majorque","isPartOf":{"@id":"https:\/\/stagpartynight.com\/fr\/#website"},"primaryImageOfPage":{"@id":"https:\/\/stagpartynight.com\/fr\/product\/fete-du-bateau-a-majorque\/#primaryimage"},"image":{"@id":"https:\/\/stagpartynight.com\/fr\/product\/fete-du-bateau-a-majorque\/#primaryimage"},"thumbnailUrl":"https:\/\/stagpartynight.com\/fr\/wp-content\/uploads\/sites\/3\/2020\/09\/Party-Boat.jpeg","datePublished":"2021-02-05T10:45:16+00:00","dateModified":"2024-01-18T11:25:56+00:00","description":"F\u00eate du Bateau \u00e0 Majorque - F\u00eate sur un catamaran avec plus de groupes. DJ, open bar, barbecue et animation inclus. Arr\u00eats \u00e0 la mer M\u00e9diterran\u00e9e.","breadcrumb":{"@id":"https:\/\/stagpartynight.com\/fr\/product\/fete-du-bateau-a-majorque\/#breadcrumb"},"inLanguage":"en-GB","potentialAction":[{"@type":"ReadAction","target":["https:\/\/stagpartynight.com\/fr\/product\/fete-du-bateau-a-majorque\/"]}]},{"@type":"ImageObject","inLanguage":"en-GB","@id":"https:\/\/stagpartynight.com\/fr\/product\/fete-du-bateau-a-majorque\/#primaryimage","url":"https:\/\/stagpartynight.com\/fr\/wp-content\/uploads\/sites\/3\/2020\/09\/Party-Boat.jpeg","contentUrl":"https:\/\/stagpartynight.com\/fr\/wp-content\/uploads\/sites\/3\/2020\/09\/Party-Boat.jpeg","width":720,"height":935,"caption":"F\u00eate du bateau \u00e0 Majorque"},{"@type":"BreadcrumbList","@id":"https:\/\/stagpartynight.com\/fr\/product\/fete-du-bateau-a-majorque\/#breadcrumb","itemListElement":[{"@type":"ListItem","position":1,"name":"Home","item":"https:\/\/stagpartynight.com\/fr\/"},{"@type":"ListItem","position":2,"name":"Tienda","item":"https:\/\/stagpartynight.com\/fr\/tienda\/"},{"@type":"ListItem","position":3,"name":"F\u00eate du bateau \u00e0 Majorque"}]},{"@type":"WebSite","@id":"https:\/\/stagpartynight.com\/fr\/#website","url":"https:\/\/stagpartynight.com\/fr\/","name":"Stag Party Night","description":"Your Stag Party Customized","publisher":{"@id":"https:\/\/stagpartynight.com\/fr\/#organization"},"potentialAction":[{"@type":"SearchAction","target":{"@type":"EntryPoint","urlTemplate":"https:\/\/stagpartynight.com\/fr\/?s={search_term_string}"},"query-input":{"@type":"PropertyValueSpecification","valueRequired":true,"valueName":"search_term_string"}}],"inLanguage":"en-GB"},{"@type":"Organization","@id":"https:\/\/stagpartynight.com\/fr\/#organization","name":"Stag Party Night","url":"https:\/\/stagpartynight.com\/fr\/","logo":{"@type":"ImageObject","inLanguage":"en-GB","@id":"https:\/\/stagpartynight.com\/fr\/#\/schema\/logo\/image\/","url":"https:\/\/stagpartynight.com\/fr\/wp-content\/uploads\/sites\/3\/2019\/12\/stagpartynight-e1578565505687.png","contentUrl":"https:\/\/stagpartynight.com\/fr\/wp-content\/uploads\/sites\/3\/2019\/12\/stagpartynight-e1578565505687.png","width":400,"height":400,"caption":"Stag Party Night"},"image":{"@id":"https:\/\/stagpartynight.com\/fr\/#\/schema\/logo\/image\/"}}]}},"_links":{"self":[{"href":"https:\/\/stagpartynight.com\/fr\/wp-json\/wp\/v2\/product\/1987","targetHints":{"allow":["GET"]}}],"collection":[{"href":"https:\/\/stagpartynight.com\/fr\/wp-json\/wp\/v2\/product"}],"about":[{"href":"https:\/\/stagpartynight.com\/fr\/wp-json\/wp\/v2\/types\/product"}],"replies":[{"embeddable":true,"href":"https:\/\/stagpartynight.com\/fr\/wp-json\/wp\/v2\/comments?post=1987"}],"wp:featuredmedia":[{"embeddable":true,"href":"https:\/\/stagpartynight.com\/fr\/wp-json\/wp\/v2\/media\/1328"}],"wp:attachment":[{"href":"https:\/\/stagpartynight.com\/fr\/wp-json\/wp\/v2\/media?parent=1987"}],"wp:term":[{"taxonomy":"product_brand","embeddable":true,"href":"https:\/\/stagpartynight.com\/fr\/wp-json\/wp\/v2\/product_brand?post=1987"},{"taxonomy":"product_cat","embeddable":true,"href":"https:\/\/stagpartynight.com\/fr\/wp-json\/wp\/v2\/product_cat?post=1987"},{"taxonomy":"product_tag","embeddable":true,"href":"https:\/\/stagpartynight.com\/fr\/wp-json\/wp\/v2\/product_tag?post=1987"}],"curies":[{"name":"wp","href":"https:\/\/api.w.org\/{rel}","templated":true}]}}